{"id":15717,"date":"2024-05-17T13:34:25","date_gmt":"2024-05-17T13:34:25","guid":{"rendered":"https:\/\/mikariyer.com\/?page_id=15717"},"modified":"2024-10-02T16:55:22","modified_gmt":"2024-10-02T16:55:22","slug":"egitim","status":"publish","type":"page","link":"https:\/\/mikariyer.com\/ar\/egitim\/","title":{"rendered":"\u0627\u0644\u062a\u0639\u0644\u064a\u0645"},"content":{"rendered":"<div data-elementor-type=\"wp-page\" data-elementor-id=\"15717\" class=\"elementor elementor-15717\" data-elementor-post-type=\"page\">\n\t\t\t\t<div class=\"elementor-element elementor-element-87764ba e-con-full e-flex e-con e-parent\" data-id=\"87764ba\" data-element_type=\"container\">\n\t\t<div class=\"elementor-element elementor-element-5049e79 e-con-full e-flex e-con e-child\" data-id=\"5049e79\" data-element_type=\"container\">\n\t\t\t\t<div class=\"elementor-element elementor-element-8679d2d elementor-widget elementor-widget-shortcode\" data-id=\"8679d2d\" data-element_type=\"widget\" data-widget_type=\"shortcode.default\">\n\t\t\t\t<div class=\"elementor-widget-container\">\n\t\t\t\t\t\t\t<div class=\"elementor-shortcode\">\t\t<div data-elementor-type=\"single-post\" data-elementor-id=\"16105\" class=\"elementor elementor-16105\" data-elementor-post-type=\"elementor_library\">\n\t\t\t<div class=\"elementor-element elementor-element-a1ba1ad elementor-hidden-mobile e-flex e-con-boxed e-con e-parent\" data-id=\"a1ba1ad\" data-element_type=\"container\" data-settings=\"{&quot;background_background&quot;:&quot;classic&quot;}\">\n\t\t\t\t\t<div class=\"e-con-inner\">\n\t\t<div class=\"elementor-element elementor-element-0ebb07d e-con-full e-flex e-con e-child\" data-id=\"0ebb07d\" data-element_type=\"container\" data-settings=\"{&quot;background_background&quot;:&quot;classic&quot;}\">\n\t\t\t\t<div class=\"elementor-element elementor-element-876b9ab elementor-widget elementor-widget-infetech_elementor_heading\" data-id=\"876b9ab\" data-element_type=\"widget\" data-widget_type=\"infetech_elementor_heading.default\">\n\t\t\t\t<div class=\"elementor-widget-container\">\n\t\t\t\t\t\n\t\t\t<div class=\"ova-heading\">\n\t\t\t\t\n\t\t\t\t\n\t\t\t\t\n\t\t\t\t\t<h3 class=\"title\">\t\t\t\t\t\t\t\t\t\t\t\t\t<a href=\"https:\/\/mikariyer.com\/ar\/egitim\/\" title=\"\">\u0627\u0644\u062a\u0639\u0644\u064a\u0645<\/a>\n\t\t\t\t\t\t\t\t\t\t\t<\/h3>\n                \n                \n\t\t\t<\/div>\n\n\t\t\t\t\t\t<\/div>\n\t\t\t\t<\/div>\n\t\t\t\t<div class=\"elementor-element elementor-element-2a2e1b4 elementor-nav-menu__text-align-aside elementor-widget elementor-widget-nav-menu\" data-id=\"2a2e1b4\" data-element_type=\"widget\" data-settings=\"{&quot;layout&quot;:&quot;dropdown&quot;,&quot;submenu_icon&quot;:{&quot;value&quot;:&quot;&lt;svg class=\\&quot;e-font-icon-svg e-fas-caret-down\\&quot; viewBox=\\&quot;0 0 320 512\\&quot; xmlns=\\&quot;http:\\\/\\\/www.w3.org\\\/2000\\\/svg\\&quot;&gt;&lt;path d=\\&quot;M31.3 192h257.3c17.8 0 26.7 21.5 14.1 34.1L174.1 354.8c-7.8 7.8-20.5 7.8-28.3 0L17.2 226.1C4.6 213.5 13.5 192 31.3 192z\\&quot;&gt;&lt;\\\/path&gt;&lt;\\\/svg&gt;&quot;,&quot;library&quot;:&quot;fa-solid&quot;}}\" data-widget_type=\"nav-menu.default\">\n\t\t\t\t<div class=\"elementor-widget-container\">\n\t\t\t\t\t\t\t\t<nav class=\"elementor-nav-menu--dropdown elementor-nav-menu__container\" aria-hidden=\"true\">\n\t\t\t\t<ul id=\"menu-2-2a2e1b4\" class=\"elementor-nav-menu\"><li class=\"menu-item menu-item-type-post_type menu-item-object-page menu-item-15859\"><a href=\"https:\/\/mikariyer.com\/ar\/egitim\/lisans-egitimi\/\" class=\"elementor-item\" tabindex=\"-1\">\u0627\u0644\u062a\u0639\u0644\u064a\u0645 \u0627\u0644\u062c\u0627\u0645\u0639\u064a<\/a><\/li>\n<li class=\"menu-item menu-item-type-post_type menu-item-object-page menu-item-15860\"><a href=\"https:\/\/mikariyer.com\/ar\/egitim\/master-egitimi\/\" class=\"elementor-item\" tabindex=\"-1\">\u0627\u0644\u062a\u062f\u0631\u064a\u0628 \u0627\u0644\u0631\u0626\u064a\u0633\u064a<\/a><\/li>\n<\/ul>\t\t\t<\/nav>\n\t\t\t\t\t\t<\/div>\n\t\t\t\t<\/div>\n\t\t\t\t<div class=\"elementor-element elementor-element-e4684e7 elementor-widget elementor-widget-infetech_elementor_heading\" data-id=\"e4684e7\" data-element_type=\"widget\" data-widget_type=\"infetech_elementor_heading.default\">\n\t\t\t\t<div class=\"elementor-widget-container\">\n\t\t\t\t\t\n\t\t\t<div class=\"ova-heading\">\n\t\t\t\t\n\t\t\t\t\t\t\t\t\t<h2 class=\"sub-title\">\n\t\t\t\t\t\t<span class=\"underlined\"><\/span>\n\t\t\t\t\t\tMiCareer\t\t\t\t\t<\/h2>\t\n\t\t\t\t\n\t\t\t\t\n\t\t\t\t\t<h3 class=\"title\">\t\t\t\t\t\t\t\t\t\t\t\t\t<a href=\"https:\/\/mikariyer.com\/ar\/iletisim\/\" title=\"\">\u0627\u062a\u0635\u0644 \u0628\u0646\u0627<\/a>\n\t\t\t\t\t\t\t\t\t\t\t<\/h3>\n                \n                \n\t\t\t<\/div>\n\n\t\t\t\t\t\t<\/div>\n\t\t\t\t<\/div>\n\t\t\t\t<div class=\"elementor-element elementor-element-e533907 elementor-widget elementor-widget-infetech_elementor_contact_info\" data-id=\"e533907\" data-element_type=\"widget\" data-widget_type=\"infetech_elementor_contact_info.default\">\n\t\t\t\t<div class=\"elementor-widget-container\">\n\t\t\t\t\t\t\t\t<div class=\"ova-contact-info template2\">\n\t\t\t\t\n\t\t\t\t\t\t\t\t\t\t\t\t\t\t\t<div class=\"circle\">\n\t\t\t\t\t\t\t<div class=\"icon\">\n\t\t\t\t\t\t\t\t<i class=\"ovaicon ovaicon-phone-call\"><\/i>\n\t\t\t\t\t\t\t<\/div>\n\t\t\t\t\t\t<\/div>\t\n\t\t\t\t    \t\t\t    \t\t\t\t\n\t\t\t\t<div class=\"contact\">\n\t\t\t\t\t\n\t\t\t\t\t\t\t\t\t\t\t<div class=\"label\">\n\t\t\t\t\t\t\t\u0631\u0642\u0645 \u0627\u0644\u0627\u062a\u0635\u0627\u0644\t\t\t\t\t\t<\/div>\n\t\t\t\t\t\n\t\t\t\t\t<ul class=\"info\">\n\t\t\t\t\t\t\t\t\t\t\t\t\t<li class=\"item\">\n\n\t\t\t\t\t\t\t\t<a href=\"https:\/\/wa.me\/4917684915411\" title=\"+ 49 17684915411\">+ 49 17684915411<\/a>\t\t\t\t\t\t\t<\/li>\n\t\t\t\t\t\t\t\t\t\t\t<\/ul>\n\n\t\t\t\t<\/div>\n\n\t\t\t<\/div>\n\n\t\t\t\t\t\t<\/div>\n\t\t\t\t<\/div>\n\t\t\t\t<div class=\"elementor-element elementor-element-d4fc51a elementor-widget elementor-widget-infetech_elementor_contact_info\" data-id=\"d4fc51a\" data-element_type=\"widget\" data-widget_type=\"infetech_elementor_contact_info.default\">\n\t\t\t\t<div class=\"elementor-widget-container\">\n\t\t\t\t\t\t\t\t<div class=\"ova-contact-info template2\">\n\t\t\t\t\n\t\t\t\t\t\t\t\t\t\t\t\t\t\t\t<div class=\"circle\">\n\t\t\t\t\t\t\t<div class=\"icon\">\n\t\t\t\t\t\t\t\t<i class=\"ovaicon ovaicon-email\"><\/i>\n\t\t\t\t\t\t\t<\/div>\n\t\t\t\t\t\t<\/div>\t\n\t\t\t\t    \t\t\t    \t\t\t\t\n\t\t\t\t<div class=\"contact\">\n\t\t\t\t\t\n\t\t\t\t\t\t\t\t\t\t\t<div class=\"label\">\n\t\t\t\t\t\t\t\u0639\u0646\u0648\u0627\u0646 \u0628\u0631\u064a\u062f\u0646\u0627\t\t\t\t\t\t<\/div>\n\t\t\t\t\t\n\t\t\t\t\t<ul class=\"info\">\n\t\t\t\t\t\t\t\t\t\t\t\t\t<li class=\"item\">\n\n\t\t\t\t\t\t\t\t\t\t\t\t\t\t\t\t\t\t\t<a href=\"mailto:info@mikariyer.com\" title=\"email\">\n\t\t\t\t\t\t\t\t\t\t\t\tinfo@mikariyer.com\t\t\t\t\t\t\t\t\t\t\t<\/a>\n\t\t\t\t\t\t\t\t\t\t\t\t\t\t\t\t\t<\/li>\n\t\t\t\t\t\t\t\t\t\t\t<\/ul>\n\n\t\t\t\t<\/div>\n\n\t\t\t<\/div>\n\n\t\t\t\t\t\t<\/div>\n\t\t\t\t<\/div>\n\t\t\t\t<div class=\"elementor-element elementor-element-78d6909 elementor-widget elementor-widget-infetech_elementor_contact_info\" data-id=\"78d6909\" data-element_type=\"widget\" data-widget_type=\"infetech_elementor_contact_info.default\">\n\t\t\t\t<div class=\"elementor-widget-container\">\n\t\t\t\t\t\t\t\t<div class=\"ova-contact-info template2\">\n\t\t\t\t\n\t\t\t\t\t\t\t\t\t\t\t\t\t\t\t<div class=\"circle\">\n\t\t\t\t\t\t\t<div class=\"icon\">\n\t\t\t\t\t\t\t\t<i class=\"far fa-map\"><\/i>\n\t\t\t\t\t\t\t<\/div>\n\t\t\t\t\t\t<\/div>\t\n\t\t\t\t    \t\t\t    \t\t\t\t\n\t\t\t\t<div class=\"contact\">\n\t\t\t\t\t\n\t\t\t\t\t\t\t\t\t\t\t<div class=\"label\">\n\t\t\t\t\t\t\t\u0639\u0646\u0648\u0627\u0646\u0646\u0627\t\t\t\t\t\t<\/div>\n\t\t\t\t\t\n\t\t\t\t\t<ul class=\"info\">\n\t\t\t\t\t\t\t\t\t\t\t\t\t<li class=\"item\">\n\n\t\t\t\t\t\t\t\t<a href=\"https:\/\/maps.app.goo.gl\/HDJiQThZhUDnXWy77\" target=\"_blank\" title=\"338A \u0631\u064a\u062c\u0646\u062a\u0633 \u0628\u0627\u0631\u0643 \u0631\u0648\u062f 338A \u0631\u064a\u062c\u0646\u062a\u0633 \u0628\u0627\u0631\u0643 \u0645\u0643\u062a\u0628 3 \u0648 4 \u0644\u0646\u062f\u0646 \u0627\u0644\u0645\u0645\u0644\u0643\u0629 \u0627\u0644\u0645\u062a\u062d\u062f\u0629 N3 2LN\">338A \u0631\u064a\u062c\u0646\u062a\u0633 \u0628\u0627\u0631\u0643 \u0631\u0648\u062f 338A \u0631\u064a\u062c\u0646\u062a\u0633 \u0628\u0627\u0631\u0643 \u0645\u0643\u062a\u0628 3 \u0648 4 \u0644\u0646\u062f\u0646 \u0627\u0644\u0645\u0645\u0644\u0643\u0629 \u0627\u0644\u0645\u062a\u062d\u062f\u0629 N3 2LN<\/a>\t\t\t\t\t\t\t<\/li>\n\t\t\t\t\t\t\t\t\t\t\t<\/ul>\n\n\t\t\t\t<\/div>\n\n\t\t\t<\/div>\n\n\t\t\t\t\t\t<\/div>\n\t\t\t\t<\/div>\n\t\t\t\t<\/div>\n\t\t\t\t\t<\/div>\n\t\t\t\t<\/div>\n\t\t\t\t<\/div>\n\t\t<\/div>\n\t\t\t\t\t\t<\/div>\n\t\t\t\t<\/div>\n\t\t\t\t<\/div>\n\t\t<div class=\"elementor-element elementor-element-f76c0c7 e-con-full e-flex e-con e-child\" data-id=\"f76c0c7\" data-element_type=\"container\">\n\t\t\t\t<div class=\"elementor-element elementor-element-3d38ece elementor-widget elementor-widget-infetech_elementor_heading\" data-id=\"3d38ece\" data-element_type=\"widget\" data-widget_type=\"infetech_elementor_heading.default\">\n\t\t\t\t<div class=\"elementor-widget-container\">\n\t\t\t\t\t\n\t\t\t<div class=\"ova-heading\">\n\t\t\t\t\n\t\t\t\t\n\t\t\t\t\n\t\t\t\t\t<h1 class=\"title\">\t\t\t\t\t\t\t\t\t\t\t\t\t<a href=\"https:\/\/mikariyer.com\/ar\/egitim\/\" title=\"\">\u0627\u0644\u062a\u0639\u0644\u064a\u0645<\/a>\n\t\t\t\t\t\t\t\t\t\t\t<\/h1>\n                \n                \n\t\t\t<\/div>\n\n\t\t\t\t\t\t<\/div>\n\t\t\t\t<\/div>\n\t\t\t\t<div class=\"elementor-element elementor-element-d357451 elementor-blockquote--skin-boxed elementor-blockquote--align-center elementor-blockquote--button-color-official elementor-widget elementor-widget-blockquote\" data-id=\"d357451\" data-element_type=\"widget\" data-widget_type=\"blockquote.default\">\n\t\t\t\t<div class=\"elementor-widget-container\">\n\t\t\t\t\t\t\t<blockquote class=\"elementor-blockquote\">\n\t\t\t<p class=\"elementor-blockquote__content\">\n\t\t\t\tAlmanya\u2019da E\u011fitim; Bilgiye Derinlik, Kariyere Y\u00fckseklik Kazand\u0131r\u0131r!\t\t\t<\/p>\n\t\t\t\t\t<\/blockquote>\n\t\t\t\t\t\t<\/div>\n\t\t\t\t<\/div>\n\t\t\t\t<div class=\"elementor-element elementor-element-ceeb7da elementor-widget elementor-widget-text-editor\" data-id=\"ceeb7da\" data-element_type=\"widget\" data-widget_type=\"text-editor.default\">\n\t\t\t\t<div class=\"elementor-widget-container\">\n\t\t\t\t\t\t\t\t\t<p>Almanya, lisans ve y\u00fcksek lisans e\u011fitimi i\u00e7in d\u00fcnya genelinde \u00f6\u011frenciler taraf\u0131ndan en \u00e7ok tercih edilen \u00fclkelerin ba\u015f\u0131nda yer almaktad\u0131r. <strong>Bu pop\u00fclerli\u011fin temelinde yatan \u00fc\u00e7 \u00f6nemli neden \u015f\u00f6yle s\u0131ralanabilir:<\/strong><\/p>\t\t\t\t\t\t\t\t<\/div>\n\t\t\t\t<\/div>\n\t\t\t\t<div class=\"elementor-element elementor-element-fb77c00 elementor-widget elementor-widget-infetech_elementor_service_3\" data-id=\"fb77c00\" data-element_type=\"widget\" data-widget_type=\"infetech_elementor_service_3.default\">\n\t\t\t\t<div class=\"elementor-widget-container\">\n\t\t\t\t\t\t\t \t<div class=\"ova-service-3 one_column\">\n\t\t \t\t\t\t\t\t    <div class=\"item-service-3 elementor-repeater-item-b544d9d\">\n\t                    <div class=\"image-service-3\">\n\t\t\t\t \t\t\t\t\t\t\t\t\t\t\t<img decoding=\"async\" src=\"https:\/\/mikariyer.com\/wp-content\/uploads\/2024\/06\/group-students-graduation-caps-gowns-stand-together-scaled.jpg\" alt=\"E\u011fitimin \u00fccretsiz olmas\u0131  \">\n\t\t\t\t            \t\t\t\t \t\t<\/div>\n\t\t\t\t \t\t<div class=\"info\">\n\t\t\t\t \t\t\t<div class=\"mask\"><\/div>\n\t\t\t\t \t\t\t<div class=\"square\"><\/div>\n\t\t\t\t \t\t\t\t\t\t\t\t\t\t\t\t<h4 class=\"title\">\n\t\t\t\t\t\t\t\t\t\tE\u011fitimin \u00fccretsiz olmas\u0131  \t\t\t\t\t\t\t\t\t<\/h4>\n\t\t\t\t\t\t\t\t\t\t\t\t\t\t\t\t\t\t\t\t\t\t\t<p class=\"description\">\n\t\t\t\t\t\t\t\t\tLisans ve Master \u00f6\u011frencilerinin  k\u00fcresel d\u00fczeyde akademik ve mesleki ba\u015far\u0131lar elde etmelerine olanak tan\u0131yoruz.\t\t\t\t\t\t\t\t<\/p>\n\t\t\t\t\t\t\t  \n\t\t\t\t \t\t<\/div>\n\t                <\/div>\n\t            \t\t\t\t    <div class=\"item-service-3 elementor-repeater-item-3adcd0c\">\n\t                    <div class=\"image-service-3\">\n\t\t\t\t \t\t\t\t\t\t\t\t\t\t\t<img decoding=\"async\" src=\"https:\/\/mikariyer.com\/wp-content\/uploads\/2024\/06\/office-meeting-scaled.jpg\" alt=\"Yasal \u00e7al\u0131\u015fma hakk\u0131\">\n\t\t\t\t            \t\t\t\t \t\t<\/div>\n\t\t\t\t \t\t<div class=\"info\">\n\t\t\t\t \t\t\t<div class=\"mask\"><\/div>\n\t\t\t\t \t\t\t<div class=\"square\"><\/div>\n\t\t\t\t \t\t\t\t\t\t\t\t\t\t\t\t<h4 class=\"title\">\n\t\t\t\t\t\t\t\t\t\tYasal \u00e7al\u0131\u015fma hakk\u0131\t\t\t\t\t\t\t\t\t<\/h4>\n\t\t\t\t\t\t\t\t\t\t\t\t\t\t\t\t\t\t\t\t\t\t\t<p class=\"description\">\n\t\t\t\t\t\t\t\t\tBu sayede \u00f6\u011frenciler e\u011fitim ve ya\u015fam giderlerini kendileri kar\u015f\u0131layabilme imkan\u0131na sahiptirler\t\t\t\t\t\t\t\t<\/p>\n\t\t\t\t\t\t\t  \n\t\t\t\t \t\t<\/div>\n\t                <\/div>\n\t            \t\t\t\t    <div class=\"item-service-3 elementor-repeater-item-f4b3c2c\">\n\t                    <div class=\"image-service-3\">\n\t\t\t\t \t\t\t\t\t\t\t\t\t\t\t<img decoding=\"async\" src=\"https:\/\/mikariyer.com\/wp-content\/uploads\/2024\/06\/portrait-pretty-toothy-young-student-scaled.jpg\" alt=\"Kolay ve h\u0131zl\u0131 i\u015f bulma\">\n\t\t\t\t            \t\t\t\t \t\t<\/div>\n\t\t\t\t \t\t<div class=\"info\">\n\t\t\t\t \t\t\t<div class=\"mask\"><\/div>\n\t\t\t\t \t\t\t<div class=\"square\"><\/div>\n\t\t\t\t \t\t\t\t\t\t\t\t\t\t\t\t<h4 class=\"title\">\n\t\t\t\t\t\t\t\t\t\tKolay ve h\u0131zl\u0131 i\u015f bulma\t\t\t\t\t\t\t\t\t<\/h4>\n\t\t\t\t\t\t\t\t\t\t\t\t\t\t\t\t\t\t\t\t\t\t\t<p class=\"description\">\n\t\t\t\t\t\t\t\t\tMezuniyet sonras\u0131 Almanya\u2019da ve d\u00fcnya \u00e7ap\u0131nda \u00e7e\u015fitli iyi i\u015f f\u0131rsatlar\u0131na h\u0131zla eri\u015febilme avantaj\u0131 bulunur.\t\t\t\t\t\t\t\t<\/p>\n\t\t\t\t\t\t\t  \n\t\t\t\t \t\t<\/div>\n\t                <\/div>\n\t            \t\t    <\/div>\n\t\t\t\t\t\t<\/div>\n\t\t\t\t<\/div>\n\t\t\t\t<div class=\"elementor-element elementor-element-3cbf371 elementor-widget elementor-widget-text-editor\" data-id=\"3cbf371\" data-element_type=\"widget\" data-widget_type=\"text-editor.default\">\n\t\t\t\t<div class=\"elementor-widget-container\">\n\t\t\t\t\t\t\t\t\t<p>Bu fakt\u00f6rler Almanya\u2019y\u0131, uluslararas\u0131 \u00f6\u011frenciler i\u00e7in en cazip e\u011fitim destinasyonu haline getirmektedir. Y\u00fcksek e\u011fitim kalitesi ve ya\u015fam standartlar\u0131, bu cazibeyi daha da art\u0131r\u0131r. Bu \u00f6zellikler, t\u00fcm d\u00fcnyadan \u00f6\u011frencilerin neden ilk s\u0131rada Almanya\u2019y\u0131 tercih ettiklerini net bir \u015fekilde ortaya koymaktad\u0131r.\u00a0<\/p><h4><strong>Elit Alman \u00dcniversiteleri: K\u00fcresel Ba\u015far\u0131ya Giden Yol<\/strong><\/h4><p>Her y\u0131l, uluslararas\u0131 resmi kay\u0131tlar ve \u00fcniversite derecelendirme kurulu\u015flar\u0131, Almanya\u2019n\u0131n \u00f6nde gelen \u00fcniversitelerini d\u00fcnyan\u0131n en iyi e\u011fitim kurumlar\u0131 aras\u0131nda g\u00f6steriyor. Bu prestijli \u00fcniversiteler, mezunlar\u0131n\u0131 d\u00fcnya i\u015f pazar\u0131nda aranan ve sayg\u0131n pozisyonlara ta\u015f\u0131yan tan\u0131nm\u0131\u015f kurumlar olarak biliniyor. \u00d6nde gelen Alman firmalar\u0131 da bu \u00fclkede e\u011fitim g\u00f6rm\u00fc\u015f profesyonelleri tercih ediyor. Avrupa\u2019n\u0131n en k\u00f6kl\u00fc \u00fcniversiteleri, y\u00fcksek akademik standartlar\u0131, son teknoloji e\u011fitimi ve uygulamal\u0131 \u00f6\u011frenme yakla\u015f\u0131mlar\u0131yla dikkat \u00e7ekiyor. Teori ile pratik aras\u0131ndaki bu denge, mezunlar\u0131na kariyerlerinde m\u00fckemmel bir ba\u015flang\u0131\u00e7 yapma imk\u00e2n\u0131 tan\u0131yor.<\/p><h4><strong>Akademik \u00c7e\u015fitlilikte Zirve: Zengin Lisans, Y\u00fcksek Lisans ve Doktora Se\u00e7enekleri Almanya\u2019da!\u00a0<\/strong><\/h4><p>Almanya, yakla\u015f\u0131k <strong>400 \u00fcniversite<\/strong> ve bu \u00fcniversitelere ba\u011fl\u0131 <strong>17.000\u2019den fazla b\u00f6l\u00fcm se\u00e7ene\u011fi<\/strong> ile e\u011fitim alan\u0131nda \u00e7e\u015fitlili\u011fin doruk noktas\u0131n\u0131 temsil ediyor. D\u00fcnya genelindeki en kapsaml\u0131 lisans ve y\u00fcksek lisans programlar\u0131na ev sahipli\u011fi yapan bu \u00fclke, \u00f6\u011frencilere ilgi alanlar\u0131na m\u00fckemmel bir \u015fekilde uyum sa\u011flayacak bir b\u00f6l\u00fcm bulma konusunda neredeyse s\u0131n\u0131rs\u0131z se\u00e7enekler sunuyor.<\/p><p>M\u00fchendislik, t\u0131p, eczac\u0131l\u0131k, i\u015fletme ve be\u015fer\u00ee bilimler gibi \u00e7e\u015fitli alanlarda, Alman devletinin ve \u00f6nde gelen \u015firketlerin yapt\u0131\u011f\u0131 b\u00fcy\u00fck yat\u0131r\u0131mlar sayesinde, e\u011fitim d\u00fcnya standartlar\u0131nda profesyonellik ve yenilik\u00e7ilikle bulu\u015fuyor. Mercedes, BMW, Audi, Siemens, Bayer gibi sekt\u00f6r\u00fcn \u00f6nc\u00fc \u015firketleri, e\u011fitim alan\u0131ndaki bir numaral\u0131 destek\u00e7iler olarak, Almanya\u2019n\u0131n akademik \u00fcst\u00fcnl\u00fc\u011f\u00fcn\u00fc daha da g\u00fc\u00e7lendiriyor.<\/p>\t\t\t\t\t\t\t\t<\/div>\n\t\t\t\t<\/div>\n\t\t<div class=\"elementor-element elementor-element-03b9110 e-flex e-con-boxed e-con e-child\" data-id=\"03b9110\" data-element_type=\"container\">\n\t\t\t\t\t<div class=\"e-con-inner\">\n\t\t<div class=\"elementor-element elementor-element-0ae08c7 e-grid e-con-boxed e-con e-child\" data-id=\"0ae08c7\" data-element_type=\"container\">\n\t\t\t\t\t<div class=\"e-con-inner\">\n\t\t\t\t<div class=\"elementor-element elementor-element-1f3b445 elementor-widget elementor-widget-text-editor\" data-id=\"1f3b445\" data-element_type=\"widget\" data-widget_type=\"text-editor.default\">\n\t\t\t\t<div class=\"elementor-widget-container\">\n\t\t\t\t\t\t\t\t\t<h4><strong>Akademik \u00c7e\u015fitlilikte Zirve: Zengin Lisans, Y\u00fcksek Lisans ve Doktora Se\u00e7enekleri Almanya\u2019da!\u00a0<\/strong><\/h4><p>Almanya, yakla\u015f\u0131k <strong>400 \u00fcniversite<\/strong> ve bu \u00fcniversitelere ba\u011fl\u0131 <strong>17.000\u2019den fazla b\u00f6l\u00fcm se\u00e7ene\u011fi<\/strong> ile e\u011fitim alan\u0131nda \u00e7e\u015fitlili\u011fin doruk noktas\u0131n\u0131 temsil ediyor. D\u00fcnya genelindeki en kapsaml\u0131 lisans ve y\u00fcksek lisans programlar\u0131na ev sahipli\u011fi yapan bu \u00fclke, \u00f6\u011frencilere ilgi alanlar\u0131na m\u00fckemmel bir \u015fekilde uyum sa\u011flayacak bir b\u00f6l\u00fcm bulma konusunda neredeyse s\u0131n\u0131rs\u0131z se\u00e7enekler sunuyor.<\/p><p>M\u00fchendislik, t\u0131p, eczac\u0131l\u0131k, i\u015fletme ve be\u015fer\u00ee bilimler gibi \u00e7e\u015fitli alanlarda, Alman devletinin ve \u00f6nde gelen \u015firketlerin yapt\u0131\u011f\u0131 b\u00fcy\u00fck yat\u0131r\u0131mlar sayesinde, e\u011fitim d\u00fcnya standartlar\u0131nda profesyonellik ve yenilik\u00e7ilikle bulu\u015fuyor. Mercedes, BMW, Audi, Siemens, Bayer gibi sekt\u00f6r\u00fcn \u00f6nc\u00fc \u015firketleri, e\u011fitim alan\u0131ndaki bir numaral\u0131 destek\u00e7iler olarak, Almanya\u2019n\u0131n akademik \u00fcst\u00fcnl\u00fc\u011f\u00fcn\u00fc daha da g\u00fc\u00e7lendiriyor.<\/p>\t\t\t\t\t\t\t\t<\/div>\n\t\t\t\t<\/div>\n\t\t\t\t<div class=\"elementor-element elementor-element-862fb0b elementor-widget elementor-widget-image\" data-id=\"862fb0b\" data-element_type=\"widget\" data-widget_type=\"image.default\">\n\t\t\t\t<div class=\"elementor-widget-container\">\n\t\t\t\t\t\t\t\t\t\t\t\t\t\t\t<img fetchpriority=\"high\" decoding=\"async\" width=\"683\" height=\"1024\" src=\"https:\/\/mikariyer.com\/wp-content\/uploads\/2024\/06\/relaxing-before-class-low-angle-view-happy-young-woman-holding-digital-tablet-looking-camera-while-people-sitting-background-683x1024.jpg\" class=\"attachment-large size-large wp-image-16708\" alt=\"\" srcset=\"https:\/\/mikariyer.com\/wp-content\/uploads\/2024\/06\/relaxing-before-class-low-angle-view-happy-young-woman-holding-digital-tablet-looking-camera-while-people-sitting-background-683x1024.jpg 683w, https:\/\/mikariyer.com\/wp-content\/uploads\/2024\/06\/relaxing-before-class-low-angle-view-happy-young-woman-holding-digital-tablet-looking-camera-while-people-sitting-background-200x300.jpg 200w, https:\/\/mikariyer.com\/wp-content\/uploads\/2024\/06\/relaxing-before-class-low-angle-view-happy-young-woman-holding-digital-tablet-looking-camera-while-people-sitting-background-768x1151.jpg 768w, https:\/\/mikariyer.com\/wp-content\/uploads\/2024\/06\/relaxing-before-class-low-angle-view-happy-young-woman-holding-digital-tablet-looking-camera-while-people-sitting-background-1025x1536.jpg 1025w, https:\/\/mikariyer.com\/wp-content\/uploads\/2024\/06\/relaxing-before-class-low-angle-view-happy-young-woman-holding-digital-tablet-looking-camera-while-people-sitting-background-1367x2048.jpg 1367w, https:\/\/mikariyer.com\/wp-content\/uploads\/2024\/06\/elementor\/thumbs\/relaxing-before-class-low-angle-view-happy-young-woman-holding-digital-tablet-looking-camera-while-people-sitting-background-scaled-qpn4imlpns3udfzf3c2rs1qk7emzk81o1ttohma0kw.jpg 400w, https:\/\/mikariyer.com\/wp-content\/uploads\/2024\/06\/relaxing-before-class-low-angle-view-happy-young-woman-holding-digital-tablet-looking-camera-while-people-sitting-background-scaled.jpg 1709w\" sizes=\"(max-width: 683px) 100vw, 683px\" \/>\t\t\t\t\t\t\t\t\t\t\t\t\t\t\t<\/div>\n\t\t\t\t<\/div>\n\t\t\t\t\t<\/div>\n\t\t\t\t<\/div>\n\t\t\t\t\t<\/div>\n\t\t\t\t<\/div>\n\t\t\t\t<div class=\"elementor-element elementor-element-1739f1f elementor-widget elementor-widget-infetech_elementor_service_toggle\" data-id=\"1739f1f\" data-element_type=\"widget\" data-widget_type=\"infetech_elementor_service_toggle.default\">\n\t\t\t\t<div class=\"elementor-widget-container\">\n\t\t\t\t\t\t\t  \t<div class=\"ova-service-toggle\">\n\t\t        \n\t\t\t\t<div class=\"item\">\n\t\t\t\t\t<div class=\"toggle\">\n\t\t\t\t\t\t<div class=\"heading-wrap\">\n\t\t\t\t\t\t\t\t\t\t\t\t\t\t\t<div class=\"icon\">\n\t\t\t\t\t\t\t\t\t<i aria-hidden=\"true\" class=\"flaticonnew- flaticon-new-right\"><\/i> \n\t\t\t\t\t\t\t\t<\/div>\n\t\t\t\t\t\t\t\t\t\t\t\t\t\t\t<h3 class=\"title\">\n\t\t\t\t\t\t\t\t\tALMANYA\u2019DA L\u0130SANS E\u011e\u0130T\u0130M\u0130\t\t\t\t\t\t\t\t<\/h3>\n\t\t\t\t\t\t\t\t\t\t\t\t\t<\/div>\n\t\t\t\t\t\t<div class=\"info-wrap\">\n\t\t\t\t\t\t\t\t\t\t\t\t\t\t\t<p class=\"description\">\n\t\t\t\t\t\t\t\t\tAlmanya\u2019da lisans e\u011fitimi alman\u0131n, akademik becerilerinizi geli\u015ftirmek, yeni bir dil \u00f6\u011frenmek, uluslararas\u0131 bir kariyere ad\u0131m atmak ve Avrupa\u2019n\u0131n kalbinde ya\u015famak i\u00e7in m\u00fckemmel bir f\u0131rsata sahip olmak gibi avantajlar\u0131 bulunmaktad\u0131r. \t\t\t\t\t\t\t\t<\/p>\n\t\t\t\t\t\t\t\t\t\t\t\t\t\t<div class=\"toggle-icon\">\n\t\t\t\t\t\t\t\t\t\t\t\t\t\t\t\t\t<i aria-hidden=\"true\" class=\"flaticoninfetech- flaticon-infetech-plus\"><\/i>\n\t\t\t\t\t\t\t\t\t\t\t\t\t\t\t<\/div>\n\t\t\t\t\t\t<\/div>\n\t\t\t\t\t<\/div>\n\t\t\t\t\t<div class=\"service-content\">\n\t\t\t\t\t\t<div class=\"spacing\"><\/div>\n\t\t\t\t\t\t<div class=\"content\">\n\t\t\t\t\t\t\t<p><a href=\"https:\/\/mikariyer.com\/ar\/egitim\/lisans-egitimi\/\">Detayl\u0131 Bilgi \u0130\u00e7in T\u0131klay\u0131n\u0131z<\/a><\/p> \n\t\t\t\t\t\t<\/div>\n\t\t\t\t\t<\/div>\n\t\t\t\t<\/div>\n\t\t\t\t\n\t\t\t\t<div class=\"item\">\n\t\t\t\t\t<div class=\"toggle\">\n\t\t\t\t\t\t<div class=\"heading-wrap\">\n\t\t\t\t\t\t\t\t\t\t\t\t\t\t\t<div class=\"icon\">\n\t\t\t\t\t\t\t\t\t<i aria-hidden=\"true\" class=\"flaticonnew- flaticon-new-right\"><\/i> \n\t\t\t\t\t\t\t\t<\/div>\n\t\t\t\t\t\t\t\t\t\t\t\t\t\t\t<h3 class=\"title\">\n\t\t\t\t\t\t\t\t\tALMANYA\u2019DA MASTER E\u011e\u0130T\u0130M\u0130\t\t\t\t\t\t\t\t<\/h3>\n\t\t\t\t\t\t\t\t\t\t\t\t\t<\/div>\n\t\t\t\t\t\t<div class=\"info-wrap\">\n\t\t\t\t\t\t\t\t\t\t\t\t\t\t\t<p class=\"description\">\n\t\t\t\t\t\t\t\t\tMiKariyer olarak, \u00fcniversite hayallerinizi Almanya\u2019da ger\u00e7ekle\u015ftirmek i\u00e7in t\u00fcm s\u00fcre\u00e7leri titizlikle y\u00f6netiyor ve sonu\u00e7land\u0131r\u0131yoruz.\t\t\t\t\t\t\t\t<\/p>\n\t\t\t\t\t\t\t\t\t\t\t\t\t\t<div class=\"toggle-icon active\">\n\t\t\t\t\t\t\t\t\t\t\t\t\t\t\t\t\t<i aria-hidden=\"true\" class=\"flaticoninfetech- flaticon-infetech-minus-sign\"><\/i>\n\t\t\t\t\t\t\t\t\t\t\t\t\t\t\t<\/div>\n\t\t\t\t\t\t<\/div>\n\t\t\t\t\t<\/div>\n\t\t\t\t\t<div class=\"service-content active\">\n\t\t\t\t\t\t<div class=\"spacing\"><\/div>\n\t\t\t\t\t\t<div class=\"content\">\n\t\t\t\t\t\t\t<p><a href=\"https:\/\/mikariyer.com\/ar\/egitim\/master-egitimi\/\">Detayl\u0131 Bilgi \u0130\u00e7in T\u0131klay\u0131n\u0131z<\/a><\/p> \n\t\t\t\t\t\t<\/div>\n\t\t\t\t\t<\/div>\n\t\t\t\t<\/div>\n\t\t\t\t\t\t\t<\/div>\n\t\t\t\t\t\t<\/div>\n\t\t\t\t<\/div>\n\t\t\t\t<\/div>\n\t\t\t\t<\/div>\n\t\t\t\t<\/div>","protected":false},"excerpt":{"rendered":"<p>E\u011e\u0130T\u0130M Almanya\u2019da E\u011fitim; Bilgiye Derinlik, Kariyere Y\u00fckseklik Kazand\u0131r\u0131r! Almanya, lisans ve y\u00fcksek lisans e\u011fitimi i\u00e7in d\u00fcnya genelinde \u00f6\u011frenciler taraf\u0131ndan en \u00e7ok tercih edilen \u00fclkelerin ba\u015f\u0131nda yer almaktad\u0131r. Bu pop\u00fclerli\u011fin temelinde yatan \u00fc\u00e7 \u00f6nemli neden \u015f\u00f6yle s\u0131ralanabilir: E\u011fitimin \u00fccretsiz olmas\u0131 Lisans ve Master \u00f6\u011frencilerinin k\u00fcresel d\u00fczeyde akademik ve mesleki ba\u015far\u0131lar elde etmelerine olanak tan\u0131yoruz. Yasal \u00e7al\u0131\u015fma [&hellip;]<\/p>\n","protected":false},"author":3,"featured_media":0,"parent":0,"menu_order":0,"comment_status":"closed","ping_status":"closed","template":"","meta":{"footnotes":""},"class_list":["post-15717","page","type-page","status-publish","hentry"],"_links":{"self":[{"href":"https:\/\/mikariyer.com\/ar\/wp-json\/wp\/v2\/pages\/15717","targetHints":{"allow":["GET"]}}],"collection":[{"href":"https:\/\/mikariyer.com\/ar\/wp-json\/wp\/v2\/pages"}],"about":[{"href":"https:\/\/mikariyer.com\/ar\/wp-json\/wp\/v2\/types\/page"}],"author":[{"embeddable":true,"href":"https:\/\/mikariyer.com\/ar\/wp-json\/wp\/v2\/users\/3"}],"replies":[{"embeddable":true,"href":"https:\/\/mikariyer.com\/ar\/wp-json\/wp\/v2\/comments?post=15717"}],"version-history":[{"count":0,"href":"https:\/\/mikariyer.com\/ar\/wp-json\/wp\/v2\/pages\/15717\/revisions"}],"wp:attachment":[{"href":"https:\/\/mikariyer.com\/ar\/wp-json\/wp\/v2\/media?parent=15717"}],"curies":[{"name":"wp","href":"https:\/\/api.w.org\/{rel}","templated":true}]}}