{"id":15733,"date":"2024-05-17T13:44:45","date_gmt":"2024-05-17T13:44:45","guid":{"rendered":"https:\/\/mikariyer.com\/?page_id=15733"},"modified":"2025-07-30T14:35:08","modified_gmt":"2025-07-30T14:35:08","slug":"doktor","status":"publish","type":"page","link":"https:\/\/mikariyer.com\/ar\/kariyer\/medicare\/doktor\/","title":{"rendered":"\u062f\u0643\u062a\u0648\u0631"},"content":{"rendered":"<div data-elementor-type=\"wp-page\" data-elementor-id=\"15733\" class=\"elementor elementor-15733\" data-elementor-post-type=\"page\">\n\t\t\t\t<div class=\"elementor-element elementor-element-e2940f1 e-con-full e-flex e-con e-parent\" data-id=\"e2940f1\" data-element_type=\"container\">\n\t\t<div class=\"elementor-element elementor-element-64fb651 e-con-full e-flex e-con e-child\" data-id=\"64fb651\" data-element_type=\"container\">\n\t\t\t\t<div class=\"elementor-element elementor-element-ffabb3b elementor-widget elementor-widget-shortcode\" data-id=\"ffabb3b\" data-element_type=\"widget\" data-widget_type=\"shortcode.default\">\n\t\t\t\t<div class=\"elementor-widget-container\">\n\t\t\t\t\t\t\t<div class=\"elementor-shortcode\">\t\t<div data-elementor-type=\"single-post\" data-elementor-id=\"16101\" class=\"elementor elementor-16101\" data-elementor-post-type=\"elementor_library\">\n\t\t\t<div class=\"elementor-element elementor-element-9e95fdc elementor-hidden-mobile e-flex e-con-boxed e-con e-parent\" data-id=\"9e95fdc\" data-element_type=\"container\" data-settings=\"{&quot;background_background&quot;:&quot;classic&quot;}\">\n\t\t\t\t\t<div class=\"e-con-inner\">\n\t\t<div class=\"elementor-element elementor-element-0f2bfbe e-con-full e-flex e-con e-child\" data-id=\"0f2bfbe\" data-element_type=\"container\">\n\t\t\t\t<div class=\"elementor-element elementor-element-2f2d7a1 elementor-widget elementor-widget-infetech_elementor_heading\" data-id=\"2f2d7a1\" data-element_type=\"widget\" data-widget_type=\"infetech_elementor_heading.default\">\n\t\t\t\t<div class=\"elementor-widget-container\">\n\t\t\t\t\t\n\t\t\t<div class=\"ova-heading\">\n\t\t\t\t\n\t\t\t\t\n\t\t\t\t\n\t\t\t\t\t<h3 class=\"title\">\t\t\t\t\t\t\t\t\t\t\t\t\t<a href=\"https:\/\/mikariyer.com\/ar\/kariyer\/\" title=\"\">\u0627\u0644\u0648\u0638\u0627\u0626\u0641<\/a>\n\t\t\t\t\t\t\t\t\t\t\t<\/h3>\n                \n                \n\t\t\t<\/div>\n\n\t\t\t\t\t\t<\/div>\n\t\t\t\t<\/div>\n\t\t\t\t<div class=\"elementor-element elementor-element-0dbe6a5 elementor-nav-menu__text-align-aside elementor-widget elementor-widget-nav-menu\" data-id=\"0dbe6a5\" data-element_type=\"widget\" data-settings=\"{&quot;layout&quot;:&quot;dropdown&quot;,&quot;submenu_icon&quot;:{&quot;value&quot;:&quot;&lt;svg class=\\&quot;e-font-icon-svg e-fas-caret-down\\&quot; viewBox=\\&quot;0 0 320 512\\&quot; xmlns=\\&quot;http:\\\/\\\/www.w3.org\\\/2000\\\/svg\\&quot;&gt;&lt;path d=\\&quot;M31.3 192h257.3c17.8 0 26.7 21.5 14.1 34.1L174.1 354.8c-7.8 7.8-20.5 7.8-28.3 0L17.2 226.1C4.6 213.5 13.5 192 31.3 192z\\&quot;&gt;&lt;\\\/path&gt;&lt;\\\/svg&gt;&quot;,&quot;library&quot;:&quot;fa-solid&quot;}}\" data-widget_type=\"nav-menu.default\">\n\t\t\t\t<div class=\"elementor-widget-container\">\n\t\t\t\t\t\t\t\t<nav class=\"elementor-nav-menu--dropdown elementor-nav-menu__container\" aria-hidden=\"true\">\n\t\t\t\t<ul id=\"menu-2-0dbe6a5\" class=\"elementor-nav-menu\"><li class=\"menu-item menu-item-type-post_type menu-item-object-page menu-item-has-children menu-item-15862\"><a href=\"https:\/\/mikariyer.com\/ar\/kariyer\/medicare\/\" class=\"elementor-item\" tabindex=\"-1\">\u0627\u0644\u0631\u0639\u0627\u064a\u0629 \u0627\u0644\u0637\u0628\u064a\u0629<\/a>\n<ul class=\"sub-menu elementor-nav-menu--dropdown\">\n\t<li class=\"menu-item menu-item-type-post_type menu-item-object-page menu-item-15863\"><a href=\"https:\/\/mikariyer.com\/ar\/kariyer\/medicare\/hemsire\/\" class=\"elementor-sub-item\" tabindex=\"-1\">\u0645\u0645\u0631\u0636\u0629<\/a><\/li>\n\t<li class=\"menu-item menu-item-type-post_type menu-item-object-page menu-item-15864\"><a href=\"https:\/\/mikariyer.com\/ar\/kariyer\/medicare\/hemsire-asistani\/\" class=\"elementor-sub-item\" tabindex=\"-1\">\u0645\u0645\u0631\u0636\u0629 \u0645\u0633\u0627\u0639\u062f\u0629<\/a><\/li>\n\t<li class=\"menu-item menu-item-type-post_type menu-item-object-page menu-item-15865\"><a href=\"https:\/\/mikariyer.com\/ar\/kariyer\/medicare\/fizyoterapi\/\" class=\"elementor-sub-item\" tabindex=\"-1\">\u0627\u0644\u0639\u0644\u0627\u062c \u0627\u0644\u0637\u0628\u064a\u0639\u064a<\/a><\/li>\n\t<li class=\"menu-item menu-item-type-post_type menu-item-object-page menu-item-15866\"><a href=\"https:\/\/mikariyer.com\/ar\/kariyer\/medicare\/doktor\/\" class=\"elementor-sub-item\" tabindex=\"-1\">\u062f\u0643\u062a\u0648\u0631<\/a><\/li>\n<\/ul>\n<\/li>\n<li class=\"menu-item menu-item-type-post_type menu-item-object-page menu-item-has-children menu-item-15867\"><a href=\"https:\/\/mikariyer.com\/ar\/kariyer\/meister\/\" class=\"elementor-item\" tabindex=\"-1\">\u0645\u064a\u0633\u062a\u0631<\/a>\n<ul class=\"sub-menu elementor-nav-menu--dropdown\">\n\t<li class=\"menu-item menu-item-type-post_type menu-item-object-page menu-item-15868\"><a href=\"https:\/\/mikariyer.com\/ar\/kariyer\/meister\/teknik-eleman\/\" class=\"elementor-sub-item\" tabindex=\"-1\">\u0627\u0644\u0645\u0648\u0638\u0641\u0648\u0646 \u0627\u0644\u0641\u0646\u064a\u0648\u0646<\/a><\/li>\n\t<li class=\"menu-item menu-item-type-post_type menu-item-object-page menu-item-15869\"><a href=\"https:\/\/mikariyer.com\/ar\/kariyer\/meister\/gastronomi\/\" class=\"elementor-sub-item\" tabindex=\"-1\">\u0641\u0646 \u0627\u0644\u0637\u0647\u064a<\/a><\/li>\n\t<li class=\"menu-item menu-item-type-post_type menu-item-object-page menu-item-15870\"><a href=\"https:\/\/mikariyer.com\/ar\/kariyer\/meister\/kuafor-kisisel-bakim-ve-guzellik\/\" class=\"elementor-sub-item\" tabindex=\"-1\">\u0645\u0635\u0641\u0641 \u0627\u0644\u0634\u0639\u0631 \u0648\u0627\u0644\u0639\u0646\u0627\u064a\u0629 \u0627\u0644\u0634\u062e\u0635\u064a\u0629 \u0648\u0627\u0644\u062a\u062c\u0645\u064a\u0644<\/a><\/li>\n\t<li class=\"menu-item menu-item-type-post_type menu-item-object-page menu-item-15871\"><a href=\"https:\/\/mikariyer.com\/ar\/kariyer\/meister\/kres-ve-anaokulu\/\" class=\"elementor-sub-item\" tabindex=\"-1\">\u0627\u0644\u062d\u0636\u0627\u0646\u0629 \u0648\u0631\u064a\u0627\u0636 \u0627\u0644\u0623\u0637\u0641\u0627\u0644<\/a><\/li>\n\t<li class=\"menu-item menu-item-type-post_type menu-item-object-page menu-item-15872\"><a href=\"https:\/\/mikariyer.com\/ar\/kariyer\/meister\/lojistik-ve-tir-soforlugu\/\" class=\"elementor-sub-item\" tabindex=\"-1\">\u0627\u0644\u062e\u062f\u0645\u0627\u062a \u0627\u0644\u0644\u0648\u062c\u0633\u062a\u064a\u0629 \u0648\u0642\u064a\u0627\u062f\u0629 \u0627\u0644\u0634\u0627\u062d\u0646\u0627\u062a<\/a><\/li>\n<\/ul>\n<\/li>\n<li class=\"menu-item menu-item-type-post_type menu-item-object-page menu-item-has-children menu-item-15873\"><a href=\"https:\/\/mikariyer.com\/ar\/kariyer\/coaching\/\" class=\"elementor-item\" tabindex=\"-1\">\u0627\u0644\u062a\u062f\u0631\u064a\u0628<\/a>\n<ul class=\"sub-menu elementor-nav-menu--dropdown\">\n\t<li class=\"menu-item menu-item-type-post_type menu-item-object-page menu-item-15874\"><a href=\"https:\/\/mikariyer.com\/ar\/kariyer\/coaching\/ilk-adim-danismanligi\/\" class=\"elementor-sub-item\" tabindex=\"-1\">\u0627\u0633\u062a\u0634\u0627\u0631\u0627\u062a \u0627\u0644\u062e\u0637\u0648\u0629 \u0627\u0644\u0623\u0648\u0644\u0649<\/a><\/li>\n\t<li class=\"menu-item menu-item-type-post_type menu-item-object-page menu-item-15875\"><a href=\"https:\/\/mikariyer.com\/ar\/kariyer\/coaching\/kariyer-danismanligi\/\" class=\"elementor-sub-item\" tabindex=\"-1\">\u0627\u0644\u0627\u0633\u062a\u0634\u0627\u0631\u0627\u062a \u0627\u0644\u0645\u0647\u0646\u064a\u0629<\/a><\/li>\n\t<li class=\"menu-item menu-item-type-post_type menu-item-object-page menu-item-15876\"><a href=\"https:\/\/mikariyer.com\/ar\/kariyer\/coaching\/mesleki-denklik-danismanligi\/\" class=\"elementor-sub-item\" tabindex=\"-1\">\u0627\u0633\u062a\u0634\u0627\u0631\u0627\u062a \u0627\u0644\u0627\u0639\u062a\u0631\u0627\u0641 \u0627\u0644\u0645\u0647\u0646\u064a<\/a><\/li>\n\t<li class=\"menu-item menu-item-type-post_type menu-item-object-page menu-item-15877\"><a href=\"https:\/\/mikariyer.com\/ar\/kariyer\/coaching\/is-basvurusu-danismanligi\/\" class=\"elementor-sub-item\" tabindex=\"-1\">\u0627\u0633\u062a\u0634\u0627\u0631\u0627\u062a \u0627\u0644\u062a\u0642\u062f\u064a\u0645 \u0644\u0644\u0648\u0638\u0627\u0626\u0641<\/a><\/li>\n\t<li class=\"menu-item menu-item-type-post_type menu-item-object-page menu-item-15878\"><a href=\"https:\/\/mikariyer.com\/ar\/kariyer\/coaching\/ise-yerlestirme-danismanligi\/\" class=\"elementor-sub-item\" tabindex=\"-1\">\u0627\u0633\u062a\u0634\u0627\u0631\u0627\u062a \u0627\u0644\u062a\u0646\u0633\u064a\u0628 \u0627\u0644\u0648\u0638\u064a\u0641\u064a<\/a><\/li>\n\t<li class=\"menu-item menu-item-type-post_type menu-item-object-page menu-item-15879\"><a href=\"https:\/\/mikariyer.com\/ar\/kariyer\/coaching\/vize-ve-oturum-danismanligi\/\" class=\"elementor-sub-item\" tabindex=\"-1\">\u0627\u0633\u062a\u0634\u0627\u0631\u0627\u062a \u0627\u0644\u062a\u0623\u0634\u064a\u0631\u0627\u062a \u0648\u0627\u0644\u0625\u0642\u0627\u0645\u0629<\/a><\/li>\n\t<li class=\"menu-item menu-item-type-post_type menu-item-object-page menu-item-15880\"><a href=\"https:\/\/mikariyer.com\/ar\/kariyer\/coaching\/aile-birlesimi-danismanligi\/\" class=\"elementor-sub-item\" tabindex=\"-1\">\u0627\u0633\u062a\u0634\u0627\u0631\u0627\u062a \u0644\u0645 \u0634\u0645\u0644 \u0627\u0644\u0623\u0633\u0631\u0629<\/a><\/li>\n<\/ul>\n<\/li>\n<\/ul>\t\t\t<\/nav>\n\t\t\t\t\t\t<\/div>\n\t\t\t\t<\/div>\n\t\t\t\t<div class=\"elementor-element elementor-element-f7f0964 elementor-widget elementor-widget-infetech_elementor_heading\" data-id=\"f7f0964\" data-element_type=\"widget\" data-widget_type=\"infetech_elementor_heading.default\">\n\t\t\t\t<div class=\"elementor-widget-container\">\n\t\t\t\t\t\n\t\t\t<div class=\"ova-heading\">\n\t\t\t\t\n\t\t\t\t\t\t\t\t\t<h2 class=\"sub-title\">\n\t\t\t\t\t\t<span class=\"underlined\"><\/span>\n\t\t\t\t\t\tMiCareer\t\t\t\t\t<\/h2>\t\n\t\t\t\t\n\t\t\t\t\n\t\t\t\t\t<h3 class=\"title\">\t\t\t\t\t\t\t\t\t\t\t\t\t<a href=\"https:\/\/mikariyer.com\/ar\/iletisim\/\" title=\"\">\u0627\u062a\u0635\u0644 \u0628\u0646\u0627<\/a>\n\t\t\t\t\t\t\t\t\t\t\t<\/h3>\n                \n                \n\t\t\t<\/div>\n\n\t\t\t\t\t\t<\/div>\n\t\t\t\t<\/div>\n\t\t\t\t<div class=\"elementor-element elementor-element-4d4de5a elementor-widget elementor-widget-infetech_elementor_contact_info\" data-id=\"4d4de5a\" data-element_type=\"widget\" data-widget_type=\"infetech_elementor_contact_info.default\">\n\t\t\t\t<div class=\"elementor-widget-container\">\n\t\t\t\t\t\t\t\t<div class=\"ova-contact-info template2\">\n\t\t\t\t\n\t\t\t\t\t\t\t\t\t\t\t\t\t\t\t<div class=\"circle\">\n\t\t\t\t\t\t\t<div class=\"icon\">\n\t\t\t\t\t\t\t\t<i class=\"ovaicon ovaicon-phone-call\"><\/i>\n\t\t\t\t\t\t\t<\/div>\n\t\t\t\t\t\t<\/div>\t\n\t\t\t\t    \t\t\t    \t\t\t\t\n\t\t\t\t<div class=\"contact\">\n\t\t\t\t\t\n\t\t\t\t\t\t\t\t\t\t\t<div class=\"label\">\n\t\t\t\t\t\t\t\u0631\u0642\u0645 \u0627\u0644\u0627\u062a\u0635\u0627\u0644\t\t\t\t\t\t<\/div>\n\t\t\t\t\t\n\t\t\t\t\t<ul class=\"info\">\n\t\t\t\t\t\t\t\t\t\t\t\t\t<li class=\"item\">\n\n\t\t\t\t\t\t\t\t<a href=\"https:\/\/wa.me\/4917684915411\" title=\"+ 49 17684915411\">+ 49 17684915411<\/a>\t\t\t\t\t\t\t<\/li>\n\t\t\t\t\t\t\t\t\t\t\t<\/ul>\n\n\t\t\t\t<\/div>\n\n\t\t\t<\/div>\n\n\t\t\t\t\t\t<\/div>\n\t\t\t\t<\/div>\n\t\t\t\t<div class=\"elementor-element elementor-element-35fc5d4 elementor-widget elementor-widget-infetech_elementor_contact_info\" data-id=\"35fc5d4\" data-element_type=\"widget\" data-widget_type=\"infetech_elementor_contact_info.default\">\n\t\t\t\t<div class=\"elementor-widget-container\">\n\t\t\t\t\t\t\t\t<div class=\"ova-contact-info template2\">\n\t\t\t\t\n\t\t\t\t\t\t\t\t\t\t\t\t\t\t\t<div class=\"circle\">\n\t\t\t\t\t\t\t<div class=\"icon\">\n\t\t\t\t\t\t\t\t<i class=\"ovaicon ovaicon-email\"><\/i>\n\t\t\t\t\t\t\t<\/div>\n\t\t\t\t\t\t<\/div>\t\n\t\t\t\t    \t\t\t    \t\t\t\t\n\t\t\t\t<div class=\"contact\">\n\t\t\t\t\t\n\t\t\t\t\t\t\t\t\t\t\t<div class=\"label\">\n\t\t\t\t\t\t\t\u0639\u0646\u0648\u0627\u0646 \u0628\u0631\u064a\u062f\u0646\u0627\t\t\t\t\t\t<\/div>\n\t\t\t\t\t\n\t\t\t\t\t<ul class=\"info\">\n\t\t\t\t\t\t\t\t\t\t\t\t\t<li class=\"item\">\n\n\t\t\t\t\t\t\t\t\t\t\t\t\t\t\t\t\t\t\t<a href=\"mailto:info@mikariyer.com\" title=\"email\">\n\t\t\t\t\t\t\t\t\t\t\t\tinfo@mikariyer.com\t\t\t\t\t\t\t\t\t\t\t<\/a>\n\t\t\t\t\t\t\t\t\t\t\t\t\t\t\t\t\t<\/li>\n\t\t\t\t\t\t\t\t\t\t\t<\/ul>\n\n\t\t\t\t<\/div>\n\n\t\t\t<\/div>\n\n\t\t\t\t\t\t<\/div>\n\t\t\t\t<\/div>\n\t\t\t\t<div class=\"elementor-element elementor-element-4980cdb elementor-widget elementor-widget-infetech_elementor_contact_info\" data-id=\"4980cdb\" data-element_type=\"widget\" data-widget_type=\"infetech_elementor_contact_info.default\">\n\t\t\t\t<div class=\"elementor-widget-container\">\n\t\t\t\t\t\t\t\t<div class=\"ova-contact-info template2\">\n\t\t\t\t\n\t\t\t\t\t\t\t\t\t\t\t\t\t\t\t<div class=\"circle\">\n\t\t\t\t\t\t\t<div class=\"icon\">\n\t\t\t\t\t\t\t\t<i class=\"far fa-map\"><\/i>\n\t\t\t\t\t\t\t<\/div>\n\t\t\t\t\t\t<\/div>\t\n\t\t\t\t    \t\t\t    \t\t\t\t\n\t\t\t\t<div class=\"contact\">\n\t\t\t\t\t\n\t\t\t\t\t\t\t\t\t\t\t<div class=\"label\">\n\t\t\t\t\t\t\t\u0639\u0646\u0648\u0627\u0646\u0646\u0627\t\t\t\t\t\t<\/div>\n\t\t\t\t\t\n\t\t\t\t\t<ul class=\"info\">\n\t\t\t\t\t\t\t\t\t\t\t\t\t<li class=\"item\">\n\n\t\t\t\t\t\t\t\t<a href=\"https:\/\/maps.app.goo.gl\/HDJiQThZhUDnXWy77\" target=\"_blank\" title=\"338A \u0631\u064a\u062c\u0646\u062a\u0633 \u0628\u0627\u0631\u0643 \u0631\u0648\u062f 338A \u0631\u064a\u062c\u0646\u062a\u0633 \u0628\u0627\u0631\u0643 \u0645\u0643\u062a\u0628 3 \u0648 4 \u0644\u0646\u062f\u0646 \u0627\u0644\u0645\u0645\u0644\u0643\u0629 \u0627\u0644\u0645\u062a\u062d\u062f\u0629 N3 2LN\">338A \u0631\u064a\u062c\u0646\u062a\u0633 \u0628\u0627\u0631\u0643 \u0631\u0648\u062f 338A \u0631\u064a\u062c\u0646\u062a\u0633 \u0628\u0627\u0631\u0643 \u0645\u0643\u062a\u0628 3 \u0648 4 \u0644\u0646\u062f\u0646 \u0627\u0644\u0645\u0645\u0644\u0643\u0629 \u0627\u0644\u0645\u062a\u062d\u062f\u0629 N3 2LN<\/a>\t\t\t\t\t\t\t<\/li>\n\t\t\t\t\t\t\t\t\t\t\t<\/ul>\n\n\t\t\t\t<\/div>\n\n\t\t\t<\/div>\n\n\t\t\t\t\t\t<\/div>\n\t\t\t\t<\/div>\n\t\t\t\t<\/div>\n\t\t\t\t\t<\/div>\n\t\t\t\t<\/div>\n\t\t\t\t<\/div>\n\t\t<\/div>\n\t\t\t\t\t\t<\/div>\n\t\t\t\t<\/div>\n\t\t\t\t<\/div>\n\t\t<div class=\"elementor-element elementor-element-d734e80 e-con-full e-flex e-con e-child\" data-id=\"d734e80\" data-element_type=\"container\">\n\t\t\t\t<div class=\"elementor-element elementor-element-8a8040e elementor-widget elementor-widget-infetech_elementor_heading\" data-id=\"8a8040e\" data-element_type=\"widget\" data-widget_type=\"infetech_elementor_heading.default\">\n\t\t\t\t<div class=\"elementor-widget-container\">\n\t\t\t\t\t\n\t\t\t<div class=\"ova-heading\">\n\t\t\t\t\n\t\t\t\t\t\t\t\t\t<h2 class=\"sub-title\">\n\t\t\t\t\t\t<span class=\"underlined\"><\/span>\n\t\t\t\t\t\t\u0627\u0644\u062d\u064a\u0627\u0629 \u0627\u0644\u0648\u0638\u064a\u0641\u064a\u0629\t\t\t\t\t<\/h2>\t\n\t\t\t\t\n\t\t\t\t\n\t\t\t\t\t<h2 class=\"title\">\t\t\t\t\t\t\t\t\t\t\t\t\t<a href=\"https:\/\/mikariyer.com\/ar\/kariyer\/medicare\/doktor\/\" title=\"\">\u062f\u0643\u062a\u0648\u0631<\/a>\n\t\t\t\t\t\t\t\t\t\t\t<\/h2>\n                \n                \n\t\t\t<\/div>\n\n\t\t\t\t\t\t<\/div>\n\t\t\t\t<\/div>\n\t\t\t\t<div class=\"elementor-element elementor-element-9fb36d8 elementor-blockquote--skin-boxed elementor-blockquote--align-center elementor-blockquote--button-color-official elementor-widget elementor-widget-blockquote\" data-id=\"9fb36d8\" data-element_type=\"widget\" data-widget_type=\"blockquote.default\">\n\t\t\t\t<div class=\"elementor-widget-container\">\n\t\t\t\t\t\t\t<blockquote class=\"elementor-blockquote\">\n\t\t\t<p class=\"elementor-blockquote__content\">\n\t\t\t\tAlmanya\u2019da Hekimlik; Mesleki M\u00fckemmellik, Ya\u015famda Zenginlik, T\u0131pta \u00d6nc\u00fcl\u00fck!\t\t\t<\/p>\n\t\t\t\t\t<\/blockquote>\n\t\t\t\t\t\t<\/div>\n\t\t\t\t<\/div>\n\t\t\t\t<div class=\"elementor-element elementor-element-dc33059 elementor-widget elementor-widget-text-editor\" data-id=\"dc33059\" data-element_type=\"widget\" data-widget_type=\"text-editor.default\">\n\t\t\t\t<div class=\"elementor-widget-container\">\n\t\t\t\t\t\t\t\t\t<p>Almanya, t\u0131p alan\u0131nda d\u00fcnya \u00e7ap\u0131nda \u00f6nc\u00fcl\u00fc\u011f\u00fcn\u00fc ve \u00fcst\u00fcn ba\u015far\u0131s\u0131n\u0131, insan odakl\u0131 \u00e7al\u0131\u015fma ortam\u0131 ve kapsaml\u0131 sosyal haklarla birle\u015ftirerek, doktorlar\u0131 hem mesleki ba\u015far\u0131 hem de ya\u015fam kalitesinde zirveye ula\u015ft\u0131racak heyecan verici ve meydan okuyan bir yolculu\u011fa \u00e7a\u011f\u0131r\u0131yor!<\/p>\t\t\t\t\t\t\t\t<\/div>\n\t\t\t\t<\/div>\n\t\t\t\t<div class=\"elementor-element elementor-element-380bf73 elementor-widget elementor-widget-text-editor\" data-id=\"380bf73\" data-element_type=\"widget\" data-widget_type=\"text-editor.default\">\n\t\t\t\t<div class=\"elementor-widget-container\">\n\t\t\t\t\t\t\t\t\t<p>Almanya\u2019n\u0131n t\u0131p d\u00fcnyas\u0131ndaki \u00fcst\u00fcn ba\u015far\u0131s\u0131 ve insan merkezli \u00e7al\u0131\u015fma ko\u015fullar\u0131, k\u00fcresel doktorlar\u0131 kariyerlerini bu bereketli topraklarda geli\u015ftirmeye \u00e7a\u011f\u0131r\u0131yor. Ancak, bu yolculuk beklenmedik zorluklarla dolu; yan\u0131lt\u0131c\u0131 bilgiler ve engeller, s\u00fcre\u00e7leri uzatabilir. Mikariyer Doktor Program\u0131 ile, Almanya\u2019da mesleki y\u00fckseli\u015finize do\u011fru bilgi ve profesyonel rehberlikle g\u00fcvenle ad\u0131m at\u0131n!<\/p>\t\t\t\t\t\t\t\t<\/div>\n\t\t\t\t<\/div>\n\t\t\t\t<div class=\"elementor-element elementor-element-a717f4b elementor-widget elementor-widget-image\" data-id=\"a717f4b\" data-element_type=\"widget\" data-widget_type=\"image.default\">\n\t\t\t\t<div class=\"elementor-widget-container\">\n\t\t\t\t\t\t\t\t\t\t\t\t\t\t\t<img fetchpriority=\"high\" decoding=\"async\" width=\"768\" height=\"490\" src=\"https:\/\/mikariyer.com\/wp-content\/uploads\/2024\/06\/portrait-three-medical-workers-768x490.jpg\" class=\"attachment-medium_large size-medium_large wp-image-18152\" alt=\"\" srcset=\"https:\/\/mikariyer.com\/wp-content\/uploads\/2024\/06\/portrait-three-medical-workers-768x490.jpg 768w, https:\/\/mikariyer.com\/wp-content\/uploads\/2024\/06\/portrait-three-medical-workers-300x192.jpg 300w, https:\/\/mikariyer.com\/wp-content\/uploads\/2024\/06\/portrait-three-medical-workers-1024x654.jpg 1024w, https:\/\/mikariyer.com\/wp-content\/uploads\/2024\/06\/portrait-three-medical-workers-1536x981.jpg 1536w, https:\/\/mikariyer.com\/wp-content\/uploads\/2024\/06\/portrait-three-medical-workers-2048x1308.jpg 2048w\" sizes=\"(max-width: 768px) 100vw, 768px\" \/>\t\t\t\t\t\t\t\t\t\t\t\t\t\t\t<\/div>\n\t\t\t\t<\/div>\n\t\t\t\t<div class=\"elementor-element elementor-element-eec82c0 elementor-widget elementor-widget-heading\" data-id=\"eec82c0\" data-element_type=\"widget\" data-widget_type=\"heading.default\">\n\t\t\t\t<div class=\"elementor-widget-container\">\n\t\t\t\t\t<h4 class=\"elementor-heading-title elementor-size-default\">Verece\u011fimiz hizmetleri ana hatlar\u0131yla \u015fu \u015fekilde s\u0131ralayabiliriz;<\/h4>\t\t\t\t<\/div>\n\t\t\t\t<\/div>\n\t\t\t\t<div class=\"elementor-element elementor-element-20b518c elementor-widget elementor-widget-text-editor\" data-id=\"20b518c\" data-element_type=\"widget\" data-widget_type=\"text-editor.default\">\n\t\t\t\t<div class=\"elementor-widget-container\">\n\t\t\t\t\t\t\t\t\t<ul><li>Profil analizi ve kariyer planlama<\/li><li>Dil kursu<\/li><li>Approbation dosyas\u0131 haz\u0131rlama<\/li><li>Denklik i\u015flemleri<\/li><li>Mesleki Almanca s\u0131nav\u0131na (FSP) haz\u0131rlama<\/li><li>\u0130\u015f bulma ve i\u015fe yerle\u015ftirme<\/li><li>Vize i\u015flemleri<\/li><li>\u0130lk geli\u015fte kar\u015f\u0131lama ve konaklama hizmetleri<\/li><li>\u00c7al\u0131\u015fma izni ve oturum i\u015flemleri<\/li><li>Sosyal adaptasyon deste\u011fi<\/li><\/ul><p>Bu ad\u0131mlar, Almanya\u2019da doktor olarak \u00e7al\u0131\u015fmak isteyen yurtd\u0131\u015f\u0131ndaki profesyoneller i\u00e7in temel bir rehber niteli\u011findedir. Her ad\u0131m\u0131n detaylar\u0131 ve gereklilikleri ki\u015fisel duruma g\u00f6re de\u011fi\u015fiklik g\u00f6sterebilir, bu nedenle her ad\u0131mda profesyonel dan\u0131\u015fmanl\u0131k almak \u00f6nemlidir.<\/p>\t\t\t\t\t\t\t\t<\/div>\n\t\t\t\t<\/div>\n\t\t\t\t<div class=\"elementor-element elementor-element-74c7f5e elementor-blockquote--skin-boxed elementor-blockquote--align-center elementor-blockquote--button-color-official elementor-widget elementor-widget-blockquote\" data-id=\"74c7f5e\" data-element_type=\"widget\" data-widget_type=\"blockquote.default\">\n\t\t\t\t<div class=\"elementor-widget-container\">\n\t\t\t\t\t\t\t<blockquote class=\"elementor-blockquote\">\n\t\t\t<p class=\"elementor-blockquote__content\">\n\t\t\t\tMiKariyer\u2019le, Doktorluk kariyer hayallerinizi ger\u00e7e\u011fe d\u00f6n\u00fc\u015ft\u00fcrelim.\t\t\t<\/p>\n\t\t\t\t\t<\/blockquote>\n\t\t\t\t\t\t<\/div>\n\t\t\t\t<\/div>\n\t\t\t\t<div class=\"elementor-element elementor-element-a1ee72e elementor-widget elementor-widget-text-editor\" data-id=\"a1ee72e\" data-element_type=\"widget\" data-widget_type=\"text-editor.default\">\n\t\t\t\t<div class=\"elementor-widget-container\">\n\t\t\t\t\t\t\t\t\t<p>MiKariyer Doktor Program\u0131\u2019n\u0131n sundu\u011fu destekle, kariyer yolculu\u011funuzda ba\u015ftan sona t\u00fcm s\u00fcre\u00e7te yan\u0131n\u0131zday\u0131z.<\/p><p>MiKariyer Doktor Program\u0131 ilginizi \u00e7ektiyse ve Almanya\u2019da kariyerinizi \u015fekillendirmeye haz\u0131rsan\u0131z, l\u00fctfen ba\u015fvuru formumuzu doldurarak bizimle ileti\u015fime ge\u00e7in.<\/p>\t\t\t\t\t\t\t\t<\/div>\n\t\t\t\t<\/div>\n\t\t\t\t<div class=\"elementor-element elementor-element-3ddb0ff elementor-align-center elementor-widget elementor-widget-button\" data-id=\"3ddb0ff\" data-element_type=\"widget\" data-widget_type=\"button.default\">\n\t\t\t\t<div class=\"elementor-widget-container\">\n\t\t\t\t\t\t\t\t\t<div class=\"elementor-button-wrapper\">\n\t\t\t\t\t<a class=\"elementor-button elementor-button-link elementor-size-sm\" href=\"https:\/\/mikariyer.com\/ar\/iletisim\/\">\n\t\t\t\t\t\t<span class=\"elementor-button-content-wrapper\">\n\t\t\t\t\t\t\t\t\t<span class=\"elementor-button-text\">\u062a\u0648\u0627\u0635\u0644 \u0645\u0639\u0646\u0627<\/span>\n\t\t\t\t\t<\/span>\n\t\t\t\t\t<\/a>\n\t\t\t\t<\/div>\n\t\t\t\t\t\t\t\t<\/div>\n\t\t\t\t<\/div>\n\t\t\t\t<\/div>\n\t\t\t\t<\/div>\n\t\t\t\t<\/div>","protected":false},"excerpt":{"rendered":"<p>Kariyer Doktor Almanya\u2019da Hekimlik; Mesleki M\u00fckemmellik, Ya\u015famda Zenginlik, T\u0131pta \u00d6nc\u00fcl\u00fck! Almanya, t\u0131p alan\u0131nda d\u00fcnya \u00e7ap\u0131nda \u00f6nc\u00fcl\u00fc\u011f\u00fcn\u00fc ve \u00fcst\u00fcn ba\u015far\u0131s\u0131n\u0131, insan odakl\u0131 \u00e7al\u0131\u015fma ortam\u0131 ve kapsaml\u0131 sosyal haklarla birle\u015ftirerek, doktorlar\u0131 hem mesleki ba\u015far\u0131 hem de ya\u015fam kalitesinde zirveye ula\u015ft\u0131racak heyecan verici ve meydan okuyan bir yolculu\u011fa \u00e7a\u011f\u0131r\u0131yor! Almanya\u2019n\u0131n t\u0131p d\u00fcnyas\u0131ndaki \u00fcst\u00fcn ba\u015far\u0131s\u0131 ve insan merkezli \u00e7al\u0131\u015fma [&hellip;]<\/p>\n","protected":false},"author":3,"featured_media":0,"parent":15725,"menu_order":4,"comment_status":"closed","ping_status":"closed","template":"","meta":{"footnotes":""},"class_list":["post-15733","page","type-page","status-publish","hentry"],"_links":{"self":[{"href":"https:\/\/mikariyer.com\/ar\/wp-json\/wp\/v2\/pages\/15733","targetHints":{"allow":["GET"]}}],"collection":[{"href":"https:\/\/mikariyer.com\/ar\/wp-json\/wp\/v2\/pages"}],"about":[{"href":"https:\/\/mikariyer.com\/ar\/wp-json\/wp\/v2\/types\/page"}],"author":[{"embeddable":true,"href":"https:\/\/mikariyer.com\/ar\/wp-json\/wp\/v2\/users\/3"}],"replies":[{"embeddable":true,"href":"https:\/\/mikariyer.com\/ar\/wp-json\/wp\/v2\/comments?post=15733"}],"version-history":[{"count":1,"href":"https:\/\/mikariyer.com\/ar\/wp-json\/wp\/v2\/pages\/15733\/revisions"}],"predecessor-version":[{"id":18890,"href":"https:\/\/mikariyer.com\/ar\/wp-json\/wp\/v2\/pages\/15733\/revisions\/18890"}],"up":[{"embeddable":true,"href":"https:\/\/mikariyer.com\/ar\/wp-json\/wp\/v2\/pages\/15725"}],"wp:attachment":[{"href":"https:\/\/mikariyer.com\/ar\/wp-json\/wp\/v2\/media?parent=15733"}],"curies":[{"name":"wp","href":"https:\/\/api.w.org\/{rel}","templated":true}]}}