{"id":15741,"date":"2024-05-17T13:52:15","date_gmt":"2024-05-17T13:52:15","guid":{"rendered":"https:\/\/mikariyer.com\/?page_id=15741"},"modified":"2025-07-30T18:43:08","modified_gmt":"2025-07-30T18:43:08","slug":"kuafor-kisisel-bakim-ve-guzellik","status":"publish","type":"page","link":"https:\/\/mikariyer.com\/ar\/kariyer\/meister\/kuafor-kisisel-bakim-ve-guzellik\/","title":{"rendered":"\u0645\u0635\u0641\u0641 \u0627\u0644\u0634\u0639\u0631 \u0648\u0627\u0644\u0639\u0646\u0627\u064a\u0629 \u0627\u0644\u0634\u062e\u0635\u064a\u0629 \u0648\u0627\u0644\u062a\u062c\u0645\u064a\u0644"},"content":{"rendered":"<div data-elementor-type=\"wp-page\" data-elementor-id=\"15741\" class=\"elementor elementor-15741\" data-elementor-post-type=\"page\">\n\t\t\t\t<div class=\"elementor-element elementor-element-73d847b e-flex e-con-boxed e-con e-parent\" data-id=\"73d847b\" data-element_type=\"container\">\n\t\t\t\t\t<div class=\"e-con-inner\">\n\t\t<div class=\"elementor-element elementor-element-30ad693 e-con-full e-flex e-con e-child\" data-id=\"30ad693\" data-element_type=\"container\">\n\t\t\t\t<div class=\"elementor-element elementor-element-f56ca04 elementor-widget elementor-widget-shortcode\" data-id=\"f56ca04\" data-element_type=\"widget\" data-widget_type=\"shortcode.default\">\n\t\t\t\t<div class=\"elementor-widget-container\">\n\t\t\t\t\t\t\t<div class=\"elementor-shortcode\">\t\t<div data-elementor-type=\"single-post\" data-elementor-id=\"16101\" class=\"elementor elementor-16101\" data-elementor-post-type=\"elementor_library\">\n\t\t\t<div class=\"elementor-element elementor-element-9e95fdc elementor-hidden-mobile e-flex e-con-boxed e-con e-parent\" data-id=\"9e95fdc\" data-element_type=\"container\" data-settings=\"{&quot;background_background&quot;:&quot;classic&quot;}\">\n\t\t\t\t\t<div class=\"e-con-inner\">\n\t\t<div class=\"elementor-element elementor-element-0f2bfbe e-con-full e-flex e-con e-child\" data-id=\"0f2bfbe\" data-element_type=\"container\">\n\t\t\t\t<div class=\"elementor-element elementor-element-2f2d7a1 elementor-widget elementor-widget-infetech_elementor_heading\" data-id=\"2f2d7a1\" data-element_type=\"widget\" data-widget_type=\"infetech_elementor_heading.default\">\n\t\t\t\t<div class=\"elementor-widget-container\">\n\t\t\t\t\t\n\t\t\t<div class=\"ova-heading\">\n\t\t\t\t\n\t\t\t\t\n\t\t\t\t\n\t\t\t\t\t<h3 class=\"title\">\t\t\t\t\t\t\t\t\t\t\t\t\t<a href=\"https:\/\/mikariyer.com\/ar\/kariyer\/\" title=\"\">\u0627\u0644\u0648\u0638\u0627\u0626\u0641<\/a>\n\t\t\t\t\t\t\t\t\t\t\t<\/h3>\n                \n                \n\t\t\t<\/div>\n\n\t\t\t\t\t\t<\/div>\n\t\t\t\t<\/div>\n\t\t\t\t<div class=\"elementor-element elementor-element-0dbe6a5 elementor-nav-menu__text-align-aside elementor-widget elementor-widget-nav-menu\" data-id=\"0dbe6a5\" data-element_type=\"widget\" data-settings=\"{&quot;layout&quot;:&quot;dropdown&quot;,&quot;submenu_icon&quot;:{&quot;value&quot;:&quot;&lt;svg class=\\&quot;e-font-icon-svg e-fas-caret-down\\&quot; viewBox=\\&quot;0 0 320 512\\&quot; xmlns=\\&quot;http:\\\/\\\/www.w3.org\\\/2000\\\/svg\\&quot;&gt;&lt;path d=\\&quot;M31.3 192h257.3c17.8 0 26.7 21.5 14.1 34.1L174.1 354.8c-7.8 7.8-20.5 7.8-28.3 0L17.2 226.1C4.6 213.5 13.5 192 31.3 192z\\&quot;&gt;&lt;\\\/path&gt;&lt;\\\/svg&gt;&quot;,&quot;library&quot;:&quot;fa-solid&quot;}}\" data-widget_type=\"nav-menu.default\">\n\t\t\t\t<div class=\"elementor-widget-container\">\n\t\t\t\t\t\t\t\t<nav class=\"elementor-nav-menu--dropdown elementor-nav-menu__container\" aria-hidden=\"true\">\n\t\t\t\t<ul id=\"menu-2-0dbe6a5\" class=\"elementor-nav-menu\"><li class=\"menu-item menu-item-type-post_type menu-item-object-page menu-item-has-children menu-item-15862\"><a href=\"https:\/\/mikariyer.com\/ar\/kariyer\/medicare\/\" class=\"elementor-item\" tabindex=\"-1\">\u0627\u0644\u0631\u0639\u0627\u064a\u0629 \u0627\u0644\u0637\u0628\u064a\u0629<\/a>\n<ul class=\"sub-menu elementor-nav-menu--dropdown\">\n\t<li class=\"menu-item menu-item-type-post_type menu-item-object-page menu-item-15863\"><a href=\"https:\/\/mikariyer.com\/ar\/kariyer\/medicare\/hemsire\/\" class=\"elementor-sub-item\" tabindex=\"-1\">\u0645\u0645\u0631\u0636\u0629<\/a><\/li>\n\t<li class=\"menu-item menu-item-type-post_type menu-item-object-page menu-item-15864\"><a href=\"https:\/\/mikariyer.com\/ar\/kariyer\/medicare\/hemsire-asistani\/\" class=\"elementor-sub-item\" tabindex=\"-1\">\u0645\u0645\u0631\u0636\u0629 \u0645\u0633\u0627\u0639\u062f\u0629<\/a><\/li>\n\t<li class=\"menu-item menu-item-type-post_type menu-item-object-page menu-item-15865\"><a href=\"https:\/\/mikariyer.com\/ar\/kariyer\/medicare\/fizyoterapi\/\" class=\"elementor-sub-item\" tabindex=\"-1\">\u0627\u0644\u0639\u0644\u0627\u062c \u0627\u0644\u0637\u0628\u064a\u0639\u064a<\/a><\/li>\n\t<li class=\"menu-item menu-item-type-post_type menu-item-object-page menu-item-15866\"><a href=\"https:\/\/mikariyer.com\/ar\/kariyer\/medicare\/doktor\/\" class=\"elementor-sub-item\" tabindex=\"-1\">\u062f\u0643\u062a\u0648\u0631<\/a><\/li>\n<\/ul>\n<\/li>\n<li class=\"menu-item menu-item-type-post_type menu-item-object-page menu-item-has-children menu-item-15867\"><a href=\"https:\/\/mikariyer.com\/ar\/kariyer\/meister\/\" class=\"elementor-item\" tabindex=\"-1\">\u0645\u064a\u0633\u062a\u0631<\/a>\n<ul class=\"sub-menu elementor-nav-menu--dropdown\">\n\t<li class=\"menu-item menu-item-type-post_type menu-item-object-page menu-item-15868\"><a href=\"https:\/\/mikariyer.com\/ar\/kariyer\/meister\/teknik-eleman\/\" class=\"elementor-sub-item\" tabindex=\"-1\">\u0627\u0644\u0645\u0648\u0638\u0641\u0648\u0646 \u0627\u0644\u0641\u0646\u064a\u0648\u0646<\/a><\/li>\n\t<li class=\"menu-item menu-item-type-post_type menu-item-object-page menu-item-15869\"><a href=\"https:\/\/mikariyer.com\/ar\/kariyer\/meister\/gastronomi\/\" class=\"elementor-sub-item\" tabindex=\"-1\">\u0641\u0646 \u0627\u0644\u0637\u0647\u064a<\/a><\/li>\n\t<li class=\"menu-item menu-item-type-post_type menu-item-object-page menu-item-15870\"><a href=\"https:\/\/mikariyer.com\/ar\/kariyer\/meister\/kuafor-kisisel-bakim-ve-guzellik\/\" class=\"elementor-sub-item\" tabindex=\"-1\">\u0645\u0635\u0641\u0641 \u0627\u0644\u0634\u0639\u0631 \u0648\u0627\u0644\u0639\u0646\u0627\u064a\u0629 \u0627\u0644\u0634\u062e\u0635\u064a\u0629 \u0648\u0627\u0644\u062a\u062c\u0645\u064a\u0644<\/a><\/li>\n\t<li class=\"menu-item menu-item-type-post_type menu-item-object-page menu-item-15871\"><a href=\"https:\/\/mikariyer.com\/ar\/kariyer\/meister\/kres-ve-anaokulu\/\" class=\"elementor-sub-item\" tabindex=\"-1\">\u0627\u0644\u062d\u0636\u0627\u0646\u0629 \u0648\u0631\u064a\u0627\u0636 \u0627\u0644\u0623\u0637\u0641\u0627\u0644<\/a><\/li>\n\t<li class=\"menu-item menu-item-type-post_type menu-item-object-page menu-item-15872\"><a href=\"https:\/\/mikariyer.com\/ar\/kariyer\/meister\/lojistik-ve-tir-soforlugu\/\" class=\"elementor-sub-item\" tabindex=\"-1\">\u0627\u0644\u062e\u062f\u0645\u0627\u062a \u0627\u0644\u0644\u0648\u062c\u0633\u062a\u064a\u0629 \u0648\u0642\u064a\u0627\u062f\u0629 \u0627\u0644\u0634\u0627\u062d\u0646\u0627\u062a<\/a><\/li>\n<\/ul>\n<\/li>\n<li class=\"menu-item menu-item-type-post_type menu-item-object-page menu-item-has-children menu-item-15873\"><a href=\"https:\/\/mikariyer.com\/ar\/kariyer\/coaching\/\" class=\"elementor-item\" tabindex=\"-1\">\u0627\u0644\u062a\u062f\u0631\u064a\u0628<\/a>\n<ul class=\"sub-menu elementor-nav-menu--dropdown\">\n\t<li class=\"menu-item menu-item-type-post_type menu-item-object-page menu-item-15874\"><a href=\"https:\/\/mikariyer.com\/ar\/kariyer\/coaching\/ilk-adim-danismanligi\/\" class=\"elementor-sub-item\" tabindex=\"-1\">\u0627\u0633\u062a\u0634\u0627\u0631\u0627\u062a \u0627\u0644\u062e\u0637\u0648\u0629 \u0627\u0644\u0623\u0648\u0644\u0649<\/a><\/li>\n\t<li class=\"menu-item menu-item-type-post_type menu-item-object-page menu-item-15875\"><a href=\"https:\/\/mikariyer.com\/ar\/kariyer\/coaching\/kariyer-danismanligi\/\" class=\"elementor-sub-item\" tabindex=\"-1\">\u0627\u0644\u0627\u0633\u062a\u0634\u0627\u0631\u0627\u062a \u0627\u0644\u0645\u0647\u0646\u064a\u0629<\/a><\/li>\n\t<li class=\"menu-item menu-item-type-post_type menu-item-object-page menu-item-15876\"><a href=\"https:\/\/mikariyer.com\/ar\/kariyer\/coaching\/mesleki-denklik-danismanligi\/\" class=\"elementor-sub-item\" tabindex=\"-1\">\u0627\u0633\u062a\u0634\u0627\u0631\u0627\u062a \u0627\u0644\u0627\u0639\u062a\u0631\u0627\u0641 \u0627\u0644\u0645\u0647\u0646\u064a<\/a><\/li>\n\t<li class=\"menu-item menu-item-type-post_type menu-item-object-page menu-item-15877\"><a href=\"https:\/\/mikariyer.com\/ar\/kariyer\/coaching\/is-basvurusu-danismanligi\/\" class=\"elementor-sub-item\" tabindex=\"-1\">\u0627\u0633\u062a\u0634\u0627\u0631\u0627\u062a \u0627\u0644\u062a\u0642\u062f\u064a\u0645 \u0644\u0644\u0648\u0638\u0627\u0626\u0641<\/a><\/li>\n\t<li class=\"menu-item menu-item-type-post_type menu-item-object-page menu-item-15878\"><a href=\"https:\/\/mikariyer.com\/ar\/kariyer\/coaching\/ise-yerlestirme-danismanligi\/\" class=\"elementor-sub-item\" tabindex=\"-1\">\u0627\u0633\u062a\u0634\u0627\u0631\u0627\u062a \u0627\u0644\u062a\u0646\u0633\u064a\u0628 \u0627\u0644\u0648\u0638\u064a\u0641\u064a<\/a><\/li>\n\t<li class=\"menu-item menu-item-type-post_type menu-item-object-page menu-item-15879\"><a href=\"https:\/\/mikariyer.com\/ar\/kariyer\/coaching\/vize-ve-oturum-danismanligi\/\" class=\"elementor-sub-item\" tabindex=\"-1\">\u0627\u0633\u062a\u0634\u0627\u0631\u0627\u062a \u0627\u0644\u062a\u0623\u0634\u064a\u0631\u0627\u062a \u0648\u0627\u0644\u0625\u0642\u0627\u0645\u0629<\/a><\/li>\n\t<li class=\"menu-item menu-item-type-post_type menu-item-object-page menu-item-15880\"><a href=\"https:\/\/mikariyer.com\/ar\/kariyer\/coaching\/aile-birlesimi-danismanligi\/\" class=\"elementor-sub-item\" tabindex=\"-1\">\u0627\u0633\u062a\u0634\u0627\u0631\u0627\u062a \u0644\u0645 \u0634\u0645\u0644 \u0627\u0644\u0623\u0633\u0631\u0629<\/a><\/li>\n<\/ul>\n<\/li>\n<\/ul>\t\t\t<\/nav>\n\t\t\t\t\t\t<\/div>\n\t\t\t\t<\/div>\n\t\t\t\t<div class=\"elementor-element elementor-element-f7f0964 elementor-widget elementor-widget-infetech_elementor_heading\" data-id=\"f7f0964\" data-element_type=\"widget\" data-widget_type=\"infetech_elementor_heading.default\">\n\t\t\t\t<div class=\"elementor-widget-container\">\n\t\t\t\t\t\n\t\t\t<div class=\"ova-heading\">\n\t\t\t\t\n\t\t\t\t\t\t\t\t\t<h2 class=\"sub-title\">\n\t\t\t\t\t\t<span class=\"underlined\"><\/span>\n\t\t\t\t\t\tMiCareer\t\t\t\t\t<\/h2>\t\n\t\t\t\t\n\t\t\t\t\n\t\t\t\t\t<h3 class=\"title\">\t\t\t\t\t\t\t\t\t\t\t\t\t<a href=\"https:\/\/mikariyer.com\/ar\/iletisim\/\" title=\"\">\u0627\u062a\u0635\u0644 \u0628\u0646\u0627<\/a>\n\t\t\t\t\t\t\t\t\t\t\t<\/h3>\n                \n                \n\t\t\t<\/div>\n\n\t\t\t\t\t\t<\/div>\n\t\t\t\t<\/div>\n\t\t\t\t<div class=\"elementor-element elementor-element-4d4de5a elementor-widget elementor-widget-infetech_elementor_contact_info\" data-id=\"4d4de5a\" data-element_type=\"widget\" data-widget_type=\"infetech_elementor_contact_info.default\">\n\t\t\t\t<div class=\"elementor-widget-container\">\n\t\t\t\t\t\t\t\t<div class=\"ova-contact-info template2\">\n\t\t\t\t\n\t\t\t\t\t\t\t\t\t\t\t\t\t\t\t<div class=\"circle\">\n\t\t\t\t\t\t\t<div class=\"icon\">\n\t\t\t\t\t\t\t\t<i class=\"ovaicon ovaicon-phone-call\"><\/i>\n\t\t\t\t\t\t\t<\/div>\n\t\t\t\t\t\t<\/div>\t\n\t\t\t\t    \t\t\t    \t\t\t\t\n\t\t\t\t<div class=\"contact\">\n\t\t\t\t\t\n\t\t\t\t\t\t\t\t\t\t\t<div class=\"label\">\n\t\t\t\t\t\t\t\u0631\u0642\u0645 \u0627\u0644\u0627\u062a\u0635\u0627\u0644\t\t\t\t\t\t<\/div>\n\t\t\t\t\t\n\t\t\t\t\t<ul class=\"info\">\n\t\t\t\t\t\t\t\t\t\t\t\t\t<li class=\"item\">\n\n\t\t\t\t\t\t\t\t<a href=\"https:\/\/wa.me\/4917684915411\" title=\"+ 49 17684915411\">+ 49 17684915411<\/a>\t\t\t\t\t\t\t<\/li>\n\t\t\t\t\t\t\t\t\t\t\t<\/ul>\n\n\t\t\t\t<\/div>\n\n\t\t\t<\/div>\n\n\t\t\t\t\t\t<\/div>\n\t\t\t\t<\/div>\n\t\t\t\t<div class=\"elementor-element elementor-element-35fc5d4 elementor-widget elementor-widget-infetech_elementor_contact_info\" data-id=\"35fc5d4\" data-element_type=\"widget\" data-widget_type=\"infetech_elementor_contact_info.default\">\n\t\t\t\t<div class=\"elementor-widget-container\">\n\t\t\t\t\t\t\t\t<div class=\"ova-contact-info template2\">\n\t\t\t\t\n\t\t\t\t\t\t\t\t\t\t\t\t\t\t\t<div class=\"circle\">\n\t\t\t\t\t\t\t<div class=\"icon\">\n\t\t\t\t\t\t\t\t<i class=\"ovaicon ovaicon-email\"><\/i>\n\t\t\t\t\t\t\t<\/div>\n\t\t\t\t\t\t<\/div>\t\n\t\t\t\t    \t\t\t    \t\t\t\t\n\t\t\t\t<div class=\"contact\">\n\t\t\t\t\t\n\t\t\t\t\t\t\t\t\t\t\t<div class=\"label\">\n\t\t\t\t\t\t\t\u0639\u0646\u0648\u0627\u0646 \u0628\u0631\u064a\u062f\u0646\u0627\t\t\t\t\t\t<\/div>\n\t\t\t\t\t\n\t\t\t\t\t<ul class=\"info\">\n\t\t\t\t\t\t\t\t\t\t\t\t\t<li class=\"item\">\n\n\t\t\t\t\t\t\t\t\t\t\t\t\t\t\t\t\t\t\t<a href=\"mailto:info@mikariyer.com\" title=\"email\">\n\t\t\t\t\t\t\t\t\t\t\t\tinfo@mikariyer.com\t\t\t\t\t\t\t\t\t\t\t<\/a>\n\t\t\t\t\t\t\t\t\t\t\t\t\t\t\t\t\t<\/li>\n\t\t\t\t\t\t\t\t\t\t\t<\/ul>\n\n\t\t\t\t<\/div>\n\n\t\t\t<\/div>\n\n\t\t\t\t\t\t<\/div>\n\t\t\t\t<\/div>\n\t\t\t\t<div class=\"elementor-element elementor-element-4980cdb elementor-widget elementor-widget-infetech_elementor_contact_info\" data-id=\"4980cdb\" data-element_type=\"widget\" data-widget_type=\"infetech_elementor_contact_info.default\">\n\t\t\t\t<div class=\"elementor-widget-container\">\n\t\t\t\t\t\t\t\t<div class=\"ova-contact-info template2\">\n\t\t\t\t\n\t\t\t\t\t\t\t\t\t\t\t\t\t\t\t<div class=\"circle\">\n\t\t\t\t\t\t\t<div class=\"icon\">\n\t\t\t\t\t\t\t\t<i class=\"far fa-map\"><\/i>\n\t\t\t\t\t\t\t<\/div>\n\t\t\t\t\t\t<\/div>\t\n\t\t\t\t    \t\t\t    \t\t\t\t\n\t\t\t\t<div class=\"contact\">\n\t\t\t\t\t\n\t\t\t\t\t\t\t\t\t\t\t<div class=\"label\">\n\t\t\t\t\t\t\t\u0639\u0646\u0648\u0627\u0646\u0646\u0627\t\t\t\t\t\t<\/div>\n\t\t\t\t\t\n\t\t\t\t\t<ul class=\"info\">\n\t\t\t\t\t\t\t\t\t\t\t\t\t<li class=\"item\">\n\n\t\t\t\t\t\t\t\t<a href=\"https:\/\/maps.app.goo.gl\/HDJiQThZhUDnXWy77\" target=\"_blank\" title=\"338A \u0631\u064a\u062c\u0646\u062a\u0633 \u0628\u0627\u0631\u0643 \u0631\u0648\u062f 338A \u0631\u064a\u062c\u0646\u062a\u0633 \u0628\u0627\u0631\u0643 \u0645\u0643\u062a\u0628 3 \u0648 4 \u0644\u0646\u062f\u0646 \u0627\u0644\u0645\u0645\u0644\u0643\u0629 \u0627\u0644\u0645\u062a\u062d\u062f\u0629 N3 2LN\">338A \u0631\u064a\u062c\u0646\u062a\u0633 \u0628\u0627\u0631\u0643 \u0631\u0648\u062f 338A \u0631\u064a\u062c\u0646\u062a\u0633 \u0628\u0627\u0631\u0643 \u0645\u0643\u062a\u0628 3 \u0648 4 \u0644\u0646\u062f\u0646 \u0627\u0644\u0645\u0645\u0644\u0643\u0629 \u0627\u0644\u0645\u062a\u062d\u062f\u0629 N3 2LN<\/a>\t\t\t\t\t\t\t<\/li>\n\t\t\t\t\t\t\t\t\t\t\t<\/ul>\n\n\t\t\t\t<\/div>\n\n\t\t\t<\/div>\n\n\t\t\t\t\t\t<\/div>\n\t\t\t\t<\/div>\n\t\t\t\t<\/div>\n\t\t\t\t\t<\/div>\n\t\t\t\t<\/div>\n\t\t\t\t<\/div>\n\t\t<\/div>\n\t\t\t\t\t\t<\/div>\n\t\t\t\t<\/div>\n\t\t\t\t<\/div>\n\t\t<div class=\"elementor-element elementor-element-da5a648 e-con-full e-flex e-con e-child\" data-id=\"da5a648\" data-element_type=\"container\">\n\t\t\t\t<div class=\"elementor-element elementor-element-d703c4c elementor-widget elementor-widget-infetech_elementor_heading\" data-id=\"d703c4c\" data-element_type=\"widget\" data-widget_type=\"infetech_elementor_heading.default\">\n\t\t\t\t<div class=\"elementor-widget-container\">\n\t\t\t\t\t\n\t\t\t<div class=\"ova-heading\">\n\t\t\t\t\n\t\t\t\t\t\t\t\t\t<h2 class=\"sub-title\">\n\t\t\t\t\t\t<span class=\"underlined\"><\/span>\n\t\t\t\t\t\t\u0627\u0644\u062d\u064a\u0627\u0629 \u0627\u0644\u0648\u0638\u064a\u0641\u064a\u0629\t\t\t\t\t<\/h2>\t\n\t\t\t\t\n\t\t\t\t\n\t\t\t\t\t<h2 class=\"title\">\t\t\t\t\t\t\t\t\t\t\t\t\t<a href=\"https:\/\/mikariyer.com\/ar\/kariyer\/meister\/kuafor-kisisel-bakim-ve-guzellik\/\" title=\"\">Kuaf\u00f6r ve Ki\u015fisel Bak\u0131m ve G\u00fczellik<\/a>\n\t\t\t\t\t\t\t\t\t\t\t<\/h2>\n                \n                \n\t\t\t<\/div>\n\n\t\t\t\t\t\t<\/div>\n\t\t\t\t<\/div>\n\t\t\t\t<div class=\"elementor-element elementor-element-0d6a57a elementor-blockquote--skin-boxed elementor-blockquote--align-center elementor-blockquote--button-color-official elementor-widget elementor-widget-blockquote\" data-id=\"0d6a57a\" data-element_type=\"widget\" data-widget_type=\"blockquote.default\">\n\t\t\t\t<div class=\"elementor-widget-container\">\n\t\t\t\t\t\t\t<blockquote class=\"elementor-blockquote\">\n\t\t\t<p class=\"elementor-blockquote__content\">\n\t\t\t\tAlmanya\u2019da Kuaf\u00f6rl\u00fck; S\u0131n\u0131rlar\u0131 A\u015f\u0131n, Sanat\u0131n\u0131z\u0131 Konu\u015fturun!\t\t\t<\/p>\n\t\t\t\t\t<\/blockquote>\n\t\t\t\t\t\t<\/div>\n\t\t\t\t<\/div>\n\t\t\t\t<div class=\"elementor-element elementor-element-8ba1a23 elementor-widget elementor-widget-text-editor\" data-id=\"8ba1a23\" data-element_type=\"widget\" data-widget_type=\"text-editor.default\">\n\t\t\t\t<div class=\"elementor-widget-container\">\n\t\t\t\t\t\t\t\t\t<p>Almanya\u2019n\u0131n kuaf\u00f6rl\u00fck, g\u00fczellik ve bak\u0131m sekt\u00f6rlerindeki nitelikli eleman a\u00e7\u0131\u011f\u0131, profesyonellere rekabet\u00e7i maa\u015flar ve sa\u011flam bir sosyal g\u00fcvenlik a\u011f\u0131 sunarak, y\u00fcksek bir ya\u015fam standard\u0131 vaat ediyor. S\u00fcrekli e\u011fitim ve mesleki geli\u015fim f\u0131rsatlar\u0131yla desteklenen bu sekt\u00f6rler, \u00e7al\u0131\u015fanlara kariyerlerini uluslararas\u0131 bir platformda ilerletme imkan\u0131 tan\u0131yor.<\/p><p>MiKariyer Kuaf\u00f6rl\u00fck Program\u0131, Almanya\u2019n\u0131n kuaf\u00f6rl\u00fck, g\u00fczellik ve bak\u0131m sekt\u00f6rlerindeki canl\u0131 ve dinamik ortamda, sizin beceri ve hedeflerinize uygun bir kariyer yolu \u00e7izmeniz i\u00e7in g\u00fc\u00e7l\u00fc ve ki\u015fiye \u00f6zel profesyonel destek sa\u011flar..<\/p><p>Bu program size, sadece teknik yeteneklerinizi de\u011fil, ayn\u0131 zamanda profesyonel tutkunuzu da \u00f6n plana \u00e7\u0131kararak, h\u0131zl\u0131 ve etkin bir mesleki ilerleme f\u0131rsat\u0131 sunar.<\/p>\t\t\t\t\t\t\t\t<\/div>\n\t\t\t\t<\/div>\n\t\t\t\t<div class=\"elementor-element elementor-element-6102e6d elementor-widget elementor-widget-image\" data-id=\"6102e6d\" data-element_type=\"widget\" data-widget_type=\"image.default\">\n\t\t\t\t<div class=\"elementor-widget-container\">\n\t\t\t\t\t\t\t\t\t\t\t\t\t\t\t<img fetchpriority=\"high\" decoding=\"async\" width=\"768\" height=\"512\" src=\"https:\/\/mikariyer.com\/wp-content\/uploads\/2024\/06\/client-relaxing-while-getting-hairstyling-beauty-salon-768x512.jpg\" class=\"attachment-medium_large size-medium_large wp-image-16960\" alt=\"\" srcset=\"https:\/\/mikariyer.com\/wp-content\/uploads\/2024\/06\/client-relaxing-while-getting-hairstyling-beauty-salon-768x512.jpg 768w, https:\/\/mikariyer.com\/wp-content\/uploads\/2024\/06\/client-relaxing-while-getting-hairstyling-beauty-salon-300x200.jpg 300w, https:\/\/mikariyer.com\/wp-content\/uploads\/2024\/06\/client-relaxing-while-getting-hairstyling-beauty-salon-1024x683.jpg 1024w, https:\/\/mikariyer.com\/wp-content\/uploads\/2024\/06\/client-relaxing-while-getting-hairstyling-beauty-salon-1536x1025.jpg 1536w, https:\/\/mikariyer.com\/wp-content\/uploads\/2024\/06\/client-relaxing-while-getting-hairstyling-beauty-salon-2048x1367.jpg 2048w\" sizes=\"(max-width: 768px) 100vw, 768px\" \/>\t\t\t\t\t\t\t\t\t\t\t\t\t\t\t<\/div>\n\t\t\t\t<\/div>\n\t\t\t\t<div class=\"elementor-element elementor-element-64505b2 elementor-widget elementor-widget-heading\" data-id=\"64505b2\" data-element_type=\"widget\" data-widget_type=\"heading.default\">\n\t\t\t\t<div class=\"elementor-widget-container\">\n\t\t\t\t\t<h4 class=\"elementor-heading-title elementor-size-default\">Verece\u011fimiz hizmetleri ana hatlar\u0131yla \u015fu \u015fekilde s\u0131ralayabiliriz;<\/h4>\t\t\t\t<\/div>\n\t\t\t\t<\/div>\n\t\t\t\t<div class=\"elementor-element elementor-element-81a59a0 elementor-widget elementor-widget-text-editor\" data-id=\"81a59a0\" data-element_type=\"widget\" data-widget_type=\"text-editor.default\">\n\t\t\t\t<div class=\"elementor-widget-container\">\n\t\t\t\t\t\t\t\t\t<ul><li>Profil analizi ve kariyer planlama<\/li><li>Dil kursu<\/li><li>Denklik i\u015flemleri<\/li><li>\u0130\u015f bulma ve i\u015fe yerle\u015ftirme<\/li><li>Vize i\u015flemleri<\/li><li>\u0130lk geli\u015fte kar\u015f\u0131lama ve konaklama hizmetleri<\/li><li>\u00c7al\u0131\u015fma izni ve oturum i\u015flemleri<\/li><li>Sosyal adaptasyon deste\u011fi<\/li><\/ul><p>Bu ad\u0131mlar, Almanya\u2019da kuaf\u00f6r olarak \u00e7al\u0131\u015fmak isteyen yurtd\u0131\u015f\u0131ndaki profesyoneller i\u00e7in temel bir rehber niteli\u011findedir. Her ad\u0131m\u0131n detaylar\u0131 ve gereklilikleri ki\u015fisel duruma g\u00f6re de\u011fi\u015fiklik g\u00f6sterebilir, bu nedenle her ad\u0131mda profesyonel dan\u0131\u015fmanl\u0131k almak \u00f6nemlidir.<\/p>\t\t\t\t\t\t\t\t<\/div>\n\t\t\t\t<\/div>\n\t\t\t\t<div class=\"elementor-element elementor-element-2da4439 elementor-blockquote--skin-boxed elementor-blockquote--align-center elementor-blockquote--button-color-official elementor-widget elementor-widget-blockquote\" data-id=\"2da4439\" data-element_type=\"widget\" data-widget_type=\"blockquote.default\">\n\t\t\t\t<div class=\"elementor-widget-container\">\n\t\t\t\t\t\t\t<blockquote class=\"elementor-blockquote\">\n\t\t\t<p class=\"elementor-blockquote__content\">\n\t\t\t\tMiKariyer\u2019le, Kuaf\u00f6rl\u00fck kariyer hayallerinizi ger\u00e7e\u011fe d\u00f6n\u00fc\u015ft\u00fcrelim.\t\t\t<\/p>\n\t\t\t\t\t<\/blockquote>\n\t\t\t\t\t\t<\/div>\n\t\t\t\t<\/div>\n\t\t\t\t<div class=\"elementor-element elementor-element-192d9aa elementor-widget elementor-widget-text-editor\" data-id=\"192d9aa\" data-element_type=\"widget\" data-widget_type=\"text-editor.default\">\n\t\t\t\t<div class=\"elementor-widget-container\">\n\t\t\t\t\t\t\t\t\t<p>MiKariyer Hem\u015fire Asistan\u0131 Program\u0131\u2019n\u0131n sundu\u011fu destekle, kariyer yolculu\u011funuzda ba\u015ftan sona t\u00fcm s\u00fcre\u00e7te yan\u0131n\u0131zda olaca\u011f\u0131z.<\/p><p>MiKariyer Hem\u015fire Asistan\u0131 Program\u0131 ilginizi \u00e7ektiyse ve Almanya\u2019da kariyerinizi \u015fekillendirmeye haz\u0131rsan\u0131z, l\u00fctfen ba\u015fvuru formumuzu doldurarak bizimle ileti\u015fime ge\u00e7in.<\/p>\t\t\t\t\t\t\t\t<\/div>\n\t\t\t\t<\/div>\n\t\t\t\t<div class=\"elementor-element elementor-element-2faa1e6 elementor-align-center elementor-widget elementor-widget-button\" data-id=\"2faa1e6\" data-element_type=\"widget\" data-widget_type=\"button.default\">\n\t\t\t\t<div class=\"elementor-widget-container\">\n\t\t\t\t\t\t\t\t\t<div class=\"elementor-button-wrapper\">\n\t\t\t\t\t<a class=\"elementor-button elementor-button-link elementor-size-sm\" href=\"https:\/\/mikariyer.com\/ar\/iletisim\/\">\n\t\t\t\t\t\t<span class=\"elementor-button-content-wrapper\">\n\t\t\t\t\t\t\t\t\t<span class=\"elementor-button-text\">\u062a\u0648\u0627\u0635\u0644 \u0645\u0639\u0646\u0627<\/span>\n\t\t\t\t\t<\/span>\n\t\t\t\t\t<\/a>\n\t\t\t\t<\/div>\n\t\t\t\t\t\t\t\t<\/div>\n\t\t\t\t<\/div>\n\t\t\t\t<\/div>\n\t\t\t\t\t<\/div>\n\t\t\t\t<\/div>\n\t\t\t\t<\/div>","protected":false},"excerpt":{"rendered":"<p>Kariyer Kuaf\u00f6r ve Ki\u015fisel Bak\u0131m ve G\u00fczellik Almanya\u2019da Kuaf\u00f6rl\u00fck; S\u0131n\u0131rlar\u0131 A\u015f\u0131n, Sanat\u0131n\u0131z\u0131 Konu\u015fturun! Almanya\u2019n\u0131n kuaf\u00f6rl\u00fck, g\u00fczellik ve bak\u0131m sekt\u00f6rlerindeki nitelikli eleman a\u00e7\u0131\u011f\u0131, profesyonellere rekabet\u00e7i maa\u015flar ve sa\u011flam bir sosyal g\u00fcvenlik a\u011f\u0131 sunarak, y\u00fcksek bir ya\u015fam standard\u0131 vaat ediyor. S\u00fcrekli e\u011fitim ve mesleki geli\u015fim f\u0131rsatlar\u0131yla desteklenen bu sekt\u00f6rler, \u00e7al\u0131\u015fanlara kariyerlerini uluslararas\u0131 bir platformda ilerletme imkan\u0131 tan\u0131yor. [&hellip;]<\/p>\n","protected":false},"author":3,"featured_media":0,"parent":15735,"menu_order":3,"comment_status":"closed","ping_status":"closed","template":"","meta":{"footnotes":""},"class_list":["post-15741","page","type-page","status-publish","hentry"],"_links":{"self":[{"href":"https:\/\/mikariyer.com\/ar\/wp-json\/wp\/v2\/pages\/15741","targetHints":{"allow":["GET"]}}],"collection":[{"href":"https:\/\/mikariyer.com\/ar\/wp-json\/wp\/v2\/pages"}],"about":[{"href":"https:\/\/mikariyer.com\/ar\/wp-json\/wp\/v2\/types\/page"}],"author":[{"embeddable":true,"href":"https:\/\/mikariyer.com\/ar\/wp-json\/wp\/v2\/users\/3"}],"replies":[{"embeddable":true,"href":"https:\/\/mikariyer.com\/ar\/wp-json\/wp\/v2\/comments?post=15741"}],"version-history":[{"count":1,"href":"https:\/\/mikariyer.com\/ar\/wp-json\/wp\/v2\/pages\/15741\/revisions"}],"predecessor-version":[{"id":18949,"href":"https:\/\/mikariyer.com\/ar\/wp-json\/wp\/v2\/pages\/15741\/revisions\/18949"}],"up":[{"embeddable":true,"href":"https:\/\/mikariyer.com\/ar\/wp-json\/wp\/v2\/pages\/15735"}],"wp:attachment":[{"href":"https:\/\/mikariyer.com\/ar\/wp-json\/wp\/v2\/media?parent=15741"}],"curies":[{"name":"wp","href":"https:\/\/api.w.org\/{rel}","templated":true}]}}