{"id":15749,"date":"2024-05-17T13:59:30","date_gmt":"2024-05-17T13:59:30","guid":{"rendered":"https:\/\/mikariyer.com\/?page_id=15749"},"modified":"2025-07-30T18:53:13","modified_gmt":"2025-07-30T18:53:13","slug":"ilk-adim-danismanligi","status":"publish","type":"page","link":"https:\/\/mikariyer.com\/ar\/kariyer\/coaching\/ilk-adim-danismanligi\/","title":{"rendered":"\u0627\u0633\u062a\u0634\u0627\u0631\u0627\u062a \u0627\u0644\u062e\u0637\u0648\u0629 \u0627\u0644\u0623\u0648\u0644\u0649"},"content":{"rendered":"<div data-elementor-type=\"wp-page\" data-elementor-id=\"15749\" class=\"elementor elementor-15749\" data-elementor-post-type=\"page\">\n\t\t\t\t<div class=\"elementor-element elementor-element-47a5285 e-con-full e-flex e-con e-parent\" data-id=\"47a5285\" data-element_type=\"container\">\n\t\t<div class=\"elementor-element elementor-element-b5ec686 e-con-full e-flex e-con e-child\" data-id=\"b5ec686\" data-element_type=\"container\">\n\t\t\t\t<div class=\"elementor-element elementor-element-df364ff elementor-widget elementor-widget-shortcode\" data-id=\"df364ff\" data-element_type=\"widget\" data-widget_type=\"shortcode.default\">\n\t\t\t\t<div class=\"elementor-widget-container\">\n\t\t\t\t\t\t\t<div class=\"elementor-shortcode\">\t\t<div data-elementor-type=\"single-post\" data-elementor-id=\"16101\" class=\"elementor elementor-16101\" data-elementor-post-type=\"elementor_library\">\n\t\t\t<div class=\"elementor-element elementor-element-9e95fdc elementor-hidden-mobile e-flex e-con-boxed e-con e-parent\" data-id=\"9e95fdc\" data-element_type=\"container\" data-settings=\"{&quot;background_background&quot;:&quot;classic&quot;}\">\n\t\t\t\t\t<div class=\"e-con-inner\">\n\t\t<div class=\"elementor-element elementor-element-0f2bfbe e-con-full e-flex e-con e-child\" data-id=\"0f2bfbe\" data-element_type=\"container\">\n\t\t\t\t<div class=\"elementor-element elementor-element-2f2d7a1 elementor-widget elementor-widget-infetech_elementor_heading\" data-id=\"2f2d7a1\" data-element_type=\"widget\" data-widget_type=\"infetech_elementor_heading.default\">\n\t\t\t\t<div class=\"elementor-widget-container\">\n\t\t\t\t\t\n\t\t\t<div class=\"ova-heading\">\n\t\t\t\t\n\t\t\t\t\n\t\t\t\t\n\t\t\t\t\t<h3 class=\"title\">\t\t\t\t\t\t\t\t\t\t\t\t\t<a href=\"https:\/\/mikariyer.com\/ar\/kariyer\/\" title=\"\">\u0627\u0644\u0648\u0638\u0627\u0626\u0641<\/a>\n\t\t\t\t\t\t\t\t\t\t\t<\/h3>\n                \n                \n\t\t\t<\/div>\n\n\t\t\t\t\t\t<\/div>\n\t\t\t\t<\/div>\n\t\t\t\t<div class=\"elementor-element elementor-element-0dbe6a5 elementor-nav-menu__text-align-aside elementor-widget elementor-widget-nav-menu\" data-id=\"0dbe6a5\" data-element_type=\"widget\" data-settings=\"{&quot;layout&quot;:&quot;dropdown&quot;,&quot;submenu_icon&quot;:{&quot;value&quot;:&quot;&lt;svg class=\\&quot;e-font-icon-svg e-fas-caret-down\\&quot; viewBox=\\&quot;0 0 320 512\\&quot; xmlns=\\&quot;http:\\\/\\\/www.w3.org\\\/2000\\\/svg\\&quot;&gt;&lt;path d=\\&quot;M31.3 192h257.3c17.8 0 26.7 21.5 14.1 34.1L174.1 354.8c-7.8 7.8-20.5 7.8-28.3 0L17.2 226.1C4.6 213.5 13.5 192 31.3 192z\\&quot;&gt;&lt;\\\/path&gt;&lt;\\\/svg&gt;&quot;,&quot;library&quot;:&quot;fa-solid&quot;}}\" data-widget_type=\"nav-menu.default\">\n\t\t\t\t<div class=\"elementor-widget-container\">\n\t\t\t\t\t\t\t\t<nav class=\"elementor-nav-menu--dropdown elementor-nav-menu__container\" aria-hidden=\"true\">\n\t\t\t\t<ul id=\"menu-2-0dbe6a5\" class=\"elementor-nav-menu\"><li class=\"menu-item menu-item-type-post_type menu-item-object-page menu-item-has-children menu-item-15862\"><a href=\"https:\/\/mikariyer.com\/ar\/kariyer\/medicare\/\" class=\"elementor-item\" tabindex=\"-1\">\u0627\u0644\u0631\u0639\u0627\u064a\u0629 \u0627\u0644\u0637\u0628\u064a\u0629<\/a>\n<ul class=\"sub-menu elementor-nav-menu--dropdown\">\n\t<li class=\"menu-item menu-item-type-post_type menu-item-object-page menu-item-15863\"><a href=\"https:\/\/mikariyer.com\/ar\/kariyer\/medicare\/hemsire\/\" class=\"elementor-sub-item\" tabindex=\"-1\">\u0645\u0645\u0631\u0636\u0629<\/a><\/li>\n\t<li class=\"menu-item menu-item-type-post_type menu-item-object-page menu-item-15864\"><a href=\"https:\/\/mikariyer.com\/ar\/kariyer\/medicare\/hemsire-asistani\/\" class=\"elementor-sub-item\" tabindex=\"-1\">\u0645\u0645\u0631\u0636\u0629 \u0645\u0633\u0627\u0639\u062f\u0629<\/a><\/li>\n\t<li class=\"menu-item menu-item-type-post_type menu-item-object-page menu-item-15865\"><a href=\"https:\/\/mikariyer.com\/ar\/kariyer\/medicare\/fizyoterapi\/\" class=\"elementor-sub-item\" tabindex=\"-1\">\u0627\u0644\u0639\u0644\u0627\u062c \u0627\u0644\u0637\u0628\u064a\u0639\u064a<\/a><\/li>\n\t<li class=\"menu-item menu-item-type-post_type menu-item-object-page menu-item-15866\"><a href=\"https:\/\/mikariyer.com\/ar\/kariyer\/medicare\/doktor\/\" class=\"elementor-sub-item\" tabindex=\"-1\">\u062f\u0643\u062a\u0648\u0631<\/a><\/li>\n<\/ul>\n<\/li>\n<li class=\"menu-item menu-item-type-post_type menu-item-object-page menu-item-has-children menu-item-15867\"><a href=\"https:\/\/mikariyer.com\/ar\/kariyer\/meister\/\" class=\"elementor-item\" tabindex=\"-1\">\u0645\u064a\u0633\u062a\u0631<\/a>\n<ul class=\"sub-menu elementor-nav-menu--dropdown\">\n\t<li class=\"menu-item menu-item-type-post_type menu-item-object-page menu-item-15868\"><a href=\"https:\/\/mikariyer.com\/ar\/kariyer\/meister\/teknik-eleman\/\" class=\"elementor-sub-item\" tabindex=\"-1\">\u0627\u0644\u0645\u0648\u0638\u0641\u0648\u0646 \u0627\u0644\u0641\u0646\u064a\u0648\u0646<\/a><\/li>\n\t<li class=\"menu-item menu-item-type-post_type menu-item-object-page menu-item-15869\"><a href=\"https:\/\/mikariyer.com\/ar\/kariyer\/meister\/gastronomi\/\" class=\"elementor-sub-item\" tabindex=\"-1\">\u0641\u0646 \u0627\u0644\u0637\u0647\u064a<\/a><\/li>\n\t<li class=\"menu-item menu-item-type-post_type menu-item-object-page menu-item-15870\"><a href=\"https:\/\/mikariyer.com\/ar\/kariyer\/meister\/kuafor-kisisel-bakim-ve-guzellik\/\" class=\"elementor-sub-item\" tabindex=\"-1\">\u0645\u0635\u0641\u0641 \u0627\u0644\u0634\u0639\u0631 \u0648\u0627\u0644\u0639\u0646\u0627\u064a\u0629 \u0627\u0644\u0634\u062e\u0635\u064a\u0629 \u0648\u0627\u0644\u062a\u062c\u0645\u064a\u0644<\/a><\/li>\n\t<li class=\"menu-item menu-item-type-post_type menu-item-object-page menu-item-15871\"><a href=\"https:\/\/mikariyer.com\/ar\/kariyer\/meister\/kres-ve-anaokulu\/\" class=\"elementor-sub-item\" tabindex=\"-1\">\u0627\u0644\u062d\u0636\u0627\u0646\u0629 \u0648\u0631\u064a\u0627\u0636 \u0627\u0644\u0623\u0637\u0641\u0627\u0644<\/a><\/li>\n\t<li class=\"menu-item menu-item-type-post_type menu-item-object-page menu-item-15872\"><a href=\"https:\/\/mikariyer.com\/ar\/kariyer\/meister\/lojistik-ve-tir-soforlugu\/\" class=\"elementor-sub-item\" tabindex=\"-1\">\u0627\u0644\u062e\u062f\u0645\u0627\u062a \u0627\u0644\u0644\u0648\u062c\u0633\u062a\u064a\u0629 \u0648\u0642\u064a\u0627\u062f\u0629 \u0627\u0644\u0634\u0627\u062d\u0646\u0627\u062a<\/a><\/li>\n<\/ul>\n<\/li>\n<li class=\"menu-item menu-item-type-post_type menu-item-object-page menu-item-has-children menu-item-15873\"><a href=\"https:\/\/mikariyer.com\/ar\/kariyer\/coaching\/\" class=\"elementor-item\" tabindex=\"-1\">\u0627\u0644\u062a\u062f\u0631\u064a\u0628<\/a>\n<ul class=\"sub-menu elementor-nav-menu--dropdown\">\n\t<li class=\"menu-item menu-item-type-post_type menu-item-object-page menu-item-15874\"><a href=\"https:\/\/mikariyer.com\/ar\/kariyer\/coaching\/ilk-adim-danismanligi\/\" class=\"elementor-sub-item\" tabindex=\"-1\">\u0627\u0633\u062a\u0634\u0627\u0631\u0627\u062a \u0627\u0644\u062e\u0637\u0648\u0629 \u0627\u0644\u0623\u0648\u0644\u0649<\/a><\/li>\n\t<li class=\"menu-item menu-item-type-post_type menu-item-object-page menu-item-15875\"><a href=\"https:\/\/mikariyer.com\/ar\/kariyer\/coaching\/kariyer-danismanligi\/\" class=\"elementor-sub-item\" tabindex=\"-1\">\u0627\u0644\u0627\u0633\u062a\u0634\u0627\u0631\u0627\u062a \u0627\u0644\u0645\u0647\u0646\u064a\u0629<\/a><\/li>\n\t<li class=\"menu-item menu-item-type-post_type menu-item-object-page menu-item-15876\"><a href=\"https:\/\/mikariyer.com\/ar\/kariyer\/coaching\/mesleki-denklik-danismanligi\/\" class=\"elementor-sub-item\" tabindex=\"-1\">\u0627\u0633\u062a\u0634\u0627\u0631\u0627\u062a \u0627\u0644\u0627\u0639\u062a\u0631\u0627\u0641 \u0627\u0644\u0645\u0647\u0646\u064a<\/a><\/li>\n\t<li class=\"menu-item menu-item-type-post_type menu-item-object-page menu-item-15877\"><a href=\"https:\/\/mikariyer.com\/ar\/kariyer\/coaching\/is-basvurusu-danismanligi\/\" class=\"elementor-sub-item\" tabindex=\"-1\">\u0627\u0633\u062a\u0634\u0627\u0631\u0627\u062a \u0627\u0644\u062a\u0642\u062f\u064a\u0645 \u0644\u0644\u0648\u0638\u0627\u0626\u0641<\/a><\/li>\n\t<li class=\"menu-item menu-item-type-post_type menu-item-object-page menu-item-15878\"><a href=\"https:\/\/mikariyer.com\/ar\/kariyer\/coaching\/ise-yerlestirme-danismanligi\/\" class=\"elementor-sub-item\" tabindex=\"-1\">\u0627\u0633\u062a\u0634\u0627\u0631\u0627\u062a \u0627\u0644\u062a\u0646\u0633\u064a\u0628 \u0627\u0644\u0648\u0638\u064a\u0641\u064a<\/a><\/li>\n\t<li class=\"menu-item menu-item-type-post_type menu-item-object-page menu-item-15879\"><a href=\"https:\/\/mikariyer.com\/ar\/kariyer\/coaching\/vize-ve-oturum-danismanligi\/\" class=\"elementor-sub-item\" tabindex=\"-1\">\u0627\u0633\u062a\u0634\u0627\u0631\u0627\u062a \u0627\u0644\u062a\u0623\u0634\u064a\u0631\u0627\u062a \u0648\u0627\u0644\u0625\u0642\u0627\u0645\u0629<\/a><\/li>\n\t<li class=\"menu-item menu-item-type-post_type menu-item-object-page menu-item-15880\"><a href=\"https:\/\/mikariyer.com\/ar\/kariyer\/coaching\/aile-birlesimi-danismanligi\/\" class=\"elementor-sub-item\" tabindex=\"-1\">\u0627\u0633\u062a\u0634\u0627\u0631\u0627\u062a \u0644\u0645 \u0634\u0645\u0644 \u0627\u0644\u0623\u0633\u0631\u0629<\/a><\/li>\n<\/ul>\n<\/li>\n<\/ul>\t\t\t<\/nav>\n\t\t\t\t\t\t<\/div>\n\t\t\t\t<\/div>\n\t\t\t\t<div class=\"elementor-element elementor-element-f7f0964 elementor-widget elementor-widget-infetech_elementor_heading\" data-id=\"f7f0964\" data-element_type=\"widget\" data-widget_type=\"infetech_elementor_heading.default\">\n\t\t\t\t<div class=\"elementor-widget-container\">\n\t\t\t\t\t\n\t\t\t<div class=\"ova-heading\">\n\t\t\t\t\n\t\t\t\t\t\t\t\t\t<h2 class=\"sub-title\">\n\t\t\t\t\t\t<span class=\"underlined\"><\/span>\n\t\t\t\t\t\tMiCareer\t\t\t\t\t<\/h2>\t\n\t\t\t\t\n\t\t\t\t\n\t\t\t\t\t<h3 class=\"title\">\t\t\t\t\t\t\t\t\t\t\t\t\t<a href=\"https:\/\/mikariyer.com\/ar\/iletisim\/\" title=\"\">\u0627\u062a\u0635\u0644 \u0628\u0646\u0627<\/a>\n\t\t\t\t\t\t\t\t\t\t\t<\/h3>\n                \n                \n\t\t\t<\/div>\n\n\t\t\t\t\t\t<\/div>\n\t\t\t\t<\/div>\n\t\t\t\t<div class=\"elementor-element elementor-element-4d4de5a elementor-widget elementor-widget-infetech_elementor_contact_info\" data-id=\"4d4de5a\" data-element_type=\"widget\" data-widget_type=\"infetech_elementor_contact_info.default\">\n\t\t\t\t<div class=\"elementor-widget-container\">\n\t\t\t\t\t\t\t\t<div class=\"ova-contact-info template2\">\n\t\t\t\t\n\t\t\t\t\t\t\t\t\t\t\t\t\t\t\t<div class=\"circle\">\n\t\t\t\t\t\t\t<div class=\"icon\">\n\t\t\t\t\t\t\t\t<i class=\"ovaicon ovaicon-phone-call\"><\/i>\n\t\t\t\t\t\t\t<\/div>\n\t\t\t\t\t\t<\/div>\t\n\t\t\t\t    \t\t\t    \t\t\t\t\n\t\t\t\t<div class=\"contact\">\n\t\t\t\t\t\n\t\t\t\t\t\t\t\t\t\t\t<div class=\"label\">\n\t\t\t\t\t\t\t\u0631\u0642\u0645 \u0627\u0644\u0627\u062a\u0635\u0627\u0644\t\t\t\t\t\t<\/div>\n\t\t\t\t\t\n\t\t\t\t\t<ul class=\"info\">\n\t\t\t\t\t\t\t\t\t\t\t\t\t<li class=\"item\">\n\n\t\t\t\t\t\t\t\t<a href=\"https:\/\/wa.me\/4917684915411\" title=\"+ 49 17684915411\">+ 49 17684915411<\/a>\t\t\t\t\t\t\t<\/li>\n\t\t\t\t\t\t\t\t\t\t\t<\/ul>\n\n\t\t\t\t<\/div>\n\n\t\t\t<\/div>\n\n\t\t\t\t\t\t<\/div>\n\t\t\t\t<\/div>\n\t\t\t\t<div class=\"elementor-element elementor-element-35fc5d4 elementor-widget elementor-widget-infetech_elementor_contact_info\" data-id=\"35fc5d4\" data-element_type=\"widget\" data-widget_type=\"infetech_elementor_contact_info.default\">\n\t\t\t\t<div class=\"elementor-widget-container\">\n\t\t\t\t\t\t\t\t<div class=\"ova-contact-info template2\">\n\t\t\t\t\n\t\t\t\t\t\t\t\t\t\t\t\t\t\t\t<div class=\"circle\">\n\t\t\t\t\t\t\t<div class=\"icon\">\n\t\t\t\t\t\t\t\t<i class=\"ovaicon ovaicon-email\"><\/i>\n\t\t\t\t\t\t\t<\/div>\n\t\t\t\t\t\t<\/div>\t\n\t\t\t\t    \t\t\t    \t\t\t\t\n\t\t\t\t<div class=\"contact\">\n\t\t\t\t\t\n\t\t\t\t\t\t\t\t\t\t\t<div class=\"label\">\n\t\t\t\t\t\t\t\u0639\u0646\u0648\u0627\u0646 \u0628\u0631\u064a\u062f\u0646\u0627\t\t\t\t\t\t<\/div>\n\t\t\t\t\t\n\t\t\t\t\t<ul class=\"info\">\n\t\t\t\t\t\t\t\t\t\t\t\t\t<li class=\"item\">\n\n\t\t\t\t\t\t\t\t\t\t\t\t\t\t\t\t\t\t\t<a href=\"mailto:info@mikariyer.com\" title=\"email\">\n\t\t\t\t\t\t\t\t\t\t\t\tinfo@mikariyer.com\t\t\t\t\t\t\t\t\t\t\t<\/a>\n\t\t\t\t\t\t\t\t\t\t\t\t\t\t\t\t\t<\/li>\n\t\t\t\t\t\t\t\t\t\t\t<\/ul>\n\n\t\t\t\t<\/div>\n\n\t\t\t<\/div>\n\n\t\t\t\t\t\t<\/div>\n\t\t\t\t<\/div>\n\t\t\t\t<div class=\"elementor-element elementor-element-4980cdb elementor-widget elementor-widget-infetech_elementor_contact_info\" data-id=\"4980cdb\" data-element_type=\"widget\" data-widget_type=\"infetech_elementor_contact_info.default\">\n\t\t\t\t<div class=\"elementor-widget-container\">\n\t\t\t\t\t\t\t\t<div class=\"ova-contact-info template2\">\n\t\t\t\t\n\t\t\t\t\t\t\t\t\t\t\t\t\t\t\t<div class=\"circle\">\n\t\t\t\t\t\t\t<div class=\"icon\">\n\t\t\t\t\t\t\t\t<i class=\"far fa-map\"><\/i>\n\t\t\t\t\t\t\t<\/div>\n\t\t\t\t\t\t<\/div>\t\n\t\t\t\t    \t\t\t    \t\t\t\t\n\t\t\t\t<div class=\"contact\">\n\t\t\t\t\t\n\t\t\t\t\t\t\t\t\t\t\t<div class=\"label\">\n\t\t\t\t\t\t\t\u0639\u0646\u0648\u0627\u0646\u0646\u0627\t\t\t\t\t\t<\/div>\n\t\t\t\t\t\n\t\t\t\t\t<ul class=\"info\">\n\t\t\t\t\t\t\t\t\t\t\t\t\t<li class=\"item\">\n\n\t\t\t\t\t\t\t\t<a href=\"https:\/\/maps.app.goo.gl\/HDJiQThZhUDnXWy77\" target=\"_blank\" title=\"338A \u0631\u064a\u062c\u0646\u062a\u0633 \u0628\u0627\u0631\u0643 \u0631\u0648\u062f 338A \u0631\u064a\u062c\u0646\u062a\u0633 \u0628\u0627\u0631\u0643 \u0645\u0643\u062a\u0628 3 \u0648 4 \u0644\u0646\u062f\u0646 \u0627\u0644\u0645\u0645\u0644\u0643\u0629 \u0627\u0644\u0645\u062a\u062d\u062f\u0629 N3 2LN\">338A \u0631\u064a\u062c\u0646\u062a\u0633 \u0628\u0627\u0631\u0643 \u0631\u0648\u062f 338A \u0631\u064a\u062c\u0646\u062a\u0633 \u0628\u0627\u0631\u0643 \u0645\u0643\u062a\u0628 3 \u0648 4 \u0644\u0646\u062f\u0646 \u0627\u0644\u0645\u0645\u0644\u0643\u0629 \u0627\u0644\u0645\u062a\u062d\u062f\u0629 N3 2LN<\/a>\t\t\t\t\t\t\t<\/li>\n\t\t\t\t\t\t\t\t\t\t\t<\/ul>\n\n\t\t\t\t<\/div>\n\n\t\t\t<\/div>\n\n\t\t\t\t\t\t<\/div>\n\t\t\t\t<\/div>\n\t\t\t\t<\/div>\n\t\t\t\t\t<\/div>\n\t\t\t\t<\/div>\n\t\t\t\t<\/div>\n\t\t<\/div>\n\t\t\t\t\t\t<\/div>\n\t\t\t\t<\/div>\n\t\t\t\t<\/div>\n\t\t<div class=\"elementor-element elementor-element-1c85916 e-con-full e-flex e-con e-child\" data-id=\"1c85916\" data-element_type=\"container\">\n\t\t\t\t<div class=\"elementor-element elementor-element-5f4aca6 elementor-widget elementor-widget-infetech_elementor_heading\" data-id=\"5f4aca6\" data-element_type=\"widget\" data-widget_type=\"infetech_elementor_heading.default\">\n\t\t\t\t<div class=\"elementor-widget-container\">\n\t\t\t\t\t\n\t\t\t<div class=\"ova-heading\">\n\t\t\t\t\n\t\t\t\t\t\t\t\t\t<h2 class=\"sub-title\">\n\t\t\t\t\t\t<span class=\"underlined\"><\/span>\n\t\t\t\t\t\t\u0627\u0644\u062d\u064a\u0627\u0629 \u0627\u0644\u0648\u0638\u064a\u0641\u064a\u0629\t\t\t\t\t<\/h2>\t\n\t\t\t\t\n\t\t\t\t\n\t\t\t\t\t<h2 class=\"title\">\t\t\t\t\t\t\t\t\t\t\t\t\t<a href=\"https:\/\/mikariyer.com\/ar\/kariyer\/coaching\/ilk-adim-danismanligi\/\" title=\"\">\u0627\u0633\u062a\u0634\u0627\u0631\u0627\u062a \u0627\u0644\u062e\u0637\u0648\u0629 \u0627\u0644\u0623\u0648\u0644\u0649<\/a>\n\t\t\t\t\t\t\t\t\t\t\t<\/h2>\n                \n                \n\t\t\t<\/div>\n\n\t\t\t\t\t\t<\/div>\n\t\t\t\t<\/div>\n\t\t\t\t<div class=\"elementor-element elementor-element-a35b3bc elementor-blockquote--skin-boxed elementor-blockquote--align-center elementor-blockquote--button-color-official elementor-widget elementor-widget-blockquote\" data-id=\"a35b3bc\" data-element_type=\"widget\" data-widget_type=\"blockquote.default\">\n\t\t\t\t<div class=\"elementor-widget-container\">\n\t\t\t\t\t\t\t<blockquote class=\"elementor-blockquote\">\n\t\t\t<p class=\"elementor-blockquote__content\">\n\t\t\t\t\u201cAk\u0131ll\u0131 kararlar, b\u00fcy\u00fck ba\u015far\u0131lar\u201d\t\t\t<\/p>\n\t\t\t\t\t<\/blockquote>\n\t\t\t\t\t\t<\/div>\n\t\t\t\t<\/div>\n\t\t\t\t<div class=\"elementor-element elementor-element-773a091 elementor-widget elementor-widget-text-editor\" data-id=\"773a091\" data-element_type=\"widget\" data-widget_type=\"text-editor.default\">\n\t\t\t\t<div class=\"elementor-widget-container\">\n\t\t\t\t\t\t\t\t\t<p>Yeni bir \u00fclkede kariyerinizi s\u00fcrd\u00fcrme ya da tamamen yeni bir meslek dal\u0131na ad\u0131m atma karar\u0131, cesaretin ve y\u00fcksek riskin bir yans\u0131mas\u0131d\u0131r. Bu riskleri azaltmak ve bu yolda g\u00fcvenle ilerlemek, sizin elinizde; her karar\u0131n\u0131z, kendi gelece\u011finizin ustal\u0131kla \u00f6r\u00fclm\u00fc\u015f bir dokumas\u0131d\u0131r.<\/p><p>Kariyer de\u011fi\u015fikli\u011fi ve farkl\u0131 bir \u00fclkede kariyer yapma karar\u0131, ger\u00e7ekten cesaret isteyen, \u00e7ok y\u00f6nl\u00fc ve titizlikle ele al\u0131nmas\u0131 gereken \u00f6nemli bir ad\u0131md\u0131r. \u00d6zellikle e\u015finiz ve \u00e7ocuklar\u0131n\u0131z da bu s\u00fcre\u00e7te etkileniyorsa, riskleri minimize etmek ve ba\u015far\u0131ya ula\u015fmak i\u00e7in profesyonel bir yakla\u015f\u0131m gereklidir. MiKariyer, Almanya\u2019da kariyer yapma yolculu\u011funuzda uzman ekibiyle size rehberlik eder. \u0130\u015f hayat\u0131ndan sosyal ya\u015fama, mesleki denklik s\u00fcrecinden Almanca e\u011fitimine kadar her konuda size yard\u0131mc\u0131 olur. Her ad\u0131m\u0131 ki\u015fisel durumunuza g\u00f6re analiz eder ve en etkili sonu\u00e7lar\u0131 elde etmeniz i\u00e7in yol haritas\u0131 olu\u015fturur.<\/p>\t\t\t\t\t\t\t\t<\/div>\n\t\t\t\t<\/div>\n\t\t\t\t<div class=\"elementor-element elementor-element-3fcf5fc elementor-widget elementor-widget-image\" data-id=\"3fcf5fc\" data-element_type=\"widget\" data-widget_type=\"image.default\">\n\t\t\t\t<div class=\"elementor-widget-container\">\n\t\t\t\t\t\t\t\t\t\t\t\t\t\t\t<img fetchpriority=\"high\" decoding=\"async\" width=\"768\" height=\"660\" src=\"https:\/\/mikariyer.com\/wp-content\/uploads\/2024\/09\/education-concept-happy-team-students-showing-thumbs-up-school-768x660.jpg\" class=\"attachment-infetech_thumbnail size-infetech_thumbnail wp-image-18493\" alt=\"\" \/>\t\t\t\t\t\t\t\t\t\t\t\t\t\t\t<\/div>\n\t\t\t\t<\/div>\n\t\t\t\t<div class=\"elementor-element elementor-element-dff5cb0 elementor-widget elementor-widget-text-editor\" data-id=\"dff5cb0\" data-element_type=\"widget\" data-widget_type=\"text-editor.default\">\n\t\t\t\t<div class=\"elementor-widget-container\">\n\t\t\t\t\t\t\t\t\t<p>Almanya\u2019da kariyer yapmak isteyen adaylar i\u00e7in <strong>MiCareer <\/strong>olarak, online platformlar \u00fczerinden <strong>45 dakikal\u0131k<\/strong> g\u00f6r\u00fc\u015fmeler d\u00fczenlemekteyiz. Bu g\u00f6r\u00fc\u015fmelerde \u00f6ncelikle Almanya\u2019daki kariyer yolculu\u011funuz i\u00e7in temel bilgileri payla\u015fman\u0131z istenir. Ard\u0131ndan, genel bir yol haritas\u0131 ve s\u00fcre\u00e7le ilgili sorular\u0131n\u0131za yan\u0131tlar verilir.<\/p>\t\t\t\t\t\t\t\t<\/div>\n\t\t\t\t<\/div>\n\t\t\t\t<div class=\"elementor-element elementor-element-7a3cc7d elementor-blockquote--skin-boxed elementor-blockquote--align-center elementor-blockquote--button-color-official elementor-widget elementor-widget-blockquote\" data-id=\"7a3cc7d\" data-element_type=\"widget\" data-widget_type=\"blockquote.default\">\n\t\t\t\t<div class=\"elementor-widget-container\">\n\t\t\t\t\t\t\t<blockquote class=\"elementor-blockquote\">\n\t\t\t<p class=\"elementor-blockquote__content\">\n\t\t\t\tMiKariyer\u2019le, Kariyer hayallerinizi ger\u00e7e\u011fe d\u00f6n\u00fc\u015ft\u00fcrelim.\t\t\t<\/p>\n\t\t\t\t\t<\/blockquote>\n\t\t\t\t\t\t<\/div>\n\t\t\t\t<\/div>\n\t\t\t\t<div class=\"elementor-element elementor-element-a005b7c elementor-widget elementor-widget-text-editor\" data-id=\"a005b7c\" data-element_type=\"widget\" data-widget_type=\"text-editor.default\">\n\t\t\t\t<div class=\"elementor-widget-container\">\n\t\t\t\t\t\t\t\t\t<p>Bu \u00f6nemli yolculu\u011fa \u00e7\u0131kmadan \u00f6nce sizleri neler bekledi\u011fini \u00f6\u011frenmek ve sorular\u0131n\u0131za do\u011fru cevaplar\u0131 bulmak istiyorsan\u0131z, a\u015fa\u011f\u0131daki linki t\u0131klayarak, k\u0131sa bir s\u00fcreli\u011fine \u00fccretsiz olan bu dan\u0131\u015fmanl\u0131k hizmetimizden faydalan\u0131n.<\/p>\t\t\t\t\t\t\t\t<\/div>\n\t\t\t\t<\/div>\n\t\t\t\t<div class=\"elementor-element elementor-element-19c4c04 elementor-align-center elementor-widget elementor-widget-button\" data-id=\"19c4c04\" data-element_type=\"widget\" data-widget_type=\"button.default\">\n\t\t\t\t<div class=\"elementor-widget-container\">\n\t\t\t\t\t\t\t\t\t<div class=\"elementor-button-wrapper\">\n\t\t\t\t\t<a class=\"elementor-button elementor-button-link elementor-size-sm\" href=\"https:\/\/mikariyer.com\/ar\/iletisim\/\">\n\t\t\t\t\t\t<span class=\"elementor-button-content-wrapper\">\n\t\t\t\t\t\t\t\t\t<span class=\"elementor-button-text\">\u062a\u0648\u0627\u0635\u0644 \u0645\u0639\u0646\u0627<\/span>\n\t\t\t\t\t<\/span>\n\t\t\t\t\t<\/a>\n\t\t\t\t<\/div>\n\t\t\t\t\t\t\t\t<\/div>\n\t\t\t\t<\/div>\n\t\t\t\t<\/div>\n\t\t\t\t<\/div>\n\t\t\t\t<\/div>","protected":false},"excerpt":{"rendered":"<p>Kariyer \u0130lk Ad\u0131m Dan\u0131\u015fmanl\u0131\u011f\u0131 \u201cAk\u0131ll\u0131 kararlar, b\u00fcy\u00fck ba\u015far\u0131lar\u201d Yeni bir \u00fclkede kariyerinizi s\u00fcrd\u00fcrme ya da tamamen yeni bir meslek dal\u0131na ad\u0131m atma karar\u0131, cesaretin ve y\u00fcksek riskin bir yans\u0131mas\u0131d\u0131r. Bu riskleri azaltmak ve bu yolda g\u00fcvenle ilerlemek, sizin elinizde; her karar\u0131n\u0131z, kendi gelece\u011finizin ustal\u0131kla \u00f6r\u00fclm\u00fc\u015f bir dokumas\u0131d\u0131r. Kariyer de\u011fi\u015fikli\u011fi ve farkl\u0131 bir \u00fclkede kariyer yapma [&hellip;]<\/p>\n","protected":false},"author":3,"featured_media":0,"parent":15747,"menu_order":1,"comment_status":"closed","ping_status":"closed","template":"","meta":{"footnotes":""},"class_list":["post-15749","page","type-page","status-publish","hentry"],"_links":{"self":[{"href":"https:\/\/mikariyer.com\/ar\/wp-json\/wp\/v2\/pages\/15749","targetHints":{"allow":["GET"]}}],"collection":[{"href":"https:\/\/mikariyer.com\/ar\/wp-json\/wp\/v2\/pages"}],"about":[{"href":"https:\/\/mikariyer.com\/ar\/wp-json\/wp\/v2\/types\/page"}],"author":[{"embeddable":true,"href":"https:\/\/mikariyer.com\/ar\/wp-json\/wp\/v2\/users\/3"}],"replies":[{"embeddable":true,"href":"https:\/\/mikariyer.com\/ar\/wp-json\/wp\/v2\/comments?post=15749"}],"version-history":[{"count":1,"href":"https:\/\/mikariyer.com\/ar\/wp-json\/wp\/v2\/pages\/15749\/revisions"}],"predecessor-version":[{"id":18971,"href":"https:\/\/mikariyer.com\/ar\/wp-json\/wp\/v2\/pages\/15749\/revisions\/18971"}],"up":[{"embeddable":true,"href":"https:\/\/mikariyer.com\/ar\/wp-json\/wp\/v2\/pages\/15747"}],"wp:attachment":[{"href":"https:\/\/mikariyer.com\/ar\/wp-json\/wp\/v2\/media?parent=15749"}],"curies":[{"name":"wp","href":"https:\/\/api.w.org\/{rel}","templated":true}]}}