{"id":15771,"date":"2024-05-17T14:40:09","date_gmt":"2024-05-17T14:40:09","guid":{"rendered":"https:\/\/mikariyer.com\/?page_id=15771"},"modified":"2025-07-31T14:56:00","modified_gmt":"2025-07-31T14:56:00","slug":"saglik-hizmetleri","status":"publish","type":"page","link":"https:\/\/mikariyer.com\/ar\/meslek-egitimi\/saglik-hizmetleri\/","title":{"rendered":"\u0627\u0644\u062e\u062f\u0645\u0627\u062a \u0627\u0644\u0635\u062d\u064a\u0629"},"content":{"rendered":"<div data-elementor-type=\"wp-page\" data-elementor-id=\"15771\" class=\"elementor elementor-15771\" data-elementor-post-type=\"page\">\n\t\t\t\t<div class=\"elementor-element elementor-element-33aca4b e-con-full e-flex e-con e-parent\" data-id=\"33aca4b\" data-element_type=\"container\">\n\t\t<div class=\"elementor-element elementor-element-ae7b862 e-con-full e-flex e-con e-child\" data-id=\"ae7b862\" data-element_type=\"container\">\n\t\t\t\t<div class=\"elementor-element elementor-element-6ad4ea4 elementor-widget elementor-widget-shortcode\" data-id=\"6ad4ea4\" data-element_type=\"widget\" data-widget_type=\"shortcode.default\">\n\t\t\t\t<div class=\"elementor-widget-container\">\n\t\t\t\t\t\t\t<div class=\"elementor-shortcode\">\t\t<div data-elementor-type=\"single-page\" data-elementor-id=\"16224\" class=\"elementor elementor-16224\" data-elementor-post-type=\"elementor_library\">\n\t\t\t<div class=\"elementor-element elementor-element-91047bd elementor-hidden-mobile e-flex e-con-boxed e-con e-parent\" data-id=\"91047bd\" data-element_type=\"container\" data-settings=\"{&quot;background_background&quot;:&quot;classic&quot;}\">\n\t\t\t\t\t<div class=\"e-con-inner\">\n\t\t<div class=\"elementor-element elementor-element-44bb93f e-con-full e-flex e-con e-child\" data-id=\"44bb93f\" data-element_type=\"container\">\n\t\t\t\t<div class=\"elementor-element elementor-element-16891ad elementor-widget elementor-widget-infetech_elementor_heading\" data-id=\"16891ad\" data-element_type=\"widget\" data-widget_type=\"infetech_elementor_heading.default\">\n\t\t\t\t<div class=\"elementor-widget-container\">\n\t\t\t\t\t\n\t\t\t<div class=\"ova-heading\">\n\t\t\t\t\n\t\t\t\t\n\t\t\t\t\n\t\t\t\t\t<h3 class=\"title\">\t\t\t\t\t\t\t\t\t\t\t\t\t<a href=\"https:\/\/mikariyer.com\/ar\/meslek-egitimi\/\" title=\"\">\u0627\u0644\u062a\u062f\u0631\u064a\u0628 \u0627\u0644\u0645\u0647\u0646\u064a<\/a>\n\t\t\t\t\t\t\t\t\t\t\t<\/h3>\n                \n                \n\t\t\t<\/div>\n\n\t\t\t\t\t\t<\/div>\n\t\t\t\t<\/div>\n\t\t\t\t<div class=\"elementor-element elementor-element-0b24f2b elementor-nav-menu__text-align-aside elementor-widget elementor-widget-nav-menu\" data-id=\"0b24f2b\" data-element_type=\"widget\" data-settings=\"{&quot;layout&quot;:&quot;dropdown&quot;,&quot;submenu_icon&quot;:{&quot;value&quot;:&quot;&lt;svg class=\\&quot;e-font-icon-svg e-fas-caret-down\\&quot; viewBox=\\&quot;0 0 320 512\\&quot; xmlns=\\&quot;http:\\\/\\\/www.w3.org\\\/2000\\\/svg\\&quot;&gt;&lt;path d=\\&quot;M31.3 192h257.3c17.8 0 26.7 21.5 14.1 34.1L174.1 354.8c-7.8 7.8-20.5 7.8-28.3 0L17.2 226.1C4.6 213.5 13.5 192 31.3 192z\\&quot;&gt;&lt;\\\/path&gt;&lt;\\\/svg&gt;&quot;,&quot;library&quot;:&quot;fa-solid&quot;}}\" data-widget_type=\"nav-menu.default\">\n\t\t\t\t<div class=\"elementor-widget-container\">\n\t\t\t\t\t\t\t\t<nav class=\"elementor-nav-menu--dropdown elementor-nav-menu__container\" aria-hidden=\"true\">\n\t\t\t\t<ul id=\"menu-2-0b24f2b\" class=\"elementor-nav-menu\"><li class=\"menu-item menu-item-type-post_type menu-item-object-page menu-item-has-children menu-item-15885\"><a href=\"https:\/\/mikariyer.com\/ar\/meslek-egitimi\/saglik-hizmetleri\/\" class=\"elementor-item\" tabindex=\"-1\">\u0627\u0644\u062e\u062f\u0645\u0627\u062a \u0627\u0644\u0635\u062d\u064a\u0629<\/a>\n<ul class=\"sub-menu elementor-nav-menu--dropdown\">\n\t<li class=\"menu-item menu-item-type-post_type menu-item-object-page menu-item-15887\"><a href=\"https:\/\/mikariyer.com\/ar\/meslek-egitimi\/saglik-hizmetleri\/hemsire-meslek-egitimi\/\" class=\"elementor-sub-item\" tabindex=\"-1\">\u0627\u0644\u062a\u062f\u0631\u064a\u0628 \u0627\u0644\u0645\u0647\u0646\u064a \u0644\u0644\u0645\u0645\u0631\u0636\u064a\u0646 \u0648\u0627\u0644\u0645\u0645\u0631\u0636\u0627\u062a<\/a><\/li>\n\t<li class=\"menu-item menu-item-type-custom menu-item-object-custom menu-item-18265\"><a href=\"https:\/\/mikariyer.com\/ar\/meslek-egitimi\/saglik-hizmetleri\/hemsire-asistani\/\" class=\"elementor-sub-item\" tabindex=\"-1\">\u0645\u0645\u0631\u0636\u0629 \u0645\u0633\u0627\u0639\u062f\u0629<\/a><\/li>\n<\/ul>\n<\/li>\n<li class=\"menu-item menu-item-type-post_type menu-item-object-page menu-item-has-children menu-item-15888\"><a href=\"https:\/\/mikariyer.com\/ar\/meslek-egitimi\/teknik-alanlar\/\" class=\"elementor-item\" tabindex=\"-1\">\u0627\u0644\u0645\u062c\u0627\u0644\u0627\u062a \u0627\u0644\u062a\u0642\u0646\u064a\u0629<\/a>\n<ul class=\"sub-menu elementor-nav-menu--dropdown\">\n\t<li class=\"menu-item menu-item-type-post_type menu-item-object-page menu-item-15889\"><a href=\"https:\/\/mikariyer.com\/ar\/meslek-egitimi\/teknik-alanlar\/elektrik-elektronik\/\" class=\"elementor-sub-item\" tabindex=\"-1\">\u0627\u0644\u0643\u0647\u0631\u0628\u0627\u0621 - \u0627\u0644\u0625\u0644\u0643\u062a\u0631\u0648\u0646\u064a\u0627\u062a<\/a><\/li>\n\t<li class=\"menu-item menu-item-type-post_type menu-item-object-page menu-item-15890\"><a href=\"https:\/\/mikariyer.com\/ar\/meslek-egitimi\/teknik-alanlar\/otomotiv\/\" class=\"elementor-sub-item\" tabindex=\"-1\">\u0627\u0644\u0633\u064a\u0627\u0631\u0627\u062a<\/a><\/li>\n\t<li class=\"menu-item menu-item-type-post_type menu-item-object-page menu-item-15891\"><a href=\"https:\/\/mikariyer.com\/ar\/meslek-egitimi\/teknik-alanlar\/proses\/\" class=\"elementor-sub-item\" tabindex=\"-1\">\u0627\u0644\u0639\u0645\u0644\u064a\u0629<\/a><\/li>\n\t<li class=\"menu-item menu-item-type-post_type menu-item-object-page menu-item-15892\"><a href=\"https:\/\/mikariyer.com\/ar\/meslek-egitimi\/teknik-alanlar\/otomasyon\/\" class=\"elementor-sub-item\" tabindex=\"-1\">\u0627\u0644\u0623\u062a\u0645\u062a\u0629<\/a><\/li>\n\t<li class=\"menu-item menu-item-type-post_type menu-item-object-page menu-item-15893\"><a href=\"https:\/\/mikariyer.com\/ar\/meslek-egitimi\/teknik-alanlar\/makine\/\" class=\"elementor-sub-item\" tabindex=\"-1\">\u0627\u0644\u0645\u0627\u0643\u064a\u0646\u0629<\/a><\/li>\n<\/ul>\n<\/li>\n<li class=\"menu-item menu-item-type-post_type menu-item-object-page menu-item-has-children menu-item-15894\"><a href=\"https:\/\/mikariyer.com\/ar\/meslek-egitimi\/bina-ve-insaat-teknikleri\/\" class=\"elementor-item\" tabindex=\"-1\">\u062a\u0642\u0646\u064a\u0627\u062a \u0627\u0644\u0628\u0646\u0627\u0621 \u0648\u0627\u0644\u062a\u0634\u064a\u064a\u062f<\/a>\n<ul class=\"sub-menu elementor-nav-menu--dropdown\">\n\t<li class=\"menu-item menu-item-type-post_type menu-item-object-page menu-item-15895\"><a href=\"https:\/\/mikariyer.com\/ar\/meslek-egitimi\/bina-ve-insaat-teknikleri\/genel-insaat-isleri\/\" class=\"elementor-sub-item\" tabindex=\"-1\">\u0623\u0639\u0645\u0627\u0644 \u0627\u0644\u0625\u0646\u0634\u0627\u0621\u0627\u062a \u0627\u0644\u0639\u0627\u0645\u0629<\/a><\/li>\n\t<li class=\"menu-item menu-item-type-post_type menu-item-object-page menu-item-15896\"><a href=\"https:\/\/mikariyer.com\/ar\/meslek-egitimi\/bina-ve-insaat-teknikleri\/isinma-ve-su-tesisati\/\" class=\"elementor-sub-item\" tabindex=\"-1\">\u0627\u0644\u062a\u062f\u0641\u0626\u0629 \u0648\u0627\u0644\u0633\u0628\u0627\u0643\u0629<\/a><\/li>\n\t<li class=\"menu-item menu-item-type-post_type menu-item-object-page menu-item-15897\"><a href=\"https:\/\/mikariyer.com\/ar\/meslek-egitimi\/bina-ve-insaat-teknikleri\/marangoz\/\" class=\"elementor-sub-item\" tabindex=\"-1\">\u0627\u0644\u0646\u062c\u0627\u0631<\/a><\/li>\n<\/ul>\n<\/li>\n<li class=\"menu-item menu-item-type-post_type menu-item-object-page menu-item-has-children menu-item-15898\"><a href=\"https:\/\/mikariyer.com\/ar\/meslek-egitimi\/sosyal-alanlar\/\" class=\"elementor-item\" tabindex=\"-1\">\u0627\u0644\u0645\u062c\u0627\u0644\u0627\u062a \u0627\u0644\u0627\u062c\u062a\u0645\u0627\u0639\u064a\u0629<\/a>\n<ul class=\"sub-menu elementor-nav-menu--dropdown\">\n\t<li class=\"menu-item menu-item-type-custom menu-item-object-custom menu-item-18266\"><a href=\"https:\/\/mikariyer.com\/ar\/meslek-egitimi\/sosyal-alanlar\/kres-ve-anaokulu\/\" class=\"elementor-sub-item\" tabindex=\"-1\">\u0627\u0644\u062d\u0636\u0627\u0646\u0629 \u0648\u0631\u064a\u0627\u0636 \u0627\u0644\u0623\u0637\u0641\u0627\u0644<\/a><\/li>\n\t<li class=\"menu-item menu-item-type-post_type menu-item-object-page menu-item-17423\"><a href=\"https:\/\/mikariyer.com\/ar\/meslek-egitimi\/sosyal-alanlar\/sosyal-hizmetler\/\" class=\"elementor-sub-item\" tabindex=\"-1\">\u0627\u0644\u062e\u062f\u0645\u0627\u062a \u0627\u0644\u0627\u062c\u062a\u0645\u0627\u0639\u064a\u0629<\/a><\/li>\n<\/ul>\n<\/li>\n<li class=\"menu-item menu-item-type-post_type menu-item-object-page menu-item-has-children menu-item-15901\"><a href=\"https:\/\/mikariyer.com\/ar\/meslek-egitimi\/hizmet-sektoru\/\" class=\"elementor-item\" tabindex=\"-1\">\u0642\u0637\u0627\u0639 \u0627\u0644\u062e\u062f\u0645\u0627\u062a<\/a>\n<ul class=\"sub-menu elementor-nav-menu--dropdown\">\n\t<li class=\"menu-item menu-item-type-post_type menu-item-object-page menu-item-18548\"><a href=\"https:\/\/mikariyer.com\/ar\/meslek-egitimi\/hizmet-sektoru\/gastronomi\/\" class=\"elementor-sub-item\" tabindex=\"-1\">\u0641\u0646 \u0627\u0644\u0637\u0647\u064a<\/a><\/li>\n\t<li class=\"menu-item menu-item-type-post_type menu-item-object-page menu-item-15903\"><a href=\"https:\/\/mikariyer.com\/ar\/meslek-egitimi\/hizmet-sektoru\/firin-ve-pastacilik\/\" class=\"elementor-sub-item\" tabindex=\"-1\">\u0627\u0644\u0645\u062e\u0628\u0648\u0632\u0627\u062a \u0648\u0627\u0644\u0645\u0639\u062c\u0646\u0627\u062a<\/a><\/li>\n\t<li class=\"menu-item menu-item-type-post_type menu-item-object-page menu-item-15904\"><a href=\"https:\/\/mikariyer.com\/ar\/meslek-egitimi\/hizmet-sektoru\/kuafor-kisisel-bakim-ve-guzellik\/\" class=\"elementor-sub-item\" tabindex=\"-1\">\u0645\u0635\u0641\u0641 \u0627\u0644\u0634\u0639\u0631 \u0648\u0627\u0644\u0639\u0646\u0627\u064a\u0629 \u0627\u0644\u0634\u062e\u0635\u064a\u0629 \u0648\u0627\u0644\u062a\u062c\u0645\u064a\u0644<\/a><\/li>\n<\/ul>\n<\/li>\n<\/ul>\t\t\t<\/nav>\n\t\t\t\t\t\t<\/div>\n\t\t\t\t<\/div>\n\t\t\t\t<div class=\"elementor-element elementor-element-88dfa00 elementor-widget elementor-widget-infetech_elementor_heading\" data-id=\"88dfa00\" data-element_type=\"widget\" data-widget_type=\"infetech_elementor_heading.default\">\n\t\t\t\t<div class=\"elementor-widget-container\">\n\t\t\t\t\t\n\t\t\t<div class=\"ova-heading\">\n\t\t\t\t\n\t\t\t\t\t\t\t\t\t<h2 class=\"sub-title\">\n\t\t\t\t\t\t<span class=\"underlined\"><\/span>\n\t\t\t\t\t\tMiCareer\t\t\t\t\t<\/h2>\t\n\t\t\t\t\n\t\t\t\t\n\t\t\t\t\t<h3 class=\"title\">\t\t\t\t\t\t\t\t\t\t\t\t\t<a href=\"https:\/\/mikariyer.com\/ar\/iletisim\/\" title=\"\">\u0627\u062a\u0635\u0644 \u0628\u0646\u0627<\/a>\n\t\t\t\t\t\t\t\t\t\t\t<\/h3>\n                \n                \n\t\t\t<\/div>\n\n\t\t\t\t\t\t<\/div>\n\t\t\t\t<\/div>\n\t\t\t\t<div class=\"elementor-element elementor-element-73347d2 elementor-widget elementor-widget-infetech_elementor_contact_info\" data-id=\"73347d2\" data-element_type=\"widget\" data-widget_type=\"infetech_elementor_contact_info.default\">\n\t\t\t\t<div class=\"elementor-widget-container\">\n\t\t\t\t\t\t\t\t<div class=\"ova-contact-info template2\">\n\t\t\t\t\n\t\t\t\t\t\t\t\t\t\t\t\t\t\t\t<div class=\"circle\">\n\t\t\t\t\t\t\t<div class=\"icon\">\n\t\t\t\t\t\t\t\t<i class=\"ovaicon ovaicon-phone-call\"><\/i>\n\t\t\t\t\t\t\t<\/div>\n\t\t\t\t\t\t<\/div>\t\n\t\t\t\t    \t\t\t    \t\t\t\t\n\t\t\t\t<div class=\"contact\">\n\t\t\t\t\t\n\t\t\t\t\t\t\t\t\t\t\t<div class=\"label\">\n\t\t\t\t\t\t\t\u0631\u0642\u0645 \u0627\u0644\u0627\u062a\u0635\u0627\u0644\t\t\t\t\t\t<\/div>\n\t\t\t\t\t\n\t\t\t\t\t<ul class=\"info\">\n\t\t\t\t\t\t\t\t\t\t\t\t\t<li class=\"item\">\n\n\t\t\t\t\t\t\t\t<a href=\"https:\/\/wa.me\/4917684915411\" title=\"+ 49 17684915411\">+ 49 17684915411<\/a>\t\t\t\t\t\t\t<\/li>\n\t\t\t\t\t\t\t\t\t\t\t<\/ul>\n\n\t\t\t\t<\/div>\n\n\t\t\t<\/div>\n\n\t\t\t\t\t\t<\/div>\n\t\t\t\t<\/div>\n\t\t\t\t<div class=\"elementor-element elementor-element-6767b90 elementor-widget elementor-widget-infetech_elementor_contact_info\" data-id=\"6767b90\" data-element_type=\"widget\" data-widget_type=\"infetech_elementor_contact_info.default\">\n\t\t\t\t<div class=\"elementor-widget-container\">\n\t\t\t\t\t\t\t\t<div class=\"ova-contact-info template2\">\n\t\t\t\t\n\t\t\t\t\t\t\t\t\t\t\t\t\t\t\t<div class=\"circle\">\n\t\t\t\t\t\t\t<div class=\"icon\">\n\t\t\t\t\t\t\t\t<i class=\"ovaicon ovaicon-email\"><\/i>\n\t\t\t\t\t\t\t<\/div>\n\t\t\t\t\t\t<\/div>\t\n\t\t\t\t    \t\t\t    \t\t\t\t\n\t\t\t\t<div class=\"contact\">\n\t\t\t\t\t\n\t\t\t\t\t\t\t\t\t\t\t<div class=\"label\">\n\t\t\t\t\t\t\t\u0639\u0646\u0648\u0627\u0646 \u0628\u0631\u064a\u062f\u0646\u0627\t\t\t\t\t\t<\/div>\n\t\t\t\t\t\n\t\t\t\t\t<ul class=\"info\">\n\t\t\t\t\t\t\t\t\t\t\t\t\t<li class=\"item\">\n\n\t\t\t\t\t\t\t\t\t\t\t\t\t\t\t\t\t\t\t<a href=\"mailto:info@mikariyer.com\" title=\"email\">\n\t\t\t\t\t\t\t\t\t\t\t\tinfo@mikariyer.com\t\t\t\t\t\t\t\t\t\t\t<\/a>\n\t\t\t\t\t\t\t\t\t\t\t\t\t\t\t\t\t<\/li>\n\t\t\t\t\t\t\t\t\t\t\t<\/ul>\n\n\t\t\t\t<\/div>\n\n\t\t\t<\/div>\n\n\t\t\t\t\t\t<\/div>\n\t\t\t\t<\/div>\n\t\t\t\t<div class=\"elementor-element elementor-element-ff3a8bb elementor-widget elementor-widget-infetech_elementor_contact_info\" data-id=\"ff3a8bb\" data-element_type=\"widget\" data-widget_type=\"infetech_elementor_contact_info.default\">\n\t\t\t\t<div class=\"elementor-widget-container\">\n\t\t\t\t\t\t\t\t<div class=\"ova-contact-info template2\">\n\t\t\t\t\n\t\t\t\t\t\t\t\t\t\t\t\t\t\t\t<div class=\"circle\">\n\t\t\t\t\t\t\t<div class=\"icon\">\n\t\t\t\t\t\t\t\t<i class=\"far fa-map\"><\/i>\n\t\t\t\t\t\t\t<\/div>\n\t\t\t\t\t\t<\/div>\t\n\t\t\t\t    \t\t\t    \t\t\t\t\n\t\t\t\t<div class=\"contact\">\n\t\t\t\t\t\n\t\t\t\t\t\t\t\t\t\t\t<div class=\"label\">\n\t\t\t\t\t\t\t\u0639\u0646\u0648\u0627\u0646\u0646\u0627\t\t\t\t\t\t<\/div>\n\t\t\t\t\t\n\t\t\t\t\t<ul class=\"info\">\n\t\t\t\t\t\t\t\t\t\t\t\t\t<li class=\"item\">\n\n\t\t\t\t\t\t\t\t<a href=\"https:\/\/maps.app.goo.gl\/HDJiQThZhUDnXWy77\" target=\"_blank\" title=\"338A Regents Park Road Office 3 and 4 London United Kingdom N3 2LN338A Regents Park Road Office 3 and 4 London United Kingdom N3 2LN\">338A Regents Park Road Office 3 and 4 London United Kingdom N3 2LN338A Regents Park Road Office 3 and 4 London United Kingdom N3 2LN<\/a>\t\t\t\t\t\t\t<\/li>\n\t\t\t\t\t\t\t\t\t\t\t<\/ul>\n\n\t\t\t\t<\/div>\n\n\t\t\t<\/div>\n\n\t\t\t\t\t\t<\/div>\n\t\t\t\t<\/div>\n\t\t\t\t<\/div>\n\t\t\t\t\t<\/div>\n\t\t\t\t<\/div>\n\t\t\t\t<\/div>\n\t\t<\/div>\n\t\t\t\t\t\t<\/div>\n\t\t\t\t<\/div>\n\t\t\t\t<\/div>\n\t\t<div class=\"elementor-element elementor-element-7803ffb e-con-full e-flex e-con e-child\" data-id=\"7803ffb\" data-element_type=\"container\">\n\t\t\t\t<div class=\"elementor-element elementor-element-81293a9 elementor-widget elementor-widget-infetech_elementor_heading\" data-id=\"81293a9\" data-element_type=\"widget\" data-widget_type=\"infetech_elementor_heading.default\">\n\t\t\t\t<div class=\"elementor-widget-container\">\n\t\t\t\t\t\n\t\t\t<div class=\"ova-heading\">\n\t\t\t\t\n\t\t\t\t\t\t\t\t\t<h2 class=\"sub-title\">\n\t\t\t\t\t\t<span class=\"underlined\"><\/span>\n\t\t\t\t\t\t\u0627\u0644\u062a\u062f\u0631\u064a\u0628 \u0627\u0644\u0645\u0647\u0646\u064a\t\t\t\t\t<\/h2>\t\n\t\t\t\t\n\t\t\t\t\n\t\t\t\t\t<h2 class=\"title\">\t\t\t\t\t\t\t\t\t\t\t\t\t<a href=\"https:\/\/mikariyer.com\/ar\/meslek-egitimi\/saglik-hizmetleri\/\" title=\"\">SA\u011eLIK H\u0130ZMETLER\u0130 MESLEK E\u011e\u0130T\u0130M\u0130 <\/a>\n\t\t\t\t\t\t\t\t\t\t\t<\/h2>\n                \n                \n\t\t\t<\/div>\n\n\t\t\t\t\t\t<\/div>\n\t\t\t\t<\/div>\n\t\t\t\t<div class=\"elementor-element elementor-element-dc4fd8c elementor-blockquote--skin-boxed elementor-blockquote--align-center elementor-blockquote--button-color-official elementor-widget elementor-widget-blockquote\" data-id=\"dc4fd8c\" data-element_type=\"widget\" data-widget_type=\"blockquote.default\">\n\t\t\t\t<div class=\"elementor-widget-container\">\n\t\t\t\t\t\t\t<blockquote class=\"elementor-blockquote\">\n\t\t\t<p class=\"elementor-blockquote__content\">\n\t\t\t\t\n\u201cSa\u011fl\u0131kta Alman Kalitesiyle Kariyerinizi Zirveye Ta\u015f\u0131y\u0131n!\u201d\t\t\t<\/p>\n\t\t\t\t\t<\/blockquote>\n\t\t\t\t\t\t<\/div>\n\t\t\t\t<\/div>\n\t\t\t\t<div class=\"elementor-element elementor-element-d9be3c4 elementor-widget elementor-widget-image\" data-id=\"d9be3c4\" data-element_type=\"widget\" data-widget_type=\"image.default\">\n\t\t\t\t<div class=\"elementor-widget-container\">\n\t\t\t\t\t\t\t\t\t\t\t\t\t\t\t<img fetchpriority=\"high\" decoding=\"async\" width=\"768\" height=\"638\" src=\"https:\/\/mikariyer.com\/wp-content\/uploads\/2024\/06\/healthcare-technology-medicine-concept-smiling-female-doctor-with-stethoscope-tablet-pc-computer-768x638.jpg\" class=\"attachment-medium_large size-medium_large wp-image-18133\" alt=\"\" srcset=\"https:\/\/mikariyer.com\/wp-content\/uploads\/2024\/06\/healthcare-technology-medicine-concept-smiling-female-doctor-with-stethoscope-tablet-pc-computer-768x638.jpg 768w, https:\/\/mikariyer.com\/wp-content\/uploads\/2024\/06\/healthcare-technology-medicine-concept-smiling-female-doctor-with-stethoscope-tablet-pc-computer-300x249.jpg 300w, https:\/\/mikariyer.com\/wp-content\/uploads\/2024\/06\/healthcare-technology-medicine-concept-smiling-female-doctor-with-stethoscope-tablet-pc-computer-1024x850.jpg 1024w, https:\/\/mikariyer.com\/wp-content\/uploads\/2024\/06\/healthcare-technology-medicine-concept-smiling-female-doctor-with-stethoscope-tablet-pc-computer-1536x1276.jpg 1536w, https:\/\/mikariyer.com\/wp-content\/uploads\/2024\/06\/healthcare-technology-medicine-concept-smiling-female-doctor-with-stethoscope-tablet-pc-computer-2048x1701.jpg 2048w\" sizes=\"(max-width: 768px) 100vw, 768px\" \/>\t\t\t\t\t\t\t\t\t\t\t\t\t\t\t<\/div>\n\t\t\t\t<\/div>\n\t\t\t\t<div class=\"elementor-element elementor-element-ad69759 elementor-widget elementor-widget-infetech_elementor_service_toggle\" data-id=\"ad69759\" data-element_type=\"widget\" data-widget_type=\"infetech_elementor_service_toggle.default\">\n\t\t\t\t<div class=\"elementor-widget-container\">\n\t\t\t\t\t\t\t  \t<div class=\"ova-service-toggle\">\n\t\t        \n\t\t\t\t<div class=\"item\">\n\t\t\t\t\t<div class=\"toggle\">\n\t\t\t\t\t\t<div class=\"heading-wrap\">\n\t\t\t\t\t\t\t\t\t\t\t\t\t\t\t<div class=\"icon\">\n\t\t\t\t\t\t\t\t\t<i aria-hidden=\"true\" class=\"flaticonnew- flaticon-new-right\"><\/i> \n\t\t\t\t\t\t\t\t<\/div>\n\t\t\t\t\t\t\t\t\t\t\t\t\t\t\t<h3 class=\"title\">\n\t\t\t\t\t\t\t\t\t\u0627\u0644\u062a\u062f\u0631\u064a\u0628 \u0627\u0644\u0645\u0647\u0646\u064a \u0644\u0644\u0645\u0645\u0631\u0636\u064a\u0646 \u0648\u0627\u0644\u0645\u0645\u0631\u0636\u0627\u062a \t\t\t\t\t\t\t\t<\/h3>\n\t\t\t\t\t\t\t\t\t\t\t\t\t<\/div>\n\t\t\t\t\t\t<div class=\"info-wrap\">\n\t\t\t\t\t\t\t\t\t\t\t\t\t\t\t<p class=\"description\">\n\t\t\t\t\t\t\t\t\tMiKariyer Medicare Servisi\u2019nin sunmu\u015f oldu\u011fu Hem\u015fire Mesleki E\u011fitim Program\u0131, sa\u011fl\u0131k alan\u0131nda kariyerini ba\u015flatmak ve bu yolda ilerlemek isteyen yeni hem\u015fire adaylar\u0131na y\u00f6neliktir.\t\t\t\t\t\t\t\t<\/p>\n\t\t\t\t\t\t\t\t\t\t\t\t\t\t<div class=\"toggle-icon\">\n\t\t\t\t\t\t\t\t\t\t\t\t\t\t\t\t\t<i aria-hidden=\"true\" class=\"flaticoninfetech- flaticon-infetech-plus\"><\/i>\n\t\t\t\t\t\t\t\t\t\t\t\t\t\t\t<\/div>\n\t\t\t\t\t\t<\/div>\n\t\t\t\t\t<\/div>\n\t\t\t\t\t<div class=\"service-content\">\n\t\t\t\t\t\t<div class=\"spacing\"><\/div>\n\t\t\t\t\t\t<div class=\"content\">\n\t\t\t\t\t\t\t<p><a href=\"https:\/\/mikariyer.com\/ar\/meslek-egitimi\/saglik-hizmetleri\/hemsirelik\/\">Detayl\u0131 Bilgi \u0130\u00e7in T\u0131klay\u0131n\u0131z<\/a><\/p> \n\t\t\t\t\t\t<\/div>\n\t\t\t\t\t<\/div>\n\t\t\t\t<\/div>\n\t\t\t\t\n\t\t\t\t<div class=\"item\">\n\t\t\t\t\t<div class=\"toggle\">\n\t\t\t\t\t\t<div class=\"heading-wrap\">\n\t\t\t\t\t\t\t\t\t\t\t\t\t\t\t<div class=\"icon\">\n\t\t\t\t\t\t\t\t\t<i aria-hidden=\"true\" class=\"flaticonnew- flaticon-new-right\"><\/i> \n\t\t\t\t\t\t\t\t<\/div>\n\t\t\t\t\t\t\t\t\t\t\t\t\t\t\t<h3 class=\"title\">\n\t\t\t\t\t\t\t\t\tHem\u015fire Asistan\u0131 Meslek E\u011fitimi\t\t\t\t\t\t\t\t<\/h3>\n\t\t\t\t\t\t\t\t\t\t\t\t\t<\/div>\n\t\t\t\t\t\t<div class=\"info-wrap\">\n\t\t\t\t\t\t\t\t\t\t\t\t\t\t\t<p class=\"description\">\n\t\t\t\t\t\t\t\t\tMiKariyer Medicare Servisi\u2019nin sunmu\u015f oldu\u011fu Hem\u015fire Asistan\u0131 Meslek E\u011fitimi Program\u0131, sa\u011fl\u0131k alan\u0131nda kariyerini ba\u015flatmak ve bu yolda ilerlemek isteyen adaylara y\u00f6nelik olup, hem\u015firelik mesle\u011finin temel e\u011fitim programlar\u0131yla \u00f6rt\u00fc\u015fmektedir. \t\t\t\t\t\t\t\t<\/p>\n\t\t\t\t\t\t\t\t\t\t\t\t\t\t<div class=\"toggle-icon active\">\n\t\t\t\t\t\t\t\t\t\t\t\t\t\t\t\t\t<i aria-hidden=\"true\" class=\"flaticoninfetech- flaticon-infetech-minus-sign\"><\/i>\n\t\t\t\t\t\t\t\t\t\t\t\t\t\t\t<\/div>\n\t\t\t\t\t\t<\/div>\n\t\t\t\t\t<\/div>\n\t\t\t\t\t<div class=\"service-content active\">\n\t\t\t\t\t\t<div class=\"spacing\"><\/div>\n\t\t\t\t\t\t<div class=\"content\">\n\t\t\t\t\t\t\t<p><a href=\"https:\/\/mikariyer.com\/ar\/meslek-egitimi\/saglik-hizmetleri\/hemsire-asistani\/\">Detayl\u0131 Bilgi \u0130\u00e7in T\u0131klay\u0131n\u0131z<\/a><\/p> \n\t\t\t\t\t\t<\/div>\n\t\t\t\t\t<\/div>\n\t\t\t\t<\/div>\n\t\t\t\t\t\t\t<\/div>\n\t\t\t\t\t\t<\/div>\n\t\t\t\t<\/div>\n\t\t\t\t<\/div>\n\t\t\t\t<\/div>\n\t\t\t\t<\/div>","protected":false},"excerpt":{"rendered":"<p>Meslek E\u011fitimi SA\u011eLIK H\u0130ZMETLER\u0130 MESLEK E\u011e\u0130T\u0130M\u0130 \u201cSa\u011fl\u0131kta Alman Kalitesiyle Kariyerinizi Zirveye Ta\u015f\u0131y\u0131n!\u201d Hem\u015fire Meslek E\u011fitimi MiKariyer Medicare Servisi\u2019nin sunmu\u015f oldu\u011fu Hem\u015fire Mesleki E\u011fitim Program\u0131, sa\u011fl\u0131k alan\u0131nda kariyerini ba\u015flatmak ve bu yolda ilerlemek isteyen yeni hem\u015fire adaylar\u0131na y\u00f6neliktir. Detayl\u0131 Bilgi \u0130\u00e7in T\u0131klay\u0131n\u0131z Hem\u015fire Asistan\u0131 Meslek E\u011fitimi MiKariyer Medicare Servisi\u2019nin sunmu\u015f oldu\u011fu Hem\u015fire Asistan\u0131 Meslek E\u011fitimi Program\u0131, [&hellip;]<\/p>\n","protected":false},"author":3,"featured_media":0,"parent":15769,"menu_order":1,"comment_status":"closed","ping_status":"closed","template":"","meta":{"footnotes":""},"class_list":["post-15771","page","type-page","status-publish","hentry"],"_links":{"self":[{"href":"https:\/\/mikariyer.com\/ar\/wp-json\/wp\/v2\/pages\/15771","targetHints":{"allow":["GET"]}}],"collection":[{"href":"https:\/\/mikariyer.com\/ar\/wp-json\/wp\/v2\/pages"}],"about":[{"href":"https:\/\/mikariyer.com\/ar\/wp-json\/wp\/v2\/types\/page"}],"author":[{"embeddable":true,"href":"https:\/\/mikariyer.com\/ar\/wp-json\/wp\/v2\/users\/3"}],"replies":[{"embeddable":true,"href":"https:\/\/mikariyer.com\/ar\/wp-json\/wp\/v2\/comments?post=15771"}],"version-history":[{"count":1,"href":"https:\/\/mikariyer.com\/ar\/wp-json\/wp\/v2\/pages\/15771\/revisions"}],"predecessor-version":[{"id":19070,"href":"https:\/\/mikariyer.com\/ar\/wp-json\/wp\/v2\/pages\/15771\/revisions\/19070"}],"up":[{"embeddable":true,"href":"https:\/\/mikariyer.com\/ar\/wp-json\/wp\/v2\/pages\/15769"}],"wp:attachment":[{"href":"https:\/\/mikariyer.com\/ar\/wp-json\/wp\/v2\/media?parent=15771"}],"curies":[{"name":"wp","href":"https:\/\/api.w.org\/{rel}","templated":true}]}}