{"id":15811,"date":"2024-05-17T15:03:15","date_gmt":"2024-05-17T15:03:15","guid":{"rendered":"https:\/\/mikariyer.com\/?page_id=15811"},"modified":"2025-07-31T21:02:18","modified_gmt":"2025-07-31T21:02:18","slug":"insan-kaynaklari","status":"publish","type":"page","link":"https:\/\/mikariyer.com\/ar\/insan-kaynaklari\/","title":{"rendered":"\u0627\u0644\u0645\u0648\u0627\u0631\u062f \u0627\u0644\u0628\u0634\u0631\u064a\u0629"},"content":{"rendered":"<div data-elementor-type=\"wp-page\" data-elementor-id=\"15811\" class=\"elementor elementor-15811\" data-elementor-post-type=\"page\">\n\t\t\t\t<div class=\"elementor-element elementor-element-5c2c685 e-con-full e-flex e-con e-parent\" data-id=\"5c2c685\" data-element_type=\"container\">\n\t\t<div class=\"elementor-element elementor-element-cdfeeb4 e-con-full e-flex e-con e-child\" data-id=\"cdfeeb4\" data-element_type=\"container\">\n\t\t\t\t<div class=\"elementor-element elementor-element-d899904 elementor-widget elementor-widget-shortcode\" data-id=\"d899904\" data-element_type=\"widget\" data-widget_type=\"shortcode.default\">\n\t\t\t\t<div class=\"elementor-widget-container\">\n\t\t\t\t\t\t\t<div class=\"elementor-shortcode\">\t\t<div data-elementor-type=\"single-page\" data-elementor-id=\"16334\" class=\"elementor elementor-16334\" data-elementor-post-type=\"elementor_library\">\n\t\t\t<div class=\"elementor-element elementor-element-6096a39 elementor-hidden-mobile e-flex e-con-boxed e-con e-parent\" data-id=\"6096a39\" data-element_type=\"container\" data-settings=\"{&quot;background_background&quot;:&quot;classic&quot;}\">\n\t\t\t\t\t<div class=\"e-con-inner\">\n\t\t<div class=\"elementor-element elementor-element-095ac95 e-con-full e-flex e-con e-child\" data-id=\"095ac95\" data-element_type=\"container\" data-settings=\"{&quot;background_background&quot;:&quot;classic&quot;}\">\n\t\t\t\t<div class=\"elementor-element elementor-element-8c27f08 elementor-widget elementor-widget-infetech_elementor_heading\" data-id=\"8c27f08\" data-element_type=\"widget\" data-widget_type=\"infetech_elementor_heading.default\">\n\t\t\t\t<div class=\"elementor-widget-container\">\n\t\t\t\t\t\n\t\t\t<div class=\"ova-heading\">\n\t\t\t\t\n\t\t\t\t\n\t\t\t\t\n\t\t\t\t\t<h3 class=\"title\">\t\t\t\t\t\t\t\t\t\t\t\t\t<a href=\"https:\/\/mikariyer.com\/ar\/insan-kaynaklari\/\" title=\"\">\u0130NSAN KAYNAKLARI<\/a>\n\t\t\t\t\t\t\t\t\t\t\t<\/h3>\n                \n                \n\t\t\t<\/div>\n\n\t\t\t\t\t\t<\/div>\n\t\t\t\t<\/div>\n\t\t\t\t<div class=\"elementor-element elementor-element-6c1b29d elementor-nav-menu__text-align-aside elementor-widget elementor-widget-nav-menu\" data-id=\"6c1b29d\" data-element_type=\"widget\" data-settings=\"{&quot;layout&quot;:&quot;dropdown&quot;,&quot;submenu_icon&quot;:{&quot;value&quot;:&quot;&lt;svg class=\\&quot;e-font-icon-svg e-fas-caret-down\\&quot; viewBox=\\&quot;0 0 320 512\\&quot; xmlns=\\&quot;http:\\\/\\\/www.w3.org\\\/2000\\\/svg\\&quot;&gt;&lt;path d=\\&quot;M31.3 192h257.3c17.8 0 26.7 21.5 14.1 34.1L174.1 354.8c-7.8 7.8-20.5 7.8-28.3 0L17.2 226.1C4.6 213.5 13.5 192 31.3 192z\\&quot;&gt;&lt;\\\/path&gt;&lt;\\\/svg&gt;&quot;,&quot;library&quot;:&quot;fa-solid&quot;}}\" data-widget_type=\"nav-menu.default\">\n\t\t\t\t<div class=\"elementor-widget-container\">\n\t\t\t\t\t\t\t\t<nav class=\"elementor-nav-menu--dropdown elementor-nav-menu__container\" aria-hidden=\"true\">\n\t\t\t\t<ul id=\"menu-2-6c1b29d\" class=\"elementor-nav-menu\"><li class=\"menu-item menu-item-type-post_type menu-item-object-page menu-item-15905\"><a href=\"https:\/\/mikariyer.com\/ar\/insan-kaynaklari\/eleman-ihtiyaci-tespiti\/\" class=\"elementor-item\" tabindex=\"-1\">\u062a\u062d\u062f\u064a\u062f \u0627\u0644\u0627\u062d\u062a\u064a\u0627\u062c\u0627\u062a \u0645\u0646 \u0627\u0644\u0645\u0648\u0638\u0641\u064a\u0646<\/a><\/li>\n<li class=\"menu-item menu-item-type-post_type menu-item-object-page menu-item-15906\"><a href=\"https:\/\/mikariyer.com\/ar\/insan-kaynaklari\/cv-havuzu\/\" class=\"elementor-item\" tabindex=\"-1\">\u0645\u062c\u0645\u0639 \u0627\u0644\u0633\u064a\u0631\u0629 \u0627\u0644\u0630\u0627\u062a\u064a\u0629<\/a><\/li>\n<li class=\"menu-item menu-item-type-post_type menu-item-object-page menu-item-15908\"><a href=\"https:\/\/mikariyer.com\/ar\/insan-kaynaklari\/isveren-calisan-bulusmasi\/\" class=\"elementor-item\" tabindex=\"-1\">\u0627\u062c\u062a\u0645\u0627\u0639 \u0635\u0627\u062d\u0628 \u0627\u0644\u0639\u0645\u0644 - \u0627\u0644\u0645\u0648\u0638\u0641<\/a><\/li>\n<\/ul>\t\t\t<\/nav>\n\t\t\t\t\t\t<\/div>\n\t\t\t\t<\/div>\n\t\t\t\t<div class=\"elementor-element elementor-element-1edbce3 elementor-widget elementor-widget-infetech_elementor_heading\" data-id=\"1edbce3\" data-element_type=\"widget\" data-widget_type=\"infetech_elementor_heading.default\">\n\t\t\t\t<div class=\"elementor-widget-container\">\n\t\t\t\t\t\n\t\t\t<div class=\"ova-heading\">\n\t\t\t\t\n\t\t\t\t\t\t\t\t\t<h2 class=\"sub-title\">\n\t\t\t\t\t\t<span class=\"underlined\"><\/span>\n\t\t\t\t\t\tMiCareer\t\t\t\t\t<\/h2>\t\n\t\t\t\t\n\t\t\t\t\n\t\t\t\t\t<h3 class=\"title\">\t\t\t\t\t\t\t\t\t\t\t\t\t<a href=\"https:\/\/mikariyer.com\/ar\/iletisim\/\" title=\"\">\u0627\u062a\u0635\u0644 \u0628\u0646\u0627<\/a>\n\t\t\t\t\t\t\t\t\t\t\t<\/h3>\n                \n                \n\t\t\t<\/div>\n\n\t\t\t\t\t\t<\/div>\n\t\t\t\t<\/div>\n\t\t\t\t<div class=\"elementor-element elementor-element-fe28d97 elementor-widget elementor-widget-infetech_elementor_contact_info\" data-id=\"fe28d97\" data-element_type=\"widget\" data-widget_type=\"infetech_elementor_contact_info.default\">\n\t\t\t\t<div class=\"elementor-widget-container\">\n\t\t\t\t\t\t\t\t<div class=\"ova-contact-info template2\">\n\t\t\t\t\n\t\t\t\t\t\t\t\t\t\t\t\t\t\t\t<div class=\"circle\">\n\t\t\t\t\t\t\t<div class=\"icon\">\n\t\t\t\t\t\t\t\t<i class=\"ovaicon ovaicon-phone-call\"><\/i>\n\t\t\t\t\t\t\t<\/div>\n\t\t\t\t\t\t<\/div>\t\n\t\t\t\t    \t\t\t    \t\t\t\t\n\t\t\t\t<div class=\"contact\">\n\t\t\t\t\t\n\t\t\t\t\t\t\t\t\t\t\t<div class=\"label\">\n\t\t\t\t\t\t\t\u0631\u0642\u0645 \u0627\u0644\u0627\u062a\u0635\u0627\u0644\t\t\t\t\t\t<\/div>\n\t\t\t\t\t\n\t\t\t\t\t<ul class=\"info\">\n\t\t\t\t\t\t\t\t\t\t\t\t\t<li class=\"item\">\n\n\t\t\t\t\t\t\t\t<a href=\"https:\/\/wa.me\/4917684915411\" title=\"+ 49 17684915411\">+ 49 17684915411<\/a>\t\t\t\t\t\t\t<\/li>\n\t\t\t\t\t\t\t\t\t\t\t<\/ul>\n\n\t\t\t\t<\/div>\n\n\t\t\t<\/div>\n\n\t\t\t\t\t\t<\/div>\n\t\t\t\t<\/div>\n\t\t\t\t<div class=\"elementor-element elementor-element-77f820a elementor-widget elementor-widget-infetech_elementor_contact_info\" data-id=\"77f820a\" data-element_type=\"widget\" data-widget_type=\"infetech_elementor_contact_info.default\">\n\t\t\t\t<div class=\"elementor-widget-container\">\n\t\t\t\t\t\t\t\t<div class=\"ova-contact-info template2\">\n\t\t\t\t\n\t\t\t\t\t\t\t\t\t\t\t\t\t\t\t<div class=\"circle\">\n\t\t\t\t\t\t\t<div class=\"icon\">\n\t\t\t\t\t\t\t\t<i class=\"ovaicon ovaicon-email\"><\/i>\n\t\t\t\t\t\t\t<\/div>\n\t\t\t\t\t\t<\/div>\t\n\t\t\t\t    \t\t\t    \t\t\t\t\n\t\t\t\t<div class=\"contact\">\n\t\t\t\t\t\n\t\t\t\t\t\t\t\t\t\t\t<div class=\"label\">\n\t\t\t\t\t\t\t\u0639\u0646\u0648\u0627\u0646 \u0628\u0631\u064a\u062f\u0646\u0627\t\t\t\t\t\t<\/div>\n\t\t\t\t\t\n\t\t\t\t\t<ul class=\"info\">\n\t\t\t\t\t\t\t\t\t\t\t\t\t<li class=\"item\">\n\n\t\t\t\t\t\t\t\t\t\t\t\t\t\t\t\t\t\t\t<a href=\"mailto:info@mikariyer.com\" title=\"email\">\n\t\t\t\t\t\t\t\t\t\t\t\tinfo@mikariyer.com\t\t\t\t\t\t\t\t\t\t\t<\/a>\n\t\t\t\t\t\t\t\t\t\t\t\t\t\t\t\t\t<\/li>\n\t\t\t\t\t\t\t\t\t\t\t<\/ul>\n\n\t\t\t\t<\/div>\n\n\t\t\t<\/div>\n\n\t\t\t\t\t\t<\/div>\n\t\t\t\t<\/div>\n\t\t\t\t<div class=\"elementor-element elementor-element-506afbe elementor-widget elementor-widget-infetech_elementor_contact_info\" data-id=\"506afbe\" data-element_type=\"widget\" data-widget_type=\"infetech_elementor_contact_info.default\">\n\t\t\t\t<div class=\"elementor-widget-container\">\n\t\t\t\t\t\t\t\t<div class=\"ova-contact-info template2\">\n\t\t\t\t\n\t\t\t\t\t\t\t\t\t\t\t\t\t\t\t<div class=\"circle\">\n\t\t\t\t\t\t\t<div class=\"icon\">\n\t\t\t\t\t\t\t\t<i class=\"far fa-map\"><\/i>\n\t\t\t\t\t\t\t<\/div>\n\t\t\t\t\t\t<\/div>\t\n\t\t\t\t    \t\t\t    \t\t\t\t\n\t\t\t\t<div class=\"contact\">\n\t\t\t\t\t\n\t\t\t\t\t\t\t\t\t\t\t<div class=\"label\">\n\t\t\t\t\t\t\t\u0639\u0646\u0648\u0627\u0646\u0646\u0627\t\t\t\t\t\t<\/div>\n\t\t\t\t\t\n\t\t\t\t\t<ul class=\"info\">\n\t\t\t\t\t\t\t\t\t\t\t\t\t<li class=\"item\">\n\n\t\t\t\t\t\t\t\t<a href=\"https:\/\/maps.app.goo.gl\/HDJiQThZhUDnXWy77\" target=\"_blank\" title=\"Auf dem Br\u00fc338A Regents Park Road Office 3 and 4 London United Kingdom N3 2LNmmer 1, 44149 Dortmund\">Auf dem Br\u00fc338A Regents Park Road Office 3 and 4 London United Kingdom N3 2LNmmer 1, 44149 Dortmund<\/a>\t\t\t\t\t\t\t<\/li>\n\t\t\t\t\t\t\t\t\t\t\t<\/ul>\n\n\t\t\t\t<\/div>\n\n\t\t\t<\/div>\n\n\t\t\t\t\t\t<\/div>\n\t\t\t\t<\/div>\n\t\t\t\t<\/div>\n\t\t\t\t\t<\/div>\n\t\t\t\t<\/div>\n\t\t\t\t<\/div>\n\t\t<\/div>\n\t\t\t\t\t\t<\/div>\n\t\t\t\t<\/div>\n\t\t\t\t<\/div>\n\t\t<div class=\"elementor-element elementor-element-2fb523b e-con-full e-flex e-con e-child\" data-id=\"2fb523b\" data-element_type=\"container\">\n\t\t\t\t<div class=\"elementor-element elementor-element-fc3b7bf elementor-widget elementor-widget-infetech_elementor_heading\" data-id=\"fc3b7bf\" data-element_type=\"widget\" data-widget_type=\"infetech_elementor_heading.default\">\n\t\t\t\t<div class=\"elementor-widget-container\">\n\t\t\t\t\t\n\t\t\t<div class=\"ova-heading\">\n\t\t\t\t\n\t\t\t\t\n\t\t\t\t\n\t\t\t\t\t<h1 class=\"title\">\t\t\t\t\t\t\t\t\t\t\t\t\t<a href=\"https:\/\/mikariyer.com\/ar\/insan-kaynaklari\/\" title=\"\">\u0130NSAN KAYNAKLARI<\/a>\n\t\t\t\t\t\t\t\t\t\t\t<\/h1>\n                \n                \n\t\t\t<\/div>\n\n\t\t\t\t\t\t<\/div>\n\t\t\t\t<\/div>\n\t\t\t\t<div class=\"elementor-element elementor-element-07818e2 elementor-blockquote--skin-boxed elementor-blockquote--align-center elementor-blockquote--button-color-official elementor-widget elementor-widget-blockquote\" data-id=\"07818e2\" data-element_type=\"widget\" data-widget_type=\"blockquote.default\">\n\t\t\t\t<div class=\"elementor-widget-container\">\n\t\t\t\t\t\t\t<blockquote class=\"elementor-blockquote\">\n\t\t\t<p class=\"elementor-blockquote__content\">\n\t\t\t\t\n\u201cHayallerinizin Pe\u015finden Gidin: Almanya\u2019da Kariyer Yolculu\u011funuz Ba\u015fl\u0131yor!\u201d\n\t\t\t<\/p>\n\t\t\t\t\t<\/blockquote>\n\t\t\t\t\t\t<\/div>\n\t\t\t\t<\/div>\n\t\t\t\t<div class=\"elementor-element elementor-element-9a82b9d elementor-widget elementor-widget-text-editor\" data-id=\"9a82b9d\" data-element_type=\"widget\" data-widget_type=\"text-editor.default\">\n\t\t\t\t<div class=\"elementor-widget-container\">\n\t\t\t\t\t\t\t\t\t<p>MiKariyer \u0130nsan Kaynaklar\u0131 Servisi, uluslararas\u0131 i\u015f g\u00fcc\u00fc arenas\u0131nda m\u00fckemmellik ve verimlilik \u00e7\u0131tas\u0131n\u0131 y\u00fckselterek, i\u015fverenlerin ideal adaylarla bulu\u015fmas\u0131n\u0131 sa\u011flamaktad\u0131r. Stratejik ve yenilik\u00e7i metodlar\u0131m\u0131zla, kaliteli i\u015f g\u00fcc\u00fcne eri\u015fimi kolayla\u015ft\u0131r\u0131yor ve \u015firketlerin piyasadaki rekabet avantaj\u0131n\u0131 maksimize ediyoruz. G\u00fc\u00e7l\u00fc ve ikna edici bir ileti\u015fimle, somut de\u011ferler olu\u015fturuyor ve s\u00fcrd\u00fcr\u00fclebilir i\u015f ili\u015fkileri geli\u015ftiriyoruz. MiKariyer \u0130nsan Kaynaklar\u0131 Servisi, i\u015fverenler i\u00e7in kalifiye personel bulma konusunda do\u011fru \u00e7\u00f6z\u00fcm orta\u011f\u0131n\u0131z ve zirvedeki adresinizdir.<\/p>\t\t\t\t\t\t\t\t<\/div>\n\t\t\t\t<\/div>\n\t\t\t\t<div class=\"elementor-element elementor-element-637d488 elementor-widget elementor-widget-infetech_elementor_service_4\" data-id=\"637d488\" data-element_type=\"widget\" data-widget_type=\"infetech_elementor_service_4.default\">\n\t\t\t\t<div class=\"elementor-widget-container\">\n\t\t\t\t\t\t\t \t<div class=\"ova-service-4 service-template1\" \n\t\t \t     \n\t \t    \t \tstyle=\"background-image: url(https:\/\/mikariyer.com\/wp-content\/uploads\/2024\/06\/stylish-adult-businessmen-while-working-day-office-businessmen-using-notebook-discussing-day-plan-office-interior-with-big-window-scaled.jpg)\"\n\t \t    \t\t\t \t>\n                \t\t\t\t  \t<a href=\"https:\/\/mikariyer.com\/ar\/insan-kaynaklari\/eleman-ihtiyaci-tespiti\/\" title=\"ELEMAN \u0130HT\u0130YACI TESP\u0130T\u0130\" rel=\"\" target=\"\">\n\t\t\t    \t\t\t\t\t\t<h4 class=\"title\">\n\t\t\t\t\t\t\tELEMAN \u0130HT\u0130YACI TESP\u0130T\u0130\t\t\t\t\t\t<\/h4>\n\t\t\t\t\t\t\t\t\t\t\t\t\t\t<\/a>\n\t\t\t\t\t\t\t\t\t<div class=\"description\">\n\t\t\t\t\t\t\u0130\u015f d\u00fcnyas\u0131nda ba\u015far\u0131n\u0131n s\u0131rr\u0131, \u00fcst\u00fcn yetenekleri tespit edip onlar\u0131 organizasyona kazand\u0131rmakt\u0131r. Do\u011fru uzman\u0131 belirlemek i\u00e7in kapsaml\u0131 bir ihtiya\u00e7 analizi ve detayland\u0131r\u0131lm\u0131\u015f pozisyon tan\u0131m\u0131 \u015fartt\u0131r. Bu metodik yakla\u015f\u0131m, \u015firketinizin uzun vadeli stratejik hedeflerine ula\u015fmas\u0131n\u0131n temelini olu\u015fturur.\t\t\t\t\t<\/div>\n\t\t\t\t  \n\t\t    <\/div>\n\t\t\t\t\t\t<\/div>\n\t\t\t\t<\/div>\n\t\t\t\t<div class=\"elementor-element elementor-element-edba46a elementor-widget elementor-widget-infetech_elementor_service_4\" data-id=\"edba46a\" data-element_type=\"widget\" data-widget_type=\"infetech_elementor_service_4.default\">\n\t\t\t\t<div class=\"elementor-widget-container\">\n\t\t\t\t\t\t\t \t<div class=\"ova-service-4 service-template1\" \n\t\t \t     \n\t \t    \t \tstyle=\"background-image: url(https:\/\/mikariyer.com\/wp-content\/uploads\/2024\/06\/business-people-meeting-planning-strategy-analysis-new-business-project-concept-scaled.jpg)\"\n\t \t    \t\t\t \t>\n                \t\t\t\t  \t<a href=\"https:\/\/mikariyer.com\/ar\/insan-kaynaklari\/cv-havuzu\/\" title=\"CV HAVUZU OLU\u015eTURMA\" rel=\"\" target=\"\">\n\t\t\t    \t\t\t\t\t\t<h4 class=\"title\">\n\t\t\t\t\t\t\tCV HAVUZU OLU\u015eTURMA\t\t\t\t\t\t<\/h4>\n\t\t\t\t\t\t\t\t\t\t\t\t\t\t<\/a>\n\t\t\t\t\t\t\t\t\t<div class=\"description\">\n\t\t\t\t\t\tMiKariyer \u0130nsan Kaynaklar\u0131 Servisi olarak, i\u015fverenlerin nitelikli i\u015f g\u00fcc\u00fc ihtiya\u00e7lar\u0131n\u0131 kar\u015f\u0131lamak i\u00e7in kapsaml\u0131 bir pazar ara\u015ft\u0131rmas\u0131 yap\u0131yoruz. \u0130\u015fverenlerle g\u00f6r\u00fc\u015ferek a\u00e7\u0131k pozisyonlar ve aranan nitelikleri belirliyor, ard\u0131ndan hedeflere ve \u015firket k\u00fclt\u00fcr\u00fcne uygun aday profillerini tan\u0131ml\u0131yoruz. B\u00f6ylece, i\u015fverenlere en uygun adaylar\u0131 sunmay\u0131 ama\u00e7l\u0131yoruz.\t\t\t\t\t<\/div>\n\t\t\t\t  \n\t\t    <\/div>\n\t\t\t\t\t\t<\/div>\n\t\t\t\t<\/div>\n\t\t\t\t<div class=\"elementor-element elementor-element-b5a587d elementor-widget elementor-widget-infetech_elementor_service_4\" data-id=\"b5a587d\" data-element_type=\"widget\" data-widget_type=\"infetech_elementor_service_4.default\">\n\t\t\t\t<div class=\"elementor-widget-container\">\n\t\t\t\t\t\t\t \t<div class=\"ova-service-4 service-template1\" \n\t\t \t     \n\t \t    \t \tstyle=\"background-image: url(https:\/\/mikariyer.com\/wp-content\/uploads\/2024\/06\/multi-ethnic-group-young-men-women-studying-indoors-scaled.jpg)\"\n\t \t    \t\t\t \t>\n                \t\t\t\t  \t<a href=\"https:\/\/mikariyer.com\/ar\/insan-kaynaklari\/isveren-calisan-bulusmasi\/\" title=\"\u0130\u015eVEREN-\u00c7ALI\u015eAN BULU\u015eMASI\" rel=\"\" target=\"\">\n\t\t\t    \t\t\t\t\t\t<h4 class=\"title\">\n\t\t\t\t\t\t\t\u0130\u015eVEREN-\u00c7ALI\u015eAN BULU\u015eMASI\t\t\t\t\t\t<\/h4>\n\t\t\t\t\t\t\t\t\t\t\t\t\t\t<\/a>\n\t\t\t\t\t\t\t\t\t<div class=\"description\">\n\t\t\t\t\t\tMiKariyer \u0130nsan Kaynaklar\u0131 Servisi, i\u015fverenlere aday de\u011ferlendirme ve se\u00e7imi s\u00fcre\u00e7lerinde CV havuzu kullanarak uygun adaylar\u0131 belirleme, i\u015fveren-aday bulu\u015fmalar\u0131n\u0131 koordine etme ve m\u00fclakat sonras\u0131 de\u011ferlendirme sa\u011flama hizmetleri sunar. Bu s\u00fcre\u00e7ler i\u015fverenlere zaman kazand\u0131r\u0131r ve organizasyon y\u00fck\u00fcn\u00fc azalt\u0131r.\t\t\t\t\t<\/div>\n\t\t\t\t  \n\t\t    <\/div>\n\t\t\t\t\t\t<\/div>\n\t\t\t\t<\/div>\n\t\t\t\t<\/div>\n\t\t\t\t<\/div>\n\t\t\t\t<\/div>","protected":false},"excerpt":{"rendered":"<p>\u0130NSAN KAYNAKLARI \u201cHayallerinizin Pe\u015finden Gidin: Almanya\u2019da Kariyer Yolculu\u011funuz Ba\u015fl\u0131yor!\u201d MiKariyer \u0130nsan Kaynaklar\u0131 Servisi, uluslararas\u0131 i\u015f g\u00fcc\u00fc arenas\u0131nda m\u00fckemmellik ve verimlilik \u00e7\u0131tas\u0131n\u0131 y\u00fckselterek, i\u015fverenlerin ideal adaylarla bulu\u015fmas\u0131n\u0131 sa\u011flamaktad\u0131r. Stratejik ve yenilik\u00e7i metodlar\u0131m\u0131zla, kaliteli i\u015f g\u00fcc\u00fcne eri\u015fimi kolayla\u015ft\u0131r\u0131yor ve \u015firketlerin piyasadaki rekabet avantaj\u0131n\u0131 maksimize ediyoruz. G\u00fc\u00e7l\u00fc ve ikna edici bir ileti\u015fimle, somut de\u011ferler olu\u015fturuyor ve s\u00fcrd\u00fcr\u00fclebilir i\u015f [&hellip;]<\/p>\n","protected":false},"author":3,"featured_media":0,"parent":0,"menu_order":0,"comment_status":"closed","ping_status":"closed","template":"","meta":{"footnotes":""},"class_list":["post-15811","page","type-page","status-publish","hentry"],"_links":{"self":[{"href":"https:\/\/mikariyer.com\/ar\/wp-json\/wp\/v2\/pages\/15811","targetHints":{"allow":["GET"]}}],"collection":[{"href":"https:\/\/mikariyer.com\/ar\/wp-json\/wp\/v2\/pages"}],"about":[{"href":"https:\/\/mikariyer.com\/ar\/wp-json\/wp\/v2\/types\/page"}],"author":[{"embeddable":true,"href":"https:\/\/mikariyer.com\/ar\/wp-json\/wp\/v2\/users\/3"}],"replies":[{"embeddable":true,"href":"https:\/\/mikariyer.com\/ar\/wp-json\/wp\/v2\/comments?post=15811"}],"version-history":[{"count":1,"href":"https:\/\/mikariyer.com\/ar\/wp-json\/wp\/v2\/pages\/15811\/revisions"}],"predecessor-version":[{"id":19295,"href":"https:\/\/mikariyer.com\/ar\/wp-json\/wp\/v2\/pages\/15811\/revisions\/19295"}],"wp:attachment":[{"href":"https:\/\/mikariyer.com\/ar\/wp-json\/wp\/v2\/media?parent=15811"}],"curies":[{"name":"wp","href":"https:\/\/api.w.org\/{rel}","templated":true}]}}