{"id":15829,"date":"2024-05-17T15:09:13","date_gmt":"2024-05-17T15:09:13","guid":{"rendered":"https:\/\/mikariyer.com\/?page_id=15829"},"modified":"2025-07-31T22:19:23","modified_gmt":"2025-07-31T22:19:23","slug":"aile-birlesimi","status":"publish","type":"page","link":"https:\/\/mikariyer.com\/ar\/dil-okulu\/genel-almanca\/aile-birlesimi\/","title":{"rendered":"\u0644\u0645 \u0634\u0645\u0644 \u0627\u0644\u0623\u0633\u0631\u0629"},"content":{"rendered":"<div data-elementor-type=\"wp-page\" data-elementor-id=\"15829\" class=\"elementor elementor-15829\" data-elementor-post-type=\"page\">\n\t\t\t\t<div class=\"elementor-element elementor-element-613cb43 e-con-full e-flex e-con e-parent\" data-id=\"613cb43\" data-element_type=\"container\">\n\t\t<div class=\"elementor-element elementor-element-bfae887 e-con-full e-flex e-con e-child\" data-id=\"bfae887\" data-element_type=\"container\">\n\t\t\t\t<div class=\"elementor-element elementor-element-ab061c0 elementor-widget elementor-widget-shortcode\" data-id=\"ab061c0\" data-element_type=\"widget\" data-widget_type=\"shortcode.default\">\n\t\t\t\t<div class=\"elementor-widget-container\">\n\t\t\t\t\t\t\t<div class=\"elementor-shortcode\">\t\t<div data-elementor-type=\"single-post\" data-elementor-id=\"16072\" class=\"elementor elementor-16072\" data-elementor-post-type=\"elementor_library\">\n\t\t\t<div class=\"elementor-element elementor-element-300316f elementor-hidden-mobile e-flex e-con-boxed e-con e-parent\" data-id=\"300316f\" data-element_type=\"container\" data-settings=\"{&quot;background_background&quot;:&quot;classic&quot;}\">\n\t\t\t\t\t<div class=\"e-con-inner\">\n\t\t<div class=\"elementor-element elementor-element-58b87ae e-con-full e-flex e-con e-child\" data-id=\"58b87ae\" data-element_type=\"container\">\n\t\t\t\t<div class=\"elementor-element elementor-element-ad0d9fd elementor-widget elementor-widget-infetech_elementor_heading\" data-id=\"ad0d9fd\" data-element_type=\"widget\" data-widget_type=\"infetech_elementor_heading.default\">\n\t\t\t\t<div class=\"elementor-widget-container\">\n\t\t\t\t\t\n\t\t\t<div class=\"ova-heading\">\n\t\t\t\t\n\t\t\t\t\n\t\t\t\t\n\t\t\t\t\t<h3 class=\"title\">\t\t\t\t\t\t\t\t\t\t\t\t\t<a href=\"https:\/\/mikariyer.com\/ar\/dil-okulu\/\" title=\"\">\u0645\u062f\u0631\u0633\u0629 \u0627\u0644\u0644\u063a\u0627\u062a<\/a>\n\t\t\t\t\t\t\t\t\t\t\t<\/h3>\n                \n                \n\t\t\t<\/div>\n\n\t\t\t\t\t\t<\/div>\n\t\t\t\t<\/div>\n\t\t\t\t<div class=\"elementor-element elementor-element-a042caa elementor-nav-menu__text-align-aside elementor-widget elementor-widget-nav-menu\" data-id=\"a042caa\" data-element_type=\"widget\" data-settings=\"{&quot;layout&quot;:&quot;dropdown&quot;,&quot;submenu_icon&quot;:{&quot;value&quot;:&quot;&lt;svg class=\\&quot;e-font-icon-svg e-fas-caret-down\\&quot; viewBox=\\&quot;0 0 320 512\\&quot; xmlns=\\&quot;http:\\\/\\\/www.w3.org\\\/2000\\\/svg\\&quot;&gt;&lt;path d=\\&quot;M31.3 192h257.3c17.8 0 26.7 21.5 14.1 34.1L174.1 354.8c-7.8 7.8-20.5 7.8-28.3 0L17.2 226.1C4.6 213.5 13.5 192 31.3 192z\\&quot;&gt;&lt;\\\/path&gt;&lt;\\\/svg&gt;&quot;,&quot;library&quot;:&quot;fa-solid&quot;}}\" data-widget_type=\"nav-menu.default\">\n\t\t\t\t<div class=\"elementor-widget-container\">\n\t\t\t\t\t\t\t\t<nav class=\"elementor-nav-menu--dropdown elementor-nav-menu__container\" aria-hidden=\"true\">\n\t\t\t\t<ul id=\"menu-2-a042caa\" class=\"elementor-nav-menu\"><li class=\"menu-item menu-item-type-post_type menu-item-object-page menu-item-has-children menu-item-15909\"><a href=\"https:\/\/mikariyer.com\/ar\/dil-okulu\/genel-almanca\/\" class=\"elementor-item\" tabindex=\"-1\">\u0627\u0644\u0644\u063a\u0629 \u0627\u0644\u0623\u0644\u0645\u0627\u0646\u064a\u0629 \u0627\u0644\u0639\u0627\u0645\u0629<\/a>\n<ul class=\"sub-menu elementor-nav-menu--dropdown\">\n\t<li class=\"menu-item menu-item-type-post_type menu-item-object-page menu-item-15911\"><a href=\"https:\/\/mikariyer.com\/ar\/dil-okulu\/genel-almanca\/online-dil-egitimi\/\" class=\"elementor-sub-item\" tabindex=\"-1\">\u062a\u0639\u0644\u064a\u0645 \u0627\u0644\u0644\u063a\u0627\u062a \u0639\u0628\u0631 \u0627\u0644\u0625\u0646\u062a\u0631\u0646\u062a<\/a><\/li>\n\t<li class=\"menu-item menu-item-type-post_type menu-item-object-page menu-item-15912\"><a href=\"https:\/\/mikariyer.com\/ar\/dil-okulu\/genel-almanca\/yuzyuze-dil-egitimi\/\" class=\"elementor-sub-item\" tabindex=\"-1\">\u0627\u0644\u062a\u062f\u0631\u064a\u0628 \u0627\u0644\u0644\u063a\u0648\u064a \u0648\u062c\u0647\u0627\u064b \u0644\u0648\u062c\u0647<\/a><\/li>\n\t<li class=\"menu-item menu-item-type-post_type menu-item-object-page menu-item-15913\"><a href=\"https:\/\/mikariyer.com\/ar\/dil-okulu\/genel-almanca\/almanyada-b2-kursu\/\" class=\"elementor-sub-item\" tabindex=\"-1\">\u062f\u0648\u0631\u0629 B2 \u0641\u064a \u0623\u0644\u0645\u0627\u0646\u064a\u0627<\/a><\/li>\n\t<li class=\"menu-item menu-item-type-post_type menu-item-object-page menu-item-15914\"><a href=\"https:\/\/mikariyer.com\/ar\/dil-okulu\/genel-almanca\/aile-birlesimi\/\" class=\"elementor-sub-item\" tabindex=\"-1\">\u0644\u0645 \u0634\u0645\u0644 \u0627\u0644\u0623\u0633\u0631\u0629<\/a><\/li>\n<\/ul>\n<\/li>\n<li class=\"menu-item menu-item-type-post_type menu-item-object-page menu-item-has-children menu-item-15915\"><a href=\"https:\/\/mikariyer.com\/ar\/dil-okulu\/mesleki-almanca\/\" class=\"elementor-item\" tabindex=\"-1\">\u0627\u0644\u0623\u0644\u0645\u0627\u0646\u064a\u0629 \u0627\u0644\u0645\u0647\u0646\u064a\u0629<\/a>\n<ul class=\"sub-menu elementor-nav-menu--dropdown\">\n\t<li class=\"menu-item menu-item-type-post_type menu-item-object-page menu-item-15916\"><a href=\"https:\/\/mikariyer.com\/ar\/dil-okulu\/mesleki-almanca\/genel-saglik-dil-egitimi\/\" class=\"elementor-sub-item\" tabindex=\"-1\">\u0627\u0644\u062a\u062f\u0631\u064a\u0628 \u0627\u0644\u0644\u063a\u0648\u064a \u0641\u064a \u0645\u062c\u0627\u0644 \u0627\u0644\u0635\u062d\u0629 \u0627\u0644\u0639\u0627\u0645\u0629<\/a><\/li>\n\t<li class=\"menu-item menu-item-type-post_type menu-item-object-page menu-item-15917\"><a href=\"https:\/\/mikariyer.com\/ar\/dil-okulu\/mesleki-almanca\/hizlandirilmis-kurs\/\" class=\"elementor-sub-item\" tabindex=\"-1\">\u0627\u0644\u062f\u0648\u0631\u0629 \u0627\u0644\u0645\u0639\u062c\u0651\u0644\u0629<\/a><\/li>\n\t<li class=\"menu-item menu-item-type-post_type menu-item-object-page menu-item-15918\"><a href=\"https:\/\/mikariyer.com\/ar\/dil-okulu\/mesleki-almanca\/doktorlar-icin-fsp-kursu\/\" class=\"elementor-sub-item\" tabindex=\"-1\">\u062f\u0648\u0631\u0629 FSP \u0644\u0644\u0623\u0637\u0628\u0627\u0621<\/a><\/li>\n<\/ul>\n<\/li>\n<li class=\"menu-item menu-item-type-post_type menu-item-object-page menu-item-15919\"><a href=\"https:\/\/mikariyer.com\/ar\/dil-okulu\/yaz-okulu\/\" class=\"elementor-item\" tabindex=\"-1\">\u0627\u0644\u0645\u062f\u0631\u0633\u0629 \u0627\u0644\u0635\u064a\u0641\u064a\u0629<\/a><\/li>\n<\/ul>\t\t\t<\/nav>\n\t\t\t\t\t\t<\/div>\n\t\t\t\t<\/div>\n\t\t\t\t<div class=\"elementor-element elementor-element-d84be28 elementor-widget elementor-widget-infetech_elementor_heading\" data-id=\"d84be28\" data-element_type=\"widget\" data-widget_type=\"infetech_elementor_heading.default\">\n\t\t\t\t<div class=\"elementor-widget-container\">\n\t\t\t\t\t\n\t\t\t<div class=\"ova-heading\">\n\t\t\t\t\n\t\t\t\t\t\t\t\t\t<h2 class=\"sub-title\">\n\t\t\t\t\t\t<span class=\"underlined\"><\/span>\n\t\t\t\t\t\tMiCareer\t\t\t\t\t<\/h2>\t\n\t\t\t\t\n\t\t\t\t\n\t\t\t\t\t<h3 class=\"title\">\t\t\t\t\t\t\t\t\t\t\t\t\t<a href=\"https:\/\/mikariyer.com\/ar\/iletisim\/\" title=\"\">\u0627\u062a\u0635\u0644 \u0628\u0646\u0627<\/a>\n\t\t\t\t\t\t\t\t\t\t\t<\/h3>\n                \n                \n\t\t\t<\/div>\n\n\t\t\t\t\t\t<\/div>\n\t\t\t\t<\/div>\n\t\t\t\t<div class=\"elementor-element elementor-element-8ec5c6c elementor-widget elementor-widget-infetech_elementor_contact_info\" data-id=\"8ec5c6c\" data-element_type=\"widget\" data-widget_type=\"infetech_elementor_contact_info.default\">\n\t\t\t\t<div class=\"elementor-widget-container\">\n\t\t\t\t\t\t\t\t<div class=\"ova-contact-info template2\">\n\t\t\t\t\n\t\t\t\t\t\t\t\t\t\t\t\t\t\t\t<div class=\"circle\">\n\t\t\t\t\t\t\t<div class=\"icon\">\n\t\t\t\t\t\t\t\t<i class=\"ovaicon ovaicon-phone-call\"><\/i>\n\t\t\t\t\t\t\t<\/div>\n\t\t\t\t\t\t<\/div>\t\n\t\t\t\t    \t\t\t    \t\t\t\t\n\t\t\t\t<div class=\"contact\">\n\t\t\t\t\t\n\t\t\t\t\t\t\t\t\t\t\t<div class=\"label\">\n\t\t\t\t\t\t\t\u0631\u0642\u0645 \u0627\u0644\u0627\u062a\u0635\u0627\u0644\t\t\t\t\t\t<\/div>\n\t\t\t\t\t\n\t\t\t\t\t<ul class=\"info\">\n\t\t\t\t\t\t\t\t\t\t\t\t\t<li class=\"item\">\n\n\t\t\t\t\t\t\t\t<a href=\"https:\/\/wa.me\/4917684915411\" title=\"+ 49 17684915411\">+ 49 17684915411<\/a>\t\t\t\t\t\t\t<\/li>\n\t\t\t\t\t\t\t\t\t\t\t<\/ul>\n\n\t\t\t\t<\/div>\n\n\t\t\t<\/div>\n\n\t\t\t\t\t\t<\/div>\n\t\t\t\t<\/div>\n\t\t\t\t<div class=\"elementor-element elementor-element-c28735c elementor-widget elementor-widget-infetech_elementor_contact_info\" data-id=\"c28735c\" data-element_type=\"widget\" data-widget_type=\"infetech_elementor_contact_info.default\">\n\t\t\t\t<div class=\"elementor-widget-container\">\n\t\t\t\t\t\t\t\t<div class=\"ova-contact-info template2\">\n\t\t\t\t\n\t\t\t\t\t\t\t\t\t\t\t\t\t\t\t<div class=\"circle\">\n\t\t\t\t\t\t\t<div class=\"icon\">\n\t\t\t\t\t\t\t\t<i class=\"ovaicon ovaicon-email\"><\/i>\n\t\t\t\t\t\t\t<\/div>\n\t\t\t\t\t\t<\/div>\t\n\t\t\t\t    \t\t\t    \t\t\t\t\n\t\t\t\t<div class=\"contact\">\n\t\t\t\t\t\n\t\t\t\t\t\t\t\t\t\t\t<div class=\"label\">\n\t\t\t\t\t\t\t\u0639\u0646\u0648\u0627\u0646 \u0628\u0631\u064a\u062f\u0646\u0627\t\t\t\t\t\t<\/div>\n\t\t\t\t\t\n\t\t\t\t\t<ul class=\"info\">\n\t\t\t\t\t\t\t\t\t\t\t\t\t<li class=\"item\">\n\n\t\t\t\t\t\t\t\t\t\t\t\t\t\t\t\t\t\t\t<a href=\"mailto:info@mikariyer.com\" title=\"email\">\n\t\t\t\t\t\t\t\t\t\t\t\tinfo@mikariyer.com\t\t\t\t\t\t\t\t\t\t\t<\/a>\n\t\t\t\t\t\t\t\t\t\t\t\t\t\t\t\t\t<\/li>\n\t\t\t\t\t\t\t\t\t\t\t<\/ul>\n\n\t\t\t\t<\/div>\n\n\t\t\t<\/div>\n\n\t\t\t\t\t\t<\/div>\n\t\t\t\t<\/div>\n\t\t\t\t<div class=\"elementor-element elementor-element-2ae9b06 elementor-widget elementor-widget-infetech_elementor_contact_info\" data-id=\"2ae9b06\" data-element_type=\"widget\" data-widget_type=\"infetech_elementor_contact_info.default\">\n\t\t\t\t<div class=\"elementor-widget-container\">\n\t\t\t\t\t\t\t\t<div class=\"ova-contact-info template2\">\n\t\t\t\t\n\t\t\t\t\t\t\t\t\t\t\t\t\t\t\t<div class=\"circle\">\n\t\t\t\t\t\t\t<div class=\"icon\">\n\t\t\t\t\t\t\t\t<i class=\"far fa-map\"><\/i>\n\t\t\t\t\t\t\t<\/div>\n\t\t\t\t\t\t<\/div>\t\n\t\t\t\t    \t\t\t    \t\t\t\t\n\t\t\t\t<div class=\"contact\">\n\t\t\t\t\t\n\t\t\t\t\t\t\t\t\t\t\t<div class=\"label\">\n\t\t\t\t\t\t\t\u0639\u0646\u0648\u0627\u0646\u0646\u0627\t\t\t\t\t\t<\/div>\n\t\t\t\t\t\n\t\t\t\t\t<ul class=\"info\">\n\t\t\t\t\t\t\t\t\t\t\t\t\t<li class=\"item\">\n\n\t\t\t\t\t\t\t\t<a href=\"https:\/\/maps.app.goo.gl\/HDJiQThZhUDnXWy77\" target=\"_blank\" title=\"338A \u0631\u064a\u062c\u0646\u062a\u0633 \u0628\u0627\u0631\u0643 \u0631\u0648\u062f 338A \u0631\u064a\u062c\u0646\u062a\u0633 \u0628\u0627\u0631\u0643 \u0645\u0643\u062a\u0628 3 \u0648 4 \u0644\u0646\u062f\u0646 \u0627\u0644\u0645\u0645\u0644\u0643\u0629 \u0627\u0644\u0645\u062a\u062d\u062f\u0629 N3 2LN\">338A \u0631\u064a\u062c\u0646\u062a\u0633 \u0628\u0627\u0631\u0643 \u0631\u0648\u062f 338A \u0631\u064a\u062c\u0646\u062a\u0633 \u0628\u0627\u0631\u0643 \u0645\u0643\u062a\u0628 3 \u0648 4 \u0644\u0646\u062f\u0646 \u0627\u0644\u0645\u0645\u0644\u0643\u0629 \u0627\u0644\u0645\u062a\u062d\u062f\u0629 N3 2LN<\/a>\t\t\t\t\t\t\t<\/li>\n\t\t\t\t\t\t\t\t\t\t\t<\/ul>\n\n\t\t\t\t<\/div>\n\n\t\t\t<\/div>\n\n\t\t\t\t\t\t<\/div>\n\t\t\t\t<\/div>\n\t\t\t\t<\/div>\n\t\t\t\t\t<\/div>\n\t\t\t\t<\/div>\n\t\t\t\t<\/div>\n\t\t<\/div>\n\t\t\t\t\t\t<\/div>\n\t\t\t\t<\/div>\n\t\t\t\t<\/div>\n\t\t<div class=\"elementor-element elementor-element-2fd5393 e-con-full e-flex e-con e-child\" data-id=\"2fd5393\" data-element_type=\"container\">\n\t\t\t\t<div class=\"elementor-element elementor-element-dd0c86a elementor-widget elementor-widget-infetech_elementor_heading\" data-id=\"dd0c86a\" data-element_type=\"widget\" data-widget_type=\"infetech_elementor_heading.default\">\n\t\t\t\t<div class=\"elementor-widget-container\">\n\t\t\t\t\t\n\t\t\t<div class=\"ova-heading\">\n\t\t\t\t\n\t\t\t\t\t\t\t\t\t<h2 class=\"sub-title\">\n\t\t\t\t\t\t<span class=\"underlined\"><\/span>\n\t\t\t\t\t\t\u0627\u0644\u0644\u063a\u0629 \u0627\u0644\u0623\u0644\u0645\u0627\u0646\u064a\u0629 \u0627\u0644\u0639\u0627\u0645\u0629\t\t\t\t\t<\/h2>\t\n\t\t\t\t\n\t\t\t\t\n\t\t\t\t\t<h2 class=\"title\">\t\t\t\t\t\t\t\t\t\t\t\t\t<a href=\"https:\/\/mikariyer.com\/ar\/dil-okulu\/genel-almanca\/aile-birlesimi\/\" title=\"\">A\u0130LE B\u0130RLE\u015e\u0130M\u0130<\/a>\n\t\t\t\t\t\t\t\t\t\t\t<\/h2>\n                \n                \n\t\t\t<\/div>\n\n\t\t\t\t\t\t<\/div>\n\t\t\t\t<\/div>\n\t\t\t\t<div class=\"elementor-element elementor-element-3438ef8 elementor-blockquote--skin-boxed elementor-blockquote--align-center elementor-blockquote--button-color-official elementor-widget elementor-widget-blockquote\" data-id=\"3438ef8\" data-element_type=\"widget\" data-widget_type=\"blockquote.default\">\n\t\t\t\t<div class=\"elementor-widget-container\">\n\t\t\t\t\t\t\t<blockquote class=\"elementor-blockquote\">\n\t\t\t<p class=\"elementor-blockquote__content\">\n\t\t\t\tAileyle Birlikte Daha G\u00fc\u00e7l\u00fc, Daha Mutlu Yar\u0131nlara!\t\t\t<\/p>\n\t\t\t\t\t<\/blockquote>\n\t\t\t\t\t\t<\/div>\n\t\t\t\t<\/div>\n\t\t\t\t<div class=\"elementor-element elementor-element-5b8adf6 elementor-widget elementor-widget-text-editor\" data-id=\"5b8adf6\" data-element_type=\"widget\" data-widget_type=\"text-editor.default\">\n\t\t\t\t<div class=\"elementor-widget-container\">\n\t\t\t\t\t\t\t\t\t<p>MiKariyer olarak, Almanya\u2019da yeni bir hayat kurma umuduyla e\u015flerinin yan\u0131na ta\u015f\u0131nacak aileler i\u00e7in, dil e\u011fitimi deste\u011fimizle g\u00fc\u00e7l\u00fc bir k\u00f6pr\u00fc kuruyoruz. Aile birle\u015fimi s\u00fcrecinde, dil bariyerlerini a\u015fmak ve yeni toplumlar\u0131na sorunsuz bir entegrasyon sa\u011flamak adaylar\u0131m\u0131z i\u00e7in hayati \u00f6nem ta\u015f\u0131r. Bu nedenle, onlara Almanca \u00f6\u011freniminde kapsaml\u0131 destek sunarak, Almanya\u2019daki e\u015fleriyle bir arada, tam ve mutlu bir ya\u015fam s\u00fcrmelerine olanak tan\u0131yoruz. Her bir aday\u0131m\u0131z\u0131n, dil yeterlili\u011fini ba\u015far\u0131yla kazanmas\u0131n\u0131 sa\u011flayarak, ailelerinin kucakla\u015fmas\u0131na vesile olmak bizim en b\u00fcy\u00fck gurur kayna\u011f\u0131m\u0131zd\u0131r.<\/p>\t\t\t\t\t\t\t\t<\/div>\n\t\t\t\t<\/div>\n\t\t\t\t<div class=\"elementor-element elementor-element-28c7fe8 elementor-widget elementor-widget-image\" data-id=\"28c7fe8\" data-element_type=\"widget\" data-widget_type=\"image.default\">\n\t\t\t\t<div class=\"elementor-widget-container\">\n\t\t\t\t\t\t\t\t\t\t\t\t\t\t\t<img fetchpriority=\"high\" decoding=\"async\" width=\"800\" height=\"534\" src=\"https:\/\/mikariyer.com\/wp-content\/uploads\/2024\/06\/travel-agency-1024x684.jpg\" class=\"attachment-large size-large wp-image-18177\" alt=\"\" srcset=\"https:\/\/mikariyer.com\/wp-content\/uploads\/2024\/06\/travel-agency-1024x684.jpg 1024w, https:\/\/mikariyer.com\/wp-content\/uploads\/2024\/06\/travel-agency-300x200.jpg 300w, https:\/\/mikariyer.com\/wp-content\/uploads\/2024\/06\/travel-agency-768x513.jpg 768w, https:\/\/mikariyer.com\/wp-content\/uploads\/2024\/06\/travel-agency-1536x1025.jpg 1536w, https:\/\/mikariyer.com\/wp-content\/uploads\/2024\/06\/travel-agency-2048x1367.jpg 2048w\" sizes=\"(max-width: 800px) 100vw, 800px\" \/>\t\t\t\t\t\t\t\t\t\t\t\t\t\t\t<\/div>\n\t\t\t\t<\/div>\n\t\t\t\t<div class=\"elementor-element elementor-element-e4a1cd2 elementor-blockquote--skin-boxed elementor-blockquote--align-center elementor-blockquote--button-color-official elementor-widget elementor-widget-blockquote\" data-id=\"e4a1cd2\" data-element_type=\"widget\" data-widget_type=\"blockquote.default\">\n\t\t\t\t<div class=\"elementor-widget-container\">\n\t\t\t\t\t\t\t<blockquote class=\"elementor-blockquote\">\n\t\t\t<p class=\"elementor-blockquote__content\">\n\t\t\t\tAlmanca, Aile Birle\u015fimi ve Entegrasyonun Alt\u0131n Anahtar\u0131!\t\t\t<\/p>\n\t\t\t\t\t<\/blockquote>\n\t\t\t\t\t\t<\/div>\n\t\t\t\t<\/div>\n\t\t\t\t<div class=\"elementor-element elementor-element-cdbfea0 elementor-widget elementor-widget-text-editor\" data-id=\"cdbfea0\" data-element_type=\"widget\" data-widget_type=\"text-editor.default\">\n\t\t\t\t<div class=\"elementor-widget-container\">\n\t\t\t\t\t\t\t\t\t<p>Almanya\u2019da aile birle\u015fimi s\u00fcreci, sadece resmi evraklar ve prosed\u00fcrlerle s\u0131n\u0131rl\u0131 de\u011fildir; ayn\u0131 zamanda, bu yeni ba\u015flang\u0131c\u0131n temelini olu\u015fturan dil becerilerini de kapsar. MiKariyer olarak, Almanya\u2019da ailenizle bir araya gelmeniz i\u00e7in gereken Almanca dil e\u011fitiminde size yol g\u00f6steriyoruz. \u0130htiyac\u0131n\u0131z olan Almanca dil yetkinli\u011fine ula\u015fman\u0131z, aile birle\u015fimi bariyerini sorunsuz bir \u015fekilde a\u015fman\u0131z\u0131 ve Alman toplumuyla rahat\u00e7a ileti\u015fim kurarak, kolayca entegre olman\u0131z\u0131 sa\u011flayacakt\u0131r.<\/p><p>MiKariyer , bu nedenle, Almanya\u2019da aile birle\u015fimi ger\u00e7ekle\u015ftirecek bireyler i\u00e7in \u00f6zel olarak tasarlanm\u0131\u015f dil e\u011fitimi programlar\u0131 sunar. Bu kapsamda Aile Birle\u015fimi i\u00e7in gerekli olan dil sertifikasyonuna y\u00f6nelik e\u011fitimler planl\u0131yoruz. Tamamen online olarak ger\u00e7ekle\u015ftirilen bu e\u011fitim sayesinde d\u00fcnyan\u0131n her yerindeki kat\u0131l\u0131mc\u0131lar ile interaktif bir e\u011fitim s\u00fcreci ger\u00e7ekle\u015ftiriyoruz.<\/p><p>Bu programlar, sadece dil bilgisini art\u0131rmakla kalmaz, ayn\u0131 zamanda Almanya\u2019da g\u00fcnl\u00fck ya\u015fam\u0131n i\u00e7inde ailenizle ve Alman toplumuyla etkile\u015fimde bulunurken ihtiyac\u0131n\u0131z olan pratik becerileri de geli\u015ftirir.<\/p><p>Aile birle\u015fimi s\u00fcrecinizde, Almanya\u2019n\u0131n k\u00fclt\u00fcrel zenginli\u011fini ke\u015ffederken, MiKariyer\u2019in deneyimli e\u011fitmenleri e\u015fli\u011finde Almanca\u2019n\u0131z\u0131 ilerletin. Dil e\u011fitiminizi, ger\u00e7ek hayatta kar\u015f\u0131la\u015faca\u011f\u0131n\u0131z durumlar i\u00e7in haz\u0131rlanm\u0131\u015f \u00f6zel i\u00e7erikler ve pratik uygulamalarla destekleyerek, Almanya\u2019da ailenizle birlikte huzurlu ve mutlu bir ya\u015fam s\u00fcrd\u00fcrmenize katk\u0131da bulunuyoruz.<\/p><p>MiKariyer ile Almanya\u2019da aile birle\u015fimi s\u00fcrecinizi g\u00fc\u00e7lendirecek dil e\u011fitimi f\u0131rsatlar\u0131n\u0131 ke\u015ffedin. Ba\u015fvuru formunu doldurarak ve dan\u0131\u015fman\u0131n\u0131zla ileti\u015fime ge\u00e7erek, Almanya\u2019da ailenizle bir araya gelmenin ilk ad\u0131m\u0131n\u0131 at\u0131n. Dil \u00f6\u011freniminizi ve aile birle\u015fiminizi desteklemek i\u00e7in buraday\u0131z.<\/p>\t\t\t\t\t\t\t\t<\/div>\n\t\t\t\t<\/div>\n\t\t\t\t<div class=\"elementor-element elementor-element-27058e8 elementor-align-center elementor-widget elementor-widget-button\" data-id=\"27058e8\" data-element_type=\"widget\" data-widget_type=\"button.default\">\n\t\t\t\t<div class=\"elementor-widget-container\">\n\t\t\t\t\t\t\t\t\t<div class=\"elementor-button-wrapper\">\n\t\t\t\t\t<a class=\"elementor-button elementor-button-link elementor-size-sm\" href=\"https:\/\/mikariyer.com\/ar\/iletisim\/\">\n\t\t\t\t\t\t<span class=\"elementor-button-content-wrapper\">\n\t\t\t\t\t\t\t\t\t<span class=\"elementor-button-text\">\u062a\u0648\u0627\u0635\u0644 \u0645\u0639\u0646\u0627<\/span>\n\t\t\t\t\t<\/span>\n\t\t\t\t\t<\/a>\n\t\t\t\t<\/div>\n\t\t\t\t\t\t\t\t<\/div>\n\t\t\t\t<\/div>\n\t\t\t\t<\/div>\n\t\t\t\t<\/div>\n\t\t\t\t<\/div>","protected":false},"excerpt":{"rendered":"<p>Genel Almanca A\u0130LE B\u0130RLE\u015e\u0130M\u0130 Aileyle Birlikte Daha G\u00fc\u00e7l\u00fc, Daha Mutlu Yar\u0131nlara! MiKariyer olarak, Almanya\u2019da yeni bir hayat kurma umuduyla e\u015flerinin yan\u0131na ta\u015f\u0131nacak aileler i\u00e7in, dil e\u011fitimi deste\u011fimizle g\u00fc\u00e7l\u00fc bir k\u00f6pr\u00fc kuruyoruz. Aile birle\u015fimi s\u00fcrecinde, dil bariyerlerini a\u015fmak ve yeni toplumlar\u0131na sorunsuz bir entegrasyon sa\u011flamak adaylar\u0131m\u0131z i\u00e7in hayati \u00f6nem ta\u015f\u0131r. Bu nedenle, onlara Almanca \u00f6\u011freniminde kapsaml\u0131 [&hellip;]<\/p>\n","protected":false},"author":3,"featured_media":0,"parent":15821,"menu_order":4,"comment_status":"closed","ping_status":"closed","template":"","meta":{"footnotes":""},"class_list":["post-15829","page","type-page","status-publish","hentry"],"_links":{"self":[{"href":"https:\/\/mikariyer.com\/ar\/wp-json\/wp\/v2\/pages\/15829","targetHints":{"allow":["GET"]}}],"collection":[{"href":"https:\/\/mikariyer.com\/ar\/wp-json\/wp\/v2\/pages"}],"about":[{"href":"https:\/\/mikariyer.com\/ar\/wp-json\/wp\/v2\/types\/page"}],"author":[{"embeddable":true,"href":"https:\/\/mikariyer.com\/ar\/wp-json\/wp\/v2\/users\/3"}],"replies":[{"embeddable":true,"href":"https:\/\/mikariyer.com\/ar\/wp-json\/wp\/v2\/comments?post=15829"}],"version-history":[{"count":1,"href":"https:\/\/mikariyer.com\/ar\/wp-json\/wp\/v2\/pages\/15829\/revisions"}],"predecessor-version":[{"id":19388,"href":"https:\/\/mikariyer.com\/ar\/wp-json\/wp\/v2\/pages\/15829\/revisions\/19388"}],"up":[{"embeddable":true,"href":"https:\/\/mikariyer.com\/ar\/wp-json\/wp\/v2\/pages\/15821"}],"wp:attachment":[{"href":"https:\/\/mikariyer.com\/ar\/wp-json\/wp\/v2\/media?parent=15829"}],"curies":[{"name":"wp","href":"https:\/\/api.w.org\/{rel}","templated":true}]}}