{"id":15745,"date":"2024-05-17T13:56:31","date_gmt":"2024-05-17T13:56:31","guid":{"rendered":"https:\/\/mikariyer.com\/?page_id=15745"},"modified":"2025-07-30T18:47:52","modified_gmt":"2025-07-30T18:47:52","slug":"lojistik-ve-tir-soforlugu","status":"publish","type":"page","link":"https:\/\/mikariyer.com\/en\/kariyer\/meister\/lojistik-ve-tir-soforlugu\/","title":{"rendered":"Logistics and Truck Driving"},"content":{"rendered":"<div data-elementor-type=\"wp-page\" data-elementor-id=\"15745\" class=\"elementor elementor-15745\" data-elementor-post-type=\"page\">\n\t\t\t\t<div class=\"elementor-element elementor-element-85592e7 e-con-full e-flex e-con e-parent\" data-id=\"85592e7\" data-element_type=\"container\">\n\t\t<div class=\"elementor-element elementor-element-74bfca5 e-con-full e-flex e-con e-child\" data-id=\"74bfca5\" data-element_type=\"container\">\n\t\t\t\t<div class=\"elementor-element elementor-element-1e704e2 elementor-widget elementor-widget-shortcode\" data-id=\"1e704e2\" data-element_type=\"widget\" data-widget_type=\"shortcode.default\">\n\t\t\t\t<div class=\"elementor-widget-container\">\n\t\t\t\t\t\t\t<div class=\"elementor-shortcode\">\t\t<div data-elementor-type=\"single-post\" data-elementor-id=\"16101\" class=\"elementor elementor-16101\" data-elementor-post-type=\"elementor_library\">\n\t\t\t<div class=\"elementor-element elementor-element-9e95fdc elementor-hidden-mobile e-flex e-con-boxed e-con e-parent\" data-id=\"9e95fdc\" data-element_type=\"container\" data-settings=\"{&quot;background_background&quot;:&quot;classic&quot;}\">\n\t\t\t\t\t<div class=\"e-con-inner\">\n\t\t<div class=\"elementor-element elementor-element-0f2bfbe e-con-full e-flex e-con e-child\" data-id=\"0f2bfbe\" data-element_type=\"container\">\n\t\t\t\t<div class=\"elementor-element elementor-element-2f2d7a1 elementor-widget elementor-widget-infetech_elementor_heading\" data-id=\"2f2d7a1\" data-element_type=\"widget\" data-widget_type=\"infetech_elementor_heading.default\">\n\t\t\t\t<div class=\"elementor-widget-container\">\n\t\t\t\t\t\n\t\t\t<div class=\"ova-heading\">\n\t\t\t\t\n\t\t\t\t\n\t\t\t\t\n\t\t\t\t\t<h3 class=\"title\">\t\t\t\t\t\t\t\t\t\t\t\t\t<a href=\"https:\/\/mikariyer.com\/en\/career-2\/\" title=\"\">CAREER<\/a>\n\t\t\t\t\t\t\t\t\t\t\t<\/h3>\n                \n                \n\t\t\t<\/div>\n\n\t\t\t\t\t\t<\/div>\n\t\t\t\t<\/div>\n\t\t\t\t<div class=\"elementor-element elementor-element-0dbe6a5 elementor-nav-menu__text-align-aside elementor-widget elementor-widget-nav-menu\" data-id=\"0dbe6a5\" data-element_type=\"widget\" data-settings=\"{&quot;layout&quot;:&quot;dropdown&quot;,&quot;submenu_icon&quot;:{&quot;value&quot;:&quot;&lt;svg class=\\&quot;e-font-icon-svg e-fas-caret-down\\&quot; viewBox=\\&quot;0 0 320 512\\&quot; xmlns=\\&quot;http:\\\/\\\/www.w3.org\\\/2000\\\/svg\\&quot;&gt;&lt;path d=\\&quot;M31.3 192h257.3c17.8 0 26.7 21.5 14.1 34.1L174.1 354.8c-7.8 7.8-20.5 7.8-28.3 0L17.2 226.1C4.6 213.5 13.5 192 31.3 192z\\&quot;&gt;&lt;\\\/path&gt;&lt;\\\/svg&gt;&quot;,&quot;library&quot;:&quot;fa-solid&quot;}}\" data-widget_type=\"nav-menu.default\">\n\t\t\t\t<div class=\"elementor-widget-container\">\n\t\t\t\t\t\t\t\t<nav class=\"elementor-nav-menu--dropdown elementor-nav-menu__container\" aria-hidden=\"true\">\n\t\t\t\t<ul id=\"menu-2-0dbe6a5\" class=\"elementor-nav-menu\"><li class=\"menu-item menu-item-type-post_type menu-item-object-page menu-item-has-children menu-item-15862\"><a href=\"https:\/\/mikariyer.com\/en\/kariyer\/medicare\/\" class=\"elementor-item\" tabindex=\"-1\">Medicare<\/a>\n<ul class=\"sub-menu elementor-nav-menu--dropdown\">\n\t<li class=\"menu-item menu-item-type-post_type menu-item-object-page menu-item-15863\"><a href=\"https:\/\/mikariyer.com\/en\/kariyer\/medicare\/hemsire\/\" class=\"elementor-sub-item\" tabindex=\"-1\">Nurse<\/a><\/li>\n\t<li class=\"menu-item menu-item-type-post_type menu-item-object-page menu-item-15864\"><a href=\"https:\/\/mikariyer.com\/en\/kariyer\/medicare\/hemsire-asistani\/\" class=\"elementor-sub-item\" tabindex=\"-1\">Nurse Assistant<\/a><\/li>\n\t<li class=\"menu-item menu-item-type-post_type menu-item-object-page menu-item-15865\"><a href=\"https:\/\/mikariyer.com\/en\/kariyer\/medicare\/fizyoterapi\/\" class=\"elementor-sub-item\" tabindex=\"-1\">Physiotherapy<\/a><\/li>\n\t<li class=\"menu-item menu-item-type-post_type menu-item-object-page menu-item-15866\"><a href=\"https:\/\/mikariyer.com\/en\/kariyer\/medicare\/doktor\/\" class=\"elementor-sub-item\" tabindex=\"-1\">Doctor<\/a><\/li>\n<\/ul>\n<\/li>\n<li class=\"menu-item menu-item-type-post_type menu-item-object-page menu-item-has-children menu-item-15867\"><a href=\"https:\/\/mikariyer.com\/en\/kariyer\/meister\/\" class=\"elementor-item\" tabindex=\"-1\">Meister<\/a>\n<ul class=\"sub-menu elementor-nav-menu--dropdown\">\n\t<li class=\"menu-item menu-item-type-post_type menu-item-object-page menu-item-15868\"><a href=\"https:\/\/mikariyer.com\/en\/kariyer\/meister\/teknik-eleman\/\" class=\"elementor-sub-item\" tabindex=\"-1\">Technical Staff<\/a><\/li>\n\t<li class=\"menu-item menu-item-type-post_type menu-item-object-page menu-item-15869\"><a href=\"https:\/\/mikariyer.com\/en\/kariyer\/meister\/gastronomi\/\" class=\"elementor-sub-item\" tabindex=\"-1\">Gastronomy<\/a><\/li>\n\t<li class=\"menu-item menu-item-type-post_type menu-item-object-page menu-item-15870\"><a href=\"https:\/\/mikariyer.com\/en\/kariyer\/meister\/kuafor-kisisel-bakim-ve-guzellik\/\" class=\"elementor-sub-item\" tabindex=\"-1\">Hairdresser Personal Care and Beauty<\/a><\/li>\n\t<li class=\"menu-item menu-item-type-post_type menu-item-object-page menu-item-15871\"><a href=\"https:\/\/mikariyer.com\/en\/kariyer\/meister\/kres-ve-anaokulu\/\" class=\"elementor-sub-item\" tabindex=\"-1\">Nursery and Kindergarten<\/a><\/li>\n\t<li class=\"menu-item menu-item-type-post_type menu-item-object-page menu-item-15872\"><a href=\"https:\/\/mikariyer.com\/en\/kariyer\/meister\/lojistik-ve-tir-soforlugu\/\" class=\"elementor-sub-item\" tabindex=\"-1\">Logistics and Truck Driving<\/a><\/li>\n<\/ul>\n<\/li>\n<li class=\"menu-item menu-item-type-post_type menu-item-object-page menu-item-has-children menu-item-15873\"><a href=\"https:\/\/mikariyer.com\/en\/kariyer\/coaching\/\" class=\"elementor-item\" tabindex=\"-1\">Coaching<\/a>\n<ul class=\"sub-menu elementor-nav-menu--dropdown\">\n\t<li class=\"menu-item menu-item-type-post_type menu-item-object-page menu-item-15874\"><a href=\"https:\/\/mikariyer.com\/en\/kariyer\/coaching\/ilk-adim-danismanligi\/\" class=\"elementor-sub-item\" tabindex=\"-1\">First Step Counseling<\/a><\/li>\n\t<li class=\"menu-item menu-item-type-post_type menu-item-object-page menu-item-15875\"><a href=\"https:\/\/mikariyer.com\/en\/kariyer\/coaching\/kariyer-danismanligi\/\" class=\"elementor-sub-item\" tabindex=\"-1\">Career Counseling<\/a><\/li>\n\t<li class=\"menu-item menu-item-type-post_type menu-item-object-page menu-item-15876\"><a href=\"https:\/\/mikariyer.com\/en\/kariyer\/coaching\/mesleki-denklik-danismanligi\/\" class=\"elementor-sub-item\" tabindex=\"-1\">Vocational Recognition Counseling<\/a><\/li>\n\t<li class=\"menu-item menu-item-type-post_type menu-item-object-page menu-item-15877\"><a href=\"https:\/\/mikariyer.com\/en\/kariyer\/coaching\/is-basvurusu-danismanligi\/\" class=\"elementor-sub-item\" tabindex=\"-1\">Job Application Consultancy<\/a><\/li>\n\t<li class=\"menu-item menu-item-type-post_type menu-item-object-page menu-item-15878\"><a href=\"https:\/\/mikariyer.com\/en\/kariyer\/coaching\/ise-yerlestirme-danismanligi\/\" class=\"elementor-sub-item\" tabindex=\"-1\">Job Placement Consultancy<\/a><\/li>\n\t<li class=\"menu-item menu-item-type-post_type menu-item-object-page menu-item-15879\"><a href=\"https:\/\/mikariyer.com\/en\/kariyer\/coaching\/vize-ve-oturum-danismanligi\/\" class=\"elementor-sub-item\" tabindex=\"-1\">Visa and Residence Counseling<\/a><\/li>\n\t<li class=\"menu-item menu-item-type-post_type menu-item-object-page menu-item-15880\"><a href=\"https:\/\/mikariyer.com\/en\/kariyer\/coaching\/aile-birlesimi-danismanligi\/\" class=\"elementor-sub-item\" tabindex=\"-1\">Family Reunification Counseling<\/a><\/li>\n<\/ul>\n<\/li>\n<\/ul>\t\t\t<\/nav>\n\t\t\t\t\t\t<\/div>\n\t\t\t\t<\/div>\n\t\t\t\t<div class=\"elementor-element elementor-element-f7f0964 elementor-widget elementor-widget-infetech_elementor_heading\" data-id=\"f7f0964\" data-element_type=\"widget\" data-widget_type=\"infetech_elementor_heading.default\">\n\t\t\t\t<div class=\"elementor-widget-container\">\n\t\t\t\t\t\n\t\t\t<div class=\"ova-heading\">\n\t\t\t\t\n\t\t\t\t\t\t\t\t\t<h2 class=\"sub-title\">\n\t\t\t\t\t\t<span class=\"underlined\"><\/span>\n\t\t\t\t\t\tMiCareer\t\t\t\t\t<\/h2>\t\n\t\t\t\t\n\t\t\t\t\n\t\t\t\t\t<h3 class=\"title\">\t\t\t\t\t\t\t\t\t\t\t\t\t<a href=\"https:\/\/mikariyer.com\/en\/contact-3\/\" title=\"\">Contact Us<\/a>\n\t\t\t\t\t\t\t\t\t\t\t<\/h3>\n                \n                \n\t\t\t<\/div>\n\n\t\t\t\t\t\t<\/div>\n\t\t\t\t<\/div>\n\t\t\t\t<div class=\"elementor-element elementor-element-4d4de5a elementor-widget elementor-widget-infetech_elementor_contact_info\" data-id=\"4d4de5a\" data-element_type=\"widget\" data-widget_type=\"infetech_elementor_contact_info.default\">\n\t\t\t\t<div class=\"elementor-widget-container\">\n\t\t\t\t\t\t\t\t<div class=\"ova-contact-info template2\">\n\t\t\t\t\n\t\t\t\t\t\t\t\t\t\t\t\t\t\t\t<div class=\"circle\">\n\t\t\t\t\t\t\t<div class=\"icon\">\n\t\t\t\t\t\t\t\t<i class=\"ovaicon ovaicon-phone-call\"><\/i>\n\t\t\t\t\t\t\t<\/div>\n\t\t\t\t\t\t<\/div>\t\n\t\t\t\t    \t\t\t    \t\t\t\t\n\t\t\t\t<div class=\"contact\">\n\t\t\t\t\t\n\t\t\t\t\t\t\t\t\t\t\t<div class=\"label\">\n\t\t\t\t\t\t\tContact Number\t\t\t\t\t\t<\/div>\n\t\t\t\t\t\n\t\t\t\t\t<ul class=\"info\">\n\t\t\t\t\t\t\t\t\t\t\t\t\t<li class=\"item\">\n\n\t\t\t\t\t\t\t\t<a href=\"https:\/\/wa.me\/4917684915411\" title=\"+ 49 17684915411\">+ 49 17684915411<\/a>\t\t\t\t\t\t\t<\/li>\n\t\t\t\t\t\t\t\t\t\t\t<\/ul>\n\n\t\t\t\t<\/div>\n\n\t\t\t<\/div>\n\n\t\t\t\t\t\t<\/div>\n\t\t\t\t<\/div>\n\t\t\t\t<div class=\"elementor-element elementor-element-35fc5d4 elementor-widget elementor-widget-infetech_elementor_contact_info\" data-id=\"35fc5d4\" data-element_type=\"widget\" data-widget_type=\"infetech_elementor_contact_info.default\">\n\t\t\t\t<div class=\"elementor-widget-container\">\n\t\t\t\t\t\t\t\t<div class=\"ova-contact-info template2\">\n\t\t\t\t\n\t\t\t\t\t\t\t\t\t\t\t\t\t\t\t<div class=\"circle\">\n\t\t\t\t\t\t\t<div class=\"icon\">\n\t\t\t\t\t\t\t\t<i class=\"ovaicon ovaicon-email\"><\/i>\n\t\t\t\t\t\t\t<\/div>\n\t\t\t\t\t\t<\/div>\t\n\t\t\t\t    \t\t\t    \t\t\t\t\n\t\t\t\t<div class=\"contact\">\n\t\t\t\t\t\n\t\t\t\t\t\t\t\t\t\t\t<div class=\"label\">\n\t\t\t\t\t\t\tOur Mail Address\t\t\t\t\t\t<\/div>\n\t\t\t\t\t\n\t\t\t\t\t<ul class=\"info\">\n\t\t\t\t\t\t\t\t\t\t\t\t\t<li class=\"item\">\n\n\t\t\t\t\t\t\t\t\t\t\t\t\t\t\t\t\t\t\t<a href=\"mailto:info@mikariyer.com\" title=\"email\">\n\t\t\t\t\t\t\t\t\t\t\t\tinfo@mikariyer.com\t\t\t\t\t\t\t\t\t\t\t<\/a>\n\t\t\t\t\t\t\t\t\t\t\t\t\t\t\t\t\t<\/li>\n\t\t\t\t\t\t\t\t\t\t\t<\/ul>\n\n\t\t\t\t<\/div>\n\n\t\t\t<\/div>\n\n\t\t\t\t\t\t<\/div>\n\t\t\t\t<\/div>\n\t\t\t\t<div class=\"elementor-element elementor-element-4980cdb elementor-widget elementor-widget-infetech_elementor_contact_info\" data-id=\"4980cdb\" data-element_type=\"widget\" data-widget_type=\"infetech_elementor_contact_info.default\">\n\t\t\t\t<div class=\"elementor-widget-container\">\n\t\t\t\t\t\t\t\t<div class=\"ova-contact-info template2\">\n\t\t\t\t\n\t\t\t\t\t\t\t\t\t\t\t\t\t\t\t<div class=\"circle\">\n\t\t\t\t\t\t\t<div class=\"icon\">\n\t\t\t\t\t\t\t\t<i class=\"far fa-map\"><\/i>\n\t\t\t\t\t\t\t<\/div>\n\t\t\t\t\t\t<\/div>\t\n\t\t\t\t    \t\t\t    \t\t\t\t\n\t\t\t\t<div class=\"contact\">\n\t\t\t\t\t\n\t\t\t\t\t\t\t\t\t\t\t<div class=\"label\">\n\t\t\t\t\t\t\tOur Address\t\t\t\t\t\t<\/div>\n\t\t\t\t\t\n\t\t\t\t\t<ul class=\"info\">\n\t\t\t\t\t\t\t\t\t\t\t\t\t<li class=\"item\">\n\n\t\t\t\t\t\t\t\t<a href=\"https:\/\/maps.app.goo.gl\/HDJiQThZhUDnXWy77\" target=\"_blank\" title=\"338A Regents Park Road Office 3 and 4 London United Kingdom N3 2LN\">338A Regents Park Road Office 3 and 4 London United Kingdom N3 2LN<\/a>\t\t\t\t\t\t\t<\/li>\n\t\t\t\t\t\t\t\t\t\t\t<\/ul>\n\n\t\t\t\t<\/div>\n\n\t\t\t<\/div>\n\n\t\t\t\t\t\t<\/div>\n\t\t\t\t<\/div>\n\t\t\t\t<\/div>\n\t\t\t\t\t<\/div>\n\t\t\t\t<\/div>\n\t\t\t\t<\/div>\n\t\t<\/div>\n\t\t\t\t\t\t<\/div>\n\t\t\t\t<\/div>\n\t\t\t\t<\/div>\n\t\t<div class=\"elementor-element elementor-element-2f69ff0 e-con-full e-flex e-con e-child\" data-id=\"2f69ff0\" data-element_type=\"container\">\n\t\t\t\t<div class=\"elementor-element elementor-element-e3ae34f elementor-widget elementor-widget-infetech_elementor_heading\" data-id=\"e3ae34f\" data-element_type=\"widget\" data-widget_type=\"infetech_elementor_heading.default\">\n\t\t\t\t<div class=\"elementor-widget-container\">\n\t\t\t\t\t\n\t\t\t<div class=\"ova-heading\">\n\t\t\t\t\n\t\t\t\t\t\t\t\t\t<h2 class=\"sub-title\">\n\t\t\t\t\t\t<span class=\"underlined\"><\/span>\n\t\t\t\t\t\tCareer\t\t\t\t\t<\/h2>\t\n\t\t\t\t\n\t\t\t\t\n\t\t\t\t\t<h2 class=\"title\">\t\t\t\t\t\t\t\t\t\t\t\t\t<a href=\"https:\/\/mikariyer.com\/en\/career-2\/meister\/lojistik-ve-tir-soforlugu\/\" title=\"\">Logistics and Truck Driving<\/a>\n\t\t\t\t\t\t\t\t\t\t\t<\/h2>\n                \n                \n\t\t\t<\/div>\n\n\t\t\t\t\t\t<\/div>\n\t\t\t\t<\/div>\n\t\t\t\t<div class=\"elementor-element elementor-element-7e00216 elementor-blockquote--skin-boxed elementor-blockquote--align-center elementor-blockquote--button-color-official elementor-widget elementor-widget-blockquote\" data-id=\"7e00216\" data-element_type=\"widget\" data-widget_type=\"blockquote.default\">\n\t\t\t\t<div class=\"elementor-widget-container\">\n\t\t\t\t\t\t\t<blockquote class=\"elementor-blockquote\">\n\t\t\t<p class=\"elementor-blockquote__content\">\n\t\t\t\tAlmanya\u2019da T\u0131r \u015eof\u00f6rl\u00fc\u011f\u00fc; S\u0131n\u0131rlar\u0131 A\u015fan S\u00fcr\u00fc\u015f, Yollarda \u00d6zg\u00fcrl\u00fck!\t\t\t<\/p>\n\t\t\t\t\t<\/blockquote>\n\t\t\t\t\t\t<\/div>\n\t\t\t\t<\/div>\n\t\t\t\t<div class=\"elementor-element elementor-element-2e01016 elementor-widget elementor-widget-text-editor\" data-id=\"2e01016\" data-element_type=\"widget\" data-widget_type=\"text-editor.default\">\n\t\t\t\t<div class=\"elementor-widget-container\">\n\t\t\t\t\t\t\t\t\t<p>Almanya\u2019n\u0131n lojistik sekt\u00f6r\u00fc, stratejik konumunun ve m\u00fckemmel lojistik altyap\u0131s\u0131n\u0131n getirdi\u011fi avantajlarla t\u0131r \u015fof\u00f6rlerine y\u00f6nelik derin bir talep olu\u015fturuyor. Bu alanda \u00e7al\u0131\u015fmak, sadece istikrarl\u0131 ve y\u00fcksek gelir sunmakla kalmaz, ayn\u0131 zamanda geni\u015f sosyal haklar, d\u00fcnyay\u0131 dola\u015fma \u00f6zg\u00fcrl\u00fc\u011f\u00fc, farkl\u0131 k\u00fclt\u00fcrlerle bulu\u015fma ve kariyer yelpazesini geni\u015fletme gibi ola\u011fan\u00fcst\u00fc f\u0131rsatlar vaat ediyor.<\/p><p>MiKariyer, Almanya\u2019daki lojistik ve TIR \u015fof\u00f6rl\u00fc\u011f\u00fc sekt\u00f6r\u00fcnde kariyer yapmay\u0131 hedefleyen profesyonellere, ki\u015fisel yeteneklerine ve hedeflerine uygun pozisyonlar bulmalar\u0131nda ki\u015fiye \u00f6zel destek sa\u011flar.<\/p><p>Bu program, Almanya\u2019da lojistik ve TIR \u015fof\u00f6rl\u00fc\u011f\u00fc sekt\u00f6r\u00fcnde kariyer yapmak isteyen profesyoneller i\u00e7in kapsaml\u0131 ve h\u0131zl\u0131 bir ge\u00e7i\u015f sunar.<\/p>\t\t\t\t\t\t\t\t<\/div>\n\t\t\t\t<\/div>\n\t\t\t\t<div class=\"elementor-element elementor-element-5507dcf elementor-widget elementor-widget-image\" data-id=\"5507dcf\" data-element_type=\"widget\" data-widget_type=\"image.default\">\n\t\t\t\t<div class=\"elementor-widget-container\">\n\t\t\t\t\t\t\t\t\t\t\t\t\t\t\t<img fetchpriority=\"high\" decoding=\"async\" width=\"768\" height=\"512\" src=\"https:\/\/mikariyer.com\/wp-content\/uploads\/2024\/09\/man-working-as-truck-driver-posing-768x512.jpg\" class=\"attachment-medium_large size-medium_large wp-image-18485\" alt=\"\" srcset=\"https:\/\/mikariyer.com\/wp-content\/uploads\/2024\/09\/man-working-as-truck-driver-posing-768x512.jpg 768w, https:\/\/mikariyer.com\/wp-content\/uploads\/2024\/09\/man-working-as-truck-driver-posing-300x200.jpg 300w, https:\/\/mikariyer.com\/wp-content\/uploads\/2024\/09\/man-working-as-truck-driver-posing-1024x683.jpg 1024w, https:\/\/mikariyer.com\/wp-content\/uploads\/2024\/09\/man-working-as-truck-driver-posing-1536x1024.jpg 1536w, https:\/\/mikariyer.com\/wp-content\/uploads\/2024\/09\/man-working-as-truck-driver-posing-2048x1365.jpg 2048w\" sizes=\"(max-width: 768px) 100vw, 768px\" \/>\t\t\t\t\t\t\t\t\t\t\t\t\t\t\t<\/div>\n\t\t\t\t<\/div>\n\t\t\t\t<div class=\"elementor-element elementor-element-aa710f1 elementor-widget elementor-widget-heading\" data-id=\"aa710f1\" data-element_type=\"widget\" data-widget_type=\"heading.default\">\n\t\t\t\t<div class=\"elementor-widget-container\">\n\t\t\t\t\t<h4 class=\"elementor-heading-title elementor-size-default\">We can outline the services we will provide as follows;<\/h4>\t\t\t\t<\/div>\n\t\t\t\t<\/div>\n\t\t\t\t<div class=\"elementor-element elementor-element-06357ca elementor-widget elementor-widget-text-editor\" data-id=\"06357ca\" data-element_type=\"widget\" data-widget_type=\"text-editor.default\">\n\t\t\t\t<div class=\"elementor-widget-container\">\n\t\t\t\t\t\t\t\t\t<ul><li>Profile analysis and career planning<\/li><li>Language course<\/li><li>Equivalency procedures<\/li><li>Employment and job placement<\/li><li>Visa procedures<\/li><li>Alman B, C, D ehliyeti kursu<\/li><li>Kod-95 belgesi kursu<\/li><li>Welcome and accommodation services upon first arrival<\/li><li>Work permit and residence procedures<\/li><li>Social adaptation support<\/li><\/ul><p>Bu ad\u0131mlar, Almanya\u2019da lojistik ve TIR \u015fof\u00f6rl\u00fc\u011f\u00fc sekt\u00f6r\u00fcnde \u00e7al\u0131\u015fmak isteyen yurtd\u0131\u015f\u0131ndaki profesyoneller i\u00e7in temel bir rehber niteli\u011findedir. Her ad\u0131m\u0131n detaylar\u0131 ve gereklilikleri ki\u015fisel duruma g\u00f6re de\u011fi\u015fiklik g\u00f6sterebilir, bu nedenle her ad\u0131mda profesyonel dan\u0131\u015fmanl\u0131k almak \u00f6nemlidir.<\/p>\t\t\t\t\t\t\t\t<\/div>\n\t\t\t\t<\/div>\n\t\t\t\t<div class=\"elementor-element elementor-element-999e0ff elementor-widget elementor-widget-image\" data-id=\"999e0ff\" data-element_type=\"widget\" data-widget_type=\"image.default\">\n\t\t\t\t<div class=\"elementor-widget-container\">\n\t\t\t\t\t\t\t\t\t\t\t\t\t\t\t<img decoding=\"async\" width=\"768\" height=\"660\" src=\"https:\/\/mikariyer.com\/wp-content\/uploads\/2024\/09\/man-woman-are-posing-photo-with-their-arms-crossed-768x660.jpg\" class=\"attachment-infetech_thumbnail size-infetech_thumbnail wp-image-18484\" alt=\"\" \/>\t\t\t\t\t\t\t\t\t\t\t\t\t\t\t<\/div>\n\t\t\t\t<\/div>\n\t\t\t\t<div class=\"elementor-element elementor-element-f768454 elementor-blockquote--skin-boxed elementor-blockquote--align-center elementor-blockquote--button-color-official elementor-widget elementor-widget-blockquote\" data-id=\"f768454\" data-element_type=\"widget\" data-widget_type=\"blockquote.default\">\n\t\t\t\t<div class=\"elementor-widget-container\">\n\t\t\t\t\t\t\t<blockquote class=\"elementor-blockquote\">\n\t\t\t<p class=\"elementor-blockquote__content\">\n\t\t\t\tMiKariyer\u2019le, Lojistik ve TIR \u015fof\u00f6rl\u00fc\u011f\u00fc kariyer hayallerinizi ger\u00e7e\u011fe d\u00f6n\u00fc\u015ft\u00fcrelim.\t\t\t<\/p>\n\t\t\t\t\t<\/blockquote>\n\t\t\t\t\t\t<\/div>\n\t\t\t\t<\/div>\n\t\t\t\t<div class=\"elementor-element elementor-element-6b2ed79 elementor-widget elementor-widget-text-editor\" data-id=\"6b2ed79\" data-element_type=\"widget\" data-widget_type=\"text-editor.default\">\n\t\t\t\t<div class=\"elementor-widget-container\">\n\t\t\t\t\t\t\t\t\t<p>MiKariyer Lojistik ve TIR \u015fof\u00f6rl\u00fc\u011f\u00fc Program\u0131\u2019n\u0131n sundu\u011fu destekle, kariyer yolculu\u011funuzda ba\u015ftan sona t\u00fcm s\u00fcre\u00e7te yan\u0131n\u0131zday\u0131z.<\/p><p>MiKariyer Lojistik ve TIR \u015fof\u00f6rl\u00fc\u011f\u00fc Program\u0131 ilginizi \u00e7ektiyse ve Almanya\u2019da kariyerinizi \u015fekillendirmeye haz\u0131rsan\u0131z, l\u00fctfen ba\u015fvuru formumuzu doldurarak bizimle ileti\u015fime ge\u00e7in.<\/p>\t\t\t\t\t\t\t\t<\/div>\n\t\t\t\t<\/div>\n\t\t\t\t<div class=\"elementor-element elementor-element-3da1523 elementor-align-center elementor-widget elementor-widget-button\" data-id=\"3da1523\" data-element_type=\"widget\" data-widget_type=\"button.default\">\n\t\t\t\t<div class=\"elementor-widget-container\">\n\t\t\t\t\t\t\t\t\t<div class=\"elementor-button-wrapper\">\n\t\t\t\t\t<a class=\"elementor-button elementor-button-link elementor-size-sm\" href=\"https:\/\/mikariyer.com\/en\/contact-3\/\">\n\t\t\t\t\t\t<span class=\"elementor-button-content-wrapper\">\n\t\t\t\t\t\t\t\t\t<span class=\"elementor-button-text\">Get in touch<\/span>\n\t\t\t\t\t<\/span>\n\t\t\t\t\t<\/a>\n\t\t\t\t<\/div>\n\t\t\t\t\t\t\t\t<\/div>\n\t\t\t\t<\/div>\n\t\t\t\t<\/div>\n\t\t\t\t<\/div>\n\t\t\t\t<\/div>","protected":false},"excerpt":{"rendered":"<p>Kariyer Lojistik ve T\u0131r \u015eof\u00f6rl\u00fc\u011f\u00fc Almanya\u2019da T\u0131r \u015eof\u00f6rl\u00fc\u011f\u00fc; S\u0131n\u0131rlar\u0131 A\u015fan S\u00fcr\u00fc\u015f, Yollarda \u00d6zg\u00fcrl\u00fck! Almanya\u2019n\u0131n lojistik sekt\u00f6r\u00fc, stratejik konumunun ve m\u00fckemmel lojistik altyap\u0131s\u0131n\u0131n getirdi\u011fi avantajlarla t\u0131r \u015fof\u00f6rlerine y\u00f6nelik derin bir talep olu\u015fturuyor. Bu alanda \u00e7al\u0131\u015fmak, sadece istikrarl\u0131 ve y\u00fcksek gelir sunmakla kalmaz, ayn\u0131 zamanda geni\u015f sosyal haklar, d\u00fcnyay\u0131 dola\u015fma \u00f6zg\u00fcrl\u00fc\u011f\u00fc, farkl\u0131 k\u00fclt\u00fcrlerle bulu\u015fma ve kariyer yelpazesini [&hellip;]<\/p>\n","protected":false},"author":3,"featured_media":0,"parent":15735,"menu_order":5,"comment_status":"closed","ping_status":"closed","template":"","meta":{"footnotes":""},"class_list":["post-15745","page","type-page","status-publish","hentry"],"_links":{"self":[{"href":"https:\/\/mikariyer.com\/en\/wp-json\/wp\/v2\/pages\/15745","targetHints":{"allow":["GET"]}}],"collection":[{"href":"https:\/\/mikariyer.com\/en\/wp-json\/wp\/v2\/pages"}],"about":[{"href":"https:\/\/mikariyer.com\/en\/wp-json\/wp\/v2\/types\/page"}],"author":[{"embeddable":true,"href":"https:\/\/mikariyer.com\/en\/wp-json\/wp\/v2\/users\/3"}],"replies":[{"embeddable":true,"href":"https:\/\/mikariyer.com\/en\/wp-json\/wp\/v2\/comments?post=15745"}],"version-history":[{"count":1,"href":"https:\/\/mikariyer.com\/en\/wp-json\/wp\/v2\/pages\/15745\/revisions"}],"predecessor-version":[{"id":18960,"href":"https:\/\/mikariyer.com\/en\/wp-json\/wp\/v2\/pages\/15745\/revisions\/18960"}],"up":[{"embeddable":true,"href":"https:\/\/mikariyer.com\/en\/wp-json\/wp\/v2\/pages\/15735"}],"wp:attachment":[{"href":"https:\/\/mikariyer.com\/en\/wp-json\/wp\/v2\/media?parent=15745"}],"curies":[{"name":"wp","href":"https:\/\/api.w.org\/{rel}","templated":true}]}}