{"id":15823,"date":"2024-05-17T15:07:17","date_gmt":"2024-05-17T15:07:17","guid":{"rendered":"https:\/\/mikariyer.com\/?page_id=15823"},"modified":"2025-07-31T22:07:52","modified_gmt":"2025-07-31T22:07:52","slug":"online-dil-egitimi","status":"publish","type":"page","link":"https:\/\/mikariyer.com\/en\/dil-okulu\/genel-almanca\/online-dil-egitimi\/","title":{"rendered":"Online Language Education"},"content":{"rendered":"<div data-elementor-type=\"wp-page\" data-elementor-id=\"15823\" class=\"elementor elementor-15823\" data-elementor-post-type=\"page\">\n\t\t\t\t<div class=\"elementor-element elementor-element-049ee46 e-con-full e-flex e-con e-parent\" data-id=\"049ee46\" data-element_type=\"container\">\n\t\t<div class=\"elementor-element elementor-element-3104219 e-con-full e-flex e-con e-child\" data-id=\"3104219\" data-element_type=\"container\">\n\t\t\t\t<div class=\"elementor-element elementor-element-049f4fd elementor-widget elementor-widget-shortcode\" data-id=\"049f4fd\" data-element_type=\"widget\" data-widget_type=\"shortcode.default\">\n\t\t\t\t<div class=\"elementor-widget-container\">\n\t\t\t\t\t\t\t<div class=\"elementor-shortcode\">\t\t<div data-elementor-type=\"single-post\" data-elementor-id=\"16072\" class=\"elementor elementor-16072\" data-elementor-post-type=\"elementor_library\">\n\t\t\t<div class=\"elementor-element elementor-element-300316f elementor-hidden-mobile e-flex e-con-boxed e-con e-parent\" data-id=\"300316f\" data-element_type=\"container\" data-settings=\"{&quot;background_background&quot;:&quot;classic&quot;}\">\n\t\t\t\t\t<div class=\"e-con-inner\">\n\t\t<div class=\"elementor-element elementor-element-58b87ae e-con-full e-flex e-con e-child\" data-id=\"58b87ae\" data-element_type=\"container\">\n\t\t\t\t<div class=\"elementor-element elementor-element-ad0d9fd elementor-widget elementor-widget-infetech_elementor_heading\" data-id=\"ad0d9fd\" data-element_type=\"widget\" data-widget_type=\"infetech_elementor_heading.default\">\n\t\t\t\t<div class=\"elementor-widget-container\">\n\t\t\t\t\t\n\t\t\t<div class=\"ova-heading\">\n\t\t\t\t\n\t\t\t\t\n\t\t\t\t\n\t\t\t\t\t<h3 class=\"title\">\t\t\t\t\t\t\t\t\t\t\t\t\t<a href=\"https:\/\/mikariyer.com\/en\/dil-okulu\/\" title=\"\">LANGUAGE SCHOOL<\/a>\n\t\t\t\t\t\t\t\t\t\t\t<\/h3>\n                \n                \n\t\t\t<\/div>\n\n\t\t\t\t\t\t<\/div>\n\t\t\t\t<\/div>\n\t\t\t\t<div class=\"elementor-element elementor-element-a042caa elementor-nav-menu__text-align-aside elementor-widget elementor-widget-nav-menu\" data-id=\"a042caa\" data-element_type=\"widget\" data-settings=\"{&quot;layout&quot;:&quot;dropdown&quot;,&quot;submenu_icon&quot;:{&quot;value&quot;:&quot;&lt;svg class=\\&quot;e-font-icon-svg e-fas-caret-down\\&quot; viewBox=\\&quot;0 0 320 512\\&quot; xmlns=\\&quot;http:\\\/\\\/www.w3.org\\\/2000\\\/svg\\&quot;&gt;&lt;path d=\\&quot;M31.3 192h257.3c17.8 0 26.7 21.5 14.1 34.1L174.1 354.8c-7.8 7.8-20.5 7.8-28.3 0L17.2 226.1C4.6 213.5 13.5 192 31.3 192z\\&quot;&gt;&lt;\\\/path&gt;&lt;\\\/svg&gt;&quot;,&quot;library&quot;:&quot;fa-solid&quot;}}\" data-widget_type=\"nav-menu.default\">\n\t\t\t\t<div class=\"elementor-widget-container\">\n\t\t\t\t\t\t\t\t<nav class=\"elementor-nav-menu--dropdown elementor-nav-menu__container\" aria-hidden=\"true\">\n\t\t\t\t<ul id=\"menu-2-a042caa\" class=\"elementor-nav-menu\"><li class=\"menu-item menu-item-type-post_type menu-item-object-page menu-item-has-children menu-item-15909\"><a href=\"https:\/\/mikariyer.com\/en\/dil-okulu\/genel-almanca\/\" class=\"elementor-item\" tabindex=\"-1\">General German<\/a>\n<ul class=\"sub-menu elementor-nav-menu--dropdown\">\n\t<li class=\"menu-item menu-item-type-post_type menu-item-object-page menu-item-15911\"><a href=\"https:\/\/mikariyer.com\/en\/dil-okulu\/genel-almanca\/online-dil-egitimi\/\" class=\"elementor-sub-item\" tabindex=\"-1\">Online Language Education<\/a><\/li>\n\t<li class=\"menu-item menu-item-type-post_type menu-item-object-page menu-item-15912\"><a href=\"https:\/\/mikariyer.com\/en\/dil-okulu\/genel-almanca\/yuzyuze-dil-egitimi\/\" class=\"elementor-sub-item\" tabindex=\"-1\">Face-to-Face Language Training<\/a><\/li>\n\t<li class=\"menu-item menu-item-type-post_type menu-item-object-page menu-item-15913\"><a href=\"https:\/\/mikariyer.com\/en\/dil-okulu\/genel-almanca\/almanyada-b2-kursu\/\" class=\"elementor-sub-item\" tabindex=\"-1\">B2 Course in Germany<\/a><\/li>\n\t<li class=\"menu-item menu-item-type-post_type menu-item-object-page menu-item-15914\"><a href=\"https:\/\/mikariyer.com\/en\/dil-okulu\/genel-almanca\/aile-birlesimi\/\" class=\"elementor-sub-item\" tabindex=\"-1\">Family Reunification<\/a><\/li>\n<\/ul>\n<\/li>\n<li class=\"menu-item menu-item-type-post_type menu-item-object-page menu-item-has-children menu-item-15915\"><a href=\"https:\/\/mikariyer.com\/en\/dil-okulu\/mesleki-almanca\/\" class=\"elementor-item\" tabindex=\"-1\">Vocational German<\/a>\n<ul class=\"sub-menu elementor-nav-menu--dropdown\">\n\t<li class=\"menu-item menu-item-type-post_type menu-item-object-page menu-item-15916\"><a href=\"https:\/\/mikariyer.com\/en\/dil-okulu\/mesleki-almanca\/genel-saglik-dil-egitimi\/\" class=\"elementor-sub-item\" tabindex=\"-1\">General Health Language Training<\/a><\/li>\n\t<li class=\"menu-item menu-item-type-post_type menu-item-object-page menu-item-15917\"><a href=\"https:\/\/mikariyer.com\/en\/dil-okulu\/mesleki-almanca\/hizlandirilmis-kurs\/\" class=\"elementor-sub-item\" tabindex=\"-1\">Accelerated Course<\/a><\/li>\n\t<li class=\"menu-item menu-item-type-post_type menu-item-object-page menu-item-15918\"><a href=\"https:\/\/mikariyer.com\/en\/dil-okulu\/mesleki-almanca\/doktorlar-icin-fsp-kursu\/\" class=\"elementor-sub-item\" tabindex=\"-1\">FSP Course for Doctors<\/a><\/li>\n<\/ul>\n<\/li>\n<li class=\"menu-item menu-item-type-post_type menu-item-object-page menu-item-15919\"><a href=\"https:\/\/mikariyer.com\/en\/dil-okulu\/yaz-okulu\/\" class=\"elementor-item\" tabindex=\"-1\">Summer School<\/a><\/li>\n<\/ul>\t\t\t<\/nav>\n\t\t\t\t\t\t<\/div>\n\t\t\t\t<\/div>\n\t\t\t\t<div class=\"elementor-element elementor-element-d84be28 elementor-widget elementor-widget-infetech_elementor_heading\" data-id=\"d84be28\" data-element_type=\"widget\" data-widget_type=\"infetech_elementor_heading.default\">\n\t\t\t\t<div class=\"elementor-widget-container\">\n\t\t\t\t\t\n\t\t\t<div class=\"ova-heading\">\n\t\t\t\t\n\t\t\t\t\t\t\t\t\t<h2 class=\"sub-title\">\n\t\t\t\t\t\t<span class=\"underlined\"><\/span>\n\t\t\t\t\t\tMiCareer\t\t\t\t\t<\/h2>\t\n\t\t\t\t\n\t\t\t\t\n\t\t\t\t\t<h3 class=\"title\">\t\t\t\t\t\t\t\t\t\t\t\t\t<a href=\"https:\/\/mikariyer.com\/en\/contact-3\/\" title=\"\">Contact Us<\/a>\n\t\t\t\t\t\t\t\t\t\t\t<\/h3>\n                \n                \n\t\t\t<\/div>\n\n\t\t\t\t\t\t<\/div>\n\t\t\t\t<\/div>\n\t\t\t\t<div class=\"elementor-element elementor-element-8ec5c6c elementor-widget elementor-widget-infetech_elementor_contact_info\" data-id=\"8ec5c6c\" data-element_type=\"widget\" data-widget_type=\"infetech_elementor_contact_info.default\">\n\t\t\t\t<div class=\"elementor-widget-container\">\n\t\t\t\t\t\t\t\t<div class=\"ova-contact-info template2\">\n\t\t\t\t\n\t\t\t\t\t\t\t\t\t\t\t\t\t\t\t<div class=\"circle\">\n\t\t\t\t\t\t\t<div class=\"icon\">\n\t\t\t\t\t\t\t\t<i class=\"ovaicon ovaicon-phone-call\"><\/i>\n\t\t\t\t\t\t\t<\/div>\n\t\t\t\t\t\t<\/div>\t\n\t\t\t\t    \t\t\t    \t\t\t\t\n\t\t\t\t<div class=\"contact\">\n\t\t\t\t\t\n\t\t\t\t\t\t\t\t\t\t\t<div class=\"label\">\n\t\t\t\t\t\t\tContact Number\t\t\t\t\t\t<\/div>\n\t\t\t\t\t\n\t\t\t\t\t<ul class=\"info\">\n\t\t\t\t\t\t\t\t\t\t\t\t\t<li class=\"item\">\n\n\t\t\t\t\t\t\t\t<a href=\"https:\/\/wa.me\/4917684915411\" title=\"+ 49 17684915411\">+ 49 17684915411<\/a>\t\t\t\t\t\t\t<\/li>\n\t\t\t\t\t\t\t\t\t\t\t<\/ul>\n\n\t\t\t\t<\/div>\n\n\t\t\t<\/div>\n\n\t\t\t\t\t\t<\/div>\n\t\t\t\t<\/div>\n\t\t\t\t<div class=\"elementor-element elementor-element-c28735c elementor-widget elementor-widget-infetech_elementor_contact_info\" data-id=\"c28735c\" data-element_type=\"widget\" data-widget_type=\"infetech_elementor_contact_info.default\">\n\t\t\t\t<div class=\"elementor-widget-container\">\n\t\t\t\t\t\t\t\t<div class=\"ova-contact-info template2\">\n\t\t\t\t\n\t\t\t\t\t\t\t\t\t\t\t\t\t\t\t<div class=\"circle\">\n\t\t\t\t\t\t\t<div class=\"icon\">\n\t\t\t\t\t\t\t\t<i class=\"ovaicon ovaicon-email\"><\/i>\n\t\t\t\t\t\t\t<\/div>\n\t\t\t\t\t\t<\/div>\t\n\t\t\t\t    \t\t\t    \t\t\t\t\n\t\t\t\t<div class=\"contact\">\n\t\t\t\t\t\n\t\t\t\t\t\t\t\t\t\t\t<div class=\"label\">\n\t\t\t\t\t\t\tOur Mail Address\t\t\t\t\t\t<\/div>\n\t\t\t\t\t\n\t\t\t\t\t<ul class=\"info\">\n\t\t\t\t\t\t\t\t\t\t\t\t\t<li class=\"item\">\n\n\t\t\t\t\t\t\t\t\t\t\t\t\t\t\t\t\t\t\t<a href=\"mailto:info@mikariyer.com\" title=\"email\">\n\t\t\t\t\t\t\t\t\t\t\t\tinfo@mikariyer.com\t\t\t\t\t\t\t\t\t\t\t<\/a>\n\t\t\t\t\t\t\t\t\t\t\t\t\t\t\t\t\t<\/li>\n\t\t\t\t\t\t\t\t\t\t\t<\/ul>\n\n\t\t\t\t<\/div>\n\n\t\t\t<\/div>\n\n\t\t\t\t\t\t<\/div>\n\t\t\t\t<\/div>\n\t\t\t\t<div class=\"elementor-element elementor-element-2ae9b06 elementor-widget elementor-widget-infetech_elementor_contact_info\" data-id=\"2ae9b06\" data-element_type=\"widget\" data-widget_type=\"infetech_elementor_contact_info.default\">\n\t\t\t\t<div class=\"elementor-widget-container\">\n\t\t\t\t\t\t\t\t<div class=\"ova-contact-info template2\">\n\t\t\t\t\n\t\t\t\t\t\t\t\t\t\t\t\t\t\t\t<div class=\"circle\">\n\t\t\t\t\t\t\t<div class=\"icon\">\n\t\t\t\t\t\t\t\t<i class=\"far fa-map\"><\/i>\n\t\t\t\t\t\t\t<\/div>\n\t\t\t\t\t\t<\/div>\t\n\t\t\t\t    \t\t\t    \t\t\t\t\n\t\t\t\t<div class=\"contact\">\n\t\t\t\t\t\n\t\t\t\t\t\t\t\t\t\t\t<div class=\"label\">\n\t\t\t\t\t\t\tOur Address\t\t\t\t\t\t<\/div>\n\t\t\t\t\t\n\t\t\t\t\t<ul class=\"info\">\n\t\t\t\t\t\t\t\t\t\t\t\t\t<li class=\"item\">\n\n\t\t\t\t\t\t\t\t<a href=\"https:\/\/maps.app.goo.gl\/HDJiQThZhUDnXWy77\" target=\"_blank\" title=\"338A Regents Park Road Office 3 and 4 London United Kingdom N3 2LN\">338A Regents Park Road Office 3 and 4 London United Kingdom N3 2LN<\/a>\t\t\t\t\t\t\t<\/li>\n\t\t\t\t\t\t\t\t\t\t\t<\/ul>\n\n\t\t\t\t<\/div>\n\n\t\t\t<\/div>\n\n\t\t\t\t\t\t<\/div>\n\t\t\t\t<\/div>\n\t\t\t\t<\/div>\n\t\t\t\t\t<\/div>\n\t\t\t\t<\/div>\n\t\t\t\t<\/div>\n\t\t<\/div>\n\t\t\t\t\t\t<\/div>\n\t\t\t\t<\/div>\n\t\t\t\t<\/div>\n\t\t<div class=\"elementor-element elementor-element-bbe8f3a e-con-full e-flex e-con e-child\" data-id=\"bbe8f3a\" data-element_type=\"container\">\n\t\t\t\t<div class=\"elementor-element elementor-element-9b93766 elementor-widget elementor-widget-infetech_elementor_heading\" data-id=\"9b93766\" data-element_type=\"widget\" data-widget_type=\"infetech_elementor_heading.default\">\n\t\t\t\t<div class=\"elementor-widget-container\">\n\t\t\t\t\t\n\t\t\t<div class=\"ova-heading\">\n\t\t\t\t\n\t\t\t\t\t\t\t\t\t<h2 class=\"sub-title\">\n\t\t\t\t\t\t<span class=\"underlined\"><\/span>\n\t\t\t\t\t\tGeneral German\t\t\t\t\t<\/h2>\t\n\t\t\t\t\n\t\t\t\t\n\t\t\t\t\t<h2 class=\"title\">\t\t\t\t\t\t\t\t\t\t\t\t\t<a href=\"https:\/\/mikariyer.com\/en\/dil-okulu\/genel-almanca\/online-dil-egitimi\/\" title=\"\">Online Language Education<\/a>\n\t\t\t\t\t\t\t\t\t\t\t<\/h2>\n                \n                \n\t\t\t<\/div>\n\n\t\t\t\t\t\t<\/div>\n\t\t\t\t<\/div>\n\t\t\t\t<div class=\"elementor-element elementor-element-6cd026b elementor-blockquote--skin-boxed elementor-blockquote--align-center elementor-blockquote--button-color-official elementor-widget elementor-widget-blockquote\" data-id=\"6cd026b\" data-element_type=\"widget\" data-widget_type=\"blockquote.default\">\n\t\t\t\t<div class=\"elementor-widget-container\">\n\t\t\t\t\t\t\t<blockquote class=\"elementor-blockquote\">\n\t\t\t<p class=\"elementor-blockquote__content\">\n\t\t\t\tAlmancan\u0131z\u0131 Geli\u015ftirin, D\u00fcnyaya A\u00e7\u0131lan Kap\u0131n\u0131z\u0131 Aralay\u0131n!\t\t\t<\/p>\n\t\t\t\t\t<\/blockquote>\n\t\t\t\t\t\t<\/div>\n\t\t\t\t<\/div>\n\t\t\t\t<div class=\"elementor-element elementor-element-c81b42b elementor-widget elementor-widget-text-editor\" data-id=\"c81b42b\" data-element_type=\"widget\" data-widget_type=\"text-editor.default\">\n\t\t\t\t<div class=\"elementor-widget-container\">\n\t\t\t\t\t\t\t\t\t<p>MiKariyer Dil E\u011fitim Program\u0131 olarak hizmetinize sundu\u011fumuz Online Almanca kurslar\u0131m\u0131z, \u00f6\u011frenme s\u00fcrecinizi zenginle\u015ftirmek ve dil becerilerinizi m\u00fckemmelle\u015ftirmek i\u00e7in tasarlanm\u0131\u015ft\u0131r. E\u011fitim platformumuz, dil \u00f6\u011frenimini kolayla\u015ft\u0131ran yenilik\u00e7i bir yakla\u015f\u0131m sunar; b\u00f6ylece Almancan\u0131n temellerini etkili bir \u015fekilde \u00f6z\u00fcmseyebilirsiniz. Anadili Almanca olan deneyimli e\u011fitmenlerimiz, interaktif online dersler arac\u0131l\u0131\u011f\u0131yla sizlere birebir destek sa\u011flar. T\u00fcm programlar\u0131m\u0131z, Goethe Enstit\u00fcs\u00fc ve Telc gibi prestijli kurumlar taraf\u0131ndan akredite edilen Almanca dil yeterlilik s\u0131navlar\u0131na y\u00f6nelik \u00f6zel olarak haz\u0131rlanm\u0131\u015ft\u0131r. Dil yolculu\u011funuzda size rehberlik edecek bu kurslarla, Almancay\u0131 sadece \u00f6\u011frenmekle kalmayacak, ayn\u0131 zamanda uluslararas\u0131 arenada kendinizi ifade etme g\u00fcc\u00fcne de sahip olacaks\u0131n\u0131z.<\/p>\t\t\t\t\t\t\t\t<\/div>\n\t\t\t\t<\/div>\n\t\t\t\t<div class=\"elementor-element elementor-element-2c09947 elementor-widget elementor-widget-image\" data-id=\"2c09947\" data-element_type=\"widget\" data-widget_type=\"image.default\">\n\t\t\t\t<div class=\"elementor-widget-container\">\n\t\t\t\t\t\t\t\t\t\t\t\t\t\t\t<img fetchpriority=\"high\" decoding=\"async\" width=\"768\" height=\"512\" src=\"https:\/\/mikariyer.com\/wp-content\/uploads\/2024\/06\/funny-happy-excited-young-pretty-woman-sitting-table-black-shirt-working-laptop-co-working-office-wearing-glasses-768x512.jpg\" class=\"attachment-medium_large size-medium_large wp-image-17595\" alt=\"\" srcset=\"https:\/\/mikariyer.com\/wp-content\/uploads\/2024\/06\/funny-happy-excited-young-pretty-woman-sitting-table-black-shirt-working-laptop-co-working-office-wearing-glasses-768x512.jpg 768w, https:\/\/mikariyer.com\/wp-content\/uploads\/2024\/06\/funny-happy-excited-young-pretty-woman-sitting-table-black-shirt-working-laptop-co-working-office-wearing-glasses-300x200.jpg 300w, https:\/\/mikariyer.com\/wp-content\/uploads\/2024\/06\/funny-happy-excited-young-pretty-woman-sitting-table-black-shirt-working-laptop-co-working-office-wearing-glasses-1024x683.jpg 1024w, https:\/\/mikariyer.com\/wp-content\/uploads\/2024\/06\/funny-happy-excited-young-pretty-woman-sitting-table-black-shirt-working-laptop-co-working-office-wearing-glasses-1536x1024.jpg 1536w, https:\/\/mikariyer.com\/wp-content\/uploads\/2024\/06\/funny-happy-excited-young-pretty-woman-sitting-table-black-shirt-working-laptop-co-working-office-wearing-glasses-2048x1365.jpg 2048w\" sizes=\"(max-width: 768px) 100vw, 768px\" \/>\t\t\t\t\t\t\t\t\t\t\t\t\t\t\t<\/div>\n\t\t\t\t<\/div>\n\t\t\t\t<div class=\"elementor-element elementor-element-0f895aa elementor-blockquote--skin-boxed elementor-blockquote--align-center elementor-blockquote--button-color-official elementor-widget elementor-widget-blockquote\" data-id=\"0f895aa\" data-element_type=\"widget\" data-widget_type=\"blockquote.default\">\n\t\t\t\t<div class=\"elementor-widget-container\">\n\t\t\t\t\t\t\t<blockquote class=\"elementor-blockquote\">\n\t\t\t<p class=\"elementor-blockquote__content\">\n\t\t\t\tAlmancan\u0131zla Profesyonel D\u00fcnyada Fark At\u0131n!\t\t\t<\/p>\n\t\t\t\t\t<\/blockquote>\n\t\t\t\t\t\t<\/div>\n\t\t\t\t<\/div>\n\t\t\t\t<div class=\"elementor-element elementor-element-6d31447 elementor-widget elementor-widget-text-editor\" data-id=\"6d31447\" data-element_type=\"widget\" data-widget_type=\"text-editor.default\">\n\t\t\t\t<div class=\"elementor-widget-container\">\n\t\t\t\t\t\t\t\t\t<p>Almanya\u2019n\u0131n profesyonel d\u00fcnyas\u0131nda s\u0131yr\u0131lmak ve sekt\u00f6r\u00fcn\u00fczde hedefledi\u011finiz yere gelmek istiyorsan\u0131z, Almanca dil becerileriniz sizin en de\u011ferli varl\u0131\u011f\u0131n\u0131zd\u0131r. MiKariyer Dil E\u011fitim Program\u0131 ile, dil \u00f6\u011frenme ser\u00fcveninizde size yol g\u00f6steriyor, A1\u2019den B2\u2019ye kadar her seviyede Almancan\u0131z\u0131 ileriye ta\u015f\u0131yoruz. Kurslar\u0131m\u0131z, dilinizi sadece geli\u015ftirmekle kalmay\u0131p, ayn\u0131 zamanda Almanya\u2019n\u0131n teknik ve sosyal sekt\u00f6rlerinde rekabet avantaj\u0131 sa\u011flayacak \u015fekilde tasarlanm\u0131\u015ft\u0131r.<\/p><p>Uzaktan e\u011fitim imkanlar\u0131m\u0131zla, zaman ve mek\u00e2n s\u0131n\u0131rlar\u0131n\u0131 a\u015farak Almancan\u0131z\u0131 m\u00fckemmelle\u015ftirin. Online Genel Almanca Kurslar\u0131m\u0131z, esnek zaman se\u00e7enekleriyle herkesin ihtiyac\u0131na cevap verecek \u015fekilde tasarlanm\u0131\u015ft\u0131r. Alan\u0131nda uzman, ana dili Almanca olan e\u011fitmenlerimiz, interaktif ve canl\u0131 derslerle dil yolculu\u011funuzda size e\u015flik ediyor.<\/p><p>Kariyer hedeflerinize ula\u015fman\u0131n ilk ad\u0131m\u0131, MiKariyer ile Almanca \u00f6\u011frenmektir. Ba\u015fvuru formunu doldurarak ilk ad\u0131m\u0131 at\u0131n ve Almanya\u2019daki profesyonel yolculu\u011funuza bizimle ba\u015flay\u0131n.<\/p>\t\t\t\t\t\t\t\t<\/div>\n\t\t\t\t<\/div>\n\t\t\t\t<div class=\"elementor-element elementor-element-c2e278c elementor-align-center elementor-widget elementor-widget-button\" data-id=\"c2e278c\" data-element_type=\"widget\" data-widget_type=\"button.default\">\n\t\t\t\t<div class=\"elementor-widget-container\">\n\t\t\t\t\t\t\t\t\t<div class=\"elementor-button-wrapper\">\n\t\t\t\t\t<a class=\"elementor-button elementor-button-link elementor-size-sm\" href=\"https:\/\/mikariyer.com\/en\/contact-3\/\">\n\t\t\t\t\t\t<span class=\"elementor-button-content-wrapper\">\n\t\t\t\t\t\t\t\t\t<span class=\"elementor-button-text\">Get in touch<\/span>\n\t\t\t\t\t<\/span>\n\t\t\t\t\t<\/a>\n\t\t\t\t<\/div>\n\t\t\t\t\t\t\t\t<\/div>\n\t\t\t\t<\/div>\n\t\t\t\t<\/div>\n\t\t\t\t<\/div>\n\t\t\t\t<\/div>","protected":false},"excerpt":{"rendered":"<p>Genel Almanca Online Dil E\u011fitimi Almancan\u0131z\u0131 Geli\u015ftirin, D\u00fcnyaya A\u00e7\u0131lan Kap\u0131n\u0131z\u0131 Aralay\u0131n! MiKariyer Dil E\u011fitim Program\u0131 olarak hizmetinize sundu\u011fumuz Online Almanca kurslar\u0131m\u0131z, \u00f6\u011frenme s\u00fcrecinizi zenginle\u015ftirmek ve dil becerilerinizi m\u00fckemmelle\u015ftirmek i\u00e7in tasarlanm\u0131\u015ft\u0131r. E\u011fitim platformumuz, dil \u00f6\u011frenimini kolayla\u015ft\u0131ran yenilik\u00e7i bir yakla\u015f\u0131m sunar; b\u00f6ylece Almancan\u0131n temellerini etkili bir \u015fekilde \u00f6z\u00fcmseyebilirsiniz. Anadili Almanca olan deneyimli e\u011fitmenlerimiz, interaktif online dersler arac\u0131l\u0131\u011f\u0131yla [&hellip;]<\/p>\n","protected":false},"author":3,"featured_media":0,"parent":15821,"menu_order":1,"comment_status":"closed","ping_status":"closed","template":"","meta":{"footnotes":""},"class_list":["post-15823","page","type-page","status-publish","hentry"],"_links":{"self":[{"href":"https:\/\/mikariyer.com\/en\/wp-json\/wp\/v2\/pages\/15823","targetHints":{"allow":["GET"]}}],"collection":[{"href":"https:\/\/mikariyer.com\/en\/wp-json\/wp\/v2\/pages"}],"about":[{"href":"https:\/\/mikariyer.com\/en\/wp-json\/wp\/v2\/types\/page"}],"author":[{"embeddable":true,"href":"https:\/\/mikariyer.com\/en\/wp-json\/wp\/v2\/users\/3"}],"replies":[{"embeddable":true,"href":"https:\/\/mikariyer.com\/en\/wp-json\/wp\/v2\/comments?post=15823"}],"version-history":[{"count":1,"href":"https:\/\/mikariyer.com\/en\/wp-json\/wp\/v2\/pages\/15823\/revisions"}],"predecessor-version":[{"id":19355,"href":"https:\/\/mikariyer.com\/en\/wp-json\/wp\/v2\/pages\/15823\/revisions\/19355"}],"up":[{"embeddable":true,"href":"https:\/\/mikariyer.com\/en\/wp-json\/wp\/v2\/pages\/15821"}],"wp:attachment":[{"href":"https:\/\/mikariyer.com\/en\/wp-json\/wp\/v2\/media?parent=15823"}],"curies":[{"name":"wp","href":"https:\/\/api.w.org\/{rel}","templated":true}]}}