{"id":18783,"date":"2025-07-30T12:17:39","date_gmt":"2025-07-30T12:17:39","guid":{"rendered":"https:\/\/mikariyer.com\/?page_id=18783"},"modified":"2025-07-30T12:34:26","modified_gmt":"2025-07-30T12:34:26","slug":"education","status":"publish","type":"page","link":"https:\/\/mikariyer.com\/en\/education\/","title":{"rendered":"EDUCATION"},"content":{"rendered":"<div data-elementor-type=\"wp-page\" data-elementor-id=\"18783\" class=\"elementor elementor-18783\" data-elementor-post-type=\"page\">\n\t\t\t\t<div class=\"elementor-element elementor-element-87764ba e-con-full e-flex e-con e-parent\" data-id=\"87764ba\" data-element_type=\"container\">\n\t\t<div class=\"elementor-element elementor-element-5049e79 e-con-full e-flex e-con e-child\" data-id=\"5049e79\" data-element_type=\"container\">\n\t\t\t\t<div class=\"elementor-element elementor-element-8679d2d elementor-widget elementor-widget-shortcode\" data-id=\"8679d2d\" data-element_type=\"widget\" data-widget_type=\"shortcode.default\">\n\t\t\t\t<div class=\"elementor-widget-container\">\n\t\t\t\t\t\t\t<div class=\"elementor-shortcode\">\t\t<div data-elementor-type=\"single-post\" data-elementor-id=\"16105\" class=\"elementor elementor-16105\" data-elementor-post-type=\"elementor_library\">\n\t\t\t<div class=\"elementor-element elementor-element-a1ba1ad elementor-hidden-mobile e-flex e-con-boxed e-con e-parent\" data-id=\"a1ba1ad\" data-element_type=\"container\" data-settings=\"{&quot;background_background&quot;:&quot;classic&quot;}\">\n\t\t\t\t\t<div class=\"e-con-inner\">\n\t\t<div class=\"elementor-element elementor-element-0ebb07d e-con-full e-flex e-con e-child\" data-id=\"0ebb07d\" data-element_type=\"container\" data-settings=\"{&quot;background_background&quot;:&quot;classic&quot;}\">\n\t\t\t\t<div class=\"elementor-element elementor-element-876b9ab elementor-widget elementor-widget-infetech_elementor_heading\" data-id=\"876b9ab\" data-element_type=\"widget\" data-widget_type=\"infetech_elementor_heading.default\">\n\t\t\t\t<div class=\"elementor-widget-container\">\n\t\t\t\t\t\n\t\t\t<div class=\"ova-heading\">\n\t\t\t\t\n\t\t\t\t\n\t\t\t\t\n\t\t\t\t\t<h3 class=\"title\">\t\t\t\t\t\t\t\t\t\t\t\t\t<a href=\"https:\/\/mikariyer.com\/en\/egitim\/\" title=\"\">EDUCATION<\/a>\n\t\t\t\t\t\t\t\t\t\t\t<\/h3>\n                \n                \n\t\t\t<\/div>\n\n\t\t\t\t\t\t<\/div>\n\t\t\t\t<\/div>\n\t\t\t\t<div class=\"elementor-element elementor-element-2a2e1b4 elementor-nav-menu__text-align-aside elementor-widget elementor-widget-nav-menu\" data-id=\"2a2e1b4\" data-element_type=\"widget\" data-settings=\"{&quot;layout&quot;:&quot;dropdown&quot;,&quot;submenu_icon&quot;:{&quot;value&quot;:&quot;&lt;svg class=\\&quot;e-font-icon-svg e-fas-caret-down\\&quot; viewBox=\\&quot;0 0 320 512\\&quot; xmlns=\\&quot;http:\\\/\\\/www.w3.org\\\/2000\\\/svg\\&quot;&gt;&lt;path d=\\&quot;M31.3 192h257.3c17.8 0 26.7 21.5 14.1 34.1L174.1 354.8c-7.8 7.8-20.5 7.8-28.3 0L17.2 226.1C4.6 213.5 13.5 192 31.3 192z\\&quot;&gt;&lt;\\\/path&gt;&lt;\\\/svg&gt;&quot;,&quot;library&quot;:&quot;fa-solid&quot;}}\" data-widget_type=\"nav-menu.default\">\n\t\t\t\t<div class=\"elementor-widget-container\">\n\t\t\t\t\t\t\t\t<nav class=\"elementor-nav-menu--dropdown elementor-nav-menu__container\" aria-hidden=\"true\">\n\t\t\t\t<ul id=\"menu-2-2a2e1b4\" class=\"elementor-nav-menu\"><li class=\"menu-item menu-item-type-post_type menu-item-object-page menu-item-15859\"><a href=\"https:\/\/mikariyer.com\/en\/egitim\/lisans-egitimi\/\" class=\"elementor-item\" tabindex=\"-1\">Undergraduate Education<\/a><\/li>\n<li class=\"menu-item menu-item-type-post_type menu-item-object-page menu-item-15860\"><a href=\"https:\/\/mikariyer.com\/en\/egitim\/master-egitimi\/\" class=\"elementor-item\" tabindex=\"-1\">Master Education<\/a><\/li>\n<\/ul>\t\t\t<\/nav>\n\t\t\t\t\t\t<\/div>\n\t\t\t\t<\/div>\n\t\t\t\t<div class=\"elementor-element elementor-element-e4684e7 elementor-widget elementor-widget-infetech_elementor_heading\" data-id=\"e4684e7\" data-element_type=\"widget\" data-widget_type=\"infetech_elementor_heading.default\">\n\t\t\t\t<div class=\"elementor-widget-container\">\n\t\t\t\t\t\n\t\t\t<div class=\"ova-heading\">\n\t\t\t\t\n\t\t\t\t\t\t\t\t\t<h2 class=\"sub-title\">\n\t\t\t\t\t\t<span class=\"underlined\"><\/span>\n\t\t\t\t\t\tMiCareer\t\t\t\t\t<\/h2>\t\n\t\t\t\t\n\t\t\t\t\n\t\t\t\t\t<h3 class=\"title\">\t\t\t\t\t\t\t\t\t\t\t\t\t<a href=\"https:\/\/mikariyer.com\/en\/contact-3\/\" title=\"\">Contact Us<\/a>\n\t\t\t\t\t\t\t\t\t\t\t<\/h3>\n                \n                \n\t\t\t<\/div>\n\n\t\t\t\t\t\t<\/div>\n\t\t\t\t<\/div>\n\t\t\t\t<div class=\"elementor-element elementor-element-e533907 elementor-widget elementor-widget-infetech_elementor_contact_info\" data-id=\"e533907\" data-element_type=\"widget\" data-widget_type=\"infetech_elementor_contact_info.default\">\n\t\t\t\t<div class=\"elementor-widget-container\">\n\t\t\t\t\t\t\t\t<div class=\"ova-contact-info template2\">\n\t\t\t\t\n\t\t\t\t\t\t\t\t\t\t\t\t\t\t\t<div class=\"circle\">\n\t\t\t\t\t\t\t<div class=\"icon\">\n\t\t\t\t\t\t\t\t<i class=\"ovaicon ovaicon-phone-call\"><\/i>\n\t\t\t\t\t\t\t<\/div>\n\t\t\t\t\t\t<\/div>\t\n\t\t\t\t    \t\t\t    \t\t\t\t\n\t\t\t\t<div class=\"contact\">\n\t\t\t\t\t\n\t\t\t\t\t\t\t\t\t\t\t<div class=\"label\">\n\t\t\t\t\t\t\tContact Number\t\t\t\t\t\t<\/div>\n\t\t\t\t\t\n\t\t\t\t\t<ul class=\"info\">\n\t\t\t\t\t\t\t\t\t\t\t\t\t<li class=\"item\">\n\n\t\t\t\t\t\t\t\t<a href=\"https:\/\/wa.me\/4917684915411\" title=\"+ 49 17684915411\">+ 49 17684915411<\/a>\t\t\t\t\t\t\t<\/li>\n\t\t\t\t\t\t\t\t\t\t\t<\/ul>\n\n\t\t\t\t<\/div>\n\n\t\t\t<\/div>\n\n\t\t\t\t\t\t<\/div>\n\t\t\t\t<\/div>\n\t\t\t\t<div class=\"elementor-element elementor-element-d4fc51a elementor-widget elementor-widget-infetech_elementor_contact_info\" data-id=\"d4fc51a\" data-element_type=\"widget\" data-widget_type=\"infetech_elementor_contact_info.default\">\n\t\t\t\t<div class=\"elementor-widget-container\">\n\t\t\t\t\t\t\t\t<div class=\"ova-contact-info template2\">\n\t\t\t\t\n\t\t\t\t\t\t\t\t\t\t\t\t\t\t\t<div class=\"circle\">\n\t\t\t\t\t\t\t<div class=\"icon\">\n\t\t\t\t\t\t\t\t<i class=\"ovaicon ovaicon-email\"><\/i>\n\t\t\t\t\t\t\t<\/div>\n\t\t\t\t\t\t<\/div>\t\n\t\t\t\t    \t\t\t    \t\t\t\t\n\t\t\t\t<div class=\"contact\">\n\t\t\t\t\t\n\t\t\t\t\t\t\t\t\t\t\t<div class=\"label\">\n\t\t\t\t\t\t\tOur Mail Address\t\t\t\t\t\t<\/div>\n\t\t\t\t\t\n\t\t\t\t\t<ul class=\"info\">\n\t\t\t\t\t\t\t\t\t\t\t\t\t<li class=\"item\">\n\n\t\t\t\t\t\t\t\t\t\t\t\t\t\t\t\t\t\t\t<a href=\"mailto:info@mikariyer.com\" title=\"email\">\n\t\t\t\t\t\t\t\t\t\t\t\tinfo@mikariyer.com\t\t\t\t\t\t\t\t\t\t\t<\/a>\n\t\t\t\t\t\t\t\t\t\t\t\t\t\t\t\t\t<\/li>\n\t\t\t\t\t\t\t\t\t\t\t<\/ul>\n\n\t\t\t\t<\/div>\n\n\t\t\t<\/div>\n\n\t\t\t\t\t\t<\/div>\n\t\t\t\t<\/div>\n\t\t\t\t<div class=\"elementor-element elementor-element-78d6909 elementor-widget elementor-widget-infetech_elementor_contact_info\" data-id=\"78d6909\" data-element_type=\"widget\" data-widget_type=\"infetech_elementor_contact_info.default\">\n\t\t\t\t<div class=\"elementor-widget-container\">\n\t\t\t\t\t\t\t\t<div class=\"ova-contact-info template2\">\n\t\t\t\t\n\t\t\t\t\t\t\t\t\t\t\t\t\t\t\t<div class=\"circle\">\n\t\t\t\t\t\t\t<div class=\"icon\">\n\t\t\t\t\t\t\t\t<i class=\"far fa-map\"><\/i>\n\t\t\t\t\t\t\t<\/div>\n\t\t\t\t\t\t<\/div>\t\n\t\t\t\t    \t\t\t    \t\t\t\t\n\t\t\t\t<div class=\"contact\">\n\t\t\t\t\t\n\t\t\t\t\t\t\t\t\t\t\t<div class=\"label\">\n\t\t\t\t\t\t\tOur Address\t\t\t\t\t\t<\/div>\n\t\t\t\t\t\n\t\t\t\t\t<ul class=\"info\">\n\t\t\t\t\t\t\t\t\t\t\t\t\t<li class=\"item\">\n\n\t\t\t\t\t\t\t\t<a href=\"https:\/\/maps.app.goo.gl\/HDJiQThZhUDnXWy77\" target=\"_blank\" title=\"338A Regents Park Road Office 3 and 4 London United Kingdom N3 2LN\">338A Regents Park Road Office 3 and 4 London United Kingdom N3 2LN<\/a>\t\t\t\t\t\t\t<\/li>\n\t\t\t\t\t\t\t\t\t\t\t<\/ul>\n\n\t\t\t\t<\/div>\n\n\t\t\t<\/div>\n\n\t\t\t\t\t\t<\/div>\n\t\t\t\t<\/div>\n\t\t\t\t<\/div>\n\t\t\t\t\t<\/div>\n\t\t\t\t<\/div>\n\t\t\t\t<\/div>\n\t\t<\/div>\n\t\t\t\t\t\t<\/div>\n\t\t\t\t<\/div>\n\t\t\t\t<\/div>\n\t\t<div class=\"elementor-element elementor-element-f76c0c7 e-con-full e-flex e-con e-child\" data-id=\"f76c0c7\" data-element_type=\"container\">\n\t\t\t\t<div class=\"elementor-element elementor-element-3d38ece elementor-widget elementor-widget-infetech_elementor_heading\" data-id=\"3d38ece\" data-element_type=\"widget\" data-widget_type=\"infetech_elementor_heading.default\">\n\t\t\t\t<div class=\"elementor-widget-container\">\n\t\t\t\t\t\n\t\t\t<div class=\"ova-heading\">\n\t\t\t\t\n\t\t\t\t\n\t\t\t\t\n\t\t\t\t\t<h1 class=\"title\">\t\t\t\t\t\t\t\t\t\t\t\t\t<a href=\"https:\/\/mikariyer.com\/en\/egitim\/\" title=\"\">EDUCATION<\/a>\n\t\t\t\t\t\t\t\t\t\t\t<\/h1>\n                \n                \n\t\t\t<\/div>\n\n\t\t\t\t\t\t<\/div>\n\t\t\t\t<\/div>\n\t\t\t\t<div class=\"elementor-element elementor-element-d357451 elementor-blockquote--skin-boxed elementor-blockquote--align-center elementor-blockquote--button-color-official elementor-widget elementor-widget-blockquote\" data-id=\"d357451\" data-element_type=\"widget\" data-widget_type=\"blockquote.default\">\n\t\t\t\t<div class=\"elementor-widget-container\">\n\t\t\t\t\t\t\t<blockquote class=\"elementor-blockquote\">\n\t\t\t<p class=\"elementor-blockquote__content\">\n\t\t\t\tEducation in Germany: Deep Knowledge, Elevated Careers\t\t\t<\/p>\n\t\t\t\t\t<\/blockquote>\n\t\t\t\t\t\t<\/div>\n\t\t\t\t<\/div>\n\t\t\t\t<div class=\"elementor-element elementor-element-ceeb7da elementor-widget elementor-widget-text-editor\" data-id=\"ceeb7da\" data-element_type=\"widget\" data-widget_type=\"text-editor.default\">\n\t\t\t\t<div class=\"elementor-widget-container\">\n\t\t\t\t\t\t\t\t\t<p>Germany ranks among the most preferred countries for undergraduate and graduate education worldwide. Three key reasons underlie this popularity:<\/p>\t\t\t\t\t\t\t\t<\/div>\n\t\t\t\t<\/div>\n\t\t\t\t<div class=\"elementor-element elementor-element-fb77c00 elementor-widget elementor-widget-infetech_elementor_service_3\" data-id=\"fb77c00\" data-element_type=\"widget\" data-widget_type=\"infetech_elementor_service_3.default\">\n\t\t\t\t<div class=\"elementor-widget-container\">\n\t\t\t\t\t\t\t \t<div class=\"ova-service-3 one_column\">\n\t\t \t\t\t\t\t\t    <div class=\"item-service-3 elementor-repeater-item-b544d9d\">\n\t                    <div class=\"image-service-3\">\n\t\t\t\t \t\t\t\t\t\t\t\t\t\t\t<img decoding=\"async\" src=\"https:\/\/mikariyer.com\/wp-content\/uploads\/2024\/06\/group-students-graduation-caps-gowns-stand-together-scaled.jpg\" alt=\"Tuition-Free Education\">\n\t\t\t\t            \t\t\t\t \t\t<\/div>\n\t\t\t\t \t\t<div class=\"info\">\n\t\t\t\t \t\t\t<div class=\"mask\"><\/div>\n\t\t\t\t \t\t\t<div class=\"square\"><\/div>\n\t\t\t\t \t\t\t\t\t\t\t\t\t\t\t\t<h4 class=\"title\">\n\t\t\t\t\t\t\t\t\t\tTuition-Free Education\t\t\t\t\t\t\t\t\t<\/h4>\n\t\t\t\t\t\t\t\t\t\t\t\t\t\t\t\t\t\t\t\t\t\t\t<p class=\"description\">\n\t\t\t\t\t\t\t\t\tBachelor\u2019s and Master\u2019s programs at public universities are free, significantly easing the financial burden for students.\t\t\t\t\t\t\t\t<\/p>\n\t\t\t\t\t\t\t  \n\t\t\t\t \t\t<\/div>\n\t                <\/div>\n\t            \t\t\t\t    <div class=\"item-service-3 elementor-repeater-item-3adcd0c\">\n\t                    <div class=\"image-service-3\">\n\t\t\t\t \t\t\t\t\t\t\t\t\t\t\t<img decoding=\"async\" src=\"https:\/\/mikariyer.com\/wp-content\/uploads\/2024\/06\/office-meeting-scaled.jpg\" alt=\"Legal Work Rights\">\n\t\t\t\t            \t\t\t\t \t\t<\/div>\n\t\t\t\t \t\t<div class=\"info\">\n\t\t\t\t \t\t\t<div class=\"mask\"><\/div>\n\t\t\t\t \t\t\t<div class=\"square\"><\/div>\n\t\t\t\t \t\t\t\t\t\t\t\t\t\t\t\t<h4 class=\"title\">\n\t\t\t\t\t\t\t\t\t\tLegal Work Rights\t\t\t\t\t\t\t\t\t<\/h4>\n\t\t\t\t\t\t\t\t\t\t\t\t\t\t\t\t\t\t\t\t\t\t\t<p class=\"description\">\n\t\t\t\t\t\t\t\t\tStudents can support their educational and living expenses by working legally during their studies.\t\t\t\t\t\t\t\t<\/p>\n\t\t\t\t\t\t\t  \n\t\t\t\t \t\t<\/div>\n\t                <\/div>\n\t            \t\t\t\t    <div class=\"item-service-3 elementor-repeater-item-f4b3c2c\">\n\t                    <div class=\"image-service-3\">\n\t\t\t\t \t\t\t\t\t\t\t\t\t\t\t<img decoding=\"async\" src=\"https:\/\/mikariyer.com\/wp-content\/uploads\/2024\/06\/portrait-pretty-toothy-young-student-scaled.jpg\" alt=\"Fast and Easy Employment\">\n\t\t\t\t            \t\t\t\t \t\t<\/div>\n\t\t\t\t \t\t<div class=\"info\">\n\t\t\t\t \t\t\t<div class=\"mask\"><\/div>\n\t\t\t\t \t\t\t<div class=\"square\"><\/div>\n\t\t\t\t \t\t\t\t\t\t\t\t\t\t\t\t<h4 class=\"title\">\n\t\t\t\t\t\t\t\t\t\tFast and Easy Employment\t\t\t\t\t\t\t\t\t<\/h4>\n\t\t\t\t\t\t\t\t\t\t\t\t\t\t\t\t\t\t\t\t\t\t\t<p class=\"description\">\n\t\t\t\t\t\t\t\t\tGraduates enjoy rapid access to excellent job opportunities both in Germany and internationally.\t\t\t\t\t\t\t\t<\/p>\n\t\t\t\t\t\t\t  \n\t\t\t\t \t\t<\/div>\n\t                <\/div>\n\t            \t\t    <\/div>\n\t\t\t\t\t\t<\/div>\n\t\t\t\t<\/div>\n\t\t\t\t<div class=\"elementor-element elementor-element-3cbf371 elementor-widget elementor-widget-text-editor\" data-id=\"3cbf371\" data-element_type=\"widget\" data-widget_type=\"text-editor.default\">\n\t\t\t\t<div class=\"elementor-widget-container\">\n\t\t\t\t\t\t\t\t\tThese factors make Germany one of the most attractive education destinations for international students. High academic standards and quality of life further enhance its appeal.\n<h4><strong>Elite German Universities: A Path to Global Success<\/strong><\/h4>\nEvery year, international enrollment statistics and ranking institutions recognize Germany\u2019s top universities among the world\u2019s leading educational institutions. These prestigious universities are known for producing graduates who are highly sought-after in global job markets. Renowned German companies such as BMW, Mercedes, Audi, Volkswagen, Porsche, Bayer, Bosch, Siemens, SAP, T-Mobile, DHL, and Lufthansa prefer professionals\n \nwho studied in Germany. Europe\u2019s oldest universities stand out with their high academic standards, cutting-edge technology, and practical learning approaches\u2014striking a balance between theory and practice that empowers graduates with a strong career foundation.\n\t\t\t\t\t\t\t\t<\/div>\n\t\t\t\t<\/div>\n\t\t<div class=\"elementor-element elementor-element-03b9110 e-flex e-con-boxed e-con e-child\" data-id=\"03b9110\" data-element_type=\"container\">\n\t\t\t\t\t<div class=\"e-con-inner\">\n\t\t<div class=\"elementor-element elementor-element-0ae08c7 e-grid e-con-boxed e-con e-child\" data-id=\"0ae08c7\" data-element_type=\"container\">\n\t\t\t\t\t<div class=\"e-con-inner\">\n\t\t\t\t<div class=\"elementor-element elementor-element-1f3b445 elementor-widget elementor-widget-text-editor\" data-id=\"1f3b445\" data-element_type=\"widget\" data-widget_type=\"text-editor.default\">\n\t\t\t\t<div class=\"elementor-widget-container\">\n\t\t\t\t\t\t\t\t\t<h4><strong>Top of Academic Diversity: Rich Bachelor\u2019s, Master\u2019s, and Doctoral Options<\/strong><\/h4>\nWith nearly 400 universities and over 17,000 degree programs, Germany offers unmatched diversity in education. Hosting one of the most comprehensive selections of undergraduate and graduate programs globally, Germany provides almost unlimited choices tailored to students&#8217; interests. Major investments by the German government and leading companies in fields like engineering, medicine, pharmacy, business, and the humanities bring global standards of professionalism and innovation to education.\t\t\t\t\t\t\t\t<\/div>\n\t\t\t\t<\/div>\n\t\t\t\t<div class=\"elementor-element elementor-element-862fb0b elementor-widget elementor-widget-image\" data-id=\"862fb0b\" data-element_type=\"widget\" data-widget_type=\"image.default\">\n\t\t\t\t<div class=\"elementor-widget-container\">\n\t\t\t\t\t\t\t\t\t\t\t\t\t\t\t<img fetchpriority=\"high\" decoding=\"async\" width=\"683\" height=\"1024\" src=\"https:\/\/mikariyer.com\/wp-content\/uploads\/2024\/06\/relaxing-before-class-low-angle-view-happy-young-woman-holding-digital-tablet-looking-camera-while-people-sitting-background-683x1024.jpg\" class=\"attachment-large size-large wp-image-16708\" alt=\"\" srcset=\"https:\/\/mikariyer.com\/wp-content\/uploads\/2024\/06\/relaxing-before-class-low-angle-view-happy-young-woman-holding-digital-tablet-looking-camera-while-people-sitting-background-683x1024.jpg 683w, https:\/\/mikariyer.com\/wp-content\/uploads\/2024\/06\/relaxing-before-class-low-angle-view-happy-young-woman-holding-digital-tablet-looking-camera-while-people-sitting-background-200x300.jpg 200w, https:\/\/mikariyer.com\/wp-content\/uploads\/2024\/06\/relaxing-before-class-low-angle-view-happy-young-woman-holding-digital-tablet-looking-camera-while-people-sitting-background-768x1151.jpg 768w, https:\/\/mikariyer.com\/wp-content\/uploads\/2024\/06\/relaxing-before-class-low-angle-view-happy-young-woman-holding-digital-tablet-looking-camera-while-people-sitting-background-1025x1536.jpg 1025w, https:\/\/mikariyer.com\/wp-content\/uploads\/2024\/06\/relaxing-before-class-low-angle-view-happy-young-woman-holding-digital-tablet-looking-camera-while-people-sitting-background-1367x2048.jpg 1367w, https:\/\/mikariyer.com\/wp-content\/uploads\/2024\/06\/elementor\/thumbs\/relaxing-before-class-low-angle-view-happy-young-woman-holding-digital-tablet-looking-camera-while-people-sitting-background-scaled-qpn4imlpns3udfzf3c2rs1qk7emzk81o1ttohma0kw.jpg 400w, https:\/\/mikariyer.com\/wp-content\/uploads\/2024\/06\/relaxing-before-class-low-angle-view-happy-young-woman-holding-digital-tablet-looking-camera-while-people-sitting-background-scaled.jpg 1709w\" sizes=\"(max-width: 683px) 100vw, 683px\" \/>\t\t\t\t\t\t\t\t\t\t\t\t\t\t\t<\/div>\n\t\t\t\t<\/div>\n\t\t\t\t\t<\/div>\n\t\t\t\t<\/div>\n\t\t\t\t\t<\/div>\n\t\t\t\t<\/div>\n\t\t\t\t<div class=\"elementor-element elementor-element-1739f1f elementor-widget elementor-widget-infetech_elementor_service_toggle\" data-id=\"1739f1f\" data-element_type=\"widget\" data-widget_type=\"infetech_elementor_service_toggle.default\">\n\t\t\t\t<div class=\"elementor-widget-container\">\n\t\t\t\t\t\t\t  \t<div class=\"ova-service-toggle\">\n\t\t        \n\t\t\t\t<div class=\"item\">\n\t\t\t\t\t<div class=\"toggle\">\n\t\t\t\t\t\t<div class=\"heading-wrap\">\n\t\t\t\t\t\t\t\t\t\t\t\t\t\t\t<div class=\"icon\">\n\t\t\t\t\t\t\t\t\t<i aria-hidden=\"true\" class=\"flaticonnew- flaticon-new-right\"><\/i> \n\t\t\t\t\t\t\t\t<\/div>\n\t\t\t\t\t\t\t\t\t\t\t\t\t\t\t<h3 class=\"title\">\n\t\t\t\t\t\t\t\t\tALMANYA\u2019DA L\u0130SANS E\u011e\u0130T\u0130M\u0130\t\t\t\t\t\t\t\t<\/h3>\n\t\t\t\t\t\t\t\t\t\t\t\t\t<\/div>\n\t\t\t\t\t\t<div class=\"info-wrap\">\n\t\t\t\t\t\t\t\t\t\t\t\t\t\t\t<p class=\"description\">\n\t\t\t\t\t\t\t\t\tAlmanya\u2019da lisans e\u011fitimi alman\u0131n, akademik becerilerinizi geli\u015ftirmek, yeni bir dil \u00f6\u011frenmek, uluslararas\u0131 bir kariyere ad\u0131m atmak ve Avrupa\u2019n\u0131n kalbinde ya\u015famak i\u00e7in m\u00fckemmel bir f\u0131rsata sahip olmak gibi avantajlar\u0131 bulunmaktad\u0131r. \t\t\t\t\t\t\t\t<\/p>\n\t\t\t\t\t\t\t\t\t\t\t\t\t\t<div class=\"toggle-icon\">\n\t\t\t\t\t\t\t\t\t\t\t\t\t\t\t\t\t<i aria-hidden=\"true\" class=\"flaticoninfetech- flaticon-infetech-plus\"><\/i>\n\t\t\t\t\t\t\t\t\t\t\t\t\t\t\t<\/div>\n\t\t\t\t\t\t<\/div>\n\t\t\t\t\t<\/div>\n\t\t\t\t\t<div class=\"service-content\">\n\t\t\t\t\t\t<div class=\"spacing\"><\/div>\n\t\t\t\t\t\t<div class=\"content\">\n\t\t\t\t\t\t\t<p><a href=\"https:\/\/mikariyer.com\/en\/egitim\/lisans-egitimi\/\">Click for Detailed Information<\/a><\/p> \n\t\t\t\t\t\t<\/div>\n\t\t\t\t\t<\/div>\n\t\t\t\t<\/div>\n\t\t\t\t\n\t\t\t\t<div class=\"item\">\n\t\t\t\t\t<div class=\"toggle\">\n\t\t\t\t\t\t<div class=\"heading-wrap\">\n\t\t\t\t\t\t\t\t\t\t\t\t\t\t\t<div class=\"icon\">\n\t\t\t\t\t\t\t\t\t<i aria-hidden=\"true\" class=\"flaticonnew- flaticon-new-right\"><\/i> \n\t\t\t\t\t\t\t\t<\/div>\n\t\t\t\t\t\t\t\t\t\t\t\t\t\t\t<h3 class=\"title\">\n\t\t\t\t\t\t\t\t\tALMANYA\u2019DA MASTER E\u011e\u0130T\u0130M\u0130\t\t\t\t\t\t\t\t<\/h3>\n\t\t\t\t\t\t\t\t\t\t\t\t\t<\/div>\n\t\t\t\t\t\t<div class=\"info-wrap\">\n\t\t\t\t\t\t\t\t\t\t\t\t\t\t\t<p class=\"description\">\n\t\t\t\t\t\t\t\t\tMiKariyer olarak, \u00fcniversite hayallerinizi Almanya\u2019da ger\u00e7ekle\u015ftirmek i\u00e7in t\u00fcm s\u00fcre\u00e7leri titizlikle y\u00f6netiyor ve sonu\u00e7land\u0131r\u0131yoruz.\t\t\t\t\t\t\t\t<\/p>\n\t\t\t\t\t\t\t\t\t\t\t\t\t\t<div class=\"toggle-icon active\">\n\t\t\t\t\t\t\t\t\t\t\t\t\t\t\t\t\t<i aria-hidden=\"true\" class=\"flaticoninfetech- flaticon-infetech-minus-sign\"><\/i>\n\t\t\t\t\t\t\t\t\t\t\t\t\t\t\t<\/div>\n\t\t\t\t\t\t<\/div>\n\t\t\t\t\t<\/div>\n\t\t\t\t\t<div class=\"service-content active\">\n\t\t\t\t\t\t<div class=\"spacing\"><\/div>\n\t\t\t\t\t\t<div class=\"content\">\n\t\t\t\t\t\t\t<p><a href=\"https:\/\/mikariyer.com\/en\/egitim\/master-egitimi\/\">Click for Detailed Information<\/a><\/p> \n\t\t\t\t\t\t<\/div>\n\t\t\t\t\t<\/div>\n\t\t\t\t<\/div>\n\t\t\t\t\t\t\t<\/div>\n\t\t\t\t\t\t<\/div>\n\t\t\t\t<\/div>\n\t\t\t\t<\/div>\n\t\t\t\t<\/div>\n\t\t\t\t<\/div>","protected":false},"excerpt":{"rendered":"<p>EDUCATION Education in Germany: Deep Knowledge, Elevated Careers Germany ranks among the most preferred countries for undergraduate and graduate education worldwide. Three key reasons underlie this popularity: Tuition-Free Education Bachelor\u2019s and Master\u2019s programs at public universities are free, significantly easing the financial burden for students. Legal Work Rights Students can support their educational and living [&hellip;]<\/p>\n","protected":false},"author":3,"featured_media":0,"parent":0,"menu_order":0,"comment_status":"closed","ping_status":"closed","template":"","meta":{"footnotes":""},"class_list":["post-18783","page","type-page","status-publish","hentry"],"_links":{"self":[{"href":"https:\/\/mikariyer.com\/en\/wp-json\/wp\/v2\/pages\/18783","targetHints":{"allow":["GET"]}}],"collection":[{"href":"https:\/\/mikariyer.com\/en\/wp-json\/wp\/v2\/pages"}],"about":[{"href":"https:\/\/mikariyer.com\/en\/wp-json\/wp\/v2\/types\/page"}],"author":[{"embeddable":true,"href":"https:\/\/mikariyer.com\/en\/wp-json\/wp\/v2\/users\/3"}],"replies":[{"embeddable":true,"href":"https:\/\/mikariyer.com\/en\/wp-json\/wp\/v2\/comments?post=18783"}],"version-history":[{"count":4,"href":"https:\/\/mikariyer.com\/en\/wp-json\/wp\/v2\/pages\/18783\/revisions"}],"predecessor-version":[{"id":18792,"href":"https:\/\/mikariyer.com\/en\/wp-json\/wp\/v2\/pages\/18783\/revisions\/18792"}],"wp:attachment":[{"href":"https:\/\/mikariyer.com\/en\/wp-json\/wp\/v2\/media?parent=18783"}],"curies":[{"name":"wp","href":"https:\/\/api.w.org\/{rel}","templated":true}]}}