{"id":19285,"date":"2025-07-31T21:00:43","date_gmt":"2025-07-31T21:00:43","guid":{"rendered":"https:\/\/mikariyer.com\/?page_id=19285"},"modified":"2025-07-31T21:02:08","modified_gmt":"2025-07-31T21:02:08","slug":"human-resources","status":"publish","type":"page","link":"https:\/\/mikariyer.com\/en\/human-resources\/","title":{"rendered":"HUMAN RESOURCES"},"content":{"rendered":"<div data-elementor-type=\"wp-page\" data-elementor-id=\"19285\" class=\"elementor elementor-19285\" data-elementor-post-type=\"page\">\n\t\t\t\t<div class=\"elementor-element elementor-element-5c2c685 e-con-full e-flex e-con e-parent\" data-id=\"5c2c685\" data-element_type=\"container\">\n\t\t<div class=\"elementor-element elementor-element-cdfeeb4 e-con-full e-flex e-con e-child\" data-id=\"cdfeeb4\" data-element_type=\"container\">\n\t\t\t\t<div class=\"elementor-element elementor-element-d899904 elementor-widget elementor-widget-shortcode\" data-id=\"d899904\" data-element_type=\"widget\" data-widget_type=\"shortcode.default\">\n\t\t\t\t<div class=\"elementor-widget-container\">\n\t\t\t\t\t\t\t<div class=\"elementor-shortcode\">\t\t<div data-elementor-type=\"single-page\" data-elementor-id=\"16334\" class=\"elementor elementor-16334\" data-elementor-post-type=\"elementor_library\">\n\t\t\t<div class=\"elementor-element elementor-element-6096a39 elementor-hidden-mobile e-flex e-con-boxed e-con e-parent\" data-id=\"6096a39\" data-element_type=\"container\" data-settings=\"{&quot;background_background&quot;:&quot;classic&quot;}\">\n\t\t\t\t\t<div class=\"e-con-inner\">\n\t\t<div class=\"elementor-element elementor-element-095ac95 e-con-full e-flex e-con e-child\" data-id=\"095ac95\" data-element_type=\"container\" data-settings=\"{&quot;background_background&quot;:&quot;classic&quot;}\">\n\t\t\t\t<div class=\"elementor-element elementor-element-8c27f08 elementor-widget elementor-widget-infetech_elementor_heading\" data-id=\"8c27f08\" data-element_type=\"widget\" data-widget_type=\"infetech_elementor_heading.default\">\n\t\t\t\t<div class=\"elementor-widget-container\">\n\t\t\t\t\t\n\t\t\t<div class=\"ova-heading\">\n\t\t\t\t\n\t\t\t\t\n\t\t\t\t\n\t\t\t\t\t<h3 class=\"title\">\t\t\t\t\t\t\t\t\t\t\t\t\t<a href=\"https:\/\/mikariyer.com\/en\/insan-kaynaklari\/\" title=\"\">HUMAN RESOURCES<\/a>\n\t\t\t\t\t\t\t\t\t\t\t<\/h3>\n                \n                \n\t\t\t<\/div>\n\n\t\t\t\t\t\t<\/div>\n\t\t\t\t<\/div>\n\t\t\t\t<div class=\"elementor-element elementor-element-6c1b29d elementor-nav-menu__text-align-aside elementor-widget elementor-widget-nav-menu\" data-id=\"6c1b29d\" data-element_type=\"widget\" data-settings=\"{&quot;layout&quot;:&quot;dropdown&quot;,&quot;submenu_icon&quot;:{&quot;value&quot;:&quot;&lt;svg class=\\&quot;e-font-icon-svg e-fas-caret-down\\&quot; viewBox=\\&quot;0 0 320 512\\&quot; xmlns=\\&quot;http:\\\/\\\/www.w3.org\\\/2000\\\/svg\\&quot;&gt;&lt;path d=\\&quot;M31.3 192h257.3c17.8 0 26.7 21.5 14.1 34.1L174.1 354.8c-7.8 7.8-20.5 7.8-28.3 0L17.2 226.1C4.6 213.5 13.5 192 31.3 192z\\&quot;&gt;&lt;\\\/path&gt;&lt;\\\/svg&gt;&quot;,&quot;library&quot;:&quot;fa-solid&quot;}}\" data-widget_type=\"nav-menu.default\">\n\t\t\t\t<div class=\"elementor-widget-container\">\n\t\t\t\t\t\t\t\t<nav class=\"elementor-nav-menu--dropdown elementor-nav-menu__container\" aria-hidden=\"true\">\n\t\t\t\t<ul id=\"menu-2-6c1b29d\" class=\"elementor-nav-menu\"><li class=\"menu-item menu-item-type-post_type menu-item-object-page menu-item-15905\"><a href=\"https:\/\/mikariyer.com\/en\/insan-kaynaklari\/eleman-ihtiyaci-tespiti\/\" class=\"elementor-item\" tabindex=\"-1\">Determination of Staffing Needs<\/a><\/li>\n<li class=\"menu-item menu-item-type-post_type menu-item-object-page menu-item-15906\"><a href=\"https:\/\/mikariyer.com\/en\/insan-kaynaklari\/cv-havuzu\/\" class=\"elementor-item\" tabindex=\"-1\">CV Pool<\/a><\/li>\n<li class=\"menu-item menu-item-type-post_type menu-item-object-page menu-item-15908\"><a href=\"https:\/\/mikariyer.com\/en\/insan-kaynaklari\/isveren-calisan-bulusmasi\/\" class=\"elementor-item\" tabindex=\"-1\">Employer - Employee Meeting<\/a><\/li>\n<\/ul>\t\t\t<\/nav>\n\t\t\t\t\t\t<\/div>\n\t\t\t\t<\/div>\n\t\t\t\t<div class=\"elementor-element elementor-element-1edbce3 elementor-widget elementor-widget-infetech_elementor_heading\" data-id=\"1edbce3\" data-element_type=\"widget\" data-widget_type=\"infetech_elementor_heading.default\">\n\t\t\t\t<div class=\"elementor-widget-container\">\n\t\t\t\t\t\n\t\t\t<div class=\"ova-heading\">\n\t\t\t\t\n\t\t\t\t\t\t\t\t\t<h2 class=\"sub-title\">\n\t\t\t\t\t\t<span class=\"underlined\"><\/span>\n\t\t\t\t\t\tMiCareer\t\t\t\t\t<\/h2>\t\n\t\t\t\t\n\t\t\t\t\n\t\t\t\t\t<h3 class=\"title\">\t\t\t\t\t\t\t\t\t\t\t\t\t<a href=\"https:\/\/mikariyer.com\/en\/contact-3\/\" title=\"\">Contact Us<\/a>\n\t\t\t\t\t\t\t\t\t\t\t<\/h3>\n                \n                \n\t\t\t<\/div>\n\n\t\t\t\t\t\t<\/div>\n\t\t\t\t<\/div>\n\t\t\t\t<div class=\"elementor-element elementor-element-fe28d97 elementor-widget elementor-widget-infetech_elementor_contact_info\" data-id=\"fe28d97\" data-element_type=\"widget\" data-widget_type=\"infetech_elementor_contact_info.default\">\n\t\t\t\t<div class=\"elementor-widget-container\">\n\t\t\t\t\t\t\t\t<div class=\"ova-contact-info template2\">\n\t\t\t\t\n\t\t\t\t\t\t\t\t\t\t\t\t\t\t\t<div class=\"circle\">\n\t\t\t\t\t\t\t<div class=\"icon\">\n\t\t\t\t\t\t\t\t<i class=\"ovaicon ovaicon-phone-call\"><\/i>\n\t\t\t\t\t\t\t<\/div>\n\t\t\t\t\t\t<\/div>\t\n\t\t\t\t    \t\t\t    \t\t\t\t\n\t\t\t\t<div class=\"contact\">\n\t\t\t\t\t\n\t\t\t\t\t\t\t\t\t\t\t<div class=\"label\">\n\t\t\t\t\t\t\tContact Number\t\t\t\t\t\t<\/div>\n\t\t\t\t\t\n\t\t\t\t\t<ul class=\"info\">\n\t\t\t\t\t\t\t\t\t\t\t\t\t<li class=\"item\">\n\n\t\t\t\t\t\t\t\t<a href=\"https:\/\/wa.me\/4917684915411\" title=\"+ 49 17684915411\">+ 49 17684915411<\/a>\t\t\t\t\t\t\t<\/li>\n\t\t\t\t\t\t\t\t\t\t\t<\/ul>\n\n\t\t\t\t<\/div>\n\n\t\t\t<\/div>\n\n\t\t\t\t\t\t<\/div>\n\t\t\t\t<\/div>\n\t\t\t\t<div class=\"elementor-element elementor-element-77f820a elementor-widget elementor-widget-infetech_elementor_contact_info\" data-id=\"77f820a\" data-element_type=\"widget\" data-widget_type=\"infetech_elementor_contact_info.default\">\n\t\t\t\t<div class=\"elementor-widget-container\">\n\t\t\t\t\t\t\t\t<div class=\"ova-contact-info template2\">\n\t\t\t\t\n\t\t\t\t\t\t\t\t\t\t\t\t\t\t\t<div class=\"circle\">\n\t\t\t\t\t\t\t<div class=\"icon\">\n\t\t\t\t\t\t\t\t<i class=\"ovaicon ovaicon-email\"><\/i>\n\t\t\t\t\t\t\t<\/div>\n\t\t\t\t\t\t<\/div>\t\n\t\t\t\t    \t\t\t    \t\t\t\t\n\t\t\t\t<div class=\"contact\">\n\t\t\t\t\t\n\t\t\t\t\t\t\t\t\t\t\t<div class=\"label\">\n\t\t\t\t\t\t\tOur Mail Address\t\t\t\t\t\t<\/div>\n\t\t\t\t\t\n\t\t\t\t\t<ul class=\"info\">\n\t\t\t\t\t\t\t\t\t\t\t\t\t<li class=\"item\">\n\n\t\t\t\t\t\t\t\t\t\t\t\t\t\t\t\t\t\t\t<a href=\"mailto:info@mikariyer.com\" title=\"email\">\n\t\t\t\t\t\t\t\t\t\t\t\tinfo@mikariyer.com\t\t\t\t\t\t\t\t\t\t\t<\/a>\n\t\t\t\t\t\t\t\t\t\t\t\t\t\t\t\t\t<\/li>\n\t\t\t\t\t\t\t\t\t\t\t<\/ul>\n\n\t\t\t\t<\/div>\n\n\t\t\t<\/div>\n\n\t\t\t\t\t\t<\/div>\n\t\t\t\t<\/div>\n\t\t\t\t<div class=\"elementor-element elementor-element-506afbe elementor-widget elementor-widget-infetech_elementor_contact_info\" data-id=\"506afbe\" data-element_type=\"widget\" data-widget_type=\"infetech_elementor_contact_info.default\">\n\t\t\t\t<div class=\"elementor-widget-container\">\n\t\t\t\t\t\t\t\t<div class=\"ova-contact-info template2\">\n\t\t\t\t\n\t\t\t\t\t\t\t\t\t\t\t\t\t\t\t<div class=\"circle\">\n\t\t\t\t\t\t\t<div class=\"icon\">\n\t\t\t\t\t\t\t\t<i class=\"far fa-map\"><\/i>\n\t\t\t\t\t\t\t<\/div>\n\t\t\t\t\t\t<\/div>\t\n\t\t\t\t    \t\t\t    \t\t\t\t\n\t\t\t\t<div class=\"contact\">\n\t\t\t\t\t\n\t\t\t\t\t\t\t\t\t\t\t<div class=\"label\">\n\t\t\t\t\t\t\tOur Address\t\t\t\t\t\t<\/div>\n\t\t\t\t\t\n\t\t\t\t\t<ul class=\"info\">\n\t\t\t\t\t\t\t\t\t\t\t\t\t<li class=\"item\">\n\n\t\t\t\t\t\t\t\t<a href=\"https:\/\/maps.app.goo.gl\/HDJiQThZhUDnXWy77\" target=\"_blank\" title=\"Auf dem Br\u00fc338A Regents Park Road Office 3 and 4 London United Kingdom N3 2LNmmer 1, 44149 Dortmund\">Auf dem Br\u00fc338A Regents Park Road Office 3 and 4 London United Kingdom N3 2LNmmer 1, 44149 Dortmund<\/a>\t\t\t\t\t\t\t<\/li>\n\t\t\t\t\t\t\t\t\t\t\t<\/ul>\n\n\t\t\t\t<\/div>\n\n\t\t\t<\/div>\n\n\t\t\t\t\t\t<\/div>\n\t\t\t\t<\/div>\n\t\t\t\t<\/div>\n\t\t\t\t\t<\/div>\n\t\t\t\t<\/div>\n\t\t\t\t<\/div>\n\t\t<\/div>\n\t\t\t\t\t\t<\/div>\n\t\t\t\t<\/div>\n\t\t\t\t<\/div>\n\t\t<div class=\"elementor-element elementor-element-2fb523b e-con-full e-flex e-con e-child\" data-id=\"2fb523b\" data-element_type=\"container\">\n\t\t\t\t<div class=\"elementor-element elementor-element-fc3b7bf elementor-widget elementor-widget-infetech_elementor_heading\" data-id=\"fc3b7bf\" data-element_type=\"widget\" data-widget_type=\"infetech_elementor_heading.default\">\n\t\t\t\t<div class=\"elementor-widget-container\">\n\t\t\t\t\t\n\t\t\t<div class=\"ova-heading\">\n\t\t\t\t\n\t\t\t\t\n\t\t\t\t\n\t\t\t\t\t<h1 class=\"title\">\t\t\t\t\t\t\t\t\t\t\t\t\t<a href=\"https:\/\/mikariyer.com\/en\/insan-kaynaklari\/\" title=\"\">HUMAN RESOURCES<\/a>\n\t\t\t\t\t\t\t\t\t\t\t<\/h1>\n                \n                \n\t\t\t<\/div>\n\n\t\t\t\t\t\t<\/div>\n\t\t\t\t<\/div>\n\t\t\t\t<div class=\"elementor-element elementor-element-07818e2 elementor-blockquote--skin-boxed elementor-blockquote--align-center elementor-blockquote--button-color-official elementor-widget elementor-widget-blockquote\" data-id=\"07818e2\" data-element_type=\"widget\" data-widget_type=\"blockquote.default\">\n\t\t\t\t<div class=\"elementor-widget-container\">\n\t\t\t\t\t\t\t<blockquote class=\"elementor-blockquote\">\n\t\t\t<p class=\"elementor-blockquote__content\">\n\t\t\t\t\n\u201cFollow Your Dreams: Your Career Journey in Germany Begins!\u201d\n\t\t\t<\/p>\n\t\t\t\t\t<\/blockquote>\n\t\t\t\t\t\t<\/div>\n\t\t\t\t<\/div>\n\t\t\t\t<div class=\"elementor-element elementor-element-9a82b9d elementor-widget elementor-widget-text-editor\" data-id=\"9a82b9d\" data-element_type=\"widget\" data-widget_type=\"text-editor.default\">\n\t\t\t\t<div class=\"elementor-widget-container\">\n\t\t\t\t\t\t\t\t\t<p>The MiKariyer Human Resources Service elevates excellence and efficiency in the global labor market by ensuring that employers meet ideal candidates. Through our strategic and innovative methodologies, we facilitate access to high-quality personnel and maximize companies\u2019 competitive advantages in the marketplace. With strong and persuasive communication, we generate tangible value and foster sustainable business relationships. MiKariyer Human Resources Service is your ultimate solution partner and a top-tier destination for finding qualified staff.<\/p>\t\t\t\t\t\t\t\t<\/div>\n\t\t\t\t<\/div>\n\t\t\t\t<div class=\"elementor-element elementor-element-637d488 elementor-widget elementor-widget-infetech_elementor_service_4\" data-id=\"637d488\" data-element_type=\"widget\" data-widget_type=\"infetech_elementor_service_4.default\">\n\t\t\t\t<div class=\"elementor-widget-container\">\n\t\t\t\t\t\t\t \t<div class=\"ova-service-4 service-template1\" \n\t\t \t     \n\t \t    \t \tstyle=\"background-image: url(https:\/\/mikariyer.com\/wp-content\/uploads\/2024\/06\/stylish-adult-businessmen-while-working-day-office-businessmen-using-notebook-discussing-day-plan-office-interior-with-big-window-scaled.jpg)\"\n\t \t    \t\t\t \t>\n                \t\t\t\t  \t<a href=\"https:\/\/mikariyer.com\/en\/insan-kaynaklari\/eleman-ihtiyaci-tespiti\/\" title=\"DETERMINATION OF PERSONNEL NEEDS\" rel=\"\" target=\"\">\n\t\t\t    \t\t\t\t\t\t<h4 class=\"title\">\n\t\t\t\t\t\t\tDETERMINATION OF PERSONNEL NEEDS\t\t\t\t\t\t<\/h4>\n\t\t\t\t\t\t\t\t\t\t\t\t\t\t<\/a>\n\t\t\t\t\t\t\t\t\t<div class=\"description\">\n\t\t\t\t\t\tThe secret to success in the business world is to identify top talent and bring them into the organization. A comprehensive needs analysis and a detailed position description are essential to identify the right specialist. This methodical approach is the basis for achieving your company's long-term strategic goals.\t\t\t\t\t<\/div>\n\t\t\t\t  \n\t\t    <\/div>\n\t\t\t\t\t\t<\/div>\n\t\t\t\t<\/div>\n\t\t\t\t<div class=\"elementor-element elementor-element-edba46a elementor-widget elementor-widget-infetech_elementor_service_4\" data-id=\"edba46a\" data-element_type=\"widget\" data-widget_type=\"infetech_elementor_service_4.default\">\n\t\t\t\t<div class=\"elementor-widget-container\">\n\t\t\t\t\t\t\t \t<div class=\"ova-service-4 service-template1\" \n\t\t \t     \n\t \t    \t \tstyle=\"background-image: url(https:\/\/mikariyer.com\/wp-content\/uploads\/2024\/06\/business-people-meeting-planning-strategy-analysis-new-business-project-concept-scaled.jpg)\"\n\t \t    \t\t\t \t>\n                \t\t\t\t  \t<a href=\"https:\/\/mikariyer.com\/en\/insan-kaynaklari\/cv-havuzu\/\" title=\"CREATING A CV POOL\" rel=\"\" target=\"\">\n\t\t\t    \t\t\t\t\t\t<h4 class=\"title\">\n\t\t\t\t\t\t\tCREATING A CV POOL\t\t\t\t\t\t<\/h4>\n\t\t\t\t\t\t\t\t\t\t\t\t\t\t<\/a>\n\t\t\t\t\t\t\t\t\t<div class=\"description\">\n\t\t\t\t\t\tAs MiKariyer Human Resources Service, we conduct a comprehensive market research to meet the qualified labor needs of employers. We interview employers to identify open positions and the qualifications they are looking for, and then we define candidate profiles that fit the objectives and company culture. Thus, we aim to offer employers the most suitable candidates.\t\t\t\t\t<\/div>\n\t\t\t\t  \n\t\t    <\/div>\n\t\t\t\t\t\t<\/div>\n\t\t\t\t<\/div>\n\t\t\t\t<div class=\"elementor-element elementor-element-b5a587d elementor-widget elementor-widget-infetech_elementor_service_4\" data-id=\"b5a587d\" data-element_type=\"widget\" data-widget_type=\"infetech_elementor_service_4.default\">\n\t\t\t\t<div class=\"elementor-widget-container\">\n\t\t\t\t\t\t\t \t<div class=\"ova-service-4 service-template1\" \n\t\t \t     \n\t \t    \t \tstyle=\"background-image: url(https:\/\/mikariyer.com\/wp-content\/uploads\/2024\/06\/multi-ethnic-group-young-men-women-studying-indoors-scaled.jpg)\"\n\t \t    \t\t\t \t>\n                \t\t\t\t  \t<a href=\"https:\/\/mikariyer.com\/en\/insan-kaynaklari\/isveren-calisan-bulusmasi\/\" title=\"EMPLOYER-EMPLOYEE MEETING\" rel=\"\" target=\"\">\n\t\t\t    \t\t\t\t\t\t<h4 class=\"title\">\n\t\t\t\t\t\t\tEMPLOYER-EMPLOYEE MEETING\t\t\t\t\t\t<\/h4>\n\t\t\t\t\t\t\t\t\t\t\t\t\t\t<\/a>\n\t\t\t\t\t\t\t\t\t<div class=\"description\">\n\t\t\t\t\t\tMiKariyer Human Resources Service provides employers with the services of identifying suitable candidates using a CV pool, coordinating employer-candidate meetings and providing post-interview evaluations during the candidate evaluation and selection processes. These processes save employers time and reduce organizational burden.\t\t\t\t\t<\/div>\n\t\t\t\t  \n\t\t    <\/div>\n\t\t\t\t\t\t<\/div>\n\t\t\t\t<\/div>\n\t\t\t\t<\/div>\n\t\t\t\t<\/div>\n\t\t\t\t<\/div>","protected":false},"excerpt":{"rendered":"<p>HUMAN RESOURCES \u201cHayallerinizin Pe\u015finden Gidin: Almanya\u2019da Kariyer Yolculu\u011funuz Ba\u015fl\u0131yor!\u201d The MiKariyer Human Resources Service elevates excellence and efficiency in the global labor market by ensuring that employers meet ideal candidates. Through our strategic and innovative methodologies, we facilitate access to high-quality personnel and maximize companies\u2019 competitive advantages in the marketplace. With strong and persuasive communication, [&hellip;]<\/p>\n","protected":false},"author":3,"featured_media":0,"parent":0,"menu_order":0,"comment_status":"closed","ping_status":"closed","template":"","meta":{"footnotes":""},"class_list":["post-19285","page","type-page","status-publish","hentry"],"_links":{"self":[{"href":"https:\/\/mikariyer.com\/en\/wp-json\/wp\/v2\/pages\/19285","targetHints":{"allow":["GET"]}}],"collection":[{"href":"https:\/\/mikariyer.com\/en\/wp-json\/wp\/v2\/pages"}],"about":[{"href":"https:\/\/mikariyer.com\/en\/wp-json\/wp\/v2\/types\/page"}],"author":[{"embeddable":true,"href":"https:\/\/mikariyer.com\/en\/wp-json\/wp\/v2\/users\/3"}],"replies":[{"embeddable":true,"href":"https:\/\/mikariyer.com\/en\/wp-json\/wp\/v2\/comments?post=19285"}],"version-history":[{"count":4,"href":"https:\/\/mikariyer.com\/en\/wp-json\/wp\/v2\/pages\/19285\/revisions"}],"predecessor-version":[{"id":19294,"href":"https:\/\/mikariyer.com\/en\/wp-json\/wp\/v2\/pages\/19285\/revisions\/19294"}],"wp:attachment":[{"href":"https:\/\/mikariyer.com\/en\/wp-json\/wp\/v2\/media?parent=19285"}],"curies":[{"name":"wp","href":"https:\/\/api.w.org\/{rel}","templated":true}]}}