{"id":19296,"date":"2025-07-31T21:03:14","date_gmt":"2025-07-31T21:03:14","guid":{"rendered":"https:\/\/mikariyer.com\/?page_id=19296"},"modified":"2025-07-31T21:09:37","modified_gmt":"2025-07-31T21:09:37","slug":"identifying-workforce-needs","status":"publish","type":"page","link":"https:\/\/mikariyer.com\/en\/human-resources\/identifying-workforce-needs\/","title":{"rendered":"IDENTIFYING WORKFORCE NEEDS"},"content":{"rendered":"<div data-elementor-type=\"wp-page\" data-elementor-id=\"19296\" class=\"elementor elementor-19296\" data-elementor-post-type=\"page\">\n\t\t\t\t<div class=\"elementor-element elementor-element-ef367fe e-flex e-con-boxed e-con e-parent\" data-id=\"ef367fe\" data-element_type=\"container\">\n\t\t\t\t\t<div class=\"e-con-inner\">\n\t\t<div class=\"elementor-element elementor-element-5b364af e-con-full e-flex e-con e-child\" data-id=\"5b364af\" data-element_type=\"container\">\n\t\t\t\t<div class=\"elementor-element elementor-element-e13cce7 elementor-widget elementor-widget-shortcode\" data-id=\"e13cce7\" data-element_type=\"widget\" data-widget_type=\"shortcode.default\">\n\t\t\t\t<div class=\"elementor-widget-container\">\n\t\t\t\t\t\t\t<div class=\"elementor-shortcode\">\t\t<div data-elementor-type=\"single-page\" data-elementor-id=\"16334\" class=\"elementor elementor-16334\" data-elementor-post-type=\"elementor_library\">\n\t\t\t<div class=\"elementor-element elementor-element-6096a39 elementor-hidden-mobile e-flex e-con-boxed e-con e-parent\" data-id=\"6096a39\" data-element_type=\"container\" data-settings=\"{&quot;background_background&quot;:&quot;classic&quot;}\">\n\t\t\t\t\t<div class=\"e-con-inner\">\n\t\t<div class=\"elementor-element elementor-element-095ac95 e-con-full e-flex e-con e-child\" data-id=\"095ac95\" data-element_type=\"container\" data-settings=\"{&quot;background_background&quot;:&quot;classic&quot;}\">\n\t\t\t\t<div class=\"elementor-element elementor-element-8c27f08 elementor-widget elementor-widget-infetech_elementor_heading\" data-id=\"8c27f08\" data-element_type=\"widget\" data-widget_type=\"infetech_elementor_heading.default\">\n\t\t\t\t<div class=\"elementor-widget-container\">\n\t\t\t\t\t\n\t\t\t<div class=\"ova-heading\">\n\t\t\t\t\n\t\t\t\t\n\t\t\t\t\n\t\t\t\t\t<h3 class=\"title\">\t\t\t\t\t\t\t\t\t\t\t\t\t<a href=\"https:\/\/mikariyer.com\/en\/insan-kaynaklari\/\" title=\"\">HUMAN RESOURCES<\/a>\n\t\t\t\t\t\t\t\t\t\t\t<\/h3>\n                \n                \n\t\t\t<\/div>\n\n\t\t\t\t\t\t<\/div>\n\t\t\t\t<\/div>\n\t\t\t\t<div class=\"elementor-element elementor-element-6c1b29d elementor-nav-menu__text-align-aside elementor-widget elementor-widget-nav-menu\" data-id=\"6c1b29d\" data-element_type=\"widget\" data-settings=\"{&quot;layout&quot;:&quot;dropdown&quot;,&quot;submenu_icon&quot;:{&quot;value&quot;:&quot;&lt;svg class=\\&quot;e-font-icon-svg e-fas-caret-down\\&quot; viewBox=\\&quot;0 0 320 512\\&quot; xmlns=\\&quot;http:\\\/\\\/www.w3.org\\\/2000\\\/svg\\&quot;&gt;&lt;path d=\\&quot;M31.3 192h257.3c17.8 0 26.7 21.5 14.1 34.1L174.1 354.8c-7.8 7.8-20.5 7.8-28.3 0L17.2 226.1C4.6 213.5 13.5 192 31.3 192z\\&quot;&gt;&lt;\\\/path&gt;&lt;\\\/svg&gt;&quot;,&quot;library&quot;:&quot;fa-solid&quot;}}\" data-widget_type=\"nav-menu.default\">\n\t\t\t\t<div class=\"elementor-widget-container\">\n\t\t\t\t\t\t\t\t<nav class=\"elementor-nav-menu--dropdown elementor-nav-menu__container\" aria-hidden=\"true\">\n\t\t\t\t<ul id=\"menu-2-6c1b29d\" class=\"elementor-nav-menu\"><li class=\"menu-item menu-item-type-post_type menu-item-object-page menu-item-15905\"><a href=\"https:\/\/mikariyer.com\/en\/insan-kaynaklari\/eleman-ihtiyaci-tespiti\/\" class=\"elementor-item\" tabindex=\"-1\">Determination of Staffing Needs<\/a><\/li>\n<li class=\"menu-item menu-item-type-post_type menu-item-object-page menu-item-15906\"><a href=\"https:\/\/mikariyer.com\/en\/insan-kaynaklari\/cv-havuzu\/\" class=\"elementor-item\" tabindex=\"-1\">CV Pool<\/a><\/li>\n<li class=\"menu-item menu-item-type-post_type menu-item-object-page menu-item-15908\"><a href=\"https:\/\/mikariyer.com\/en\/insan-kaynaklari\/isveren-calisan-bulusmasi\/\" class=\"elementor-item\" tabindex=\"-1\">Employer - Employee Meeting<\/a><\/li>\n<\/ul>\t\t\t<\/nav>\n\t\t\t\t\t\t<\/div>\n\t\t\t\t<\/div>\n\t\t\t\t<div class=\"elementor-element elementor-element-1edbce3 elementor-widget elementor-widget-infetech_elementor_heading\" data-id=\"1edbce3\" data-element_type=\"widget\" data-widget_type=\"infetech_elementor_heading.default\">\n\t\t\t\t<div class=\"elementor-widget-container\">\n\t\t\t\t\t\n\t\t\t<div class=\"ova-heading\">\n\t\t\t\t\n\t\t\t\t\t\t\t\t\t<h2 class=\"sub-title\">\n\t\t\t\t\t\t<span class=\"underlined\"><\/span>\n\t\t\t\t\t\tMiCareer\t\t\t\t\t<\/h2>\t\n\t\t\t\t\n\t\t\t\t\n\t\t\t\t\t<h3 class=\"title\">\t\t\t\t\t\t\t\t\t\t\t\t\t<a href=\"https:\/\/mikariyer.com\/en\/contact-3\/\" title=\"\">Contact Us<\/a>\n\t\t\t\t\t\t\t\t\t\t\t<\/h3>\n                \n                \n\t\t\t<\/div>\n\n\t\t\t\t\t\t<\/div>\n\t\t\t\t<\/div>\n\t\t\t\t<div class=\"elementor-element elementor-element-fe28d97 elementor-widget elementor-widget-infetech_elementor_contact_info\" data-id=\"fe28d97\" data-element_type=\"widget\" data-widget_type=\"infetech_elementor_contact_info.default\">\n\t\t\t\t<div class=\"elementor-widget-container\">\n\t\t\t\t\t\t\t\t<div class=\"ova-contact-info template2\">\n\t\t\t\t\n\t\t\t\t\t\t\t\t\t\t\t\t\t\t\t<div class=\"circle\">\n\t\t\t\t\t\t\t<div class=\"icon\">\n\t\t\t\t\t\t\t\t<i class=\"ovaicon ovaicon-phone-call\"><\/i>\n\t\t\t\t\t\t\t<\/div>\n\t\t\t\t\t\t<\/div>\t\n\t\t\t\t    \t\t\t    \t\t\t\t\n\t\t\t\t<div class=\"contact\">\n\t\t\t\t\t\n\t\t\t\t\t\t\t\t\t\t\t<div class=\"label\">\n\t\t\t\t\t\t\tContact Number\t\t\t\t\t\t<\/div>\n\t\t\t\t\t\n\t\t\t\t\t<ul class=\"info\">\n\t\t\t\t\t\t\t\t\t\t\t\t\t<li class=\"item\">\n\n\t\t\t\t\t\t\t\t<a href=\"https:\/\/wa.me\/4917684915411\" title=\"+ 49 17684915411\">+ 49 17684915411<\/a>\t\t\t\t\t\t\t<\/li>\n\t\t\t\t\t\t\t\t\t\t\t<\/ul>\n\n\t\t\t\t<\/div>\n\n\t\t\t<\/div>\n\n\t\t\t\t\t\t<\/div>\n\t\t\t\t<\/div>\n\t\t\t\t<div class=\"elementor-element elementor-element-77f820a elementor-widget elementor-widget-infetech_elementor_contact_info\" data-id=\"77f820a\" data-element_type=\"widget\" data-widget_type=\"infetech_elementor_contact_info.default\">\n\t\t\t\t<div class=\"elementor-widget-container\">\n\t\t\t\t\t\t\t\t<div class=\"ova-contact-info template2\">\n\t\t\t\t\n\t\t\t\t\t\t\t\t\t\t\t\t\t\t\t<div class=\"circle\">\n\t\t\t\t\t\t\t<div class=\"icon\">\n\t\t\t\t\t\t\t\t<i class=\"ovaicon ovaicon-email\"><\/i>\n\t\t\t\t\t\t\t<\/div>\n\t\t\t\t\t\t<\/div>\t\n\t\t\t\t    \t\t\t    \t\t\t\t\n\t\t\t\t<div class=\"contact\">\n\t\t\t\t\t\n\t\t\t\t\t\t\t\t\t\t\t<div class=\"label\">\n\t\t\t\t\t\t\tOur Mail Address\t\t\t\t\t\t<\/div>\n\t\t\t\t\t\n\t\t\t\t\t<ul class=\"info\">\n\t\t\t\t\t\t\t\t\t\t\t\t\t<li class=\"item\">\n\n\t\t\t\t\t\t\t\t\t\t\t\t\t\t\t\t\t\t\t<a href=\"mailto:info@mikariyer.com\" title=\"email\">\n\t\t\t\t\t\t\t\t\t\t\t\tinfo@mikariyer.com\t\t\t\t\t\t\t\t\t\t\t<\/a>\n\t\t\t\t\t\t\t\t\t\t\t\t\t\t\t\t\t<\/li>\n\t\t\t\t\t\t\t\t\t\t\t<\/ul>\n\n\t\t\t\t<\/div>\n\n\t\t\t<\/div>\n\n\t\t\t\t\t\t<\/div>\n\t\t\t\t<\/div>\n\t\t\t\t<div class=\"elementor-element elementor-element-506afbe elementor-widget elementor-widget-infetech_elementor_contact_info\" data-id=\"506afbe\" data-element_type=\"widget\" data-widget_type=\"infetech_elementor_contact_info.default\">\n\t\t\t\t<div class=\"elementor-widget-container\">\n\t\t\t\t\t\t\t\t<div class=\"ova-contact-info template2\">\n\t\t\t\t\n\t\t\t\t\t\t\t\t\t\t\t\t\t\t\t<div class=\"circle\">\n\t\t\t\t\t\t\t<div class=\"icon\">\n\t\t\t\t\t\t\t\t<i class=\"far fa-map\"><\/i>\n\t\t\t\t\t\t\t<\/div>\n\t\t\t\t\t\t<\/div>\t\n\t\t\t\t    \t\t\t    \t\t\t\t\n\t\t\t\t<div class=\"contact\">\n\t\t\t\t\t\n\t\t\t\t\t\t\t\t\t\t\t<div class=\"label\">\n\t\t\t\t\t\t\tOur Address\t\t\t\t\t\t<\/div>\n\t\t\t\t\t\n\t\t\t\t\t<ul class=\"info\">\n\t\t\t\t\t\t\t\t\t\t\t\t\t<li class=\"item\">\n\n\t\t\t\t\t\t\t\t<a href=\"https:\/\/maps.app.goo.gl\/HDJiQThZhUDnXWy77\" target=\"_blank\" title=\"Auf dem Br\u00fc338A Regents Park Road Office 3 and 4 London United Kingdom N3 2LNmmer 1, 44149 Dortmund\">Auf dem Br\u00fc338A Regents Park Road Office 3 and 4 London United Kingdom N3 2LNmmer 1, 44149 Dortmund<\/a>\t\t\t\t\t\t\t<\/li>\n\t\t\t\t\t\t\t\t\t\t\t<\/ul>\n\n\t\t\t\t<\/div>\n\n\t\t\t<\/div>\n\n\t\t\t\t\t\t<\/div>\n\t\t\t\t<\/div>\n\t\t\t\t<\/div>\n\t\t\t\t\t<\/div>\n\t\t\t\t<\/div>\n\t\t\t\t<\/div>\n\t\t<\/div>\n\t\t\t\t\t\t<\/div>\n\t\t\t\t<\/div>\n\t\t\t\t<\/div>\n\t\t<div class=\"elementor-element elementor-element-25dcf8f e-con-full e-flex e-con e-child\" data-id=\"25dcf8f\" data-element_type=\"container\">\n\t\t\t\t<div class=\"elementor-element elementor-element-033c0f3 elementor-widget elementor-widget-infetech_elementor_heading\" data-id=\"033c0f3\" data-element_type=\"widget\" data-widget_type=\"infetech_elementor_heading.default\">\n\t\t\t\t<div class=\"elementor-widget-container\">\n\t\t\t\t\t\n\t\t\t<div class=\"ova-heading\">\n\t\t\t\t\n\t\t\t\t\t\t\t\t\t<h2 class=\"sub-title\">\n\t\t\t\t\t\t<span class=\"underlined\"><\/span>\n\t\t\t\t\t\tHUMAN RESOURCES\t\t\t\t\t<\/h2>\t\n\t\t\t\t\n\t\t\t\t\n\t\t\t\t\t<h1 class=\"title\">\t\t\t\t\t\t\t\t\t\t\t\t\t<a href=\"https:\/\/mikariyer.com\/en\/insan-kaynaklari\/eleman-ihtiyaci-tespiti\/\" title=\"\">IDENTIFYING WORKFORCE NEEDS<\/a>\n\t\t\t\t\t\t\t\t\t\t\t<\/h1>\n                \n                \n\t\t\t<\/div>\n\n\t\t\t\t\t\t<\/div>\n\t\t\t\t<\/div>\n\t\t\t\t<div class=\"elementor-element elementor-element-96a4eb6 elementor-blockquote--skin-boxed elementor-blockquote--align-center elementor-blockquote--button-color-official elementor-widget elementor-widget-blockquote\" data-id=\"96a4eb6\" data-element_type=\"widget\" data-widget_type=\"blockquote.default\">\n\t\t\t\t<div class=\"elementor-widget-container\">\n\t\t\t\t\t\t\t<blockquote class=\"elementor-blockquote\">\n\t\t\t<p class=\"elementor-blockquote__content\">\n\t\t\t\t\n\u201cFollow Your Dreams: Your Career Journey in Germany Begins!\u201d\n\t\t\t<\/p>\n\t\t\t\t\t<\/blockquote>\n\t\t\t\t\t\t<\/div>\n\t\t\t\t<\/div>\n\t\t\t\t<div class=\"elementor-element elementor-element-96acfa0 elementor-widget elementor-widget-text-editor\" data-id=\"96acfa0\" data-element_type=\"widget\" data-widget_type=\"text-editor.default\">\n\t\t\t\t<div class=\"elementor-widget-container\">\n\t\t\t\t\t\t\t\t\t<p>The key to success in the business world lies in identifying superior talents and integrating them into the organization. To determine the right professional, a thorough needs analysis and a detailed job description are essential. This methodological approach forms the foundation for achieving your company\u2019s long-term strategic goals.<\/p><p>As MiKariyer Human Resources Service, we play a crucial role in finding the ideal candidate for you under optimal conditions, thanks to our extensive experience and in-depth industry knowledge. With our finger on the pulse of the market, we not only identify candidates with the qualifications sought in the industry but also select professionals who best fit your organization\u2019s values and culture.<\/p><p>Our strategic recruitment process helps you discover the key talents that will shape your company\u2019s future and successfully integrate them into your workforce.<\/p>\t\t\t\t\t\t\t\t<\/div>\n\t\t\t\t<\/div>\n\t\t\t\t<div class=\"elementor-element elementor-element-43432a2 elementor-widget elementor-widget-image\" data-id=\"43432a2\" data-element_type=\"widget\" data-widget_type=\"image.default\">\n\t\t\t\t<div class=\"elementor-widget-container\">\n\t\t\t\t\t\t\t\t\t\t\t\t\t\t\t<img fetchpriority=\"high\" decoding=\"async\" width=\"800\" height=\"477\" src=\"https:\/\/mikariyer.com\/wp-content\/uploads\/2024\/09\/contract-signing-ceremony-1024x610.jpg\" class=\"attachment-large size-large wp-image-18616\" alt=\"\" srcset=\"https:\/\/mikariyer.com\/wp-content\/uploads\/2024\/09\/contract-signing-ceremony-1024x610.jpg 1024w, https:\/\/mikariyer.com\/wp-content\/uploads\/2024\/09\/contract-signing-ceremony-300x179.jpg 300w, https:\/\/mikariyer.com\/wp-content\/uploads\/2024\/09\/contract-signing-ceremony-768x457.jpg 768w, https:\/\/mikariyer.com\/wp-content\/uploads\/2024\/09\/contract-signing-ceremony-1536x915.jpg 1536w, https:\/\/mikariyer.com\/wp-content\/uploads\/2024\/09\/contract-signing-ceremony-2048x1220.jpg 2048w\" sizes=\"(max-width: 800px) 100vw, 800px\" \/>\t\t\t\t\t\t\t\t\t\t\t\t\t\t\t<\/div>\n\t\t\t\t<\/div>\n\t\t\t\t<div class=\"elementor-element elementor-element-059bd26 elementor-widget elementor-widget-heading\" data-id=\"059bd26\" data-element_type=\"widget\" data-widget_type=\"heading.default\">\n\t\t\t\t<div class=\"elementor-widget-container\">\n\t\t\t\t\t<h4 class=\"elementor-heading-title elementor-size-default\">Steps to Identify Qualified Personnel Needs<\/h4>\t\t\t\t<\/div>\n\t\t\t\t<\/div>\n\t\t\t\t<div class=\"elementor-element elementor-element-4cf16b3 elementor-widget elementor-widget-infetech_elementor_service_2\" data-id=\"4cf16b3\" data-element_type=\"widget\" data-widget_type=\"infetech_elementor_service_2.default\">\n\t\t\t\t<div class=\"elementor-widget-container\">\n\t\t\t\t\t\t \t    <div class=\"ova-service-2 ova-service-2-template2\">\n\t \t    \t<div class=\"square\"><\/div>\n\t            \t\t\t\t\t\t<h3 class=\"title\">Needs Analysis<\/h3>\n\t\t\t\t\t\t\t\t\t\t<div class=\"description\">\n\t\t\t\t\t\t<p>Define the position\u2019s requirements and expectations in alignment with the company's current and future goals.<\/p>\t\t\t\t\t<\/div>\n\t\t\t\t\t            \t<span class=\"text_number\">\n\t            \t\t01\t            \t<\/span>\n\t            \t            <div class=\"triangle-topleft-1\"><\/div>\n\t\t    \t<div class=\"triangle-topleft-2\"><\/div>\n\t\t    <\/div>\n\t\t\t\t\t\t<\/div>\n\t\t\t\t<\/div>\n\t\t\t\t<div class=\"elementor-element elementor-element-8d35384 elementor-widget elementor-widget-infetech_elementor_service_2\" data-id=\"8d35384\" data-element_type=\"widget\" data-widget_type=\"infetech_elementor_service_2.default\">\n\t\t\t\t<div class=\"elementor-widget-container\">\n\t\t\t\t\t\t \t    <div class=\"ova-service-2 ova-service-2-template2\">\n\t \t    \t<div class=\"square\"><\/div>\n\t            \t\t\t\t\t\t<h3 class=\"title\">Job Description<\/h3>\n\t\t\t\t\t\t\t\t\t\t<div class=\"description\">\n\t\t\t\t\t\t<p>Create a clear and precise description of the role, outlining necessary competencies and experience.<\/p>\t\t\t\t\t<\/div>\n\t\t\t\t\t            \t<span class=\"text_number\">\n\t            \t\t02\t            \t<\/span>\n\t            \t            <div class=\"triangle-topleft-1\"><\/div>\n\t\t    \t<div class=\"triangle-topleft-2\"><\/div>\n\t\t    <\/div>\n\t\t\t\t\t\t<\/div>\n\t\t\t\t<\/div>\n\t\t\t\t<div class=\"elementor-element elementor-element-94cb28e elementor-widget elementor-widget-infetech_elementor_service_2\" data-id=\"94cb28e\" data-element_type=\"widget\" data-widget_type=\"infetech_elementor_service_2.default\">\n\t\t\t\t<div class=\"elementor-widget-container\">\n\t\t\t\t\t\t \t    <div class=\"ova-service-2 ova-service-2-template2\">\n\t \t    \t<div class=\"square\"><\/div>\n\t            \t\t\t\t\t\t<h3 class=\"title\">Market Research<\/h3>\n\t\t\t\t\t\t\t\t\t\t<div class=\"description\">\n\t\t\t\t\t\t<p>Analyze the current labor market and review competitor hiring practices.<\/p>\t\t\t\t\t<\/div>\n\t\t\t\t\t            \t<span class=\"text_number\">\n\t            \t\t03\t            \t<\/span>\n\t            \t            <div class=\"triangle-topleft-1\"><\/div>\n\t\t    \t<div class=\"triangle-topleft-2\"><\/div>\n\t\t    <\/div>\n\t\t\t\t\t\t<\/div>\n\t\t\t\t<\/div>\n\t\t\t\t<div class=\"elementor-element elementor-element-5ac7355 elementor-widget elementor-widget-infetech_elementor_service_2\" data-id=\"5ac7355\" data-element_type=\"widget\" data-widget_type=\"infetech_elementor_service_2.default\">\n\t\t\t\t<div class=\"elementor-widget-container\">\n\t\t\t\t\t\t \t    <div class=\"ova-service-2 ova-service-2-template2\">\n\t \t    \t<div class=\"square\"><\/div>\n\t            \t\t\t\t\t\t<h3 class=\"title\">Job Posting<\/h3>\n\t\t\t\t\t\t\t\t\t\t<div class=\"description\">\n\t\t\t\t\t\t<p>Prepare effective advertisements and publish them on appropriate platforms.<\/p>\t\t\t\t\t<\/div>\n\t\t\t\t\t            \t<span class=\"text_number\">\n\t            \t\t04\t            \t<\/span>\n\t            \t            <div class=\"triangle-topleft-1\"><\/div>\n\t\t    \t<div class=\"triangle-topleft-2\"><\/div>\n\t\t    <\/div>\n\t\t\t\t\t\t<\/div>\n\t\t\t\t<\/div>\n\t\t\t\t<div class=\"elementor-element elementor-element-9a1b4fc elementor-widget elementor-widget-infetech_elementor_service_2\" data-id=\"9a1b4fc\" data-element_type=\"widget\" data-widget_type=\"infetech_elementor_service_2.default\">\n\t\t\t\t<div class=\"elementor-widget-container\">\n\t\t\t\t\t\t \t    <div class=\"ova-service-2 ova-service-2-template2\">\n\t \t    \t<div class=\"square\"><\/div>\n\t            \t\t\t\t\t\t<h3 class=\"title\">Application Management<\/h3>\n\t\t\t\t\t\t\t\t\t\t<div class=\"description\">\n\t\t\t\t\t\t<p>Efficiently manage incoming applications and evaluate candidate qualifications.<\/p>\t\t\t\t\t<\/div>\n\t\t\t\t\t            \t<span class=\"text_number\">\n\t            \t\t05\t            \t<\/span>\n\t            \t            <div class=\"triangle-topleft-1\"><\/div>\n\t\t    \t<div class=\"triangle-topleft-2\"><\/div>\n\t\t    <\/div>\n\t\t\t\t\t\t<\/div>\n\t\t\t\t<\/div>\n\t\t\t\t<div class=\"elementor-element elementor-element-3dce05e elementor-widget elementor-widget-infetech_elementor_service_2\" data-id=\"3dce05e\" data-element_type=\"widget\" data-widget_type=\"infetech_elementor_service_2.default\">\n\t\t\t\t<div class=\"elementor-widget-container\">\n\t\t\t\t\t\t \t    <div class=\"ova-service-2 ova-service-2-template2\">\n\t \t    \t<div class=\"square\"><\/div>\n\t            \t\t\t\t\t\t<h3 class=\"title\">Interview &amp; Assessment<\/h3>\n\t\t\t\t\t\t\t\t\t\t<div class=\"description\">\n\t\t\t\t\t\t<p>Conduct interviews and in-depth assessments of candidates\u2019 skills and experiences.<\/p>\t\t\t\t\t<\/div>\n\t\t\t\t\t            \t<span class=\"text_number\">\n\t            \t\t06\t            \t<\/span>\n\t            \t            <div class=\"triangle-topleft-1\"><\/div>\n\t\t    \t<div class=\"triangle-topleft-2\"><\/div>\n\t\t    <\/div>\n\t\t\t\t\t\t<\/div>\n\t\t\t\t<\/div>\n\t\t\t\t<div class=\"elementor-element elementor-element-9f913ae elementor-widget elementor-widget-infetech_elementor_service_2\" data-id=\"9f913ae\" data-element_type=\"widget\" data-widget_type=\"infetech_elementor_service_2.default\">\n\t\t\t\t<div class=\"elementor-widget-container\">\n\t\t\t\t\t\t \t    <div class=\"ova-service-2 ova-service-2-template2\">\n\t \t    \t<div class=\"square\"><\/div>\n\t            \t\t\t\t\t\t<h3 class=\"title\">Reference Checks<\/h3>\n\t\t\t\t\t\t\t\t\t\t<div class=\"description\">\n\t\t\t\t\t\t<p>Contact references to verify past work performance.<\/p>\t\t\t\t\t<\/div>\n\t\t\t\t\t            \t<span class=\"text_number\">\n\t            \t\t07\t            \t<\/span>\n\t            \t            <div class=\"triangle-topleft-1\"><\/div>\n\t\t    \t<div class=\"triangle-topleft-2\"><\/div>\n\t\t    <\/div>\n\t\t\t\t\t\t<\/div>\n\t\t\t\t<\/div>\n\t\t\t\t<div class=\"elementor-element elementor-element-95e272b elementor-widget elementor-widget-infetech_elementor_service_2\" data-id=\"95e272b\" data-element_type=\"widget\" data-widget_type=\"infetech_elementor_service_2.default\">\n\t\t\t\t<div class=\"elementor-widget-container\">\n\t\t\t\t\t\t \t    <div class=\"ova-service-2 ova-service-2-template2\">\n\t \t    \t<div class=\"square\"><\/div>\n\t            \t\t\t\t\t\t<h3 class=\"title\">Selection &amp; Offer<\/h3>\n\t\t\t\t\t\t\t\t\t\t<div class=\"description\">\n\t\t\t\t\t\t<p>Choose the most suitable candidate and present an offer that effectively introduces your company and the position.<\/p>\t\t\t\t\t<\/div>\n\t\t\t\t\t            \t<span class=\"text_number\">\n\t            \t\t08\t            \t<\/span>\n\t            \t            <div class=\"triangle-topleft-1\"><\/div>\n\t\t    \t<div class=\"triangle-topleft-2\"><\/div>\n\t\t    <\/div>\n\t\t\t\t\t\t<\/div>\n\t\t\t\t<\/div>\n\t\t\t\t<div class=\"elementor-element elementor-element-ac995e2 elementor-widget elementor-widget-infetech_elementor_service_2\" data-id=\"ac995e2\" data-element_type=\"widget\" data-widget_type=\"infetech_elementor_service_2.default\">\n\t\t\t\t<div class=\"elementor-widget-container\">\n\t\t\t\t\t\t \t    <div class=\"ova-service-2 ova-service-2-template2\">\n\t \t    \t<div class=\"square\"><\/div>\n\t            \t\t\t\t\t\t<h3 class=\"title\">Onboarding &amp; Training<\/h3>\n\t\t\t\t\t\t\t\t\t\t<div class=\"description\">\n\t\t\t\t\t\t<p>Organize orientation and training programs to ensure new employees integrate quickly into the company culture and workflows.<\/p>\t\t\t\t\t<\/div>\n\t\t\t\t\t            \t<span class=\"text_number\">\n\t            \t\t09\t            \t<\/span>\n\t            \t            <div class=\"triangle-topleft-1\"><\/div>\n\t\t    \t<div class=\"triangle-topleft-2\"><\/div>\n\t\t    <\/div>\n\t\t\t\t\t\t<\/div>\n\t\t\t\t<\/div>\n\t\t\t\t<div class=\"elementor-element elementor-element-33a858b elementor-widget elementor-widget-image\" data-id=\"33a858b\" data-element_type=\"widget\" data-widget_type=\"image.default\">\n\t\t\t\t<div class=\"elementor-widget-container\">\n\t\t\t\t\t\t\t\t\t\t\t\t\t\t\t<img decoding=\"async\" width=\"800\" height=\"533\" src=\"https:\/\/mikariyer.com\/wp-content\/uploads\/2024\/06\/professional-team-young-business-people-sitting-table-1024x682.jpg\" class=\"attachment-large size-large wp-image-18112\" alt=\"\" srcset=\"https:\/\/mikariyer.com\/wp-content\/uploads\/2024\/06\/professional-team-young-business-people-sitting-table-1024x682.jpg 1024w, https:\/\/mikariyer.com\/wp-content\/uploads\/2024\/06\/professional-team-young-business-people-sitting-table-300x200.jpg 300w, https:\/\/mikariyer.com\/wp-content\/uploads\/2024\/06\/professional-team-young-business-people-sitting-table-768x512.jpg 768w, https:\/\/mikariyer.com\/wp-content\/uploads\/2024\/06\/professional-team-young-business-people-sitting-table-1536x1023.jpg 1536w, https:\/\/mikariyer.com\/wp-content\/uploads\/2024\/06\/professional-team-young-business-people-sitting-table-2048x1364.jpg 2048w\" sizes=\"(max-width: 800px) 100vw, 800px\" \/>\t\t\t\t\t\t\t\t\t\t\t\t\t\t\t<\/div>\n\t\t\t\t<\/div>\n\t\t\t\t<div class=\"elementor-element elementor-element-cf12aa2 elementor-blockquote--skin-boxed elementor-blockquote--align-center elementor-blockquote--button-color-official elementor-widget elementor-widget-blockquote\" data-id=\"cf12aa2\" data-element_type=\"widget\" data-widget_type=\"blockquote.default\">\n\t\t\t\t<div class=\"elementor-widget-container\">\n\t\t\t\t\t\t\t<blockquote class=\"elementor-blockquote\">\n\t\t\t<p class=\"elementor-blockquote__content\">\n\t\t\t\tMiKariyer\u2019le, Kurumsal Ba\u015far\u0131 ve kariyer hayallerinizi ger\u00e7e\u011fe d\u00f6n\u00fc\u015ft\u00fcrelim.\t\t\t<\/p>\n\t\t\t\t\t<\/blockquote>\n\t\t\t\t\t\t<\/div>\n\t\t\t\t<\/div>\n\t\t\t\t<div class=\"elementor-element elementor-element-6f03db4 elementor-widget elementor-widget-text-editor\" data-id=\"6f03db4\" data-element_type=\"widget\" data-widget_type=\"text-editor.default\">\n\t\t\t\t<div class=\"elementor-widget-container\">\n\t\t\t\t\t\t\t\t\t<p>Each of these steps is critical for employers to precisely and accurately identify their qualified workforce needs. This process is indispensable for building a team of top talent that will shape the company\u2019s long-term success.<\/p><p>\u00a0<\/p><p>MiKariyer Human Resources Service, with its expert team and professional approach, is your strongest ally in this complex and demanding process. At every stage of the recruitment process, we help you build your company\u2019s future with the brightest candidates.<\/p>\t\t\t\t\t\t\t\t<\/div>\n\t\t\t\t<\/div>\n\t\t\t\t<div class=\"elementor-element elementor-element-6cd1b27 elementor-align-center elementor-widget elementor-widget-button\" data-id=\"6cd1b27\" data-element_type=\"widget\" data-widget_type=\"button.default\">\n\t\t\t\t<div class=\"elementor-widget-container\">\n\t\t\t\t\t\t\t\t\t<div class=\"elementor-button-wrapper\">\n\t\t\t\t\t<a class=\"elementor-button elementor-button-link elementor-size-sm\" href=\"https:\/\/mikariyer.com\/en\/contact-3\/\">\n\t\t\t\t\t\t<span class=\"elementor-button-content-wrapper\">\n\t\t\t\t\t\t\t\t\t<span class=\"elementor-button-text\">Get in touch<\/span>\n\t\t\t\t\t<\/span>\n\t\t\t\t\t<\/a>\n\t\t\t\t<\/div>\n\t\t\t\t\t\t\t\t<\/div>\n\t\t\t\t<\/div>\n\t\t\t\t<\/div>\n\t\t\t\t\t<\/div>\n\t\t\t\t<\/div>\n\t\t\t\t<\/div>","protected":false},"excerpt":{"rendered":"<p>\u0130NSAN KAYNAKLARI IDENTIFYING WORKFORCE NEEDS \u201cHayallerinizin Pe\u015finden Gidin: Almanya\u2019da Kariyer Yolculu\u011funuz Ba\u015fl\u0131yor!\u201d The key to success in the business world lies in identifying superior talents and integrating them into the organization. To determine the right professional, a thorough needs analysis and a detailed job description are essential. This methodological approach forms the foundation for achieving [&hellip;]<\/p>\n","protected":false},"author":3,"featured_media":0,"parent":19285,"menu_order":1,"comment_status":"closed","ping_status":"closed","template":"","meta":{"footnotes":""},"class_list":["post-19296","page","type-page","status-publish","hentry"],"_links":{"self":[{"href":"https:\/\/mikariyer.com\/en\/wp-json\/wp\/v2\/pages\/19296","targetHints":{"allow":["GET"]}}],"collection":[{"href":"https:\/\/mikariyer.com\/en\/wp-json\/wp\/v2\/pages"}],"about":[{"href":"https:\/\/mikariyer.com\/en\/wp-json\/wp\/v2\/types\/page"}],"author":[{"embeddable":true,"href":"https:\/\/mikariyer.com\/en\/wp-json\/wp\/v2\/users\/3"}],"replies":[{"embeddable":true,"href":"https:\/\/mikariyer.com\/en\/wp-json\/wp\/v2\/comments?post=19296"}],"version-history":[{"count":4,"href":"https:\/\/mikariyer.com\/en\/wp-json\/wp\/v2\/pages\/19296\/revisions"}],"predecessor-version":[{"id":19306,"href":"https:\/\/mikariyer.com\/en\/wp-json\/wp\/v2\/pages\/19296\/revisions\/19306"}],"up":[{"embeddable":true,"href":"https:\/\/mikariyer.com\/en\/wp-json\/wp\/v2\/pages\/19285"}],"wp:attachment":[{"href":"https:\/\/mikariyer.com\/en\/wp-json\/wp\/v2\/media?parent=19296"}],"curies":[{"name":"wp","href":"https:\/\/api.w.org\/{rel}","templated":true}]}}