{"id":19297,"date":"2025-07-31T21:03:27","date_gmt":"2025-07-31T21:03:27","guid":{"rendered":"https:\/\/mikariyer.com\/?page_id=19297"},"modified":"2025-07-31T21:07:06","modified_gmt":"2025-07-31T21:07:06","slug":"bedarfsermittlung-von-fachkraeften","status":"publish","type":"page","link":"https:\/\/mikariyer.com\/en\/personalwesen\/bedarfsermittlung-von-fachkraeften\/","title":{"rendered":"BEDARFSERMITTLUNG VON FACHKR\u00c4FTEN"},"content":{"rendered":"<div data-elementor-type=\"wp-page\" data-elementor-id=\"19297\" class=\"elementor elementor-19297\" data-elementor-post-type=\"page\">\n\t\t\t\t<div class=\"elementor-element elementor-element-ef367fe e-flex e-con-boxed e-con e-parent\" data-id=\"ef367fe\" data-element_type=\"container\">\n\t\t\t\t\t<div class=\"e-con-inner\">\n\t\t<div class=\"elementor-element elementor-element-5b364af e-con-full e-flex e-con e-child\" data-id=\"5b364af\" data-element_type=\"container\">\n\t\t\t\t<div class=\"elementor-element elementor-element-e13cce7 elementor-widget elementor-widget-shortcode\" data-id=\"e13cce7\" data-element_type=\"widget\" data-widget_type=\"shortcode.default\">\n\t\t\t\t<div class=\"elementor-widget-container\">\n\t\t\t\t\t\t\t<div class=\"elementor-shortcode\">\t\t<div data-elementor-type=\"single-page\" data-elementor-id=\"16334\" class=\"elementor elementor-16334\" data-elementor-post-type=\"elementor_library\">\n\t\t\t<div class=\"elementor-element elementor-element-6096a39 elementor-hidden-mobile e-flex e-con-boxed e-con e-parent\" data-id=\"6096a39\" data-element_type=\"container\" data-settings=\"{&quot;background_background&quot;:&quot;classic&quot;}\">\n\t\t\t\t\t<div class=\"e-con-inner\">\n\t\t<div class=\"elementor-element elementor-element-095ac95 e-con-full e-flex e-con e-child\" data-id=\"095ac95\" data-element_type=\"container\" data-settings=\"{&quot;background_background&quot;:&quot;classic&quot;}\">\n\t\t\t\t<div class=\"elementor-element elementor-element-8c27f08 elementor-widget elementor-widget-infetech_elementor_heading\" data-id=\"8c27f08\" data-element_type=\"widget\" data-widget_type=\"infetech_elementor_heading.default\">\n\t\t\t\t<div class=\"elementor-widget-container\">\n\t\t\t\t\t\n\t\t\t<div class=\"ova-heading\">\n\t\t\t\t\n\t\t\t\t\n\t\t\t\t\n\t\t\t\t\t<h3 class=\"title\">\t\t\t\t\t\t\t\t\t\t\t\t\t<a href=\"https:\/\/mikariyer.com\/en\/insan-kaynaklari\/\" title=\"\">HUMAN RESOURCES<\/a>\n\t\t\t\t\t\t\t\t\t\t\t<\/h3>\n                \n                \n\t\t\t<\/div>\n\n\t\t\t\t\t\t<\/div>\n\t\t\t\t<\/div>\n\t\t\t\t<div class=\"elementor-element elementor-element-6c1b29d elementor-nav-menu__text-align-aside elementor-widget elementor-widget-nav-menu\" data-id=\"6c1b29d\" data-element_type=\"widget\" data-settings=\"{&quot;layout&quot;:&quot;dropdown&quot;,&quot;submenu_icon&quot;:{&quot;value&quot;:&quot;&lt;svg class=\\&quot;e-font-icon-svg e-fas-caret-down\\&quot; viewBox=\\&quot;0 0 320 512\\&quot; xmlns=\\&quot;http:\\\/\\\/www.w3.org\\\/2000\\\/svg\\&quot;&gt;&lt;path d=\\&quot;M31.3 192h257.3c17.8 0 26.7 21.5 14.1 34.1L174.1 354.8c-7.8 7.8-20.5 7.8-28.3 0L17.2 226.1C4.6 213.5 13.5 192 31.3 192z\\&quot;&gt;&lt;\\\/path&gt;&lt;\\\/svg&gt;&quot;,&quot;library&quot;:&quot;fa-solid&quot;}}\" data-widget_type=\"nav-menu.default\">\n\t\t\t\t<div class=\"elementor-widget-container\">\n\t\t\t\t\t\t\t\t<nav class=\"elementor-nav-menu--dropdown elementor-nav-menu__container\" aria-hidden=\"true\">\n\t\t\t\t<ul id=\"menu-2-6c1b29d\" class=\"elementor-nav-menu\"><li class=\"menu-item menu-item-type-post_type menu-item-object-page menu-item-15905\"><a href=\"https:\/\/mikariyer.com\/en\/insan-kaynaklari\/eleman-ihtiyaci-tespiti\/\" class=\"elementor-item\" tabindex=\"-1\">Determination of Staffing Needs<\/a><\/li>\n<li class=\"menu-item menu-item-type-post_type menu-item-object-page menu-item-15906\"><a href=\"https:\/\/mikariyer.com\/en\/insan-kaynaklari\/cv-havuzu\/\" class=\"elementor-item\" tabindex=\"-1\">CV Pool<\/a><\/li>\n<li class=\"menu-item menu-item-type-post_type menu-item-object-page menu-item-15908\"><a href=\"https:\/\/mikariyer.com\/en\/insan-kaynaklari\/isveren-calisan-bulusmasi\/\" class=\"elementor-item\" tabindex=\"-1\">Employer - Employee Meeting<\/a><\/li>\n<\/ul>\t\t\t<\/nav>\n\t\t\t\t\t\t<\/div>\n\t\t\t\t<\/div>\n\t\t\t\t<div class=\"elementor-element elementor-element-1edbce3 elementor-widget elementor-widget-infetech_elementor_heading\" data-id=\"1edbce3\" data-element_type=\"widget\" data-widget_type=\"infetech_elementor_heading.default\">\n\t\t\t\t<div class=\"elementor-widget-container\">\n\t\t\t\t\t\n\t\t\t<div class=\"ova-heading\">\n\t\t\t\t\n\t\t\t\t\t\t\t\t\t<h2 class=\"sub-title\">\n\t\t\t\t\t\t<span class=\"underlined\"><\/span>\n\t\t\t\t\t\tMiCareer\t\t\t\t\t<\/h2>\t\n\t\t\t\t\n\t\t\t\t\n\t\t\t\t\t<h3 class=\"title\">\t\t\t\t\t\t\t\t\t\t\t\t\t<a href=\"https:\/\/mikariyer.com\/en\/contact-3\/\" title=\"\">Contact Us<\/a>\n\t\t\t\t\t\t\t\t\t\t\t<\/h3>\n                \n                \n\t\t\t<\/div>\n\n\t\t\t\t\t\t<\/div>\n\t\t\t\t<\/div>\n\t\t\t\t<div class=\"elementor-element elementor-element-fe28d97 elementor-widget elementor-widget-infetech_elementor_contact_info\" data-id=\"fe28d97\" data-element_type=\"widget\" data-widget_type=\"infetech_elementor_contact_info.default\">\n\t\t\t\t<div class=\"elementor-widget-container\">\n\t\t\t\t\t\t\t\t<div class=\"ova-contact-info template2\">\n\t\t\t\t\n\t\t\t\t\t\t\t\t\t\t\t\t\t\t\t<div class=\"circle\">\n\t\t\t\t\t\t\t<div class=\"icon\">\n\t\t\t\t\t\t\t\t<i class=\"ovaicon ovaicon-phone-call\"><\/i>\n\t\t\t\t\t\t\t<\/div>\n\t\t\t\t\t\t<\/div>\t\n\t\t\t\t    \t\t\t    \t\t\t\t\n\t\t\t\t<div class=\"contact\">\n\t\t\t\t\t\n\t\t\t\t\t\t\t\t\t\t\t<div class=\"label\">\n\t\t\t\t\t\t\tContact Number\t\t\t\t\t\t<\/div>\n\t\t\t\t\t\n\t\t\t\t\t<ul class=\"info\">\n\t\t\t\t\t\t\t\t\t\t\t\t\t<li class=\"item\">\n\n\t\t\t\t\t\t\t\t<a href=\"https:\/\/wa.me\/4917684915411\" title=\"+ 49 17684915411\">+ 49 17684915411<\/a>\t\t\t\t\t\t\t<\/li>\n\t\t\t\t\t\t\t\t\t\t\t<\/ul>\n\n\t\t\t\t<\/div>\n\n\t\t\t<\/div>\n\n\t\t\t\t\t\t<\/div>\n\t\t\t\t<\/div>\n\t\t\t\t<div class=\"elementor-element elementor-element-77f820a elementor-widget elementor-widget-infetech_elementor_contact_info\" data-id=\"77f820a\" data-element_type=\"widget\" data-widget_type=\"infetech_elementor_contact_info.default\">\n\t\t\t\t<div class=\"elementor-widget-container\">\n\t\t\t\t\t\t\t\t<div class=\"ova-contact-info template2\">\n\t\t\t\t\n\t\t\t\t\t\t\t\t\t\t\t\t\t\t\t<div class=\"circle\">\n\t\t\t\t\t\t\t<div class=\"icon\">\n\t\t\t\t\t\t\t\t<i class=\"ovaicon ovaicon-email\"><\/i>\n\t\t\t\t\t\t\t<\/div>\n\t\t\t\t\t\t<\/div>\t\n\t\t\t\t    \t\t\t    \t\t\t\t\n\t\t\t\t<div class=\"contact\">\n\t\t\t\t\t\n\t\t\t\t\t\t\t\t\t\t\t<div class=\"label\">\n\t\t\t\t\t\t\tOur Mail Address\t\t\t\t\t\t<\/div>\n\t\t\t\t\t\n\t\t\t\t\t<ul class=\"info\">\n\t\t\t\t\t\t\t\t\t\t\t\t\t<li class=\"item\">\n\n\t\t\t\t\t\t\t\t\t\t\t\t\t\t\t\t\t\t\t<a href=\"mailto:info@mikariyer.com\" title=\"email\">\n\t\t\t\t\t\t\t\t\t\t\t\tinfo@mikariyer.com\t\t\t\t\t\t\t\t\t\t\t<\/a>\n\t\t\t\t\t\t\t\t\t\t\t\t\t\t\t\t\t<\/li>\n\t\t\t\t\t\t\t\t\t\t\t<\/ul>\n\n\t\t\t\t<\/div>\n\n\t\t\t<\/div>\n\n\t\t\t\t\t\t<\/div>\n\t\t\t\t<\/div>\n\t\t\t\t<div class=\"elementor-element elementor-element-506afbe elementor-widget elementor-widget-infetech_elementor_contact_info\" data-id=\"506afbe\" data-element_type=\"widget\" data-widget_type=\"infetech_elementor_contact_info.default\">\n\t\t\t\t<div class=\"elementor-widget-container\">\n\t\t\t\t\t\t\t\t<div class=\"ova-contact-info template2\">\n\t\t\t\t\n\t\t\t\t\t\t\t\t\t\t\t\t\t\t\t<div class=\"circle\">\n\t\t\t\t\t\t\t<div class=\"icon\">\n\t\t\t\t\t\t\t\t<i class=\"far fa-map\"><\/i>\n\t\t\t\t\t\t\t<\/div>\n\t\t\t\t\t\t<\/div>\t\n\t\t\t\t    \t\t\t    \t\t\t\t\n\t\t\t\t<div class=\"contact\">\n\t\t\t\t\t\n\t\t\t\t\t\t\t\t\t\t\t<div class=\"label\">\n\t\t\t\t\t\t\tOur Address\t\t\t\t\t\t<\/div>\n\t\t\t\t\t\n\t\t\t\t\t<ul class=\"info\">\n\t\t\t\t\t\t\t\t\t\t\t\t\t<li class=\"item\">\n\n\t\t\t\t\t\t\t\t<a href=\"https:\/\/maps.app.goo.gl\/HDJiQThZhUDnXWy77\" target=\"_blank\" title=\"Auf dem Br\u00fc338A Regents Park Road Office 3 and 4 London United Kingdom N3 2LNmmer 1, 44149 Dortmund\">Auf dem Br\u00fc338A Regents Park Road Office 3 and 4 London United Kingdom N3 2LNmmer 1, 44149 Dortmund<\/a>\t\t\t\t\t\t\t<\/li>\n\t\t\t\t\t\t\t\t\t\t\t<\/ul>\n\n\t\t\t\t<\/div>\n\n\t\t\t<\/div>\n\n\t\t\t\t\t\t<\/div>\n\t\t\t\t<\/div>\n\t\t\t\t<\/div>\n\t\t\t\t\t<\/div>\n\t\t\t\t<\/div>\n\t\t\t\t<\/div>\n\t\t<\/div>\n\t\t\t\t\t\t<\/div>\n\t\t\t\t<\/div>\n\t\t\t\t<\/div>\n\t\t<div class=\"elementor-element elementor-element-25dcf8f e-con-full e-flex e-con e-child\" data-id=\"25dcf8f\" data-element_type=\"container\">\n\t\t\t\t<div class=\"elementor-element elementor-element-033c0f3 elementor-widget elementor-widget-infetech_elementor_heading\" data-id=\"033c0f3\" data-element_type=\"widget\" data-widget_type=\"infetech_elementor_heading.default\">\n\t\t\t\t<div class=\"elementor-widget-container\">\n\t\t\t\t\t\n\t\t\t<div class=\"ova-heading\">\n\t\t\t\t\n\t\t\t\t\t\t\t\t\t<h2 class=\"sub-title\">\n\t\t\t\t\t\t<span class=\"underlined\"><\/span>\n\t\t\t\t\t\tHUMAN RESOURCES\t\t\t\t\t<\/h2>\t\n\t\t\t\t\n\t\t\t\t\n\t\t\t\t\t<h1 class=\"title\">\t\t\t\t\t\t\t\t\t\t\t\t\t<a href=\"https:\/\/mikariyer.com\/en\/insan-kaynaklari\/eleman-ihtiyaci-tespiti\/\" title=\"\">BEDARFSERMITTLUNG VON FACHKR\u00c4FTEN<\/a>\n\t\t\t\t\t\t\t\t\t\t\t<\/h1>\n                \n                \n\t\t\t<\/div>\n\n\t\t\t\t\t\t<\/div>\n\t\t\t\t<\/div>\n\t\t\t\t<div class=\"elementor-element elementor-element-96a4eb6 elementor-blockquote--skin-boxed elementor-blockquote--align-center elementor-blockquote--button-color-official elementor-widget elementor-widget-blockquote\" data-id=\"96a4eb6\" data-element_type=\"widget\" data-widget_type=\"blockquote.default\">\n\t\t\t\t<div class=\"elementor-widget-container\">\n\t\t\t\t\t\t\t<blockquote class=\"elementor-blockquote\">\n\t\t\t<p class=\"elementor-blockquote__content\">\n\t\t\t\t\n\u201cFollow Your Dreams: Your Career Journey in Germany Begins!\u201d\n\t\t\t<\/p>\n\t\t\t\t\t<\/blockquote>\n\t\t\t\t\t\t<\/div>\n\t\t\t\t<\/div>\n\t\t\t\t<div class=\"elementor-element elementor-element-96acfa0 elementor-widget elementor-widget-text-editor\" data-id=\"96acfa0\" data-element_type=\"widget\" data-widget_type=\"text-editor.default\">\n\t\t\t\t<div class=\"elementor-widget-container\">\n\t\t\t\t\t\t\t\t\t<p>Der Schl\u00fcssel zum Unternehmenserfolg liegt darin, Talente mit besonderem Potenzial zu erkennen und f\u00fcr sich zu gewinnen. Um die richtige Fachkraft zu finden, ist eine pr\u00e4zise Bedarfsanalyse sowie eine detaillierte Definition des Anforderungsprofils unerl\u00e4sslich. Dieses methodische Vorgehen ist die Grundlage f\u00fcr eine nachhaltige und strategisch ausgerichtete Personalentscheidung.<\/p><p>Als MiKariyer Personalservice spielen wir mit unserer umfassenden Erfahrung und tiefgreifenden Branchenkenntnis eine zentrale Rolle bei der Besetzung Ihrer Vakanzen. Wir beobachten den Markt genau und vermitteln nicht nur Bewerber:innen mit den passenden Qualifikationen, sondern achten auch auf die Passung zur Unternehmenskultur und den Unternehmenswerten.<\/p><p>Unser strategischer Recruiting-Prozess hilft Ihnen dabei, Talente zu identifizieren, die das Potenzial haben, Ihr Unternehmen langfristig mitzugestalten.<\/p>\t\t\t\t\t\t\t\t<\/div>\n\t\t\t\t<\/div>\n\t\t\t\t<div class=\"elementor-element elementor-element-43432a2 elementor-widget elementor-widget-image\" data-id=\"43432a2\" data-element_type=\"widget\" data-widget_type=\"image.default\">\n\t\t\t\t<div class=\"elementor-widget-container\">\n\t\t\t\t\t\t\t\t\t\t\t\t\t\t\t<img fetchpriority=\"high\" decoding=\"async\" width=\"800\" height=\"477\" src=\"https:\/\/mikariyer.com\/wp-content\/uploads\/2024\/09\/contract-signing-ceremony-1024x610.jpg\" class=\"attachment-large size-large wp-image-18616\" alt=\"\" srcset=\"https:\/\/mikariyer.com\/wp-content\/uploads\/2024\/09\/contract-signing-ceremony-1024x610.jpg 1024w, https:\/\/mikariyer.com\/wp-content\/uploads\/2024\/09\/contract-signing-ceremony-300x179.jpg 300w, https:\/\/mikariyer.com\/wp-content\/uploads\/2024\/09\/contract-signing-ceremony-768x457.jpg 768w, https:\/\/mikariyer.com\/wp-content\/uploads\/2024\/09\/contract-signing-ceremony-1536x915.jpg 1536w, https:\/\/mikariyer.com\/wp-content\/uploads\/2024\/09\/contract-signing-ceremony-2048x1220.jpg 2048w\" sizes=\"(max-width: 800px) 100vw, 800px\" \/>\t\t\t\t\t\t\t\t\t\t\t\t\t\t\t<\/div>\n\t\t\t\t<\/div>\n\t\t\t\t<div class=\"elementor-element elementor-element-059bd26 elementor-widget elementor-widget-heading\" data-id=\"059bd26\" data-element_type=\"widget\" data-widget_type=\"heading.default\">\n\t\t\t\t<div class=\"elementor-widget-container\">\n\t\t\t\t\t<h4 class=\"elementor-heading-title elementor-size-default\">Schritte zur Bedarfsanalyse<\/h4>\t\t\t\t<\/div>\n\t\t\t\t<\/div>\n\t\t\t\t<div class=\"elementor-element elementor-element-4cf16b3 elementor-widget elementor-widget-infetech_elementor_service_2\" data-id=\"4cf16b3\" data-element_type=\"widget\" data-widget_type=\"infetech_elementor_service_2.default\">\n\t\t\t\t<div class=\"elementor-widget-container\">\n\t\t\t\t\t\t \t    <div class=\"ova-service-2 ova-service-2-template2\">\n\t \t    \t<div class=\"square\"><\/div>\n\t            \t\t\t\t\t\t<h3 class=\"title\">Bedarfsanalyse<\/h3>\n\t\t\t\t\t\t\t\t\t\t<div class=\"description\">\n\t\t\t\t\t\t<p>Ermittlung der Anforderungen anhand der Unternehmensziele<\/p>\t\t\t\t\t<\/div>\n\t\t\t\t\t            \t<span class=\"text_number\">\n\t            \t\t01\t            \t<\/span>\n\t            \t            <div class=\"triangle-topleft-1\"><\/div>\n\t\t    \t<div class=\"triangle-topleft-2\"><\/div>\n\t\t    <\/div>\n\t\t\t\t\t\t<\/div>\n\t\t\t\t<\/div>\n\t\t\t\t<div class=\"elementor-element elementor-element-8d35384 elementor-widget elementor-widget-infetech_elementor_service_2\" data-id=\"8d35384\" data-element_type=\"widget\" data-widget_type=\"infetech_elementor_service_2.default\">\n\t\t\t\t<div class=\"elementor-widget-container\">\n\t\t\t\t\t\t \t    <div class=\"ova-service-2 ova-service-2-template2\">\n\t \t    \t<div class=\"square\"><\/div>\n\t            \t\t\t\t\t\t<h3 class=\"title\">Positionsbeschreibung<\/h3>\n\t\t\t\t\t\t\t\t\t\t<div class=\"description\">\n\t\t\t\t\t\t<p>Definition der notwendigen Kompetenzen und Berufserfahrung<\/p>\t\t\t\t\t<\/div>\n\t\t\t\t\t            \t<span class=\"text_number\">\n\t            \t\t02\t            \t<\/span>\n\t            \t            <div class=\"triangle-topleft-1\"><\/div>\n\t\t    \t<div class=\"triangle-topleft-2\"><\/div>\n\t\t    <\/div>\n\t\t\t\t\t\t<\/div>\n\t\t\t\t<\/div>\n\t\t\t\t<div class=\"elementor-element elementor-element-94cb28e elementor-widget elementor-widget-infetech_elementor_service_2\" data-id=\"94cb28e\" data-element_type=\"widget\" data-widget_type=\"infetech_elementor_service_2.default\">\n\t\t\t\t<div class=\"elementor-widget-container\">\n\t\t\t\t\t\t \t    <div class=\"ova-service-2 ova-service-2-template2\">\n\t \t    \t<div class=\"square\"><\/div>\n\t            \t\t\t\t\t\t<h3 class=\"title\">Marktanalyse<\/h3>\n\t\t\t\t\t\t\t\t\t\t<div class=\"description\">\n\t\t\t\t\t\t<p>Untersuchung von Trends und Rekrutierungspraktiken im jeweiligen Sektor<\/p>\t\t\t\t\t<\/div>\n\t\t\t\t\t            \t<span class=\"text_number\">\n\t            \t\t03\t            \t<\/span>\n\t            \t            <div class=\"triangle-topleft-1\"><\/div>\n\t\t    \t<div class=\"triangle-topleft-2\"><\/div>\n\t\t    <\/div>\n\t\t\t\t\t\t<\/div>\n\t\t\t\t<\/div>\n\t\t\t\t<div class=\"elementor-element elementor-element-5ac7355 elementor-widget elementor-widget-infetech_elementor_service_2\" data-id=\"5ac7355\" data-element_type=\"widget\" data-widget_type=\"infetech_elementor_service_2.default\">\n\t\t\t\t<div class=\"elementor-widget-container\">\n\t\t\t\t\t\t \t    <div class=\"ova-service-2 ova-service-2-template2\">\n\t \t    \t<div class=\"square\"><\/div>\n\t            \t\t\t\t\t\t<h3 class=\"title\">Ausschreibung<\/h3>\n\t\t\t\t\t\t\t\t\t\t<div class=\"description\">\n\t\t\t\t\t\t<p>Erstellung und Ver\u00f6ffentlichung effektiver Stellenanzeigen<\/p>\t\t\t\t\t<\/div>\n\t\t\t\t\t            \t<span class=\"text_number\">\n\t            \t\t04\t            \t<\/span>\n\t            \t            <div class=\"triangle-topleft-1\"><\/div>\n\t\t    \t<div class=\"triangle-topleft-2\"><\/div>\n\t\t    <\/div>\n\t\t\t\t\t\t<\/div>\n\t\t\t\t<\/div>\n\t\t\t\t<div class=\"elementor-element elementor-element-9a1b4fc elementor-widget elementor-widget-infetech_elementor_service_2\" data-id=\"9a1b4fc\" data-element_type=\"widget\" data-widget_type=\"infetech_elementor_service_2.default\">\n\t\t\t\t<div class=\"elementor-widget-container\">\n\t\t\t\t\t\t \t    <div class=\"ova-service-2 ova-service-2-template2\">\n\t \t    \t<div class=\"square\"><\/div>\n\t            \t\t\t\t\t\t<h3 class=\"title\">Bewerbermanagement<\/h3>\n\t\t\t\t\t\t\t\t\t\t<div class=\"description\">\n\t\t\t\t\t\t<p>Sichtung und Vorauswahl eingehender Bewerbungen<\/p>\t\t\t\t\t<\/div>\n\t\t\t\t\t            \t<span class=\"text_number\">\n\t            \t\t05\t            \t<\/span>\n\t            \t            <div class=\"triangle-topleft-1\"><\/div>\n\t\t    \t<div class=\"triangle-topleft-2\"><\/div>\n\t\t    <\/div>\n\t\t\t\t\t\t<\/div>\n\t\t\t\t<\/div>\n\t\t\t\t<div class=\"elementor-element elementor-element-3dce05e elementor-widget elementor-widget-infetech_elementor_service_2\" data-id=\"3dce05e\" data-element_type=\"widget\" data-widget_type=\"infetech_elementor_service_2.default\">\n\t\t\t\t<div class=\"elementor-widget-container\">\n\t\t\t\t\t\t \t    <div class=\"ova-service-2 ova-service-2-template2\">\n\t \t    \t<div class=\"square\"><\/div>\n\t            \t\t\t\t\t\t<h3 class=\"title\">Interviews und Bewertung<\/h3>\n\t\t\t\t\t\t\t\t\t\t<div class=\"description\">\n\t\t\t\t\t\t<p>Durchf\u00fchrung strukturierter Auswahlgespr\u00e4che<\/p>\t\t\t\t\t<\/div>\n\t\t\t\t\t            \t<span class=\"text_number\">\n\t            \t\t06\t            \t<\/span>\n\t            \t            <div class=\"triangle-topleft-1\"><\/div>\n\t\t    \t<div class=\"triangle-topleft-2\"><\/div>\n\t\t    <\/div>\n\t\t\t\t\t\t<\/div>\n\t\t\t\t<\/div>\n\t\t\t\t<div class=\"elementor-element elementor-element-9f913ae elementor-widget elementor-widget-infetech_elementor_service_2\" data-id=\"9f913ae\" data-element_type=\"widget\" data-widget_type=\"infetech_elementor_service_2.default\">\n\t\t\t\t<div class=\"elementor-widget-container\">\n\t\t\t\t\t\t \t    <div class=\"ova-service-2 ova-service-2-template2\">\n\t \t    \t<div class=\"square\"><\/div>\n\t            \t\t\t\t\t\t<h3 class=\"title\">Referenzpr\u00fcfung<\/h3>\n\t\t\t\t\t\t\t\t\t\t<div class=\"description\">\n\t\t\t\t\t\t<p>Einholung von Erfahrungswerten und Leistungsnachweisen<\/p>\t\t\t\t\t<\/div>\n\t\t\t\t\t            \t<span class=\"text_number\">\n\t            \t\t07\t            \t<\/span>\n\t            \t            <div class=\"triangle-topleft-1\"><\/div>\n\t\t    \t<div class=\"triangle-topleft-2\"><\/div>\n\t\t    <\/div>\n\t\t\t\t\t\t<\/div>\n\t\t\t\t<\/div>\n\t\t\t\t<div class=\"elementor-element elementor-element-95e272b elementor-widget elementor-widget-infetech_elementor_service_2\" data-id=\"95e272b\" data-element_type=\"widget\" data-widget_type=\"infetech_elementor_service_2.default\">\n\t\t\t\t<div class=\"elementor-widget-container\">\n\t\t\t\t\t\t \t    <div class=\"ova-service-2 ova-service-2-template2\">\n\t \t    \t<div class=\"square\"><\/div>\n\t            \t\t\t\t\t\t<h3 class=\"title\">Angebotsunterbreitung<\/h3>\n\t\t\t\t\t\t\t\t\t\t<div class=\"description\">\n\t\t\t\t\t\t<p>Formulierung und Pr\u00e4sentation eines \u00fcberzeugenden Angebots<\/p>\t\t\t\t\t<\/div>\n\t\t\t\t\t            \t<span class=\"text_number\">\n\t            \t\t08\t            \t<\/span>\n\t            \t            <div class=\"triangle-topleft-1\"><\/div>\n\t\t    \t<div class=\"triangle-topleft-2\"><\/div>\n\t\t    <\/div>\n\t\t\t\t\t\t<\/div>\n\t\t\t\t<\/div>\n\t\t\t\t<div class=\"elementor-element elementor-element-ac995e2 elementor-widget elementor-widget-infetech_elementor_service_2\" data-id=\"ac995e2\" data-element_type=\"widget\" data-widget_type=\"infetech_elementor_service_2.default\">\n\t\t\t\t<div class=\"elementor-widget-container\">\n\t\t\t\t\t\t \t    <div class=\"ova-service-2 ova-service-2-template2\">\n\t \t    \t<div class=\"square\"><\/div>\n\t            \t\t\t\t\t\t<h3 class=\"title\">Onboarding und Schulung<\/h3>\n\t\t\t\t\t\t\t\t\t\t<div class=\"description\">\n\t\t\t\t\t\t<p>Integration neuer Mitarbeitender in Prozesse und Unternehmenskultur<\/p>\t\t\t\t\t<\/div>\n\t\t\t\t\t            \t<span class=\"text_number\">\n\t            \t\t09\t            \t<\/span>\n\t            \t            <div class=\"triangle-topleft-1\"><\/div>\n\t\t    \t<div class=\"triangle-topleft-2\"><\/div>\n\t\t    <\/div>\n\t\t\t\t\t\t<\/div>\n\t\t\t\t<\/div>\n\t\t\t\t<div class=\"elementor-element elementor-element-33a858b elementor-widget elementor-widget-image\" data-id=\"33a858b\" data-element_type=\"widget\" data-widget_type=\"image.default\">\n\t\t\t\t<div class=\"elementor-widget-container\">\n\t\t\t\t\t\t\t\t\t\t\t\t\t\t\t<img decoding=\"async\" width=\"800\" height=\"533\" src=\"https:\/\/mikariyer.com\/wp-content\/uploads\/2024\/06\/professional-team-young-business-people-sitting-table-1024x682.jpg\" class=\"attachment-large size-large wp-image-18112\" alt=\"\" srcset=\"https:\/\/mikariyer.com\/wp-content\/uploads\/2024\/06\/professional-team-young-business-people-sitting-table-1024x682.jpg 1024w, https:\/\/mikariyer.com\/wp-content\/uploads\/2024\/06\/professional-team-young-business-people-sitting-table-300x200.jpg 300w, https:\/\/mikariyer.com\/wp-content\/uploads\/2024\/06\/professional-team-young-business-people-sitting-table-768x512.jpg 768w, https:\/\/mikariyer.com\/wp-content\/uploads\/2024\/06\/professional-team-young-business-people-sitting-table-1536x1023.jpg 1536w, https:\/\/mikariyer.com\/wp-content\/uploads\/2024\/06\/professional-team-young-business-people-sitting-table-2048x1364.jpg 2048w\" sizes=\"(max-width: 800px) 100vw, 800px\" \/>\t\t\t\t\t\t\t\t\t\t\t\t\t\t\t<\/div>\n\t\t\t\t<\/div>\n\t\t\t\t<div class=\"elementor-element elementor-element-cf12aa2 elementor-blockquote--skin-boxed elementor-blockquote--align-center elementor-blockquote--button-color-official elementor-widget elementor-widget-blockquote\" data-id=\"cf12aa2\" data-element_type=\"widget\" data-widget_type=\"blockquote.default\">\n\t\t\t\t<div class=\"elementor-widget-container\">\n\t\t\t\t\t\t\t<blockquote class=\"elementor-blockquote\">\n\t\t\t<p class=\"elementor-blockquote__content\">\n\t\t\t\tMiKariyer\u2019le, Kurumsal Ba\u015far\u0131 ve kariyer hayallerinizi ger\u00e7e\u011fe d\u00f6n\u00fc\u015ft\u00fcrelim.\t\t\t<\/p>\n\t\t\t\t\t<\/blockquote>\n\t\t\t\t\t\t<\/div>\n\t\t\t\t<\/div>\n\t\t\t\t<div class=\"elementor-element elementor-element-6f03db4 elementor-widget elementor-widget-text-editor\" data-id=\"6f03db4\" data-element_type=\"widget\" data-widget_type=\"text-editor.default\">\n\t\t\t\t<div class=\"elementor-widget-container\">\n\t\t\t\t\t\t\t\t\t<p>Jeder Schritt dieses Prozesses ist entscheidend, um die passenden Fachkr\u00e4fte systematisch und effizient zu identifizieren. MiKariyer begleitet Sie dabei professionell \u2013 f\u00fcr eine langfristig erfolgreiche Personalstruktur.<\/p>\t\t\t\t\t\t\t\t<\/div>\n\t\t\t\t<\/div>\n\t\t\t\t<div class=\"elementor-element elementor-element-6cd1b27 elementor-align-center elementor-widget elementor-widget-button\" data-id=\"6cd1b27\" data-element_type=\"widget\" data-widget_type=\"button.default\">\n\t\t\t\t<div class=\"elementor-widget-container\">\n\t\t\t\t\t\t\t\t\t<div class=\"elementor-button-wrapper\">\n\t\t\t\t\t<a class=\"elementor-button elementor-button-link elementor-size-sm\" href=\"https:\/\/mikariyer.com\/en\/contact-3\/\">\n\t\t\t\t\t\t<span class=\"elementor-button-content-wrapper\">\n\t\t\t\t\t\t\t\t\t<span class=\"elementor-button-text\">Get in touch<\/span>\n\t\t\t\t\t<\/span>\n\t\t\t\t\t<\/a>\n\t\t\t\t<\/div>\n\t\t\t\t\t\t\t\t<\/div>\n\t\t\t\t<\/div>\n\t\t\t\t<\/div>\n\t\t\t\t\t<\/div>\n\t\t\t\t<\/div>\n\t\t\t\t<\/div>","protected":false},"excerpt":{"rendered":"<p>\u0130NSAN KAYNAKLARI BEDARFSERMITTLUNG VON FACHKR\u00c4FTEN \u201cHayallerinizin Pe\u015finden Gidin: Almanya\u2019da Kariyer Yolculu\u011funuz Ba\u015fl\u0131yor!\u201d Der Schl\u00fcssel zum Unternehmenserfolg liegt darin, Talente mit besonderem Potenzial zu erkennen und f\u00fcr sich zu gewinnen. Um die richtige Fachkraft zu finden, ist eine pr\u00e4zise Bedarfsanalyse sowie eine detaillierte Definition des Anforderungsprofils unerl\u00e4sslich. Dieses methodische Vorgehen ist die Grundlage f\u00fcr eine nachhaltige [&hellip;]<\/p>\n","protected":false},"author":3,"featured_media":0,"parent":19286,"menu_order":1,"comment_status":"closed","ping_status":"closed","template":"","meta":{"footnotes":""},"class_list":["post-19297","page","type-page","status-publish","hentry"],"_links":{"self":[{"href":"https:\/\/mikariyer.com\/en\/wp-json\/wp\/v2\/pages\/19297","targetHints":{"allow":["GET"]}}],"collection":[{"href":"https:\/\/mikariyer.com\/en\/wp-json\/wp\/v2\/pages"}],"about":[{"href":"https:\/\/mikariyer.com\/en\/wp-json\/wp\/v2\/types\/page"}],"author":[{"embeddable":true,"href":"https:\/\/mikariyer.com\/en\/wp-json\/wp\/v2\/users\/3"}],"replies":[{"embeddable":true,"href":"https:\/\/mikariyer.com\/en\/wp-json\/wp\/v2\/comments?post=19297"}],"version-history":[{"count":4,"href":"https:\/\/mikariyer.com\/en\/wp-json\/wp\/v2\/pages\/19297\/revisions"}],"predecessor-version":[{"id":19303,"href":"https:\/\/mikariyer.com\/en\/wp-json\/wp\/v2\/pages\/19297\/revisions\/19303"}],"up":[{"embeddable":true,"href":"https:\/\/mikariyer.com\/en\/wp-json\/wp\/v2\/pages\/19286"}],"wp:attachment":[{"href":"https:\/\/mikariyer.com\/en\/wp-json\/wp\/v2\/media?parent=19297"}],"curies":[{"name":"wp","href":"https:\/\/api.w.org\/{rel}","templated":true}]}}