{"id":19340,"date":"2025-07-31T21:53:03","date_gmt":"2025-07-31T21:53:03","guid":{"rendered":"https:\/\/mikariyer.com\/?page_id=19340"},"modified":"2025-07-31T21:54:15","modified_gmt":"2025-07-31T21:54:15","slug":"allgemeines-deutsch","status":"publish","type":"page","link":"https:\/\/mikariyer.com\/en\/sprachschule\/allgemeines-deutsch\/","title":{"rendered":"ALLGEMEINES DEUTSCH"},"content":{"rendered":"<div data-elementor-type=\"wp-page\" data-elementor-id=\"19340\" class=\"elementor elementor-19340\" data-elementor-post-type=\"page\">\n\t\t\t\t<div class=\"elementor-element elementor-element-508d505 e-con-full e-flex e-con e-parent\" data-id=\"508d505\" data-element_type=\"container\">\n\t\t<div class=\"elementor-element elementor-element-f62d84a e-con-full e-flex e-con e-child\" data-id=\"f62d84a\" data-element_type=\"container\">\n\t\t\t\t<div class=\"elementor-element elementor-element-3e6125d elementor-widget elementor-widget-shortcode\" data-id=\"3e6125d\" data-element_type=\"widget\" data-widget_type=\"shortcode.default\">\n\t\t\t\t<div class=\"elementor-widget-container\">\n\t\t\t\t\t\t\t<div class=\"elementor-shortcode\">\t\t<div data-elementor-type=\"single-post\" data-elementor-id=\"16072\" class=\"elementor elementor-16072\" data-elementor-post-type=\"elementor_library\">\n\t\t\t<div class=\"elementor-element elementor-element-300316f elementor-hidden-mobile e-flex e-con-boxed e-con e-parent\" data-id=\"300316f\" data-element_type=\"container\" data-settings=\"{&quot;background_background&quot;:&quot;classic&quot;}\">\n\t\t\t\t\t<div class=\"e-con-inner\">\n\t\t<div class=\"elementor-element elementor-element-58b87ae e-con-full e-flex e-con e-child\" data-id=\"58b87ae\" data-element_type=\"container\">\n\t\t\t\t<div class=\"elementor-element elementor-element-ad0d9fd elementor-widget elementor-widget-infetech_elementor_heading\" data-id=\"ad0d9fd\" data-element_type=\"widget\" data-widget_type=\"infetech_elementor_heading.default\">\n\t\t\t\t<div class=\"elementor-widget-container\">\n\t\t\t\t\t\n\t\t\t<div class=\"ova-heading\">\n\t\t\t\t\n\t\t\t\t\n\t\t\t\t\n\t\t\t\t\t<h3 class=\"title\">\t\t\t\t\t\t\t\t\t\t\t\t\t<a href=\"https:\/\/mikariyer.com\/en\/dil-okulu\/\" title=\"\">LANGUAGE SCHOOL<\/a>\n\t\t\t\t\t\t\t\t\t\t\t<\/h3>\n                \n                \n\t\t\t<\/div>\n\n\t\t\t\t\t\t<\/div>\n\t\t\t\t<\/div>\n\t\t\t\t<div class=\"elementor-element elementor-element-a042caa elementor-nav-menu__text-align-aside elementor-widget elementor-widget-nav-menu\" data-id=\"a042caa\" data-element_type=\"widget\" data-settings=\"{&quot;layout&quot;:&quot;dropdown&quot;,&quot;submenu_icon&quot;:{&quot;value&quot;:&quot;&lt;svg class=\\&quot;e-font-icon-svg e-fas-caret-down\\&quot; viewBox=\\&quot;0 0 320 512\\&quot; xmlns=\\&quot;http:\\\/\\\/www.w3.org\\\/2000\\\/svg\\&quot;&gt;&lt;path d=\\&quot;M31.3 192h257.3c17.8 0 26.7 21.5 14.1 34.1L174.1 354.8c-7.8 7.8-20.5 7.8-28.3 0L17.2 226.1C4.6 213.5 13.5 192 31.3 192z\\&quot;&gt;&lt;\\\/path&gt;&lt;\\\/svg&gt;&quot;,&quot;library&quot;:&quot;fa-solid&quot;}}\" data-widget_type=\"nav-menu.default\">\n\t\t\t\t<div class=\"elementor-widget-container\">\n\t\t\t\t\t\t\t\t<nav class=\"elementor-nav-menu--dropdown elementor-nav-menu__container\" aria-hidden=\"true\">\n\t\t\t\t<ul id=\"menu-2-a042caa\" class=\"elementor-nav-menu\"><li class=\"menu-item menu-item-type-post_type menu-item-object-page menu-item-has-children menu-item-15909\"><a href=\"https:\/\/mikariyer.com\/en\/dil-okulu\/genel-almanca\/\" class=\"elementor-item\" tabindex=\"-1\">General German<\/a>\n<ul class=\"sub-menu elementor-nav-menu--dropdown\">\n\t<li class=\"menu-item menu-item-type-post_type menu-item-object-page menu-item-15911\"><a href=\"https:\/\/mikariyer.com\/en\/dil-okulu\/genel-almanca\/online-dil-egitimi\/\" class=\"elementor-sub-item\" tabindex=\"-1\">Online Language Education<\/a><\/li>\n\t<li class=\"menu-item menu-item-type-post_type menu-item-object-page menu-item-15912\"><a href=\"https:\/\/mikariyer.com\/en\/dil-okulu\/genel-almanca\/yuzyuze-dil-egitimi\/\" class=\"elementor-sub-item\" tabindex=\"-1\">Face-to-Face Language Training<\/a><\/li>\n\t<li class=\"menu-item menu-item-type-post_type menu-item-object-page menu-item-15913\"><a href=\"https:\/\/mikariyer.com\/en\/dil-okulu\/genel-almanca\/almanyada-b2-kursu\/\" class=\"elementor-sub-item\" tabindex=\"-1\">B2 Course in Germany<\/a><\/li>\n\t<li class=\"menu-item menu-item-type-post_type menu-item-object-page menu-item-15914\"><a href=\"https:\/\/mikariyer.com\/en\/dil-okulu\/genel-almanca\/aile-birlesimi\/\" class=\"elementor-sub-item\" tabindex=\"-1\">Family Reunification<\/a><\/li>\n<\/ul>\n<\/li>\n<li class=\"menu-item menu-item-type-post_type menu-item-object-page menu-item-has-children menu-item-15915\"><a href=\"https:\/\/mikariyer.com\/en\/dil-okulu\/mesleki-almanca\/\" class=\"elementor-item\" tabindex=\"-1\">Vocational German<\/a>\n<ul class=\"sub-menu elementor-nav-menu--dropdown\">\n\t<li class=\"menu-item menu-item-type-post_type menu-item-object-page menu-item-15916\"><a href=\"https:\/\/mikariyer.com\/en\/dil-okulu\/mesleki-almanca\/genel-saglik-dil-egitimi\/\" class=\"elementor-sub-item\" tabindex=\"-1\">General Health Language Training<\/a><\/li>\n\t<li class=\"menu-item menu-item-type-post_type menu-item-object-page menu-item-15917\"><a href=\"https:\/\/mikariyer.com\/en\/dil-okulu\/mesleki-almanca\/hizlandirilmis-kurs\/\" class=\"elementor-sub-item\" tabindex=\"-1\">Accelerated Course<\/a><\/li>\n\t<li class=\"menu-item menu-item-type-post_type menu-item-object-page menu-item-15918\"><a href=\"https:\/\/mikariyer.com\/en\/dil-okulu\/mesleki-almanca\/doktorlar-icin-fsp-kursu\/\" class=\"elementor-sub-item\" tabindex=\"-1\">FSP Course for Doctors<\/a><\/li>\n<\/ul>\n<\/li>\n<li class=\"menu-item menu-item-type-post_type menu-item-object-page menu-item-15919\"><a href=\"https:\/\/mikariyer.com\/en\/dil-okulu\/yaz-okulu\/\" class=\"elementor-item\" tabindex=\"-1\">Summer School<\/a><\/li>\n<\/ul>\t\t\t<\/nav>\n\t\t\t\t\t\t<\/div>\n\t\t\t\t<\/div>\n\t\t\t\t<div class=\"elementor-element elementor-element-d84be28 elementor-widget elementor-widget-infetech_elementor_heading\" data-id=\"d84be28\" data-element_type=\"widget\" data-widget_type=\"infetech_elementor_heading.default\">\n\t\t\t\t<div class=\"elementor-widget-container\">\n\t\t\t\t\t\n\t\t\t<div class=\"ova-heading\">\n\t\t\t\t\n\t\t\t\t\t\t\t\t\t<h2 class=\"sub-title\">\n\t\t\t\t\t\t<span class=\"underlined\"><\/span>\n\t\t\t\t\t\tMiCareer\t\t\t\t\t<\/h2>\t\n\t\t\t\t\n\t\t\t\t\n\t\t\t\t\t<h3 class=\"title\">\t\t\t\t\t\t\t\t\t\t\t\t\t<a href=\"https:\/\/mikariyer.com\/en\/contact-3\/\" title=\"\">Contact Us<\/a>\n\t\t\t\t\t\t\t\t\t\t\t<\/h3>\n                \n                \n\t\t\t<\/div>\n\n\t\t\t\t\t\t<\/div>\n\t\t\t\t<\/div>\n\t\t\t\t<div class=\"elementor-element elementor-element-8ec5c6c elementor-widget elementor-widget-infetech_elementor_contact_info\" data-id=\"8ec5c6c\" data-element_type=\"widget\" data-widget_type=\"infetech_elementor_contact_info.default\">\n\t\t\t\t<div class=\"elementor-widget-container\">\n\t\t\t\t\t\t\t\t<div class=\"ova-contact-info template2\">\n\t\t\t\t\n\t\t\t\t\t\t\t\t\t\t\t\t\t\t\t<div class=\"circle\">\n\t\t\t\t\t\t\t<div class=\"icon\">\n\t\t\t\t\t\t\t\t<i class=\"ovaicon ovaicon-phone-call\"><\/i>\n\t\t\t\t\t\t\t<\/div>\n\t\t\t\t\t\t<\/div>\t\n\t\t\t\t    \t\t\t    \t\t\t\t\n\t\t\t\t<div class=\"contact\">\n\t\t\t\t\t\n\t\t\t\t\t\t\t\t\t\t\t<div class=\"label\">\n\t\t\t\t\t\t\tContact Number\t\t\t\t\t\t<\/div>\n\t\t\t\t\t\n\t\t\t\t\t<ul class=\"info\">\n\t\t\t\t\t\t\t\t\t\t\t\t\t<li class=\"item\">\n\n\t\t\t\t\t\t\t\t<a href=\"https:\/\/wa.me\/4917684915411\" title=\"+ 49 17684915411\">+ 49 17684915411<\/a>\t\t\t\t\t\t\t<\/li>\n\t\t\t\t\t\t\t\t\t\t\t<\/ul>\n\n\t\t\t\t<\/div>\n\n\t\t\t<\/div>\n\n\t\t\t\t\t\t<\/div>\n\t\t\t\t<\/div>\n\t\t\t\t<div class=\"elementor-element elementor-element-c28735c elementor-widget elementor-widget-infetech_elementor_contact_info\" data-id=\"c28735c\" data-element_type=\"widget\" data-widget_type=\"infetech_elementor_contact_info.default\">\n\t\t\t\t<div class=\"elementor-widget-container\">\n\t\t\t\t\t\t\t\t<div class=\"ova-contact-info template2\">\n\t\t\t\t\n\t\t\t\t\t\t\t\t\t\t\t\t\t\t\t<div class=\"circle\">\n\t\t\t\t\t\t\t<div class=\"icon\">\n\t\t\t\t\t\t\t\t<i class=\"ovaicon ovaicon-email\"><\/i>\n\t\t\t\t\t\t\t<\/div>\n\t\t\t\t\t\t<\/div>\t\n\t\t\t\t    \t\t\t    \t\t\t\t\n\t\t\t\t<div class=\"contact\">\n\t\t\t\t\t\n\t\t\t\t\t\t\t\t\t\t\t<div class=\"label\">\n\t\t\t\t\t\t\tOur Mail Address\t\t\t\t\t\t<\/div>\n\t\t\t\t\t\n\t\t\t\t\t<ul class=\"info\">\n\t\t\t\t\t\t\t\t\t\t\t\t\t<li class=\"item\">\n\n\t\t\t\t\t\t\t\t\t\t\t\t\t\t\t\t\t\t\t<a href=\"mailto:info@mikariyer.com\" title=\"email\">\n\t\t\t\t\t\t\t\t\t\t\t\tinfo@mikariyer.com\t\t\t\t\t\t\t\t\t\t\t<\/a>\n\t\t\t\t\t\t\t\t\t\t\t\t\t\t\t\t\t<\/li>\n\t\t\t\t\t\t\t\t\t\t\t<\/ul>\n\n\t\t\t\t<\/div>\n\n\t\t\t<\/div>\n\n\t\t\t\t\t\t<\/div>\n\t\t\t\t<\/div>\n\t\t\t\t<div class=\"elementor-element elementor-element-2ae9b06 elementor-widget elementor-widget-infetech_elementor_contact_info\" data-id=\"2ae9b06\" data-element_type=\"widget\" data-widget_type=\"infetech_elementor_contact_info.default\">\n\t\t\t\t<div class=\"elementor-widget-container\">\n\t\t\t\t\t\t\t\t<div class=\"ova-contact-info template2\">\n\t\t\t\t\n\t\t\t\t\t\t\t\t\t\t\t\t\t\t\t<div class=\"circle\">\n\t\t\t\t\t\t\t<div class=\"icon\">\n\t\t\t\t\t\t\t\t<i class=\"far fa-map\"><\/i>\n\t\t\t\t\t\t\t<\/div>\n\t\t\t\t\t\t<\/div>\t\n\t\t\t\t    \t\t\t    \t\t\t\t\n\t\t\t\t<div class=\"contact\">\n\t\t\t\t\t\n\t\t\t\t\t\t\t\t\t\t\t<div class=\"label\">\n\t\t\t\t\t\t\tOur Address\t\t\t\t\t\t<\/div>\n\t\t\t\t\t\n\t\t\t\t\t<ul class=\"info\">\n\t\t\t\t\t\t\t\t\t\t\t\t\t<li class=\"item\">\n\n\t\t\t\t\t\t\t\t<a href=\"https:\/\/maps.app.goo.gl\/HDJiQThZhUDnXWy77\" target=\"_blank\" title=\"338A Regents Park Road Office 3 and 4 London United Kingdom N3 2LN\">338A Regents Park Road Office 3 and 4 London United Kingdom N3 2LN<\/a>\t\t\t\t\t\t\t<\/li>\n\t\t\t\t\t\t\t\t\t\t\t<\/ul>\n\n\t\t\t\t<\/div>\n\n\t\t\t<\/div>\n\n\t\t\t\t\t\t<\/div>\n\t\t\t\t<\/div>\n\t\t\t\t<\/div>\n\t\t\t\t\t<\/div>\n\t\t\t\t<\/div>\n\t\t\t\t<\/div>\n\t\t<\/div>\n\t\t\t\t\t\t<\/div>\n\t\t\t\t<\/div>\n\t\t\t\t<\/div>\n\t\t<div class=\"elementor-element elementor-element-0cdd8bc e-con-full e-flex e-con e-child\" data-id=\"0cdd8bc\" data-element_type=\"container\">\n\t\t\t\t<div class=\"elementor-element elementor-element-f191302 elementor-widget elementor-widget-infetech_elementor_heading\" data-id=\"f191302\" data-element_type=\"widget\" data-widget_type=\"infetech_elementor_heading.default\">\n\t\t\t\t<div class=\"elementor-widget-container\">\n\t\t\t\t\t\n\t\t\t<div class=\"ova-heading\">\n\t\t\t\t\n\t\t\t\t\t\t\t\t\t<h2 class=\"sub-title\">\n\t\t\t\t\t\t<span class=\"underlined\"><\/span>\n\t\t\t\t\t\tLanguage School\t\t\t\t\t<\/h2>\t\n\t\t\t\t\n\t\t\t\t\n\t\t\t\t\t<h2 class=\"title\">\t\t\t\t\t\t\t\t\t\t\t\t\t<a href=\"https:\/\/mikariyer.com\/en\/dil-okulu\/genel-almanca\/\" title=\"\">ALLGEMEINES DEUTSCH<\/a>\n\t\t\t\t\t\t\t\t\t\t\t<\/h2>\n                \n                \n\t\t\t<\/div>\n\n\t\t\t\t\t\t<\/div>\n\t\t\t\t<\/div>\n\t\t\t\t<div class=\"elementor-element elementor-element-966ab10 elementor-blockquote--skin-boxed elementor-blockquote--align-center elementor-blockquote--button-color-official elementor-widget elementor-widget-blockquote\" data-id=\"966ab10\" data-element_type=\"widget\" data-widget_type=\"blockquote.default\">\n\t\t\t\t<div class=\"elementor-widget-container\">\n\t\t\t\t\t\t\t<blockquote class=\"elementor-blockquote\">\n\t\t\t<p class=\"elementor-blockquote__content\">\n\t\t\t\tLernen Sie Deutsch \u2013 und starten Sie sicher in Ihr neues Leben!\t\t\t<\/p>\n\t\t\t\t\t<\/blockquote>\n\t\t\t\t\t\t<\/div>\n\t\t\t\t<\/div>\n\t\t\t\t<div class=\"elementor-element elementor-element-7ed2f29 elementor-widget elementor-widget-image\" data-id=\"7ed2f29\" data-element_type=\"widget\" data-widget_type=\"image.default\">\n\t\t\t\t<div class=\"elementor-widget-container\">\n\t\t\t\t\t\t\t\t\t\t\t\t\t\t\t<img fetchpriority=\"high\" decoding=\"async\" width=\"768\" height=\"513\" src=\"https:\/\/mikariyer.com\/wp-content\/uploads\/2024\/06\/group-happy-young-students-university-768x513.jpg\" class=\"attachment-medium_large size-medium_large wp-image-17574\" alt=\"\" srcset=\"https:\/\/mikariyer.com\/wp-content\/uploads\/2024\/06\/group-happy-young-students-university-768x513.jpg 768w, https:\/\/mikariyer.com\/wp-content\/uploads\/2024\/06\/group-happy-young-students-university-300x200.jpg 300w, https:\/\/mikariyer.com\/wp-content\/uploads\/2024\/06\/group-happy-young-students-university-1024x684.jpg 1024w, https:\/\/mikariyer.com\/wp-content\/uploads\/2024\/06\/group-happy-young-students-university-1536x1025.jpg 1536w, https:\/\/mikariyer.com\/wp-content\/uploads\/2024\/06\/group-happy-young-students-university-2048x1367.jpg 2048w\" sizes=\"(max-width: 768px) 100vw, 768px\" \/>\t\t\t\t\t\t\t\t\t\t\t\t\t\t\t<\/div>\n\t\t\t\t<\/div>\n\t\t\t\t<div class=\"elementor-element elementor-element-873cd4a elementor-widget elementor-widget-text-editor\" data-id=\"873cd4a\" data-element_type=\"widget\" data-widget_type=\"text-editor.default\">\n\t\t\t\t<div class=\"elementor-widget-container\">\n\t\t\t\t\t\t\t\t\t<p>Deutsch ist in Deutschland nicht nur eine Sprache, sondern der Schl\u00fcssel zum beruflichen Erfolg und zur gesellschaftlichen Integration. Ob im Alltag oder im Berufsleben \u2013 wer die Sprache beherrscht, f\u00fchlt sich sicherer und agiert selbstbewusster. F\u00fcr internationale Fachkr\u00e4fte und Studierende ist Deutsch die erste und wichtigste Voraussetzung f\u00fcr nachhaltigen Erfolg in Deutschland.<\/p><p>\u00a0<\/p><p>Mit dem MiKariyer Sprachprogramm bieten wir gezielte Sprachkurse an, die Sie optimal auf Ihren Berufs- oder Studienalltag vorbereiten. Ob f\u00fcr Pr\u00fcfungen, offizielle Sprachzertifikate oder den souver\u00e4nen Umgang mit Kolleg:innen \u2013 wir begleiten Sie auf dem gesamten Weg und unterst\u00fctzen Sie bei Ihrer erfolgreichen Integration.<\/p>\t\t\t\t\t\t\t\t<\/div>\n\t\t\t\t<\/div>\n\t\t\t\t<div class=\"elementor-element elementor-element-4715f2c elementor-widget elementor-widget-heading\" data-id=\"4715f2c\" data-element_type=\"widget\" data-widget_type=\"heading.default\">\n\t\t\t\t<div class=\"elementor-widget-container\">\n\t\t\t\t\t<h2 class=\"elementor-heading-title elementor-size-default\">OUR SERVICES<\/h2>\t\t\t\t<\/div>\n\t\t\t\t<\/div>\n\t\t\t\t<div class=\"elementor-element elementor-element-f49f7e6 elementor-widget elementor-widget-infetech_elementor_service_toggle\" data-id=\"f49f7e6\" data-element_type=\"widget\" data-widget_type=\"infetech_elementor_service_toggle.default\">\n\t\t\t\t<div class=\"elementor-widget-container\">\n\t\t\t\t\t\t\t  \t<div class=\"ova-service-toggle\">\n\t\t        \n\t\t\t\t<div class=\"item\">\n\t\t\t\t\t<div class=\"toggle\">\n\t\t\t\t\t\t<div class=\"heading-wrap\">\n\t\t\t\t\t\t\t\t\t\t\t\t\t\t\t<div class=\"icon\">\n\t\t\t\t\t\t\t\t\t<i aria-hidden=\"true\" class=\"flaticonnew- flaticon-new-right\"><\/i> \n\t\t\t\t\t\t\t\t<\/div>\n\t\t\t\t\t\t\t\t\t\t\t\t\t\t\t<h3 class=\"title\">\n\t\t\t\t\t\t\t\t\tOnline Language Education\t\t\t\t\t\t\t\t<\/h3>\n\t\t\t\t\t\t\t\t\t\t\t\t\t<\/div>\n\t\t\t\t\t\t<div class=\"info-wrap\">\n\t\t\t\t\t\t\t\t\t\t\t\t\t\t\t<p class=\"description\">\n\t\t\t\t\t\t\t\t\tAs MiKariyer Language Education Program, our German Online courses are designed to enrich your learning process and perfect your language skills. \t\t\t\t\t\t\t\t<\/p>\n\t\t\t\t\t\t\t\t\t\t\t\t\t\t<div class=\"toggle-icon\">\n\t\t\t\t\t\t\t\t\t\t\t\t\t\t\t\t\t<i aria-hidden=\"true\" class=\"flaticoninfetech- flaticon-infetech-plus\"><\/i>\n\t\t\t\t\t\t\t\t\t\t\t\t\t\t\t<\/div>\n\t\t\t\t\t\t<\/div>\n\t\t\t\t\t<\/div>\n\t\t\t\t\t<div class=\"service-content\">\n\t\t\t\t\t\t<div class=\"spacing\"><\/div>\n\t\t\t\t\t\t<div class=\"content\">\n\t\t\t\t\t\t\t<p><a href=\"https:\/\/mikariyer.com\/en\/dil-okulu\/genel-almanca\/online-dil-egitimi\/\">Click for Detailed Information<\/a><\/p> \n\t\t\t\t\t\t<\/div>\n\t\t\t\t\t<\/div>\n\t\t\t\t<\/div>\n\t\t\t\t\n\t\t\t\t<div class=\"item\">\n\t\t\t\t\t<div class=\"toggle\">\n\t\t\t\t\t\t<div class=\"heading-wrap\">\n\t\t\t\t\t\t\t\t\t\t\t\t\t\t\t<div class=\"icon\">\n\t\t\t\t\t\t\t\t\t<i aria-hidden=\"true\" class=\"flaticonnew- flaticon-new-right\"><\/i> \n\t\t\t\t\t\t\t\t<\/div>\n\t\t\t\t\t\t\t\t\t\t\t\t\t\t\t<h3 class=\"title\">\n\t\t\t\t\t\t\t\t\tFace-to-Face Language Training\t\t\t\t\t\t\t\t<\/h3>\n\t\t\t\t\t\t\t\t\t\t\t\t\t<\/div>\n\t\t\t\t\t\t<div class=\"info-wrap\">\n\t\t\t\t\t\t\t\t\t\t\t\t\t\t\t<p class=\"description\">\n\t\t\t\t\t\t\t\t\tFace-to-face German instruction is the most effective way to learn the subtleties of the language, pronunciation and cultural context through direct experience. \t\t\t\t\t\t\t\t<\/p>\n\t\t\t\t\t\t\t\t\t\t\t\t\t\t<div class=\"toggle-icon active\">\n\t\t\t\t\t\t\t\t\t\t\t\t\t\t\t\t\t<i aria-hidden=\"true\" class=\"flaticoninfetech- flaticon-infetech-minus-sign\"><\/i>\n\t\t\t\t\t\t\t\t\t\t\t\t\t\t\t<\/div>\n\t\t\t\t\t\t<\/div>\n\t\t\t\t\t<\/div>\n\t\t\t\t\t<div class=\"service-content active\">\n\t\t\t\t\t\t<div class=\"spacing\"><\/div>\n\t\t\t\t\t\t<div class=\"content\">\n\t\t\t\t\t\t\t<p><a href=\"https:\/\/mikariyer.com\/en\/dil-okulu\/genel-almanca\/yuzyuze-dil-egitimi\/\">Click for Detailed Information<\/a><\/p> \n\t\t\t\t\t\t<\/div>\n\t\t\t\t\t<\/div>\n\t\t\t\t<\/div>\n\t\t\t\t\n\t\t\t\t<div class=\"item\">\n\t\t\t\t\t<div class=\"toggle\">\n\t\t\t\t\t\t<div class=\"heading-wrap\">\n\t\t\t\t\t\t\t\t\t\t\t\t\t\t\t<div class=\"icon\">\n\t\t\t\t\t\t\t\t\t<i aria-hidden=\"true\" class=\"flaticonnew- flaticon-new-right\"><\/i> \n\t\t\t\t\t\t\t\t<\/div>\n\t\t\t\t\t\t\t\t\t\t\t\t\t\t\t<h3 class=\"title\">\n\t\t\t\t\t\t\t\t\tB2 Course in Germany\t\t\t\t\t\t\t\t<\/h3>\n\t\t\t\t\t\t\t\t\t\t\t\t\t<\/div>\n\t\t\t\t\t\t<div class=\"info-wrap\">\n\t\t\t\t\t\t\t\t\t\t\t\t\t\t\t<p class=\"description\">\n\t\t\t\t\t\t\t\t\tThe most effective way to develop language skills is to experience the language as part of everyday life. \t\t\t\t\t\t\t\t<\/p>\n\t\t\t\t\t\t\t\t\t\t\t\t\t\t<div class=\"toggle-icon\">\n\t\t\t\t\t\t\t\t\t\t\t\t\t\t\t\t\t<i aria-hidden=\"true\" class=\"flaticoninfetech- flaticon-infetech-plus\"><\/i>\n\t\t\t\t\t\t\t\t\t\t\t\t\t\t\t<\/div>\n\t\t\t\t\t\t<\/div>\n\t\t\t\t\t<\/div>\n\t\t\t\t\t<div class=\"service-content\">\n\t\t\t\t\t\t<div class=\"spacing\"><\/div>\n\t\t\t\t\t\t<div class=\"content\">\n\t\t\t\t\t\t\t<p><a href=\"https:\/\/mikariyer.com\/en\/dil-okulu\/genel-almanca\/almanyada-b2-kursu\/\">Click for Detailed Information<\/a><\/p> \n\t\t\t\t\t\t<\/div>\n\t\t\t\t\t<\/div>\n\t\t\t\t<\/div>\n\t\t\t\t\n\t\t\t\t<div class=\"item\">\n\t\t\t\t\t<div class=\"toggle\">\n\t\t\t\t\t\t<div class=\"heading-wrap\">\n\t\t\t\t\t\t\t\t\t\t\t\t\t\t\t<div class=\"icon\">\n\t\t\t\t\t\t\t\t\t<i aria-hidden=\"true\" class=\"flaticonnew- flaticon-new-right\"><\/i> \n\t\t\t\t\t\t\t\t<\/div>\n\t\t\t\t\t\t\t\t\t\t\t\t\t\t\t<h3 class=\"title\">\n\t\t\t\t\t\t\t\t\tFamily Reunification\t\t\t\t\t\t\t\t<\/h3>\n\t\t\t\t\t\t\t\t\t\t\t\t\t<\/div>\n\t\t\t\t\t\t<div class=\"info-wrap\">\n\t\t\t\t\t\t\t\t\t\t\t\t\t\t\t<p class=\"description\">\n\t\t\t\t\t\t\t\t\tAs MiKariyer, we are building a strong bridge with our language training support for families who are moving in with their spouses in the hope of starting a new life in Germany. \t\t\t\t\t\t\t\t<\/p>\n\t\t\t\t\t\t\t\t\t\t\t\t\t\t<div class=\"toggle-icon\">\n\t\t\t\t\t\t\t\t\t\t\t\t\t\t\t\t\t<i aria-hidden=\"true\" class=\"flaticoninfetech- flaticon-infetech-plus\"><\/i>\n\t\t\t\t\t\t\t\t\t\t\t\t\t\t\t<\/div>\n\t\t\t\t\t\t<\/div>\n\t\t\t\t\t<\/div>\n\t\t\t\t\t<div class=\"service-content\">\n\t\t\t\t\t\t<div class=\"spacing\"><\/div>\n\t\t\t\t\t\t<div class=\"content\">\n\t\t\t\t\t\t\t<p><a href=\"https:\/\/mikariyer.com\/en\/dil-okulu\/genel-almanca\/aile-birlesimi\/\">Click for Detailed Information<\/a><\/p> \n\t\t\t\t\t\t<\/div>\n\t\t\t\t\t<\/div>\n\t\t\t\t<\/div>\n\t\t\t\t\t\t\t<\/div>\n\t\t\t\t\t\t<\/div>\n\t\t\t\t<\/div>\n\t\t\t\t<\/div>\n\t\t\t\t<\/div>\n\t\t\t\t<\/div>","protected":false},"excerpt":{"rendered":"<p>Dil Okulu ALLGEMEINES DEUTSCH Lernen Sie Deutsch \u2013 und starten Sie sicher in Ihr neues Leben! Deutsch ist in Deutschland nicht nur eine Sprache, sondern der Schl\u00fcssel zum beruflichen Erfolg und zur gesellschaftlichen Integration. Ob im Alltag oder im Berufsleben \u2013 wer die Sprache beherrscht, f\u00fchlt sich sicherer und agiert selbstbewusster. F\u00fcr internationale Fachkr\u00e4fte und [&hellip;]<\/p>\n","protected":false},"author":3,"featured_media":0,"parent":19330,"menu_order":1,"comment_status":"closed","ping_status":"closed","template":"","meta":{"footnotes":""},"class_list":["post-19340","page","type-page","status-publish","hentry"],"_links":{"self":[{"href":"https:\/\/mikariyer.com\/en\/wp-json\/wp\/v2\/pages\/19340","targetHints":{"allow":["GET"]}}],"collection":[{"href":"https:\/\/mikariyer.com\/en\/wp-json\/wp\/v2\/pages"}],"about":[{"href":"https:\/\/mikariyer.com\/en\/wp-json\/wp\/v2\/types\/page"}],"author":[{"embeddable":true,"href":"https:\/\/mikariyer.com\/en\/wp-json\/wp\/v2\/users\/3"}],"replies":[{"embeddable":true,"href":"https:\/\/mikariyer.com\/en\/wp-json\/wp\/v2\/comments?post=19340"}],"version-history":[{"count":4,"href":"https:\/\/mikariyer.com\/en\/wp-json\/wp\/v2\/pages\/19340\/revisions"}],"predecessor-version":[{"id":19350,"href":"https:\/\/mikariyer.com\/en\/wp-json\/wp\/v2\/pages\/19340\/revisions\/19350"}],"up":[{"embeddable":true,"href":"https:\/\/mikariyer.com\/en\/wp-json\/wp\/v2\/pages\/19330"}],"wp:attachment":[{"href":"https:\/\/mikariyer.com\/en\/wp-json\/wp\/v2\/media?parent=19340"}],"curies":[{"name":"wp","href":"https:\/\/api.w.org\/{rel}","templated":true}]}}