{"id":19385,"date":"2025-07-31T22:19:12","date_gmt":"2025-07-31T22:19:12","guid":{"rendered":"https:\/\/mikariyer.com\/?page_id=19385"},"modified":"2025-07-31T22:20:04","modified_gmt":"2025-07-31T22:20:04","slug":"familiennachzug","status":"publish","type":"page","link":"https:\/\/mikariyer.com\/en\/sprachschule\/allgemeines-deutsch\/familiennachzug\/","title":{"rendered":"FAMILIENNACHZUG"},"content":{"rendered":"<div data-elementor-type=\"wp-page\" data-elementor-id=\"19385\" class=\"elementor elementor-19385\" data-elementor-post-type=\"page\">\n\t\t\t\t<div class=\"elementor-element elementor-element-613cb43 e-con-full e-flex e-con e-parent\" data-id=\"613cb43\" data-element_type=\"container\">\n\t\t<div class=\"elementor-element elementor-element-bfae887 e-con-full e-flex e-con e-child\" data-id=\"bfae887\" data-element_type=\"container\">\n\t\t\t\t<div class=\"elementor-element elementor-element-ab061c0 elementor-widget elementor-widget-shortcode\" data-id=\"ab061c0\" data-element_type=\"widget\" data-widget_type=\"shortcode.default\">\n\t\t\t\t<div class=\"elementor-widget-container\">\n\t\t\t\t\t\t\t<div class=\"elementor-shortcode\">\t\t<div data-elementor-type=\"single-post\" data-elementor-id=\"16072\" class=\"elementor elementor-16072\" data-elementor-post-type=\"elementor_library\">\n\t\t\t<div class=\"elementor-element elementor-element-300316f elementor-hidden-mobile e-flex e-con-boxed e-con e-parent\" data-id=\"300316f\" data-element_type=\"container\" data-settings=\"{&quot;background_background&quot;:&quot;classic&quot;}\">\n\t\t\t\t\t<div class=\"e-con-inner\">\n\t\t<div class=\"elementor-element elementor-element-58b87ae e-con-full e-flex e-con e-child\" data-id=\"58b87ae\" data-element_type=\"container\">\n\t\t\t\t<div class=\"elementor-element elementor-element-ad0d9fd elementor-widget elementor-widget-infetech_elementor_heading\" data-id=\"ad0d9fd\" data-element_type=\"widget\" data-widget_type=\"infetech_elementor_heading.default\">\n\t\t\t\t<div class=\"elementor-widget-container\">\n\t\t\t\t\t\n\t\t\t<div class=\"ova-heading\">\n\t\t\t\t\n\t\t\t\t\n\t\t\t\t\n\t\t\t\t\t<h3 class=\"title\">\t\t\t\t\t\t\t\t\t\t\t\t\t<a href=\"https:\/\/mikariyer.com\/en\/dil-okulu\/\" title=\"\">LANGUAGE SCHOOL<\/a>\n\t\t\t\t\t\t\t\t\t\t\t<\/h3>\n                \n                \n\t\t\t<\/div>\n\n\t\t\t\t\t\t<\/div>\n\t\t\t\t<\/div>\n\t\t\t\t<div class=\"elementor-element elementor-element-a042caa elementor-nav-menu__text-align-aside elementor-widget elementor-widget-nav-menu\" data-id=\"a042caa\" data-element_type=\"widget\" data-settings=\"{&quot;layout&quot;:&quot;dropdown&quot;,&quot;submenu_icon&quot;:{&quot;value&quot;:&quot;&lt;svg class=\\&quot;e-font-icon-svg e-fas-caret-down\\&quot; viewBox=\\&quot;0 0 320 512\\&quot; xmlns=\\&quot;http:\\\/\\\/www.w3.org\\\/2000\\\/svg\\&quot;&gt;&lt;path d=\\&quot;M31.3 192h257.3c17.8 0 26.7 21.5 14.1 34.1L174.1 354.8c-7.8 7.8-20.5 7.8-28.3 0L17.2 226.1C4.6 213.5 13.5 192 31.3 192z\\&quot;&gt;&lt;\\\/path&gt;&lt;\\\/svg&gt;&quot;,&quot;library&quot;:&quot;fa-solid&quot;}}\" data-widget_type=\"nav-menu.default\">\n\t\t\t\t<div class=\"elementor-widget-container\">\n\t\t\t\t\t\t\t\t<nav class=\"elementor-nav-menu--dropdown elementor-nav-menu__container\" aria-hidden=\"true\">\n\t\t\t\t<ul id=\"menu-2-a042caa\" class=\"elementor-nav-menu\"><li class=\"menu-item menu-item-type-post_type menu-item-object-page menu-item-has-children menu-item-15909\"><a href=\"https:\/\/mikariyer.com\/en\/dil-okulu\/genel-almanca\/\" class=\"elementor-item\" tabindex=\"-1\">General German<\/a>\n<ul class=\"sub-menu elementor-nav-menu--dropdown\">\n\t<li class=\"menu-item menu-item-type-post_type menu-item-object-page menu-item-15911\"><a href=\"https:\/\/mikariyer.com\/en\/dil-okulu\/genel-almanca\/online-dil-egitimi\/\" class=\"elementor-sub-item\" tabindex=\"-1\">Online Language Education<\/a><\/li>\n\t<li class=\"menu-item menu-item-type-post_type menu-item-object-page menu-item-15912\"><a href=\"https:\/\/mikariyer.com\/en\/dil-okulu\/genel-almanca\/yuzyuze-dil-egitimi\/\" class=\"elementor-sub-item\" tabindex=\"-1\">Face-to-Face Language Training<\/a><\/li>\n\t<li class=\"menu-item menu-item-type-post_type menu-item-object-page menu-item-15913\"><a href=\"https:\/\/mikariyer.com\/en\/dil-okulu\/genel-almanca\/almanyada-b2-kursu\/\" class=\"elementor-sub-item\" tabindex=\"-1\">B2 Course in Germany<\/a><\/li>\n\t<li class=\"menu-item menu-item-type-post_type menu-item-object-page menu-item-15914\"><a href=\"https:\/\/mikariyer.com\/en\/dil-okulu\/genel-almanca\/aile-birlesimi\/\" class=\"elementor-sub-item\" tabindex=\"-1\">Family Reunification<\/a><\/li>\n<\/ul>\n<\/li>\n<li class=\"menu-item menu-item-type-post_type menu-item-object-page menu-item-has-children menu-item-15915\"><a href=\"https:\/\/mikariyer.com\/en\/dil-okulu\/mesleki-almanca\/\" class=\"elementor-item\" tabindex=\"-1\">Vocational German<\/a>\n<ul class=\"sub-menu elementor-nav-menu--dropdown\">\n\t<li class=\"menu-item menu-item-type-post_type menu-item-object-page menu-item-15916\"><a href=\"https:\/\/mikariyer.com\/en\/dil-okulu\/mesleki-almanca\/genel-saglik-dil-egitimi\/\" class=\"elementor-sub-item\" tabindex=\"-1\">General Health Language Training<\/a><\/li>\n\t<li class=\"menu-item menu-item-type-post_type menu-item-object-page menu-item-15917\"><a href=\"https:\/\/mikariyer.com\/en\/dil-okulu\/mesleki-almanca\/hizlandirilmis-kurs\/\" class=\"elementor-sub-item\" tabindex=\"-1\">Accelerated Course<\/a><\/li>\n\t<li class=\"menu-item menu-item-type-post_type menu-item-object-page menu-item-15918\"><a href=\"https:\/\/mikariyer.com\/en\/dil-okulu\/mesleki-almanca\/doktorlar-icin-fsp-kursu\/\" class=\"elementor-sub-item\" tabindex=\"-1\">FSP Course for Doctors<\/a><\/li>\n<\/ul>\n<\/li>\n<li class=\"menu-item menu-item-type-post_type menu-item-object-page menu-item-15919\"><a href=\"https:\/\/mikariyer.com\/en\/dil-okulu\/yaz-okulu\/\" class=\"elementor-item\" tabindex=\"-1\">Summer School<\/a><\/li>\n<\/ul>\t\t\t<\/nav>\n\t\t\t\t\t\t<\/div>\n\t\t\t\t<\/div>\n\t\t\t\t<div class=\"elementor-element elementor-element-d84be28 elementor-widget elementor-widget-infetech_elementor_heading\" data-id=\"d84be28\" data-element_type=\"widget\" data-widget_type=\"infetech_elementor_heading.default\">\n\t\t\t\t<div class=\"elementor-widget-container\">\n\t\t\t\t\t\n\t\t\t<div class=\"ova-heading\">\n\t\t\t\t\n\t\t\t\t\t\t\t\t\t<h2 class=\"sub-title\">\n\t\t\t\t\t\t<span class=\"underlined\"><\/span>\n\t\t\t\t\t\tMiCareer\t\t\t\t\t<\/h2>\t\n\t\t\t\t\n\t\t\t\t\n\t\t\t\t\t<h3 class=\"title\">\t\t\t\t\t\t\t\t\t\t\t\t\t<a href=\"https:\/\/mikariyer.com\/en\/contact-3\/\" title=\"\">Contact Us<\/a>\n\t\t\t\t\t\t\t\t\t\t\t<\/h3>\n                \n                \n\t\t\t<\/div>\n\n\t\t\t\t\t\t<\/div>\n\t\t\t\t<\/div>\n\t\t\t\t<div class=\"elementor-element elementor-element-8ec5c6c elementor-widget elementor-widget-infetech_elementor_contact_info\" data-id=\"8ec5c6c\" data-element_type=\"widget\" data-widget_type=\"infetech_elementor_contact_info.default\">\n\t\t\t\t<div class=\"elementor-widget-container\">\n\t\t\t\t\t\t\t\t<div class=\"ova-contact-info template2\">\n\t\t\t\t\n\t\t\t\t\t\t\t\t\t\t\t\t\t\t\t<div class=\"circle\">\n\t\t\t\t\t\t\t<div class=\"icon\">\n\t\t\t\t\t\t\t\t<i class=\"ovaicon ovaicon-phone-call\"><\/i>\n\t\t\t\t\t\t\t<\/div>\n\t\t\t\t\t\t<\/div>\t\n\t\t\t\t    \t\t\t    \t\t\t\t\n\t\t\t\t<div class=\"contact\">\n\t\t\t\t\t\n\t\t\t\t\t\t\t\t\t\t\t<div class=\"label\">\n\t\t\t\t\t\t\tContact Number\t\t\t\t\t\t<\/div>\n\t\t\t\t\t\n\t\t\t\t\t<ul class=\"info\">\n\t\t\t\t\t\t\t\t\t\t\t\t\t<li class=\"item\">\n\n\t\t\t\t\t\t\t\t<a href=\"https:\/\/wa.me\/4917684915411\" title=\"+ 49 17684915411\">+ 49 17684915411<\/a>\t\t\t\t\t\t\t<\/li>\n\t\t\t\t\t\t\t\t\t\t\t<\/ul>\n\n\t\t\t\t<\/div>\n\n\t\t\t<\/div>\n\n\t\t\t\t\t\t<\/div>\n\t\t\t\t<\/div>\n\t\t\t\t<div class=\"elementor-element elementor-element-c28735c elementor-widget elementor-widget-infetech_elementor_contact_info\" data-id=\"c28735c\" data-element_type=\"widget\" data-widget_type=\"infetech_elementor_contact_info.default\">\n\t\t\t\t<div class=\"elementor-widget-container\">\n\t\t\t\t\t\t\t\t<div class=\"ova-contact-info template2\">\n\t\t\t\t\n\t\t\t\t\t\t\t\t\t\t\t\t\t\t\t<div class=\"circle\">\n\t\t\t\t\t\t\t<div class=\"icon\">\n\t\t\t\t\t\t\t\t<i class=\"ovaicon ovaicon-email\"><\/i>\n\t\t\t\t\t\t\t<\/div>\n\t\t\t\t\t\t<\/div>\t\n\t\t\t\t    \t\t\t    \t\t\t\t\n\t\t\t\t<div class=\"contact\">\n\t\t\t\t\t\n\t\t\t\t\t\t\t\t\t\t\t<div class=\"label\">\n\t\t\t\t\t\t\tOur Mail Address\t\t\t\t\t\t<\/div>\n\t\t\t\t\t\n\t\t\t\t\t<ul class=\"info\">\n\t\t\t\t\t\t\t\t\t\t\t\t\t<li class=\"item\">\n\n\t\t\t\t\t\t\t\t\t\t\t\t\t\t\t\t\t\t\t<a href=\"mailto:info@mikariyer.com\" title=\"email\">\n\t\t\t\t\t\t\t\t\t\t\t\tinfo@mikariyer.com\t\t\t\t\t\t\t\t\t\t\t<\/a>\n\t\t\t\t\t\t\t\t\t\t\t\t\t\t\t\t\t<\/li>\n\t\t\t\t\t\t\t\t\t\t\t<\/ul>\n\n\t\t\t\t<\/div>\n\n\t\t\t<\/div>\n\n\t\t\t\t\t\t<\/div>\n\t\t\t\t<\/div>\n\t\t\t\t<div class=\"elementor-element elementor-element-2ae9b06 elementor-widget elementor-widget-infetech_elementor_contact_info\" data-id=\"2ae9b06\" data-element_type=\"widget\" data-widget_type=\"infetech_elementor_contact_info.default\">\n\t\t\t\t<div class=\"elementor-widget-container\">\n\t\t\t\t\t\t\t\t<div class=\"ova-contact-info template2\">\n\t\t\t\t\n\t\t\t\t\t\t\t\t\t\t\t\t\t\t\t<div class=\"circle\">\n\t\t\t\t\t\t\t<div class=\"icon\">\n\t\t\t\t\t\t\t\t<i class=\"far fa-map\"><\/i>\n\t\t\t\t\t\t\t<\/div>\n\t\t\t\t\t\t<\/div>\t\n\t\t\t\t    \t\t\t    \t\t\t\t\n\t\t\t\t<div class=\"contact\">\n\t\t\t\t\t\n\t\t\t\t\t\t\t\t\t\t\t<div class=\"label\">\n\t\t\t\t\t\t\tOur Address\t\t\t\t\t\t<\/div>\n\t\t\t\t\t\n\t\t\t\t\t<ul class=\"info\">\n\t\t\t\t\t\t\t\t\t\t\t\t\t<li class=\"item\">\n\n\t\t\t\t\t\t\t\t<a href=\"https:\/\/maps.app.goo.gl\/HDJiQThZhUDnXWy77\" target=\"_blank\" title=\"338A Regents Park Road Office 3 and 4 London United Kingdom N3 2LN\">338A Regents Park Road Office 3 and 4 London United Kingdom N3 2LN<\/a>\t\t\t\t\t\t\t<\/li>\n\t\t\t\t\t\t\t\t\t\t\t<\/ul>\n\n\t\t\t\t<\/div>\n\n\t\t\t<\/div>\n\n\t\t\t\t\t\t<\/div>\n\t\t\t\t<\/div>\n\t\t\t\t<\/div>\n\t\t\t\t\t<\/div>\n\t\t\t\t<\/div>\n\t\t\t\t<\/div>\n\t\t<\/div>\n\t\t\t\t\t\t<\/div>\n\t\t\t\t<\/div>\n\t\t\t\t<\/div>\n\t\t<div class=\"elementor-element elementor-element-2fd5393 e-con-full e-flex e-con e-child\" data-id=\"2fd5393\" data-element_type=\"container\">\n\t\t\t\t<div class=\"elementor-element elementor-element-dd0c86a elementor-widget elementor-widget-infetech_elementor_heading\" data-id=\"dd0c86a\" data-element_type=\"widget\" data-widget_type=\"infetech_elementor_heading.default\">\n\t\t\t\t<div class=\"elementor-widget-container\">\n\t\t\t\t\t\n\t\t\t<div class=\"ova-heading\">\n\t\t\t\t\n\t\t\t\t\t\t\t\t\t<h2 class=\"sub-title\">\n\t\t\t\t\t\t<span class=\"underlined\"><\/span>\n\t\t\t\t\t\tGeneral German\t\t\t\t\t<\/h2>\t\n\t\t\t\t\n\t\t\t\t\n\t\t\t\t\t<h2 class=\"title\">\t\t\t\t\t\t\t\t\t\t\t\t\t<a href=\"https:\/\/mikariyer.com\/en\/dil-okulu\/genel-almanca\/aile-birlesimi\/\" title=\"\">FAMILIENNACHZUG<\/a>\n\t\t\t\t\t\t\t\t\t\t\t<\/h2>\n                \n                \n\t\t\t<\/div>\n\n\t\t\t\t\t\t<\/div>\n\t\t\t\t<\/div>\n\t\t\t\t<div class=\"elementor-element elementor-element-3438ef8 elementor-blockquote--skin-boxed elementor-blockquote--align-center elementor-blockquote--button-color-official elementor-widget elementor-widget-blockquote\" data-id=\"3438ef8\" data-element_type=\"widget\" data-widget_type=\"blockquote.default\">\n\t\t\t\t<div class=\"elementor-widget-container\">\n\t\t\t\t\t\t\t<blockquote class=\"elementor-blockquote\">\n\t\t\t<p class=\"elementor-blockquote__content\">\n\t\t\t\tGemeinsam mit der Familie in eine st\u00e4rkere, gl\u00fccklichere Zukunft!\t\t\t<\/p>\n\t\t\t\t\t<\/blockquote>\n\t\t\t\t\t\t<\/div>\n\t\t\t\t<\/div>\n\t\t\t\t<div class=\"elementor-element elementor-element-5b8adf6 elementor-widget elementor-widget-text-editor\" data-id=\"5b8adf6\" data-element_type=\"widget\" data-widget_type=\"text-editor.default\">\n\t\t\t\t<div class=\"elementor-widget-container\">\n\t\t\t\t\t\t\t\t\t<p>MiKariyer baut mit seinen Sprachkursangeboten eine starke Br\u00fccke f\u00fcr Familien, die im Rahmen des Familiennachzugs zu ihren Angeh\u00f6rigen nach Deutschland ziehen. Sprachkenntnisse sind im Prozess des Familiennachzugs von zentraler Bedeutung \u2013 sowohl zur Bew\u00e4ltigung b\u00fcrokratischer Anforderungen als auch f\u00fcr die soziale Integration. Wir helfen Ihnen, sprachliche Barrieren zu \u00fcberwinden, damit Sie gemeinsam mit Ihrer Familie ein vollst\u00e4ndiges und harmonisches Leben in Deutschland f\u00fchren k\u00f6nnen.<\/p>\t\t\t\t\t\t\t\t<\/div>\n\t\t\t\t<\/div>\n\t\t\t\t<div class=\"elementor-element elementor-element-28c7fe8 elementor-widget elementor-widget-image\" data-id=\"28c7fe8\" data-element_type=\"widget\" data-widget_type=\"image.default\">\n\t\t\t\t<div class=\"elementor-widget-container\">\n\t\t\t\t\t\t\t\t\t\t\t\t\t\t\t<img fetchpriority=\"high\" decoding=\"async\" width=\"800\" height=\"534\" src=\"https:\/\/mikariyer.com\/wp-content\/uploads\/2024\/06\/travel-agency-1024x684.jpg\" class=\"attachment-large size-large wp-image-18177\" alt=\"\" srcset=\"https:\/\/mikariyer.com\/wp-content\/uploads\/2024\/06\/travel-agency-1024x684.jpg 1024w, https:\/\/mikariyer.com\/wp-content\/uploads\/2024\/06\/travel-agency-300x200.jpg 300w, https:\/\/mikariyer.com\/wp-content\/uploads\/2024\/06\/travel-agency-768x513.jpg 768w, https:\/\/mikariyer.com\/wp-content\/uploads\/2024\/06\/travel-agency-1536x1025.jpg 1536w, https:\/\/mikariyer.com\/wp-content\/uploads\/2024\/06\/travel-agency-2048x1367.jpg 2048w\" sizes=\"(max-width: 800px) 100vw, 800px\" \/>\t\t\t\t\t\t\t\t\t\t\t\t\t\t\t<\/div>\n\t\t\t\t<\/div>\n\t\t\t\t<div class=\"elementor-element elementor-element-e4a1cd2 elementor-blockquote--skin-boxed elementor-blockquote--align-center elementor-blockquote--button-color-official elementor-widget elementor-widget-blockquote\" data-id=\"e4a1cd2\" data-element_type=\"widget\" data-widget_type=\"blockquote.default\">\n\t\t\t\t<div class=\"elementor-widget-container\">\n\t\t\t\t\t\t\t<blockquote class=\"elementor-blockquote\">\n\t\t\t<p class=\"elementor-blockquote__content\">\n\t\t\t\tDeutsch \u2013 der goldene Schl\u00fcssel f\u00fcr Familienzusammenf\u00fchrung und Integration\t\t\t<\/p>\n\t\t\t\t\t<\/blockquote>\n\t\t\t\t\t\t<\/div>\n\t\t\t\t<\/div>\n\t\t\t\t<div class=\"elementor-element elementor-element-cdbfea0 elementor-widget elementor-widget-text-editor\" data-id=\"cdbfea0\" data-element_type=\"widget\" data-widget_type=\"text-editor.default\">\n\t\t\t\t<div class=\"elementor-widget-container\">\n\t\t\t\t\t\t\t\t\t<p>Der Familiennachzug ist mehr als nur eine administrative Angelegenheit \u2013 er beinhaltet auch sprachliche Kompetenzen, die das Fundament f\u00fcr ein neues gemeinsames Leben bilden. MiKariyer unterst\u00fctzt Sie mit gezielten Sprachkursen, um die f\u00fcr das Visum erforderliche Sprachkompetenz zu erwerben.<\/p><p>Unsere vollst\u00e4ndig online durchgef\u00fchrten Kurse erm\u00f6glichen Teilnehmer:innen aus aller Welt einen flexiblen und interaktiven Lernprozess. Die Programme st\u00e4rken nicht nur Ihre Grammatik, sondern auch Ihre Alltagskommunikation \u2013 besonders im famili\u00e4ren und gesellschaftlichen Kontext.<\/p><p><strong>Erleben Sie die kulturelle Vielfalt Deutschlands und verbessern Sie Ihr Deutsch <\/strong>mit praxisnahen \u00dcbungen, realit\u00e4tsnahen Dialogen und erfahrenen Lehrkr\u00e4ften. So gestalten wir gemeinsam Ihre Integration in ein harmonisches Familienleben in Deutschland.<\/p><p><strong>Nutzen Sie mit MiKariyer die Chance auf sprachliche und famili\u00e4re Einheit. <\/strong>F\u00fcllen Sie das Bewerbungsformular aus und treten Sie mit Ihrer Sprachberater:in in Kontakt \u2013 f\u00fcr den ersten Schritt in ein gemeinsames Leben in Deutschland.<\/p>\t\t\t\t\t\t\t\t<\/div>\n\t\t\t\t<\/div>\n\t\t\t\t<div class=\"elementor-element elementor-element-27058e8 elementor-align-center elementor-widget elementor-widget-button\" data-id=\"27058e8\" data-element_type=\"widget\" data-widget_type=\"button.default\">\n\t\t\t\t<div class=\"elementor-widget-container\">\n\t\t\t\t\t\t\t\t\t<div class=\"elementor-button-wrapper\">\n\t\t\t\t\t<a class=\"elementor-button elementor-button-link elementor-size-sm\" href=\"https:\/\/mikariyer.com\/en\/contact-3\/\">\n\t\t\t\t\t\t<span class=\"elementor-button-content-wrapper\">\n\t\t\t\t\t\t\t\t\t<span class=\"elementor-button-text\">Get in touch<\/span>\n\t\t\t\t\t<\/span>\n\t\t\t\t\t<\/a>\n\t\t\t\t<\/div>\n\t\t\t\t\t\t\t\t<\/div>\n\t\t\t\t<\/div>\n\t\t\t\t<\/div>\n\t\t\t\t<\/div>\n\t\t\t\t<\/div>","protected":false},"excerpt":{"rendered":"<p>Genel Almanca FAMILIENNACHZUG Gemeinsam mit der Familie in eine st\u00e4rkere, gl\u00fccklichere Zukunft! MiKariyer baut mit seinen Sprachkursangeboten eine starke Br\u00fccke f\u00fcr Familien, die im Rahmen des Familiennachzugs zu ihren Angeh\u00f6rigen nach Deutschland ziehen. Sprachkenntnisse sind im Prozess des Familiennachzugs von zentraler Bedeutung \u2013 sowohl zur Bew\u00e4ltigung b\u00fcrokratischer Anforderungen als auch f\u00fcr die soziale Integration. Wir [&hellip;]<\/p>\n","protected":false},"author":3,"featured_media":0,"parent":19340,"menu_order":4,"comment_status":"closed","ping_status":"closed","template":"","meta":{"footnotes":""},"class_list":["post-19385","page","type-page","status-publish","hentry"],"_links":{"self":[{"href":"https:\/\/mikariyer.com\/en\/wp-json\/wp\/v2\/pages\/19385","targetHints":{"allow":["GET"]}}],"collection":[{"href":"https:\/\/mikariyer.com\/en\/wp-json\/wp\/v2\/pages"}],"about":[{"href":"https:\/\/mikariyer.com\/en\/wp-json\/wp\/v2\/types\/page"}],"author":[{"embeddable":true,"href":"https:\/\/mikariyer.com\/en\/wp-json\/wp\/v2\/users\/3"}],"replies":[{"embeddable":true,"href":"https:\/\/mikariyer.com\/en\/wp-json\/wp\/v2\/comments?post=19385"}],"version-history":[{"count":4,"href":"https:\/\/mikariyer.com\/en\/wp-json\/wp\/v2\/pages\/19385\/revisions"}],"predecessor-version":[{"id":19391,"href":"https:\/\/mikariyer.com\/en\/wp-json\/wp\/v2\/pages\/19385\/revisions\/19391"}],"up":[{"embeddable":true,"href":"https:\/\/mikariyer.com\/en\/wp-json\/wp\/v2\/pages\/19340"}],"wp:attachment":[{"href":"https:\/\/mikariyer.com\/en\/wp-json\/wp\/v2\/media?parent=19385"}],"curies":[{"name":"wp","href":"https:\/\/api.w.org\/{rel}","templated":true}]}}