{"id":19396,"date":"2025-07-31T22:22:41","date_gmt":"2025-07-31T22:22:41","guid":{"rendered":"https:\/\/mikariyer.com\/?page_id=19396"},"modified":"2025-07-31T22:26:14","modified_gmt":"2025-07-31T22:26:14","slug":"berufsbezogenes-deutsch","status":"publish","type":"page","link":"https:\/\/mikariyer.com\/en\/sprachschule\/berufsbezogenes-deutsch\/","title":{"rendered":"BERUFSBEZOGENES DEUTSCH"},"content":{"rendered":"<div data-elementor-type=\"wp-page\" data-elementor-id=\"19396\" class=\"elementor elementor-19396\" data-elementor-post-type=\"page\">\n\t\t\t\t<div class=\"elementor-element elementor-element-7f6fecf e-con-full e-flex e-con e-parent\" data-id=\"7f6fecf\" data-element_type=\"container\">\n\t\t<div class=\"elementor-element elementor-element-a37ed55 e-con-full e-flex e-con e-child\" data-id=\"a37ed55\" data-element_type=\"container\">\n\t\t\t\t<div class=\"elementor-element elementor-element-3eed963 elementor-widget elementor-widget-shortcode\" data-id=\"3eed963\" data-element_type=\"widget\" data-widget_type=\"shortcode.default\">\n\t\t\t\t<div class=\"elementor-widget-container\">\n\t\t\t\t\t\t\t<div class=\"elementor-shortcode\">\t\t<div data-elementor-type=\"single-post\" data-elementor-id=\"16072\" class=\"elementor elementor-16072\" data-elementor-post-type=\"elementor_library\">\n\t\t\t<div class=\"elementor-element elementor-element-300316f elementor-hidden-mobile e-flex e-con-boxed e-con e-parent\" data-id=\"300316f\" data-element_type=\"container\" data-settings=\"{&quot;background_background&quot;:&quot;classic&quot;}\">\n\t\t\t\t\t<div class=\"e-con-inner\">\n\t\t<div class=\"elementor-element elementor-element-58b87ae e-con-full e-flex e-con e-child\" data-id=\"58b87ae\" data-element_type=\"container\">\n\t\t\t\t<div class=\"elementor-element elementor-element-ad0d9fd elementor-widget elementor-widget-infetech_elementor_heading\" data-id=\"ad0d9fd\" data-element_type=\"widget\" data-widget_type=\"infetech_elementor_heading.default\">\n\t\t\t\t<div class=\"elementor-widget-container\">\n\t\t\t\t\t\n\t\t\t<div class=\"ova-heading\">\n\t\t\t\t\n\t\t\t\t\n\t\t\t\t\n\t\t\t\t\t<h3 class=\"title\">\t\t\t\t\t\t\t\t\t\t\t\t\t<a href=\"https:\/\/mikariyer.com\/en\/dil-okulu\/\" title=\"\">LANGUAGE SCHOOL<\/a>\n\t\t\t\t\t\t\t\t\t\t\t<\/h3>\n                \n                \n\t\t\t<\/div>\n\n\t\t\t\t\t\t<\/div>\n\t\t\t\t<\/div>\n\t\t\t\t<div class=\"elementor-element elementor-element-a042caa elementor-nav-menu__text-align-aside elementor-widget elementor-widget-nav-menu\" data-id=\"a042caa\" data-element_type=\"widget\" data-settings=\"{&quot;layout&quot;:&quot;dropdown&quot;,&quot;submenu_icon&quot;:{&quot;value&quot;:&quot;&lt;svg class=\\&quot;e-font-icon-svg e-fas-caret-down\\&quot; viewBox=\\&quot;0 0 320 512\\&quot; xmlns=\\&quot;http:\\\/\\\/www.w3.org\\\/2000\\\/svg\\&quot;&gt;&lt;path d=\\&quot;M31.3 192h257.3c17.8 0 26.7 21.5 14.1 34.1L174.1 354.8c-7.8 7.8-20.5 7.8-28.3 0L17.2 226.1C4.6 213.5 13.5 192 31.3 192z\\&quot;&gt;&lt;\\\/path&gt;&lt;\\\/svg&gt;&quot;,&quot;library&quot;:&quot;fa-solid&quot;}}\" data-widget_type=\"nav-menu.default\">\n\t\t\t\t<div class=\"elementor-widget-container\">\n\t\t\t\t\t\t\t\t<nav class=\"elementor-nav-menu--dropdown elementor-nav-menu__container\" aria-hidden=\"true\">\n\t\t\t\t<ul id=\"menu-2-a042caa\" class=\"elementor-nav-menu\"><li class=\"menu-item menu-item-type-post_type menu-item-object-page menu-item-has-children menu-item-15909\"><a href=\"https:\/\/mikariyer.com\/en\/dil-okulu\/genel-almanca\/\" class=\"elementor-item\" tabindex=\"-1\">General German<\/a>\n<ul class=\"sub-menu elementor-nav-menu--dropdown\">\n\t<li class=\"menu-item menu-item-type-post_type menu-item-object-page menu-item-15911\"><a href=\"https:\/\/mikariyer.com\/en\/dil-okulu\/genel-almanca\/online-dil-egitimi\/\" class=\"elementor-sub-item\" tabindex=\"-1\">Online Language Education<\/a><\/li>\n\t<li class=\"menu-item menu-item-type-post_type menu-item-object-page menu-item-15912\"><a href=\"https:\/\/mikariyer.com\/en\/dil-okulu\/genel-almanca\/yuzyuze-dil-egitimi\/\" class=\"elementor-sub-item\" tabindex=\"-1\">Face-to-Face Language Training<\/a><\/li>\n\t<li class=\"menu-item menu-item-type-post_type menu-item-object-page menu-item-15913\"><a href=\"https:\/\/mikariyer.com\/en\/dil-okulu\/genel-almanca\/almanyada-b2-kursu\/\" class=\"elementor-sub-item\" tabindex=\"-1\">B2 Course in Germany<\/a><\/li>\n\t<li class=\"menu-item menu-item-type-post_type menu-item-object-page menu-item-15914\"><a href=\"https:\/\/mikariyer.com\/en\/dil-okulu\/genel-almanca\/aile-birlesimi\/\" class=\"elementor-sub-item\" tabindex=\"-1\">Family Reunification<\/a><\/li>\n<\/ul>\n<\/li>\n<li class=\"menu-item menu-item-type-post_type menu-item-object-page menu-item-has-children menu-item-15915\"><a href=\"https:\/\/mikariyer.com\/en\/dil-okulu\/mesleki-almanca\/\" class=\"elementor-item\" tabindex=\"-1\">Vocational German<\/a>\n<ul class=\"sub-menu elementor-nav-menu--dropdown\">\n\t<li class=\"menu-item menu-item-type-post_type menu-item-object-page menu-item-15916\"><a href=\"https:\/\/mikariyer.com\/en\/dil-okulu\/mesleki-almanca\/genel-saglik-dil-egitimi\/\" class=\"elementor-sub-item\" tabindex=\"-1\">General Health Language Training<\/a><\/li>\n\t<li class=\"menu-item menu-item-type-post_type menu-item-object-page menu-item-15917\"><a href=\"https:\/\/mikariyer.com\/en\/dil-okulu\/mesleki-almanca\/hizlandirilmis-kurs\/\" class=\"elementor-sub-item\" tabindex=\"-1\">Accelerated Course<\/a><\/li>\n\t<li class=\"menu-item menu-item-type-post_type menu-item-object-page menu-item-15918\"><a href=\"https:\/\/mikariyer.com\/en\/dil-okulu\/mesleki-almanca\/doktorlar-icin-fsp-kursu\/\" class=\"elementor-sub-item\" tabindex=\"-1\">FSP Course for Doctors<\/a><\/li>\n<\/ul>\n<\/li>\n<li class=\"menu-item menu-item-type-post_type menu-item-object-page menu-item-15919\"><a href=\"https:\/\/mikariyer.com\/en\/dil-okulu\/yaz-okulu\/\" class=\"elementor-item\" tabindex=\"-1\">Summer School<\/a><\/li>\n<\/ul>\t\t\t<\/nav>\n\t\t\t\t\t\t<\/div>\n\t\t\t\t<\/div>\n\t\t\t\t<div class=\"elementor-element elementor-element-d84be28 elementor-widget elementor-widget-infetech_elementor_heading\" data-id=\"d84be28\" data-element_type=\"widget\" data-widget_type=\"infetech_elementor_heading.default\">\n\t\t\t\t<div class=\"elementor-widget-container\">\n\t\t\t\t\t\n\t\t\t<div class=\"ova-heading\">\n\t\t\t\t\n\t\t\t\t\t\t\t\t\t<h2 class=\"sub-title\">\n\t\t\t\t\t\t<span class=\"underlined\"><\/span>\n\t\t\t\t\t\tMiCareer\t\t\t\t\t<\/h2>\t\n\t\t\t\t\n\t\t\t\t\n\t\t\t\t\t<h3 class=\"title\">\t\t\t\t\t\t\t\t\t\t\t\t\t<a href=\"https:\/\/mikariyer.com\/en\/contact-3\/\" title=\"\">Contact Us<\/a>\n\t\t\t\t\t\t\t\t\t\t\t<\/h3>\n                \n                \n\t\t\t<\/div>\n\n\t\t\t\t\t\t<\/div>\n\t\t\t\t<\/div>\n\t\t\t\t<div class=\"elementor-element elementor-element-8ec5c6c elementor-widget elementor-widget-infetech_elementor_contact_info\" data-id=\"8ec5c6c\" data-element_type=\"widget\" data-widget_type=\"infetech_elementor_contact_info.default\">\n\t\t\t\t<div class=\"elementor-widget-container\">\n\t\t\t\t\t\t\t\t<div class=\"ova-contact-info template2\">\n\t\t\t\t\n\t\t\t\t\t\t\t\t\t\t\t\t\t\t\t<div class=\"circle\">\n\t\t\t\t\t\t\t<div class=\"icon\">\n\t\t\t\t\t\t\t\t<i class=\"ovaicon ovaicon-phone-call\"><\/i>\n\t\t\t\t\t\t\t<\/div>\n\t\t\t\t\t\t<\/div>\t\n\t\t\t\t    \t\t\t    \t\t\t\t\n\t\t\t\t<div class=\"contact\">\n\t\t\t\t\t\n\t\t\t\t\t\t\t\t\t\t\t<div class=\"label\">\n\t\t\t\t\t\t\tContact Number\t\t\t\t\t\t<\/div>\n\t\t\t\t\t\n\t\t\t\t\t<ul class=\"info\">\n\t\t\t\t\t\t\t\t\t\t\t\t\t<li class=\"item\">\n\n\t\t\t\t\t\t\t\t<a href=\"https:\/\/wa.me\/4917684915411\" title=\"+ 49 17684915411\">+ 49 17684915411<\/a>\t\t\t\t\t\t\t<\/li>\n\t\t\t\t\t\t\t\t\t\t\t<\/ul>\n\n\t\t\t\t<\/div>\n\n\t\t\t<\/div>\n\n\t\t\t\t\t\t<\/div>\n\t\t\t\t<\/div>\n\t\t\t\t<div class=\"elementor-element elementor-element-c28735c elementor-widget elementor-widget-infetech_elementor_contact_info\" data-id=\"c28735c\" data-element_type=\"widget\" data-widget_type=\"infetech_elementor_contact_info.default\">\n\t\t\t\t<div class=\"elementor-widget-container\">\n\t\t\t\t\t\t\t\t<div class=\"ova-contact-info template2\">\n\t\t\t\t\n\t\t\t\t\t\t\t\t\t\t\t\t\t\t\t<div class=\"circle\">\n\t\t\t\t\t\t\t<div class=\"icon\">\n\t\t\t\t\t\t\t\t<i class=\"ovaicon ovaicon-email\"><\/i>\n\t\t\t\t\t\t\t<\/div>\n\t\t\t\t\t\t<\/div>\t\n\t\t\t\t    \t\t\t    \t\t\t\t\n\t\t\t\t<div class=\"contact\">\n\t\t\t\t\t\n\t\t\t\t\t\t\t\t\t\t\t<div class=\"label\">\n\t\t\t\t\t\t\tOur Mail Address\t\t\t\t\t\t<\/div>\n\t\t\t\t\t\n\t\t\t\t\t<ul class=\"info\">\n\t\t\t\t\t\t\t\t\t\t\t\t\t<li class=\"item\">\n\n\t\t\t\t\t\t\t\t\t\t\t\t\t\t\t\t\t\t\t<a href=\"mailto:info@mikariyer.com\" title=\"email\">\n\t\t\t\t\t\t\t\t\t\t\t\tinfo@mikariyer.com\t\t\t\t\t\t\t\t\t\t\t<\/a>\n\t\t\t\t\t\t\t\t\t\t\t\t\t\t\t\t\t<\/li>\n\t\t\t\t\t\t\t\t\t\t\t<\/ul>\n\n\t\t\t\t<\/div>\n\n\t\t\t<\/div>\n\n\t\t\t\t\t\t<\/div>\n\t\t\t\t<\/div>\n\t\t\t\t<div class=\"elementor-element elementor-element-2ae9b06 elementor-widget elementor-widget-infetech_elementor_contact_info\" data-id=\"2ae9b06\" data-element_type=\"widget\" data-widget_type=\"infetech_elementor_contact_info.default\">\n\t\t\t\t<div class=\"elementor-widget-container\">\n\t\t\t\t\t\t\t\t<div class=\"ova-contact-info template2\">\n\t\t\t\t\n\t\t\t\t\t\t\t\t\t\t\t\t\t\t\t<div class=\"circle\">\n\t\t\t\t\t\t\t<div class=\"icon\">\n\t\t\t\t\t\t\t\t<i class=\"far fa-map\"><\/i>\n\t\t\t\t\t\t\t<\/div>\n\t\t\t\t\t\t<\/div>\t\n\t\t\t\t    \t\t\t    \t\t\t\t\n\t\t\t\t<div class=\"contact\">\n\t\t\t\t\t\n\t\t\t\t\t\t\t\t\t\t\t<div class=\"label\">\n\t\t\t\t\t\t\tOur Address\t\t\t\t\t\t<\/div>\n\t\t\t\t\t\n\t\t\t\t\t<ul class=\"info\">\n\t\t\t\t\t\t\t\t\t\t\t\t\t<li class=\"item\">\n\n\t\t\t\t\t\t\t\t<a href=\"https:\/\/maps.app.goo.gl\/HDJiQThZhUDnXWy77\" target=\"_blank\" title=\"338A Regents Park Road Office 3 and 4 London United Kingdom N3 2LN\">338A Regents Park Road Office 3 and 4 London United Kingdom N3 2LN<\/a>\t\t\t\t\t\t\t<\/li>\n\t\t\t\t\t\t\t\t\t\t\t<\/ul>\n\n\t\t\t\t<\/div>\n\n\t\t\t<\/div>\n\n\t\t\t\t\t\t<\/div>\n\t\t\t\t<\/div>\n\t\t\t\t<\/div>\n\t\t\t\t\t<\/div>\n\t\t\t\t<\/div>\n\t\t\t\t<\/div>\n\t\t<\/div>\n\t\t\t\t\t\t<\/div>\n\t\t\t\t<\/div>\n\t\t\t\t<\/div>\n\t\t<div class=\"elementor-element elementor-element-0d6f0d6 e-con-full e-flex e-con e-child\" data-id=\"0d6f0d6\" data-element_type=\"container\">\n\t\t\t\t<div class=\"elementor-element elementor-element-36dd988 elementor-widget elementor-widget-infetech_elementor_heading\" data-id=\"36dd988\" data-element_type=\"widget\" data-widget_type=\"infetech_elementor_heading.default\">\n\t\t\t\t<div class=\"elementor-widget-container\">\n\t\t\t\t\t\n\t\t\t<div class=\"ova-heading\">\n\t\t\t\t\n\t\t\t\t\t\t\t\t\t<h2 class=\"sub-title\">\n\t\t\t\t\t\t<span class=\"underlined\"><\/span>\n\t\t\t\t\t\tLanguage School\t\t\t\t\t<\/h2>\t\n\t\t\t\t\n\t\t\t\t\n\t\t\t\t\t<h2 class=\"title\">\t\t\t\t\t\t\t\t\t\t\t\t\t<a href=\"https:\/\/mikariyer.com\/en\/dil-okulu\/mesleki-almanca\/\" title=\"\">BERUFSBEZOGENES DEUTSCH<\/a>\n\t\t\t\t\t\t\t\t\t\t\t<\/h2>\n                \n                \n\t\t\t<\/div>\n\n\t\t\t\t\t\t<\/div>\n\t\t\t\t<\/div>\n\t\t\t\t<div class=\"elementor-element elementor-element-61282cb elementor-blockquote--skin-boxed elementor-blockquote--align-center elementor-blockquote--button-color-official elementor-widget elementor-widget-blockquote\" data-id=\"61282cb\" data-element_type=\"widget\" data-widget_type=\"blockquote.default\">\n\t\t\t\t<div class=\"elementor-widget-container\">\n\t\t\t\t\t\t\t<blockquote class=\"elementor-blockquote\">\n\t\t\t<p class=\"elementor-blockquote__content\">\n\t\t\t\tShine in the Professional Arena with the Power of German! \t\t\t<\/p>\n\t\t\t\t\t<\/blockquote>\n\t\t\t\t\t\t<\/div>\n\t\t\t\t<\/div>\n\t\t\t\t<div class=\"elementor-element elementor-element-9bd27b9 elementor-widget elementor-widget-text-editor\" data-id=\"9bd27b9\" data-element_type=\"widget\" data-widget_type=\"text-editor.default\">\n\t\t\t\t<div class=\"elementor-widget-container\">\n\t\t\t\t\t\t\t\t\t<p>Das berufsspezifische Deutschtraining von MiKariyer ist ein entscheidender Erfolgsfaktor f\u00fcr Fachkr\u00e4fte, die in Deutschland arbeiten m\u00f6chten. In Anbetracht von Deutschlands f\u00fchrender Rolle in der europ\u00e4ischen Wirtschaft und der weiten Verbreitung der deutschen Sprache er\u00f6ffnet berufsbezogenes Deutsch nicht nur sprachliche Sicherheit, sondern auch neue Chancen f\u00fcr die Karriereentwicklung, den Ausbau beruflicher Netzwerke und interkulturelle Kompetenz.<\/p><p>Diese Sprachkompetenz erm\u00f6glicht tiefere Einblicke in branchenspezifische Abl\u00e4ufe und schafft die Grundlage f\u00fcr eine effektive Kommunikation im Berufsalltag.<\/p>\t\t\t\t\t\t\t\t<\/div>\n\t\t\t\t<\/div>\n\t\t\t\t<div class=\"elementor-element elementor-element-20d4866 elementor-widget elementor-widget-heading\" data-id=\"20d4866\" data-element_type=\"widget\" data-widget_type=\"heading.default\">\n\t\t\t\t<div class=\"elementor-widget-container\">\n\t\t\t\t\t<h3 class=\"elementor-heading-title elementor-size-default\">Vorteile von berufsbezogenem Deutsch<\/h3>\t\t\t\t<\/div>\n\t\t\t\t<\/div>\n\t\t\t\t<div class=\"elementor-element elementor-element-280f5a6 elementor-widget elementor-widget-infetech_elementor_service_2\" data-id=\"280f5a6\" data-element_type=\"widget\" data-widget_type=\"infetech_elementor_service_2.default\">\n\t\t\t\t<div class=\"elementor-widget-container\">\n\t\t\t\t\t            <div class=\"ova-service-2 ova-service-2-template1\">\n\t            \t\t\t\t\t<a href=\"#\" title=\"Beruflich herausragen\" rel=\"\" target=\"_self\">\n\t\t\t    \t\t\t\t\t\t<h3 class=\"title\">\n\t\t\t\t\t\t\tBeruflich herausragen\t\t\t\t\t\t<\/h3>\n\t\t\t\t\t\t\t\t\t\t<\/a>\n\t\t\t\t\t\t\t\t\t<div class=\"description\">\n\t\t\t\t\t\t<p>In einem globalisierten Arbeitsmarkt, in dem Kommunikation und Zusammenarbeit \u00fcber Grenzen hinweg gefragt sind, wird Deutsch zur Schl\u00fcsselqualifikation \u2013 besonders f\u00fcr qualifizierte Fachkr\u00e4fte, die in Deutschland oder anderen deutschsprachigen L\u00e4ndern arbeiten m\u00f6chten.<\/p>\t\t\t\t\t<\/div>\n\t\t\t\t \n\t            \t<div class=\"icon\">\n\t            \t\t<svg aria-hidden=\"true\" class=\"e-font-icon-svg e-fas-user-tie\" viewbox=\"0 0 448 512\" xmlns=\"http:\/\/www.w3.org\/2000\/svg\"><path d=\"M224 256c70.7 0 128-57.3 128-128S294.7 0 224 0 96 57.3 96 128s57.3 128 128 128zm95.8 32.6L272 480l-32-136 32-56h-96l32 56-32 136-47.8-191.4C56.9 292 0 350.3 0 422.4V464c0 26.5 21.5 48 48 48h352c26.5 0 48-21.5 48-48v-41.6c0-72.1-56.9-130.4-128.2-133.8z\"><\/path><\/svg>   \t\t\n\t            \t<\/div>\n            \t\t          \t<div class=\"trapezoid-topleft-1\"><\/div>\n\t\t    \t<div class=\"trapezoid-topleft-2\"><\/div>\n\t\t    <\/div>\n\t \t\t\t\t\t<\/div>\n\t\t\t\t<\/div>\n\t\t\t\t<div class=\"elementor-element elementor-element-ce40759 elementor-widget elementor-widget-infetech_elementor_service_2\" data-id=\"ce40759\" data-element_type=\"widget\" data-widget_type=\"infetech_elementor_service_2.default\">\n\t\t\t\t<div class=\"elementor-widget-container\">\n\t\t\t\t\t            <div class=\"ova-service-2 ova-service-2-template1\">\n\t            \t\t\t\t\t<a href=\"#\" title=\"Wettbewerbsvorteile sichern\" rel=\"\" target=\"_self\">\n\t\t\t    \t\t\t\t\t\t<h3 class=\"title\">\n\t\t\t\t\t\t\tWettbewerbsvorteile sichern\t\t\t\t\t\t<\/h3>\n\t\t\t\t\t\t\t\t\t\t<\/a>\n\t\t\t\t\t\t\t\t\t<div class=\"description\">\n\t\t\t\t\t\t<p>Deutschkenntnisse verschaffen Bewerber:innen einen klaren Vorteil bei der Jobsuche. Wer \u00fcber berufsbezogene Sprachkenntnisse verf\u00fcgt, wird von Arbeitgeber:innen bevorzugt eingestellt.<\/p>\t\t\t\t\t<\/div>\n\t\t\t\t \n\t            \t<div class=\"icon\">\n\t            \t\t<svg aria-hidden=\"true\" class=\"e-font-icon-svg e-fas-star\" viewbox=\"0 0 576 512\" xmlns=\"http:\/\/www.w3.org\/2000\/svg\"><path d=\"M259.3 17.8L194 150.2 47.9 171.5c-26.2 3.8-36.7 36.1-17.7 54.6l105.7 103-25 145.5c-4.5 26.3 23.2 46 46.4 33.7L288 439.6l130.7 68.7c23.2 12.2 50.9-7.4 46.4-33.7l-25-145.5 105.7-103c19-18.5 8.5-50.8-17.7-54.6L382 150.2 316.7 17.8c-11.7-23.6-45.6-23.9-57.4 0z\"><\/path><\/svg>   \t\t\n\t            \t<\/div>\n            \t\t          \t<div class=\"trapezoid-topleft-1\"><\/div>\n\t\t    \t<div class=\"trapezoid-topleft-2\"><\/div>\n\t\t    <\/div>\n\t \t\t\t\t\t<\/div>\n\t\t\t\t<\/div>\n\t\t\t\t<div class=\"elementor-element elementor-element-e8e16fe elementor-widget elementor-widget-infetech_elementor_service_2\" data-id=\"e8e16fe\" data-element_type=\"widget\" data-widget_type=\"infetech_elementor_service_2.default\">\n\t\t\t\t<div class=\"elementor-widget-container\">\n\t\t\t\t\t            <div class=\"ova-service-2 ova-service-2-template1\">\n\t            \t\t\t\t\t<a href=\"#\" title=\"Netzwerke erweitern\" rel=\"\" target=\"_self\">\n\t\t\t    \t\t\t\t\t\t<h3 class=\"title\">\n\t\t\t\t\t\t\tNetzwerke erweitern\t\t\t\t\t\t<\/h3>\n\t\t\t\t\t\t\t\t\t\t<\/a>\n\t\t\t\t\t\t\t\t\t<div class=\"description\">\n\t\t\t\t\t\t<p>Berufsbezogenes Deutsch erleichtert die Kommunikation mit Kolleg:innen und Vorgesetzten \u2013 und st\u00e4rkt so den Zugang zu Karrierem\u00f6glichkeiten und beruflicher Unterst\u00fctzung.<\/p>\t\t\t\t\t<\/div>\n\t\t\t\t \n\t            \t<div class=\"icon\">\n\t            \t\t<i aria-hidden=\"true\" class=\"flaticoninfetech- flaticon-infetech-network\"><\/i>   \t\t\n\t            \t<\/div>\n            \t\t          \t<div class=\"trapezoid-topleft-1\"><\/div>\n\t\t    \t<div class=\"trapezoid-topleft-2\"><\/div>\n\t\t    <\/div>\n\t \t\t\t\t\t<\/div>\n\t\t\t\t<\/div>\n\t\t\t\t<div class=\"elementor-element elementor-element-d70d358 elementor-widget elementor-widget-infetech_elementor_service_2\" data-id=\"d70d358\" data-element_type=\"widget\" data-widget_type=\"infetech_elementor_service_2.default\">\n\t\t\t\t<div class=\"elementor-widget-container\">\n\t\t\t\t\t            <div class=\"ova-service-2 ova-service-2-template1\">\n\t            \t\t\t\t\t<a href=\"#\" title=\"Kulturelle Integration f\u00f6rdern\" rel=\"\" target=\"_self\">\n\t\t\t    \t\t\t\t\t\t<h3 class=\"title\">\n\t\t\t\t\t\t\tKulturelle Integration f\u00f6rdern\t\t\t\t\t\t<\/h3>\n\t\t\t\t\t\t\t\t\t\t<\/a>\n\t\t\t\t\t\t\t\t\t<div class=\"description\">\n\t\t\t\t\t\t<p>Das Verst\u00e4ndnis der deutschen Arbeitskultur, von Umgangsformen und Kommunikationsstilen unterst\u00fctzt eine erfolgreiche Integration ins Unternehmen.<\/p>\t\t\t\t\t<\/div>\n\t\t\t\t \n\t            \t<div class=\"icon\">\n\t            \t\t<i aria-hidden=\"true\" class=\"flaticoninfetech- flaticon-infetech-globe\"><\/i>   \t\t\n\t            \t<\/div>\n            \t\t          \t<div class=\"trapezoid-topleft-1\"><\/div>\n\t\t    \t<div class=\"trapezoid-topleft-2\"><\/div>\n\t\t    <\/div>\n\t \t\t\t\t\t<\/div>\n\t\t\t\t<\/div>\n\t\t\t\t<div class=\"elementor-element elementor-element-d2175df elementor-widget elementor-widget-infetech_elementor_service_2\" data-id=\"d2175df\" data-element_type=\"widget\" data-widget_type=\"infetech_elementor_service_2.default\">\n\t\t\t\t<div class=\"elementor-widget-container\">\n\t\t\t\t\t            <div class=\"ova-service-2 ova-service-2-template1\">\n\t            \t\t\t\t\t<a href=\"#\" title=\"Lebenslanges Lernen st\u00e4rken\" rel=\"\" target=\"_self\">\n\t\t\t    \t\t\t\t\t\t<h3 class=\"title\">\n\t\t\t\t\t\t\tLebenslanges Lernen st\u00e4rken\t\t\t\t\t\t<\/h3>\n\t\t\t\t\t\t\t\t\t\t<\/a>\n\t\t\t\t\t\t\t\t\t<div class=\"description\">\n\t\t\t\t\t\t<p>Das Erlernen berufsbezogener Sprache ist ein nachhaltiger Beitrag zur pers\u00f6nlichen Weiterentwicklung und zum beruflichen Aufstieg.<\/p>\t\t\t\t\t<\/div>\n\t\t\t\t \n\t            \t<div class=\"icon\">\n\t            \t\t<svg aria-hidden=\"true\" class=\"e-font-icon-svg e-fas-book\" viewbox=\"0 0 448 512\" xmlns=\"http:\/\/www.w3.org\/2000\/svg\"><path d=\"M448 360V24c0-13.3-10.7-24-24-24H96C43 0 0 43 0 96v320c0 53 43 96 96 96h328c13.3 0 24-10.7 24-24v-16c0-7.5-3.5-14.3-8.9-18.7-4.2-15.4-4.2-59.3 0-74.7 5.4-4.3 8.9-11.1 8.9-18.6zM128 134c0-3.3 2.7-6 6-6h212c3.3 0 6 2.7 6 6v20c0 3.3-2.7 6-6 6H134c-3.3 0-6-2.7-6-6v-20zm0 64c0-3.3 2.7-6 6-6h212c3.3 0 6 2.7 6 6v20c0 3.3-2.7 6-6 6H134c-3.3 0-6-2.7-6-6v-20zm253.4 250H96c-17.7 0-32-14.3-32-32 0-17.6 14.4-32 32-32h285.4c-1.9 17.1-1.9 46.9 0 64z\"><\/path><\/svg>   \t\t\n\t            \t<\/div>\n            \t\t          \t<div class=\"trapezoid-topleft-1\"><\/div>\n\t\t    \t<div class=\"trapezoid-topleft-2\"><\/div>\n\t\t    <\/div>\n\t \t\t\t\t\t<\/div>\n\t\t\t\t<\/div>\n\t\t\t\t<div class=\"elementor-element elementor-element-f5bf5c8 elementor-widget elementor-widget-heading\" data-id=\"f5bf5c8\" data-element_type=\"widget\" data-widget_type=\"heading.default\">\n\t\t\t\t<div class=\"elementor-widget-container\">\n\t\t\t\t\t<h2 class=\"elementor-heading-title elementor-size-default\">OUR SERVICES<\/h2>\t\t\t\t<\/div>\n\t\t\t\t<\/div>\n\t\t\t\t<div class=\"elementor-element elementor-element-759c7f0 elementor-widget elementor-widget-infetech_elementor_service_toggle\" data-id=\"759c7f0\" data-element_type=\"widget\" data-widget_type=\"infetech_elementor_service_toggle.default\">\n\t\t\t\t<div class=\"elementor-widget-container\">\n\t\t\t\t\t\t\t  \t<div class=\"ova-service-toggle\">\n\t\t        \n\t\t\t\t<div class=\"item\">\n\t\t\t\t\t<div class=\"toggle\">\n\t\t\t\t\t\t<div class=\"heading-wrap\">\n\t\t\t\t\t\t\t\t\t\t\t\t\t\t\t<div class=\"icon\">\n\t\t\t\t\t\t\t\t\t<i aria-hidden=\"true\" class=\"flaticonnew- flaticon-new-right\"><\/i> \n\t\t\t\t\t\t\t\t<\/div>\n\t\t\t\t\t\t\t\t\t\t\t\t\t\t\t<h3 class=\"title\">\n\t\t\t\t\t\t\t\t\tGeneral Health Vocational Language Training\t\t\t\t\t\t\t\t<\/h3>\n\t\t\t\t\t\t\t\t\t\t\t\t\t<\/div>\n\t\t\t\t\t\t<div class=\"info-wrap\">\n\t\t\t\t\t\t\t\t\t\t\t\t\t\t\t<p class=\"description\">\n\t\t\t\t\t\t\t\t\tThe MiKariyer German Vocational Training Service equips healthcare professionals with the knowledge and skills to act confidently and competently in the healthcare sector in Germany.\t\t\t\t\t\t\t\t<\/p>\n\t\t\t\t\t\t\t\t\t\t\t\t\t\t<div class=\"toggle-icon\">\n\t\t\t\t\t\t\t\t\t\t\t\t\t\t\t\t\t<i aria-hidden=\"true\" class=\"flaticoninfetech- flaticon-infetech-plus\"><\/i>\n\t\t\t\t\t\t\t\t\t\t\t\t\t\t\t<\/div>\n\t\t\t\t\t\t<\/div>\n\t\t\t\t\t<\/div>\n\t\t\t\t\t<div class=\"service-content\">\n\t\t\t\t\t\t<div class=\"spacing\"><\/div>\n\t\t\t\t\t\t<div class=\"content\">\n\t\t\t\t\t\t\t<p><a href=\"https:\/\/mikariyer.com\/en\/dil-okulu\/mesleki-almanca\/genel-saglik-dil-egitimi\/\">Click for Detailed Information<\/a><\/p> \n\t\t\t\t\t\t<\/div>\n\t\t\t\t\t<\/div>\n\t\t\t\t<\/div>\n\t\t\t\t\n\t\t\t\t<div class=\"item\">\n\t\t\t\t\t<div class=\"toggle\">\n\t\t\t\t\t\t<div class=\"heading-wrap\">\n\t\t\t\t\t\t\t\t\t\t\t\t\t\t\t<div class=\"icon\">\n\t\t\t\t\t\t\t\t\t<i aria-hidden=\"true\" class=\"flaticonnew- flaticon-new-right\"><\/i> \n\t\t\t\t\t\t\t\t<\/div>\n\t\t\t\t\t\t\t\t\t\t\t\t\t\t\t<h3 class=\"title\">\n\t\t\t\t\t\t\t\t\tAccelerated Course for Health Personnel (Crasch)\t\t\t\t\t\t\t\t<\/h3>\n\t\t\t\t\t\t\t\t\t\t\t\t\t<\/div>\n\t\t\t\t\t\t<div class=\"info-wrap\">\n\t\t\t\t\t\t\t\t\t\t\t\t\t\t\t<p class=\"description\">\n\t\t\t\t\t\t\t\t\tFor qualified professionals aiming for a career in the health sector in Germany, MiKariyer Language Training Service offers a special preparation course to ensure success in the professional recognition process. \t\t\t\t\t\t\t\t<\/p>\n\t\t\t\t\t\t\t\t\t\t\t\t\t\t<div class=\"toggle-icon active\">\n\t\t\t\t\t\t\t\t\t\t\t\t\t\t\t\t\t<i aria-hidden=\"true\" class=\"flaticoninfetech- flaticon-infetech-minus-sign\"><\/i>\n\t\t\t\t\t\t\t\t\t\t\t\t\t\t\t<\/div>\n\t\t\t\t\t\t<\/div>\n\t\t\t\t\t<\/div>\n\t\t\t\t\t<div class=\"service-content active\">\n\t\t\t\t\t\t<div class=\"spacing\"><\/div>\n\t\t\t\t\t\t<div class=\"content\">\n\t\t\t\t\t\t\t<p><a href=\"https:\/\/mikariyer.com\/en\/dil-okulu\/mesleki-almanca\/hizlandirilmis-kurs\/\">Click for Detailed Information<\/a><\/p> \n\t\t\t\t\t\t<\/div>\n\t\t\t\t\t<\/div>\n\t\t\t\t<\/div>\n\t\t\t\t\n\t\t\t\t<div class=\"item\">\n\t\t\t\t\t<div class=\"toggle\">\n\t\t\t\t\t\t<div class=\"heading-wrap\">\n\t\t\t\t\t\t\t\t\t\t\t\t\t\t\t<div class=\"icon\">\n\t\t\t\t\t\t\t\t\t<i aria-hidden=\"true\" class=\"flaticonnew- flaticon-new-right\"><\/i> \n\t\t\t\t\t\t\t\t<\/div>\n\t\t\t\t\t\t\t\t\t\t\t\t\t\t\t<h3 class=\"title\">\n\t\t\t\t\t\t\t\t\tFSP (Fachsprachpr\u00fcfung - Professional Language Examination) Course for Doctors\t\t\t\t\t\t\t\t<\/h3>\n\t\t\t\t\t\t\t\t\t\t\t\t\t<\/div>\n\t\t\t\t\t\t<div class=\"info-wrap\">\n\t\t\t\t\t\t\t\t\t\t\t\t\t\t\t<p class=\"description\">\n\t\t\t\t\t\t\t\t\tDoctors are among the most vital professional groups of society with the mission of protecting and improving human health.\t\t\t\t\t\t\t\t<\/p>\n\t\t\t\t\t\t\t\t\t\t\t\t\t\t<div class=\"toggle-icon\">\n\t\t\t\t\t\t\t\t\t\t\t\t\t\t\t\t\t<i aria-hidden=\"true\" class=\"flaticoninfetech- flaticon-infetech-plus\"><\/i>\n\t\t\t\t\t\t\t\t\t\t\t\t\t\t\t<\/div>\n\t\t\t\t\t\t<\/div>\n\t\t\t\t\t<\/div>\n\t\t\t\t\t<div class=\"service-content\">\n\t\t\t\t\t\t<div class=\"spacing\"><\/div>\n\t\t\t\t\t\t<div class=\"content\">\n\t\t\t\t\t\t\t<p><a href=\"https:\/\/mikariyer.com\/en\/dil-okulu\/mesleki-almanca\/doktorlar-icin-fsp-kursu\/\">Click for Detailed Information<\/a><\/p> \n\t\t\t\t\t\t<\/div>\n\t\t\t\t\t<\/div>\n\t\t\t\t<\/div>\n\t\t\t\t\t\t\t<\/div>\n\t\t\t\t\t\t<\/div>\n\t\t\t\t<\/div>\n\t\t\t\t<\/div>\n\t\t\t\t<\/div>\n\t\t\t\t<\/div>","protected":false},"excerpt":{"rendered":"<p>Dil OKulu BERUFSBEZOGENES DEUTSCH Almancan\u0131n G\u00fcc\u00fcyle Profesyonel Arenada Parlay\u0131n! Das berufsspezifische Deutschtraining von MiKariyer ist ein entscheidender Erfolgsfaktor f\u00fcr Fachkr\u00e4fte, die in Deutschland arbeiten m\u00f6chten. In Anbetracht von Deutschlands f\u00fchrender Rolle in der europ\u00e4ischen Wirtschaft und der weiten Verbreitung der deutschen Sprache er\u00f6ffnet berufsbezogenes Deutsch nicht nur sprachliche Sicherheit, sondern auch neue Chancen f\u00fcr die [&hellip;]<\/p>\n","protected":false},"author":3,"featured_media":0,"parent":19330,"menu_order":2,"comment_status":"closed","ping_status":"closed","template":"","meta":{"footnotes":""},"class_list":["post-19396","page","type-page","status-publish","hentry"],"_links":{"self":[{"href":"https:\/\/mikariyer.com\/en\/wp-json\/wp\/v2\/pages\/19396","targetHints":{"allow":["GET"]}}],"collection":[{"href":"https:\/\/mikariyer.com\/en\/wp-json\/wp\/v2\/pages"}],"about":[{"href":"https:\/\/mikariyer.com\/en\/wp-json\/wp\/v2\/types\/page"}],"author":[{"embeddable":true,"href":"https:\/\/mikariyer.com\/en\/wp-json\/wp\/v2\/users\/3"}],"replies":[{"embeddable":true,"href":"https:\/\/mikariyer.com\/en\/wp-json\/wp\/v2\/comments?post=19396"}],"version-history":[{"count":4,"href":"https:\/\/mikariyer.com\/en\/wp-json\/wp\/v2\/pages\/19396\/revisions"}],"predecessor-version":[{"id":19402,"href":"https:\/\/mikariyer.com\/en\/wp-json\/wp\/v2\/pages\/19396\/revisions\/19402"}],"up":[{"embeddable":true,"href":"https:\/\/mikariyer.com\/en\/wp-json\/wp\/v2\/pages\/19330"}],"wp:attachment":[{"href":"https:\/\/mikariyer.com\/en\/wp-json\/wp\/v2\/media?parent=19396"}],"curies":[{"name":"wp","href":"https:\/\/api.w.org\/{rel}","templated":true}]}}