{"id":15825,"date":"2024-05-17T15:07:41","date_gmt":"2024-05-17T15:07:41","guid":{"rendered":"https:\/\/mikariyer.com\/?page_id=15825"},"modified":"2025-07-31T22:13:35","modified_gmt":"2025-07-31T22:13:35","slug":"yuzyuze-dil-egitimi","status":"publish","type":"page","link":"https:\/\/mikariyer.com\/nl\/dil-okulu\/genel-almanca\/yuzyuze-dil-egitimi\/","title":{"rendered":"Persoonlijke taaltraining"},"content":{"rendered":"<div data-elementor-type=\"wp-page\" data-elementor-id=\"15825\" class=\"elementor elementor-15825\" data-elementor-post-type=\"page\">\n\t\t\t\t<div class=\"elementor-element elementor-element-12a0d29 e-con-full e-flex e-con e-parent\" data-id=\"12a0d29\" data-element_type=\"container\">\n\t\t<div class=\"elementor-element elementor-element-250d13b e-con-full e-flex e-con e-child\" data-id=\"250d13b\" data-element_type=\"container\">\n\t\t\t\t<div class=\"elementor-element elementor-element-8c3fd92 elementor-widget elementor-widget-shortcode\" data-id=\"8c3fd92\" data-element_type=\"widget\" data-widget_type=\"shortcode.default\">\n\t\t\t\t<div class=\"elementor-widget-container\">\n\t\t\t\t\t\t\t<div class=\"elementor-shortcode\">\t\t<div data-elementor-type=\"single-post\" data-elementor-id=\"16072\" class=\"elementor elementor-16072\" data-elementor-post-type=\"elementor_library\">\n\t\t\t<div class=\"elementor-element elementor-element-300316f elementor-hidden-mobile e-flex e-con-boxed e-con e-parent\" data-id=\"300316f\" data-element_type=\"container\" data-settings=\"{&quot;background_background&quot;:&quot;classic&quot;}\">\n\t\t\t\t\t<div class=\"e-con-inner\">\n\t\t<div class=\"elementor-element elementor-element-58b87ae e-con-full e-flex e-con e-child\" data-id=\"58b87ae\" data-element_type=\"container\">\n\t\t\t\t<div class=\"elementor-element elementor-element-ad0d9fd elementor-widget elementor-widget-infetech_elementor_heading\" data-id=\"ad0d9fd\" data-element_type=\"widget\" data-widget_type=\"infetech_elementor_heading.default\">\n\t\t\t\t<div class=\"elementor-widget-container\">\n\t\t\t\t\t\n\t\t\t<div class=\"ova-heading\">\n\t\t\t\t\n\t\t\t\t\n\t\t\t\t\n\t\t\t\t\t<h3 class=\"title\">\t\t\t\t\t\t\t\t\t\t\t\t\t<a href=\"https:\/\/mikariyer.com\/nl\/dil-okulu\/\" title=\"\">TAALSCHOOL<\/a>\n\t\t\t\t\t\t\t\t\t\t\t<\/h3>\n                \n                \n\t\t\t<\/div>\n\n\t\t\t\t\t\t<\/div>\n\t\t\t\t<\/div>\n\t\t\t\t<div class=\"elementor-element elementor-element-a042caa elementor-nav-menu__text-align-aside elementor-widget elementor-widget-nav-menu\" data-id=\"a042caa\" data-element_type=\"widget\" data-settings=\"{&quot;layout&quot;:&quot;dropdown&quot;,&quot;submenu_icon&quot;:{&quot;value&quot;:&quot;&lt;svg class=\\&quot;e-font-icon-svg e-fas-caret-down\\&quot; viewBox=\\&quot;0 0 320 512\\&quot; xmlns=\\&quot;http:\\\/\\\/www.w3.org\\\/2000\\\/svg\\&quot;&gt;&lt;path d=\\&quot;M31.3 192h257.3c17.8 0 26.7 21.5 14.1 34.1L174.1 354.8c-7.8 7.8-20.5 7.8-28.3 0L17.2 226.1C4.6 213.5 13.5 192 31.3 192z\\&quot;&gt;&lt;\\\/path&gt;&lt;\\\/svg&gt;&quot;,&quot;library&quot;:&quot;fa-solid&quot;}}\" data-widget_type=\"nav-menu.default\">\n\t\t\t\t<div class=\"elementor-widget-container\">\n\t\t\t\t\t\t\t\t<nav class=\"elementor-nav-menu--dropdown elementor-nav-menu__container\" aria-hidden=\"true\">\n\t\t\t\t<ul id=\"menu-2-a042caa\" class=\"elementor-nav-menu\"><li class=\"menu-item menu-item-type-post_type menu-item-object-page menu-item-has-children menu-item-15909\"><a href=\"https:\/\/mikariyer.com\/nl\/dil-okulu\/genel-almanca\/\" class=\"elementor-item\" tabindex=\"-1\">Algemeen Duits<\/a>\n<ul class=\"sub-menu elementor-nav-menu--dropdown\">\n\t<li class=\"menu-item menu-item-type-post_type menu-item-object-page menu-item-15911\"><a href=\"https:\/\/mikariyer.com\/nl\/dil-okulu\/genel-almanca\/online-dil-egitimi\/\" class=\"elementor-sub-item\" tabindex=\"-1\">Online taalonderwijs<\/a><\/li>\n\t<li class=\"menu-item menu-item-type-post_type menu-item-object-page menu-item-15912\"><a href=\"https:\/\/mikariyer.com\/nl\/dil-okulu\/genel-almanca\/yuzyuze-dil-egitimi\/\" class=\"elementor-sub-item\" tabindex=\"-1\">Persoonlijke taaltraining<\/a><\/li>\n\t<li class=\"menu-item menu-item-type-post_type menu-item-object-page menu-item-15913\"><a href=\"https:\/\/mikariyer.com\/nl\/dil-okulu\/genel-almanca\/almanyada-b2-kursu\/\" class=\"elementor-sub-item\" tabindex=\"-1\">B2 Cursus in Duitsland<\/a><\/li>\n\t<li class=\"menu-item menu-item-type-post_type menu-item-object-page menu-item-15914\"><a href=\"https:\/\/mikariyer.com\/nl\/dil-okulu\/genel-almanca\/aile-birlesimi\/\" class=\"elementor-sub-item\" tabindex=\"-1\">Gezinshereniging<\/a><\/li>\n<\/ul>\n<\/li>\n<li class=\"menu-item menu-item-type-post_type menu-item-object-page menu-item-has-children menu-item-15915\"><a href=\"https:\/\/mikariyer.com\/nl\/dil-okulu\/mesleki-almanca\/\" class=\"elementor-item\" tabindex=\"-1\">Beroepsgericht Duits<\/a>\n<ul class=\"sub-menu elementor-nav-menu--dropdown\">\n\t<li class=\"menu-item menu-item-type-post_type menu-item-object-page menu-item-15916\"><a href=\"https:\/\/mikariyer.com\/nl\/dil-okulu\/mesleki-almanca\/genel-saglik-dil-egitimi\/\" class=\"elementor-sub-item\" tabindex=\"-1\">Taaltraining algemene gezondheid<\/a><\/li>\n\t<li class=\"menu-item menu-item-type-post_type menu-item-object-page menu-item-15917\"><a href=\"https:\/\/mikariyer.com\/nl\/dil-okulu\/mesleki-almanca\/hizlandirilmis-kurs\/\" class=\"elementor-sub-item\" tabindex=\"-1\">Versnelde cursus<\/a><\/li>\n\t<li class=\"menu-item menu-item-type-post_type menu-item-object-page menu-item-15918\"><a href=\"https:\/\/mikariyer.com\/nl\/dil-okulu\/mesleki-almanca\/doktorlar-icin-fsp-kursu\/\" class=\"elementor-sub-item\" tabindex=\"-1\">FSP Cursus voor artsen<\/a><\/li>\n<\/ul>\n<\/li>\n<li class=\"menu-item menu-item-type-post_type menu-item-object-page menu-item-15919\"><a href=\"https:\/\/mikariyer.com\/nl\/dil-okulu\/yaz-okulu\/\" class=\"elementor-item\" tabindex=\"-1\">Zomerschool<\/a><\/li>\n<\/ul>\t\t\t<\/nav>\n\t\t\t\t\t\t<\/div>\n\t\t\t\t<\/div>\n\t\t\t\t<div class=\"elementor-element elementor-element-d84be28 elementor-widget elementor-widget-infetech_elementor_heading\" data-id=\"d84be28\" data-element_type=\"widget\" data-widget_type=\"infetech_elementor_heading.default\">\n\t\t\t\t<div class=\"elementor-widget-container\">\n\t\t\t\t\t\n\t\t\t<div class=\"ova-heading\">\n\t\t\t\t\n\t\t\t\t\t\t\t\t\t<h2 class=\"sub-title\">\n\t\t\t\t\t\t<span class=\"underlined\"><\/span>\n\t\t\t\t\t\tMiCareer\t\t\t\t\t<\/h2>\t\n\t\t\t\t\n\t\t\t\t\n\t\t\t\t\t<h3 class=\"title\">\t\t\t\t\t\t\t\t\t\t\t\t\t<a href=\"https:\/\/mikariyer.com\/nl\/iletisim\/\" title=\"\">Neem contact met ons op<\/a>\n\t\t\t\t\t\t\t\t\t\t\t<\/h3>\n                \n                \n\t\t\t<\/div>\n\n\t\t\t\t\t\t<\/div>\n\t\t\t\t<\/div>\n\t\t\t\t<div class=\"elementor-element elementor-element-8ec5c6c elementor-widget elementor-widget-infetech_elementor_contact_info\" data-id=\"8ec5c6c\" data-element_type=\"widget\" data-widget_type=\"infetech_elementor_contact_info.default\">\n\t\t\t\t<div class=\"elementor-widget-container\">\n\t\t\t\t\t\t\t\t<div class=\"ova-contact-info template2\">\n\t\t\t\t\n\t\t\t\t\t\t\t\t\t\t\t\t\t\t\t<div class=\"circle\">\n\t\t\t\t\t\t\t<div class=\"icon\">\n\t\t\t\t\t\t\t\t<i class=\"ovaicon ovaicon-phone-call\"><\/i>\n\t\t\t\t\t\t\t<\/div>\n\t\t\t\t\t\t<\/div>\t\n\t\t\t\t    \t\t\t    \t\t\t\t\n\t\t\t\t<div class=\"contact\">\n\t\t\t\t\t\n\t\t\t\t\t\t\t\t\t\t\t<div class=\"label\">\n\t\t\t\t\t\t\tContact Nummer\t\t\t\t\t\t<\/div>\n\t\t\t\t\t\n\t\t\t\t\t<ul class=\"info\">\n\t\t\t\t\t\t\t\t\t\t\t\t\t<li class=\"item\">\n\n\t\t\t\t\t\t\t\t<a href=\"https:\/\/wa.me\/4917684915411\" title=\"+ 49 17684915411\">+ 49 17684915411<\/a>\t\t\t\t\t\t\t<\/li>\n\t\t\t\t\t\t\t\t\t\t\t<\/ul>\n\n\t\t\t\t<\/div>\n\n\t\t\t<\/div>\n\n\t\t\t\t\t\t<\/div>\n\t\t\t\t<\/div>\n\t\t\t\t<div class=\"elementor-element elementor-element-c28735c elementor-widget elementor-widget-infetech_elementor_contact_info\" data-id=\"c28735c\" data-element_type=\"widget\" data-widget_type=\"infetech_elementor_contact_info.default\">\n\t\t\t\t<div class=\"elementor-widget-container\">\n\t\t\t\t\t\t\t\t<div class=\"ova-contact-info template2\">\n\t\t\t\t\n\t\t\t\t\t\t\t\t\t\t\t\t\t\t\t<div class=\"circle\">\n\t\t\t\t\t\t\t<div class=\"icon\">\n\t\t\t\t\t\t\t\t<i class=\"ovaicon ovaicon-email\"><\/i>\n\t\t\t\t\t\t\t<\/div>\n\t\t\t\t\t\t<\/div>\t\n\t\t\t\t    \t\t\t    \t\t\t\t\n\t\t\t\t<div class=\"contact\">\n\t\t\t\t\t\n\t\t\t\t\t\t\t\t\t\t\t<div class=\"label\">\n\t\t\t\t\t\t\tOns postadres\t\t\t\t\t\t<\/div>\n\t\t\t\t\t\n\t\t\t\t\t<ul class=\"info\">\n\t\t\t\t\t\t\t\t\t\t\t\t\t<li class=\"item\">\n\n\t\t\t\t\t\t\t\t\t\t\t\t\t\t\t\t\t\t\t<a href=\"mailto:info@mikariyer.com\" title=\"email\">\n\t\t\t\t\t\t\t\t\t\t\t\tinfo@mikariyer.com\t\t\t\t\t\t\t\t\t\t\t<\/a>\n\t\t\t\t\t\t\t\t\t\t\t\t\t\t\t\t\t<\/li>\n\t\t\t\t\t\t\t\t\t\t\t<\/ul>\n\n\t\t\t\t<\/div>\n\n\t\t\t<\/div>\n\n\t\t\t\t\t\t<\/div>\n\t\t\t\t<\/div>\n\t\t\t\t<div class=\"elementor-element elementor-element-2ae9b06 elementor-widget elementor-widget-infetech_elementor_contact_info\" data-id=\"2ae9b06\" data-element_type=\"widget\" data-widget_type=\"infetech_elementor_contact_info.default\">\n\t\t\t\t<div class=\"elementor-widget-container\">\n\t\t\t\t\t\t\t\t<div class=\"ova-contact-info template2\">\n\t\t\t\t\n\t\t\t\t\t\t\t\t\t\t\t\t\t\t\t<div class=\"circle\">\n\t\t\t\t\t\t\t<div class=\"icon\">\n\t\t\t\t\t\t\t\t<i class=\"far fa-map\"><\/i>\n\t\t\t\t\t\t\t<\/div>\n\t\t\t\t\t\t<\/div>\t\n\t\t\t\t    \t\t\t    \t\t\t\t\n\t\t\t\t<div class=\"contact\">\n\t\t\t\t\t\n\t\t\t\t\t\t\t\t\t\t\t<div class=\"label\">\n\t\t\t\t\t\t\tOns adres\t\t\t\t\t\t<\/div>\n\t\t\t\t\t\n\t\t\t\t\t<ul class=\"info\">\n\t\t\t\t\t\t\t\t\t\t\t\t\t<li class=\"item\">\n\n\t\t\t\t\t\t\t\t<a href=\"https:\/\/maps.app.goo.gl\/HDJiQThZhUDnXWy77\" target=\"_blank\" title=\"338A Regents Park Road Kantoor 3 en 4 Londen Verenigd Koninkrijk N3 2LN\">338A Regents Park Road Kantoor 3 en 4 Londen Verenigd Koninkrijk N3 2LN<\/a>\t\t\t\t\t\t\t<\/li>\n\t\t\t\t\t\t\t\t\t\t\t<\/ul>\n\n\t\t\t\t<\/div>\n\n\t\t\t<\/div>\n\n\t\t\t\t\t\t<\/div>\n\t\t\t\t<\/div>\n\t\t\t\t<\/div>\n\t\t\t\t\t<\/div>\n\t\t\t\t<\/div>\n\t\t\t\t<\/div>\n\t\t<\/div>\n\t\t\t\t\t\t<\/div>\n\t\t\t\t<\/div>\n\t\t\t\t<\/div>\n\t\t<div class=\"elementor-element elementor-element-c6e6697 e-con-full e-flex e-con e-child\" data-id=\"c6e6697\" data-element_type=\"container\">\n\t\t\t\t<div class=\"elementor-element elementor-element-053c0c0 elementor-widget elementor-widget-infetech_elementor_heading\" data-id=\"053c0c0\" data-element_type=\"widget\" data-widget_type=\"infetech_elementor_heading.default\">\n\t\t\t\t<div class=\"elementor-widget-container\">\n\t\t\t\t\t\n\t\t\t<div class=\"ova-heading\">\n\t\t\t\t\n\t\t\t\t\t\t\t\t\t<h2 class=\"sub-title\">\n\t\t\t\t\t\t<span class=\"underlined\"><\/span>\n\t\t\t\t\t\tAlgemeen Duits\t\t\t\t\t<\/h2>\t\n\t\t\t\t\n\t\t\t\t\n\t\t\t\t\t<h2 class=\"title\">\t\t\t\t\t\t\t\t\t\t\t\t\t<a href=\"https:\/\/mikariyer.com\/nl\/dil-okulu\/genel-almanca\/yuzyuze-dil-egitimi\/\" title=\"\">Y\u00fcz Y\u00fcze Dil E\u011fitimi<\/a>\n\t\t\t\t\t\t\t\t\t\t\t<\/h2>\n                \n                \n\t\t\t<\/div>\n\n\t\t\t\t\t\t<\/div>\n\t\t\t\t<\/div>\n\t\t\t\t<div class=\"elementor-element elementor-element-5151072 elementor-blockquote--skin-boxed elementor-blockquote--align-center elementor-blockquote--button-color-official elementor-widget elementor-widget-blockquote\" data-id=\"5151072\" data-element_type=\"widget\" data-widget_type=\"blockquote.default\">\n\t\t\t\t<div class=\"elementor-widget-container\">\n\t\t\t\t\t\t\t<blockquote class=\"elementor-blockquote\">\n\t\t\t<p class=\"elementor-blockquote__content\">\n\t\t\t\tAlmancan\u0131z\u0131 Geli\u015ftirin, D\u00fcnyaya A\u00e7\u0131lan Kap\u0131n\u0131z\u0131 Aralay\u0131n!\t\t\t<\/p>\n\t\t\t\t\t<\/blockquote>\n\t\t\t\t\t\t<\/div>\n\t\t\t\t<\/div>\n\t\t\t\t<div class=\"elementor-element elementor-element-bb1555d elementor-widget elementor-widget-text-editor\" data-id=\"bb1555d\" data-element_type=\"widget\" data-widget_type=\"text-editor.default\">\n\t\t\t\t<div class=\"elementor-widget-container\">\n\t\t\t\t\t\t\t\t\t<p><strong>Y\u00fcz y\u00fcze Almanca e\u011fitimi<\/strong><strong>,<\/strong> dilin inceliklerini, telaffuzunu ve k\u00fclt\u00fcrel ba\u011flam\u0131n\u0131 do\u011frudan deneyimleyerek \u00f6\u011frenmenin en etkili yoludur. Ger\u00e7ek zamanl\u0131 etkile\u015fim, dil becerilerini h\u0131zla geli\u015ftirmenin ve Almancan\u0131n zengin ifade bi\u00e7imlerini kavraman\u0131n anahtar\u0131d\u0131r. Bu, \u00f6\u011frencilere sadece dil bilgisi ve kelime da\u011farc\u0131\u011f\u0131 de\u011fil, ayn\u0131 zamanda dilin canl\u0131 kullan\u0131m\u0131n\u0131 ve k\u00fclt\u00fcrel n\u00fcanslar\u0131 \u00f6\u011frenme f\u0131rsat\u0131 sunar.<\/p>\t\t\t\t\t\t\t\t<\/div>\n\t\t\t\t<\/div>\n\t\t\t\t<div class=\"elementor-element elementor-element-1a6ac7e elementor-widget elementor-widget-image\" data-id=\"1a6ac7e\" data-element_type=\"widget\" data-widget_type=\"image.default\">\n\t\t\t\t<div class=\"elementor-widget-container\">\n\t\t\t\t\t\t\t\t\t\t\t\t\t\t\t<img fetchpriority=\"high\" decoding=\"async\" width=\"768\" height=\"437\" src=\"https:\/\/mikariyer.com\/wp-content\/uploads\/2024\/06\/designers-with-blueprint-color-samples-1-768x437.jpg\" class=\"attachment-medium_large size-medium_large wp-image-18232\" alt=\"\" srcset=\"https:\/\/mikariyer.com\/wp-content\/uploads\/2024\/06\/designers-with-blueprint-color-samples-1-768x437.jpg 768w, https:\/\/mikariyer.com\/wp-content\/uploads\/2024\/06\/designers-with-blueprint-color-samples-1-300x171.jpg 300w, https:\/\/mikariyer.com\/wp-content\/uploads\/2024\/06\/designers-with-blueprint-color-samples-1-1024x583.jpg 1024w, https:\/\/mikariyer.com\/wp-content\/uploads\/2024\/06\/designers-with-blueprint-color-samples-1-1536x874.jpg 1536w, https:\/\/mikariyer.com\/wp-content\/uploads\/2024\/06\/designers-with-blueprint-color-samples-1-2048x1165.jpg 2048w\" sizes=\"(max-width: 768px) 100vw, 768px\" \/>\t\t\t\t\t\t\t\t\t\t\t\t\t\t\t<\/div>\n\t\t\t\t<\/div>\n\t\t\t\t<div class=\"elementor-element elementor-element-003b6f4 elementor-blockquote--skin-boxed elementor-blockquote--align-center elementor-blockquote--button-color-official elementor-widget elementor-widget-blockquote\" data-id=\"003b6f4\" data-element_type=\"widget\" data-widget_type=\"blockquote.default\">\n\t\t\t\t<div class=\"elementor-widget-container\">\n\t\t\t\t\t\t\t<blockquote class=\"elementor-blockquote\">\n\t\t\t<p class=\"elementor-blockquote__content\">\n\t\t\t\tAlmancan\u0131n G\u00fcc\u00fcyle Profesyonel Arenada Parlay\u0131n! \t\t\t<\/p>\n\t\t\t\t\t<\/blockquote>\n\t\t\t\t\t\t<\/div>\n\t\t\t\t<\/div>\n\t\t\t\t<div class=\"elementor-element elementor-element-8374e73 elementor-widget elementor-widget-text-editor\" data-id=\"8374e73\" data-element_type=\"widget\" data-widget_type=\"text-editor.default\">\n\t\t\t\t<div class=\"elementor-widget-container\">\n\t\t\t\t\t\t\t\t\t<p><strong>MiKariyer Y\u00fcz Y\u00fcze Almanca e\u011fitim programlar\u0131m\u0131z<\/strong><strong>,<\/strong> dilin zengin ifade bi\u00e7imlerini ve k\u00fclt\u00fcrel n\u00fcanslar\u0131n\u0131 do\u011frudan deneyimleyerek \u00f6\u011frenmenin en etkili yolunu sunar. D\u00fcnyan\u0131n d\u00f6rt bir yan\u0131ndan gelen kat\u0131l\u0131mc\u0131larla interaktif bir grup ortam\u0131nda, <strong>Goethe Enstit\u00fcs\u00fc<\/strong> ve <strong>Telc<\/strong> dil s\u0131navlar\u0131na en iyi \u015fekilde haz\u0131rlan\u0131rken, Almancan\u0131n telaffuzunu ve dilin inceliklerini ger\u00e7ek zamanl\u0131 etkile\u015fimle ke\u015ffedeceksiniz. Hem\u015firelik veya terap\u00f6tik meslekler gibi \u00f6zel alanlarda teknik dil becerilerini geli\u015ftirmek isteyenler i\u00e7in sundu\u011fumuz kurslar\u0131m\u0131z, profesyonel geli\u015fiminizi destekler ve sizi global bir kariyer i\u00e7in donat\u0131r. <strong>%100 Almanca e\u011fitimi<\/strong> alarak, sadece bir dil de\u011fil, bir k\u00fclt\u00fcr\u00fcn kap\u0131lar\u0131n\u0131 aralay\u0131n ve gelece\u011finizi \u015fekillendirmek i\u00e7in kritik bir ad\u0131m at\u0131n.<\/p><p>Almanya\u2019n\u0131n dinamik i\u015f d\u00fcnyas\u0131nda konumunuzu peki\u015ftirmek ve sekt\u00f6r\u00fcn\u00fczde zirveye y\u00fckselmek i\u00e7in, Almanca dil becerileriniz en de\u011ferli sermayenizdir. MiKariyer Dil E\u011fitim Program\u0131, dil \u00f6\u011frenme maceran\u0131zda size k\u0131lavuzluk ederek, temel seviyeden ileri seviyeye kadar Almancan\u0131z\u0131 m\u00fckemmelle\u015ftirmenize yard\u0131mc\u0131 olur. Kurslar\u0131m\u0131z, sizi sadece dilin teknik y\u00f6nleriyle donatmakla kalmaz, ayn\u0131 zamanda Almanya\u2019n\u0131n teknolojik ve sosyal sekt\u00f6rlerinde rekabet \u00fcst\u00fcnl\u00fc\u011f\u00fc kazanman\u0131z i\u00e7in stratejik olarak tasarlanm\u0131\u015ft\u0131r.<\/p><p>Y\u00fcz y\u00fcze e\u011fitimlerimizle, Almanca \u00f6\u011frenimini yeni bir boyuta ta\u015f\u0131yoruz. Esnek zaman se\u00e7enekleri sunan Genel Almanca Kurslar\u0131m\u0131z, her \u00f6\u011frencinin bireysel ihtiya\u00e7lar\u0131na hitap eder. Ana dili Almanca olan tecr\u00fcbeli e\u011fitmenlerimizin y\u00f6nlendirmesiyle, interaktif ve canl\u0131 dersler arac\u0131l\u0131\u011f\u0131yla dil becerilerinizi zenginle\u015ftirin.<\/p><p>MiKariyer ile Almanca \u00f6\u011frenerek kariyer yolculu\u011funuzda ilk ad\u0131m\u0131 at\u0131n. Ba\u015fvuru formumuzu doldurarak Almanya\u2019daki profesyonel maceran\u0131za bizimle birlikte ad\u0131m at\u0131n. Almanca bilginizle profesyonel d\u00fcnyada iz b\u0131rak\u0131n ve ba\u015far\u0131 merdivenlerini h\u0131zla t\u0131rman\u0131n.<\/p>\t\t\t\t\t\t\t\t<\/div>\n\t\t\t\t<\/div>\n\t\t\t\t<div class=\"elementor-element elementor-element-1e99112 elementor-align-center elementor-widget elementor-widget-button\" data-id=\"1e99112\" data-element_type=\"widget\" data-widget_type=\"button.default\">\n\t\t\t\t<div class=\"elementor-widget-container\">\n\t\t\t\t\t\t\t\t\t<div class=\"elementor-button-wrapper\">\n\t\t\t\t\t<a class=\"elementor-button elementor-button-link elementor-size-sm\" href=\"https:\/\/mikariyer.com\/nl\/iletisim\/\">\n\t\t\t\t\t\t<span class=\"elementor-button-content-wrapper\">\n\t\t\t\t\t\t\t\t\t<span class=\"elementor-button-text\">Neem contact op<\/span>\n\t\t\t\t\t<\/span>\n\t\t\t\t\t<\/a>\n\t\t\t\t<\/div>\n\t\t\t\t\t\t\t\t<\/div>\n\t\t\t\t<\/div>\n\t\t\t\t<\/div>\n\t\t\t\t<\/div>\n\t\t\t\t<\/div>","protected":false},"excerpt":{"rendered":"<p>Genel Almanca Y\u00fcz Y\u00fcze Dil E\u011fitimi Almancan\u0131z\u0131 Geli\u015ftirin, D\u00fcnyaya A\u00e7\u0131lan Kap\u0131n\u0131z\u0131 Aralay\u0131n! Y\u00fcz y\u00fcze Almanca e\u011fitimi, dilin inceliklerini, telaffuzunu ve k\u00fclt\u00fcrel ba\u011flam\u0131n\u0131 do\u011frudan deneyimleyerek \u00f6\u011frenmenin en etkili yoludur. Ger\u00e7ek zamanl\u0131 etkile\u015fim, dil becerilerini h\u0131zla geli\u015ftirmenin ve Almancan\u0131n zengin ifade bi\u00e7imlerini kavraman\u0131n anahtar\u0131d\u0131r. Bu, \u00f6\u011frencilere sadece dil bilgisi ve kelime da\u011farc\u0131\u011f\u0131 de\u011fil, ayn\u0131 zamanda dilin canl\u0131 [&hellip;]<\/p>\n","protected":false},"author":3,"featured_media":0,"parent":15821,"menu_order":2,"comment_status":"closed","ping_status":"closed","template":"","meta":{"footnotes":""},"class_list":["post-15825","page","type-page","status-publish","hentry"],"_links":{"self":[{"href":"https:\/\/mikariyer.com\/nl\/wp-json\/wp\/v2\/pages\/15825","targetHints":{"allow":["GET"]}}],"collection":[{"href":"https:\/\/mikariyer.com\/nl\/wp-json\/wp\/v2\/pages"}],"about":[{"href":"https:\/\/mikariyer.com\/nl\/wp-json\/wp\/v2\/types\/page"}],"author":[{"embeddable":true,"href":"https:\/\/mikariyer.com\/nl\/wp-json\/wp\/v2\/users\/3"}],"replies":[{"embeddable":true,"href":"https:\/\/mikariyer.com\/nl\/wp-json\/wp\/v2\/comments?post=15825"}],"version-history":[{"count":1,"href":"https:\/\/mikariyer.com\/nl\/wp-json\/wp\/v2\/pages\/15825\/revisions"}],"predecessor-version":[{"id":19366,"href":"https:\/\/mikariyer.com\/nl\/wp-json\/wp\/v2\/pages\/15825\/revisions\/19366"}],"up":[{"embeddable":true,"href":"https:\/\/mikariyer.com\/nl\/wp-json\/wp\/v2\/pages\/15821"}],"wp:attachment":[{"href":"https:\/\/mikariyer.com\/nl\/wp-json\/wp\/v2\/media?parent=15825"}],"curies":[{"name":"wp","href":"https:\/\/api.w.org\/{rel}","templated":true}]}}