{"id":15835,"date":"2024-05-17T15:10:20","date_gmt":"2024-05-17T15:10:20","guid":{"rendered":"https:\/\/mikariyer.com\/?page_id=15835"},"modified":"2025-07-31T23:13:47","modified_gmt":"2025-07-31T23:13:47","slug":"hizlandirilmis-kurs","status":"publish","type":"page","link":"https:\/\/mikariyer.com\/nl\/dil-okulu\/mesleki-almanca\/hizlandirilmis-kurs\/","title":{"rendered":"Versnelde cursus"},"content":{"rendered":"<div data-elementor-type=\"wp-page\" data-elementor-id=\"15835\" class=\"elementor elementor-15835\" data-elementor-post-type=\"page\">\n\t\t\t\t<div class=\"elementor-element elementor-element-30d0ea9 e-con-full e-flex e-con e-parent\" data-id=\"30d0ea9\" data-element_type=\"container\">\n\t\t<div class=\"elementor-element elementor-element-55ce513 e-con-full e-flex e-con e-child\" data-id=\"55ce513\" data-element_type=\"container\">\n\t\t\t\t<div class=\"elementor-element elementor-element-6b91051 elementor-widget elementor-widget-shortcode\" data-id=\"6b91051\" data-element_type=\"widget\" data-widget_type=\"shortcode.default\">\n\t\t\t\t<div class=\"elementor-widget-container\">\n\t\t\t\t\t\t\t<div class=\"elementor-shortcode\">\t\t<div data-elementor-type=\"single-post\" data-elementor-id=\"16072\" class=\"elementor elementor-16072\" data-elementor-post-type=\"elementor_library\">\n\t\t\t<div class=\"elementor-element elementor-element-300316f elementor-hidden-mobile e-flex e-con-boxed e-con e-parent\" data-id=\"300316f\" data-element_type=\"container\" data-settings=\"{&quot;background_background&quot;:&quot;classic&quot;}\">\n\t\t\t\t\t<div class=\"e-con-inner\">\n\t\t<div class=\"elementor-element elementor-element-58b87ae e-con-full e-flex e-con e-child\" data-id=\"58b87ae\" data-element_type=\"container\">\n\t\t\t\t<div class=\"elementor-element elementor-element-ad0d9fd elementor-widget elementor-widget-infetech_elementor_heading\" data-id=\"ad0d9fd\" data-element_type=\"widget\" data-widget_type=\"infetech_elementor_heading.default\">\n\t\t\t\t<div class=\"elementor-widget-container\">\n\t\t\t\t\t\n\t\t\t<div class=\"ova-heading\">\n\t\t\t\t\n\t\t\t\t\n\t\t\t\t\n\t\t\t\t\t<h3 class=\"title\">\t\t\t\t\t\t\t\t\t\t\t\t\t<a href=\"https:\/\/mikariyer.com\/nl\/dil-okulu\/\" title=\"\">TAALSCHOOL<\/a>\n\t\t\t\t\t\t\t\t\t\t\t<\/h3>\n                \n                \n\t\t\t<\/div>\n\n\t\t\t\t\t\t<\/div>\n\t\t\t\t<\/div>\n\t\t\t\t<div class=\"elementor-element elementor-element-a042caa elementor-nav-menu__text-align-aside elementor-widget elementor-widget-nav-menu\" data-id=\"a042caa\" data-element_type=\"widget\" data-settings=\"{&quot;layout&quot;:&quot;dropdown&quot;,&quot;submenu_icon&quot;:{&quot;value&quot;:&quot;&lt;svg class=\\&quot;e-font-icon-svg e-fas-caret-down\\&quot; viewBox=\\&quot;0 0 320 512\\&quot; xmlns=\\&quot;http:\\\/\\\/www.w3.org\\\/2000\\\/svg\\&quot;&gt;&lt;path d=\\&quot;M31.3 192h257.3c17.8 0 26.7 21.5 14.1 34.1L174.1 354.8c-7.8 7.8-20.5 7.8-28.3 0L17.2 226.1C4.6 213.5 13.5 192 31.3 192z\\&quot;&gt;&lt;\\\/path&gt;&lt;\\\/svg&gt;&quot;,&quot;library&quot;:&quot;fa-solid&quot;}}\" data-widget_type=\"nav-menu.default\">\n\t\t\t\t<div class=\"elementor-widget-container\">\n\t\t\t\t\t\t\t\t<nav class=\"elementor-nav-menu--dropdown elementor-nav-menu__container\" aria-hidden=\"true\">\n\t\t\t\t<ul id=\"menu-2-a042caa\" class=\"elementor-nav-menu\"><li class=\"menu-item menu-item-type-post_type menu-item-object-page menu-item-has-children menu-item-15909\"><a href=\"https:\/\/mikariyer.com\/nl\/dil-okulu\/genel-almanca\/\" class=\"elementor-item\" tabindex=\"-1\">Algemeen Duits<\/a>\n<ul class=\"sub-menu elementor-nav-menu--dropdown\">\n\t<li class=\"menu-item menu-item-type-post_type menu-item-object-page menu-item-15911\"><a href=\"https:\/\/mikariyer.com\/nl\/dil-okulu\/genel-almanca\/online-dil-egitimi\/\" class=\"elementor-sub-item\" tabindex=\"-1\">Online taalonderwijs<\/a><\/li>\n\t<li class=\"menu-item menu-item-type-post_type menu-item-object-page menu-item-15912\"><a href=\"https:\/\/mikariyer.com\/nl\/dil-okulu\/genel-almanca\/yuzyuze-dil-egitimi\/\" class=\"elementor-sub-item\" tabindex=\"-1\">Persoonlijke taaltraining<\/a><\/li>\n\t<li class=\"menu-item menu-item-type-post_type menu-item-object-page menu-item-15913\"><a href=\"https:\/\/mikariyer.com\/nl\/dil-okulu\/genel-almanca\/almanyada-b2-kursu\/\" class=\"elementor-sub-item\" tabindex=\"-1\">B2 Cursus in Duitsland<\/a><\/li>\n\t<li class=\"menu-item menu-item-type-post_type menu-item-object-page menu-item-15914\"><a href=\"https:\/\/mikariyer.com\/nl\/dil-okulu\/genel-almanca\/aile-birlesimi\/\" class=\"elementor-sub-item\" tabindex=\"-1\">Gezinshereniging<\/a><\/li>\n<\/ul>\n<\/li>\n<li class=\"menu-item menu-item-type-post_type menu-item-object-page menu-item-has-children menu-item-15915\"><a href=\"https:\/\/mikariyer.com\/nl\/dil-okulu\/mesleki-almanca\/\" class=\"elementor-item\" tabindex=\"-1\">Beroepsgericht Duits<\/a>\n<ul class=\"sub-menu elementor-nav-menu--dropdown\">\n\t<li class=\"menu-item menu-item-type-post_type menu-item-object-page menu-item-15916\"><a href=\"https:\/\/mikariyer.com\/nl\/dil-okulu\/mesleki-almanca\/genel-saglik-dil-egitimi\/\" class=\"elementor-sub-item\" tabindex=\"-1\">Taaltraining algemene gezondheid<\/a><\/li>\n\t<li class=\"menu-item menu-item-type-post_type menu-item-object-page menu-item-15917\"><a href=\"https:\/\/mikariyer.com\/nl\/dil-okulu\/mesleki-almanca\/hizlandirilmis-kurs\/\" class=\"elementor-sub-item\" tabindex=\"-1\">Versnelde cursus<\/a><\/li>\n\t<li class=\"menu-item menu-item-type-post_type menu-item-object-page menu-item-15918\"><a href=\"https:\/\/mikariyer.com\/nl\/dil-okulu\/mesleki-almanca\/doktorlar-icin-fsp-kursu\/\" class=\"elementor-sub-item\" tabindex=\"-1\">FSP Cursus voor artsen<\/a><\/li>\n<\/ul>\n<\/li>\n<li class=\"menu-item menu-item-type-post_type menu-item-object-page menu-item-15919\"><a href=\"https:\/\/mikariyer.com\/nl\/dil-okulu\/yaz-okulu\/\" class=\"elementor-item\" tabindex=\"-1\">Zomerschool<\/a><\/li>\n<\/ul>\t\t\t<\/nav>\n\t\t\t\t\t\t<\/div>\n\t\t\t\t<\/div>\n\t\t\t\t<div class=\"elementor-element elementor-element-d84be28 elementor-widget elementor-widget-infetech_elementor_heading\" data-id=\"d84be28\" data-element_type=\"widget\" data-widget_type=\"infetech_elementor_heading.default\">\n\t\t\t\t<div class=\"elementor-widget-container\">\n\t\t\t\t\t\n\t\t\t<div class=\"ova-heading\">\n\t\t\t\t\n\t\t\t\t\t\t\t\t\t<h2 class=\"sub-title\">\n\t\t\t\t\t\t<span class=\"underlined\"><\/span>\n\t\t\t\t\t\tMiCareer\t\t\t\t\t<\/h2>\t\n\t\t\t\t\n\t\t\t\t\n\t\t\t\t\t<h3 class=\"title\">\t\t\t\t\t\t\t\t\t\t\t\t\t<a href=\"https:\/\/mikariyer.com\/nl\/iletisim\/\" title=\"\">Neem contact met ons op<\/a>\n\t\t\t\t\t\t\t\t\t\t\t<\/h3>\n                \n                \n\t\t\t<\/div>\n\n\t\t\t\t\t\t<\/div>\n\t\t\t\t<\/div>\n\t\t\t\t<div class=\"elementor-element elementor-element-8ec5c6c elementor-widget elementor-widget-infetech_elementor_contact_info\" data-id=\"8ec5c6c\" data-element_type=\"widget\" data-widget_type=\"infetech_elementor_contact_info.default\">\n\t\t\t\t<div class=\"elementor-widget-container\">\n\t\t\t\t\t\t\t\t<div class=\"ova-contact-info template2\">\n\t\t\t\t\n\t\t\t\t\t\t\t\t\t\t\t\t\t\t\t<div class=\"circle\">\n\t\t\t\t\t\t\t<div class=\"icon\">\n\t\t\t\t\t\t\t\t<i class=\"ovaicon ovaicon-phone-call\"><\/i>\n\t\t\t\t\t\t\t<\/div>\n\t\t\t\t\t\t<\/div>\t\n\t\t\t\t    \t\t\t    \t\t\t\t\n\t\t\t\t<div class=\"contact\">\n\t\t\t\t\t\n\t\t\t\t\t\t\t\t\t\t\t<div class=\"label\">\n\t\t\t\t\t\t\tContact Nummer\t\t\t\t\t\t<\/div>\n\t\t\t\t\t\n\t\t\t\t\t<ul class=\"info\">\n\t\t\t\t\t\t\t\t\t\t\t\t\t<li class=\"item\">\n\n\t\t\t\t\t\t\t\t<a href=\"https:\/\/wa.me\/4917684915411\" title=\"+ 49 17684915411\">+ 49 17684915411<\/a>\t\t\t\t\t\t\t<\/li>\n\t\t\t\t\t\t\t\t\t\t\t<\/ul>\n\n\t\t\t\t<\/div>\n\n\t\t\t<\/div>\n\n\t\t\t\t\t\t<\/div>\n\t\t\t\t<\/div>\n\t\t\t\t<div class=\"elementor-element elementor-element-c28735c elementor-widget elementor-widget-infetech_elementor_contact_info\" data-id=\"c28735c\" data-element_type=\"widget\" data-widget_type=\"infetech_elementor_contact_info.default\">\n\t\t\t\t<div class=\"elementor-widget-container\">\n\t\t\t\t\t\t\t\t<div class=\"ova-contact-info template2\">\n\t\t\t\t\n\t\t\t\t\t\t\t\t\t\t\t\t\t\t\t<div class=\"circle\">\n\t\t\t\t\t\t\t<div class=\"icon\">\n\t\t\t\t\t\t\t\t<i class=\"ovaicon ovaicon-email\"><\/i>\n\t\t\t\t\t\t\t<\/div>\n\t\t\t\t\t\t<\/div>\t\n\t\t\t\t    \t\t\t    \t\t\t\t\n\t\t\t\t<div class=\"contact\">\n\t\t\t\t\t\n\t\t\t\t\t\t\t\t\t\t\t<div class=\"label\">\n\t\t\t\t\t\t\tOns postadres\t\t\t\t\t\t<\/div>\n\t\t\t\t\t\n\t\t\t\t\t<ul class=\"info\">\n\t\t\t\t\t\t\t\t\t\t\t\t\t<li class=\"item\">\n\n\t\t\t\t\t\t\t\t\t\t\t\t\t\t\t\t\t\t\t<a href=\"mailto:info@mikariyer.com\" title=\"email\">\n\t\t\t\t\t\t\t\t\t\t\t\tinfo@mikariyer.com\t\t\t\t\t\t\t\t\t\t\t<\/a>\n\t\t\t\t\t\t\t\t\t\t\t\t\t\t\t\t\t<\/li>\n\t\t\t\t\t\t\t\t\t\t\t<\/ul>\n\n\t\t\t\t<\/div>\n\n\t\t\t<\/div>\n\n\t\t\t\t\t\t<\/div>\n\t\t\t\t<\/div>\n\t\t\t\t<div class=\"elementor-element elementor-element-2ae9b06 elementor-widget elementor-widget-infetech_elementor_contact_info\" data-id=\"2ae9b06\" data-element_type=\"widget\" data-widget_type=\"infetech_elementor_contact_info.default\">\n\t\t\t\t<div class=\"elementor-widget-container\">\n\t\t\t\t\t\t\t\t<div class=\"ova-contact-info template2\">\n\t\t\t\t\n\t\t\t\t\t\t\t\t\t\t\t\t\t\t\t<div class=\"circle\">\n\t\t\t\t\t\t\t<div class=\"icon\">\n\t\t\t\t\t\t\t\t<i class=\"far fa-map\"><\/i>\n\t\t\t\t\t\t\t<\/div>\n\t\t\t\t\t\t<\/div>\t\n\t\t\t\t    \t\t\t    \t\t\t\t\n\t\t\t\t<div class=\"contact\">\n\t\t\t\t\t\n\t\t\t\t\t\t\t\t\t\t\t<div class=\"label\">\n\t\t\t\t\t\t\tOns adres\t\t\t\t\t\t<\/div>\n\t\t\t\t\t\n\t\t\t\t\t<ul class=\"info\">\n\t\t\t\t\t\t\t\t\t\t\t\t\t<li class=\"item\">\n\n\t\t\t\t\t\t\t\t<a href=\"https:\/\/maps.app.goo.gl\/HDJiQThZhUDnXWy77\" target=\"_blank\" title=\"338A Regents Park Road Kantoor 3 en 4 Londen Verenigd Koninkrijk N3 2LN\">338A Regents Park Road Kantoor 3 en 4 Londen Verenigd Koninkrijk N3 2LN<\/a>\t\t\t\t\t\t\t<\/li>\n\t\t\t\t\t\t\t\t\t\t\t<\/ul>\n\n\t\t\t\t<\/div>\n\n\t\t\t<\/div>\n\n\t\t\t\t\t\t<\/div>\n\t\t\t\t<\/div>\n\t\t\t\t<\/div>\n\t\t\t\t\t<\/div>\n\t\t\t\t<\/div>\n\t\t\t\t<\/div>\n\t\t<\/div>\n\t\t\t\t\t\t<\/div>\n\t\t\t\t<\/div>\n\t\t\t\t<\/div>\n\t\t<div class=\"elementor-element elementor-element-7187002 e-con-full e-flex e-con e-child\" data-id=\"7187002\" data-element_type=\"container\">\n\t\t\t\t<div class=\"elementor-element elementor-element-96dc753 elementor-widget elementor-widget-infetech_elementor_heading\" data-id=\"96dc753\" data-element_type=\"widget\" data-widget_type=\"infetech_elementor_heading.default\">\n\t\t\t\t<div class=\"elementor-widget-container\">\n\t\t\t\t\t\n\t\t\t<div class=\"ova-heading\">\n\t\t\t\t\n\t\t\t\t\t\t\t\t\t<h2 class=\"sub-title\">\n\t\t\t\t\t\t<span class=\"underlined\"><\/span>\n\t\t\t\t\t\tBeroepsgericht Duits\t\t\t\t\t<\/h2>\t\n\t\t\t\t\n\t\t\t\t\n\t\t\t\t\t<h2 class=\"title\">\t\t\t\t\t\t\t\t\t\t\t\t\t<a href=\"https:\/\/mikariyer.com\/nl\/dil-okulu\/mesleki-almanca\/hizlandirilmis-kurs\/\" title=\"\">Sa\u011fl\u0131k Personeline Y\u00f6nelik (Crasch) H\u0131zland\u0131r\u0131lm\u0131\u015f Kurs<\/a>\n\t\t\t\t\t\t\t\t\t\t\t<\/h2>\n                \n                \n\t\t\t<\/div>\n\n\t\t\t\t\t\t<\/div>\n\t\t\t\t<\/div>\n\t\t\t\t<div class=\"elementor-element elementor-element-00477dc elementor-blockquote--skin-boxed elementor-blockquote--align-center elementor-blockquote--button-color-official elementor-widget elementor-widget-blockquote\" data-id=\"00477dc\" data-element_type=\"widget\" data-widget_type=\"blockquote.default\">\n\t\t\t\t<div class=\"elementor-widget-container\">\n\t\t\t\t\t\t\t<blockquote class=\"elementor-blockquote\">\n\t\t\t<p class=\"elementor-blockquote__content\">\n\t\t\t\tAlmancan\u0131n G\u00fcc\u00fcyle Profesyonel Arenada Parlay\u0131n! \t\t\t<\/p>\n\t\t\t\t\t<\/blockquote>\n\t\t\t\t\t\t<\/div>\n\t\t\t\t<\/div>\n\t\t\t\t<div class=\"elementor-element elementor-element-ba8b005 elementor-widget elementor-widget-text-editor\" data-id=\"ba8b005\" data-element_type=\"widget\" data-widget_type=\"text-editor.default\">\n\t\t\t\t<div class=\"elementor-widget-container\">\n\t\t\t\t\t\t\t\t\t<p>Almanya\u2019da sa\u011fl\u0131k sekt\u00f6r\u00fcnde kariyer yapmay\u0131 hedefleyen nitelikli profesyoneller i\u00e7in, MiKariyer Dil E\u011fitim Servisi, mesleki denklik s\u00fcrecinde ba\u015far\u0131y\u0131 garantilemek \u00fczere \u00f6zel bir haz\u0131rl\u0131k kursu sunmaktad\u0131r. Bu kurs, Alman mesleki e\u011fitim standartlar\u0131na uygun olarak eksik teorik ve pratik bilgilerin tamamlanmas\u0131n\u0131 sa\u011flar ve adaylar\u0131, denklik s\u0131nav\u0131n\u0131n zorluklar\u0131na kar\u015f\u0131 donan\u0131ml\u0131 hale getirir.<\/p>\t\t\t\t\t\t\t\t<\/div>\n\t\t\t\t<\/div>\n\t\t\t\t<div class=\"elementor-element elementor-element-5d3a8fc elementor-widget elementor-widget-heading\" data-id=\"5d3a8fc\" data-element_type=\"widget\" data-widget_type=\"heading.default\">\n\t\t\t\t<div class=\"elementor-widget-container\">\n\t\t\t\t\t<h3 class=\"elementor-heading-title elementor-size-default\">MiKariyer Dil E\u011fitim Servisi\u2019nin Sundu\u011fu Avantajlar:<\/h3>\t\t\t\t<\/div>\n\t\t\t\t<\/div>\n\t\t<div class=\"elementor-element elementor-element-95e59c0 e-grid e-con-boxed e-con e-child\" data-id=\"95e59c0\" data-element_type=\"container\">\n\t\t\t\t\t<div class=\"e-con-inner\">\n\t\t\t\t<div class=\"elementor-element elementor-element-adf282f elementor-widget elementor-widget-infetech_elementor_service\" data-id=\"adf282f\" data-element_type=\"widget\" data-widget_type=\"infetech_elementor_service.default\">\n\t\t\t\t<div class=\"elementor-widget-container\">\n\t\t\t\t\t            <div class=\"ova-service ova-service-template1\">\n            \t<div class=\"image-service\">\n\t\t\t\t\t<img decoding=\"async\" src=\"https:\/\/mikariyer.com\/wp-content\/uploads\/2024\/06\/designers-with-blueprint-color-samples-1-scaled.jpg\" alt=\"Kapsaml\u0131 Haz\u0131rl\u0131k\">\n                <\/div>\n                <div class=\"content-service-wrapper\">\n                \t                \t<div class=\"content-service\">\n\t\t\t            \t\t\t\t\t\t\t\t<h4 class=\"title\">\n\t\t\t\t\t\t\t\t\tKapsaml\u0131 Haz\u0131rl\u0131k\t\t\t\t\t\t\t\t<\/h4>\n\t\t\t\t\t\t\t\t\t\t\t            \t<div class=\"description\">\n\t\t\t\t            \t\t3 ayl\u0131k yo\u011fun bir programla, adaylar Almanya\u2019n\u0131n sa\u011fl\u0131k sekt\u00f6r\u00fcne \u00f6zg\u00fc detayl\u0131 bilgi ve beceriler kazan\u0131r.\t\t\t\t            \t<\/div>\n\t\t\t\t          \t                    <\/div> \n                <\/div>\n\t\t    <\/div>\n\t \t\t\t\t\t<\/div>\n\t\t\t\t<\/div>\n\t\t\t\t<div class=\"elementor-element elementor-element-21d72d3 elementor-widget elementor-widget-infetech_elementor_service\" data-id=\"21d72d3\" data-element_type=\"widget\" data-widget_type=\"infetech_elementor_service.default\">\n\t\t\t\t<div class=\"elementor-widget-container\">\n\t\t\t\t\t            <div class=\"ova-service ova-service-template1\">\n            \t<div class=\"image-service\">\n\t\t\t\t\t<img decoding=\"async\" src=\"https:\/\/mikariyer.com\/wp-content\/uploads\/2024\/06\/healthcare-people-group-scaled.jpg\" alt=\"Mesleki Uzmanl\u0131k\">\n                <\/div>\n                <div class=\"content-service-wrapper\">\n                \t                \t<div class=\"content-service\">\n\t\t\t            \t\t\t\t\t\t\t\t<h4 class=\"title\">\n\t\t\t\t\t\t\t\t\tMesleki Uzmanl\u0131k\t\t\t\t\t\t\t\t<\/h4>\n\t\t\t\t\t\t\t\t\t\t\t            \t<div class=\"description\">\n\t\t\t\t            \t\tKurs, adaylar\u0131n Almanya\u2019daki mesleki e\u011fitim m\u00fcfredat\u0131na tam uyum sa\u011flamalar\u0131n\u0131 ve eksikliklerini gidermelerini hedefler.\t\t\t\t            \t<\/div>\n\t\t\t\t          \t                    <\/div> \n                <\/div>\n\t\t    <\/div>\n\t \t\t\t\t\t<\/div>\n\t\t\t\t<\/div>\n\t\t\t\t<div class=\"elementor-element elementor-element-9ea7e06 elementor-widget elementor-widget-infetech_elementor_service\" data-id=\"9ea7e06\" data-element_type=\"widget\" data-widget_type=\"infetech_elementor_service.default\">\n\t\t\t\t<div class=\"elementor-widget-container\">\n\t\t\t\t\t            <div class=\"ova-service ova-service-template1\">\n            \t<div class=\"image-service\">\n\t\t\t\t\t<img decoding=\"async\" src=\"https:\/\/mikariyer.com\/wp-content\/uploads\/2024\/06\/group-students-listening-intently-as-their-instructor-breaks-down-complex-statistical-equations-scaled.jpg\" alt=\"S\u0131nav Ba\u015far\u0131s\u0131\">\n                <\/div>\n                <div class=\"content-service-wrapper\">\n                \t                \t<div class=\"content-service\">\n\t\t\t            \t\t\t\t\t\t\t\t<h4 class=\"title\">\n\t\t\t\t\t\t\t\t\tS\u0131nav Ba\u015far\u0131s\u0131\t\t\t\t\t\t\t\t<\/h4>\n\t\t\t\t\t\t\t\t\t\t\t            \t<div class=\"description\">\n\t\t\t\t            \t\tKurs sonunda, adaylar GOETHE B2 S\u0131nav\u0131\u2019na girecek ve ba\u015far\u0131yla tamamlamalar\u0131 durumunda, Almanya\u2019da \u00e7al\u0131\u015fma hakk\u0131 kazanacaklar.\t\t\t\t            \t<\/div>\n\t\t\t\t          \t                    <\/div> \n                <\/div>\n\t\t    <\/div>\n\t \t\t\t\t\t<\/div>\n\t\t\t\t<\/div>\n\t\t\t\t\t<\/div>\n\t\t\t\t<\/div>\n\t\t\t\t<div class=\"elementor-element elementor-element-9f001ce elementor-widget elementor-widget-text-editor\" data-id=\"9f001ce\" data-element_type=\"widget\" data-widget_type=\"text-editor.default\">\n\t\t\t\t<div class=\"elementor-widget-container\">\n\t\t\t\t\t\t\t\t\t<p>MiKariyer Dil E\u011fitim Servisi ile mesleki denklik yolculu\u011funuzda sizi desteklemek i\u00e7in buraday\u0131z. E\u011fitim i\u00e7eri\u011fi ve takvimi hakk\u0131nda daha fazla bilgi almak ve bu d\u00f6n\u00fc\u015ft\u00fcr\u00fcc\u00fc deneyime ad\u0131m atmak i\u00e7in ba\u015fvuru formunu doldurun ve dan\u0131\u015fman\u0131n\u0131zla ileti\u015fime ge\u00e7in. Almanya\u2019da sa\u011fl\u0131k profesyoneli olarak ba\u015far\u0131l\u0131 bir kariyer i\u00e7in ilk ad\u0131m\u0131n\u0131z\u0131 bug\u00fcn at\u0131n.<\/p>\t\t\t\t\t\t\t\t<\/div>\n\t\t\t\t<\/div>\n\t\t\t\t<div class=\"elementor-element elementor-element-c406182 elementor-align-center elementor-widget elementor-widget-button\" data-id=\"c406182\" data-element_type=\"widget\" data-widget_type=\"button.default\">\n\t\t\t\t<div class=\"elementor-widget-container\">\n\t\t\t\t\t\t\t\t\t<div class=\"elementor-button-wrapper\">\n\t\t\t\t\t<a class=\"elementor-button elementor-button-link elementor-size-sm\" href=\"https:\/\/mikariyer.com\/nl\/iletisim\/\">\n\t\t\t\t\t\t<span class=\"elementor-button-content-wrapper\">\n\t\t\t\t\t\t\t\t\t<span class=\"elementor-button-text\">Neem contact op<\/span>\n\t\t\t\t\t<\/span>\n\t\t\t\t\t<\/a>\n\t\t\t\t<\/div>\n\t\t\t\t\t\t\t\t<\/div>\n\t\t\t\t<\/div>\n\t\t\t\t<\/div>\n\t\t\t\t<\/div>\n\t\t\t\t<\/div>","protected":false},"excerpt":{"rendered":"<p>Mesleki Almanca Sa\u011fl\u0131k Personeline Y\u00f6nelik (Crasch) H\u0131zland\u0131r\u0131lm\u0131\u015f Kurs Almancan\u0131n G\u00fcc\u00fcyle Profesyonel Arenada Parlay\u0131n! Almanya\u2019da sa\u011fl\u0131k sekt\u00f6r\u00fcnde kariyer yapmay\u0131 hedefleyen nitelikli profesyoneller i\u00e7in, MiKariyer Dil E\u011fitim Servisi, mesleki denklik s\u00fcrecinde ba\u015far\u0131y\u0131 garantilemek \u00fczere \u00f6zel bir haz\u0131rl\u0131k kursu sunmaktad\u0131r. Bu kurs, Alman mesleki e\u011fitim standartlar\u0131na uygun olarak eksik teorik ve pratik bilgilerin tamamlanmas\u0131n\u0131 sa\u011flar ve adaylar\u0131, denklik [&hellip;]<\/p>\n","protected":false},"author":3,"featured_media":0,"parent":15831,"menu_order":2,"comment_status":"closed","ping_status":"closed","template":"","meta":{"footnotes":""},"class_list":["post-15835","page","type-page","status-publish","hentry"],"_links":{"self":[{"href":"https:\/\/mikariyer.com\/nl\/wp-json\/wp\/v2\/pages\/15835","targetHints":{"allow":["GET"]}}],"collection":[{"href":"https:\/\/mikariyer.com\/nl\/wp-json\/wp\/v2\/pages"}],"about":[{"href":"https:\/\/mikariyer.com\/nl\/wp-json\/wp\/v2\/types\/page"}],"author":[{"embeddable":true,"href":"https:\/\/mikariyer.com\/nl\/wp-json\/wp\/v2\/users\/3"}],"replies":[{"embeddable":true,"href":"https:\/\/mikariyer.com\/nl\/wp-json\/wp\/v2\/comments?post=15835"}],"version-history":[{"count":1,"href":"https:\/\/mikariyer.com\/nl\/wp-json\/wp\/v2\/pages\/15835\/revisions"}],"predecessor-version":[{"id":19421,"href":"https:\/\/mikariyer.com\/nl\/wp-json\/wp\/v2\/pages\/15835\/revisions\/19421"}],"up":[{"embeddable":true,"href":"https:\/\/mikariyer.com\/nl\/wp-json\/wp\/v2\/pages\/15831"}],"wp:attachment":[{"href":"https:\/\/mikariyer.com\/nl\/wp-json\/wp\/v2\/media?parent=15835"}],"curies":[{"name":"wp","href":"https:\/\/api.w.org\/{rel}","templated":true}]}}