{"id":15841,"date":"2024-05-17T15:12:29","date_gmt":"2024-05-17T15:12:29","guid":{"rendered":"https:\/\/mikariyer.com\/?page_id=15841"},"modified":"2025-07-31T23:45:30","modified_gmt":"2025-07-31T23:45:30","slug":"diger-hizmetlerimiz","status":"publish","type":"page","link":"https:\/\/mikariyer.com\/nl\/diger-hizmetlerimiz\/","title":{"rendered":"Andere diensten"},"content":{"rendered":"<div data-elementor-type=\"wp-page\" data-elementor-id=\"15841\" class=\"elementor elementor-15841\" data-elementor-post-type=\"page\">\n\t\t\t\t<div class=\"elementor-element elementor-element-2c811a9 e-con-full e-flex e-con e-parent\" data-id=\"2c811a9\" data-element_type=\"container\">\n\t\t<div class=\"elementor-element elementor-element-ff4c3d2 e-con-full e-flex e-con e-child\" data-id=\"ff4c3d2\" data-element_type=\"container\">\n\t\t\t\t<div class=\"elementor-element elementor-element-88b4a0d elementor-widget elementor-widget-shortcode\" data-id=\"88b4a0d\" data-element_type=\"widget\" data-widget_type=\"shortcode.default\">\n\t\t\t\t<div class=\"elementor-widget-container\">\n\t\t\t\t\t\t\t<div class=\"elementor-shortcode\">\t\t<div data-elementor-type=\"single-page\" data-elementor-id=\"16347\" class=\"elementor elementor-16347\" data-elementor-post-type=\"elementor_library\">\n\t\t\t<div class=\"elementor-element elementor-element-23e8416 elementor-hidden-mobile e-flex e-con-boxed e-con e-parent\" data-id=\"23e8416\" data-element_type=\"container\" data-settings=\"{&quot;background_background&quot;:&quot;classic&quot;}\">\n\t\t\t\t\t<div class=\"e-con-inner\">\n\t\t<div class=\"elementor-element elementor-element-bdbde6c e-flex e-con-boxed e-con e-child\" data-id=\"bdbde6c\" data-element_type=\"container\" data-settings=\"{&quot;background_background&quot;:&quot;classic&quot;}\">\n\t\t\t\t\t<div class=\"e-con-inner\">\n\t\t\t\t<div class=\"elementor-element elementor-element-bccc45b elementor-widget elementor-widget-infetech_elementor_heading\" data-id=\"bccc45b\" data-element_type=\"widget\" data-widget_type=\"infetech_elementor_heading.default\">\n\t\t\t\t<div class=\"elementor-widget-container\">\n\t\t\t\t\t\n\t\t\t<div class=\"ova-heading\">\n\t\t\t\t\n\t\t\t\t\n\t\t\t\t\n\t\t\t\t\t<h3 class=\"title\">\t\t\t\t\t\t\t\t\t\t\t\t\t<a href=\"https:\/\/mikariyer.com\/nl\/diger-hizmetlerimiz\/\" title=\"\">OVERIGE DIENSTEN<\/a>\n\t\t\t\t\t\t\t\t\t\t\t<\/h3>\n                \n                \n\t\t\t<\/div>\n\n\t\t\t\t\t\t<\/div>\n\t\t\t\t<\/div>\n\t\t\t\t<div class=\"elementor-element elementor-element-9ef49f3 elementor-nav-menu__text-align-aside elementor-widget elementor-widget-nav-menu\" data-id=\"9ef49f3\" data-element_type=\"widget\" data-settings=\"{&quot;layout&quot;:&quot;dropdown&quot;,&quot;submenu_icon&quot;:{&quot;value&quot;:&quot;&lt;svg class=\\&quot;e-font-icon-svg e-fas-caret-down\\&quot; viewBox=\\&quot;0 0 320 512\\&quot; xmlns=\\&quot;http:\\\/\\\/www.w3.org\\\/2000\\\/svg\\&quot;&gt;&lt;path d=\\&quot;M31.3 192h257.3c17.8 0 26.7 21.5 14.1 34.1L174.1 354.8c-7.8 7.8-20.5 7.8-28.3 0L17.2 226.1C4.6 213.5 13.5 192 31.3 192z\\&quot;&gt;&lt;\\\/path&gt;&lt;\\\/svg&gt;&quot;,&quot;library&quot;:&quot;fa-solid&quot;}}\" data-widget_type=\"nav-menu.default\">\n\t\t\t\t<div class=\"elementor-widget-container\">\n\t\t\t\t\t\t\t\t<nav class=\"elementor-nav-menu--dropdown elementor-nav-menu__container\" aria-hidden=\"true\">\n\t\t\t\t<ul id=\"menu-2-9ef49f3\" class=\"elementor-nav-menu\"><li class=\"menu-item menu-item-type-post_type menu-item-object-page menu-item-15920\"><a href=\"https:\/\/mikariyer.com\/nl\/diger-hizmetlerimiz\/denklik\/\" class=\"elementor-item\" tabindex=\"-1\">Gelijkwaardigheid<\/a><\/li>\n<li class=\"menu-item menu-item-type-post_type menu-item-object-page menu-item-15922\"><a href=\"https:\/\/mikariyer.com\/nl\/diger-hizmetlerimiz\/vize\/\" class=\"elementor-item\" tabindex=\"-1\">Visa<\/a><\/li>\n<li class=\"menu-item menu-item-type-post_type menu-item-object-page menu-item-15923\"><a href=\"https:\/\/mikariyer.com\/nl\/diger-hizmetlerimiz\/konaklama\/\" class=\"elementor-item\" tabindex=\"-1\">Accommodatie<\/a><\/li>\n<li class=\"menu-item menu-item-type-post_type menu-item-object-page menu-item-15924\"><a href=\"https:\/\/mikariyer.com\/nl\/diger-hizmetlerimiz\/oturum\/\" class=\"elementor-item\" tabindex=\"-1\">Sessie<\/a><\/li>\n<li class=\"menu-item menu-item-type-post_type menu-item-object-page menu-item-15925\"><a href=\"https:\/\/mikariyer.com\/nl\/diger-hizmetlerimiz\/sosyal-adaptasyon\/\" class=\"elementor-item\" tabindex=\"-1\">Sociale aanpassing<\/a><\/li>\n<\/ul>\t\t\t<\/nav>\n\t\t\t\t\t\t<\/div>\n\t\t\t\t<\/div>\n\t\t\t\t<div class=\"elementor-element elementor-element-a61bd9f elementor-widget elementor-widget-infetech_elementor_heading\" data-id=\"a61bd9f\" data-element_type=\"widget\" data-widget_type=\"infetech_elementor_heading.default\">\n\t\t\t\t<div class=\"elementor-widget-container\">\n\t\t\t\t\t\n\t\t\t<div class=\"ova-heading\">\n\t\t\t\t\n\t\t\t\t\t\t\t\t\t<h2 class=\"sub-title\">\n\t\t\t\t\t\t<span class=\"underlined\"><\/span>\n\t\t\t\t\t\tMiCareer\t\t\t\t\t<\/h2>\t\n\t\t\t\t\n\t\t\t\t\n\t\t\t\t\t<h3 class=\"title\">\t\t\t\t\t\t\t\t\t\t\t\t\t<a href=\"https:\/\/mikariyer.com\/nl\/iletisim\/\" title=\"\">Neem contact met ons op<\/a>\n\t\t\t\t\t\t\t\t\t\t\t<\/h3>\n                \n                \n\t\t\t<\/div>\n\n\t\t\t\t\t\t<\/div>\n\t\t\t\t<\/div>\n\t\t\t\t<div class=\"elementor-element elementor-element-c966e89 elementor-widget elementor-widget-infetech_elementor_contact_info\" data-id=\"c966e89\" data-element_type=\"widget\" data-widget_type=\"infetech_elementor_contact_info.default\">\n\t\t\t\t<div class=\"elementor-widget-container\">\n\t\t\t\t\t\t\t\t<div class=\"ova-contact-info template2\">\n\t\t\t\t\n\t\t\t\t\t\t\t\t\t\t\t\t\t\t\t<div class=\"circle\">\n\t\t\t\t\t\t\t<div class=\"icon\">\n\t\t\t\t\t\t\t\t<i class=\"ovaicon ovaicon-phone-call\"><\/i>\n\t\t\t\t\t\t\t<\/div>\n\t\t\t\t\t\t<\/div>\t\n\t\t\t\t    \t\t\t    \t\t\t\t\n\t\t\t\t<div class=\"contact\">\n\t\t\t\t\t\n\t\t\t\t\t\t\t\t\t\t\t<div class=\"label\">\n\t\t\t\t\t\t\tContact Nummer\t\t\t\t\t\t<\/div>\n\t\t\t\t\t\n\t\t\t\t\t<ul class=\"info\">\n\t\t\t\t\t\t\t\t\t\t\t\t\t<li class=\"item\">\n\n\t\t\t\t\t\t\t\t<a href=\"https:\/\/wa.me\/4917684915411\" title=\"+ 49 17684915411\">+ 49 17684915411<\/a>\t\t\t\t\t\t\t<\/li>\n\t\t\t\t\t\t\t\t\t\t\t<\/ul>\n\n\t\t\t\t<\/div>\n\n\t\t\t<\/div>\n\n\t\t\t\t\t\t<\/div>\n\t\t\t\t<\/div>\n\t\t\t\t<div class=\"elementor-element elementor-element-466d345 elementor-widget elementor-widget-infetech_elementor_contact_info\" data-id=\"466d345\" data-element_type=\"widget\" data-widget_type=\"infetech_elementor_contact_info.default\">\n\t\t\t\t<div class=\"elementor-widget-container\">\n\t\t\t\t\t\t\t\t<div class=\"ova-contact-info template2\">\n\t\t\t\t\n\t\t\t\t\t\t\t\t\t\t\t\t\t\t\t<div class=\"circle\">\n\t\t\t\t\t\t\t<div class=\"icon\">\n\t\t\t\t\t\t\t\t<i class=\"ovaicon ovaicon-email\"><\/i>\n\t\t\t\t\t\t\t<\/div>\n\t\t\t\t\t\t<\/div>\t\n\t\t\t\t    \t\t\t    \t\t\t\t\n\t\t\t\t<div class=\"contact\">\n\t\t\t\t\t\n\t\t\t\t\t\t\t\t\t\t\t<div class=\"label\">\n\t\t\t\t\t\t\tOns postadres\t\t\t\t\t\t<\/div>\n\t\t\t\t\t\n\t\t\t\t\t<ul class=\"info\">\n\t\t\t\t\t\t\t\t\t\t\t\t\t<li class=\"item\">\n\n\t\t\t\t\t\t\t\t\t\t\t\t\t\t\t\t\t\t\t<a href=\"mailto:info@mikariyer.com\" title=\"email\">\n\t\t\t\t\t\t\t\t\t\t\t\tinfo@mikariyer.com\t\t\t\t\t\t\t\t\t\t\t<\/a>\n\t\t\t\t\t\t\t\t\t\t\t\t\t\t\t\t\t<\/li>\n\t\t\t\t\t\t\t\t\t\t\t<\/ul>\n\n\t\t\t\t<\/div>\n\n\t\t\t<\/div>\n\n\t\t\t\t\t\t<\/div>\n\t\t\t\t<\/div>\n\t\t\t\t<div class=\"elementor-element elementor-element-259feb1 elementor-widget elementor-widget-infetech_elementor_contact_info\" data-id=\"259feb1\" data-element_type=\"widget\" data-widget_type=\"infetech_elementor_contact_info.default\">\n\t\t\t\t<div class=\"elementor-widget-container\">\n\t\t\t\t\t\t\t\t<div class=\"ova-contact-info template2\">\n\t\t\t\t\n\t\t\t\t\t\t\t\t\t\t\t\t\t\t\t<div class=\"circle\">\n\t\t\t\t\t\t\t<div class=\"icon\">\n\t\t\t\t\t\t\t\t<i class=\"far fa-map\"><\/i>\n\t\t\t\t\t\t\t<\/div>\n\t\t\t\t\t\t<\/div>\t\n\t\t\t\t    \t\t\t    \t\t\t\t\n\t\t\t\t<div class=\"contact\">\n\t\t\t\t\t\n\t\t\t\t\t\t\t\t\t\t\t<div class=\"label\">\n\t\t\t\t\t\t\tOns adres\t\t\t\t\t\t<\/div>\n\t\t\t\t\t\n\t\t\t\t\t<ul class=\"info\">\n\t\t\t\t\t\t\t\t\t\t\t\t\t<li class=\"item\">\n\n\t\t\t\t\t\t\t\t<a href=\"https:\/\/maps.app.goo.gl\/HDJiQThZhUDnXWy77\" target=\"_blank\" title=\"338A Regents Park Road Kantoor 3 en 4 Londen Verenigd Koninkrijk N3 2LN\">338A Regents Park Road Kantoor 3 en 4 Londen Verenigd Koninkrijk N3 2LN<\/a>\t\t\t\t\t\t\t<\/li>\n\t\t\t\t\t\t\t\t\t\t\t<\/ul>\n\n\t\t\t\t<\/div>\n\n\t\t\t<\/div>\n\n\t\t\t\t\t\t<\/div>\n\t\t\t\t<\/div>\n\t\t\t\t\t<\/div>\n\t\t\t\t<\/div>\n\t\t\t\t\t<\/div>\n\t\t\t\t<\/div>\n\t\t\t\t<\/div>\n\t\t<\/div>\n\t\t\t\t\t\t<\/div>\n\t\t\t\t<\/div>\n\t\t\t\t<\/div>\n\t\t<div class=\"elementor-element elementor-element-b896fc7 e-con-full e-flex e-con e-child\" data-id=\"b896fc7\" data-element_type=\"container\">\n\t\t\t\t<div class=\"elementor-element elementor-element-d6f9a05 elementor-widget elementor-widget-infetech_elementor_heading\" data-id=\"d6f9a05\" data-element_type=\"widget\" data-widget_type=\"infetech_elementor_heading.default\">\n\t\t\t\t<div class=\"elementor-widget-container\">\n\t\t\t\t\t\n\t\t\t<div class=\"ova-heading\">\n\t\t\t\t\n\t\t\t\t\n\t\t\t\t\n\t\t\t\t\t<h1 class=\"title\">\t\t\t\t\t\t\t\t\t\t\t\t\t<a href=\"https:\/\/mikariyer.com\/nl\/diger-hizmetlerimiz\/\" title=\"\">OVERIGE DIENSTEN<\/a>\n\t\t\t\t\t\t\t\t\t\t\t<\/h1>\n                \n                \n\t\t\t<\/div>\n\n\t\t\t\t\t\t<\/div>\n\t\t\t\t<\/div>\n\t\t\t\t<div class=\"elementor-element elementor-element-2864fcd elementor-blockquote--skin-boxed elementor-blockquote--align-center elementor-blockquote--button-color-official elementor-widget elementor-widget-blockquote\" data-id=\"2864fcd\" data-element_type=\"widget\" data-widget_type=\"blockquote.default\">\n\t\t\t\t<div class=\"elementor-widget-container\">\n\t\t\t\t\t\t\t<blockquote class=\"elementor-blockquote\">\n\t\t\t<p class=\"elementor-blockquote__content\">\n\t\t\t\t\"MiKariyer, her ad\u0131mda yan\u0131n\u0131zda olarak Almanya\u2019daki ya\u015fam\u0131n\u0131z\u0131 kolayla\u015ft\u0131rmay\u0131 hedefliyor\"\t\t\t<\/p>\n\t\t\t\t\t<\/blockquote>\n\t\t\t\t\t\t<\/div>\n\t\t\t\t<\/div>\n\t\t\t\t<div class=\"elementor-element elementor-element-8cc3586 elementor-widget elementor-widget-text-editor\" data-id=\"8cc3586\" data-element_type=\"widget\" data-widget_type=\"text-editor.default\">\n\t\t\t\t<div class=\"elementor-widget-container\">\n\t\t\t\t\t\t\t\t\t<p>MiKariyer olarak Almanya&#8217;da kariyer hedefleyenler i\u00e7in kapsaml\u0131 hizmetler sunuyoruz. Denklik i\u015flemleriyle, farkl\u0131 \u00fclkelerdeki mesleki bilgi ve tecr\u00fcbelerinizin Alman standartlar\u0131na uygunlu\u011funu onayl\u0131yoruz. Vize i\u015flemlerinde, uzman rehberlikle s\u00fcreci kolayla\u015ft\u0131r\u0131p ba\u015far\u0131 \u015fans\u0131n\u0131z\u0131 art\u0131r\u0131yoruz. Konaklama servisimiz, Almanya\u2019n\u0131n zorlu ev piyasas\u0131nda uygun konaklama se\u00e7enekleri bulman\u0131za yard\u0131mc\u0131 oluyor. Oturum i\u015flemlerinde, oturum izni s\u00fcre\u00e7lerinizi kesintisiz ve etkin bir \u015fekilde y\u00f6netiyoruz. Sosyal adaptasyon deste\u011fimizle, yeni bir \u00fclkeye yerle\u015fmenin sosyal ve k\u00fclt\u00fcrel zorluklar\u0131n\u0131 a\u015fman\u0131za yard\u0131mc\u0131 oluyoruz.<\/p>\t\t\t\t\t\t\t\t<\/div>\n\t\t\t\t<\/div>\n\t\t\t\t<div class=\"elementor-element elementor-element-f7f06d6 elementor-widget elementor-widget-infetech_elementor_service_4\" data-id=\"f7f06d6\" data-element_type=\"widget\" data-widget_type=\"infetech_elementor_service_4.default\">\n\t\t\t\t<div class=\"elementor-widget-container\">\n\t\t\t\t\t\t\t \t<div class=\"ova-service-4 service-template1\" \n\t\t \t     \n\t \t    \t \tstyle=\"background-image: url(https:\/\/mikariyer.com\/wp-content\/uploads\/2024\/06\/beautiful-casual-business-people-modern-bright-office-looking-camera-teamwork-concept-1-scaled.jpg)\"\n\t \t    \t\t\t \t>\n                \t\t\t\t  \t<a href=\"https:\/\/mikariyer.com\/nl\/diger-hizmetlerimiz\/denklik\/\" title=\"DENKL\u0130K \u0130\u015eLEMLER\u0130\" rel=\"\" target=\"\">\n\t\t\t    \t\t\t\t\t\t<h4 class=\"title\">\n\t\t\t\t\t\t\tDENKL\u0130K \u0130\u015eLEMLER\u0130\t\t\t\t\t\t<\/h4>\n\t\t\t\t\t\t\t\t\t\t\t\t\t\t<\/a>\n\t\t\t\t\t\t\t\t\t<div class=\"description\">\n\t\t\t\t\t\tAlmanya\u2019da kariyer yapmay\u0131 hedefleyen her birey i\u00e7in mesleki denklik ya da meslek tan\u0131ma, ba\u015far\u0131ya giden yolda at\u0131lmas\u0131 gereken en \u00f6nemli ad\u0131mlardan biridir. Bu s\u00fcre\u00e7, farkl\u0131 \u00fclkelerde edinilen mesleki bilgi ve tecr\u00fcbenin Alman standartlar\u0131na uygunlu\u011funu onaylar ve b\u00f6ylece Alman i\u015f piyasas\u0131nda e\u015fit \u015fartlarda rekabet etme imk\u00e2n\u0131 sunar. \t\t\t\t\t<\/div>\n\t\t\t\t  \n\t\t    <\/div>\n\t\t\t\t\t\t<\/div>\n\t\t\t\t<\/div>\n\t\t\t\t<div class=\"elementor-element elementor-element-bf1e78e elementor-widget elementor-widget-infetech_elementor_service_4\" data-id=\"bf1e78e\" data-element_type=\"widget\" data-widget_type=\"infetech_elementor_service_4.default\">\n\t\t\t\t<div class=\"elementor-widget-container\">\n\t\t\t\t\t\t\t \t<div class=\"ova-service-4 service-template1\" \n\t\t \t     \n\t \t    \t \tstyle=\"background-image: url(https:\/\/mikariyer.com\/wp-content\/uploads\/2024\/06\/germany-flag-3d-wave-texture-scaled.jpg)\"\n\t \t    \t\t\t \t>\n                \t\t\t\t  \t<a href=\"https:\/\/mikariyer.com\/nl\/diger-hizmetlerimiz\/vize\/\" title=\"V\u0130ZE \u0130\u015eLEMLER\u0130\" rel=\"\" target=\"\">\n\t\t\t    \t\t\t\t\t\t<h4 class=\"title\">\n\t\t\t\t\t\t\tV\u0130ZE \u0130\u015eLEMLER\u0130\t\t\t\t\t\t<\/h4>\n\t\t\t\t\t\t\t\t\t\t\t\t\t\t<\/a>\n\t\t\t\t\t\t\t\t\t<div class=\"description\">\n\t\t\t\t\t\tAlmanya vizesi yolculu\u011fu, karma\u015f\u0131k d\u00fczenlemeler ve detayl\u0131 prosed\u00fcrlerle dolu bir labirenttir. Mikariyer Vize Servisi olarak, bu zorlu labirentte yol g\u00f6sterici olmak, adaylar\u0131n y\u00fck\u00fcn\u00fc hafifletmek ve ba\u015far\u0131ya ula\u015fmalar\u0131n\u0131 sa\u011flamak bizim asli g\u00f6revimizdir.\t\t\t\t\t<\/div>\n\t\t\t\t  \n\t\t    <\/div>\n\t\t\t\t\t\t<\/div>\n\t\t\t\t<\/div>\n\t\t\t\t<div class=\"elementor-element elementor-element-d52018d elementor-widget elementor-widget-infetech_elementor_service_4\" data-id=\"d52018d\" data-element_type=\"widget\" data-widget_type=\"infetech_elementor_service_4.default\">\n\t\t\t\t<div class=\"elementor-widget-container\">\n\t\t\t\t\t\t\t \t<div class=\"ova-service-4 service-template1\" \n\t\t \t     \n\t \t    \t \tstyle=\"background-image: url(https:\/\/mikariyer.com\/wp-content\/uploads\/2024\/06\/architect-team-discussion-about-design-while-worker-present-idea-tracery-scaled.jpg)\"\n\t \t    \t\t\t \t>\n                \t\t\t\t  \t<a href=\"https:\/\/mikariyer.com\/nl\/diger-hizmetlerimiz\/konaklama\/\" title=\"KONAKLAMA SERV\u0130S\u0130\" rel=\"\" target=\"\">\n\t\t\t    \t\t\t\t\t\t<h4 class=\"title\">\n\t\t\t\t\t\t\tKONAKLAMA SERV\u0130S\u0130\t\t\t\t\t\t<\/h4>\n\t\t\t\t\t\t\t\t\t\t\t\t\t\t<\/a>\n\t\t\t\t\t\t\t\t\t<div class=\"description\">\n\t\t\t\t\t\tMiKariyer heeft ook de missie op zich genomen om een gids te zijn voor professionals die de carri\u00e8reladder in Duitsland willen beklimmen in de uitdagende zoektocht naar huisvesting.\t\t\t\t\t<\/div>\n\t\t\t\t  \n\t\t    <\/div>\n\t\t\t\t\t\t<\/div>\n\t\t\t\t<\/div>\n\t\t\t\t<div class=\"elementor-element elementor-element-e0ab21a elementor-widget elementor-widget-infetech_elementor_service_4\" data-id=\"e0ab21a\" data-element_type=\"widget\" data-widget_type=\"infetech_elementor_service_4.default\">\n\t\t\t\t<div class=\"elementor-widget-container\">\n\t\t\t\t\t\t\t \t<div class=\"ova-service-4 service-template1\" \n\t\t \t     \n\t \t    \t \tstyle=\"background-image: url(https:\/\/mikariyer.com\/wp-content\/uploads\/2024\/06\/travel-agency-scaled.jpg)\"\n\t \t    \t\t\t \t>\n                \t\t\t\t  \t<a href=\"https:\/\/mikariyer.com\/nl\/diger-hizmetlerimiz\/oturum\/\" title=\"OTURUM \u0130\u015eLEMLER\u0130\" rel=\"\" target=\"\">\n\t\t\t    \t\t\t\t\t\t<h4 class=\"title\">\n\t\t\t\t\t\t\tOTURUM \u0130\u015eLEMLER\u0130\t\t\t\t\t\t<\/h4>\n\t\t\t\t\t\t\t\t\t\t\t\t\t\t<\/a>\n\t\t\t\t\t\t\t\t\t<div class=\"description\">\n\t\t\t\t\t\tMiKariyer biedt de sleutel tot een effici\u00ebnt en ononderbroken beheer van je verblijfsvergunningproces voor jou die naar Duitsland komt voor onderwijs, zaken of investeringen.\t\t\t\t\t<\/div>\n\t\t\t\t  \n\t\t    <\/div>\n\t\t\t\t\t\t<\/div>\n\t\t\t\t<\/div>\n\t\t\t\t<div class=\"elementor-element elementor-element-a35d293 elementor-widget elementor-widget-infetech_elementor_service_4\" data-id=\"a35d293\" data-element_type=\"widget\" data-widget_type=\"infetech_elementor_service_4.default\">\n\t\t\t\t<div class=\"elementor-widget-container\">\n\t\t\t\t\t\t\t \t<div class=\"ova-service-4 service-template1\" \n\t\t \t     \n\t \t    \t \tstyle=\"background-image: url(https:\/\/mikariyer.com\/wp-content\/uploads\/2024\/06\/low-angle-shot-three-young-people-working-scaled.jpg)\"\n\t \t    \t\t\t \t>\n                \t\t\t\t  \t<a href=\"https:\/\/mikariyer.com\/nl\/diger-hizmetlerimiz\/sosyal-adaptasyon\/\" title=\"SOSYAL ADAPTASYON DESTE\u011e\u0130\" rel=\"\" target=\"\">\n\t\t\t    \t\t\t\t\t\t<h4 class=\"title\">\n\t\t\t\t\t\t\tSOSYAL ADAPTASYON DESTE\u011e\u0130\t\t\t\t\t\t<\/h4>\n\t\t\t\t\t\t\t\t\t\t\t\t\t\t<\/a>\n\t\t\t\t\t\t\t\t\t<div class=\"description\">\n\t\t\t\t\t\tZich vestigen in een nieuw land is niet alleen een fysieke verandering, maar ook een sociaal en cultureel transformatieproces. MiKariyer Social Adaptation Service wil van deze transformatie voor jou een ontdekkingsreis maken.\t\t\t\t\t<\/div>\n\t\t\t\t  \n\t\t    <\/div>\n\t\t\t\t\t\t<\/div>\n\t\t\t\t<\/div>\n\t\t\t\t<\/div>\n\t\t\t\t<\/div>\n\t\t\t\t<\/div>","protected":false},"excerpt":{"rendered":"<p>D\u0130\u011eER H\u0130ZMETLER\u0130M\u0130Z &#8220;MiKariyer, her ad\u0131mda yan\u0131n\u0131zda olarak Almanya\u2019daki ya\u015fam\u0131n\u0131z\u0131 kolayla\u015ft\u0131rmay\u0131 hedefliyor&#8221; MiKariyer olarak Almanya&#8217;da kariyer hedefleyenler i\u00e7in kapsaml\u0131 hizmetler sunuyoruz. Denklik i\u015flemleriyle, farkl\u0131 \u00fclkelerdeki mesleki bilgi ve tecr\u00fcbelerinizin Alman standartlar\u0131na uygunlu\u011funu onayl\u0131yoruz. Vize i\u015flemlerinde, uzman rehberlikle s\u00fcreci kolayla\u015ft\u0131r\u0131p ba\u015far\u0131 \u015fans\u0131n\u0131z\u0131 art\u0131r\u0131yoruz. Konaklama servisimiz, Almanya\u2019n\u0131n zorlu ev piyasas\u0131nda uygun konaklama se\u00e7enekleri bulman\u0131za yard\u0131mc\u0131 oluyor. Oturum i\u015flemlerinde, [&hellip;]<\/p>\n","protected":false},"author":3,"featured_media":0,"parent":0,"menu_order":0,"comment_status":"closed","ping_status":"closed","template":"","meta":{"footnotes":""},"class_list":["post-15841","page","type-page","status-publish","hentry"],"_links":{"self":[{"href":"https:\/\/mikariyer.com\/nl\/wp-json\/wp\/v2\/pages\/15841","targetHints":{"allow":["GET"]}}],"collection":[{"href":"https:\/\/mikariyer.com\/nl\/wp-json\/wp\/v2\/pages"}],"about":[{"href":"https:\/\/mikariyer.com\/nl\/wp-json\/wp\/v2\/types\/page"}],"author":[{"embeddable":true,"href":"https:\/\/mikariyer.com\/nl\/wp-json\/wp\/v2\/users\/3"}],"replies":[{"embeddable":true,"href":"https:\/\/mikariyer.com\/nl\/wp-json\/wp\/v2\/comments?post=15841"}],"version-history":[{"count":1,"href":"https:\/\/mikariyer.com\/nl\/wp-json\/wp\/v2\/pages\/15841\/revisions"}],"predecessor-version":[{"id":19457,"href":"https:\/\/mikariyer.com\/nl\/wp-json\/wp\/v2\/pages\/15841\/revisions\/19457"}],"wp:attachment":[{"href":"https:\/\/mikariyer.com\/nl\/wp-json\/wp\/v2\/media?parent=15841"}],"curies":[{"name":"wp","href":"https:\/\/api.w.org\/{rel}","templated":true}]}}