{"id":15843,"date":"2024-05-17T15:12:52","date_gmt":"2024-05-17T15:12:52","guid":{"rendered":"https:\/\/mikariyer.com\/?page_id=15843"},"modified":"2025-07-31T23:47:50","modified_gmt":"2025-07-31T23:47:50","slug":"denklik","status":"publish","type":"page","link":"https:\/\/mikariyer.com\/nl\/diger-hizmetlerimiz\/denklik\/","title":{"rendered":"Gelijkwaardigheid"},"content":{"rendered":"<div data-elementor-type=\"wp-page\" data-elementor-id=\"15843\" class=\"elementor elementor-15843\" data-elementor-post-type=\"page\">\n\t\t\t\t<div class=\"elementor-element elementor-element-5282ca9 e-con-full e-flex e-con e-parent\" data-id=\"5282ca9\" data-element_type=\"container\">\n\t\t<div class=\"elementor-element elementor-element-7737eaf e-con-full e-flex e-con e-child\" data-id=\"7737eaf\" data-element_type=\"container\">\n\t\t\t\t<div class=\"elementor-element elementor-element-19f8146 elementor-widget elementor-widget-shortcode\" data-id=\"19f8146\" data-element_type=\"widget\" data-widget_type=\"shortcode.default\">\n\t\t\t\t<div class=\"elementor-widget-container\">\n\t\t\t\t\t\t\t<div class=\"elementor-shortcode\">\t\t<div data-elementor-type=\"single-page\" data-elementor-id=\"16347\" class=\"elementor elementor-16347\" data-elementor-post-type=\"elementor_library\">\n\t\t\t<div class=\"elementor-element elementor-element-23e8416 elementor-hidden-mobile e-flex e-con-boxed e-con e-parent\" data-id=\"23e8416\" data-element_type=\"container\" data-settings=\"{&quot;background_background&quot;:&quot;classic&quot;}\">\n\t\t\t\t\t<div class=\"e-con-inner\">\n\t\t<div class=\"elementor-element elementor-element-bdbde6c e-flex e-con-boxed e-con e-child\" data-id=\"bdbde6c\" data-element_type=\"container\" data-settings=\"{&quot;background_background&quot;:&quot;classic&quot;}\">\n\t\t\t\t\t<div class=\"e-con-inner\">\n\t\t\t\t<div class=\"elementor-element elementor-element-bccc45b elementor-widget elementor-widget-infetech_elementor_heading\" data-id=\"bccc45b\" data-element_type=\"widget\" data-widget_type=\"infetech_elementor_heading.default\">\n\t\t\t\t<div class=\"elementor-widget-container\">\n\t\t\t\t\t\n\t\t\t<div class=\"ova-heading\">\n\t\t\t\t\n\t\t\t\t\n\t\t\t\t\n\t\t\t\t\t<h3 class=\"title\">\t\t\t\t\t\t\t\t\t\t\t\t\t<a href=\"https:\/\/mikariyer.com\/nl\/diger-hizmetlerimiz\/\" title=\"\">OVERIGE DIENSTEN<\/a>\n\t\t\t\t\t\t\t\t\t\t\t<\/h3>\n                \n                \n\t\t\t<\/div>\n\n\t\t\t\t\t\t<\/div>\n\t\t\t\t<\/div>\n\t\t\t\t<div class=\"elementor-element elementor-element-9ef49f3 elementor-nav-menu__text-align-aside elementor-widget elementor-widget-nav-menu\" data-id=\"9ef49f3\" data-element_type=\"widget\" data-settings=\"{&quot;layout&quot;:&quot;dropdown&quot;,&quot;submenu_icon&quot;:{&quot;value&quot;:&quot;&lt;svg class=\\&quot;e-font-icon-svg e-fas-caret-down\\&quot; viewBox=\\&quot;0 0 320 512\\&quot; xmlns=\\&quot;http:\\\/\\\/www.w3.org\\\/2000\\\/svg\\&quot;&gt;&lt;path d=\\&quot;M31.3 192h257.3c17.8 0 26.7 21.5 14.1 34.1L174.1 354.8c-7.8 7.8-20.5 7.8-28.3 0L17.2 226.1C4.6 213.5 13.5 192 31.3 192z\\&quot;&gt;&lt;\\\/path&gt;&lt;\\\/svg&gt;&quot;,&quot;library&quot;:&quot;fa-solid&quot;}}\" data-widget_type=\"nav-menu.default\">\n\t\t\t\t<div class=\"elementor-widget-container\">\n\t\t\t\t\t\t\t\t<nav class=\"elementor-nav-menu--dropdown elementor-nav-menu__container\" aria-hidden=\"true\">\n\t\t\t\t<ul id=\"menu-2-9ef49f3\" class=\"elementor-nav-menu\"><li class=\"menu-item menu-item-type-post_type menu-item-object-page menu-item-15920\"><a href=\"https:\/\/mikariyer.com\/nl\/diger-hizmetlerimiz\/denklik\/\" class=\"elementor-item\" tabindex=\"-1\">Gelijkwaardigheid<\/a><\/li>\n<li class=\"menu-item menu-item-type-post_type menu-item-object-page menu-item-15922\"><a href=\"https:\/\/mikariyer.com\/nl\/diger-hizmetlerimiz\/vize\/\" class=\"elementor-item\" tabindex=\"-1\">Visa<\/a><\/li>\n<li class=\"menu-item menu-item-type-post_type menu-item-object-page menu-item-15923\"><a href=\"https:\/\/mikariyer.com\/nl\/diger-hizmetlerimiz\/konaklama\/\" class=\"elementor-item\" tabindex=\"-1\">Accommodatie<\/a><\/li>\n<li class=\"menu-item menu-item-type-post_type menu-item-object-page menu-item-15924\"><a href=\"https:\/\/mikariyer.com\/nl\/diger-hizmetlerimiz\/oturum\/\" class=\"elementor-item\" tabindex=\"-1\">Sessie<\/a><\/li>\n<li class=\"menu-item menu-item-type-post_type menu-item-object-page menu-item-15925\"><a href=\"https:\/\/mikariyer.com\/nl\/diger-hizmetlerimiz\/sosyal-adaptasyon\/\" class=\"elementor-item\" tabindex=\"-1\">Sociale aanpassing<\/a><\/li>\n<\/ul>\t\t\t<\/nav>\n\t\t\t\t\t\t<\/div>\n\t\t\t\t<\/div>\n\t\t\t\t<div class=\"elementor-element elementor-element-a61bd9f elementor-widget elementor-widget-infetech_elementor_heading\" data-id=\"a61bd9f\" data-element_type=\"widget\" data-widget_type=\"infetech_elementor_heading.default\">\n\t\t\t\t<div class=\"elementor-widget-container\">\n\t\t\t\t\t\n\t\t\t<div class=\"ova-heading\">\n\t\t\t\t\n\t\t\t\t\t\t\t\t\t<h2 class=\"sub-title\">\n\t\t\t\t\t\t<span class=\"underlined\"><\/span>\n\t\t\t\t\t\tMiCareer\t\t\t\t\t<\/h2>\t\n\t\t\t\t\n\t\t\t\t\n\t\t\t\t\t<h3 class=\"title\">\t\t\t\t\t\t\t\t\t\t\t\t\t<a href=\"https:\/\/mikariyer.com\/nl\/iletisim\/\" title=\"\">Neem contact met ons op<\/a>\n\t\t\t\t\t\t\t\t\t\t\t<\/h3>\n                \n                \n\t\t\t<\/div>\n\n\t\t\t\t\t\t<\/div>\n\t\t\t\t<\/div>\n\t\t\t\t<div class=\"elementor-element elementor-element-c966e89 elementor-widget elementor-widget-infetech_elementor_contact_info\" data-id=\"c966e89\" data-element_type=\"widget\" data-widget_type=\"infetech_elementor_contact_info.default\">\n\t\t\t\t<div class=\"elementor-widget-container\">\n\t\t\t\t\t\t\t\t<div class=\"ova-contact-info template2\">\n\t\t\t\t\n\t\t\t\t\t\t\t\t\t\t\t\t\t\t\t<div class=\"circle\">\n\t\t\t\t\t\t\t<div class=\"icon\">\n\t\t\t\t\t\t\t\t<i class=\"ovaicon ovaicon-phone-call\"><\/i>\n\t\t\t\t\t\t\t<\/div>\n\t\t\t\t\t\t<\/div>\t\n\t\t\t\t    \t\t\t    \t\t\t\t\n\t\t\t\t<div class=\"contact\">\n\t\t\t\t\t\n\t\t\t\t\t\t\t\t\t\t\t<div class=\"label\">\n\t\t\t\t\t\t\tContact Nummer\t\t\t\t\t\t<\/div>\n\t\t\t\t\t\n\t\t\t\t\t<ul class=\"info\">\n\t\t\t\t\t\t\t\t\t\t\t\t\t<li class=\"item\">\n\n\t\t\t\t\t\t\t\t<a href=\"https:\/\/wa.me\/4917684915411\" title=\"+ 49 17684915411\">+ 49 17684915411<\/a>\t\t\t\t\t\t\t<\/li>\n\t\t\t\t\t\t\t\t\t\t\t<\/ul>\n\n\t\t\t\t<\/div>\n\n\t\t\t<\/div>\n\n\t\t\t\t\t\t<\/div>\n\t\t\t\t<\/div>\n\t\t\t\t<div class=\"elementor-element elementor-element-466d345 elementor-widget elementor-widget-infetech_elementor_contact_info\" data-id=\"466d345\" data-element_type=\"widget\" data-widget_type=\"infetech_elementor_contact_info.default\">\n\t\t\t\t<div class=\"elementor-widget-container\">\n\t\t\t\t\t\t\t\t<div class=\"ova-contact-info template2\">\n\t\t\t\t\n\t\t\t\t\t\t\t\t\t\t\t\t\t\t\t<div class=\"circle\">\n\t\t\t\t\t\t\t<div class=\"icon\">\n\t\t\t\t\t\t\t\t<i class=\"ovaicon ovaicon-email\"><\/i>\n\t\t\t\t\t\t\t<\/div>\n\t\t\t\t\t\t<\/div>\t\n\t\t\t\t    \t\t\t    \t\t\t\t\n\t\t\t\t<div class=\"contact\">\n\t\t\t\t\t\n\t\t\t\t\t\t\t\t\t\t\t<div class=\"label\">\n\t\t\t\t\t\t\tOns postadres\t\t\t\t\t\t<\/div>\n\t\t\t\t\t\n\t\t\t\t\t<ul class=\"info\">\n\t\t\t\t\t\t\t\t\t\t\t\t\t<li class=\"item\">\n\n\t\t\t\t\t\t\t\t\t\t\t\t\t\t\t\t\t\t\t<a href=\"mailto:info@mikariyer.com\" title=\"email\">\n\t\t\t\t\t\t\t\t\t\t\t\tinfo@mikariyer.com\t\t\t\t\t\t\t\t\t\t\t<\/a>\n\t\t\t\t\t\t\t\t\t\t\t\t\t\t\t\t\t<\/li>\n\t\t\t\t\t\t\t\t\t\t\t<\/ul>\n\n\t\t\t\t<\/div>\n\n\t\t\t<\/div>\n\n\t\t\t\t\t\t<\/div>\n\t\t\t\t<\/div>\n\t\t\t\t<div class=\"elementor-element elementor-element-259feb1 elementor-widget elementor-widget-infetech_elementor_contact_info\" data-id=\"259feb1\" data-element_type=\"widget\" data-widget_type=\"infetech_elementor_contact_info.default\">\n\t\t\t\t<div class=\"elementor-widget-container\">\n\t\t\t\t\t\t\t\t<div class=\"ova-contact-info template2\">\n\t\t\t\t\n\t\t\t\t\t\t\t\t\t\t\t\t\t\t\t<div class=\"circle\">\n\t\t\t\t\t\t\t<div class=\"icon\">\n\t\t\t\t\t\t\t\t<i class=\"far fa-map\"><\/i>\n\t\t\t\t\t\t\t<\/div>\n\t\t\t\t\t\t<\/div>\t\n\t\t\t\t    \t\t\t    \t\t\t\t\n\t\t\t\t<div class=\"contact\">\n\t\t\t\t\t\n\t\t\t\t\t\t\t\t\t\t\t<div class=\"label\">\n\t\t\t\t\t\t\tOns adres\t\t\t\t\t\t<\/div>\n\t\t\t\t\t\n\t\t\t\t\t<ul class=\"info\">\n\t\t\t\t\t\t\t\t\t\t\t\t\t<li class=\"item\">\n\n\t\t\t\t\t\t\t\t<a href=\"https:\/\/maps.app.goo.gl\/HDJiQThZhUDnXWy77\" target=\"_blank\" title=\"338A Regents Park Road Kantoor 3 en 4 Londen Verenigd Koninkrijk N3 2LN\">338A Regents Park Road Kantoor 3 en 4 Londen Verenigd Koninkrijk N3 2LN<\/a>\t\t\t\t\t\t\t<\/li>\n\t\t\t\t\t\t\t\t\t\t\t<\/ul>\n\n\t\t\t\t<\/div>\n\n\t\t\t<\/div>\n\n\t\t\t\t\t\t<\/div>\n\t\t\t\t<\/div>\n\t\t\t\t\t<\/div>\n\t\t\t\t<\/div>\n\t\t\t\t\t<\/div>\n\t\t\t\t<\/div>\n\t\t\t\t<\/div>\n\t\t<\/div>\n\t\t\t\t\t\t<\/div>\n\t\t\t\t<\/div>\n\t\t\t\t<\/div>\n\t\t<div class=\"elementor-element elementor-element-0833987 e-con-full e-flex e-con e-child\" data-id=\"0833987\" data-element_type=\"container\">\n\t\t\t\t<div class=\"elementor-element elementor-element-9323676 elementor-widget elementor-widget-infetech_elementor_heading\" data-id=\"9323676\" data-element_type=\"widget\" data-widget_type=\"infetech_elementor_heading.default\">\n\t\t\t\t<div class=\"elementor-widget-container\">\n\t\t\t\t\t\n\t\t\t<div class=\"ova-heading\">\n\t\t\t\t\n\t\t\t\t\t\t\t\t\t<h2 class=\"sub-title\">\n\t\t\t\t\t\t<span class=\"underlined\"><\/span>\n\t\t\t\t\t\tOVERIGE DIENSTEN\t\t\t\t\t<\/h2>\t\n\t\t\t\t\n\t\t\t\t\n\t\t\t\t\t<h1 class=\"title\">\t\t\t\t\t\t\t\t\t\t\t\t\t<a href=\"https:\/\/mikariyer.com\/nl\/diger-hizmetlerimiz\/denklik\/\" title=\"\">DENKL\u0130K \u0130\u015eLEMLER\u0130<\/a>\n\t\t\t\t\t\t\t\t\t\t\t<\/h1>\n                \n                \n\t\t\t<\/div>\n\n\t\t\t\t\t\t<\/div>\n\t\t\t\t<\/div>\n\t\t\t\t<div class=\"elementor-element elementor-element-66cc8bf elementor-blockquote--skin-boxed elementor-blockquote--align-center elementor-blockquote--button-color-official elementor-widget elementor-widget-blockquote\" data-id=\"66cc8bf\" data-element_type=\"widget\" data-widget_type=\"blockquote.default\">\n\t\t\t\t<div class=\"elementor-widget-container\">\n\t\t\t\t\t\t\t<blockquote class=\"elementor-blockquote\">\n\t\t\t<p class=\"elementor-blockquote__content\">\n\t\t\t\tMiKariyer: Kariyerinize Almanya\u2019da Ba\u015far\u0131yla Ad\u0131m At\u0131n!\t\t\t<\/p>\n\t\t\t\t\t<\/blockquote>\n\t\t\t\t\t\t<\/div>\n\t\t\t\t<\/div>\n\t\t\t\t<div class=\"elementor-element elementor-element-6f2db73 elementor-widget elementor-widget-text-editor\" data-id=\"6f2db73\" data-element_type=\"widget\" data-widget_type=\"text-editor.default\">\n\t\t\t\t<div class=\"elementor-widget-container\">\n\t\t\t\t\t\t\t\t\t<p>Almanya\u2019da kariyer yapmay\u0131 hedefleyen her birey i\u00e7in mesleki denklik ya da meslek tan\u0131ma, ba\u015far\u0131ya giden yolda at\u0131lmas\u0131 gereken en \u00f6nemli ad\u0131mlardan biridir. Bu s\u00fcre\u00e7, farkl\u0131 \u00fclkelerde edinilen mesleki bilgi ve tecr\u00fcbenin Alman standartlar\u0131na uygunlu\u011funu onaylar ve b\u00f6ylece Alman i\u015f piyasas\u0131nda e\u015fit \u015fartlarda rekabet etme imk\u00e2n\u0131 sunar. <strong>Mesleki denklik<\/strong> ya da <strong>meslek tan\u0131ma <\/strong>\u00f6\u011frencilerden nitelikli elemanlara, i\u015f adamlar\u0131ndan akademisyenlere kadar her alanda \u00e7al\u0131\u015fmak isteyenler i\u00e7in zorunlu ve vazge\u00e7ilmez bir s\u00fcre\u00e7tir. Bu, sadece yasal bir gereklilik olmakla kalmaz, ayn\u0131 zamanda profesyonel yeterliliklerinizi tan\u0131tarak kariyerinizde ilerlemenize olanak tan\u0131r.<\/p>\t\t\t\t\t\t\t\t<\/div>\n\t\t\t\t<\/div>\n\t\t\t\t<div class=\"elementor-element elementor-element-8e820ed elementor-widget elementor-widget-image\" data-id=\"8e820ed\" data-element_type=\"widget\" data-widget_type=\"image.default\">\n\t\t\t\t<div class=\"elementor-widget-container\">\n\t\t\t\t\t\t\t\t\t\t\t\t\t\t\t<img fetchpriority=\"high\" decoding=\"async\" width=\"800\" height=\"534\" src=\"https:\/\/mikariyer.com\/wp-content\/uploads\/2024\/09\/front-view-young-positive-satisfied-clerical-workers-discussing-one-issue-document-office-1024x683.jpg\" class=\"attachment-large size-large wp-image-18559\" alt=\"\" srcset=\"https:\/\/mikariyer.com\/wp-content\/uploads\/2024\/09\/front-view-young-positive-satisfied-clerical-workers-discussing-one-issue-document-office-1024x683.jpg 1024w, https:\/\/mikariyer.com\/wp-content\/uploads\/2024\/09\/front-view-young-positive-satisfied-clerical-workers-discussing-one-issue-document-office-300x200.jpg 300w, https:\/\/mikariyer.com\/wp-content\/uploads\/2024\/09\/front-view-young-positive-satisfied-clerical-workers-discussing-one-issue-document-office-768x512.jpg 768w, https:\/\/mikariyer.com\/wp-content\/uploads\/2024\/09\/front-view-young-positive-satisfied-clerical-workers-discussing-one-issue-document-office-1536x1024.jpg 1536w, https:\/\/mikariyer.com\/wp-content\/uploads\/2024\/09\/front-view-young-positive-satisfied-clerical-workers-discussing-one-issue-document-office-2048x1365.jpg 2048w\" sizes=\"(max-width: 800px) 100vw, 800px\" \/>\t\t\t\t\t\t\t\t\t\t\t\t\t\t\t<\/div>\n\t\t\t\t<\/div>\n\t\t\t\t<div class=\"elementor-element elementor-element-c10f1f9 elementor-widget elementor-widget-text-editor\" data-id=\"c10f1f9\" data-element_type=\"widget\" data-widget_type=\"text-editor.default\">\n\t\t\t\t<div class=\"elementor-widget-container\">\n\t\t\t\t\t\t\t\t\t<h4>MiKariyer olarak sundu\u011fumuz denklik hizmetleri \u015funlar\u0131 i\u00e7erir:<\/h4>\t\t\t\t\t\t\t\t<\/div>\n\t\t\t\t<\/div>\n\t\t\t\t<div class=\"elementor-element elementor-element-46723bd elementor-widget elementor-widget-infetech_elementor_service_2\" data-id=\"46723bd\" data-element_type=\"widget\" data-widget_type=\"infetech_elementor_service_2.default\">\n\t\t\t\t<div class=\"elementor-widget-container\">\n\t\t\t\t\t            <div class=\"ova-service-2 ova-service-2-template1\">\n\t            \t\t\t\t\t\t<h3 class=\"title\">\n\t\t\t\t\t\t\tDan\u0131\u015fmanl\u0131k\t\t\t\t\t\t<\/h3>\n\t\t\t\t\t\t\t\t\t\t<div class=\"description\">\n\t\t\t\t\t\tMesleki denklik-tan\u0131ma s\u00fcrecine ili\u015fkin birebir dan\u0131\u015fmanl\u0131k.\t\t\t\t\t<\/div>\n\t\t\t\t \n\t            \t<div class=\"icon\">\n\t            \t\t<i aria-hidden=\"true\" class=\"flaticon flaticon-consulting\"><\/i>   \t\t\n\t            \t<\/div>\n            \t\t          \t<div class=\"trapezoid-topleft-1\"><\/div>\n\t\t    \t<div class=\"trapezoid-topleft-2\"><\/div>\n\t\t    <\/div>\n\t \t\t\t\t\t<\/div>\n\t\t\t\t<\/div>\n\t\t\t\t<div class=\"elementor-element elementor-element-f7b0b8e elementor-widget elementor-widget-infetech_elementor_service_2\" data-id=\"f7b0b8e\" data-element_type=\"widget\" data-widget_type=\"infetech_elementor_service_2.default\">\n\t\t\t\t<div class=\"elementor-widget-container\">\n\t\t\t\t\t            <div class=\"ova-service-2 ova-service-2-template1\">\n\t            \t\t\t\t\t\t<h3 class=\"title\">\n\t\t\t\t\t\t\tBelge Haz\u0131rlama\t\t\t\t\t\t<\/h3>\n\t\t\t\t\t\t\t\t\t\t<div class=\"description\">\n\t\t\t\t\t\tGerekli belgelerin haz\u0131rlanmas\u0131 ve \u00e7evirisi\t\t\t\t\t<\/div>\n\t\t\t\t \n\t            \t<div class=\"icon\">\n\t            \t\t<i aria-hidden=\"true\" class=\"ovaicon ovaicon-document\"><\/i>   \t\t\n\t            \t<\/div>\n            \t\t          \t<div class=\"trapezoid-topleft-1\"><\/div>\n\t\t    \t<div class=\"trapezoid-topleft-2\"><\/div>\n\t\t    <\/div>\n\t \t\t\t\t\t<\/div>\n\t\t\t\t<\/div>\n\t\t\t\t<div class=\"elementor-element elementor-element-d37d2cc elementor-widget elementor-widget-infetech_elementor_service_2\" data-id=\"d37d2cc\" data-element_type=\"widget\" data-widget_type=\"infetech_elementor_service_2.default\">\n\t\t\t\t<div class=\"elementor-widget-container\">\n\t\t\t\t\t            <div class=\"ova-service-2 ova-service-2-template1\">\n\t            \t\t\t\t\t\t<h3 class=\"title\">\n\t\t\t\t\t\t\tBa\u015fvuru Y\u00f6netimi\t\t\t\t\t\t<\/h3>\n\t\t\t\t\t\t\t\t\t\t<div class=\"description\">\n\t\t\t\t\t\tDenklik-tan\u0131ma ba\u015fvurusunun yetkili kurumlara sunulmas\u0131.\t\t\t\t\t<\/div>\n\t\t\t\t \n\t            \t<div class=\"icon\">\n\t            \t\t<i aria-hidden=\"true\" class=\"icomoon icomoon-project-management\"><\/i>   \t\t\n\t            \t<\/div>\n            \t\t          \t<div class=\"trapezoid-topleft-1\"><\/div>\n\t\t    \t<div class=\"trapezoid-topleft-2\"><\/div>\n\t\t    <\/div>\n\t \t\t\t\t\t<\/div>\n\t\t\t\t<\/div>\n\t\t\t\t<div class=\"elementor-element elementor-element-1f64d67 elementor-widget elementor-widget-infetech_elementor_service_2\" data-id=\"1f64d67\" data-element_type=\"widget\" data-widget_type=\"infetech_elementor_service_2.default\">\n\t\t\t\t<div class=\"elementor-widget-container\">\n\t\t\t\t\t            <div class=\"ova-service-2 ova-service-2-template1\">\n\t            \t\t\t\t\t\t<h3 class=\"title\">\n\t\t\t\t\t\t\tTakip Hizmetleri\t\t\t\t\t\t<\/h3>\n\t\t\t\t\t\t\t\t\t\t<div class=\"description\">\n\t\t\t\t\t\tBa\u015fvuru s\u00fcrecinin ba\u015f\u0131ndan sonuna kadar takip\t\t\t\t\t<\/div>\n\t\t\t\t \n\t            \t<div class=\"icon\">\n\t            \t\t<svg aria-hidden=\"true\" class=\"e-font-icon-svg e-far-chart-bar\" viewbox=\"0 0 512 512\" xmlns=\"http:\/\/www.w3.org\/2000\/svg\"><path d=\"M396.8 352h22.4c6.4 0 12.8-6.4 12.8-12.8V108.8c0-6.4-6.4-12.8-12.8-12.8h-22.4c-6.4 0-12.8 6.4-12.8 12.8v230.4c0 6.4 6.4 12.8 12.8 12.8zm-192 0h22.4c6.4 0 12.8-6.4 12.8-12.8V140.8c0-6.4-6.4-12.8-12.8-12.8h-22.4c-6.4 0-12.8 6.4-12.8 12.8v198.4c0 6.4 6.4 12.8 12.8 12.8zm96 0h22.4c6.4 0 12.8-6.4 12.8-12.8V204.8c0-6.4-6.4-12.8-12.8-12.8h-22.4c-6.4 0-12.8 6.4-12.8 12.8v134.4c0 6.4 6.4 12.8 12.8 12.8zM496 400H48V80c0-8.84-7.16-16-16-16H16C7.16 64 0 71.16 0 80v336c0 17.67 14.33 32 32 32h464c8.84 0 16-7.16 16-16v-16c0-8.84-7.16-16-16-16zm-387.2-48h22.4c6.4 0 12.8-6.4 12.8-12.8v-70.4c0-6.4-6.4-12.8-12.8-12.8h-22.4c-6.4 0-12.8 6.4-12.8 12.8v70.4c0 6.4 6.4 12.8 12.8 12.8z\"><\/path><\/svg>   \t\t\n\t            \t<\/div>\n            \t\t          \t<div class=\"trapezoid-topleft-1\"><\/div>\n\t\t    \t<div class=\"trapezoid-topleft-2\"><\/div>\n\t\t    <\/div>\n\t \t\t\t\t\t<\/div>\n\t\t\t\t<\/div>\n\t\t\t\t<div class=\"elementor-element elementor-element-44020f1 elementor-widget elementor-widget-infetech_elementor_service_2\" data-id=\"44020f1\" data-element_type=\"widget\" data-widget_type=\"infetech_elementor_service_2.default\">\n\t\t\t\t<div class=\"elementor-widget-container\">\n\t\t\t\t\t            <div class=\"ova-service-2 ova-service-2-template1\">\n\t            \t\t\t\t\t\t<h3 class=\"title\">\n\t\t\t\t\t\t\tE\u011fitim F\u0131rsatlar\u0131\t\t\t\t\t\t<\/h3>\n\t\t\t\t\t\t\t\t\t\t<div class=\"description\">\n\t\t\t\t\t\tEksik yeterlilikler i\u00e7in e\u011fitim programlar\u0131na y\u00f6nlendirme\t\t\t\t\t<\/div>\n\t\t\t\t \n\t            \t<div class=\"icon\">\n\t            \t\t<svg aria-hidden=\"true\" class=\"e-font-icon-svg e-fas-book\" viewbox=\"0 0 448 512\" xmlns=\"http:\/\/www.w3.org\/2000\/svg\"><path d=\"M448 360V24c0-13.3-10.7-24-24-24H96C43 0 0 43 0 96v320c0 53 43 96 96 96h328c13.3 0 24-10.7 24-24v-16c0-7.5-3.5-14.3-8.9-18.7-4.2-15.4-4.2-59.3 0-74.7 5.4-4.3 8.9-11.1 8.9-18.6zM128 134c0-3.3 2.7-6 6-6h212c3.3 0 6 2.7 6 6v20c0 3.3-2.7 6-6 6H134c-3.3 0-6-2.7-6-6v-20zm0 64c0-3.3 2.7-6 6-6h212c3.3 0 6 2.7 6 6v20c0 3.3-2.7 6-6 6H134c-3.3 0-6-2.7-6-6v-20zm253.4 250H96c-17.7 0-32-14.3-32-32 0-17.6 14.4-32 32-32h285.4c-1.9 17.1-1.9 46.9 0 64z\"><\/path><\/svg>   \t\t\n\t            \t<\/div>\n            \t\t          \t<div class=\"trapezoid-topleft-1\"><\/div>\n\t\t    \t<div class=\"trapezoid-topleft-2\"><\/div>\n\t\t    <\/div>\n\t \t\t\t\t\t<\/div>\n\t\t\t\t<\/div>\n\t\t\t\t<div class=\"elementor-element elementor-element-bf5507c elementor-widget elementor-widget-infetech_elementor_service_2\" data-id=\"bf5507c\" data-element_type=\"widget\" data-widget_type=\"infetech_elementor_service_2.default\">\n\t\t\t\t<div class=\"elementor-widget-container\">\n\t\t\t\t\t            <div class=\"ova-service-2 ova-service-2-template1\">\n\t            \t\t\t\t\t\t<h3 class=\"title\">\n\t\t\t\t\t\t\tKariyer Planlama\t\t\t\t\t\t<\/h3>\n\t\t\t\t\t\t\t\t\t\t<div class=\"description\">\n\t\t\t\t\t\tAlmanya\u2019daki i\u015f piyasas\u0131na uygun kariyer planlamas\u0131\t\t\t\t\t<\/div>\n\t\t\t\t \n\t            \t<div class=\"icon\">\n\t            \t\t<i aria-hidden=\"true\" class=\"flaticon flaticon-education\"><\/i>   \t\t\n\t            \t<\/div>\n            \t\t          \t<div class=\"trapezoid-topleft-1\"><\/div>\n\t\t    \t<div class=\"trapezoid-topleft-2\"><\/div>\n\t\t    <\/div>\n\t \t\t\t\t\t<\/div>\n\t\t\t\t<\/div>\n\t\t\t\t<div class=\"elementor-element elementor-element-fc11a20 elementor-widget elementor-widget-text-editor\" data-id=\"fc11a20\" data-element_type=\"widget\" data-widget_type=\"text-editor.default\">\n\t\t\t\t<div class=\"elementor-widget-container\">\n\t\t\t\t\t\t\t\t\t<p>MiKariyerin Meslek Denklik Servisi, Almanya\u2019da mesleki denklik-tan\u0131ma s\u00fcrecini kolayla\u015ft\u0131r\u0131r ve ba\u015far\u0131l\u0131 bir kariyer yolculu\u011fu i\u00e7in gerekli deste\u011fi sa\u011flar.<\/p>\t\t\t\t\t\t\t\t<\/div>\n\t\t\t\t<\/div>\n\t\t\t\t<div class=\"elementor-element elementor-element-f2707ef elementor-align-center elementor-widget elementor-widget-button\" data-id=\"f2707ef\" data-element_type=\"widget\" data-widget_type=\"button.default\">\n\t\t\t\t<div class=\"elementor-widget-container\">\n\t\t\t\t\t\t\t\t\t<div class=\"elementor-button-wrapper\">\n\t\t\t\t\t<a class=\"elementor-button elementor-button-link elementor-size-sm\" href=\"https:\/\/mikariyer.com\/nl\/iletisim\/\">\n\t\t\t\t\t\t<span class=\"elementor-button-content-wrapper\">\n\t\t\t\t\t\t\t\t\t<span class=\"elementor-button-text\">Neem contact op<\/span>\n\t\t\t\t\t<\/span>\n\t\t\t\t\t<\/a>\n\t\t\t\t<\/div>\n\t\t\t\t\t\t\t\t<\/div>\n\t\t\t\t<\/div>\n\t\t\t\t<\/div>\n\t\t\t\t<\/div>\n\t\t\t\t<\/div>","protected":false},"excerpt":{"rendered":"<p>D\u0130\u011eER H\u0130ZMETLER\u0130M\u0130Z DENKL\u0130K \u0130\u015eLEMLER\u0130 MiKariyer: Kariyerinize Almanya\u2019da Ba\u015far\u0131yla Ad\u0131m At\u0131n! Almanya\u2019da kariyer yapmay\u0131 hedefleyen her birey i\u00e7in mesleki denklik ya da meslek tan\u0131ma, ba\u015far\u0131ya giden yolda at\u0131lmas\u0131 gereken en \u00f6nemli ad\u0131mlardan biridir. Bu s\u00fcre\u00e7, farkl\u0131 \u00fclkelerde edinilen mesleki bilgi ve tecr\u00fcbenin Alman standartlar\u0131na uygunlu\u011funu onaylar ve b\u00f6ylece Alman i\u015f piyasas\u0131nda e\u015fit \u015fartlarda rekabet etme imk\u00e2n\u0131 [&hellip;]<\/p>\n","protected":false},"author":3,"featured_media":0,"parent":15841,"menu_order":1,"comment_status":"closed","ping_status":"closed","template":"","meta":{"footnotes":""},"class_list":["post-15843","page","type-page","status-publish","hentry"],"_links":{"self":[{"href":"https:\/\/mikariyer.com\/nl\/wp-json\/wp\/v2\/pages\/15843","targetHints":{"allow":["GET"]}}],"collection":[{"href":"https:\/\/mikariyer.com\/nl\/wp-json\/wp\/v2\/pages"}],"about":[{"href":"https:\/\/mikariyer.com\/nl\/wp-json\/wp\/v2\/types\/page"}],"author":[{"embeddable":true,"href":"https:\/\/mikariyer.com\/nl\/wp-json\/wp\/v2\/users\/3"}],"replies":[{"embeddable":true,"href":"https:\/\/mikariyer.com\/nl\/wp-json\/wp\/v2\/comments?post=15843"}],"version-history":[{"count":1,"href":"https:\/\/mikariyer.com\/nl\/wp-json\/wp\/v2\/pages\/15843\/revisions"}],"predecessor-version":[{"id":19468,"href":"https:\/\/mikariyer.com\/nl\/wp-json\/wp\/v2\/pages\/15843\/revisions\/19468"}],"up":[{"embeddable":true,"href":"https:\/\/mikariyer.com\/nl\/wp-json\/wp\/v2\/pages\/15841"}],"wp:attachment":[{"href":"https:\/\/mikariyer.com\/nl\/wp-json\/wp\/v2\/media?parent=15843"}],"curies":[{"name":"wp","href":"https:\/\/api.w.org\/{rel}","templated":true}]}}