{"id":15847,"date":"2024-05-17T15:13:40","date_gmt":"2024-05-17T15:13:40","guid":{"rendered":"https:\/\/mikariyer.com\/?page_id=15847"},"modified":"2025-08-01T00:08:56","modified_gmt":"2025-08-01T00:08:56","slug":"konaklama","status":"publish","type":"page","link":"https:\/\/mikariyer.com\/nl\/diger-hizmetlerimiz\/konaklama\/","title":{"rendered":"Accommodatie"},"content":{"rendered":"<div data-elementor-type=\"wp-page\" data-elementor-id=\"15847\" class=\"elementor elementor-15847\" data-elementor-post-type=\"page\">\n\t\t\t\t<div class=\"elementor-element elementor-element-a333e91 e-con-full e-flex e-con e-parent\" data-id=\"a333e91\" data-element_type=\"container\">\n\t\t<div class=\"elementor-element elementor-element-c1f27b4 e-con-full e-flex e-con e-child\" data-id=\"c1f27b4\" data-element_type=\"container\">\n\t\t\t\t<div class=\"elementor-element elementor-element-0c4b221 elementor-widget elementor-widget-shortcode\" data-id=\"0c4b221\" data-element_type=\"widget\" data-widget_type=\"shortcode.default\">\n\t\t\t\t<div class=\"elementor-widget-container\">\n\t\t\t\t\t\t\t<div class=\"elementor-shortcode\">\t\t<div data-elementor-type=\"single-page\" data-elementor-id=\"16347\" class=\"elementor elementor-16347\" data-elementor-post-type=\"elementor_library\">\n\t\t\t<div class=\"elementor-element elementor-element-23e8416 elementor-hidden-mobile e-flex e-con-boxed e-con e-parent\" data-id=\"23e8416\" data-element_type=\"container\" data-settings=\"{&quot;background_background&quot;:&quot;classic&quot;}\">\n\t\t\t\t\t<div class=\"e-con-inner\">\n\t\t<div class=\"elementor-element elementor-element-bdbde6c e-flex e-con-boxed e-con e-child\" data-id=\"bdbde6c\" data-element_type=\"container\" data-settings=\"{&quot;background_background&quot;:&quot;classic&quot;}\">\n\t\t\t\t\t<div class=\"e-con-inner\">\n\t\t\t\t<div class=\"elementor-element elementor-element-bccc45b elementor-widget elementor-widget-infetech_elementor_heading\" data-id=\"bccc45b\" data-element_type=\"widget\" data-widget_type=\"infetech_elementor_heading.default\">\n\t\t\t\t<div class=\"elementor-widget-container\">\n\t\t\t\t\t\n\t\t\t<div class=\"ova-heading\">\n\t\t\t\t\n\t\t\t\t\n\t\t\t\t\n\t\t\t\t\t<h3 class=\"title\">\t\t\t\t\t\t\t\t\t\t\t\t\t<a href=\"https:\/\/mikariyer.com\/nl\/diger-hizmetlerimiz\/\" title=\"\">OVERIGE DIENSTEN<\/a>\n\t\t\t\t\t\t\t\t\t\t\t<\/h3>\n                \n                \n\t\t\t<\/div>\n\n\t\t\t\t\t\t<\/div>\n\t\t\t\t<\/div>\n\t\t\t\t<div class=\"elementor-element elementor-element-9ef49f3 elementor-nav-menu__text-align-aside elementor-widget elementor-widget-nav-menu\" data-id=\"9ef49f3\" data-element_type=\"widget\" data-settings=\"{&quot;layout&quot;:&quot;dropdown&quot;,&quot;submenu_icon&quot;:{&quot;value&quot;:&quot;&lt;svg class=\\&quot;e-font-icon-svg e-fas-caret-down\\&quot; viewBox=\\&quot;0 0 320 512\\&quot; xmlns=\\&quot;http:\\\/\\\/www.w3.org\\\/2000\\\/svg\\&quot;&gt;&lt;path d=\\&quot;M31.3 192h257.3c17.8 0 26.7 21.5 14.1 34.1L174.1 354.8c-7.8 7.8-20.5 7.8-28.3 0L17.2 226.1C4.6 213.5 13.5 192 31.3 192z\\&quot;&gt;&lt;\\\/path&gt;&lt;\\\/svg&gt;&quot;,&quot;library&quot;:&quot;fa-solid&quot;}}\" data-widget_type=\"nav-menu.default\">\n\t\t\t\t<div class=\"elementor-widget-container\">\n\t\t\t\t\t\t\t\t<nav class=\"elementor-nav-menu--dropdown elementor-nav-menu__container\" aria-hidden=\"true\">\n\t\t\t\t<ul id=\"menu-2-9ef49f3\" class=\"elementor-nav-menu\"><li class=\"menu-item menu-item-type-post_type menu-item-object-page menu-item-15920\"><a href=\"https:\/\/mikariyer.com\/nl\/diger-hizmetlerimiz\/denklik\/\" class=\"elementor-item\" tabindex=\"-1\">Gelijkwaardigheid<\/a><\/li>\n<li class=\"menu-item menu-item-type-post_type menu-item-object-page menu-item-15922\"><a href=\"https:\/\/mikariyer.com\/nl\/diger-hizmetlerimiz\/vize\/\" class=\"elementor-item\" tabindex=\"-1\">Visa<\/a><\/li>\n<li class=\"menu-item menu-item-type-post_type menu-item-object-page menu-item-15923\"><a href=\"https:\/\/mikariyer.com\/nl\/diger-hizmetlerimiz\/konaklama\/\" class=\"elementor-item\" tabindex=\"-1\">Accommodatie<\/a><\/li>\n<li class=\"menu-item menu-item-type-post_type menu-item-object-page menu-item-15924\"><a href=\"https:\/\/mikariyer.com\/nl\/diger-hizmetlerimiz\/oturum\/\" class=\"elementor-item\" tabindex=\"-1\">Sessie<\/a><\/li>\n<li class=\"menu-item menu-item-type-post_type menu-item-object-page menu-item-15925\"><a href=\"https:\/\/mikariyer.com\/nl\/diger-hizmetlerimiz\/sosyal-adaptasyon\/\" class=\"elementor-item\" tabindex=\"-1\">Sociale aanpassing<\/a><\/li>\n<\/ul>\t\t\t<\/nav>\n\t\t\t\t\t\t<\/div>\n\t\t\t\t<\/div>\n\t\t\t\t<div class=\"elementor-element elementor-element-a61bd9f elementor-widget elementor-widget-infetech_elementor_heading\" data-id=\"a61bd9f\" data-element_type=\"widget\" data-widget_type=\"infetech_elementor_heading.default\">\n\t\t\t\t<div class=\"elementor-widget-container\">\n\t\t\t\t\t\n\t\t\t<div class=\"ova-heading\">\n\t\t\t\t\n\t\t\t\t\t\t\t\t\t<h2 class=\"sub-title\">\n\t\t\t\t\t\t<span class=\"underlined\"><\/span>\n\t\t\t\t\t\tMiCareer\t\t\t\t\t<\/h2>\t\n\t\t\t\t\n\t\t\t\t\n\t\t\t\t\t<h3 class=\"title\">\t\t\t\t\t\t\t\t\t\t\t\t\t<a href=\"https:\/\/mikariyer.com\/nl\/iletisim\/\" title=\"\">Neem contact met ons op<\/a>\n\t\t\t\t\t\t\t\t\t\t\t<\/h3>\n                \n                \n\t\t\t<\/div>\n\n\t\t\t\t\t\t<\/div>\n\t\t\t\t<\/div>\n\t\t\t\t<div class=\"elementor-element elementor-element-c966e89 elementor-widget elementor-widget-infetech_elementor_contact_info\" data-id=\"c966e89\" data-element_type=\"widget\" data-widget_type=\"infetech_elementor_contact_info.default\">\n\t\t\t\t<div class=\"elementor-widget-container\">\n\t\t\t\t\t\t\t\t<div class=\"ova-contact-info template2\">\n\t\t\t\t\n\t\t\t\t\t\t\t\t\t\t\t\t\t\t\t<div class=\"circle\">\n\t\t\t\t\t\t\t<div class=\"icon\">\n\t\t\t\t\t\t\t\t<i class=\"ovaicon ovaicon-phone-call\"><\/i>\n\t\t\t\t\t\t\t<\/div>\n\t\t\t\t\t\t<\/div>\t\n\t\t\t\t    \t\t\t    \t\t\t\t\n\t\t\t\t<div class=\"contact\">\n\t\t\t\t\t\n\t\t\t\t\t\t\t\t\t\t\t<div class=\"label\">\n\t\t\t\t\t\t\tContact Nummer\t\t\t\t\t\t<\/div>\n\t\t\t\t\t\n\t\t\t\t\t<ul class=\"info\">\n\t\t\t\t\t\t\t\t\t\t\t\t\t<li class=\"item\">\n\n\t\t\t\t\t\t\t\t<a href=\"https:\/\/wa.me\/4917684915411\" title=\"+ 49 17684915411\">+ 49 17684915411<\/a>\t\t\t\t\t\t\t<\/li>\n\t\t\t\t\t\t\t\t\t\t\t<\/ul>\n\n\t\t\t\t<\/div>\n\n\t\t\t<\/div>\n\n\t\t\t\t\t\t<\/div>\n\t\t\t\t<\/div>\n\t\t\t\t<div class=\"elementor-element elementor-element-466d345 elementor-widget elementor-widget-infetech_elementor_contact_info\" data-id=\"466d345\" data-element_type=\"widget\" data-widget_type=\"infetech_elementor_contact_info.default\">\n\t\t\t\t<div class=\"elementor-widget-container\">\n\t\t\t\t\t\t\t\t<div class=\"ova-contact-info template2\">\n\t\t\t\t\n\t\t\t\t\t\t\t\t\t\t\t\t\t\t\t<div class=\"circle\">\n\t\t\t\t\t\t\t<div class=\"icon\">\n\t\t\t\t\t\t\t\t<i class=\"ovaicon ovaicon-email\"><\/i>\n\t\t\t\t\t\t\t<\/div>\n\t\t\t\t\t\t<\/div>\t\n\t\t\t\t    \t\t\t    \t\t\t\t\n\t\t\t\t<div class=\"contact\">\n\t\t\t\t\t\n\t\t\t\t\t\t\t\t\t\t\t<div class=\"label\">\n\t\t\t\t\t\t\tOns postadres\t\t\t\t\t\t<\/div>\n\t\t\t\t\t\n\t\t\t\t\t<ul class=\"info\">\n\t\t\t\t\t\t\t\t\t\t\t\t\t<li class=\"item\">\n\n\t\t\t\t\t\t\t\t\t\t\t\t\t\t\t\t\t\t\t<a href=\"mailto:info@mikariyer.com\" title=\"email\">\n\t\t\t\t\t\t\t\t\t\t\t\tinfo@mikariyer.com\t\t\t\t\t\t\t\t\t\t\t<\/a>\n\t\t\t\t\t\t\t\t\t\t\t\t\t\t\t\t\t<\/li>\n\t\t\t\t\t\t\t\t\t\t\t<\/ul>\n\n\t\t\t\t<\/div>\n\n\t\t\t<\/div>\n\n\t\t\t\t\t\t<\/div>\n\t\t\t\t<\/div>\n\t\t\t\t<div class=\"elementor-element elementor-element-259feb1 elementor-widget elementor-widget-infetech_elementor_contact_info\" data-id=\"259feb1\" data-element_type=\"widget\" data-widget_type=\"infetech_elementor_contact_info.default\">\n\t\t\t\t<div class=\"elementor-widget-container\">\n\t\t\t\t\t\t\t\t<div class=\"ova-contact-info template2\">\n\t\t\t\t\n\t\t\t\t\t\t\t\t\t\t\t\t\t\t\t<div class=\"circle\">\n\t\t\t\t\t\t\t<div class=\"icon\">\n\t\t\t\t\t\t\t\t<i class=\"far fa-map\"><\/i>\n\t\t\t\t\t\t\t<\/div>\n\t\t\t\t\t\t<\/div>\t\n\t\t\t\t    \t\t\t    \t\t\t\t\n\t\t\t\t<div class=\"contact\">\n\t\t\t\t\t\n\t\t\t\t\t\t\t\t\t\t\t<div class=\"label\">\n\t\t\t\t\t\t\tOns adres\t\t\t\t\t\t<\/div>\n\t\t\t\t\t\n\t\t\t\t\t<ul class=\"info\">\n\t\t\t\t\t\t\t\t\t\t\t\t\t<li class=\"item\">\n\n\t\t\t\t\t\t\t\t<a href=\"https:\/\/maps.app.goo.gl\/HDJiQThZhUDnXWy77\" target=\"_blank\" title=\"338A Regents Park Road Kantoor 3 en 4 Londen Verenigd Koninkrijk N3 2LN\">338A Regents Park Road Kantoor 3 en 4 Londen Verenigd Koninkrijk N3 2LN<\/a>\t\t\t\t\t\t\t<\/li>\n\t\t\t\t\t\t\t\t\t\t\t<\/ul>\n\n\t\t\t\t<\/div>\n\n\t\t\t<\/div>\n\n\t\t\t\t\t\t<\/div>\n\t\t\t\t<\/div>\n\t\t\t\t\t<\/div>\n\t\t\t\t<\/div>\n\t\t\t\t\t<\/div>\n\t\t\t\t<\/div>\n\t\t\t\t<\/div>\n\t\t<\/div>\n\t\t\t\t\t\t<\/div>\n\t\t\t\t<\/div>\n\t\t\t\t<\/div>\n\t\t<div class=\"elementor-element elementor-element-f8bca18 e-con-full e-flex e-con e-child\" data-id=\"f8bca18\" data-element_type=\"container\">\n\t\t\t\t<div class=\"elementor-element elementor-element-b59012f elementor-widget elementor-widget-infetech_elementor_heading\" data-id=\"b59012f\" data-element_type=\"widget\" data-widget_type=\"infetech_elementor_heading.default\">\n\t\t\t\t<div class=\"elementor-widget-container\">\n\t\t\t\t\t\n\t\t\t<div class=\"ova-heading\">\n\t\t\t\t\n\t\t\t\t\t\t\t\t\t<h2 class=\"sub-title\">\n\t\t\t\t\t\t<span class=\"underlined\"><\/span>\n\t\t\t\t\t\tOVERIGE DIENSTEN\t\t\t\t\t<\/h2>\t\n\t\t\t\t\n\t\t\t\t\n\t\t\t\t\t<h1 class=\"title\">\t\t\t\t\t\t\t\t\t\t\t\t\t<a href=\"https:\/\/mikariyer.com\/nl\/diger-hizmetlerimiz\/konaklama\/\" title=\"\">KONAKLAMA SERV\u0130S\u0130<\/a>\n\t\t\t\t\t\t\t\t\t\t\t<\/h1>\n                \n                \n\t\t\t<\/div>\n\n\t\t\t\t\t\t<\/div>\n\t\t\t\t<\/div>\n\t\t\t\t<div class=\"elementor-element elementor-element-c145af1 elementor-blockquote--skin-boxed elementor-blockquote--align-center elementor-blockquote--button-color-official elementor-widget elementor-widget-blockquote\" data-id=\"c145af1\" data-element_type=\"widget\" data-widget_type=\"blockquote.default\">\n\t\t\t\t<div class=\"elementor-widget-container\">\n\t\t\t\t\t\t\t<blockquote class=\"elementor-blockquote\">\n\t\t\t<p class=\"elementor-blockquote__content\">\n\t\t\t\t\"MiKariyer Home Servisi: Almanya\u2019da Yeni Evinize Kolayca Kavu\u015fun!\"\t\t\t<\/p>\n\t\t\t\t\t<\/blockquote>\n\t\t\t\t\t\t<\/div>\n\t\t\t\t<\/div>\n\t\t\t\t<div class=\"elementor-element elementor-element-4618f06 elementor-widget elementor-widget-text-editor\" data-id=\"4618f06\" data-element_type=\"widget\" data-widget_type=\"text-editor.default\">\n\t\t\t\t<div class=\"elementor-widget-container\">\n\t\t\t\t\t\t\t\t\t<p>MiKariyer, Almanya\u2019da kariyer basamaklar\u0131n\u0131 t\u0131rmanmak isteyen profesyonellere, zorlu konaklama aray\u0131\u015f\u0131nda bir k\u0131lavuz olma misyonunu da \u00fcstlenmi\u015ftir. Almanya\u2019n\u0131n karma\u015f\u0131k ev piyasas\u0131nda, bir ev bulman\u0131n ne denli zorlay\u0131c\u0131 oldu\u011funu biliyoruz; bu s\u00fcre\u00e7, adeta i\u011fneyle kuyu kazmaya benzer. Ev kiralamak i\u00e7in yap\u0131lan g\u00f6r\u00fc\u015fmelerde, bir\u00e7ok aday aras\u0131ndan s\u0131yr\u0131l\u0131p ev sahibinin g\u00f6z\u00fcne girmek gerekmektedir. Ev sahipleri, belirledikleri kriterleri kar\u015f\u0131layan pek \u00e7ok uygun aday aras\u0131ndan se\u00e7im yaparlar. \u0130\u015f s\u00f6zle\u015fmeniz, \u00e7al\u0131\u015fma izniniz ve vizeniz haz\u0131r olsa dahi, konaklayacak bir yer bulamam\u0131\u015fsan\u0131z, MiKariyer Home Servisi, bu s\u0131k\u0131nt\u0131l\u0131 bekleyi\u015finizi aktif bir \u00e7\u00f6z\u00fcme d\u00f6n\u00fc\u015ft\u00fcr\u00fcr. Yurt d\u0131\u015f\u0131ndan Almanya\u2019ya ad\u0131m atmak, yeni bir ya\u015fam kurmak, zaten ba\u015fl\u0131 ba\u015f\u0131na zorlu bir meydan okumad\u0131r. MiKariyer Home Servisi, Almanya\u2019da ev bulman\u0131n g\u00fc\u00e7l\u00fcklerini a\u015fman\u0131z i\u00e7in \u00e7e\u015fitli b\u00fct\u00e7elere uygun konaklama se\u00e7enekleri sunarak, bu s\u00fcreci sizin i\u00e7in bir f\u0131rsata \u00e7evirir ve bu b\u00fcy\u00fck y\u00fck\u00fc omuzlar\u0131n\u0131zdan al\u0131r.<\/p>\t\t\t\t\t\t\t\t<\/div>\n\t\t\t\t<\/div>\n\t\t\t\t<div class=\"elementor-element elementor-element-f103717 elementor-widget elementor-widget-image\" data-id=\"f103717\" data-element_type=\"widget\" data-widget_type=\"image.default\">\n\t\t\t\t<div class=\"elementor-widget-container\">\n\t\t\t\t\t\t\t\t\t\t\t\t\t\t\t<img fetchpriority=\"high\" decoding=\"async\" width=\"800\" height=\"563\" src=\"https:\/\/mikariyer.com\/wp-content\/uploads\/2024\/09\/beautiful-single-young-woman-unpacking-boxes-moving-into-new-home-scaled-1-1024x721.jpg\" class=\"attachment-large size-large wp-image-18570\" alt=\"\" srcset=\"https:\/\/mikariyer.com\/wp-content\/uploads\/2024\/09\/beautiful-single-young-woman-unpacking-boxes-moving-into-new-home-scaled-1-1024x721.jpg 1024w, https:\/\/mikariyer.com\/wp-content\/uploads\/2024\/09\/beautiful-single-young-woman-unpacking-boxes-moving-into-new-home-scaled-1-300x211.jpg 300w, https:\/\/mikariyer.com\/wp-content\/uploads\/2024\/09\/beautiful-single-young-woman-unpacking-boxes-moving-into-new-home-scaled-1-768x541.jpg 768w, https:\/\/mikariyer.com\/wp-content\/uploads\/2024\/09\/beautiful-single-young-woman-unpacking-boxes-moving-into-new-home-scaled-1-1536x1081.jpg 1536w, https:\/\/mikariyer.com\/wp-content\/uploads\/2024\/09\/beautiful-single-young-woman-unpacking-boxes-moving-into-new-home-scaled-1-2048x1442.jpg 2048w\" sizes=\"(max-width: 800px) 100vw, 800px\" \/>\t\t\t\t\t\t\t\t\t\t\t\t\t\t\t<\/div>\n\t\t\t\t<\/div>\n\t\t\t\t<div class=\"elementor-element elementor-element-29fa3f5 elementor-widget elementor-widget-text-editor\" data-id=\"29fa3f5\" data-element_type=\"widget\" data-widget_type=\"text-editor.default\">\n\t\t\t\t<div class=\"elementor-widget-container\">\n\t\t\t\t\t\t\t\t\t<h4>\u0130\u015fte MiKariyer Home Servisi\u2019nin sundu\u011fu avantajlar:<\/h4>\t\t\t\t\t\t\t\t<\/div>\n\t\t\t\t<\/div>\n\t\t\t\t<div class=\"elementor-element elementor-element-a7719b9 elementor-widget elementor-widget-infetech_elementor_service_2\" data-id=\"a7719b9\" data-element_type=\"widget\" data-widget_type=\"infetech_elementor_service_2.default\">\n\t\t\t\t<div class=\"elementor-widget-container\">\n\t\t\t\t\t            <div class=\"ova-service-2 ova-service-2-template1\">\n\t            \t\t\t\t\t\t<h3 class=\"title\">\n\t\t\t\t\t\t\tEv Bulma Garantisi\t\t\t\t\t\t<\/h3>\n\t\t\t\t\t\t\t\t\t\t<div class=\"description\">\n\t\t\t\t\t\tAlmanya\u2019daki geni\u015f a\u011f\u0131m\u0131z sayesinde, her b\u00fct\u00e7eye uygun konut se\u00e7enekleri\t\t\t\t\t<\/div>\n\t\t\t\t \n\t            \t<div class=\"icon\">\n\t            \t\t<svg aria-hidden=\"true\" class=\"e-font-icon-svg e-fas-home\" viewbox=\"0 0 576 512\" xmlns=\"http:\/\/www.w3.org\/2000\/svg\"><path d=\"M280.37 148.26L96 300.11V464a16 16 0 0 0 16 16l112.06-.29a16 16 0 0 0 15.92-16V368a16 16 0 0 1 16-16h64a16 16 0 0 1 16 16v95.64a16 16 0 0 0 16 16.05L464 480a16 16 0 0 0 16-16V300L295.67 148.26a12.19 12.19 0 0 0-15.3 0zM571.6 251.47L488 182.56V44.05a12 12 0 0 0-12-12h-56a12 12 0 0 0-12 12v72.61L318.47 43a48 48 0 0 0-61 0L4.34 251.47a12 12 0 0 0-1.6 16.9l25.5 31A12 12 0 0 0 45.15 301l235.22-193.74a12.19 12.19 0 0 1 15.3 0L530.9 301a12 12 0 0 0 16.9-1.6l25.5-31a12 12 0 0 0-1.7-16.93z\"><\/path><\/svg>   \t\t\n\t            \t<\/div>\n            \t\t          \t<div class=\"trapezoid-topleft-1\"><\/div>\n\t\t    \t<div class=\"trapezoid-topleft-2\"><\/div>\n\t\t    <\/div>\n\t \t\t\t\t\t<\/div>\n\t\t\t\t<\/div>\n\t\t\t\t<div class=\"elementor-element elementor-element-89e2f80 elementor-widget elementor-widget-infetech_elementor_service_2\" data-id=\"89e2f80\" data-element_type=\"widget\" data-widget_type=\"infetech_elementor_service_2.default\">\n\t\t\t\t<div class=\"elementor-widget-container\">\n\t\t\t\t\t            <div class=\"ova-service-2 ova-service-2-template1\">\n\t            \t\t\t\t\t\t<h3 class=\"title\">\n\t\t\t\t\t\t\tKi\u015fiye \u00d6zel Se\u00e7enekler\t\t\t\t\t\t<\/h3>\n\t\t\t\t\t\t\t\t\t\t<div class=\"description\">\n\t\t\t\t\t\t\u0130htiya\u00e7lar\u0131n\u0131za ve tercihlerinize g\u00f6re \u00f6zelle\u015ftirilmi\u015f konaklama \u00e7\u00f6z\u00fcmleri\t\t\t\t\t<\/div>\n\t\t\t\t \n\t            \t<div class=\"icon\">\n\t            \t\t<i aria-hidden=\"true\" class=\"flaticon flaticon-customer-service\"><\/i>   \t\t\n\t            \t<\/div>\n            \t\t          \t<div class=\"trapezoid-topleft-1\"><\/div>\n\t\t    \t<div class=\"trapezoid-topleft-2\"><\/div>\n\t\t    <\/div>\n\t \t\t\t\t\t<\/div>\n\t\t\t\t<\/div>\n\t\t\t\t<div class=\"elementor-element elementor-element-2c902e0 elementor-widget elementor-widget-infetech_elementor_service_2\" data-id=\"2c902e0\" data-element_type=\"widget\" data-widget_type=\"infetech_elementor_service_2.default\">\n\t\t\t\t<div class=\"elementor-widget-container\">\n\t\t\t\t\t            <div class=\"ova-service-2 ova-service-2-template1\">\n\t            \t\t\t\t\t\t<h3 class=\"title\">\n\t\t\t\t\t\t\tZaman Tasarrufu\t\t\t\t\t\t<\/h3>\n\t\t\t\t\t\t\t\t\t\t<div class=\"description\">\n\t\t\t\t\t\tEv arama s\u00fcrecinde zaman kaybetmeden, h\u0131zl\u0131 ve etkili \u00e7\u00f6z\u00fcmler\t\t\t\t\t<\/div>\n\t\t\t\t \n\t            \t<div class=\"icon\">\n\t            \t\t<i aria-hidden=\"true\" class=\"ovaicon ovaicon-stopwatch\"><\/i>   \t\t\n\t            \t<\/div>\n            \t\t          \t<div class=\"trapezoid-topleft-1\"><\/div>\n\t\t    \t<div class=\"trapezoid-topleft-2\"><\/div>\n\t\t    <\/div>\n\t \t\t\t\t\t<\/div>\n\t\t\t\t<\/div>\n\t\t\t\t<div class=\"elementor-element elementor-element-a062ee0 elementor-widget elementor-widget-infetech_elementor_service_2\" data-id=\"a062ee0\" data-element_type=\"widget\" data-widget_type=\"infetech_elementor_service_2.default\">\n\t\t\t\t<div class=\"elementor-widget-container\">\n\t\t\t\t\t            <div class=\"ova-service-2 ova-service-2-template1\">\n\t            \t\t\t\t\t\t<h3 class=\"title\">\n\t\t\t\t\t\t\tRekabet Avantaj\u0131\t\t\t\t\t\t<\/h3>\n\t\t\t\t\t\t\t\t\t\t<div class=\"description\">\n\t\t\t\t\t\tEv sahipleri ile g\u00f6r\u00fc\u015fmelerde, adaylar\u0131m\u0131z\u0131n \u00f6ne \u00e7\u0131kmas\u0131n\u0131 sa\u011flayacak destek\t\t\t\t\t<\/div>\n\t\t\t\t \n\t            \t<div class=\"icon\">\n\t            \t\t<svg aria-hidden=\"true\" class=\"e-font-icon-svg e-far-handshake\" viewbox=\"0 0 640 512\" xmlns=\"http:\/\/www.w3.org\/2000\/svg\"><path d=\"M519.2 127.9l-47.6-47.6A56.252 56.252 0 0 0 432 64H205.2c-14.8 0-29.1 5.9-39.6 16.3L118 127.9H0v255.7h64c17.6 0 31.8-14.2 31.9-31.7h9.1l84.6 76.4c30.9 25.1 73.8 25.7 105.6 3.8 12.5 10.8 26 15.9 41.1 15.9 18.2 0 35.3-7.4 48.8-24 22.1 8.7 48.2 2.6 64-16.8l26.2-32.3c5.6-6.9 9.1-14.8 10.9-23h57.9c.1 17.5 14.4 31.7 31.9 31.7h64V127.9H519.2zM48 351.6c-8.8 0-16-7.2-16-16s7.2-16 16-16 16 7.2 16 16c0 8.9-7.2 16-16 16zm390-6.9l-26.1 32.2c-2.8 3.4-7.8 4-11.3 1.2l-23.9-19.4-30 36.5c-6 7.3-15 4.8-18 2.4l-36.8-31.5-15.6 19.2c-13.9 17.1-39.2 19.7-55.3 6.6l-97.3-88H96V175.8h41.9l61.7-61.6c2-.8 3.7-1.5 5.7-2.3H262l-38.7 35.5c-29.4 26.9-31.1 72.3-4.4 101.3 14.8 16.2 61.2 41.2 101.5 4.4l8.2-7.5 108.2 87.8c3.4 2.8 3.9 7.9 1.2 11.3zm106-40.8h-69.2c-2.3-2.8-4.9-5.4-7.7-7.7l-102.7-83.4 12.5-11.4c6.5-6 7-16.1 1-22.6L367 167.1c-6-6.5-16.1-6.9-22.6-1l-55.2 50.6c-9.5 8.7-25.7 9.4-34.6 0-9.3-9.9-8.5-25.1 1.2-33.9l65.6-60.1c7.4-6.8 17-10.5 27-10.5l83.7-.2c2.1 0 4.1.8 5.5 2.3l61.7 61.6H544v128zm48 47.7c-8.8 0-16-7.2-16-16s7.2-16 16-16 16 7.2 16 16c0 8.9-7.2 16-16 16z\"><\/path><\/svg>   \t\t\n\t            \t<\/div>\n            \t\t          \t<div class=\"trapezoid-topleft-1\"><\/div>\n\t\t    \t<div class=\"trapezoid-topleft-2\"><\/div>\n\t\t    <\/div>\n\t \t\t\t\t\t<\/div>\n\t\t\t\t<\/div>\n\t\t\t\t<div class=\"elementor-element elementor-element-8d01bc0 elementor-widget elementor-widget-infetech_elementor_service_2\" data-id=\"8d01bc0\" data-element_type=\"widget\" data-widget_type=\"infetech_elementor_service_2.default\">\n\t\t\t\t<div class=\"elementor-widget-container\">\n\t\t\t\t\t            <div class=\"ova-service-2 ova-service-2-template1\">\n\t            \t\t\t\t\t\t<h3 class=\"title\">\n\t\t\t\t\t\t\tSorunsuz Ge\u00e7i\u015f\t\t\t\t\t\t<\/h3>\n\t\t\t\t\t\t\t\t\t\t<div class=\"description\">\n\t\t\t\t\t\tYurt d\u0131\u015f\u0131ndan Almanya\u2019ya ta\u015f\u0131nma s\u00fcrecinde, konaklama konusunda endi\u015felenmenize gerek kalmadan, sorunsuz bir ge\u00e7i\u015f\t\t\t\t\t<\/div>\n\t\t\t\t \n\t            \t<div class=\"icon\">\n\t            \t\t<i aria-hidden=\"true\" class=\"flaticon flaticon-checked\"><\/i>   \t\t\n\t            \t<\/div>\n            \t\t          \t<div class=\"trapezoid-topleft-1\"><\/div>\n\t\t    \t<div class=\"trapezoid-topleft-2\"><\/div>\n\t\t    <\/div>\n\t \t\t\t\t\t<\/div>\n\t\t\t\t<\/div>\n\t\t\t\t<div class=\"elementor-element elementor-element-41102af elementor-widget elementor-widget-text-editor\" data-id=\"41102af\" data-element_type=\"widget\" data-widget_type=\"text-editor.default\">\n\t\t\t\t<div class=\"elementor-widget-container\">\n\t\t\t\t\t\t\t\t\t<p>MiKariyer Home Servisi ile Almanya\u2019daki yeni ya\u015fam\u0131n\u0131za sorunsuz bir ba\u015flang\u0131\u00e7 yap\u0131n. Hayallerinizi ger\u00e7ekle\u015ftirmek i\u00e7in bizimle ileti\u015fime ge\u00e7in ve Almanya\u2019da ev bulma probleminizi \u00e7\u00f6z\u00fcn!<\/p>\t\t\t\t\t\t\t\t<\/div>\n\t\t\t\t<\/div>\n\t\t\t\t<div class=\"elementor-element elementor-element-78e2b53 elementor-align-center elementor-widget elementor-widget-button\" data-id=\"78e2b53\" data-element_type=\"widget\" data-widget_type=\"button.default\">\n\t\t\t\t<div class=\"elementor-widget-container\">\n\t\t\t\t\t\t\t\t\t<div class=\"elementor-button-wrapper\">\n\t\t\t\t\t<a class=\"elementor-button elementor-button-link elementor-size-sm\" href=\"https:\/\/mikariyer.com\/nl\/iletisim\/\">\n\t\t\t\t\t\t<span class=\"elementor-button-content-wrapper\">\n\t\t\t\t\t\t\t\t\t<span class=\"elementor-button-text\">Neem contact op<\/span>\n\t\t\t\t\t<\/span>\n\t\t\t\t\t<\/a>\n\t\t\t\t<\/div>\n\t\t\t\t\t\t\t\t<\/div>\n\t\t\t\t<\/div>\n\t\t\t\t<\/div>\n\t\t\t\t<\/div>\n\t\t\t\t<\/div>","protected":false},"excerpt":{"rendered":"<p>D\u0130\u011eER H\u0130ZMETLER\u0130M\u0130Z KONAKLAMA SERV\u0130S\u0130 &#8220;MiKariyer Home Servisi: Almanya\u2019da Yeni Evinize Kolayca Kavu\u015fun!&#8221; MiKariyer, Almanya\u2019da kariyer basamaklar\u0131n\u0131 t\u0131rmanmak isteyen profesyonellere, zorlu konaklama aray\u0131\u015f\u0131nda bir k\u0131lavuz olma misyonunu da \u00fcstlenmi\u015ftir. Almanya\u2019n\u0131n karma\u015f\u0131k ev piyasas\u0131nda, bir ev bulman\u0131n ne denli zorlay\u0131c\u0131 oldu\u011funu biliyoruz; bu s\u00fcre\u00e7, adeta i\u011fneyle kuyu kazmaya benzer. Ev kiralamak i\u00e7in yap\u0131lan g\u00f6r\u00fc\u015fmelerde, bir\u00e7ok aday aras\u0131ndan [&hellip;]<\/p>\n","protected":false},"author":3,"featured_media":0,"parent":15841,"menu_order":3,"comment_status":"closed","ping_status":"closed","template":"","meta":{"footnotes":""},"class_list":["post-15847","page","type-page","status-publish","hentry"],"_links":{"self":[{"href":"https:\/\/mikariyer.com\/nl\/wp-json\/wp\/v2\/pages\/15847","targetHints":{"allow":["GET"]}}],"collection":[{"href":"https:\/\/mikariyer.com\/nl\/wp-json\/wp\/v2\/pages"}],"about":[{"href":"https:\/\/mikariyer.com\/nl\/wp-json\/wp\/v2\/types\/page"}],"author":[{"embeddable":true,"href":"https:\/\/mikariyer.com\/nl\/wp-json\/wp\/v2\/users\/3"}],"replies":[{"embeddable":true,"href":"https:\/\/mikariyer.com\/nl\/wp-json\/wp\/v2\/comments?post=15847"}],"version-history":[{"count":1,"href":"https:\/\/mikariyer.com\/nl\/wp-json\/wp\/v2\/pages\/15847\/revisions"}],"predecessor-version":[{"id":19490,"href":"https:\/\/mikariyer.com\/nl\/wp-json\/wp\/v2\/pages\/15847\/revisions\/19490"}],"up":[{"embeddable":true,"href":"https:\/\/mikariyer.com\/nl\/wp-json\/wp\/v2\/pages\/15841"}],"wp:attachment":[{"href":"https:\/\/mikariyer.com\/nl\/wp-json\/wp\/v2\/media?parent=15847"}],"curies":[{"name":"wp","href":"https:\/\/api.w.org\/{rel}","templated":true}]}}