{"id":18782,"date":"2025-07-30T12:28:37","date_gmt":"2025-07-30T12:28:37","guid":{"rendered":"https:\/\/mikariyer.com\/?page_id=18782"},"modified":"2025-07-30T12:31:37","modified_gmt":"2025-07-30T12:31:37","slug":"bildung","status":"publish","type":"page","link":"https:\/\/mikariyer.com\/nl\/bildung\/","title":{"rendered":"BILDUNG"},"content":{"rendered":"<div data-elementor-type=\"wp-page\" data-elementor-id=\"18782\" class=\"elementor elementor-18782\" data-elementor-post-type=\"page\">\n\t\t\t\t<div class=\"elementor-element elementor-element-87764ba e-con-full e-flex e-con e-parent\" data-id=\"87764ba\" data-element_type=\"container\">\n\t\t<div class=\"elementor-element elementor-element-5049e79 e-con-full e-flex e-con e-child\" data-id=\"5049e79\" data-element_type=\"container\">\n\t\t\t\t<div class=\"elementor-element elementor-element-8679d2d elementor-widget elementor-widget-shortcode\" data-id=\"8679d2d\" data-element_type=\"widget\" data-widget_type=\"shortcode.default\">\n\t\t\t\t<div class=\"elementor-widget-container\">\n\t\t\t\t\t\t\t<div class=\"elementor-shortcode\">\t\t<div data-elementor-type=\"single-post\" data-elementor-id=\"16105\" class=\"elementor elementor-16105\" data-elementor-post-type=\"elementor_library\">\n\t\t\t<div class=\"elementor-element elementor-element-a1ba1ad elementor-hidden-mobile e-flex e-con-boxed e-con e-parent\" data-id=\"a1ba1ad\" data-element_type=\"container\" data-settings=\"{&quot;background_background&quot;:&quot;classic&quot;}\">\n\t\t\t\t\t<div class=\"e-con-inner\">\n\t\t<div class=\"elementor-element elementor-element-0ebb07d e-con-full e-flex e-con e-child\" data-id=\"0ebb07d\" data-element_type=\"container\" data-settings=\"{&quot;background_background&quot;:&quot;classic&quot;}\">\n\t\t\t\t<div class=\"elementor-element elementor-element-876b9ab elementor-widget elementor-widget-infetech_elementor_heading\" data-id=\"876b9ab\" data-element_type=\"widget\" data-widget_type=\"infetech_elementor_heading.default\">\n\t\t\t\t<div class=\"elementor-widget-container\">\n\t\t\t\t\t\n\t\t\t<div class=\"ova-heading\">\n\t\t\t\t\n\t\t\t\t\n\t\t\t\t\n\t\t\t\t\t<h3 class=\"title\">\t\t\t\t\t\t\t\t\t\t\t\t\t<a href=\"https:\/\/mikariyer.com\/nl\/egitim\/\" title=\"\">E\u011e\u0130T\u0130M<\/a>\n\t\t\t\t\t\t\t\t\t\t\t<\/h3>\n                \n                \n\t\t\t<\/div>\n\n\t\t\t\t\t\t<\/div>\n\t\t\t\t<\/div>\n\t\t\t\t<div class=\"elementor-element elementor-element-2a2e1b4 elementor-nav-menu__text-align-aside elementor-widget elementor-widget-nav-menu\" data-id=\"2a2e1b4\" data-element_type=\"widget\" data-settings=\"{&quot;layout&quot;:&quot;dropdown&quot;,&quot;submenu_icon&quot;:{&quot;value&quot;:&quot;&lt;svg class=\\&quot;e-font-icon-svg e-fas-caret-down\\&quot; viewBox=\\&quot;0 0 320 512\\&quot; xmlns=\\&quot;http:\\\/\\\/www.w3.org\\\/2000\\\/svg\\&quot;&gt;&lt;path d=\\&quot;M31.3 192h257.3c17.8 0 26.7 21.5 14.1 34.1L174.1 354.8c-7.8 7.8-20.5 7.8-28.3 0L17.2 226.1C4.6 213.5 13.5 192 31.3 192z\\&quot;&gt;&lt;\\\/path&gt;&lt;\\\/svg&gt;&quot;,&quot;library&quot;:&quot;fa-solid&quot;}}\" data-widget_type=\"nav-menu.default\">\n\t\t\t\t<div class=\"elementor-widget-container\">\n\t\t\t\t\t\t\t\t<nav class=\"elementor-nav-menu--dropdown elementor-nav-menu__container\" aria-hidden=\"true\">\n\t\t\t\t<ul id=\"menu-2-2a2e1b4\" class=\"elementor-nav-menu\"><li class=\"menu-item menu-item-type-post_type menu-item-object-page menu-item-15859\"><a href=\"https:\/\/mikariyer.com\/nl\/egitim\/lisans-egitimi\/\" class=\"elementor-item\" tabindex=\"-1\">Onderwijs<\/a><\/li>\n<li class=\"menu-item menu-item-type-post_type menu-item-object-page menu-item-15860\"><a href=\"https:\/\/mikariyer.com\/nl\/egitim\/master-egitimi\/\" class=\"elementor-item\" tabindex=\"-1\">Meesteropleiding<\/a><\/li>\n<\/ul>\t\t\t<\/nav>\n\t\t\t\t\t\t<\/div>\n\t\t\t\t<\/div>\n\t\t\t\t<div class=\"elementor-element elementor-element-e4684e7 elementor-widget elementor-widget-infetech_elementor_heading\" data-id=\"e4684e7\" data-element_type=\"widget\" data-widget_type=\"infetech_elementor_heading.default\">\n\t\t\t\t<div class=\"elementor-widget-container\">\n\t\t\t\t\t\n\t\t\t<div class=\"ova-heading\">\n\t\t\t\t\n\t\t\t\t\t\t\t\t\t<h2 class=\"sub-title\">\n\t\t\t\t\t\t<span class=\"underlined\"><\/span>\n\t\t\t\t\t\tMiCareer\t\t\t\t\t<\/h2>\t\n\t\t\t\t\n\t\t\t\t\n\t\t\t\t\t<h3 class=\"title\">\t\t\t\t\t\t\t\t\t\t\t\t\t<a href=\"https:\/\/mikariyer.com\/nl\/iletisim\/\" title=\"\">\u0130leti\u015fime Ge\u00e7in<\/a>\n\t\t\t\t\t\t\t\t\t\t\t<\/h3>\n                \n                \n\t\t\t<\/div>\n\n\t\t\t\t\t\t<\/div>\n\t\t\t\t<\/div>\n\t\t\t\t<div class=\"elementor-element elementor-element-e533907 elementor-widget elementor-widget-infetech_elementor_contact_info\" data-id=\"e533907\" data-element_type=\"widget\" data-widget_type=\"infetech_elementor_contact_info.default\">\n\t\t\t\t<div class=\"elementor-widget-container\">\n\t\t\t\t\t\t\t\t<div class=\"ova-contact-info template2\">\n\t\t\t\t\n\t\t\t\t\t\t\t\t\t\t\t\t\t\t\t<div class=\"circle\">\n\t\t\t\t\t\t\t<div class=\"icon\">\n\t\t\t\t\t\t\t\t<i class=\"ovaicon ovaicon-phone-call\"><\/i>\n\t\t\t\t\t\t\t<\/div>\n\t\t\t\t\t\t<\/div>\t\n\t\t\t\t    \t\t\t    \t\t\t\t\n\t\t\t\t<div class=\"contact\">\n\t\t\t\t\t\n\t\t\t\t\t\t\t\t\t\t\t<div class=\"label\">\n\t\t\t\t\t\t\tContact Nummer\t\t\t\t\t\t<\/div>\n\t\t\t\t\t\n\t\t\t\t\t<ul class=\"info\">\n\t\t\t\t\t\t\t\t\t\t\t\t\t<li class=\"item\">\n\n\t\t\t\t\t\t\t\t<a href=\"https:\/\/wa.me\/4917684915411\" title=\"+ 49 17684915411\">+ 49 17684915411<\/a>\t\t\t\t\t\t\t<\/li>\n\t\t\t\t\t\t\t\t\t\t\t<\/ul>\n\n\t\t\t\t<\/div>\n\n\t\t\t<\/div>\n\n\t\t\t\t\t\t<\/div>\n\t\t\t\t<\/div>\n\t\t\t\t<div class=\"elementor-element elementor-element-d4fc51a elementor-widget elementor-widget-infetech_elementor_contact_info\" data-id=\"d4fc51a\" data-element_type=\"widget\" data-widget_type=\"infetech_elementor_contact_info.default\">\n\t\t\t\t<div class=\"elementor-widget-container\">\n\t\t\t\t\t\t\t\t<div class=\"ova-contact-info template2\">\n\t\t\t\t\n\t\t\t\t\t\t\t\t\t\t\t\t\t\t\t<div class=\"circle\">\n\t\t\t\t\t\t\t<div class=\"icon\">\n\t\t\t\t\t\t\t\t<i class=\"ovaicon ovaicon-email\"><\/i>\n\t\t\t\t\t\t\t<\/div>\n\t\t\t\t\t\t<\/div>\t\n\t\t\t\t    \t\t\t    \t\t\t\t\n\t\t\t\t<div class=\"contact\">\n\t\t\t\t\t\n\t\t\t\t\t\t\t\t\t\t\t<div class=\"label\">\n\t\t\t\t\t\t\tOns postadres\t\t\t\t\t\t<\/div>\n\t\t\t\t\t\n\t\t\t\t\t<ul class=\"info\">\n\t\t\t\t\t\t\t\t\t\t\t\t\t<li class=\"item\">\n\n\t\t\t\t\t\t\t\t\t\t\t\t\t\t\t\t\t\t\t<a href=\"mailto:info@mikariyer.com\" title=\"email\">\n\t\t\t\t\t\t\t\t\t\t\t\tinfo@mikariyer.com\t\t\t\t\t\t\t\t\t\t\t<\/a>\n\t\t\t\t\t\t\t\t\t\t\t\t\t\t\t\t\t<\/li>\n\t\t\t\t\t\t\t\t\t\t\t<\/ul>\n\n\t\t\t\t<\/div>\n\n\t\t\t<\/div>\n\n\t\t\t\t\t\t<\/div>\n\t\t\t\t<\/div>\n\t\t\t\t<div class=\"elementor-element elementor-element-78d6909 elementor-widget elementor-widget-infetech_elementor_contact_info\" data-id=\"78d6909\" data-element_type=\"widget\" data-widget_type=\"infetech_elementor_contact_info.default\">\n\t\t\t\t<div class=\"elementor-widget-container\">\n\t\t\t\t\t\t\t\t<div class=\"ova-contact-info template2\">\n\t\t\t\t\n\t\t\t\t\t\t\t\t\t\t\t\t\t\t\t<div class=\"circle\">\n\t\t\t\t\t\t\t<div class=\"icon\">\n\t\t\t\t\t\t\t\t<i class=\"far fa-map\"><\/i>\n\t\t\t\t\t\t\t<\/div>\n\t\t\t\t\t\t<\/div>\t\n\t\t\t\t    \t\t\t    \t\t\t\t\n\t\t\t\t<div class=\"contact\">\n\t\t\t\t\t\n\t\t\t\t\t\t\t\t\t\t\t<div class=\"label\">\n\t\t\t\t\t\t\tOns adres\t\t\t\t\t\t<\/div>\n\t\t\t\t\t\n\t\t\t\t\t<ul class=\"info\">\n\t\t\t\t\t\t\t\t\t\t\t\t\t<li class=\"item\">\n\n\t\t\t\t\t\t\t\t<a href=\"https:\/\/maps.app.goo.gl\/HDJiQThZhUDnXWy77\" target=\"_blank\" title=\"338A Regents Park Road Kantoor 3 en 4 Londen Verenigd Koninkrijk N3 2LN\">338A Regents Park Road Kantoor 3 en 4 Londen Verenigd Koninkrijk N3 2LN<\/a>\t\t\t\t\t\t\t<\/li>\n\t\t\t\t\t\t\t\t\t\t\t<\/ul>\n\n\t\t\t\t<\/div>\n\n\t\t\t<\/div>\n\n\t\t\t\t\t\t<\/div>\n\t\t\t\t<\/div>\n\t\t\t\t<\/div>\n\t\t\t\t\t<\/div>\n\t\t\t\t<\/div>\n\t\t\t\t<\/div>\n\t\t<\/div>\n\t\t\t\t\t\t<\/div>\n\t\t\t\t<\/div>\n\t\t\t\t<\/div>\n\t\t<div class=\"elementor-element elementor-element-f76c0c7 e-con-full e-flex e-con e-child\" data-id=\"f76c0c7\" data-element_type=\"container\">\n\t\t\t\t<div class=\"elementor-element elementor-element-3d38ece elementor-widget elementor-widget-infetech_elementor_heading\" data-id=\"3d38ece\" data-element_type=\"widget\" data-widget_type=\"infetech_elementor_heading.default\">\n\t\t\t\t<div class=\"elementor-widget-container\">\n\t\t\t\t\t\n\t\t\t<div class=\"ova-heading\">\n\t\t\t\t\n\t\t\t\t\n\t\t\t\t\n\t\t\t\t\t<h1 class=\"title\">\t\t\t\t\t\t\t\t\t\t\t\t\t<a href=\"https:\/\/mikariyer.com\/nl\/egitim\/\" title=\"\">BILDUNG<\/a>\n\t\t\t\t\t\t\t\t\t\t\t<\/h1>\n                \n                \n\t\t\t<\/div>\n\n\t\t\t\t\t\t<\/div>\n\t\t\t\t<\/div>\n\t\t\t\t<div class=\"elementor-element elementor-element-d357451 elementor-blockquote--skin-boxed elementor-blockquote--align-center elementor-blockquote--button-color-official elementor-widget elementor-widget-blockquote\" data-id=\"d357451\" data-element_type=\"widget\" data-widget_type=\"blockquote.default\">\n\t\t\t\t<div class=\"elementor-widget-container\">\n\t\t\t\t\t\t\t<blockquote class=\"elementor-blockquote\">\n\t\t\t<p class=\"elementor-blockquote__content\">\n\t\t\t\tStudieren in Deutschland: Tiefgreifendes Wissen, internationale Karriere\t\t\t<\/p>\n\t\t\t\t\t<\/blockquote>\n\t\t\t\t\t\t<\/div>\n\t\t\t\t<\/div>\n\t\t\t\t<div class=\"elementor-element elementor-element-ceeb7da elementor-widget elementor-widget-text-editor\" data-id=\"ceeb7da\" data-element_type=\"widget\" data-widget_type=\"text-editor.default\">\n\t\t\t\t<div class=\"elementor-widget-container\">\n\t\t\t\t\t\t\t\t\t<p>Deutschland z\u00e4hlt weltweit zu den beliebtesten L\u00e4ndern f\u00fcr ein Bachelor- oder Masterstudium. Drei zentrale Gr\u00fcnde erkl\u00e4ren diese Beliebtheit:<\/p>\t\t\t\t\t\t\t\t<\/div>\n\t\t\t\t<\/div>\n\t\t\t\t<div class=\"elementor-element elementor-element-fb77c00 elementor-widget elementor-widget-infetech_elementor_service_3\" data-id=\"fb77c00\" data-element_type=\"widget\" data-widget_type=\"infetech_elementor_service_3.default\">\n\t\t\t\t<div class=\"elementor-widget-container\">\n\t\t\t\t\t\t\t \t<div class=\"ova-service-3 one_column\">\n\t\t \t\t\t\t\t\t    <div class=\"item-service-3 elementor-repeater-item-b544d9d\">\n\t                    <div class=\"image-service-3\">\n\t\t\t\t \t\t\t\t\t\t\t\t\t\t\t<img decoding=\"async\" src=\"https:\/\/mikariyer.com\/wp-content\/uploads\/2024\/06\/group-students-graduation-caps-gowns-stand-together-scaled.jpg\" alt=\"Kostenfreie Bildung\">\n\t\t\t\t            \t\t\t\t \t\t<\/div>\n\t\t\t\t \t\t<div class=\"info\">\n\t\t\t\t \t\t\t<div class=\"mask\"><\/div>\n\t\t\t\t \t\t\t<div class=\"square\"><\/div>\n\t\t\t\t \t\t\t\t\t\t\t\t\t\t\t\t<h4 class=\"title\">\n\t\t\t\t\t\t\t\t\t\tKostenfreie Bildung\t\t\t\t\t\t\t\t\t<\/h4>\n\t\t\t\t\t\t\t\t\t\t\t\t\t\t\t\t\t\t\t\t\t\t\t<p class=\"description\">\n\t\t\t\t\t\t\t\t\tAn staatlichen Hochschulen sind Bachelor- und Masterstudieng\u00e4nge in der Regel geb\u00fchrenfrei, was die finanzielle Belastung der Studierenden erheblich\n \nreduziert.\n\t\t\t\t\t\t\t\t<\/p>\n\t\t\t\t\t\t\t  \n\t\t\t\t \t\t<\/div>\n\t                <\/div>\n\t            \t\t\t\t    <div class=\"item-service-3 elementor-repeater-item-3adcd0c\">\n\t                    <div class=\"image-service-3\">\n\t\t\t\t \t\t\t\t\t\t\t\t\t\t\t<img decoding=\"async\" src=\"https:\/\/mikariyer.com\/wp-content\/uploads\/2024\/06\/office-meeting-scaled.jpg\" alt=\"Recht auf legale Erwerbst\u00e4tigkeit\">\n\t\t\t\t            \t\t\t\t \t\t<\/div>\n\t\t\t\t \t\t<div class=\"info\">\n\t\t\t\t \t\t\t<div class=\"mask\"><\/div>\n\t\t\t\t \t\t\t<div class=\"square\"><\/div>\n\t\t\t\t \t\t\t\t\t\t\t\t\t\t\t\t<h4 class=\"title\">\n\t\t\t\t\t\t\t\t\t\tRecht auf legale Erwerbst\u00e4tigkeit\t\t\t\t\t\t\t\t\t<\/h4>\n\t\t\t\t\t\t\t\t\t\t\t\t\t\t\t\t\t\t\t\t\t\t\t<p class=\"description\">\n\t\t\t\t\t\t\t\t\tStudierende d\u00fcrfen w\u00e4hrend ihres Studiums legal arbeiten und so ihre Lebenshaltungskosten selbst decken.\t\t\t\t\t\t\t\t<\/p>\n\t\t\t\t\t\t\t  \n\t\t\t\t \t\t<\/div>\n\t                <\/div>\n\t            \t\t\t\t    <div class=\"item-service-3 elementor-repeater-item-f4b3c2c\">\n\t                    <div class=\"image-service-3\">\n\t\t\t\t \t\t\t\t\t\t\t\t\t\t\t<img decoding=\"async\" src=\"https:\/\/mikariyer.com\/wp-content\/uploads\/2024\/06\/portrait-pretty-toothy-young-student-scaled.jpg\" alt=\"3.\tSchneller und einfacher Berufseinstieg\">\n\t\t\t\t            \t\t\t\t \t\t<\/div>\n\t\t\t\t \t\t<div class=\"info\">\n\t\t\t\t \t\t\t<div class=\"mask\"><\/div>\n\t\t\t\t \t\t\t<div class=\"square\"><\/div>\n\t\t\t\t \t\t\t\t\t\t\t\t\t\t\t\t<h4 class=\"title\">\n\t\t\t\t\t\t\t\t\t\t3.\tSchneller und einfacher Berufseinstieg\t\t\t\t\t\t\t\t\t<\/h4>\n\t\t\t\t\t\t\t\t\t\t\t\t\t\t\t\t\t\t\t\t\t\t\t<p class=\"description\">\n\t\t\t\t\t\t\t\t\tAbsolvent:innen finden in Deutschland und weltweit hervorragende Besch\u00e4ftigungsm\u00f6glichkeiten.\t\t\t\t\t\t\t\t<\/p>\n\t\t\t\t\t\t\t  \n\t\t\t\t \t\t<\/div>\n\t                <\/div>\n\t            \t\t    <\/div>\n\t\t\t\t\t\t<\/div>\n\t\t\t\t<\/div>\n\t\t\t\t<div class=\"elementor-element elementor-element-3cbf371 elementor-widget elementor-widget-text-editor\" data-id=\"3cbf371\" data-element_type=\"widget\" data-widget_type=\"text-editor.default\">\n\t\t\t\t<div class=\"elementor-widget-container\">\n\t\t\t\t\t\t\t\t\t<p>Diese Vorteile machen Deutschland zu einem der attraktivsten Studienstandorte f\u00fcr internationale Studierende. Hinzu kommen ein hoher akademischer Standard und eine ausgezeichnete Lebensqualit\u00e4t.<\/p><h4><strong>Spitzenuniversit\u00e4ten in Deutschland: Der Weg zum globalen Erfolg<\/strong><\/h4><p>Jahr f\u00fcr Jahr werden deutsche Hochschulen in internationalen Rankings unter den besten Bildungseinrichtungen der Welt gelistet. Diese renommierten Universit\u00e4ten zeichnen sich durch die hohe Nachfrage auf dem globalen Arbeitsmarkt nach ihren Absolvent:innen aus. Angesehene Unternehmen wie BMW, Mercedes, Audi, Volkswagen, Porsche, Bayer, Bosch, Siemens, SAP, T-Mobile, DHL oder Lufthansa bevorzugen in Deutschland ausgebildete Fachkr\u00e4fte.<br \/>Die \u00e4ltesten Universit\u00e4ten Europas bieten exzellente akademische Standards, modernste Technologien und einen praxisorientierten Unterricht. Der ideale Mix aus Theorie und Praxis vermittelt den Absolvent:innen ein solides Fundament f\u00fcr den Berufseinstieg.<\/p>\t\t\t\t\t\t\t\t<\/div>\n\t\t\t\t<\/div>\n\t\t<div class=\"elementor-element elementor-element-03b9110 e-flex e-con-boxed e-con e-child\" data-id=\"03b9110\" data-element_type=\"container\">\n\t\t\t\t\t<div class=\"e-con-inner\">\n\t\t<div class=\"elementor-element elementor-element-0ae08c7 e-grid e-con-boxed e-con e-child\" data-id=\"0ae08c7\" data-element_type=\"container\">\n\t\t\t\t\t<div class=\"e-con-inner\">\n\t\t\t\t<div class=\"elementor-element elementor-element-1f3b445 elementor-widget elementor-widget-text-editor\" data-id=\"1f3b445\" data-element_type=\"widget\" data-widget_type=\"text-editor.default\">\n\t\t\t\t<div class=\"elementor-widget-container\">\n\t\t\t\t\t\t\t\t\t<h4><strong>Spitzenvielfalt im Bildungsangebot: Umfangreiche Bachelor-, Master- und Promotionsm\u00f6glichkeiten<\/strong><\/h4>\n400 Mit knapp 400 Hochschulen und \u00fcber 17.000 Studieng\u00e4ngen bietet Deutschland ein einzigartig breites Bildungsspektrum. Das Land geh\u00f6rt weltweit zu den L\u00e4ndern mit dem umfangreichsten Angebot an Bachelor- und Masterstudieng\u00e4ngen. Studierende haben nahezu unbegrenzte Auswahlm\u00f6glichkeiten, die sich an ihren Interessen und Karrierezielen orientieren.\nGro\u00dfe Investitionen der deutschen Regierung sowie f\u00fchrender Unternehmen in den Bereichen Ingenieurwissenschaften, Medizin, Pharmazie, Wirtschaft und Geisteswissenschaften tragen dazu bei, die Ausbildung auf ein globales Niveau zu heben \u2013 mit Professionalit\u00e4t und Innovationskraft als Leitprinzipien.\t\t\t\t\t\t\t\t<\/div>\n\t\t\t\t<\/div>\n\t\t\t\t<div class=\"elementor-element elementor-element-862fb0b elementor-widget elementor-widget-image\" data-id=\"862fb0b\" data-element_type=\"widget\" data-widget_type=\"image.default\">\n\t\t\t\t<div class=\"elementor-widget-container\">\n\t\t\t\t\t\t\t\t\t\t\t\t\t\t\t<img fetchpriority=\"high\" decoding=\"async\" width=\"683\" height=\"1024\" src=\"https:\/\/mikariyer.com\/wp-content\/uploads\/2024\/06\/relaxing-before-class-low-angle-view-happy-young-woman-holding-digital-tablet-looking-camera-while-people-sitting-background-683x1024.jpg\" class=\"attachment-large size-large wp-image-16708\" alt=\"\" srcset=\"https:\/\/mikariyer.com\/wp-content\/uploads\/2024\/06\/relaxing-before-class-low-angle-view-happy-young-woman-holding-digital-tablet-looking-camera-while-people-sitting-background-683x1024.jpg 683w, https:\/\/mikariyer.com\/wp-content\/uploads\/2024\/06\/relaxing-before-class-low-angle-view-happy-young-woman-holding-digital-tablet-looking-camera-while-people-sitting-background-200x300.jpg 200w, https:\/\/mikariyer.com\/wp-content\/uploads\/2024\/06\/relaxing-before-class-low-angle-view-happy-young-woman-holding-digital-tablet-looking-camera-while-people-sitting-background-768x1151.jpg 768w, https:\/\/mikariyer.com\/wp-content\/uploads\/2024\/06\/relaxing-before-class-low-angle-view-happy-young-woman-holding-digital-tablet-looking-camera-while-people-sitting-background-1025x1536.jpg 1025w, https:\/\/mikariyer.com\/wp-content\/uploads\/2024\/06\/relaxing-before-class-low-angle-view-happy-young-woman-holding-digital-tablet-looking-camera-while-people-sitting-background-1367x2048.jpg 1367w, https:\/\/mikariyer.com\/wp-content\/uploads\/2024\/06\/elementor\/thumbs\/relaxing-before-class-low-angle-view-happy-young-woman-holding-digital-tablet-looking-camera-while-people-sitting-background-scaled-qpn4imlpns3udfzf3c2rs1qk7emzk81o1ttohma0kw.jpg 400w, https:\/\/mikariyer.com\/wp-content\/uploads\/2024\/06\/relaxing-before-class-low-angle-view-happy-young-woman-holding-digital-tablet-looking-camera-while-people-sitting-background-scaled.jpg 1709w\" sizes=\"(max-width: 683px) 100vw, 683px\" \/>\t\t\t\t\t\t\t\t\t\t\t\t\t\t\t<\/div>\n\t\t\t\t<\/div>\n\t\t\t\t\t<\/div>\n\t\t\t\t<\/div>\n\t\t\t\t\t<\/div>\n\t\t\t\t<\/div>\n\t\t\t\t<div class=\"elementor-element elementor-element-1739f1f elementor-widget elementor-widget-infetech_elementor_service_toggle\" data-id=\"1739f1f\" data-element_type=\"widget\" data-widget_type=\"infetech_elementor_service_toggle.default\">\n\t\t\t\t<div class=\"elementor-widget-container\">\n\t\t\t\t\t\t\t  \t<div class=\"ova-service-toggle\">\n\t\t        \n\t\t\t\t<div class=\"item\">\n\t\t\t\t\t<div class=\"toggle\">\n\t\t\t\t\t\t<div class=\"heading-wrap\">\n\t\t\t\t\t\t\t\t\t\t\t\t\t\t\t<div class=\"icon\">\n\t\t\t\t\t\t\t\t\t<i aria-hidden=\"true\" class=\"flaticonnew- flaticon-new-right\"><\/i> \n\t\t\t\t\t\t\t\t<\/div>\n\t\t\t\t\t\t\t\t\t\t\t\t\t\t\t<h3 class=\"title\">\n\t\t\t\t\t\t\t\t\tALMANYA\u2019DA L\u0130SANS E\u011e\u0130T\u0130M\u0130\t\t\t\t\t\t\t\t<\/h3>\n\t\t\t\t\t\t\t\t\t\t\t\t\t<\/div>\n\t\t\t\t\t\t<div class=\"info-wrap\">\n\t\t\t\t\t\t\t\t\t\t\t\t\t\t\t<p class=\"description\">\n\t\t\t\t\t\t\t\t\tAlmanya\u2019da lisans e\u011fitimi alman\u0131n, akademik becerilerinizi geli\u015ftirmek, yeni bir dil \u00f6\u011frenmek, uluslararas\u0131 bir kariyere ad\u0131m atmak ve Avrupa\u2019n\u0131n kalbinde ya\u015famak i\u00e7in m\u00fckemmel bir f\u0131rsata sahip olmak gibi avantajlar\u0131 bulunmaktad\u0131r. \t\t\t\t\t\t\t\t<\/p>\n\t\t\t\t\t\t\t\t\t\t\t\t\t\t<div class=\"toggle-icon\">\n\t\t\t\t\t\t\t\t\t\t\t\t\t\t\t\t\t<i aria-hidden=\"true\" class=\"flaticoninfetech- flaticon-infetech-plus\"><\/i>\n\t\t\t\t\t\t\t\t\t\t\t\t\t\t\t<\/div>\n\t\t\t\t\t\t<\/div>\n\t\t\t\t\t<\/div>\n\t\t\t\t\t<div class=\"service-content\">\n\t\t\t\t\t\t<div class=\"spacing\"><\/div>\n\t\t\t\t\t\t<div class=\"content\">\n\t\t\t\t\t\t\t<p><a href=\"https:\/\/mikariyer.com\/nl\/egitim\/lisans-egitimi\/\">Detayl\u0131 Bilgi \u0130\u00e7in T\u0131klay\u0131n\u0131z<\/a><\/p> \n\t\t\t\t\t\t<\/div>\n\t\t\t\t\t<\/div>\n\t\t\t\t<\/div>\n\t\t\t\t\n\t\t\t\t<div class=\"item\">\n\t\t\t\t\t<div class=\"toggle\">\n\t\t\t\t\t\t<div class=\"heading-wrap\">\n\t\t\t\t\t\t\t\t\t\t\t\t\t\t\t<div class=\"icon\">\n\t\t\t\t\t\t\t\t\t<i aria-hidden=\"true\" class=\"flaticonnew- flaticon-new-right\"><\/i> \n\t\t\t\t\t\t\t\t<\/div>\n\t\t\t\t\t\t\t\t\t\t\t\t\t\t\t<h3 class=\"title\">\n\t\t\t\t\t\t\t\t\tALMANYA\u2019DA MASTER E\u011e\u0130T\u0130M\u0130\t\t\t\t\t\t\t\t<\/h3>\n\t\t\t\t\t\t\t\t\t\t\t\t\t<\/div>\n\t\t\t\t\t\t<div class=\"info-wrap\">\n\t\t\t\t\t\t\t\t\t\t\t\t\t\t\t<p class=\"description\">\n\t\t\t\t\t\t\t\t\tMiKariyer olarak, \u00fcniversite hayallerinizi Almanya\u2019da ger\u00e7ekle\u015ftirmek i\u00e7in t\u00fcm s\u00fcre\u00e7leri titizlikle y\u00f6netiyor ve sonu\u00e7land\u0131r\u0131yoruz.\t\t\t\t\t\t\t\t<\/p>\n\t\t\t\t\t\t\t\t\t\t\t\t\t\t<div class=\"toggle-icon active\">\n\t\t\t\t\t\t\t\t\t\t\t\t\t\t\t\t\t<i aria-hidden=\"true\" class=\"flaticoninfetech- flaticon-infetech-minus-sign\"><\/i>\n\t\t\t\t\t\t\t\t\t\t\t\t\t\t\t<\/div>\n\t\t\t\t\t\t<\/div>\n\t\t\t\t\t<\/div>\n\t\t\t\t\t<div class=\"service-content active\">\n\t\t\t\t\t\t<div class=\"spacing\"><\/div>\n\t\t\t\t\t\t<div class=\"content\">\n\t\t\t\t\t\t\t<p><a href=\"https:\/\/mikariyer.com\/nl\/egitim\/master-egitimi\/\">Detayl\u0131 Bilgi \u0130\u00e7in T\u0131klay\u0131n\u0131z<\/a><\/p> \n\t\t\t\t\t\t<\/div>\n\t\t\t\t\t<\/div>\n\t\t\t\t<\/div>\n\t\t\t\t\t\t\t<\/div>\n\t\t\t\t\t\t<\/div>\n\t\t\t\t<\/div>\n\t\t\t\t<\/div>\n\t\t\t\t<\/div>\n\t\t\t\t<\/div>","protected":false},"excerpt":{"rendered":"<p>BILDUNG Studieren in Deutschland: Tiefgreifendes Wissen, internationale Karriere Deutschland z\u00e4hlt weltweit zu den beliebtesten L\u00e4ndern f\u00fcr ein Bachelor- oder Masterstudium. Drei zentrale Gr\u00fcnde erkl\u00e4ren diese Beliebtheit: Kostenfreie Bildung An staatlichen Hochschulen sind Bachelor- und Masterstudieng\u00e4nge in der Regel geb\u00fchrenfrei, was die finanzielle Belastung der Studierenden erheblich reduziert. Recht auf legale Erwerbst\u00e4tigkeit Studierende d\u00fcrfen w\u00e4hrend ihres [&hellip;]<\/p>\n","protected":false},"author":3,"featured_media":0,"parent":0,"menu_order":0,"comment_status":"closed","ping_status":"closed","template":"","meta":{"footnotes":""},"class_list":["post-18782","page","type-page","status-publish","hentry"],"_links":{"self":[{"href":"https:\/\/mikariyer.com\/nl\/wp-json\/wp\/v2\/pages\/18782","targetHints":{"allow":["GET"]}}],"collection":[{"href":"https:\/\/mikariyer.com\/nl\/wp-json\/wp\/v2\/pages"}],"about":[{"href":"https:\/\/mikariyer.com\/nl\/wp-json\/wp\/v2\/types\/page"}],"author":[{"embeddable":true,"href":"https:\/\/mikariyer.com\/nl\/wp-json\/wp\/v2\/users\/3"}],"replies":[{"embeddable":true,"href":"https:\/\/mikariyer.com\/nl\/wp-json\/wp\/v2\/comments?post=18782"}],"version-history":[{"count":5,"href":"https:\/\/mikariyer.com\/nl\/wp-json\/wp\/v2\/pages\/18782\/revisions"}],"predecessor-version":[{"id":18789,"href":"https:\/\/mikariyer.com\/nl\/wp-json\/wp\/v2\/pages\/18782\/revisions\/18789"}],"wp:attachment":[{"href":"https:\/\/mikariyer.com\/nl\/wp-json\/wp\/v2\/media?parent=18782"}],"curies":[{"name":"wp","href":"https:\/\/api.w.org\/{rel}","templated":true}]}}