{"id":19028,"date":"2025-07-30T19:42:47","date_gmt":"2025-07-30T19:42:47","guid":{"rendered":"https:\/\/mikariyer.com\/?page_id=19028"},"modified":"2025-08-01T07:18:39","modified_gmt":"2025-08-01T07:18:39","slug":"familiennachzugsberatung","status":"publish","type":"page","link":"https:\/\/mikariyer.com\/nl\/karriere\/coaching\/familiennachzugsberatung\/","title":{"rendered":"Familiennachzugsberatung"},"content":{"rendered":"<div data-elementor-type=\"wp-page\" data-elementor-id=\"19028\" class=\"elementor elementor-19028\" data-elementor-post-type=\"page\">\n\t\t\t\t<div class=\"elementor-element elementor-element-1e3e008 e-con-full e-flex e-con e-parent\" data-id=\"1e3e008\" data-element_type=\"container\">\n\t\t<div class=\"elementor-element elementor-element-1db756a e-con-full e-flex e-con e-child\" data-id=\"1db756a\" data-element_type=\"container\">\n\t\t\t\t<div class=\"elementor-element elementor-element-de25d72 elementor-widget elementor-widget-shortcode\" data-id=\"de25d72\" data-element_type=\"widget\" data-widget_type=\"shortcode.default\">\n\t\t\t\t<div class=\"elementor-widget-container\">\n\t\t\t\t\t\t\t<div class=\"elementor-shortcode\">\t\t<div data-elementor-type=\"single-post\" data-elementor-id=\"16101\" class=\"elementor elementor-16101\" data-elementor-post-type=\"elementor_library\">\n\t\t\t<div class=\"elementor-element elementor-element-9e95fdc elementor-hidden-mobile e-flex e-con-boxed e-con e-parent\" data-id=\"9e95fdc\" data-element_type=\"container\" data-settings=\"{&quot;background_background&quot;:&quot;classic&quot;}\">\n\t\t\t\t\t<div class=\"e-con-inner\">\n\t\t<div class=\"elementor-element elementor-element-0f2bfbe e-con-full e-flex e-con e-child\" data-id=\"0f2bfbe\" data-element_type=\"container\">\n\t\t\t\t<div class=\"elementor-element elementor-element-2f2d7a1 elementor-widget elementor-widget-infetech_elementor_heading\" data-id=\"2f2d7a1\" data-element_type=\"widget\" data-widget_type=\"infetech_elementor_heading.default\">\n\t\t\t\t<div class=\"elementor-widget-container\">\n\t\t\t\t\t\n\t\t\t<div class=\"ova-heading\">\n\t\t\t\t\n\t\t\t\t\n\t\t\t\t\n\t\t\t\t\t<h3 class=\"title\">\t\t\t\t\t\t\t\t\t\t\t\t\t<a href=\"https:\/\/mikariyer.com\/nl\/carriere\/\" title=\"\">CAREER<\/a>\n\t\t\t\t\t\t\t\t\t\t\t<\/h3>\n                \n                \n\t\t\t<\/div>\n\n\t\t\t\t\t\t<\/div>\n\t\t\t\t<\/div>\n\t\t\t\t<div class=\"elementor-element elementor-element-0dbe6a5 elementor-nav-menu__text-align-aside elementor-widget elementor-widget-nav-menu\" data-id=\"0dbe6a5\" data-element_type=\"widget\" data-settings=\"{&quot;layout&quot;:&quot;dropdown&quot;,&quot;submenu_icon&quot;:{&quot;value&quot;:&quot;&lt;svg class=\\&quot;e-font-icon-svg e-fas-caret-down\\&quot; viewBox=\\&quot;0 0 320 512\\&quot; xmlns=\\&quot;http:\\\/\\\/www.w3.org\\\/2000\\\/svg\\&quot;&gt;&lt;path d=\\&quot;M31.3 192h257.3c17.8 0 26.7 21.5 14.1 34.1L174.1 354.8c-7.8 7.8-20.5 7.8-28.3 0L17.2 226.1C4.6 213.5 13.5 192 31.3 192z\\&quot;&gt;&lt;\\\/path&gt;&lt;\\\/svg&gt;&quot;,&quot;library&quot;:&quot;fa-solid&quot;}}\" data-widget_type=\"nav-menu.default\">\n\t\t\t\t<div class=\"elementor-widget-container\">\n\t\t\t\t\t\t\t\t<nav class=\"elementor-nav-menu--dropdown elementor-nav-menu__container\" aria-hidden=\"true\">\n\t\t\t\t<ul id=\"menu-2-0dbe6a5\" class=\"elementor-nav-menu\"><li class=\"menu-item menu-item-type-post_type menu-item-object-page menu-item-has-children menu-item-15862\"><a href=\"https:\/\/mikariyer.com\/nl\/kariyer\/medicare\/\" class=\"elementor-item\" tabindex=\"-1\">Medicare<\/a>\n<ul class=\"sub-menu elementor-nav-menu--dropdown\">\n\t<li class=\"menu-item menu-item-type-post_type menu-item-object-page menu-item-15863\"><a href=\"https:\/\/mikariyer.com\/nl\/kariyer\/medicare\/hemsire\/\" class=\"elementor-sub-item\" tabindex=\"-1\">Verpleegkundige<\/a><\/li>\n\t<li class=\"menu-item menu-item-type-post_type menu-item-object-page menu-item-15864\"><a href=\"https:\/\/mikariyer.com\/nl\/kariyer\/medicare\/hemsire-asistani\/\" class=\"elementor-sub-item\" tabindex=\"-1\">Assistent Verpleegkundige<\/a><\/li>\n\t<li class=\"menu-item menu-item-type-post_type menu-item-object-page menu-item-15865\"><a href=\"https:\/\/mikariyer.com\/nl\/kariyer\/medicare\/fizyoterapi\/\" class=\"elementor-sub-item\" tabindex=\"-1\">Fysiotherapie<\/a><\/li>\n\t<li class=\"menu-item menu-item-type-post_type menu-item-object-page menu-item-15866\"><a href=\"https:\/\/mikariyer.com\/nl\/kariyer\/medicare\/doktor\/\" class=\"elementor-sub-item\" tabindex=\"-1\">Dokter<\/a><\/li>\n<\/ul>\n<\/li>\n<li class=\"menu-item menu-item-type-post_type menu-item-object-page menu-item-has-children menu-item-15867\"><a href=\"https:\/\/mikariyer.com\/nl\/kariyer\/meister\/\" class=\"elementor-item\" tabindex=\"-1\">Meister<\/a>\n<ul class=\"sub-menu elementor-nav-menu--dropdown\">\n\t<li class=\"menu-item menu-item-type-post_type menu-item-object-page menu-item-15868\"><a href=\"https:\/\/mikariyer.com\/nl\/kariyer\/meister\/teknik-eleman\/\" class=\"elementor-sub-item\" tabindex=\"-1\">Technisch personeel<\/a><\/li>\n\t<li class=\"menu-item menu-item-type-post_type menu-item-object-page menu-item-15869\"><a href=\"https:\/\/mikariyer.com\/nl\/kariyer\/meister\/gastronomi\/\" class=\"elementor-sub-item\" tabindex=\"-1\">Gastronomie<\/a><\/li>\n\t<li class=\"menu-item menu-item-type-post_type menu-item-object-page menu-item-15870\"><a href=\"https:\/\/mikariyer.com\/nl\/kariyer\/meister\/kuafor-kisisel-bakim-ve-guzellik\/\" class=\"elementor-sub-item\" tabindex=\"-1\">Kapper Persoonlijke Verzorging en Schoonheid<\/a><\/li>\n\t<li class=\"menu-item menu-item-type-post_type menu-item-object-page menu-item-15871\"><a href=\"https:\/\/mikariyer.com\/nl\/kariyer\/meister\/kres-ve-anaokulu\/\" class=\"elementor-sub-item\" tabindex=\"-1\">Kleuterschool en kinderopvang<\/a><\/li>\n\t<li class=\"menu-item menu-item-type-post_type menu-item-object-page menu-item-15872\"><a href=\"https:\/\/mikariyer.com\/nl\/kariyer\/meister\/lojistik-ve-tir-soforlugu\/\" class=\"elementor-sub-item\" tabindex=\"-1\">Logistiek en vrachtwagenchauffeur<\/a><\/li>\n<\/ul>\n<\/li>\n<li class=\"menu-item menu-item-type-post_type menu-item-object-page menu-item-has-children menu-item-15873\"><a href=\"https:\/\/mikariyer.com\/nl\/kariyer\/coaching\/\" class=\"elementor-item\" tabindex=\"-1\">Coaching<\/a>\n<ul class=\"sub-menu elementor-nav-menu--dropdown\">\n\t<li class=\"menu-item menu-item-type-post_type menu-item-object-page menu-item-15874\"><a href=\"https:\/\/mikariyer.com\/nl\/kariyer\/coaching\/ilk-adim-danismanligi\/\" class=\"elementor-sub-item\" tabindex=\"-1\">Eerste stap counseling<\/a><\/li>\n\t<li class=\"menu-item menu-item-type-post_type menu-item-object-page menu-item-15875\"><a href=\"https:\/\/mikariyer.com\/nl\/kariyer\/coaching\/kariyer-danismanligi\/\" class=\"elementor-sub-item\" tabindex=\"-1\">Loopbaanbegeleiding<\/a><\/li>\n\t<li class=\"menu-item menu-item-type-post_type menu-item-object-page menu-item-15876\"><a href=\"https:\/\/mikariyer.com\/nl\/kariyer\/coaching\/mesleki-denklik-danismanligi\/\" class=\"elementor-sub-item\" tabindex=\"-1\">Consultancy Professionele Erkenning<\/a><\/li>\n\t<li class=\"menu-item menu-item-type-post_type menu-item-object-page menu-item-15877\"><a href=\"https:\/\/mikariyer.com\/nl\/kariyer\/coaching\/is-basvurusu-danismanligi\/\" class=\"elementor-sub-item\" tabindex=\"-1\">Sollicitatieadvies<\/a><\/li>\n\t<li class=\"menu-item menu-item-type-post_type menu-item-object-page menu-item-15878\"><a href=\"https:\/\/mikariyer.com\/nl\/kariyer\/coaching\/ise-yerlestirme-danismanligi\/\" class=\"elementor-sub-item\" tabindex=\"-1\">Arbeidsbemiddeling<\/a><\/li>\n\t<li class=\"menu-item menu-item-type-post_type menu-item-object-page menu-item-15879\"><a href=\"https:\/\/mikariyer.com\/nl\/kariyer\/coaching\/vize-ve-oturum-danismanligi\/\" class=\"elementor-sub-item\" tabindex=\"-1\">Visum- en verblijfsadvies<\/a><\/li>\n\t<li class=\"menu-item menu-item-type-post_type menu-item-object-page menu-item-15880\"><a href=\"https:\/\/mikariyer.com\/nl\/kariyer\/coaching\/aile-birlesimi-danismanligi\/\" class=\"elementor-sub-item\" tabindex=\"-1\">Begeleiding gezinshereniging<\/a><\/li>\n<\/ul>\n<\/li>\n<\/ul>\t\t\t<\/nav>\n\t\t\t\t\t\t<\/div>\n\t\t\t\t<\/div>\n\t\t\t\t<div class=\"elementor-element elementor-element-f7f0964 elementor-widget elementor-widget-infetech_elementor_heading\" data-id=\"f7f0964\" data-element_type=\"widget\" data-widget_type=\"infetech_elementor_heading.default\">\n\t\t\t\t<div class=\"elementor-widget-container\">\n\t\t\t\t\t\n\t\t\t<div class=\"ova-heading\">\n\t\t\t\t\n\t\t\t\t\t\t\t\t\t<h2 class=\"sub-title\">\n\t\t\t\t\t\t<span class=\"underlined\"><\/span>\n\t\t\t\t\t\tMiCareer\t\t\t\t\t<\/h2>\t\n\t\t\t\t\n\t\t\t\t\n\t\t\t\t\t<h3 class=\"title\">\t\t\t\t\t\t\t\t\t\t\t\t\t<a href=\"https:\/\/mikariyer.com\/nl\/iletisim\/\" title=\"\">Neem contact met ons op<\/a>\n\t\t\t\t\t\t\t\t\t\t\t<\/h3>\n                \n                \n\t\t\t<\/div>\n\n\t\t\t\t\t\t<\/div>\n\t\t\t\t<\/div>\n\t\t\t\t<div class=\"elementor-element elementor-element-4d4de5a elementor-widget elementor-widget-infetech_elementor_contact_info\" data-id=\"4d4de5a\" data-element_type=\"widget\" data-widget_type=\"infetech_elementor_contact_info.default\">\n\t\t\t\t<div class=\"elementor-widget-container\">\n\t\t\t\t\t\t\t\t<div class=\"ova-contact-info template2\">\n\t\t\t\t\n\t\t\t\t\t\t\t\t\t\t\t\t\t\t\t<div class=\"circle\">\n\t\t\t\t\t\t\t<div class=\"icon\">\n\t\t\t\t\t\t\t\t<i class=\"ovaicon ovaicon-phone-call\"><\/i>\n\t\t\t\t\t\t\t<\/div>\n\t\t\t\t\t\t<\/div>\t\n\t\t\t\t    \t\t\t    \t\t\t\t\n\t\t\t\t<div class=\"contact\">\n\t\t\t\t\t\n\t\t\t\t\t\t\t\t\t\t\t<div class=\"label\">\n\t\t\t\t\t\t\tContact Nummer\t\t\t\t\t\t<\/div>\n\t\t\t\t\t\n\t\t\t\t\t<ul class=\"info\">\n\t\t\t\t\t\t\t\t\t\t\t\t\t<li class=\"item\">\n\n\t\t\t\t\t\t\t\t<a href=\"https:\/\/wa.me\/4917684915411\" title=\"+ 49 17684915411\">+ 49 17684915411<\/a>\t\t\t\t\t\t\t<\/li>\n\t\t\t\t\t\t\t\t\t\t\t<\/ul>\n\n\t\t\t\t<\/div>\n\n\t\t\t<\/div>\n\n\t\t\t\t\t\t<\/div>\n\t\t\t\t<\/div>\n\t\t\t\t<div class=\"elementor-element elementor-element-35fc5d4 elementor-widget elementor-widget-infetech_elementor_contact_info\" data-id=\"35fc5d4\" data-element_type=\"widget\" data-widget_type=\"infetech_elementor_contact_info.default\">\n\t\t\t\t<div class=\"elementor-widget-container\">\n\t\t\t\t\t\t\t\t<div class=\"ova-contact-info template2\">\n\t\t\t\t\n\t\t\t\t\t\t\t\t\t\t\t\t\t\t\t<div class=\"circle\">\n\t\t\t\t\t\t\t<div class=\"icon\">\n\t\t\t\t\t\t\t\t<i class=\"ovaicon ovaicon-email\"><\/i>\n\t\t\t\t\t\t\t<\/div>\n\t\t\t\t\t\t<\/div>\t\n\t\t\t\t    \t\t\t    \t\t\t\t\n\t\t\t\t<div class=\"contact\">\n\t\t\t\t\t\n\t\t\t\t\t\t\t\t\t\t\t<div class=\"label\">\n\t\t\t\t\t\t\tOns postadres\t\t\t\t\t\t<\/div>\n\t\t\t\t\t\n\t\t\t\t\t<ul class=\"info\">\n\t\t\t\t\t\t\t\t\t\t\t\t\t<li class=\"item\">\n\n\t\t\t\t\t\t\t\t\t\t\t\t\t\t\t\t\t\t\t<a href=\"mailto:info@mikariyer.com\" title=\"email\">\n\t\t\t\t\t\t\t\t\t\t\t\tinfo@mikariyer.com\t\t\t\t\t\t\t\t\t\t\t<\/a>\n\t\t\t\t\t\t\t\t\t\t\t\t\t\t\t\t\t<\/li>\n\t\t\t\t\t\t\t\t\t\t\t<\/ul>\n\n\t\t\t\t<\/div>\n\n\t\t\t<\/div>\n\n\t\t\t\t\t\t<\/div>\n\t\t\t\t<\/div>\n\t\t\t\t<div class=\"elementor-element elementor-element-4980cdb elementor-widget elementor-widget-infetech_elementor_contact_info\" data-id=\"4980cdb\" data-element_type=\"widget\" data-widget_type=\"infetech_elementor_contact_info.default\">\n\t\t\t\t<div class=\"elementor-widget-container\">\n\t\t\t\t\t\t\t\t<div class=\"ova-contact-info template2\">\n\t\t\t\t\n\t\t\t\t\t\t\t\t\t\t\t\t\t\t\t<div class=\"circle\">\n\t\t\t\t\t\t\t<div class=\"icon\">\n\t\t\t\t\t\t\t\t<i class=\"far fa-map\"><\/i>\n\t\t\t\t\t\t\t<\/div>\n\t\t\t\t\t\t<\/div>\t\n\t\t\t\t    \t\t\t    \t\t\t\t\n\t\t\t\t<div class=\"contact\">\n\t\t\t\t\t\n\t\t\t\t\t\t\t\t\t\t\t<div class=\"label\">\n\t\t\t\t\t\t\tOns adres\t\t\t\t\t\t<\/div>\n\t\t\t\t\t\n\t\t\t\t\t<ul class=\"info\">\n\t\t\t\t\t\t\t\t\t\t\t\t\t<li class=\"item\">\n\n\t\t\t\t\t\t\t\t<a href=\"https:\/\/maps.app.goo.gl\/HDJiQThZhUDnXWy77\" target=\"_blank\" title=\"338A Regents Park Road Kantoor 3 en 4 Londen Verenigd Koninkrijk N3 2LN\">338A Regents Park Road Kantoor 3 en 4 Londen Verenigd Koninkrijk N3 2LN<\/a>\t\t\t\t\t\t\t<\/li>\n\t\t\t\t\t\t\t\t\t\t\t<\/ul>\n\n\t\t\t\t<\/div>\n\n\t\t\t<\/div>\n\n\t\t\t\t\t\t<\/div>\n\t\t\t\t<\/div>\n\t\t\t\t<\/div>\n\t\t\t\t\t<\/div>\n\t\t\t\t<\/div>\n\t\t\t\t<\/div>\n\t\t<\/div>\n\t\t\t\t\t\t<\/div>\n\t\t\t\t<\/div>\n\t\t\t\t<\/div>\n\t\t<div class=\"elementor-element elementor-element-4a4d13f e-con-full e-flex e-con e-child\" data-id=\"4a4d13f\" data-element_type=\"container\">\n\t\t\t\t<div class=\"elementor-element elementor-element-a4dcad0 elementor-widget elementor-widget-infetech_elementor_heading\" data-id=\"a4dcad0\" data-element_type=\"widget\" data-widget_type=\"infetech_elementor_heading.default\">\n\t\t\t\t<div class=\"elementor-widget-container\">\n\t\t\t\t\t\n\t\t\t<div class=\"ova-heading\">\n\t\t\t\t\n\t\t\t\t\t\t\t\t\t<h2 class=\"sub-title\">\n\t\t\t\t\t\t<span class=\"underlined\"><\/span>\n\t\t\t\t\t\tCarri\u00e8re\t\t\t\t\t<\/h2>\t\n\t\t\t\t\n\t\t\t\t\n\t\t\t\t\t<h2 class=\"title\">\t\t\t\t\t\t\t\t\t\t\t\t\t<a href=\"https:\/\/mikariyer.com\/nl\/carriere\/coaching\/aile-birlesimi-danismanligi\/\" title=\"\">Familiennachzugsberatung<\/a>\n\t\t\t\t\t\t\t\t\t\t\t<\/h2>\n                \n                \n\t\t\t<\/div>\n\n\t\t\t\t\t\t<\/div>\n\t\t\t\t<\/div>\n\t\t\t\t<div class=\"elementor-element elementor-element-7ae9892 elementor-blockquote--skin-boxed elementor-blockquote--align-center elementor-blockquote--button-color-official elementor-widget elementor-widget-blockquote\" data-id=\"7ae9892\" data-element_type=\"widget\" data-widget_type=\"blockquote.default\">\n\t\t\t\t<div class=\"elementor-widget-container\">\n\t\t\t\t\t\t\t<blockquote class=\"elementor-blockquote\">\n\t\t\t<p class=\"elementor-blockquote__content\">\n\t\t\t\tSie tr\u00e4umen, wir verwirklichen.\t\t\t<\/p>\n\t\t\t\t\t<\/blockquote>\n\t\t\t\t\t\t<\/div>\n\t\t\t\t<\/div>\n\t\t\t\t<div class=\"elementor-element elementor-element-f0d30e5 elementor-widget elementor-widget-text-editor\" data-id=\"f0d30e5\" data-element_type=\"widget\" data-widget_type=\"text-editor.default\">\n\t\t\t\t<div class=\"elementor-widget-container\">\n\t\t\t\t\t\t\t\t\t<p>Ein gemeinsames Leben mit der Familie erh\u00f6ht Motivation und Wohlbefinden \u2013 auch im Berufsalltag. Deshalb unterst\u00fctzt MiKariyer Sie beim Familiennachzug. Wir sorgen daf\u00fcr, dass Sie die Voraussetzungen f\u00fcr den Nachzug Ihrer Angeh\u00f6rigen erf\u00fcllen und begleiten Sie durch alle rechtlichen, sprachlichen und administrativen Schritte \u2013 bis Ihre Familie bei Ihnen in Deutschland ist.<\/p>\t\t\t\t\t\t\t\t<\/div>\n\t\t\t\t<\/div>\n\t\t\t\t<div class=\"elementor-element elementor-element-2cbbf34 elementor-widget elementor-widget-image\" data-id=\"2cbbf34\" data-element_type=\"widget\" data-widget_type=\"image.default\">\n\t\t\t\t<div class=\"elementor-widget-container\">\n\t\t\t\t\t\t\t\t\t\t\t\t\t\t\t<img fetchpriority=\"high\" decoding=\"async\" width=\"768\" height=\"513\" src=\"https:\/\/mikariyer.com\/wp-content\/uploads\/2024\/06\/travel-agency-768x513.jpg\" class=\"attachment-medium_large size-medium_large wp-image-18177\" alt=\"\" srcset=\"https:\/\/mikariyer.com\/wp-content\/uploads\/2024\/06\/travel-agency-768x513.jpg 768w, https:\/\/mikariyer.com\/wp-content\/uploads\/2024\/06\/travel-agency-300x200.jpg 300w, https:\/\/mikariyer.com\/wp-content\/uploads\/2024\/06\/travel-agency-1024x684.jpg 1024w, https:\/\/mikariyer.com\/wp-content\/uploads\/2024\/06\/travel-agency-1536x1025.jpg 1536w, https:\/\/mikariyer.com\/wp-content\/uploads\/2024\/06\/travel-agency-2048x1367.jpg 2048w\" sizes=\"(max-width: 768px) 100vw, 768px\" \/>\t\t\t\t\t\t\t\t\t\t\t\t\t\t\t<\/div>\n\t\t\t\t<\/div>\n\t\t\t\t<\/div>\n\t\t\t\t<\/div>\n\t\t\t\t<\/div>","protected":false},"excerpt":{"rendered":"<p>Kariyer Familiennachzugsberatung Sie tr\u00e4umen, wir verwirklichen. Ein gemeinsames Leben mit der Familie erh\u00f6ht Motivation und Wohlbefinden \u2013 auch im Berufsalltag. Deshalb unterst\u00fctzt MiKariyer Sie beim Familiennachzug. Wir sorgen daf\u00fcr, dass Sie die Voraussetzungen f\u00fcr den Nachzug Ihrer Angeh\u00f6rigen erf\u00fcllen und begleiten Sie durch alle rechtlichen, sprachlichen und administrativen Schritte \u2013 bis Ihre Familie bei Ihnen [&hellip;]<\/p>\n","protected":false},"author":3,"featured_media":0,"parent":19552,"menu_order":7,"comment_status":"closed","ping_status":"closed","template":"","meta":{"footnotes":""},"class_list":["post-19028","page","type-page","status-publish","hentry"],"_links":{"self":[{"href":"https:\/\/mikariyer.com\/nl\/wp-json\/wp\/v2\/pages\/19028","targetHints":{"allow":["GET"]}}],"collection":[{"href":"https:\/\/mikariyer.com\/nl\/wp-json\/wp\/v2\/pages"}],"about":[{"href":"https:\/\/mikariyer.com\/nl\/wp-json\/wp\/v2\/types\/page"}],"author":[{"embeddable":true,"href":"https:\/\/mikariyer.com\/nl\/wp-json\/wp\/v2\/users\/3"}],"replies":[{"embeddable":true,"href":"https:\/\/mikariyer.com\/nl\/wp-json\/wp\/v2\/comments?post=19028"}],"version-history":[{"count":4,"href":"https:\/\/mikariyer.com\/nl\/wp-json\/wp\/v2\/pages\/19028\/revisions"}],"predecessor-version":[{"id":19033,"href":"https:\/\/mikariyer.com\/nl\/wp-json\/wp\/v2\/pages\/19028\/revisions\/19033"}],"up":[{"embeddable":true,"href":"https:\/\/mikariyer.com\/nl\/wp-json\/wp\/v2\/pages\/19552"}],"wp:attachment":[{"href":"https:\/\/mikariyer.com\/nl\/wp-json\/wp\/v2\/media?parent=19028"}],"curies":[{"name":"wp","href":"https:\/\/api.w.org\/{rel}","templated":true}]}}