{"id":19204,"date":"2025-07-31T19:34:40","date_gmt":"2025-07-31T19:34:40","guid":{"rendered":"https:\/\/mikariyer.com\/?page_id=19204"},"modified":"2025-07-31T19:36:34","modified_gmt":"2025-07-31T19:36:34","slug":"schreinerei-tischlerei","status":"publish","type":"page","link":"https:\/\/mikariyer.com\/nl\/berufsausbildung-ausbildung\/ausbildung-im-bauwesen\/schreinerei-tischlerei\/","title":{"rendered":"Schreinerei \/ Tischlerei"},"content":{"rendered":"<div data-elementor-type=\"wp-page\" data-elementor-id=\"19204\" class=\"elementor elementor-19204\" data-elementor-post-type=\"page\">\n\t\t\t\t<div class=\"elementor-element elementor-element-99be85c e-con-full e-flex e-con e-parent\" data-id=\"99be85c\" data-element_type=\"container\">\n\t\t<div class=\"elementor-element elementor-element-d6c19c3 e-con-full e-flex e-con e-child\" data-id=\"d6c19c3\" data-element_type=\"container\">\n\t\t\t\t<div class=\"elementor-element elementor-element-c37df68 elementor-widget elementor-widget-shortcode\" data-id=\"c37df68\" data-element_type=\"widget\" data-widget_type=\"shortcode.default\">\n\t\t\t\t<div class=\"elementor-widget-container\">\n\t\t\t\t\t\t\t<div class=\"elementor-shortcode\">\t\t<div data-elementor-type=\"single-page\" data-elementor-id=\"16224\" class=\"elementor elementor-16224\" data-elementor-post-type=\"elementor_library\">\n\t\t\t<div class=\"elementor-element elementor-element-91047bd elementor-hidden-mobile e-flex e-con-boxed e-con e-parent\" data-id=\"91047bd\" data-element_type=\"container\" data-settings=\"{&quot;background_background&quot;:&quot;classic&quot;}\">\n\t\t\t\t\t<div class=\"e-con-inner\">\n\t\t<div class=\"elementor-element elementor-element-44bb93f e-con-full e-flex e-con e-child\" data-id=\"44bb93f\" data-element_type=\"container\">\n\t\t\t\t<div class=\"elementor-element elementor-element-16891ad elementor-widget elementor-widget-infetech_elementor_heading\" data-id=\"16891ad\" data-element_type=\"widget\" data-widget_type=\"infetech_elementor_heading.default\">\n\t\t\t\t<div class=\"elementor-widget-container\">\n\t\t\t\t\t\n\t\t\t<div class=\"ova-heading\">\n\t\t\t\t\n\t\t\t\t\n\t\t\t\t\n\t\t\t\t\t<h3 class=\"title\">\t\t\t\t\t\t\t\t\t\t\t\t\t<a href=\"https:\/\/mikariyer.com\/nl\/meslek-egitimi\/\" title=\"\">MESLEK\u0130   E\u011e\u0130T\u0130M<\/a>\n\t\t\t\t\t\t\t\t\t\t\t<\/h3>\n                \n                \n\t\t\t<\/div>\n\n\t\t\t\t\t\t<\/div>\n\t\t\t\t<\/div>\n\t\t\t\t<div class=\"elementor-element elementor-element-0b24f2b elementor-nav-menu__text-align-aside elementor-widget elementor-widget-nav-menu\" data-id=\"0b24f2b\" data-element_type=\"widget\" data-settings=\"{&quot;layout&quot;:&quot;dropdown&quot;,&quot;submenu_icon&quot;:{&quot;value&quot;:&quot;&lt;svg class=\\&quot;e-font-icon-svg e-fas-caret-down\\&quot; viewBox=\\&quot;0 0 320 512\\&quot; xmlns=\\&quot;http:\\\/\\\/www.w3.org\\\/2000\\\/svg\\&quot;&gt;&lt;path d=\\&quot;M31.3 192h257.3c17.8 0 26.7 21.5 14.1 34.1L174.1 354.8c-7.8 7.8-20.5 7.8-28.3 0L17.2 226.1C4.6 213.5 13.5 192 31.3 192z\\&quot;&gt;&lt;\\\/path&gt;&lt;\\\/svg&gt;&quot;,&quot;library&quot;:&quot;fa-solid&quot;}}\" data-widget_type=\"nav-menu.default\">\n\t\t\t\t<div class=\"elementor-widget-container\">\n\t\t\t\t\t\t\t\t<nav class=\"elementor-nav-menu--dropdown elementor-nav-menu__container\" aria-hidden=\"true\">\n\t\t\t\t<ul id=\"menu-2-0b24f2b\" class=\"elementor-nav-menu\"><li class=\"menu-item menu-item-type-post_type menu-item-object-page menu-item-has-children menu-item-15885\"><a href=\"https:\/\/mikariyer.com\/nl\/meslek-egitimi\/saglik-hizmetleri\/\" class=\"elementor-item\" tabindex=\"-1\">Gezondheidsdiensten<\/a>\n<ul class=\"sub-menu elementor-nav-menu--dropdown\">\n\t<li class=\"menu-item menu-item-type-post_type menu-item-object-page menu-item-15887\"><a href=\"https:\/\/mikariyer.com\/nl\/meslek-egitimi\/saglik-hizmetleri\/hemsire-meslek-egitimi\/\" class=\"elementor-sub-item\" tabindex=\"-1\">Beroepsopleiding tot verpleegkundige<\/a><\/li>\n\t<li class=\"menu-item menu-item-type-custom menu-item-object-custom menu-item-18265\"><a href=\"https:\/\/mikariyer.com\/nl\/meslek-egitimi\/saglik-hizmetleri\/hemsire-asistani\/\" class=\"elementor-sub-item\" tabindex=\"-1\">Assistent Verpleegkundige<\/a><\/li>\n<\/ul>\n<\/li>\n<li class=\"menu-item menu-item-type-post_type menu-item-object-page menu-item-has-children menu-item-15888\"><a href=\"https:\/\/mikariyer.com\/nl\/meslek-egitimi\/teknik-alanlar\/\" class=\"elementor-item\" tabindex=\"-1\">Technische gebieden<\/a>\n<ul class=\"sub-menu elementor-nav-menu--dropdown\">\n\t<li class=\"menu-item menu-item-type-post_type menu-item-object-page menu-item-15889\"><a href=\"https:\/\/mikariyer.com\/nl\/meslek-egitimi\/teknik-alanlar\/elektrik-elektronik\/\" class=\"elementor-sub-item\" tabindex=\"-1\">Elektriciteit - Elektronica<\/a><\/li>\n\t<li class=\"menu-item menu-item-type-post_type menu-item-object-page menu-item-15890\"><a href=\"https:\/\/mikariyer.com\/nl\/meslek-egitimi\/teknik-alanlar\/otomotiv\/\" class=\"elementor-sub-item\" tabindex=\"-1\">Automotive<\/a><\/li>\n\t<li class=\"menu-item menu-item-type-post_type menu-item-object-page menu-item-15891\"><a href=\"https:\/\/mikariyer.com\/nl\/meslek-egitimi\/teknik-alanlar\/proses\/\" class=\"elementor-sub-item\" tabindex=\"-1\">Proces<\/a><\/li>\n\t<li class=\"menu-item menu-item-type-post_type menu-item-object-page menu-item-15892\"><a href=\"https:\/\/mikariyer.com\/nl\/meslek-egitimi\/teknik-alanlar\/otomasyon\/\" class=\"elementor-sub-item\" tabindex=\"-1\">Automatisering<\/a><\/li>\n\t<li class=\"menu-item menu-item-type-post_type menu-item-object-page menu-item-15893\"><a href=\"https:\/\/mikariyer.com\/nl\/meslek-egitimi\/teknik-alanlar\/makine\/\" class=\"elementor-sub-item\" tabindex=\"-1\">Machine<\/a><\/li>\n<\/ul>\n<\/li>\n<li class=\"menu-item menu-item-type-post_type menu-item-object-page menu-item-has-children menu-item-15894\"><a href=\"https:\/\/mikariyer.com\/nl\/meslek-egitimi\/bina-ve-insaat-teknikleri\/\" class=\"elementor-item\" tabindex=\"-1\">Bouw- en constructietechnieken<\/a>\n<ul class=\"sub-menu elementor-nav-menu--dropdown\">\n\t<li class=\"menu-item menu-item-type-post_type menu-item-object-page menu-item-15895\"><a href=\"https:\/\/mikariyer.com\/nl\/meslek-egitimi\/bina-ve-insaat-teknikleri\/genel-insaat-isleri\/\" class=\"elementor-sub-item\" tabindex=\"-1\">Algemene bouwwerkzaamheden<\/a><\/li>\n\t<li class=\"menu-item menu-item-type-post_type menu-item-object-page menu-item-15896\"><a href=\"https:\/\/mikariyer.com\/nl\/meslek-egitimi\/bina-ve-insaat-teknikleri\/isinma-ve-su-tesisati\/\" class=\"elementor-sub-item\" tabindex=\"-1\">Verwarming en sanitair<\/a><\/li>\n\t<li class=\"menu-item menu-item-type-post_type menu-item-object-page menu-item-15897\"><a href=\"https:\/\/mikariyer.com\/nl\/meslek-egitimi\/bina-ve-insaat-teknikleri\/marangoz\/\" class=\"elementor-sub-item\" tabindex=\"-1\">Timmerman<\/a><\/li>\n<\/ul>\n<\/li>\n<li class=\"menu-item menu-item-type-post_type menu-item-object-page menu-item-has-children menu-item-15898\"><a href=\"https:\/\/mikariyer.com\/nl\/meslek-egitimi\/sosyal-alanlar\/\" class=\"elementor-item\" tabindex=\"-1\">Sosyal Alanlar<\/a>\n<ul class=\"sub-menu elementor-nav-menu--dropdown\">\n\t<li class=\"menu-item menu-item-type-custom menu-item-object-custom menu-item-18266\"><a href=\"https:\/\/mikariyer.com\/nl\/meslek-egitimi\/sosyal-alanlar\/kres-ve-anaokulu\/\" class=\"elementor-sub-item\" tabindex=\"-1\">Kinderdagverblijf en kleuterschool<\/a><\/li>\n\t<li class=\"menu-item menu-item-type-post_type menu-item-object-page menu-item-17423\"><a href=\"https:\/\/mikariyer.com\/nl\/meslek-egitimi\/sosyal-alanlar\/sosyal-hizmetler\/\" class=\"elementor-sub-item\" tabindex=\"-1\">Sociale Diensten<\/a><\/li>\n<\/ul>\n<\/li>\n<li class=\"menu-item menu-item-type-post_type menu-item-object-page menu-item-has-children menu-item-15901\"><a href=\"https:\/\/mikariyer.com\/nl\/meslek-egitimi\/hizmet-sektoru\/\" class=\"elementor-item\" tabindex=\"-1\">Dienstensector<\/a>\n<ul class=\"sub-menu elementor-nav-menu--dropdown\">\n\t<li class=\"menu-item menu-item-type-post_type menu-item-object-page menu-item-18548\"><a href=\"https:\/\/mikariyer.com\/nl\/meslek-egitimi\/hizmet-sektoru\/gastronomi\/\" class=\"elementor-sub-item\" tabindex=\"-1\">Gastronomie<\/a><\/li>\n\t<li class=\"menu-item menu-item-type-post_type menu-item-object-page menu-item-15903\"><a href=\"https:\/\/mikariyer.com\/nl\/meslek-egitimi\/hizmet-sektoru\/firin-ve-pastacilik\/\" class=\"elementor-sub-item\" tabindex=\"-1\">Bakkerij en patisserie<\/a><\/li>\n\t<li class=\"menu-item menu-item-type-post_type menu-item-object-page menu-item-15904\"><a href=\"https:\/\/mikariyer.com\/nl\/meslek-egitimi\/hizmet-sektoru\/kuafor-kisisel-bakim-ve-guzellik\/\" class=\"elementor-sub-item\" tabindex=\"-1\">Kapper Persoonlijke Verzorging en Schoonheid<\/a><\/li>\n<\/ul>\n<\/li>\n<\/ul>\t\t\t<\/nav>\n\t\t\t\t\t\t<\/div>\n\t\t\t\t<\/div>\n\t\t\t\t<div class=\"elementor-element elementor-element-88dfa00 elementor-widget elementor-widget-infetech_elementor_heading\" data-id=\"88dfa00\" data-element_type=\"widget\" data-widget_type=\"infetech_elementor_heading.default\">\n\t\t\t\t<div class=\"elementor-widget-container\">\n\t\t\t\t\t\n\t\t\t<div class=\"ova-heading\">\n\t\t\t\t\n\t\t\t\t\t\t\t\t\t<h2 class=\"sub-title\">\n\t\t\t\t\t\t<span class=\"underlined\"><\/span>\n\t\t\t\t\t\tMiCareer\t\t\t\t\t<\/h2>\t\n\t\t\t\t\n\t\t\t\t\n\t\t\t\t\t<h3 class=\"title\">\t\t\t\t\t\t\t\t\t\t\t\t\t<a href=\"https:\/\/mikariyer.com\/nl\/iletisim\/\" title=\"\">Neem contact met ons op<\/a>\n\t\t\t\t\t\t\t\t\t\t\t<\/h3>\n                \n                \n\t\t\t<\/div>\n\n\t\t\t\t\t\t<\/div>\n\t\t\t\t<\/div>\n\t\t\t\t<div class=\"elementor-element elementor-element-73347d2 elementor-widget elementor-widget-infetech_elementor_contact_info\" data-id=\"73347d2\" data-element_type=\"widget\" data-widget_type=\"infetech_elementor_contact_info.default\">\n\t\t\t\t<div class=\"elementor-widget-container\">\n\t\t\t\t\t\t\t\t<div class=\"ova-contact-info template2\">\n\t\t\t\t\n\t\t\t\t\t\t\t\t\t\t\t\t\t\t\t<div class=\"circle\">\n\t\t\t\t\t\t\t<div class=\"icon\">\n\t\t\t\t\t\t\t\t<i class=\"ovaicon ovaicon-phone-call\"><\/i>\n\t\t\t\t\t\t\t<\/div>\n\t\t\t\t\t\t<\/div>\t\n\t\t\t\t    \t\t\t    \t\t\t\t\n\t\t\t\t<div class=\"contact\">\n\t\t\t\t\t\n\t\t\t\t\t\t\t\t\t\t\t<div class=\"label\">\n\t\t\t\t\t\t\tContact Nummer\t\t\t\t\t\t<\/div>\n\t\t\t\t\t\n\t\t\t\t\t<ul class=\"info\">\n\t\t\t\t\t\t\t\t\t\t\t\t\t<li class=\"item\">\n\n\t\t\t\t\t\t\t\t<a href=\"https:\/\/wa.me\/4917684915411\" title=\"+ 49 17684915411\">+ 49 17684915411<\/a>\t\t\t\t\t\t\t<\/li>\n\t\t\t\t\t\t\t\t\t\t\t<\/ul>\n\n\t\t\t\t<\/div>\n\n\t\t\t<\/div>\n\n\t\t\t\t\t\t<\/div>\n\t\t\t\t<\/div>\n\t\t\t\t<div class=\"elementor-element elementor-element-6767b90 elementor-widget elementor-widget-infetech_elementor_contact_info\" data-id=\"6767b90\" data-element_type=\"widget\" data-widget_type=\"infetech_elementor_contact_info.default\">\n\t\t\t\t<div class=\"elementor-widget-container\">\n\t\t\t\t\t\t\t\t<div class=\"ova-contact-info template2\">\n\t\t\t\t\n\t\t\t\t\t\t\t\t\t\t\t\t\t\t\t<div class=\"circle\">\n\t\t\t\t\t\t\t<div class=\"icon\">\n\t\t\t\t\t\t\t\t<i class=\"ovaicon ovaicon-email\"><\/i>\n\t\t\t\t\t\t\t<\/div>\n\t\t\t\t\t\t<\/div>\t\n\t\t\t\t    \t\t\t    \t\t\t\t\n\t\t\t\t<div class=\"contact\">\n\t\t\t\t\t\n\t\t\t\t\t\t\t\t\t\t\t<div class=\"label\">\n\t\t\t\t\t\t\tOns postadres\t\t\t\t\t\t<\/div>\n\t\t\t\t\t\n\t\t\t\t\t<ul class=\"info\">\n\t\t\t\t\t\t\t\t\t\t\t\t\t<li class=\"item\">\n\n\t\t\t\t\t\t\t\t\t\t\t\t\t\t\t\t\t\t\t<a href=\"mailto:info@mikariyer.com\" title=\"email\">\n\t\t\t\t\t\t\t\t\t\t\t\tinfo@mikariyer.com\t\t\t\t\t\t\t\t\t\t\t<\/a>\n\t\t\t\t\t\t\t\t\t\t\t\t\t\t\t\t\t<\/li>\n\t\t\t\t\t\t\t\t\t\t\t<\/ul>\n\n\t\t\t\t<\/div>\n\n\t\t\t<\/div>\n\n\t\t\t\t\t\t<\/div>\n\t\t\t\t<\/div>\n\t\t\t\t<div class=\"elementor-element elementor-element-ff3a8bb elementor-widget elementor-widget-infetech_elementor_contact_info\" data-id=\"ff3a8bb\" data-element_type=\"widget\" data-widget_type=\"infetech_elementor_contact_info.default\">\n\t\t\t\t<div class=\"elementor-widget-container\">\n\t\t\t\t\t\t\t\t<div class=\"ova-contact-info template2\">\n\t\t\t\t\n\t\t\t\t\t\t\t\t\t\t\t\t\t\t\t<div class=\"circle\">\n\t\t\t\t\t\t\t<div class=\"icon\">\n\t\t\t\t\t\t\t\t<i class=\"far fa-map\"><\/i>\n\t\t\t\t\t\t\t<\/div>\n\t\t\t\t\t\t<\/div>\t\n\t\t\t\t    \t\t\t    \t\t\t\t\n\t\t\t\t<div class=\"contact\">\n\t\t\t\t\t\n\t\t\t\t\t\t\t\t\t\t\t<div class=\"label\">\n\t\t\t\t\t\t\tOns adres\t\t\t\t\t\t<\/div>\n\t\t\t\t\t\n\t\t\t\t\t<ul class=\"info\">\n\t\t\t\t\t\t\t\t\t\t\t\t\t<li class=\"item\">\n\n\t\t\t\t\t\t\t\t<a href=\"https:\/\/maps.app.goo.gl\/HDJiQThZhUDnXWy77\" target=\"_blank\" title=\"338A Regents Park Road Office 3 and 4 London United Kingdom N3 2LN338A Regents Park Road Office 3 and 4 London United Kingdom N3 2LN\">338A Regents Park Road Office 3 and 4 London United Kingdom N3 2LN338A Regents Park Road Office 3 and 4 London United Kingdom N3 2LN<\/a>\t\t\t\t\t\t\t<\/li>\n\t\t\t\t\t\t\t\t\t\t\t<\/ul>\n\n\t\t\t\t<\/div>\n\n\t\t\t<\/div>\n\n\t\t\t\t\t\t<\/div>\n\t\t\t\t<\/div>\n\t\t\t\t<\/div>\n\t\t\t\t\t<\/div>\n\t\t\t\t<\/div>\n\t\t\t\t<\/div>\n\t\t<\/div>\n\t\t\t\t\t\t<\/div>\n\t\t\t\t<\/div>\n\t\t\t\t<\/div>\n\t\t<div class=\"elementor-element elementor-element-1069710 e-con-full e-flex e-con e-child\" data-id=\"1069710\" data-element_type=\"container\">\n\t\t\t\t<div class=\"elementor-element elementor-element-e6040f4 elementor-widget elementor-widget-infetech_elementor_heading\" data-id=\"e6040f4\" data-element_type=\"widget\" data-widget_type=\"infetech_elementor_heading.default\">\n\t\t\t\t<div class=\"elementor-widget-container\">\n\t\t\t\t\t\n\t\t\t<div class=\"ova-heading\">\n\t\t\t\t\n\t\t\t\t\t\t\t\t\t<h2 class=\"sub-title\">\n\t\t\t\t\t\t<span class=\"underlined\"><\/span>\n\t\t\t\t\t\tBeroepsopleiding\t\t\t\t\t<\/h2>\t\n\t\t\t\t\n\t\t\t\t\n\t\t\t\t\t<h2 class=\"title\">\t\t\t\t\t\t\t\t\t\t\t\t\t<a href=\"https:\/\/mikariyer.com\/nl\/meslek-egitimi\/bina-ve-insaat-teknikleri\/marangoz\/\" title=\"\">Schreinerei \/ Tischlerei<\/a>\n\t\t\t\t\t\t\t\t\t\t\t<\/h2>\n                \n                \n\t\t\t<\/div>\n\n\t\t\t\t\t\t<\/div>\n\t\t\t\t<\/div>\n\t\t\t\t<div class=\"elementor-element elementor-element-30ec858 elementor-blockquote--skin-boxed elementor-blockquote--align-center elementor-blockquote--button-color-official elementor-widget elementor-widget-blockquote\" data-id=\"30ec858\" data-element_type=\"widget\" data-widget_type=\"blockquote.default\">\n\t\t\t\t<div class=\"elementor-widget-container\">\n\t\t\t\t\t\t\t<blockquote class=\"elementor-blockquote\">\n\t\t\t<p class=\"elementor-blockquote__content\">\n\t\t\t\t\"Marangozluk Sanat\u0131n\u0131 MiKariyer ile \u0130\u015fleyin!\"\t\t\t<\/p>\n\t\t\t\t\t<\/blockquote>\n\t\t\t\t\t\t<\/div>\n\t\t\t\t<\/div>\n\t\t\t\t<div class=\"elementor-element elementor-element-7c5cdd5 elementor-widget elementor-widget-text-editor\" data-id=\"7c5cdd5\" data-element_type=\"widget\" data-widget_type=\"text-editor.default\">\n\t\t\t\t<div class=\"elementor-widget-container\">\n\t\t\t\t\t\t\t\t\t<p>Das MiKariyer-Programm f\u00fcr das Holzhandwerk vermittelt traditionelle Fertigkeiten und moderne Maschinentechnik im Bereich M\u00f6belbau, Innenausbau und Restaurierung.<\/p>\t\t\t\t\t\t\t\t<\/div>\n\t\t\t\t<\/div>\n\t\t\t\t<div class=\"elementor-element elementor-element-2f4d3ec elementor-widget elementor-widget-heading\" data-id=\"2f4d3ec\" data-element_type=\"widget\" data-widget_type=\"heading.default\">\n\t\t\t\t<div class=\"elementor-widget-container\">\n\t\t\t\t\t<h3 class=\"elementor-heading-title elementor-size-default\">Leistungen<\/h3>\t\t\t\t<\/div>\n\t\t\t\t<\/div>\n\t\t\t\t<div class=\"elementor-element elementor-element-da64951 elementor-widget elementor-widget-text-editor\" data-id=\"da64951\" data-element_type=\"widget\" data-widget_type=\"text-editor.default\">\n\t\t\t\t<div class=\"elementor-widget-container\">\n\t\t\t\t\t\t\t\t\t<ul><li>Pers\u00f6nliches Coaching<\/li><li>Sprachvorbereitung<\/li><li>Ausbildungsplatz- und Arbeitsplatzgarantie<\/li><li>Interviewvorbereitung<\/li><li>Gehaltsgarantie w\u00e4hrend der Ausbildung<\/li><li>Unterkunftsorganisation<\/li><li>Visumsservice<\/li><li>Anerkennung von Abschl\u00fcssen<\/li><li>Empfangsservice (NRW)<\/li><li>Unterst\u00fctzung bei Anmeldungen (Bank, Versicherung, Aufenthalt)<\/li><li>Integrationstrainings<\/li><li>Sprachf\u00f6rderung<\/li><\/ul>\t\t\t\t\t\t\t\t<\/div>\n\t\t\t\t<\/div>\n\t\t\t\t<div class=\"elementor-element elementor-element-aa9e84d elementor-widget elementor-widget-image\" data-id=\"aa9e84d\" data-element_type=\"widget\" data-widget_type=\"image.default\">\n\t\t\t\t<div class=\"elementor-widget-container\">\n\t\t\t\t\t\t\t\t\t\t\t\t\t\t\t<img fetchpriority=\"high\" decoding=\"async\" width=\"768\" height=\"512\" src=\"https:\/\/mikariyer.com\/wp-content\/uploads\/2024\/06\/carpenters-assembling-furniture-768x512.jpg\" class=\"attachment-medium_large size-medium_large wp-image-16911\" alt=\"\" srcset=\"https:\/\/mikariyer.com\/wp-content\/uploads\/2024\/06\/carpenters-assembling-furniture-768x512.jpg 768w, https:\/\/mikariyer.com\/wp-content\/uploads\/2024\/06\/carpenters-assembling-furniture-300x200.jpg 300w, https:\/\/mikariyer.com\/wp-content\/uploads\/2024\/06\/carpenters-assembling-furniture-1024x683.jpg 1024w, https:\/\/mikariyer.com\/wp-content\/uploads\/2024\/06\/carpenters-assembling-furniture-1536x1024.jpg 1536w, https:\/\/mikariyer.com\/wp-content\/uploads\/2024\/06\/carpenters-assembling-furniture-2048x1365.jpg 2048w\" sizes=\"(max-width: 768px) 100vw, 768px\" \/>\t\t\t\t\t\t\t\t\t\t\t\t\t\t\t<\/div>\n\t\t\t\t<\/div>\n\t\t\t\t<div class=\"elementor-element elementor-element-5e78415 elementor-widget elementor-widget-heading\" data-id=\"5e78415\" data-element_type=\"widget\" data-widget_type=\"heading.default\">\n\t\t\t\t<div class=\"elementor-widget-container\">\n\t\t\t\t\t<h3 class=\"elementor-heading-title elementor-size-default\">Vorteile<\/h3>\t\t\t\t<\/div>\n\t\t\t\t<\/div>\n\t\t\t\t<div class=\"elementor-element elementor-element-9d6a863 elementor-widget elementor-widget-text-editor\" data-id=\"9d6a863\" data-element_type=\"widget\" data-widget_type=\"text-editor.default\">\n\t\t\t\t<div class=\"elementor-widget-container\">\n\t\t\t\t\t\t\t\t\t<ul><li>International anerkannter Berufsabschluss<\/li><li>Direkte Arbeitsaufnahme nach Ausbildung<\/li><li>Daueraufenthaltsrecht<\/li><li>Soziale Absicherung<\/li><li>Mobilit\u00e4t innerhalb der EU<\/li><li>M\u00f6glichkeit zur Unternehmensgr\u00fcndung<\/li><\/ul>\t\t\t\t\t\t\t\t<\/div>\n\t\t\t\t<\/div>\n\t\t\t\t<div class=\"elementor-element elementor-element-f296b78 elementor-widget elementor-widget-heading\" data-id=\"f296b78\" data-element_type=\"widget\" data-widget_type=\"heading.default\">\n\t\t\t\t<div class=\"elementor-widget-container\">\n\t\t\t\t\t<h3 class=\"elementor-heading-title elementor-size-default\">Voraussetzungen<\/h3>\t\t\t\t<\/div>\n\t\t\t\t<\/div>\n\t\t\t\t<div class=\"elementor-element elementor-element-ef9d1d6 elementor-widget elementor-widget-infetech_elementor_service_2\" data-id=\"ef9d1d6\" data-element_type=\"widget\" data-widget_type=\"infetech_elementor_service_2.default\">\n\t\t\t\t<div class=\"elementor-widget-container\">\n\t\t\t\t\t\t \t    <div class=\"ova-service-2 ova-service-2-template2\">\n\t \t    \t<div class=\"square\"><\/div>\n\t            \t\t\t\t\t\t<h3 class=\"title\">E\u011fitim Seviyesi<\/h3>\n\t\t\t\t\t\t\t\t\t\t<div class=\"description\">\n\t\t\t\t\t\t<p>Mind. Realschulabschluss<\/p>\t\t\t\t\t<\/div>\n\t\t\t\t\t            \t<span class=\"text_number\">\n\t            \t\t01\t            \t<\/span>\n\t            \t            <div class=\"triangle-topleft-1\"><\/div>\n\t\t    \t<div class=\"triangle-topleft-2\"><\/div>\n\t\t    <\/div>\n\t\t\t\t\t\t<\/div>\n\t\t\t\t<\/div>\n\t\t\t\t<div class=\"elementor-element elementor-element-c7b1fdb elementor-widget elementor-widget-infetech_elementor_service_2\" data-id=\"c7b1fdb\" data-element_type=\"widget\" data-widget_type=\"infetech_elementor_service_2.default\">\n\t\t\t\t<div class=\"elementor-widget-container\">\n\t\t\t\t\t\t \t    <div class=\"ova-service-2 ova-service-2-template2\">\n\t \t    \t<div class=\"square\"><\/div>\n\t            \t\t\t\t\t\t<h3 class=\"title\">Dil Yeterlili\u011fi<\/h3>\n\t\t\t\t\t\t\t\t\t\t<div class=\"description\">\n\t\t\t\t\t\t<p>Deutschkenntnisse auf B2-Niveau (max. 1 Jahr alt)<\/p>\t\t\t\t\t<\/div>\n\t\t\t\t\t            \t<span class=\"text_number\">\n\t            \t\t02\t            \t<\/span>\n\t            \t            <div class=\"triangle-topleft-1\"><\/div>\n\t\t    \t<div class=\"triangle-topleft-2\"><\/div>\n\t\t    <\/div>\n\t\t\t\t\t\t<\/div>\n\t\t\t\t<\/div>\n\t\t\t\t<div class=\"elementor-element elementor-element-c4f0efd elementor-widget elementor-widget-infetech_elementor_service_2\" data-id=\"c4f0efd\" data-element_type=\"widget\" data-widget_type=\"infetech_elementor_service_2.default\">\n\t\t\t\t<div class=\"elementor-widget-container\">\n\t\t\t\t\t\t \t    <div class=\"ova-service-2 ova-service-2-template2\">\n\t \t    \t<div class=\"square\"><\/div>\n\t            \t\t\t\t\t\t<h3 class=\"title\">Ya\u015f S\u0131n\u0131r\u0131<\/h3>\n\t\t\t\t\t\t\t\t\t\t<div class=\"description\">\n\t\t\t\t\t\t<p>Alter: 18\u201330 Jahre<\/p>\t\t\t\t\t<\/div>\n\t\t\t\t\t            \t<span class=\"text_number\">\n\t            \t\t03\t            \t<\/span>\n\t            \t            <div class=\"triangle-topleft-1\"><\/div>\n\t\t    \t<div class=\"triangle-topleft-2\"><\/div>\n\t\t    <\/div>\n\t\t\t\t\t\t<\/div>\n\t\t\t\t<\/div>\n\t\t\t\t<div class=\"elementor-element elementor-element-ca21339 elementor-widget elementor-widget-infetech_elementor_service_2\" data-id=\"ca21339\" data-element_type=\"widget\" data-widget_type=\"infetech_elementor_service_2.default\">\n\t\t\t\t<div class=\"elementor-widget-container\">\n\t\t\t\t\t\t \t    <div class=\"ova-service-2 ova-service-2-template2\">\n\t \t    \t<div class=\"square\"><\/div>\n\t            \t\t\t\t\t\t<h3 class=\"title\">Bilgi ve \u0130lgi<\/h3>\n\t\t\t\t\t\t\t\t\t\t<div class=\"description\">\n\t\t\t\t\t\t<p>Interesse oder Vorerfahrung im Baubereich<\/p>\t\t\t\t\t<\/div>\n\t\t\t\t\t            \t<span class=\"text_number\">\n\t            \t\t04\t            \t<\/span>\n\t            \t            <div class=\"triangle-topleft-1\"><\/div>\n\t\t    \t<div class=\"triangle-topleft-2\"><\/div>\n\t\t    <\/div>\n\t\t\t\t\t\t<\/div>\n\t\t\t\t<\/div>\n\t\t\t\t<div class=\"elementor-element elementor-element-3921826 elementor-blockquote--skin-boxed elementor-blockquote--align-center elementor-blockquote--button-color-official elementor-widget elementor-widget-blockquote\" data-id=\"3921826\" data-element_type=\"widget\" data-widget_type=\"blockquote.default\">\n\t\t\t\t<div class=\"elementor-widget-container\">\n\t\t\t\t\t\t\t<blockquote class=\"elementor-blockquote\">\n\t\t\t<p class=\"elementor-blockquote__content\">\n\t\t\t\t MiKariyer\u2019le, Marangozluk kariyer hayallerinizi ger\u00e7e\u011fe d\u00f6n\u00fc\u015ft\u00fcrelim.\t\t\t<\/p>\n\t\t\t\t\t<\/blockquote>\n\t\t\t\t\t\t<\/div>\n\t\t\t\t<\/div>\n\t\t\t\t<div class=\"elementor-element elementor-element-054fdde elementor-widget elementor-widget-text-editor\" data-id=\"054fdde\" data-element_type=\"widget\" data-widget_type=\"text-editor.default\">\n\t\t\t\t<div class=\"elementor-widget-container\">\n\t\t\t\t\t\t\t\t\t<p>Bu \u015fartlar, MiKariyer Marangozluk Meslek E\u011fitimi Program\u0131m\u0131za ba\u015fvuracak adaylar\u0131n sahip olmas\u0131 gereken temel nitelikleri ifade etmektedir. E\u011fer bu kriterlere uyuyorsan\u0131z ve program\u0131m\u0131z hakk\u0131nda daha fazla bilgi almak istiyorsan\u0131z, bizimle ileti\u015fime ge\u00e7mekten \u00e7ekinmeyin.<\/p><p><em><strong>Sizler de hayalinizdeki i\u015fin e\u011fitimini al\u0131rken maa\u015f almak m\u0131 istiyorsunuz?<\/strong><\/em><\/p><p><em><strong>Mezun oldu\u011funuzda da i\u015f arama probleminiz olmas\u0131n m\u0131 istiyorsunuz?<\/strong><\/em><\/p><p>MiKariyer Marangozluk Meslek E\u011fitimi Program\u0131 ilginizi \u00e7ektiyse ve Almanya\u2019da kariyerinizi \u015fekillendirmeye haz\u0131rsan\u0131z, l\u00fctfen ba\u015fvuru formumuzu doldurarak bizimle ileti\u015fime ge\u00e7in.<\/p>\t\t\t\t\t\t\t\t<\/div>\n\t\t\t\t<\/div>\n\t\t\t\t<div class=\"elementor-element elementor-element-6928430 elementor-align-center elementor-widget elementor-widget-button\" data-id=\"6928430\" data-element_type=\"widget\" data-widget_type=\"button.default\">\n\t\t\t\t<div class=\"elementor-widget-container\">\n\t\t\t\t\t\t\t\t\t<div class=\"elementor-button-wrapper\">\n\t\t\t\t\t<a class=\"elementor-button elementor-button-link elementor-size-sm\" href=\"https:\/\/mikariyer.com\/nl\/iletisim\/\">\n\t\t\t\t\t\t<span class=\"elementor-button-content-wrapper\">\n\t\t\t\t\t\t\t\t\t<span class=\"elementor-button-text\">Neem contact op<\/span>\n\t\t\t\t\t<\/span>\n\t\t\t\t\t<\/a>\n\t\t\t\t<\/div>\n\t\t\t\t\t\t\t\t<\/div>\n\t\t\t\t<\/div>\n\t\t\t\t<\/div>\n\t\t\t\t<\/div>\n\t\t\t\t<\/div>","protected":false},"excerpt":{"rendered":"<p>Meslek E\u011fitimi Schreinerei \/ Tischlerei &#8220;Marangozluk Sanat\u0131n\u0131 MiKariyer ile \u0130\u015fleyin!&#8221; Das MiKariyer-Programm f\u00fcr das Holzhandwerk vermittelt traditionelle Fertigkeiten und moderne Maschinentechnik im Bereich M\u00f6belbau, Innenausbau und Restaurierung. Leistungen Pers\u00f6nliches Coaching Sprachvorbereitung Ausbildungsplatz- und Arbeitsplatzgarantie Interviewvorbereitung Gehaltsgarantie w\u00e4hrend der Ausbildung Unterkunftsorganisation Visumsservice Anerkennung von Abschl\u00fcssen Empfangsservice (NRW) Unterst\u00fctzung bei Anmeldungen (Bank, Versicherung, Aufenthalt) Integrationstrainings Sprachf\u00f6rderung Vorteile [&hellip;]<\/p>\n","protected":false},"author":3,"featured_media":0,"parent":19167,"menu_order":3,"comment_status":"closed","ping_status":"closed","template":"","meta":{"footnotes":""},"class_list":["post-19204","page","type-page","status-publish","hentry"],"_links":{"self":[{"href":"https:\/\/mikariyer.com\/nl\/wp-json\/wp\/v2\/pages\/19204","targetHints":{"allow":["GET"]}}],"collection":[{"href":"https:\/\/mikariyer.com\/nl\/wp-json\/wp\/v2\/pages"}],"about":[{"href":"https:\/\/mikariyer.com\/nl\/wp-json\/wp\/v2\/types\/page"}],"author":[{"embeddable":true,"href":"https:\/\/mikariyer.com\/nl\/wp-json\/wp\/v2\/users\/3"}],"replies":[{"embeddable":true,"href":"https:\/\/mikariyer.com\/nl\/wp-json\/wp\/v2\/comments?post=19204"}],"version-history":[{"count":4,"href":"https:\/\/mikariyer.com\/nl\/wp-json\/wp\/v2\/pages\/19204\/revisions"}],"predecessor-version":[{"id":19209,"href":"https:\/\/mikariyer.com\/nl\/wp-json\/wp\/v2\/pages\/19204\/revisions\/19209"}],"up":[{"embeddable":true,"href":"https:\/\/mikariyer.com\/nl\/wp-json\/wp\/v2\/pages\/19167"}],"wp:attachment":[{"href":"https:\/\/mikariyer.com\/nl\/wp-json\/wp\/v2\/media?parent=19204"}],"curies":[{"name":"wp","href":"https:\/\/api.w.org\/{rel}","templated":true}]}}