{"id":19308,"date":"2025-07-31T21:10:50","date_gmt":"2025-07-31T21:10:50","guid":{"rendered":"https:\/\/mikariyer.com\/?page_id=19308"},"modified":"2025-07-31T21:20:43","modified_gmt":"2025-07-31T21:20:43","slug":"aufbau-eines-bewerberinnen-pools-cv-pool","status":"publish","type":"page","link":"https:\/\/mikariyer.com\/nl\/personalwesen\/aufbau-eines-bewerberinnen-pools-cv-pool\/","title":{"rendered":"AUFBAU EINES BEWERBER:INNEN-POOLS (CV-POOL)"},"content":{"rendered":"<div data-elementor-type=\"wp-page\" data-elementor-id=\"19308\" class=\"elementor elementor-19308\" data-elementor-post-type=\"page\">\n\t\t\t\t<div class=\"elementor-element elementor-element-065e513 e-flex e-con-boxed e-con e-parent\" data-id=\"065e513\" data-element_type=\"container\">\n\t\t\t\t\t<div class=\"e-con-inner\">\n\t\t<div class=\"elementor-element elementor-element-26c727b e-con-full e-flex e-con e-child\" data-id=\"26c727b\" data-element_type=\"container\">\n\t\t\t\t<div class=\"elementor-element elementor-element-98e7e68 elementor-widget elementor-widget-shortcode\" data-id=\"98e7e68\" data-element_type=\"widget\" data-widget_type=\"shortcode.default\">\n\t\t\t\t<div class=\"elementor-widget-container\">\n\t\t\t\t\t\t\t<div class=\"elementor-shortcode\">\t\t<div data-elementor-type=\"single-page\" data-elementor-id=\"16334\" class=\"elementor elementor-16334\" data-elementor-post-type=\"elementor_library\">\n\t\t\t<div class=\"elementor-element elementor-element-6096a39 elementor-hidden-mobile e-flex e-con-boxed e-con e-parent\" data-id=\"6096a39\" data-element_type=\"container\" data-settings=\"{&quot;background_background&quot;:&quot;classic&quot;}\">\n\t\t\t\t\t<div class=\"e-con-inner\">\n\t\t<div class=\"elementor-element elementor-element-095ac95 e-con-full e-flex e-con e-child\" data-id=\"095ac95\" data-element_type=\"container\" data-settings=\"{&quot;background_background&quot;:&quot;classic&quot;}\">\n\t\t\t\t<div class=\"elementor-element elementor-element-8c27f08 elementor-widget elementor-widget-infetech_elementor_heading\" data-id=\"8c27f08\" data-element_type=\"widget\" data-widget_type=\"infetech_elementor_heading.default\">\n\t\t\t\t<div class=\"elementor-widget-container\">\n\t\t\t\t\t\n\t\t\t<div class=\"ova-heading\">\n\t\t\t\t\n\t\t\t\t\n\t\t\t\t\n\t\t\t\t\t<h3 class=\"title\">\t\t\t\t\t\t\t\t\t\t\t\t\t<a href=\"https:\/\/mikariyer.com\/nl\/insan-kaynaklari\/\" title=\"\">\u0130NSAN KAYNAKLARI<\/a>\n\t\t\t\t\t\t\t\t\t\t\t<\/h3>\n                \n                \n\t\t\t<\/div>\n\n\t\t\t\t\t\t<\/div>\n\t\t\t\t<\/div>\n\t\t\t\t<div class=\"elementor-element elementor-element-6c1b29d elementor-nav-menu__text-align-aside elementor-widget elementor-widget-nav-menu\" data-id=\"6c1b29d\" data-element_type=\"widget\" data-settings=\"{&quot;layout&quot;:&quot;dropdown&quot;,&quot;submenu_icon&quot;:{&quot;value&quot;:&quot;&lt;svg class=\\&quot;e-font-icon-svg e-fas-caret-down\\&quot; viewBox=\\&quot;0 0 320 512\\&quot; xmlns=\\&quot;http:\\\/\\\/www.w3.org\\\/2000\\\/svg\\&quot;&gt;&lt;path d=\\&quot;M31.3 192h257.3c17.8 0 26.7 21.5 14.1 34.1L174.1 354.8c-7.8 7.8-20.5 7.8-28.3 0L17.2 226.1C4.6 213.5 13.5 192 31.3 192z\\&quot;&gt;&lt;\\\/path&gt;&lt;\\\/svg&gt;&quot;,&quot;library&quot;:&quot;fa-solid&quot;}}\" data-widget_type=\"nav-menu.default\">\n\t\t\t\t<div class=\"elementor-widget-container\">\n\t\t\t\t\t\t\t\t<nav class=\"elementor-nav-menu--dropdown elementor-nav-menu__container\" aria-hidden=\"true\">\n\t\t\t\t<ul id=\"menu-2-6c1b29d\" class=\"elementor-nav-menu\"><li class=\"menu-item menu-item-type-post_type menu-item-object-page menu-item-15905\"><a href=\"https:\/\/mikariyer.com\/nl\/insan-kaynaklari\/eleman-ihtiyaci-tespiti\/\" class=\"elementor-item\" tabindex=\"-1\">Bepaling van personeelsbehoeften<\/a><\/li>\n<li class=\"menu-item menu-item-type-post_type menu-item-object-page menu-item-15906\"><a href=\"https:\/\/mikariyer.com\/nl\/insan-kaynaklari\/cv-havuzu\/\" class=\"elementor-item\" tabindex=\"-1\">CV-pool<\/a><\/li>\n<li class=\"menu-item menu-item-type-post_type menu-item-object-page menu-item-15908\"><a href=\"https:\/\/mikariyer.com\/nl\/insan-kaynaklari\/isveren-calisan-bulusmasi\/\" class=\"elementor-item\" tabindex=\"-1\">Bijeenkomst werkgever - werknemer<\/a><\/li>\n<\/ul>\t\t\t<\/nav>\n\t\t\t\t\t\t<\/div>\n\t\t\t\t<\/div>\n\t\t\t\t<div class=\"elementor-element elementor-element-1edbce3 elementor-widget elementor-widget-infetech_elementor_heading\" data-id=\"1edbce3\" data-element_type=\"widget\" data-widget_type=\"infetech_elementor_heading.default\">\n\t\t\t\t<div class=\"elementor-widget-container\">\n\t\t\t\t\t\n\t\t\t<div class=\"ova-heading\">\n\t\t\t\t\n\t\t\t\t\t\t\t\t\t<h2 class=\"sub-title\">\n\t\t\t\t\t\t<span class=\"underlined\"><\/span>\n\t\t\t\t\t\tMiCareer\t\t\t\t\t<\/h2>\t\n\t\t\t\t\n\t\t\t\t\n\t\t\t\t\t<h3 class=\"title\">\t\t\t\t\t\t\t\t\t\t\t\t\t<a href=\"https:\/\/mikariyer.com\/nl\/iletisim\/\" title=\"\">Neem contact met ons op<\/a>\n\t\t\t\t\t\t\t\t\t\t\t<\/h3>\n                \n                \n\t\t\t<\/div>\n\n\t\t\t\t\t\t<\/div>\n\t\t\t\t<\/div>\n\t\t\t\t<div class=\"elementor-element elementor-element-fe28d97 elementor-widget elementor-widget-infetech_elementor_contact_info\" data-id=\"fe28d97\" data-element_type=\"widget\" data-widget_type=\"infetech_elementor_contact_info.default\">\n\t\t\t\t<div class=\"elementor-widget-container\">\n\t\t\t\t\t\t\t\t<div class=\"ova-contact-info template2\">\n\t\t\t\t\n\t\t\t\t\t\t\t\t\t\t\t\t\t\t\t<div class=\"circle\">\n\t\t\t\t\t\t\t<div class=\"icon\">\n\t\t\t\t\t\t\t\t<i class=\"ovaicon ovaicon-phone-call\"><\/i>\n\t\t\t\t\t\t\t<\/div>\n\t\t\t\t\t\t<\/div>\t\n\t\t\t\t    \t\t\t    \t\t\t\t\n\t\t\t\t<div class=\"contact\">\n\t\t\t\t\t\n\t\t\t\t\t\t\t\t\t\t\t<div class=\"label\">\n\t\t\t\t\t\t\tContact Nummer\t\t\t\t\t\t<\/div>\n\t\t\t\t\t\n\t\t\t\t\t<ul class=\"info\">\n\t\t\t\t\t\t\t\t\t\t\t\t\t<li class=\"item\">\n\n\t\t\t\t\t\t\t\t<a href=\"https:\/\/wa.me\/4917684915411\" title=\"+ 49 17684915411\">+ 49 17684915411<\/a>\t\t\t\t\t\t\t<\/li>\n\t\t\t\t\t\t\t\t\t\t\t<\/ul>\n\n\t\t\t\t<\/div>\n\n\t\t\t<\/div>\n\n\t\t\t\t\t\t<\/div>\n\t\t\t\t<\/div>\n\t\t\t\t<div class=\"elementor-element elementor-element-77f820a elementor-widget elementor-widget-infetech_elementor_contact_info\" data-id=\"77f820a\" data-element_type=\"widget\" data-widget_type=\"infetech_elementor_contact_info.default\">\n\t\t\t\t<div class=\"elementor-widget-container\">\n\t\t\t\t\t\t\t\t<div class=\"ova-contact-info template2\">\n\t\t\t\t\n\t\t\t\t\t\t\t\t\t\t\t\t\t\t\t<div class=\"circle\">\n\t\t\t\t\t\t\t<div class=\"icon\">\n\t\t\t\t\t\t\t\t<i class=\"ovaicon ovaicon-email\"><\/i>\n\t\t\t\t\t\t\t<\/div>\n\t\t\t\t\t\t<\/div>\t\n\t\t\t\t    \t\t\t    \t\t\t\t\n\t\t\t\t<div class=\"contact\">\n\t\t\t\t\t\n\t\t\t\t\t\t\t\t\t\t\t<div class=\"label\">\n\t\t\t\t\t\t\tOns postadres\t\t\t\t\t\t<\/div>\n\t\t\t\t\t\n\t\t\t\t\t<ul class=\"info\">\n\t\t\t\t\t\t\t\t\t\t\t\t\t<li class=\"item\">\n\n\t\t\t\t\t\t\t\t\t\t\t\t\t\t\t\t\t\t\t<a href=\"mailto:info@mikariyer.com\" title=\"email\">\n\t\t\t\t\t\t\t\t\t\t\t\tinfo@mikariyer.com\t\t\t\t\t\t\t\t\t\t\t<\/a>\n\t\t\t\t\t\t\t\t\t\t\t\t\t\t\t\t\t<\/li>\n\t\t\t\t\t\t\t\t\t\t\t<\/ul>\n\n\t\t\t\t<\/div>\n\n\t\t\t<\/div>\n\n\t\t\t\t\t\t<\/div>\n\t\t\t\t<\/div>\n\t\t\t\t<div class=\"elementor-element elementor-element-506afbe elementor-widget elementor-widget-infetech_elementor_contact_info\" data-id=\"506afbe\" data-element_type=\"widget\" data-widget_type=\"infetech_elementor_contact_info.default\">\n\t\t\t\t<div class=\"elementor-widget-container\">\n\t\t\t\t\t\t\t\t<div class=\"ova-contact-info template2\">\n\t\t\t\t\n\t\t\t\t\t\t\t\t\t\t\t\t\t\t\t<div class=\"circle\">\n\t\t\t\t\t\t\t<div class=\"icon\">\n\t\t\t\t\t\t\t\t<i class=\"far fa-map\"><\/i>\n\t\t\t\t\t\t\t<\/div>\n\t\t\t\t\t\t<\/div>\t\n\t\t\t\t    \t\t\t    \t\t\t\t\n\t\t\t\t<div class=\"contact\">\n\t\t\t\t\t\n\t\t\t\t\t\t\t\t\t\t\t<div class=\"label\">\n\t\t\t\t\t\t\tOns adres\t\t\t\t\t\t<\/div>\n\t\t\t\t\t\n\t\t\t\t\t<ul class=\"info\">\n\t\t\t\t\t\t\t\t\t\t\t\t\t<li class=\"item\">\n\n\t\t\t\t\t\t\t\t<a href=\"https:\/\/maps.app.goo.gl\/HDJiQThZhUDnXWy77\" target=\"_blank\" title=\"Auf dem Br\u00fc338A Regents Park Road Office 3 and 4 London United Kingdom N3 2LNmmer 1, 44149 Dortmund\">Auf dem Br\u00fc338A Regents Park Road Office 3 and 4 London United Kingdom N3 2LNmmer 1, 44149 Dortmund<\/a>\t\t\t\t\t\t\t<\/li>\n\t\t\t\t\t\t\t\t\t\t\t<\/ul>\n\n\t\t\t\t<\/div>\n\n\t\t\t<\/div>\n\n\t\t\t\t\t\t<\/div>\n\t\t\t\t<\/div>\n\t\t\t\t<\/div>\n\t\t\t\t\t<\/div>\n\t\t\t\t<\/div>\n\t\t\t\t<\/div>\n\t\t<\/div>\n\t\t\t\t\t\t<\/div>\n\t\t\t\t<\/div>\n\t\t\t\t<\/div>\n\t\t<div class=\"elementor-element elementor-element-b810fae e-con-full e-flex e-con e-child\" data-id=\"b810fae\" data-element_type=\"container\">\n\t\t\t\t<div class=\"elementor-element elementor-element-4520a35 elementor-widget elementor-widget-infetech_elementor_heading\" data-id=\"4520a35\" data-element_type=\"widget\" data-widget_type=\"infetech_elementor_heading.default\">\n\t\t\t\t<div class=\"elementor-widget-container\">\n\t\t\t\t\t\n\t\t\t<div class=\"ova-heading\">\n\t\t\t\t\n\t\t\t\t\t\t\t\t\t<h2 class=\"sub-title\">\n\t\t\t\t\t\t<span class=\"underlined\"><\/span>\n\t\t\t\t\t\t\u0130NSAN KAYNAKLARI\t\t\t\t\t<\/h2>\t\n\t\t\t\t\n\t\t\t\t\n\t\t\t\t\t<h1 class=\"title\">\t\t\t\t\t\t\t\t\t\t\t\t\t<a href=\"https:\/\/mikariyer.com\/nl\/insan-kaynaklari\/cv-havuzu\/\" title=\"\">AUFBAU EINES BEWERBER:INNEN-POOLS (CV-POOL)<\/a>\n\t\t\t\t\t\t\t\t\t\t\t<\/h1>\n                \n                \n\t\t\t<\/div>\n\n\t\t\t\t\t\t<\/div>\n\t\t\t\t<\/div>\n\t\t\t\t<div class=\"elementor-element elementor-element-3bedebc elementor-widget elementor-widget-heading\" data-id=\"3bedebc\" data-element_type=\"widget\" data-widget_type=\"heading.default\">\n\t\t\t\t<div class=\"elementor-widget-container\">\n\t\t\t\t\t<h5 class=\"elementor-heading-title elementor-size-default\">Um den Personalbedarf von Unternehmen schnell und effektiv zu decken, setzt der MiKariyer Personalservice auf ein systematisch aufgebautes\nBewerber:innen-Pool-Konzept. Die wichtigsten Schritte dabei sind:<\/h5>\t\t\t\t<\/div>\n\t\t\t\t<\/div>\n\t\t\t\t<div class=\"elementor-element elementor-element-d21aa03 elementor-widget elementor-widget-image\" data-id=\"d21aa03\" data-element_type=\"widget\" data-widget_type=\"image.default\">\n\t\t\t\t<div class=\"elementor-widget-container\">\n\t\t\t\t\t\t\t\t\t\t\t\t\t\t\t<img fetchpriority=\"high\" decoding=\"async\" width=\"800\" height=\"800\" src=\"https:\/\/mikariyer.com\/wp-content\/uploads\/2024\/09\/man-woman-shaking-hands-with-woman-pink-shirt-1024x1024.jpg\" class=\"attachment-large size-large wp-image-18617\" alt=\"\" srcset=\"https:\/\/mikariyer.com\/wp-content\/uploads\/2024\/09\/man-woman-shaking-hands-with-woman-pink-shirt-1024x1024.jpg 1024w, https:\/\/mikariyer.com\/wp-content\/uploads\/2024\/09\/man-woman-shaking-hands-with-woman-pink-shirt-300x300.jpg 300w, https:\/\/mikariyer.com\/wp-content\/uploads\/2024\/09\/man-woman-shaking-hands-with-woman-pink-shirt-150x150.jpg 150w, https:\/\/mikariyer.com\/wp-content\/uploads\/2024\/09\/man-woman-shaking-hands-with-woman-pink-shirt-768x768.jpg 768w, https:\/\/mikariyer.com\/wp-content\/uploads\/2024\/09\/man-woman-shaking-hands-with-woman-pink-shirt-1536x1536.jpg 1536w, https:\/\/mikariyer.com\/wp-content\/uploads\/2024\/09\/man-woman-shaking-hands-with-woman-pink-shirt-600x600.jpg 600w, https:\/\/mikariyer.com\/wp-content\/uploads\/2024\/09\/man-woman-shaking-hands-with-woman-pink-shirt.jpg 2048w\" sizes=\"(max-width: 800px) 100vw, 800px\" \/>\t\t\t\t\t\t\t\t\t\t\t\t\t\t\t<\/div>\n\t\t\t\t<\/div>\n\t\t\t\t<div class=\"elementor-element elementor-element-f66f07a elementor-widget elementor-widget-infetech_elementor_service_2\" data-id=\"f66f07a\" data-element_type=\"widget\" data-widget_type=\"infetech_elementor_service_2.default\">\n\t\t\t\t<div class=\"elementor-widget-container\">\n\t\t\t\t\t\t \t    <div class=\"ova-service-2 ova-service-2-template2\">\n\t \t    \t<div class=\"square\"><\/div>\n\t            \t\t\t\t\t\t<h3 class=\"title\">Marktanalyse<\/h3>\n\t\t\t\t\t\t\t\t\t\t<div class=\"description\">\n\t\t\t\t\t\t<p>Identifikation von Branchenbedarfen und aktuellen Arbeitsmarkttrends<\/p>\t\t\t\t\t<\/div>\n\t\t\t\t\t            \t<span class=\"text_number\">\n\t            \t\t01\t            \t<\/span>\n\t            \t            <div class=\"triangle-topleft-1\"><\/div>\n\t\t    \t<div class=\"triangle-topleft-2\"><\/div>\n\t\t    <\/div>\n\t\t\t\t\t\t<\/div>\n\t\t\t\t<\/div>\n\t\t\t\t<div class=\"elementor-element elementor-element-e8839e4 elementor-widget elementor-widget-infetech_elementor_service_2\" data-id=\"e8839e4\" data-element_type=\"widget\" data-widget_type=\"infetech_elementor_service_2.default\">\n\t\t\t\t<div class=\"elementor-widget-container\">\n\t\t\t\t\t\t \t    <div class=\"ova-service-2 ova-service-2-template2\">\n\t \t    \t<div class=\"square\"><\/div>\n\t            \t\t\t\t\t\t<h3 class=\"title\">Bedarfsanalyse durch Arbeitgeberkontakt<\/h3>\n\t\t\t\t\t\t\t\t\t\t<div class=\"description\">\n\t\t\t\t\t\t<p>Ermittlung offener Positionen und gesuchter Qualifikationen im direkten Austausch mit Unternehmen<\/p>\t\t\t\t\t<\/div>\n\t\t\t\t\t            \t<span class=\"text_number\">\n\t            \t\t02\t            \t<\/span>\n\t            \t            <div class=\"triangle-topleft-1\"><\/div>\n\t\t    \t<div class=\"triangle-topleft-2\"><\/div>\n\t\t    <\/div>\n\t\t\t\t\t\t<\/div>\n\t\t\t\t<\/div>\n\t\t\t\t<div class=\"elementor-element elementor-element-389d824 elementor-widget elementor-widget-infetech_elementor_service_2\" data-id=\"389d824\" data-element_type=\"widget\" data-widget_type=\"infetech_elementor_service_2.default\">\n\t\t\t\t<div class=\"elementor-widget-container\">\n\t\t\t\t\t\t \t    <div class=\"ova-service-2 ova-service-2-template2\">\n\t \t    \t<div class=\"square\"><\/div>\n\t            \t\t\t\t\t\t<h3 class=\"title\">Strategische Planung<\/h3>\n\t\t\t\t\t\t\t\t\t\t<div class=\"description\">\n\t\t\t\t\t\t<p>Definition der idealen Bewerber:innenprofile im Einklang mit Unternehmenszielen und Unternehmenskultur<\/p>\t\t\t\t\t<\/div>\n\t\t\t\t\t            \t<span class=\"text_number\">\n\t            \t\t03\t            \t<\/span>\n\t            \t            <div class=\"triangle-topleft-1\"><\/div>\n\t\t    \t<div class=\"triangle-topleft-2\"><\/div>\n\t\t    <\/div>\n\t\t\t\t\t\t<\/div>\n\t\t\t\t<\/div>\n\t\t\t\t<div class=\"elementor-element elementor-element-16f6058 elementor-widget elementor-widget-infetech_elementor_service_2\" data-id=\"16f6058\" data-element_type=\"widget\" data-widget_type=\"infetech_elementor_service_2.default\">\n\t\t\t\t<div class=\"elementor-widget-container\">\n\t\t\t\t\t\t \t    <div class=\"ova-service-2 ova-service-2-template2\">\n\t \t    \t<div class=\"square\"><\/div>\n\t            \t\t\t\t\t\t<h3 class=\"title\">Ver\u00f6ffentlichung attraktiver Stellenanzeigen<\/h3>\n\t\t\t\t\t\t\t\t\t\t<div class=\"description\">\n\t\t\t\t\t\t<p>Erstellung und Platzierung wirkungsvoller Ausschreibungen auf geeigneten Plattformen<\/p>\t\t\t\t\t<\/div>\n\t\t\t\t\t            \t<span class=\"text_number\">\n\t            \t\t04\t            \t<\/span>\n\t            \t            <div class=\"triangle-topleft-1\"><\/div>\n\t\t    \t<div class=\"triangle-topleft-2\"><\/div>\n\t\t    <\/div>\n\t\t\t\t\t\t<\/div>\n\t\t\t\t<\/div>\n\t\t\t\t<div class=\"elementor-element elementor-element-9336c97 elementor-widget elementor-widget-infetech_elementor_service_2\" data-id=\"9336c97\" data-element_type=\"widget\" data-widget_type=\"infetech_elementor_service_2.default\">\n\t\t\t\t<div class=\"elementor-widget-container\">\n\t\t\t\t\t\t \t    <div class=\"ova-service-2 ova-service-2-template2\">\n\t \t    \t<div class=\"square\"><\/div>\n\t            \t\t\t\t\t\t<h3 class=\"title\">Bewerbergewinnung<\/h3>\n\t\t\t\t\t\t\t\t\t\t<div class=\"description\">\n\t\t\t\t\t\t<p>Nutzung vielf\u00e4ltiger Kan\u00e4le zur gezielten Ansprache von Talenten<\/p>\t\t\t\t\t<\/div>\n\t\t\t\t\t            \t<span class=\"text_number\">\n\t            \t\t05\t            \t<\/span>\n\t            \t            <div class=\"triangle-topleft-1\"><\/div>\n\t\t    \t<div class=\"triangle-topleft-2\"><\/div>\n\t\t    <\/div>\n\t\t\t\t\t\t<\/div>\n\t\t\t\t<\/div>\n\t\t\t\t<div class=\"elementor-element elementor-element-776c33e elementor-widget elementor-widget-infetech_elementor_service_2\" data-id=\"776c33e\" data-element_type=\"widget\" data-widget_type=\"infetech_elementor_service_2.default\">\n\t\t\t\t<div class=\"elementor-widget-container\">\n\t\t\t\t\t\t \t    <div class=\"ova-service-2 ova-service-2-template2\">\n\t \t    \t<div class=\"square\"><\/div>\n\t            \t\t\t\t\t\t<h3 class=\"title\">Prozessmanagement<\/h3>\n\t\t\t\t\t\t\t\t\t\t<div class=\"description\">\n\t\t\t\t\t\t<p>Strukturierte Erfassung und Bearbeitung eingehender Bewerbungen<\/p>\t\t\t\t\t<\/div>\n\t\t\t\t\t            \t<span class=\"text_number\">\n\t            \t\t06\t            \t<\/span>\n\t            \t            <div class=\"triangle-topleft-1\"><\/div>\n\t\t    \t<div class=\"triangle-topleft-2\"><\/div>\n\t\t    <\/div>\n\t\t\t\t\t\t<\/div>\n\t\t\t\t<\/div>\n\t\t\t\t<div class=\"elementor-element elementor-element-4c81015 elementor-widget elementor-widget-infetech_elementor_service_2\" data-id=\"4c81015\" data-element_type=\"widget\" data-widget_type=\"infetech_elementor_service_2.default\">\n\t\t\t\t<div class=\"elementor-widget-container\">\n\t\t\t\t\t\t \t    <div class=\"ova-service-2 ova-service-2-template2\">\n\t \t    \t<div class=\"square\"><\/div>\n\t            \t\t\t\t\t\t<h3 class=\"title\">Datenbankaufbau<\/h3>\n\t\t\t\t\t\t\t\t\t\t<div class=\"description\">\n\t\t\t\t\t\t<p>Sammlung und Kategorisierung passender Lebensl\u00e4ufe<\/p>\t\t\t\t\t<\/div>\n\t\t\t\t\t            \t<span class=\"text_number\">\n\t            \t\t07\t            \t<\/span>\n\t            \t            <div class=\"triangle-topleft-1\"><\/div>\n\t\t    \t<div class=\"triangle-topleft-2\"><\/div>\n\t\t    <\/div>\n\t\t\t\t\t\t<\/div>\n\t\t\t\t<\/div>\n\t\t\t\t<div class=\"elementor-element elementor-element-b953af0 elementor-widget elementor-widget-infetech_elementor_service_2\" data-id=\"b953af0\" data-element_type=\"widget\" data-widget_type=\"infetech_elementor_service_2.default\">\n\t\t\t\t<div class=\"elementor-widget-container\">\n\t\t\t\t\t\t \t    <div class=\"ova-service-2 ova-service-2-template2\">\n\t \t    \t<div class=\"square\"><\/div>\n\t            \t\t\t\t\t\t<h3 class=\"title\">Nutzung von Bewerbermanagementsystemen (ATS)<\/h3>\n\t\t\t\t\t\t\t\t\t\t<div class=\"description\">\n\t\t\t\t\t\t<p>Effiziente Verwaltung und regelm\u00e4\u00dfige Aktualisierung von Bewerber:innendaten<\/p>\t\t\t\t\t<\/div>\n\t\t\t\t\t            \t<span class=\"text_number\">\n\t            \t\t08\t            \t<\/span>\n\t            \t            <div class=\"triangle-topleft-1\"><\/div>\n\t\t    \t<div class=\"triangle-topleft-2\"><\/div>\n\t\t    <\/div>\n\t\t\t\t\t\t<\/div>\n\t\t\t\t<\/div>\n\t\t\t\t<div class=\"elementor-element elementor-element-e79ecc2 elementor-widget elementor-widget-infetech_elementor_service_2\" data-id=\"e79ecc2\" data-element_type=\"widget\" data-widget_type=\"infetech_elementor_service_2.default\">\n\t\t\t\t<div class=\"elementor-widget-container\">\n\t\t\t\t\t\t \t    <div class=\"ova-service-2 ova-service-2-template2\">\n\t \t    \t<div class=\"square\"><\/div>\n\t            \t\t\t\t\t\t<h3 class=\"title\">Vorselektion und Interviews<\/h3>\n\t\t\t\t\t\t\t\t\t\t<div class=\"description\">\n\t\t\t\t\t\t<p>Vorauswahl geeigneter Kandidat:innen mit anschlie\u00dfender pers\u00f6nlicher Gespr\u00e4chsf\u00fchrung<\/p>\t\t\t\t\t<\/div>\n\t\t\t\t\t            \t<span class=\"text_number\">\n\t            \t\t09\t            \t<\/span>\n\t            \t            <div class=\"triangle-topleft-1\"><\/div>\n\t\t    \t<div class=\"triangle-topleft-2\"><\/div>\n\t\t    <\/div>\n\t\t\t\t\t\t<\/div>\n\t\t\t\t<\/div>\n\t\t\t\t<div class=\"elementor-element elementor-element-5f04947 elementor-widget elementor-widget-infetech_elementor_service_2\" data-id=\"5f04947\" data-element_type=\"widget\" data-widget_type=\"infetech_elementor_service_2.default\">\n\t\t\t\t<div class=\"elementor-widget-container\">\n\t\t\t\t\t\t \t    <div class=\"ova-service-2 ova-service-2-template2\">\n\t \t    \t<div class=\"square\"><\/div>\n\t            \t\t\t\t\t\t<h3 class=\"title\">Bewertung und Auswahl<\/h3>\n\t\t\t\t\t\t\t\t\t\t<div class=\"description\">\n\t\t\t\t\t\t<p>Endg\u00fcltige Auswahl auf Grundlage der Anforderungsprofile und Eignung<\/p>\t\t\t\t\t<\/div>\n\t\t\t\t\t            \t<span class=\"text_number\">\n\t            \t\t10\t            \t<\/span>\n\t            \t            <div class=\"triangle-topleft-1\"><\/div>\n\t\t    \t<div class=\"triangle-topleft-2\"><\/div>\n\t\t    <\/div>\n\t\t\t\t\t\t<\/div>\n\t\t\t\t<\/div>\n\t\t\t\t<div class=\"elementor-element elementor-element-f0f35dd elementor-widget elementor-widget-infetech_elementor_service_2\" data-id=\"f0f35dd\" data-element_type=\"widget\" data-widget_type=\"infetech_elementor_service_2.default\">\n\t\t\t\t<div class=\"elementor-widget-container\">\n\t\t\t\t\t\t \t    <div class=\"ova-service-2 ova-service-2-template2\">\n\t \t    \t<div class=\"square\"><\/div>\n\t            \t\t\t\t\t\t<h3 class=\"title\">Reporting und Analyse<\/h3>\n\t\t\t\t\t\t\t\t\t\t<div class=\"description\">\n\t\t\t\t\t\t<p>Auswertung der Prozesse zur Qualit\u00e4tssicherung<\/p>\t\t\t\t\t<\/div>\n\t\t\t\t\t            \t<span class=\"text_number\">\n\t            \t\t11\t            \t<\/span>\n\t            \t            <div class=\"triangle-topleft-1\"><\/div>\n\t\t    \t<div class=\"triangle-topleft-2\"><\/div>\n\t\t    <\/div>\n\t\t\t\t\t\t<\/div>\n\t\t\t\t<\/div>\n\t\t\t\t<div class=\"elementor-element elementor-element-a5394e8 elementor-widget elementor-widget-infetech_elementor_service_2\" data-id=\"a5394e8\" data-element_type=\"widget\" data-widget_type=\"infetech_elementor_service_2.default\">\n\t\t\t\t<div class=\"elementor-widget-container\">\n\t\t\t\t\t\t \t    <div class=\"ova-service-2 ova-service-2-template2\">\n\t \t    \t<div class=\"square\"><\/div>\n\t            \t\t\t\t\t\t<h3 class=\"title\">Kontinuierliche Optimierung<\/h3>\n\t\t\t\t\t\t\t\t\t\t<div class=\"description\">\n\t\t\t\t\t\t<p>Regelm\u00e4\u00dfige Weiterentwicklung aller Methoden und Abl\u00e4ufe<\/p>\t\t\t\t\t<\/div>\n\t\t\t\t\t            \t<span class=\"text_number\">\n\t            \t\t12\t            \t<\/span>\n\t            \t            <div class=\"triangle-topleft-1\"><\/div>\n\t\t    \t<div class=\"triangle-topleft-2\"><\/div>\n\t\t    <\/div>\n\t\t\t\t\t\t<\/div>\n\t\t\t\t<\/div>\n\t\t\t\t<div class=\"elementor-element elementor-element-f63a002 elementor-widget elementor-widget-text-editor\" data-id=\"f63a002\" data-element_type=\"widget\" data-widget_type=\"text-editor.default\">\n\t\t\t\t<div class=\"elementor-widget-container\">\n\t\t\t\t\t\t\t\t\t<p>Dank dieser strukturierten Vorgehensweise kann MiKariyer hochqualifizierte Bewerber:innen zielsicher vermitteln und Unternehmen dabei unterst\u00fctzen, ihre Rekrutierungsprozesse nachhaltig zu verbessern.<\/p>\t\t\t\t\t\t\t\t<\/div>\n\t\t\t\t<\/div>\n\t\t\t\t<div class=\"elementor-element elementor-element-1697f86 elementor-align-center elementor-widget elementor-widget-button\" data-id=\"1697f86\" data-element_type=\"widget\" data-widget_type=\"button.default\">\n\t\t\t\t<div class=\"elementor-widget-container\">\n\t\t\t\t\t\t\t\t\t<div class=\"elementor-button-wrapper\">\n\t\t\t\t\t<a class=\"elementor-button elementor-button-link elementor-size-sm\" href=\"https:\/\/mikariyer.com\/nl\/iletisim\/\">\n\t\t\t\t\t\t<span class=\"elementor-button-content-wrapper\">\n\t\t\t\t\t\t\t\t\t<span class=\"elementor-button-text\">Neem contact op<\/span>\n\t\t\t\t\t<\/span>\n\t\t\t\t\t<\/a>\n\t\t\t\t<\/div>\n\t\t\t\t\t\t\t\t<\/div>\n\t\t\t\t<\/div>\n\t\t\t\t<\/div>\n\t\t\t\t\t<\/div>\n\t\t\t\t<\/div>\n\t\t\t\t<\/div>","protected":false},"excerpt":{"rendered":"<p>\u0130NSAN KAYNAKLARI AUFBAU EINES BEWERBER:INNEN-POOLS (CV-POOL) Um den Personalbedarf von Unternehmen schnell und effektiv zu decken, setzt der MiKariyer Personalservice auf ein systematisch aufgebautes Bewerber:innen-Pool-Konzept. Die wichtigsten Schritte dabei sind: Marktanalyse Identifikation von Branchenbedarfen und aktuellen Arbeitsmarkttrends 01 Bedarfsanalyse durch Arbeitgeberkontakt Ermittlung offener Positionen und gesuchter Qualifikationen im direkten Austausch mit Unternehmen 02 Strategische Planung [&hellip;]<\/p>\n","protected":false},"author":3,"featured_media":0,"parent":19286,"menu_order":2,"comment_status":"closed","ping_status":"closed","template":"","meta":{"footnotes":""},"class_list":["post-19308","page","type-page","status-publish","hentry"],"_links":{"self":[{"href":"https:\/\/mikariyer.com\/nl\/wp-json\/wp\/v2\/pages\/19308","targetHints":{"allow":["GET"]}}],"collection":[{"href":"https:\/\/mikariyer.com\/nl\/wp-json\/wp\/v2\/pages"}],"about":[{"href":"https:\/\/mikariyer.com\/nl\/wp-json\/wp\/v2\/types\/page"}],"author":[{"embeddable":true,"href":"https:\/\/mikariyer.com\/nl\/wp-json\/wp\/v2\/users\/3"}],"replies":[{"embeddable":true,"href":"https:\/\/mikariyer.com\/nl\/wp-json\/wp\/v2\/comments?post=19308"}],"version-history":[{"count":4,"href":"https:\/\/mikariyer.com\/nl\/wp-json\/wp\/v2\/pages\/19308\/revisions"}],"predecessor-version":[{"id":19314,"href":"https:\/\/mikariyer.com\/nl\/wp-json\/wp\/v2\/pages\/19308\/revisions\/19314"}],"up":[{"embeddable":true,"href":"https:\/\/mikariyer.com\/nl\/wp-json\/wp\/v2\/pages\/19286"}],"wp:attachment":[{"href":"https:\/\/mikariyer.com\/nl\/wp-json\/wp\/v2\/media?parent=19308"}],"curies":[{"name":"wp","href":"https:\/\/api.w.org\/{rel}","templated":true}]}}