{"id":15727,"date":"2024-05-17T13:41:59","date_gmt":"2024-05-17T13:41:59","guid":{"rendered":"https:\/\/mikariyer.com\/?page_id=15727"},"modified":"2025-07-30T14:14:17","modified_gmt":"2025-07-30T14:14:17","slug":"hemsire","status":"publish","type":"page","link":"https:\/\/mikariyer.com\/ru\/kariyer\/medicare\/hemsire\/","title":{"rendered":"\u041c\u0435\u0434\u0441\u0435\u0441\u0442\u0440\u0430"},"content":{"rendered":"<div data-elementor-type=\"wp-page\" data-elementor-id=\"15727\" class=\"elementor elementor-15727\" data-elementor-post-type=\"page\">\n\t\t\t\t<div class=\"elementor-element elementor-element-21b8396 e-con-full e-flex e-con e-parent\" data-id=\"21b8396\" data-element_type=\"container\">\n\t\t<div class=\"elementor-element elementor-element-3f17075 e-con-full e-flex e-con e-child\" data-id=\"3f17075\" data-element_type=\"container\">\n\t\t\t\t<div class=\"elementor-element elementor-element-b374763 elementor-widget elementor-widget-shortcode\" data-id=\"b374763\" data-element_type=\"widget\" data-widget_type=\"shortcode.default\">\n\t\t\t\t<div class=\"elementor-widget-container\">\n\t\t\t\t\t\t\t<div class=\"elementor-shortcode\">\t\t<div data-elementor-type=\"single-post\" data-elementor-id=\"16101\" class=\"elementor elementor-16101\" data-elementor-post-type=\"elementor_library\">\n\t\t\t<div class=\"elementor-element elementor-element-9e95fdc elementor-hidden-mobile e-flex e-con-boxed e-con e-parent\" data-id=\"9e95fdc\" data-element_type=\"container\" data-settings=\"{&quot;background_background&quot;:&quot;classic&quot;}\">\n\t\t\t\t\t<div class=\"e-con-inner\">\n\t\t<div class=\"elementor-element elementor-element-0f2bfbe e-con-full e-flex e-con e-child\" data-id=\"0f2bfbe\" data-element_type=\"container\">\n\t\t\t\t<div class=\"elementor-element elementor-element-2f2d7a1 elementor-widget elementor-widget-infetech_elementor_heading\" data-id=\"2f2d7a1\" data-element_type=\"widget\" data-widget_type=\"infetech_elementor_heading.default\">\n\t\t\t\t<div class=\"elementor-widget-container\">\n\t\t\t\t\t\n\t\t\t<div class=\"ova-heading\">\n\t\t\t\t\n\t\t\t\t\n\t\t\t\t\n\t\t\t\t\t<h3 class=\"title\">\t\t\t\t\t\t\t\t\t\t\t\t\t<a href=\"https:\/\/mikariyer.com\/ru\/kariyer\/\" title=\"\">\u041a\u0410\u0420\u042c\u0415\u0420\u0410<\/a>\n\t\t\t\t\t\t\t\t\t\t\t<\/h3>\n                \n                \n\t\t\t<\/div>\n\n\t\t\t\t\t\t<\/div>\n\t\t\t\t<\/div>\n\t\t\t\t<div class=\"elementor-element elementor-element-0dbe6a5 elementor-nav-menu__text-align-aside elementor-widget elementor-widget-nav-menu\" data-id=\"0dbe6a5\" data-element_type=\"widget\" data-settings=\"{&quot;layout&quot;:&quot;dropdown&quot;,&quot;submenu_icon&quot;:{&quot;value&quot;:&quot;&lt;svg class=\\&quot;e-font-icon-svg e-fas-caret-down\\&quot; viewBox=\\&quot;0 0 320 512\\&quot; xmlns=\\&quot;http:\\\/\\\/www.w3.org\\\/2000\\\/svg\\&quot;&gt;&lt;path d=\\&quot;M31.3 192h257.3c17.8 0 26.7 21.5 14.1 34.1L174.1 354.8c-7.8 7.8-20.5 7.8-28.3 0L17.2 226.1C4.6 213.5 13.5 192 31.3 192z\\&quot;&gt;&lt;\\\/path&gt;&lt;\\\/svg&gt;&quot;,&quot;library&quot;:&quot;fa-solid&quot;}}\" data-widget_type=\"nav-menu.default\">\n\t\t\t\t<div class=\"elementor-widget-container\">\n\t\t\t\t\t\t\t\t<nav class=\"elementor-nav-menu--dropdown elementor-nav-menu__container\" aria-hidden=\"true\">\n\t\t\t\t<ul id=\"menu-2-0dbe6a5\" class=\"elementor-nav-menu\"><li class=\"menu-item menu-item-type-post_type menu-item-object-page menu-item-has-children menu-item-15862\"><a href=\"https:\/\/mikariyer.com\/ru\/kariyer\/medicare\/\" class=\"elementor-item\" tabindex=\"-1\">Medicare<\/a>\n<ul class=\"sub-menu elementor-nav-menu--dropdown\">\n\t<li class=\"menu-item menu-item-type-post_type menu-item-object-page menu-item-15863\"><a href=\"https:\/\/mikariyer.com\/ru\/kariyer\/medicare\/hemsire\/\" class=\"elementor-sub-item\" tabindex=\"-1\">\u041c\u0435\u0434\u0441\u0435\u0441\u0442\u0440\u0430<\/a><\/li>\n\t<li class=\"menu-item menu-item-type-post_type menu-item-object-page menu-item-15864\"><a href=\"https:\/\/mikariyer.com\/ru\/kariyer\/medicare\/hemsire-asistani\/\" class=\"elementor-sub-item\" tabindex=\"-1\">\u041f\u043e\u043c\u043e\u0449\u043d\u0438\u043a \u043c\u0435\u0434\u0441\u0435\u0441\u0442\u0440\u044b<\/a><\/li>\n\t<li class=\"menu-item menu-item-type-post_type menu-item-object-page menu-item-15865\"><a href=\"https:\/\/mikariyer.com\/ru\/kariyer\/medicare\/fizyoterapi\/\" class=\"elementor-sub-item\" tabindex=\"-1\">\u0424\u0438\u0437\u0438\u043e\u0442\u0435\u0440\u0430\u043f\u0438\u044f<\/a><\/li>\n\t<li class=\"menu-item menu-item-type-post_type menu-item-object-page menu-item-15866\"><a href=\"https:\/\/mikariyer.com\/ru\/kariyer\/medicare\/doktor\/\" class=\"elementor-sub-item\" tabindex=\"-1\">\u0414\u043e\u043a\u0442\u043e\u0440<\/a><\/li>\n<\/ul>\n<\/li>\n<li class=\"menu-item menu-item-type-post_type menu-item-object-page menu-item-has-children menu-item-15867\"><a href=\"https:\/\/mikariyer.com\/ru\/kariyer\/meister\/\" class=\"elementor-item\" tabindex=\"-1\">\u041c\u0430\u0439\u0441\u0442\u0435\u0440<\/a>\n<ul class=\"sub-menu elementor-nav-menu--dropdown\">\n\t<li class=\"menu-item menu-item-type-post_type menu-item-object-page menu-item-15868\"><a href=\"https:\/\/mikariyer.com\/ru\/kariyer\/meister\/teknik-eleman\/\" class=\"elementor-sub-item\" tabindex=\"-1\">\u0422\u0435\u0445\u043d\u0438\u0447\u0435\u0441\u043a\u0438\u0439 \u043f\u0435\u0440\u0441\u043e\u043d\u0430\u043b<\/a><\/li>\n\t<li class=\"menu-item menu-item-type-post_type menu-item-object-page menu-item-15869\"><a href=\"https:\/\/mikariyer.com\/ru\/kariyer\/meister\/gastronomi\/\" class=\"elementor-sub-item\" tabindex=\"-1\">\u0413\u0430\u0441\u0442\u0440\u043e\u043d\u043e\u043c\u0438\u044f<\/a><\/li>\n\t<li class=\"menu-item menu-item-type-post_type menu-item-object-page menu-item-15870\"><a href=\"https:\/\/mikariyer.com\/ru\/kariyer\/meister\/kuafor-kisisel-bakim-ve-guzellik\/\" class=\"elementor-sub-item\" tabindex=\"-1\">\u041f\u0430\u0440\u0438\u043a\u043c\u0430\u0445\u0435\u0440 \u041b\u0438\u0447\u043d\u044b\u0439 \u0443\u0445\u043e\u0434 \u0438 \u043a\u0440\u0430\u0441\u043e\u0442\u0430<\/a><\/li>\n\t<li class=\"menu-item menu-item-type-post_type menu-item-object-page menu-item-15871\"><a href=\"https:\/\/mikariyer.com\/ru\/kariyer\/meister\/kres-ve-anaokulu\/\" class=\"elementor-sub-item\" tabindex=\"-1\">\u042f\u0441\u043b\u0438 \u0438 \u0434\u0435\u0442\u0441\u043a\u0438\u0439 \u0441\u0430\u0434<\/a><\/li>\n\t<li class=\"menu-item menu-item-type-post_type menu-item-object-page menu-item-15872\"><a href=\"https:\/\/mikariyer.com\/ru\/kariyer\/meister\/lojistik-ve-tir-soforlugu\/\" class=\"elementor-sub-item\" tabindex=\"-1\">\u041b\u043e\u0433\u0438\u0441\u0442\u0438\u043a\u0430 \u0438 \u0432\u043e\u0436\u0434\u0435\u043d\u0438\u0435 \u0433\u0440\u0443\u0437\u043e\u0432\u044b\u0445 \u0430\u0432\u0442\u043e\u043c\u043e\u0431\u0438\u043b\u0435\u0439<\/a><\/li>\n<\/ul>\n<\/li>\n<li class=\"menu-item menu-item-type-post_type menu-item-object-page menu-item-has-children menu-item-15873\"><a href=\"https:\/\/mikariyer.com\/ru\/kariyer\/coaching\/\" class=\"elementor-item\" tabindex=\"-1\">\u041a\u043e\u0443\u0447\u0438\u043d\u0433<\/a>\n<ul class=\"sub-menu elementor-nav-menu--dropdown\">\n\t<li class=\"menu-item menu-item-type-post_type menu-item-object-page menu-item-15874\"><a href=\"https:\/\/mikariyer.com\/ru\/kariyer\/coaching\/ilk-adim-danismanligi\/\" class=\"elementor-sub-item\" tabindex=\"-1\">\u041a\u043e\u043d\u0441\u0443\u043b\u044c\u0442\u0430\u0446\u0438\u044f \"\u041f\u0435\u0440\u0432\u044b\u0439 \u0448\u0430\u0433<\/a><\/li>\n\t<li class=\"menu-item menu-item-type-post_type menu-item-object-page menu-item-15875\"><a href=\"https:\/\/mikariyer.com\/ru\/kariyer\/coaching\/kariyer-danismanligi\/\" class=\"elementor-sub-item\" tabindex=\"-1\">\u041a\u043e\u043d\u0441\u0443\u043b\u044c\u0442\u0430\u0446\u0438\u0438 \u043f\u043e \u0432\u043e\u043f\u0440\u043e\u0441\u0430\u043c \u043a\u0430\u0440\u044c\u0435\u0440\u044b<\/a><\/li>\n\t<li class=\"menu-item menu-item-type-post_type menu-item-object-page menu-item-15876\"><a href=\"https:\/\/mikariyer.com\/ru\/kariyer\/coaching\/mesleki-denklik-danismanligi\/\" class=\"elementor-sub-item\" tabindex=\"-1\">\u041a\u043e\u043d\u0441\u0443\u043b\u044c\u0442\u0430\u0446\u0438\u0438 \u043f\u043e \u0432\u043e\u043f\u0440\u043e\u0441\u0430\u043c \u043f\u0440\u043e\u0444\u0435\u0441\u0441\u0438\u043e\u043d\u0430\u043b\u044c\u043d\u043e\u0433\u043e \u043f\u0440\u0438\u0437\u043d\u0430\u043d\u0438\u044f<\/a><\/li>\n\t<li class=\"menu-item menu-item-type-post_type menu-item-object-page menu-item-15877\"><a href=\"https:\/\/mikariyer.com\/ru\/kariyer\/coaching\/is-basvurusu-danismanligi\/\" class=\"elementor-sub-item\" tabindex=\"-1\">\u041a\u043e\u043d\u0441\u0443\u043b\u044c\u0442\u0430\u0446\u0438\u0438 \u043f\u043e \u0442\u0440\u0443\u0434\u043e\u0443\u0441\u0442\u0440\u043e\u0439\u0441\u0442\u0432\u0443<\/a><\/li>\n\t<li class=\"menu-item menu-item-type-post_type menu-item-object-page menu-item-15878\"><a href=\"https:\/\/mikariyer.com\/ru\/kariyer\/coaching\/ise-yerlestirme-danismanligi\/\" class=\"elementor-sub-item\" tabindex=\"-1\">\u041a\u043e\u043d\u0441\u0443\u043b\u044c\u0442\u0430\u0446\u0438\u0438 \u043f\u043e \u0442\u0440\u0443\u0434\u043e\u0443\u0441\u0442\u0440\u043e\u0439\u0441\u0442\u0432\u0443<\/a><\/li>\n\t<li class=\"menu-item menu-item-type-post_type menu-item-object-page menu-item-15879\"><a href=\"https:\/\/mikariyer.com\/ru\/kariyer\/coaching\/vize-ve-oturum-danismanligi\/\" class=\"elementor-sub-item\" tabindex=\"-1\">\u041a\u043e\u043d\u0441\u0443\u043b\u044c\u0442\u0430\u0446\u0438\u0438 \u043f\u043e \u0432\u043e\u043f\u0440\u043e\u0441\u0430\u043c \u0432\u0438\u0437 \u0438 \u043f\u0440\u043e\u0436\u0438\u0432\u0430\u043d\u0438\u044f<\/a><\/li>\n\t<li class=\"menu-item menu-item-type-post_type menu-item-object-page menu-item-15880\"><a href=\"https:\/\/mikariyer.com\/ru\/kariyer\/coaching\/aile-birlesimi-danismanligi\/\" class=\"elementor-sub-item\" tabindex=\"-1\">\u041a\u043e\u043d\u0441\u0443\u043b\u044c\u0442\u0430\u0446\u0438\u0438 \u043f\u043e \u0432\u043e\u0441\u0441\u043e\u0435\u0434\u0438\u043d\u0435\u043d\u0438\u044e \u0441\u0435\u043c\u044c\u0438<\/a><\/li>\n<\/ul>\n<\/li>\n<\/ul>\t\t\t<\/nav>\n\t\t\t\t\t\t<\/div>\n\t\t\t\t<\/div>\n\t\t\t\t<div class=\"elementor-element elementor-element-f7f0964 elementor-widget elementor-widget-infetech_elementor_heading\" data-id=\"f7f0964\" data-element_type=\"widget\" data-widget_type=\"infetech_elementor_heading.default\">\n\t\t\t\t<div class=\"elementor-widget-container\">\n\t\t\t\t\t\n\t\t\t<div class=\"ova-heading\">\n\t\t\t\t\n\t\t\t\t\t\t\t\t\t<h2 class=\"sub-title\">\n\t\t\t\t\t\t<span class=\"underlined\"><\/span>\n\t\t\t\t\t\tMiCareer\t\t\t\t\t<\/h2>\t\n\t\t\t\t\n\t\t\t\t\n\t\t\t\t\t<h3 class=\"title\">\t\t\t\t\t\t\t\t\t\t\t\t\t<a href=\"https:\/\/mikariyer.com\/ru\/iletisim\/\" title=\"\">\u0421\u0432\u044f\u0436\u0438\u0442\u0435\u0441\u044c \u0441 \u043d\u0430\u043c\u0438<\/a>\n\t\t\t\t\t\t\t\t\t\t\t<\/h3>\n                \n                \n\t\t\t<\/div>\n\n\t\t\t\t\t\t<\/div>\n\t\t\t\t<\/div>\n\t\t\t\t<div class=\"elementor-element elementor-element-4d4de5a elementor-widget elementor-widget-infetech_elementor_contact_info\" data-id=\"4d4de5a\" data-element_type=\"widget\" data-widget_type=\"infetech_elementor_contact_info.default\">\n\t\t\t\t<div class=\"elementor-widget-container\">\n\t\t\t\t\t\t\t\t<div class=\"ova-contact-info template2\">\n\t\t\t\t\n\t\t\t\t\t\t\t\t\t\t\t\t\t\t\t<div class=\"circle\">\n\t\t\t\t\t\t\t<div class=\"icon\">\n\t\t\t\t\t\t\t\t<i class=\"ovaicon ovaicon-phone-call\"><\/i>\n\t\t\t\t\t\t\t<\/div>\n\t\t\t\t\t\t<\/div>\t\n\t\t\t\t    \t\t\t    \t\t\t\t\n\t\t\t\t<div class=\"contact\">\n\t\t\t\t\t\n\t\t\t\t\t\t\t\t\t\t\t<div class=\"label\">\n\t\t\t\t\t\t\t\u041a\u043e\u043d\u0442\u0430\u043a\u0442\u043d\u044b\u0439 \u043d\u043e\u043c\u0435\u0440\t\t\t\t\t\t<\/div>\n\t\t\t\t\t\n\t\t\t\t\t<ul class=\"info\">\n\t\t\t\t\t\t\t\t\t\t\t\t\t<li class=\"item\">\n\n\t\t\t\t\t\t\t\t<a href=\"https:\/\/wa.me\/4917684915411\" title=\"+ 49 17684915411\">+ 49 17684915411<\/a>\t\t\t\t\t\t\t<\/li>\n\t\t\t\t\t\t\t\t\t\t\t<\/ul>\n\n\t\t\t\t<\/div>\n\n\t\t\t<\/div>\n\n\t\t\t\t\t\t<\/div>\n\t\t\t\t<\/div>\n\t\t\t\t<div class=\"elementor-element elementor-element-35fc5d4 elementor-widget elementor-widget-infetech_elementor_contact_info\" data-id=\"35fc5d4\" data-element_type=\"widget\" data-widget_type=\"infetech_elementor_contact_info.default\">\n\t\t\t\t<div class=\"elementor-widget-container\">\n\t\t\t\t\t\t\t\t<div class=\"ova-contact-info template2\">\n\t\t\t\t\n\t\t\t\t\t\t\t\t\t\t\t\t\t\t\t<div class=\"circle\">\n\t\t\t\t\t\t\t<div class=\"icon\">\n\t\t\t\t\t\t\t\t<i class=\"ovaicon ovaicon-email\"><\/i>\n\t\t\t\t\t\t\t<\/div>\n\t\t\t\t\t\t<\/div>\t\n\t\t\t\t    \t\t\t    \t\t\t\t\n\t\t\t\t<div class=\"contact\">\n\t\t\t\t\t\n\t\t\t\t\t\t\t\t\t\t\t<div class=\"label\">\n\t\t\t\t\t\t\t\u041d\u0430\u0448 \u043f\u043e\u0447\u0442\u043e\u0432\u044b\u0439 \u0430\u0434\u0440\u0435\u0441\t\t\t\t\t\t<\/div>\n\t\t\t\t\t\n\t\t\t\t\t<ul class=\"info\">\n\t\t\t\t\t\t\t\t\t\t\t\t\t<li class=\"item\">\n\n\t\t\t\t\t\t\t\t\t\t\t\t\t\t\t\t\t\t\t<a href=\"mailto:info@mikariyer.com\" title=\"email\">\n\t\t\t\t\t\t\t\t\t\t\t\tinfo@mikariyer.com\t\t\t\t\t\t\t\t\t\t\t<\/a>\n\t\t\t\t\t\t\t\t\t\t\t\t\t\t\t\t\t<\/li>\n\t\t\t\t\t\t\t\t\t\t\t<\/ul>\n\n\t\t\t\t<\/div>\n\n\t\t\t<\/div>\n\n\t\t\t\t\t\t<\/div>\n\t\t\t\t<\/div>\n\t\t\t\t<div class=\"elementor-element elementor-element-4980cdb elementor-widget elementor-widget-infetech_elementor_contact_info\" data-id=\"4980cdb\" data-element_type=\"widget\" data-widget_type=\"infetech_elementor_contact_info.default\">\n\t\t\t\t<div class=\"elementor-widget-container\">\n\t\t\t\t\t\t\t\t<div class=\"ova-contact-info template2\">\n\t\t\t\t\n\t\t\t\t\t\t\t\t\t\t\t\t\t\t\t<div class=\"circle\">\n\t\t\t\t\t\t\t<div class=\"icon\">\n\t\t\t\t\t\t\t\t<i class=\"far fa-map\"><\/i>\n\t\t\t\t\t\t\t<\/div>\n\t\t\t\t\t\t<\/div>\t\n\t\t\t\t    \t\t\t    \t\t\t\t\n\t\t\t\t<div class=\"contact\">\n\t\t\t\t\t\n\t\t\t\t\t\t\t\t\t\t\t<div class=\"label\">\n\t\t\t\t\t\t\t\u041d\u0430\u0448 \u0430\u0434\u0440\u0435\u0441\t\t\t\t\t\t<\/div>\n\t\t\t\t\t\n\t\t\t\t\t<ul class=\"info\">\n\t\t\t\t\t\t\t\t\t\t\t\t\t<li class=\"item\">\n\n\t\t\t\t\t\t\t\t<a href=\"https:\/\/maps.app.goo.gl\/HDJiQThZhUDnXWy77\" target=\"_blank\" title=\"338A \u0420\u0438\u0434\u0436\u0435\u043d\u0442\u0441-\u043f\u0430\u0440\u043a \u0420\u043e\u0443\u0434 \u041e\u0444\u0438\u0441\u044b 3 \u0438 4 \u041b\u043e\u043d\u0434\u043e\u043d \u0412\u0435\u043b\u0438\u043a\u043e\u0431\u0440\u0438\u0442\u0430\u043d\u0438\u044f N3 2LN\">338A \u0420\u0438\u0434\u0436\u0435\u043d\u0442\u0441-\u043f\u0430\u0440\u043a \u0420\u043e\u0443\u0434 \u041e\u0444\u0438\u0441\u044b 3 \u0438 4 \u041b\u043e\u043d\u0434\u043e\u043d \u0412\u0435\u043b\u0438\u043a\u043e\u0431\u0440\u0438\u0442\u0430\u043d\u0438\u044f N3 2LN<\/a>\t\t\t\t\t\t\t<\/li>\n\t\t\t\t\t\t\t\t\t\t\t<\/ul>\n\n\t\t\t\t<\/div>\n\n\t\t\t<\/div>\n\n\t\t\t\t\t\t<\/div>\n\t\t\t\t<\/div>\n\t\t\t\t<\/div>\n\t\t\t\t\t<\/div>\n\t\t\t\t<\/div>\n\t\t\t\t<\/div>\n\t\t<\/div>\n\t\t\t\t\t\t<\/div>\n\t\t\t\t<\/div>\n\t\t\t\t<\/div>\n\t\t<div class=\"elementor-element elementor-element-927295f e-con-full e-flex e-con e-child\" data-id=\"927295f\" data-element_type=\"container\">\n\t\t\t\t<div class=\"elementor-element elementor-element-4d4d36f elementor-widget elementor-widget-infetech_elementor_heading\" data-id=\"4d4d36f\" data-element_type=\"widget\" data-widget_type=\"infetech_elementor_heading.default\">\n\t\t\t\t<div class=\"elementor-widget-container\">\n\t\t\t\t\t\n\t\t\t<div class=\"ova-heading\">\n\t\t\t\t\n\t\t\t\t\t\t\t\t\t<h2 class=\"sub-title\">\n\t\t\t\t\t\t<span class=\"underlined\"><\/span>\n\t\t\t\t\t\t\u041a\u0430\u0440\u044c\u0435\u0440\u0430\t\t\t\t\t<\/h2>\t\n\t\t\t\t\n\t\t\t\t\n\t\t\t\t\t<h2 class=\"title\">\t\t\t\t\t\t\t\t\t\t\t\t\t<a href=\"https:\/\/mikariyer.com\/ru\/kariyer\/medicare\/hemsire\/\" title=\"\">\u041c\u0435\u0434\u0441\u0435\u0441\u0442\u0440\u0430<\/a>\n\t\t\t\t\t\t\t\t\t\t\t<\/h2>\n                \n                \n\t\t\t<\/div>\n\n\t\t\t\t\t\t<\/div>\n\t\t\t\t<\/div>\n\t\t\t\t<div class=\"elementor-element elementor-element-869286b elementor-blockquote--skin-boxed elementor-blockquote--align-center elementor-blockquote--button-color-official elementor-widget elementor-widget-blockquote\" data-id=\"869286b\" data-element_type=\"widget\" data-widget_type=\"blockquote.default\">\n\t\t\t\t<div class=\"elementor-widget-container\">\n\t\t\t\t\t\t\t<blockquote class=\"elementor-blockquote\">\n\t\t\t<p class=\"elementor-blockquote__content\">\n\t\t\t\tAlmanya\u2019da Hem\u015firelik; Kariyerinize Can Verin, \u0130nsanlara Umut Olun!\t\t\t<\/p>\n\t\t\t\t\t<\/blockquote>\n\t\t\t\t\t\t<\/div>\n\t\t\t\t<\/div>\n\t\t\t\t<div class=\"elementor-element elementor-element-a2048ad elementor-widget elementor-widget-text-editor\" data-id=\"a2048ad\" data-element_type=\"widget\" data-widget_type=\"text-editor.default\">\n\t\t\t\t<div class=\"elementor-widget-container\">\n\t\t\t\t\t\t\t\t\t<p>Almanya\u2019n\u0131n hem\u015firelik sekt\u00f6r\u00fc, yurtd\u0131\u015f\u0131ndaki yetenekli profesyoneller i\u00e7in a\u00e7\u0131k kap\u0131lar ve geni\u015f imkanlar sunuyor. Bu, nitelikli personel a\u00e7\u0131\u011f\u0131n\u0131 avantaja d\u00f6n\u00fc\u015ft\u00fcrme f\u0131rsat\u0131d\u0131r.<\/p><p>MiKariyer Hem\u015fire Program\u0131, sizin benzersiz niteliklerinizi ve kariyer hedeflerinizi \u00f6n planda tutarak, Almanya\u2019n\u0131n sa\u011fl\u0131k sekt\u00f6r\u00fcnde sizin i\u00e7in en uygun kurumlar\u0131 bulma ve yerle\u015ftirme konusunda ki\u015fiye \u00f6zel profesyonel destek sunar.<\/p><p>Almanya\u2019da sa\u011fl\u0131k sekt\u00f6r\u00fcnde kariyer yapmak isteyen profesyoneller i\u00e7in kapsaml\u0131 ve h\u0131zl\u0131 bir ge\u00e7i\u015f sunar.<\/p>\t\t\t\t\t\t\t\t<\/div>\n\t\t\t\t<\/div>\n\t\t\t\t<div class=\"elementor-element elementor-element-54211ae elementor-widget elementor-widget-image\" data-id=\"54211ae\" data-element_type=\"widget\" data-widget_type=\"image.default\">\n\t\t\t\t<div class=\"elementor-widget-container\">\n\t\t\t\t\t\t\t\t\t\t\t\t\t\t\t<img fetchpriority=\"high\" decoding=\"async\" width=\"768\" height=\"660\" src=\"https:\/\/mikariyer.com\/wp-content\/uploads\/2024\/09\/woman-wearing-blue-hat-with-stethoscope-her-head-768x660.jpg\" class=\"attachment-infetech_thumbnail size-infetech_thumbnail wp-image-18455\" alt=\"\" \/>\t\t\t\t\t\t\t\t\t\t\t\t\t\t\t<\/div>\n\t\t\t\t<\/div>\n\t\t\t\t<div class=\"elementor-element elementor-element-63432ae elementor-widget elementor-widget-heading\" data-id=\"63432ae\" data-element_type=\"widget\" data-widget_type=\"heading.default\">\n\t\t\t\t<div class=\"elementor-widget-container\">\n\t\t\t\t\t<h4 class=\"elementor-heading-title elementor-size-default\">Verece\u011fimiz hizmetleri ana hatlar\u0131yla \u015fu \u015fekilde s\u0131ralayabiliriz;<\/h4>\t\t\t\t<\/div>\n\t\t\t\t<\/div>\n\t\t\t\t<div class=\"elementor-element elementor-element-7e1928d elementor-widget elementor-widget-text-editor\" data-id=\"7e1928d\" data-element_type=\"widget\" data-widget_type=\"text-editor.default\">\n\t\t\t\t<div class=\"elementor-widget-container\">\n\t\t\t\t\t\t\t\t\t<ul><li>Profil analizi ve kariyer planlama<\/li><li>Dil kursu<\/li><li>Denklik i\u015flemleri<\/li><li>\u0130\u015f bulma ve i\u015fe yerle\u015ftirme<\/li><li>Vize i\u015flemleri<\/li><li>\u0130lk geli\u015fte kar\u015f\u0131lama ve konaklama hizmetleri<\/li><li>\u00c7al\u0131\u015fma izni ve oturum i\u015flemleri<\/li><li>Sosyal adaptasyon deste\u011fi<\/li><\/ul><p>Bu ad\u0131mlar, Almanya\u2019da hem\u015fire olarak \u00e7al\u0131\u015fmak isteyen yurtd\u0131\u015f\u0131ndaki profesyoneller i\u00e7in temel bir rehber niteli\u011findedir. Her ad\u0131m\u0131n detaylar\u0131 ve gereklilikleri ki\u015fisel duruma g\u00f6re de\u011fi\u015fiklik g\u00f6sterebilir, bu nedenle her ad\u0131mda profesyonel dan\u0131\u015fmanl\u0131k almak \u00f6nemlidir.\u00a0<\/p><p>Uzaktan e\u011fitim imkanlar\u0131m\u0131zla, zaman ve mek\u00e2n s\u0131n\u0131rlar\u0131n\u0131 a\u015farak Almancan\u0131z\u0131 m\u00fckemmelle\u015ftirin. Online Genel Almanca Kurslar\u0131m\u0131z, esnek zaman se\u00e7enekleriyle herkesin ihtiyac\u0131na cevap verecek \u015fekilde tasarlanm\u0131\u015ft\u0131r. Alan\u0131nda uzman, ana dili Almanca olan e\u011fitmenlerimiz, interaktif ve canl\u0131 derslerle dil yolculu\u011funuzda size e\u015flik ediyor.<\/p><p>Kariyer hedeflerinize ula\u015fman\u0131n ilk ad\u0131m\u0131, MiKariyer ile Almanca \u00f6\u011frenmektir. Ba\u015fvuru formunu doldurarak ilk ad\u0131m\u0131 at\u0131n ve Almanya\u2019daki profesyonel yolculu\u011funuza bizimle ba\u015flay\u0131n.<\/p>\t\t\t\t\t\t\t\t<\/div>\n\t\t\t\t<\/div>\n\t\t\t\t<div class=\"elementor-element elementor-element-5c10755 elementor-blockquote--skin-boxed elementor-blockquote--align-center elementor-blockquote--button-color-official elementor-widget elementor-widget-blockquote\" data-id=\"5c10755\" data-element_type=\"widget\" data-widget_type=\"blockquote.default\">\n\t\t\t\t<div class=\"elementor-widget-container\">\n\t\t\t\t\t\t\t<blockquote class=\"elementor-blockquote\">\n\t\t\t<p class=\"elementor-blockquote__content\">\n\t\t\t\t\u00a0MiKariyer\u2019le, Hem\u015firelik kariyer \u00a0hayallerinizi ger\u00e7e\u011fe d\u00f6n\u00fc\u015ft\u00fcrelim.\t\t\t<\/p>\n\t\t\t\t\t<\/blockquote>\n\t\t\t\t\t\t<\/div>\n\t\t\t\t<\/div>\n\t\t\t\t<div class=\"elementor-element elementor-element-cba85ae elementor-widget elementor-widget-text-editor\" data-id=\"cba85ae\" data-element_type=\"widget\" data-widget_type=\"text-editor.default\">\n\t\t\t\t<div class=\"elementor-widget-container\">\n\t\t\t\t\t\t\t\t\t<p>MiKariyer Hem\u015fire Program\u0131\u2019n\u0131n sundu\u011fu destekle, kariyer yolculu\u011funuzda ba\u015ftan sona t\u00fcm s\u00fcre\u00e7te yan\u0131n\u0131zda olaca\u011f\u0131z.<\/p><p>MiKariyer Hem\u015fire Program\u0131 ilginizi \u00e7ektiyse ve Almanya\u2019da kariyerinizi \u015fekillendirmeye haz\u0131rsan\u0131z, l\u00fctfen ba\u015fvuru formumuzu doldurarak bizimle ileti\u015fime ge\u00e7in.<\/p>\t\t\t\t\t\t\t\t<\/div>\n\t\t\t\t<\/div>\n\t\t\t\t<div class=\"elementor-element elementor-element-c9e9c93 elementor-align-center elementor-widget elementor-widget-button\" data-id=\"c9e9c93\" data-element_type=\"widget\" data-widget_type=\"button.default\">\n\t\t\t\t<div class=\"elementor-widget-container\">\n\t\t\t\t\t\t\t\t\t<div class=\"elementor-button-wrapper\">\n\t\t\t\t\t<a class=\"elementor-button elementor-button-link elementor-size-sm\" href=\"https:\/\/mikariyer.com\/ru\/iletisim\/\">\n\t\t\t\t\t\t<span class=\"elementor-button-content-wrapper\">\n\t\t\t\t\t\t\t\t\t<span class=\"elementor-button-text\">\u0421\u0432\u044f\u0436\u0438\u0442\u0435\u0441\u044c \u0441 \u043d\u0430\u043c\u0438<\/span>\n\t\t\t\t\t<\/span>\n\t\t\t\t\t<\/a>\n\t\t\t\t<\/div>\n\t\t\t\t\t\t\t\t<\/div>\n\t\t\t\t<\/div>\n\t\t\t\t<\/div>\n\t\t\t\t<\/div>\n\t\t\t\t<\/div>","protected":false},"excerpt":{"rendered":"<p>Kariyer Hem\u015fire Almanya\u2019da Hem\u015firelik; Kariyerinize Can Verin, \u0130nsanlara Umut Olun! Almanya\u2019n\u0131n hem\u015firelik sekt\u00f6r\u00fc, yurtd\u0131\u015f\u0131ndaki yetenekli profesyoneller i\u00e7in a\u00e7\u0131k kap\u0131lar ve geni\u015f imkanlar sunuyor. Bu, nitelikli personel a\u00e7\u0131\u011f\u0131n\u0131 avantaja d\u00f6n\u00fc\u015ft\u00fcrme f\u0131rsat\u0131d\u0131r. MiKariyer Hem\u015fire Program\u0131, sizin benzersiz niteliklerinizi ve kariyer hedeflerinizi \u00f6n planda tutarak, Almanya\u2019n\u0131n sa\u011fl\u0131k sekt\u00f6r\u00fcnde sizin i\u00e7in en uygun kurumlar\u0131 bulma ve yerle\u015ftirme konusunda ki\u015fiye [&hellip;]<\/p>\n","protected":false},"author":3,"featured_media":0,"parent":15725,"menu_order":1,"comment_status":"closed","ping_status":"closed","template":"","meta":{"footnotes":""},"class_list":["post-15727","page","type-page","status-publish","hentry"],"_links":{"self":[{"href":"https:\/\/mikariyer.com\/ru\/wp-json\/wp\/v2\/pages\/15727","targetHints":{"allow":["GET"]}}],"collection":[{"href":"https:\/\/mikariyer.com\/ru\/wp-json\/wp\/v2\/pages"}],"about":[{"href":"https:\/\/mikariyer.com\/ru\/wp-json\/wp\/v2\/types\/page"}],"author":[{"embeddable":true,"href":"https:\/\/mikariyer.com\/ru\/wp-json\/wp\/v2\/users\/3"}],"replies":[{"embeddable":true,"href":"https:\/\/mikariyer.com\/ru\/wp-json\/wp\/v2\/comments?post=15727"}],"version-history":[{"count":1,"href":"https:\/\/mikariyer.com\/ru\/wp-json\/wp\/v2\/pages\/15727\/revisions"}],"predecessor-version":[{"id":18857,"href":"https:\/\/mikariyer.com\/ru\/wp-json\/wp\/v2\/pages\/15727\/revisions\/18857"}],"up":[{"embeddable":true,"href":"https:\/\/mikariyer.com\/ru\/wp-json\/wp\/v2\/pages\/15725"}],"wp:attachment":[{"href":"https:\/\/mikariyer.com\/ru\/wp-json\/wp\/v2\/media?parent=15727"}],"curies":[{"name":"wp","href":"https:\/\/api.w.org\/{rel}","templated":true}]}}