{"id":15767,"date":"2024-05-17T14:38:31","date_gmt":"2024-05-17T14:38:31","guid":{"rendered":"https:\/\/mikariyer.com\/?page_id=15767"},"modified":"2024-05-17T14:38:31","modified_gmt":"2024-05-17T14:38:31","slug":"sizin-icin-cozumlerimiz","status":"publish","type":"page","link":"https:\/\/mikariyer.com\/ru\/girisim-ve-yatirim\/sizin-icin-cozumlerimiz\/","title":{"rendered":"Sizin \u0130\u00e7in \u00c7\u00f6z\u00fcmlerimiz"},"content":{"rendered":"","protected":false},"excerpt":{"rendered":"","protected":false},"author":3,"featured_media":0,"parent":15763,"menu_order":2,"comment_status":"closed","ping_status":"closed","template":"","meta":{"footnotes":""},"class_list":["post-15767","page","type-page","status-publish","hentry"],"_links":{"self":[{"href":"https:\/\/mikariyer.com\/ru\/wp-json\/wp\/v2\/pages\/15767","targetHints":{"allow":["GET"]}}],"collection":[{"href":"https:\/\/mikariyer.com\/ru\/wp-json\/wp\/v2\/pages"}],"about":[{"href":"https:\/\/mikariyer.com\/ru\/wp-json\/wp\/v2\/types\/page"}],"author":[{"embeddable":true,"href":"https:\/\/mikariyer.com\/ru\/wp-json\/wp\/v2\/users\/3"}],"replies":[{"embeddable":true,"href":"https:\/\/mikariyer.com\/ru\/wp-json\/wp\/v2\/comments?post=15767"}],"version-history":[{"count":0,"href":"https:\/\/mikariyer.com\/ru\/wp-json\/wp\/v2\/pages\/15767\/revisions"}],"up":[{"embeddable":true,"href":"https:\/\/mikariyer.com\/ru\/wp-json\/wp\/v2\/pages\/15763"}],"wp:attachment":[{"href":"https:\/\/mikariyer.com\/ru\/wp-json\/wp\/v2\/media?parent=15767"}],"curies":[{"name":"wp","href":"https:\/\/api.w.org\/{rel}","templated":true}]}}