{"id":19363,"date":"2025-07-31T22:13:23","date_gmt":"2025-07-31T22:13:23","guid":{"rendered":"https:\/\/mikariyer.com\/?page_id=19363"},"modified":"2025-07-31T22:15:08","modified_gmt":"2025-07-31T22:15:08","slug":"praesenzsprachkurs","status":"publish","type":"page","link":"https:\/\/mikariyer.com\/ru\/sprachschule\/allgemeines-deutsch\/praesenzsprachkurs\/","title":{"rendered":"Pr\u00e4senzsprachkurs"},"content":{"rendered":"<div data-elementor-type=\"wp-page\" data-elementor-id=\"19363\" class=\"elementor elementor-19363\" data-elementor-post-type=\"page\">\n\t\t\t\t<div class=\"elementor-element elementor-element-12a0d29 e-con-full e-flex e-con e-parent\" data-id=\"12a0d29\" data-element_type=\"container\">\n\t\t<div class=\"elementor-element elementor-element-250d13b e-con-full e-flex e-con e-child\" data-id=\"250d13b\" data-element_type=\"container\">\n\t\t\t\t<div class=\"elementor-element elementor-element-8c3fd92 elementor-widget elementor-widget-shortcode\" data-id=\"8c3fd92\" data-element_type=\"widget\" data-widget_type=\"shortcode.default\">\n\t\t\t\t<div class=\"elementor-widget-container\">\n\t\t\t\t\t\t\t<div class=\"elementor-shortcode\">\t\t<div data-elementor-type=\"single-post\" data-elementor-id=\"16072\" class=\"elementor elementor-16072\" data-elementor-post-type=\"elementor_library\">\n\t\t\t<div class=\"elementor-element elementor-element-300316f elementor-hidden-mobile e-flex e-con-boxed e-con e-parent\" data-id=\"300316f\" data-element_type=\"container\" data-settings=\"{&quot;background_background&quot;:&quot;classic&quot;}\">\n\t\t\t\t\t<div class=\"e-con-inner\">\n\t\t<div class=\"elementor-element elementor-element-58b87ae e-con-full e-flex e-con e-child\" data-id=\"58b87ae\" data-element_type=\"container\">\n\t\t\t\t<div class=\"elementor-element elementor-element-ad0d9fd elementor-widget elementor-widget-infetech_elementor_heading\" data-id=\"ad0d9fd\" data-element_type=\"widget\" data-widget_type=\"infetech_elementor_heading.default\">\n\t\t\t\t<div class=\"elementor-widget-container\">\n\t\t\t\t\t\n\t\t\t<div class=\"ova-heading\">\n\t\t\t\t\n\t\t\t\t\n\t\t\t\t\n\t\t\t\t\t<h3 class=\"title\">\t\t\t\t\t\t\t\t\t\t\t\t\t<a href=\"https:\/\/mikariyer.com\/ru\/dil-okulu\/\" title=\"\">\u042f\u0417\u042b\u041a\u041e\u0412\u0410\u042f \u0428\u041a\u041e\u041b\u0410<\/a>\n\t\t\t\t\t\t\t\t\t\t\t<\/h3>\n                \n                \n\t\t\t<\/div>\n\n\t\t\t\t\t\t<\/div>\n\t\t\t\t<\/div>\n\t\t\t\t<div class=\"elementor-element elementor-element-a042caa elementor-nav-menu__text-align-aside elementor-widget elementor-widget-nav-menu\" data-id=\"a042caa\" data-element_type=\"widget\" data-settings=\"{&quot;layout&quot;:&quot;dropdown&quot;,&quot;submenu_icon&quot;:{&quot;value&quot;:&quot;&lt;svg class=\\&quot;e-font-icon-svg e-fas-caret-down\\&quot; viewBox=\\&quot;0 0 320 512\\&quot; xmlns=\\&quot;http:\\\/\\\/www.w3.org\\\/2000\\\/svg\\&quot;&gt;&lt;path d=\\&quot;M31.3 192h257.3c17.8 0 26.7 21.5 14.1 34.1L174.1 354.8c-7.8 7.8-20.5 7.8-28.3 0L17.2 226.1C4.6 213.5 13.5 192 31.3 192z\\&quot;&gt;&lt;\\\/path&gt;&lt;\\\/svg&gt;&quot;,&quot;library&quot;:&quot;fa-solid&quot;}}\" data-widget_type=\"nav-menu.default\">\n\t\t\t\t<div class=\"elementor-widget-container\">\n\t\t\t\t\t\t\t\t<nav class=\"elementor-nav-menu--dropdown elementor-nav-menu__container\" aria-hidden=\"true\">\n\t\t\t\t<ul id=\"menu-2-a042caa\" class=\"elementor-nav-menu\"><li class=\"menu-item menu-item-type-post_type menu-item-object-page menu-item-has-children menu-item-15909\"><a href=\"https:\/\/mikariyer.com\/ru\/dil-okulu\/genel-almanca\/\" class=\"elementor-item\" tabindex=\"-1\">\u041e\u0431\u0449\u0438\u0439 \u043d\u0435\u043c\u0435\u0446\u043a\u0438\u0439<\/a>\n<ul class=\"sub-menu elementor-nav-menu--dropdown\">\n\t<li class=\"menu-item menu-item-type-post_type menu-item-object-page menu-item-15911\"><a href=\"https:\/\/mikariyer.com\/ru\/dil-okulu\/genel-almanca\/online-dil-egitimi\/\" class=\"elementor-sub-item\" tabindex=\"-1\">\u042f\u0437\u044b\u043a\u043e\u0432\u043e\u0435 \u043e\u0431\u0440\u0430\u0437\u043e\u0432\u0430\u043d\u0438\u0435 \u043e\u043d\u043b\u0430\u0439\u043d<\/a><\/li>\n\t<li class=\"menu-item menu-item-type-post_type menu-item-object-page menu-item-15912\"><a href=\"https:\/\/mikariyer.com\/ru\/dil-okulu\/genel-almanca\/yuzyuze-dil-egitimi\/\" class=\"elementor-sub-item\" tabindex=\"-1\">\u041e\u0447\u043d\u044b\u0435 \u044f\u0437\u044b\u043a\u043e\u0432\u044b\u0435 \u043a\u0443\u0440\u0441\u044b<\/a><\/li>\n\t<li class=\"menu-item menu-item-type-post_type menu-item-object-page menu-item-15913\"><a href=\"https:\/\/mikariyer.com\/ru\/dil-okulu\/genel-almanca\/almanyada-b2-kursu\/\" class=\"elementor-sub-item\" tabindex=\"-1\">\u041a\u0443\u0440\u0441 B2 \u0432 \u0413\u0435\u0440\u043c\u0430\u043d\u0438\u0438<\/a><\/li>\n\t<li class=\"menu-item menu-item-type-post_type menu-item-object-page menu-item-15914\"><a href=\"https:\/\/mikariyer.com\/ru\/dil-okulu\/genel-almanca\/aile-birlesimi\/\" class=\"elementor-sub-item\" tabindex=\"-1\">\u0412\u043e\u0441\u0441\u043e\u0435\u0434\u0438\u043d\u0435\u043d\u0438\u0435 \u0441\u0435\u043c\u044c\u0438<\/a><\/li>\n<\/ul>\n<\/li>\n<li class=\"menu-item menu-item-type-post_type menu-item-object-page menu-item-has-children menu-item-15915\"><a href=\"https:\/\/mikariyer.com\/ru\/dil-okulu\/mesleki-almanca\/\" class=\"elementor-item\" tabindex=\"-1\">\u041f\u0440\u043e\u0444\u0435\u0441\u0441\u0438\u043e\u043d\u0430\u043b\u044c\u043d\u044b\u0439 \u043d\u0435\u043c\u0435\u0446\u043a\u0438\u0439<\/a>\n<ul class=\"sub-menu elementor-nav-menu--dropdown\">\n\t<li class=\"menu-item menu-item-type-post_type menu-item-object-page menu-item-15916\"><a href=\"https:\/\/mikariyer.com\/ru\/dil-okulu\/mesleki-almanca\/genel-saglik-dil-egitimi\/\" class=\"elementor-sub-item\" tabindex=\"-1\">\u042f\u0437\u044b\u043a\u043e\u0432\u0430\u044f \u043f\u043e\u0434\u0433\u043e\u0442\u043e\u0432\u043a\u0430 \u0432 \u043e\u0431\u043b\u0430\u0441\u0442\u0438 \u043e\u0431\u0449\u0435\u0433\u043e \u0437\u0434\u043e\u0440\u043e\u0432\u044c\u044f<\/a><\/li>\n\t<li class=\"menu-item menu-item-type-post_type menu-item-object-page menu-item-15917\"><a href=\"https:\/\/mikariyer.com\/ru\/dil-okulu\/mesleki-almanca\/hizlandirilmis-kurs\/\" class=\"elementor-sub-item\" tabindex=\"-1\">\u0423\u0441\u043a\u043e\u0440\u0435\u043d\u043d\u044b\u0439 \u043a\u0443\u0440\u0441<\/a><\/li>\n\t<li class=\"menu-item menu-item-type-post_type menu-item-object-page menu-item-15918\"><a href=\"https:\/\/mikariyer.com\/ru\/dil-okulu\/mesleki-almanca\/doktorlar-icin-fsp-kursu\/\" class=\"elementor-sub-item\" tabindex=\"-1\">\u041a\u0443\u0440\u0441 FSP \u0434\u043b\u044f \u0432\u0440\u0430\u0447\u0435\u0439<\/a><\/li>\n<\/ul>\n<\/li>\n<li class=\"menu-item menu-item-type-post_type menu-item-object-page menu-item-15919\"><a href=\"https:\/\/mikariyer.com\/ru\/dil-okulu\/yaz-okulu\/\" class=\"elementor-item\" tabindex=\"-1\">\u041b\u0435\u0442\u043d\u044f\u044f \u0448\u043a\u043e\u043b\u0430<\/a><\/li>\n<\/ul>\t\t\t<\/nav>\n\t\t\t\t\t\t<\/div>\n\t\t\t\t<\/div>\n\t\t\t\t<div class=\"elementor-element elementor-element-d84be28 elementor-widget elementor-widget-infetech_elementor_heading\" data-id=\"d84be28\" data-element_type=\"widget\" data-widget_type=\"infetech_elementor_heading.default\">\n\t\t\t\t<div class=\"elementor-widget-container\">\n\t\t\t\t\t\n\t\t\t<div class=\"ova-heading\">\n\t\t\t\t\n\t\t\t\t\t\t\t\t\t<h2 class=\"sub-title\">\n\t\t\t\t\t\t<span class=\"underlined\"><\/span>\n\t\t\t\t\t\tMiCareer\t\t\t\t\t<\/h2>\t\n\t\t\t\t\n\t\t\t\t\n\t\t\t\t\t<h3 class=\"title\">\t\t\t\t\t\t\t\t\t\t\t\t\t<a href=\"https:\/\/mikariyer.com\/ru\/iletisim\/\" title=\"\">\u0421\u0432\u044f\u0436\u0438\u0442\u0435\u0441\u044c \u0441 \u043d\u0430\u043c\u0438<\/a>\n\t\t\t\t\t\t\t\t\t\t\t<\/h3>\n                \n                \n\t\t\t<\/div>\n\n\t\t\t\t\t\t<\/div>\n\t\t\t\t<\/div>\n\t\t\t\t<div class=\"elementor-element elementor-element-8ec5c6c elementor-widget elementor-widget-infetech_elementor_contact_info\" data-id=\"8ec5c6c\" data-element_type=\"widget\" data-widget_type=\"infetech_elementor_contact_info.default\">\n\t\t\t\t<div class=\"elementor-widget-container\">\n\t\t\t\t\t\t\t\t<div class=\"ova-contact-info template2\">\n\t\t\t\t\n\t\t\t\t\t\t\t\t\t\t\t\t\t\t\t<div class=\"circle\">\n\t\t\t\t\t\t\t<div class=\"icon\">\n\t\t\t\t\t\t\t\t<i class=\"ovaicon ovaicon-phone-call\"><\/i>\n\t\t\t\t\t\t\t<\/div>\n\t\t\t\t\t\t<\/div>\t\n\t\t\t\t    \t\t\t    \t\t\t\t\n\t\t\t\t<div class=\"contact\">\n\t\t\t\t\t\n\t\t\t\t\t\t\t\t\t\t\t<div class=\"label\">\n\t\t\t\t\t\t\t\u041a\u043e\u043d\u0442\u0430\u043a\u0442\u043d\u044b\u0439 \u043d\u043e\u043c\u0435\u0440\t\t\t\t\t\t<\/div>\n\t\t\t\t\t\n\t\t\t\t\t<ul class=\"info\">\n\t\t\t\t\t\t\t\t\t\t\t\t\t<li class=\"item\">\n\n\t\t\t\t\t\t\t\t<a href=\"https:\/\/wa.me\/4917684915411\" title=\"+ 49 17684915411\">+ 49 17684915411<\/a>\t\t\t\t\t\t\t<\/li>\n\t\t\t\t\t\t\t\t\t\t\t<\/ul>\n\n\t\t\t\t<\/div>\n\n\t\t\t<\/div>\n\n\t\t\t\t\t\t<\/div>\n\t\t\t\t<\/div>\n\t\t\t\t<div class=\"elementor-element elementor-element-c28735c elementor-widget elementor-widget-infetech_elementor_contact_info\" data-id=\"c28735c\" data-element_type=\"widget\" data-widget_type=\"infetech_elementor_contact_info.default\">\n\t\t\t\t<div class=\"elementor-widget-container\">\n\t\t\t\t\t\t\t\t<div class=\"ova-contact-info template2\">\n\t\t\t\t\n\t\t\t\t\t\t\t\t\t\t\t\t\t\t\t<div class=\"circle\">\n\t\t\t\t\t\t\t<div class=\"icon\">\n\t\t\t\t\t\t\t\t<i class=\"ovaicon ovaicon-email\"><\/i>\n\t\t\t\t\t\t\t<\/div>\n\t\t\t\t\t\t<\/div>\t\n\t\t\t\t    \t\t\t    \t\t\t\t\n\t\t\t\t<div class=\"contact\">\n\t\t\t\t\t\n\t\t\t\t\t\t\t\t\t\t\t<div class=\"label\">\n\t\t\t\t\t\t\t\u041d\u0430\u0448 \u043f\u043e\u0447\u0442\u043e\u0432\u044b\u0439 \u0430\u0434\u0440\u0435\u0441\t\t\t\t\t\t<\/div>\n\t\t\t\t\t\n\t\t\t\t\t<ul class=\"info\">\n\t\t\t\t\t\t\t\t\t\t\t\t\t<li class=\"item\">\n\n\t\t\t\t\t\t\t\t\t\t\t\t\t\t\t\t\t\t\t<a href=\"mailto:info@mikariyer.com\" title=\"email\">\n\t\t\t\t\t\t\t\t\t\t\t\tinfo@mikariyer.com\t\t\t\t\t\t\t\t\t\t\t<\/a>\n\t\t\t\t\t\t\t\t\t\t\t\t\t\t\t\t\t<\/li>\n\t\t\t\t\t\t\t\t\t\t\t<\/ul>\n\n\t\t\t\t<\/div>\n\n\t\t\t<\/div>\n\n\t\t\t\t\t\t<\/div>\n\t\t\t\t<\/div>\n\t\t\t\t<div class=\"elementor-element elementor-element-2ae9b06 elementor-widget elementor-widget-infetech_elementor_contact_info\" data-id=\"2ae9b06\" data-element_type=\"widget\" data-widget_type=\"infetech_elementor_contact_info.default\">\n\t\t\t\t<div class=\"elementor-widget-container\">\n\t\t\t\t\t\t\t\t<div class=\"ova-contact-info template2\">\n\t\t\t\t\n\t\t\t\t\t\t\t\t\t\t\t\t\t\t\t<div class=\"circle\">\n\t\t\t\t\t\t\t<div class=\"icon\">\n\t\t\t\t\t\t\t\t<i class=\"far fa-map\"><\/i>\n\t\t\t\t\t\t\t<\/div>\n\t\t\t\t\t\t<\/div>\t\n\t\t\t\t    \t\t\t    \t\t\t\t\n\t\t\t\t<div class=\"contact\">\n\t\t\t\t\t\n\t\t\t\t\t\t\t\t\t\t\t<div class=\"label\">\n\t\t\t\t\t\t\t\u041d\u0430\u0448 \u0430\u0434\u0440\u0435\u0441\t\t\t\t\t\t<\/div>\n\t\t\t\t\t\n\t\t\t\t\t<ul class=\"info\">\n\t\t\t\t\t\t\t\t\t\t\t\t\t<li class=\"item\">\n\n\t\t\t\t\t\t\t\t<a href=\"https:\/\/maps.app.goo.gl\/HDJiQThZhUDnXWy77\" target=\"_blank\" title=\"338A \u0420\u0438\u0434\u0436\u0435\u043d\u0442\u0441-\u043f\u0430\u0440\u043a \u0420\u043e\u0443\u0434 \u041e\u0444\u0438\u0441\u044b 3 \u0438 4 \u041b\u043e\u043d\u0434\u043e\u043d \u0412\u0435\u043b\u0438\u043a\u043e\u0431\u0440\u0438\u0442\u0430\u043d\u0438\u044f N3 2LN\">338A \u0420\u0438\u0434\u0436\u0435\u043d\u0442\u0441-\u043f\u0430\u0440\u043a \u0420\u043e\u0443\u0434 \u041e\u0444\u0438\u0441\u044b 3 \u0438 4 \u041b\u043e\u043d\u0434\u043e\u043d \u0412\u0435\u043b\u0438\u043a\u043e\u0431\u0440\u0438\u0442\u0430\u043d\u0438\u044f N3 2LN<\/a>\t\t\t\t\t\t\t<\/li>\n\t\t\t\t\t\t\t\t\t\t\t<\/ul>\n\n\t\t\t\t<\/div>\n\n\t\t\t<\/div>\n\n\t\t\t\t\t\t<\/div>\n\t\t\t\t<\/div>\n\t\t\t\t<\/div>\n\t\t\t\t\t<\/div>\n\t\t\t\t<\/div>\n\t\t\t\t<\/div>\n\t\t<\/div>\n\t\t\t\t\t\t<\/div>\n\t\t\t\t<\/div>\n\t\t\t\t<\/div>\n\t\t<div class=\"elementor-element elementor-element-c6e6697 e-con-full e-flex e-con e-child\" data-id=\"c6e6697\" data-element_type=\"container\">\n\t\t\t\t<div class=\"elementor-element elementor-element-053c0c0 elementor-widget elementor-widget-infetech_elementor_heading\" data-id=\"053c0c0\" data-element_type=\"widget\" data-widget_type=\"infetech_elementor_heading.default\">\n\t\t\t\t<div class=\"elementor-widget-container\">\n\t\t\t\t\t\n\t\t\t<div class=\"ova-heading\">\n\t\t\t\t\n\t\t\t\t\t\t\t\t\t<h2 class=\"sub-title\">\n\t\t\t\t\t\t<span class=\"underlined\"><\/span>\n\t\t\t\t\t\t\u041e\u0431\u0449\u0438\u0439 \u043d\u0435\u043c\u0435\u0446\u043a\u0438\u0439\t\t\t\t\t<\/h2>\t\n\t\t\t\t\n\t\t\t\t\n\t\t\t\t\t<h2 class=\"title\">\t\t\t\t\t\t\t\t\t\t\t\t\t<a href=\"https:\/\/mikariyer.com\/ru\/dil-okulu\/genel-almanca\/yuzyuze-dil-egitimi\/\" title=\"\">Pr\u00e4senzsprachkurs<\/a>\n\t\t\t\t\t\t\t\t\t\t\t<\/h2>\n                \n                \n\t\t\t<\/div>\n\n\t\t\t\t\t\t<\/div>\n\t\t\t\t<\/div>\n\t\t\t\t<div class=\"elementor-element elementor-element-5151072 elementor-blockquote--skin-boxed elementor-blockquote--align-center elementor-blockquote--button-color-official elementor-widget elementor-widget-blockquote\" data-id=\"5151072\" data-element_type=\"widget\" data-widget_type=\"blockquote.default\">\n\t\t\t\t<div class=\"elementor-widget-container\">\n\t\t\t\t\t\t\t<blockquote class=\"elementor-blockquote\">\n\t\t\t<p class=\"elementor-blockquote__content\">\n\t\t\t\tLernen Sie Deutsch mit MiKariyer \u2013 und machen Sie den ersten Schritt in Ihre berufliche Zukunft in Deutschland.\t\t\t<\/p>\n\t\t\t\t\t<\/blockquote>\n\t\t\t\t\t\t<\/div>\n\t\t\t\t<\/div>\n\t\t\t\t<div class=\"elementor-element elementor-element-bb1555d elementor-widget elementor-widget-text-editor\" data-id=\"bb1555d\" data-element_type=\"widget\" data-widget_type=\"text-editor.default\">\n\t\t\t\t<div class=\"elementor-widget-container\">\n\t\t\t\t\t\t\t\t\t<p>Der Pr\u00e4senzunterricht im Fach Deutsch ist die effektivste Methode, um sprachliche Feinheiten, korrekte Aussprache und den kulturellen Kontext hautnah zu erleben. Der unmittelbare Kontakt f\u00f6rdert die aktive Sprachpraxis und unterst\u00fctzt das tiefgehende Verst\u00e4ndnis der Ausdrucksvielfalt des Deutschen.<\/p>\t\t\t\t\t\t\t\t<\/div>\n\t\t\t\t<\/div>\n\t\t\t\t<div class=\"elementor-element elementor-element-1a6ac7e elementor-widget elementor-widget-image\" data-id=\"1a6ac7e\" data-element_type=\"widget\" data-widget_type=\"image.default\">\n\t\t\t\t<div class=\"elementor-widget-container\">\n\t\t\t\t\t\t\t\t\t\t\t\t\t\t\t<img fetchpriority=\"high\" decoding=\"async\" width=\"768\" height=\"437\" src=\"https:\/\/mikariyer.com\/wp-content\/uploads\/2024\/06\/designers-with-blueprint-color-samples-1-768x437.jpg\" class=\"attachment-medium_large size-medium_large wp-image-18232\" alt=\"\" srcset=\"https:\/\/mikariyer.com\/wp-content\/uploads\/2024\/06\/designers-with-blueprint-color-samples-1-768x437.jpg 768w, https:\/\/mikariyer.com\/wp-content\/uploads\/2024\/06\/designers-with-blueprint-color-samples-1-300x171.jpg 300w, https:\/\/mikariyer.com\/wp-content\/uploads\/2024\/06\/designers-with-blueprint-color-samples-1-1024x583.jpg 1024w, https:\/\/mikariyer.com\/wp-content\/uploads\/2024\/06\/designers-with-blueprint-color-samples-1-1536x874.jpg 1536w, https:\/\/mikariyer.com\/wp-content\/uploads\/2024\/06\/designers-with-blueprint-color-samples-1-2048x1165.jpg 2048w\" sizes=\"(max-width: 768px) 100vw, 768px\" \/>\t\t\t\t\t\t\t\t\t\t\t\t\t\t\t<\/div>\n\t\t\t\t<\/div>\n\t\t\t\t<div class=\"elementor-element elementor-element-003b6f4 elementor-blockquote--skin-boxed elementor-blockquote--align-center elementor-blockquote--button-color-official elementor-widget elementor-widget-blockquote\" data-id=\"003b6f4\" data-element_type=\"widget\" data-widget_type=\"blockquote.default\">\n\t\t\t\t<div class=\"elementor-widget-container\">\n\t\t\t\t\t\t\t<blockquote class=\"elementor-blockquote\">\n\t\t\t<p class=\"elementor-blockquote__content\">\n\t\t\t\tGl\u00e4nzen Sie mit Deutsch auf dem internationalen Arbeitsmarkt!\t\t\t<\/p>\n\t\t\t\t\t<\/blockquote>\n\t\t\t\t\t\t<\/div>\n\t\t\t\t<\/div>\n\t\t\t\t<div class=\"elementor-element elementor-element-8374e73 elementor-widget elementor-widget-text-editor\" data-id=\"8374e73\" data-element_type=\"widget\" data-widget_type=\"text-editor.default\">\n\t\t\t\t<div class=\"elementor-widget-container\">\n\t\t\t\t\t\t\t\t\t<p><strong>\u00a0<\/strong><\/p><p>Unsere Pr\u00e4senzkurse bei MiKariyer bieten Ihnen die M\u00f6glichkeit, Deutsch durch direkte Erfahrung zu lernen \u2013 in interaktiven Gruppen mit Teilnehmer:innen aus aller Welt. W\u00e4hrend Sie sich optimal auf die Sprachpr\u00fcfungen von Goethe-Institut und<\/p><p>\u00a0<\/p><p>TELC vorbereiten, verbessern Sie gleichzeitig Ihre Aussprache und das Sprachgef\u00fchl im Echtzeitdialog.<\/p><p>F\u00fcr Fachbereiche wie Pflege oder Therapieberufe bieten wir gezielte Fachsprachkurse an, die Sie sprachlich und fachlich auf eine globale Karriere vorbereiten. Mit 100 % Deutschunterricht \u00f6ffnen Sie nicht nur die T\u00fcr zur Sprache, sondern auch zur deutschen Kultur.<\/p><p>Deutsch ist Ihre wertvollste Ressource auf dem deutschen Arbeitsmarkt. MiKariyer begleitet Sie vom Einstieg bis zur sprachlichen Perfektion \u2013 praxisnah, individuell und strategisch ausgerichtet.<\/p><p>Unsere Pr\u00e4senzkurse mit flexiblen Zeitmodellen richten sich nach Ihrem Bedarf. Muttersprachliche Dozent:innen f\u00fchren Sie durch interaktive und lebendige Unterrichtseinheiten.<\/p><h4>Lernen Sie Deutsch mit MiKariyer \u2013 und machen Sie den ersten Schritt in Ihre berufliche Zukunft in Deutschland.<\/h4><p>F\u00fcllen Sie das Bewerbungsformular aus und starten Sie Ihr Sprachabenteuer mit uns.<\/p>\t\t\t\t\t\t\t\t<\/div>\n\t\t\t\t<\/div>\n\t\t\t\t<div class=\"elementor-element elementor-element-1e99112 elementor-align-center elementor-widget elementor-widget-button\" data-id=\"1e99112\" data-element_type=\"widget\" data-widget_type=\"button.default\">\n\t\t\t\t<div class=\"elementor-widget-container\">\n\t\t\t\t\t\t\t\t\t<div class=\"elementor-button-wrapper\">\n\t\t\t\t\t<a class=\"elementor-button elementor-button-link elementor-size-sm\" href=\"https:\/\/mikariyer.com\/ru\/iletisim\/\">\n\t\t\t\t\t\t<span class=\"elementor-button-content-wrapper\">\n\t\t\t\t\t\t\t\t\t<span class=\"elementor-button-text\">\u0421\u0432\u044f\u0436\u0438\u0442\u0435\u0441\u044c \u0441 \u043d\u0430\u043c\u0438<\/span>\n\t\t\t\t\t<\/span>\n\t\t\t\t\t<\/a>\n\t\t\t\t<\/div>\n\t\t\t\t\t\t\t\t<\/div>\n\t\t\t\t<\/div>\n\t\t\t\t<\/div>\n\t\t\t\t<\/div>\n\t\t\t\t<\/div>","protected":false},"excerpt":{"rendered":"<p>Genel Almanca Pr\u00e4senzsprachkurs Lernen Sie Deutsch mit MiKariyer \u2013 und machen Sie den ersten Schritt in Ihre berufliche Zukunft in Deutschland. Der Pr\u00e4senzunterricht im Fach Deutsch ist die effektivste Methode, um sprachliche Feinheiten, korrekte Aussprache und den kulturellen Kontext hautnah zu erleben. Der unmittelbare Kontakt f\u00f6rdert die aktive Sprachpraxis und unterst\u00fctzt das tiefgehende Verst\u00e4ndnis der [&hellip;]<\/p>\n","protected":false},"author":3,"featured_media":0,"parent":19340,"menu_order":2,"comment_status":"closed","ping_status":"closed","template":"","meta":{"footnotes":""},"class_list":["post-19363","page","type-page","status-publish","hentry"],"_links":{"self":[{"href":"https:\/\/mikariyer.com\/ru\/wp-json\/wp\/v2\/pages\/19363","targetHints":{"allow":["GET"]}}],"collection":[{"href":"https:\/\/mikariyer.com\/ru\/wp-json\/wp\/v2\/pages"}],"about":[{"href":"https:\/\/mikariyer.com\/ru\/wp-json\/wp\/v2\/types\/page"}],"author":[{"embeddable":true,"href":"https:\/\/mikariyer.com\/ru\/wp-json\/wp\/v2\/users\/3"}],"replies":[{"embeddable":true,"href":"https:\/\/mikariyer.com\/ru\/wp-json\/wp\/v2\/comments?post=19363"}],"version-history":[{"count":4,"href":"https:\/\/mikariyer.com\/ru\/wp-json\/wp\/v2\/pages\/19363\/revisions"}],"predecessor-version":[{"id":19369,"href":"https:\/\/mikariyer.com\/ru\/wp-json\/wp\/v2\/pages\/19363\/revisions\/19369"}],"up":[{"embeddable":true,"href":"https:\/\/mikariyer.com\/ru\/wp-json\/wp\/v2\/pages\/19340"}],"wp:attachment":[{"href":"https:\/\/mikariyer.com\/ru\/wp-json\/wp\/v2\/media?parent=19363"}],"curies":[{"name":"wp","href":"https:\/\/api.w.org\/{rel}","templated":true}]}}