{"id":19508,"date":"2025-08-01T00:19:06","date_gmt":"2025-08-01T00:19:06","guid":{"rendered":"https:\/\/mikariyer.com\/?page_id=19508"},"modified":"2025-08-01T00:21:59","modified_gmt":"2025-08-01T00:21:59","slug":"integrationsservice","status":"publish","type":"page","link":"https:\/\/mikariyer.com\/ru\/unsere-weiteren-dienstleistungen\/integrationsservice\/","title":{"rendered":"INTEGRATIONSSERVICE"},"content":{"rendered":"<div data-elementor-type=\"wp-page\" data-elementor-id=\"19508\" class=\"elementor elementor-19508\" data-elementor-post-type=\"page\">\n\t\t\t\t<div class=\"elementor-element elementor-element-5ac2a9f e-con-full e-flex e-con e-parent\" data-id=\"5ac2a9f\" data-element_type=\"container\">\n\t\t<div class=\"elementor-element elementor-element-92cc63d e-con-full e-flex e-con e-child\" data-id=\"92cc63d\" data-element_type=\"container\">\n\t\t\t\t<div class=\"elementor-element elementor-element-d8b61ad elementor-widget elementor-widget-shortcode\" data-id=\"d8b61ad\" data-element_type=\"widget\" data-widget_type=\"shortcode.default\">\n\t\t\t\t<div class=\"elementor-widget-container\">\n\t\t\t\t\t\t\t<div class=\"elementor-shortcode\">\t\t<div data-elementor-type=\"single-page\" data-elementor-id=\"16347\" class=\"elementor elementor-16347\" data-elementor-post-type=\"elementor_library\">\n\t\t\t<div class=\"elementor-element elementor-element-23e8416 elementor-hidden-mobile e-flex e-con-boxed e-con e-parent\" data-id=\"23e8416\" data-element_type=\"container\" data-settings=\"{&quot;background_background&quot;:&quot;classic&quot;}\">\n\t\t\t\t\t<div class=\"e-con-inner\">\n\t\t<div class=\"elementor-element elementor-element-bdbde6c e-flex e-con-boxed e-con e-child\" data-id=\"bdbde6c\" data-element_type=\"container\" data-settings=\"{&quot;background_background&quot;:&quot;classic&quot;}\">\n\t\t\t\t\t<div class=\"e-con-inner\">\n\t\t\t\t<div class=\"elementor-element elementor-element-bccc45b elementor-widget elementor-widget-infetech_elementor_heading\" data-id=\"bccc45b\" data-element_type=\"widget\" data-widget_type=\"infetech_elementor_heading.default\">\n\t\t\t\t<div class=\"elementor-widget-container\">\n\t\t\t\t\t\n\t\t\t<div class=\"ova-heading\">\n\t\t\t\t\n\t\t\t\t\n\t\t\t\t\n\t\t\t\t\t<h3 class=\"title\">\t\t\t\t\t\t\t\t\t\t\t\t\t<a href=\"https:\/\/mikariyer.com\/ru\/diger-hizmetlerimiz\/\" title=\"\">\u041f\u0420\u041e\u0427\u0418\u0415 \u0423\u0421\u041b\u0423\u0413\u0418<\/a>\n\t\t\t\t\t\t\t\t\t\t\t<\/h3>\n                \n                \n\t\t\t<\/div>\n\n\t\t\t\t\t\t<\/div>\n\t\t\t\t<\/div>\n\t\t\t\t<div class=\"elementor-element elementor-element-9ef49f3 elementor-nav-menu__text-align-aside elementor-widget elementor-widget-nav-menu\" data-id=\"9ef49f3\" data-element_type=\"widget\" data-settings=\"{&quot;layout&quot;:&quot;dropdown&quot;,&quot;submenu_icon&quot;:{&quot;value&quot;:&quot;&lt;svg class=\\&quot;e-font-icon-svg e-fas-caret-down\\&quot; viewBox=\\&quot;0 0 320 512\\&quot; xmlns=\\&quot;http:\\\/\\\/www.w3.org\\\/2000\\\/svg\\&quot;&gt;&lt;path d=\\&quot;M31.3 192h257.3c17.8 0 26.7 21.5 14.1 34.1L174.1 354.8c-7.8 7.8-20.5 7.8-28.3 0L17.2 226.1C4.6 213.5 13.5 192 31.3 192z\\&quot;&gt;&lt;\\\/path&gt;&lt;\\\/svg&gt;&quot;,&quot;library&quot;:&quot;fa-solid&quot;}}\" data-widget_type=\"nav-menu.default\">\n\t\t\t\t<div class=\"elementor-widget-container\">\n\t\t\t\t\t\t\t\t<nav class=\"elementor-nav-menu--dropdown elementor-nav-menu__container\" aria-hidden=\"true\">\n\t\t\t\t<ul id=\"menu-2-9ef49f3\" class=\"elementor-nav-menu\"><li class=\"menu-item menu-item-type-post_type menu-item-object-page menu-item-15920\"><a href=\"https:\/\/mikariyer.com\/ru\/diger-hizmetlerimiz\/denklik\/\" class=\"elementor-item\" tabindex=\"-1\">\u042d\u043a\u0432\u0438\u0432\u0430\u043b\u0435\u043d\u0442\u043d\u043e\u0441\u0442\u044c<\/a><\/li>\n<li class=\"menu-item menu-item-type-post_type menu-item-object-page menu-item-15922\"><a href=\"https:\/\/mikariyer.com\/ru\/diger-hizmetlerimiz\/vize\/\" class=\"elementor-item\" tabindex=\"-1\">\u0412\u0438\u0437\u0430<\/a><\/li>\n<li class=\"menu-item menu-item-type-post_type menu-item-object-page menu-item-15923\"><a href=\"https:\/\/mikariyer.com\/ru\/diger-hizmetlerimiz\/konaklama\/\" class=\"elementor-item\" tabindex=\"-1\">\u0420\u0430\u0437\u043c\u0435\u0449\u0435\u043d\u0438\u0435<\/a><\/li>\n<li class=\"menu-item menu-item-type-post_type menu-item-object-page menu-item-15924\"><a href=\"https:\/\/mikariyer.com\/ru\/diger-hizmetlerimiz\/oturum\/\" class=\"elementor-item\" tabindex=\"-1\">\u0421\u0435\u0441\u0441\u0438\u044f<\/a><\/li>\n<li class=\"menu-item menu-item-type-post_type menu-item-object-page menu-item-15925\"><a href=\"https:\/\/mikariyer.com\/ru\/diger-hizmetlerimiz\/sosyal-adaptasyon\/\" class=\"elementor-item\" tabindex=\"-1\">\u0421\u043e\u0446\u0438\u0430\u043b\u044c\u043d\u0430\u044f \u0430\u0434\u0430\u043f\u0442\u0430\u0446\u0438\u044f<\/a><\/li>\n<\/ul>\t\t\t<\/nav>\n\t\t\t\t\t\t<\/div>\n\t\t\t\t<\/div>\n\t\t\t\t<div class=\"elementor-element elementor-element-a61bd9f elementor-widget elementor-widget-infetech_elementor_heading\" data-id=\"a61bd9f\" data-element_type=\"widget\" data-widget_type=\"infetech_elementor_heading.default\">\n\t\t\t\t<div class=\"elementor-widget-container\">\n\t\t\t\t\t\n\t\t\t<div class=\"ova-heading\">\n\t\t\t\t\n\t\t\t\t\t\t\t\t\t<h2 class=\"sub-title\">\n\t\t\t\t\t\t<span class=\"underlined\"><\/span>\n\t\t\t\t\t\tMiCareer\t\t\t\t\t<\/h2>\t\n\t\t\t\t\n\t\t\t\t\n\t\t\t\t\t<h3 class=\"title\">\t\t\t\t\t\t\t\t\t\t\t\t\t<a href=\"https:\/\/mikariyer.com\/ru\/iletisim\/\" title=\"\">\u0421\u0432\u044f\u0436\u0438\u0442\u0435\u0441\u044c \u0441 \u043d\u0430\u043c\u0438<\/a>\n\t\t\t\t\t\t\t\t\t\t\t<\/h3>\n                \n                \n\t\t\t<\/div>\n\n\t\t\t\t\t\t<\/div>\n\t\t\t\t<\/div>\n\t\t\t\t<div class=\"elementor-element elementor-element-c966e89 elementor-widget elementor-widget-infetech_elementor_contact_info\" data-id=\"c966e89\" data-element_type=\"widget\" data-widget_type=\"infetech_elementor_contact_info.default\">\n\t\t\t\t<div class=\"elementor-widget-container\">\n\t\t\t\t\t\t\t\t<div class=\"ova-contact-info template2\">\n\t\t\t\t\n\t\t\t\t\t\t\t\t\t\t\t\t\t\t\t<div class=\"circle\">\n\t\t\t\t\t\t\t<div class=\"icon\">\n\t\t\t\t\t\t\t\t<i class=\"ovaicon ovaicon-phone-call\"><\/i>\n\t\t\t\t\t\t\t<\/div>\n\t\t\t\t\t\t<\/div>\t\n\t\t\t\t    \t\t\t    \t\t\t\t\n\t\t\t\t<div class=\"contact\">\n\t\t\t\t\t\n\t\t\t\t\t\t\t\t\t\t\t<div class=\"label\">\n\t\t\t\t\t\t\t\u041a\u043e\u043d\u0442\u0430\u043a\u0442\u043d\u044b\u0439 \u043d\u043e\u043c\u0435\u0440\t\t\t\t\t\t<\/div>\n\t\t\t\t\t\n\t\t\t\t\t<ul class=\"info\">\n\t\t\t\t\t\t\t\t\t\t\t\t\t<li class=\"item\">\n\n\t\t\t\t\t\t\t\t<a href=\"https:\/\/wa.me\/4917684915411\" title=\"+ 49 17684915411\">+ 49 17684915411<\/a>\t\t\t\t\t\t\t<\/li>\n\t\t\t\t\t\t\t\t\t\t\t<\/ul>\n\n\t\t\t\t<\/div>\n\n\t\t\t<\/div>\n\n\t\t\t\t\t\t<\/div>\n\t\t\t\t<\/div>\n\t\t\t\t<div class=\"elementor-element elementor-element-466d345 elementor-widget elementor-widget-infetech_elementor_contact_info\" data-id=\"466d345\" data-element_type=\"widget\" data-widget_type=\"infetech_elementor_contact_info.default\">\n\t\t\t\t<div class=\"elementor-widget-container\">\n\t\t\t\t\t\t\t\t<div class=\"ova-contact-info template2\">\n\t\t\t\t\n\t\t\t\t\t\t\t\t\t\t\t\t\t\t\t<div class=\"circle\">\n\t\t\t\t\t\t\t<div class=\"icon\">\n\t\t\t\t\t\t\t\t<i class=\"ovaicon ovaicon-email\"><\/i>\n\t\t\t\t\t\t\t<\/div>\n\t\t\t\t\t\t<\/div>\t\n\t\t\t\t    \t\t\t    \t\t\t\t\n\t\t\t\t<div class=\"contact\">\n\t\t\t\t\t\n\t\t\t\t\t\t\t\t\t\t\t<div class=\"label\">\n\t\t\t\t\t\t\t\u041d\u0430\u0448 \u043f\u043e\u0447\u0442\u043e\u0432\u044b\u0439 \u0430\u0434\u0440\u0435\u0441\t\t\t\t\t\t<\/div>\n\t\t\t\t\t\n\t\t\t\t\t<ul class=\"info\">\n\t\t\t\t\t\t\t\t\t\t\t\t\t<li class=\"item\">\n\n\t\t\t\t\t\t\t\t\t\t\t\t\t\t\t\t\t\t\t<a href=\"mailto:info@mikariyer.com\" title=\"email\">\n\t\t\t\t\t\t\t\t\t\t\t\tinfo@mikariyer.com\t\t\t\t\t\t\t\t\t\t\t<\/a>\n\t\t\t\t\t\t\t\t\t\t\t\t\t\t\t\t\t<\/li>\n\t\t\t\t\t\t\t\t\t\t\t<\/ul>\n\n\t\t\t\t<\/div>\n\n\t\t\t<\/div>\n\n\t\t\t\t\t\t<\/div>\n\t\t\t\t<\/div>\n\t\t\t\t<div class=\"elementor-element elementor-element-259feb1 elementor-widget elementor-widget-infetech_elementor_contact_info\" data-id=\"259feb1\" data-element_type=\"widget\" data-widget_type=\"infetech_elementor_contact_info.default\">\n\t\t\t\t<div class=\"elementor-widget-container\">\n\t\t\t\t\t\t\t\t<div class=\"ova-contact-info template2\">\n\t\t\t\t\n\t\t\t\t\t\t\t\t\t\t\t\t\t\t\t<div class=\"circle\">\n\t\t\t\t\t\t\t<div class=\"icon\">\n\t\t\t\t\t\t\t\t<i class=\"far fa-map\"><\/i>\n\t\t\t\t\t\t\t<\/div>\n\t\t\t\t\t\t<\/div>\t\n\t\t\t\t    \t\t\t    \t\t\t\t\n\t\t\t\t<div class=\"contact\">\n\t\t\t\t\t\n\t\t\t\t\t\t\t\t\t\t\t<div class=\"label\">\n\t\t\t\t\t\t\t\u041d\u0430\u0448 \u0430\u0434\u0440\u0435\u0441\t\t\t\t\t\t<\/div>\n\t\t\t\t\t\n\t\t\t\t\t<ul class=\"info\">\n\t\t\t\t\t\t\t\t\t\t\t\t\t<li class=\"item\">\n\n\t\t\t\t\t\t\t\t<a href=\"https:\/\/maps.app.goo.gl\/HDJiQThZhUDnXWy77\" target=\"_blank\" title=\"338A \u0420\u0438\u0434\u0436\u0435\u043d\u0442\u0441-\u043f\u0430\u0440\u043a \u0420\u043e\u0443\u0434 \u041e\u0444\u0438\u0441\u044b 3 \u0438 4 \u041b\u043e\u043d\u0434\u043e\u043d \u0412\u0435\u043b\u0438\u043a\u043e\u0431\u0440\u0438\u0442\u0430\u043d\u0438\u044f N3 2LN\">338A \u0420\u0438\u0434\u0436\u0435\u043d\u0442\u0441-\u043f\u0430\u0440\u043a \u0420\u043e\u0443\u0434 \u041e\u0444\u0438\u0441\u044b 3 \u0438 4 \u041b\u043e\u043d\u0434\u043e\u043d \u0412\u0435\u043b\u0438\u043a\u043e\u0431\u0440\u0438\u0442\u0430\u043d\u0438\u044f N3 2LN<\/a>\t\t\t\t\t\t\t<\/li>\n\t\t\t\t\t\t\t\t\t\t\t<\/ul>\n\n\t\t\t\t<\/div>\n\n\t\t\t<\/div>\n\n\t\t\t\t\t\t<\/div>\n\t\t\t\t<\/div>\n\t\t\t\t\t<\/div>\n\t\t\t\t<\/div>\n\t\t\t\t\t<\/div>\n\t\t\t\t<\/div>\n\t\t\t\t<\/div>\n\t\t<\/div>\n\t\t\t\t\t\t<\/div>\n\t\t\t\t<\/div>\n\t\t\t\t<\/div>\n\t\t<div class=\"elementor-element elementor-element-eb83755 e-con-full e-flex e-con e-child\" data-id=\"eb83755\" data-element_type=\"container\">\n\t\t\t\t<div class=\"elementor-element elementor-element-e383b72 elementor-widget elementor-widget-infetech_elementor_heading\" data-id=\"e383b72\" data-element_type=\"widget\" data-widget_type=\"infetech_elementor_heading.default\">\n\t\t\t\t<div class=\"elementor-widget-container\">\n\t\t\t\t\t\n\t\t\t<div class=\"ova-heading\">\n\t\t\t\t\n\t\t\t\t\t\t\t\t\t<h2 class=\"sub-title\">\n\t\t\t\t\t\t<span class=\"underlined\"><\/span>\n\t\t\t\t\t\t\u041f\u0420\u041e\u0427\u0418\u0415 \u0423\u0421\u041b\u0423\u0413\u0418\t\t\t\t\t<\/h2>\t\n\t\t\t\t\n\t\t\t\t\n\t\t\t\t\t<h1 class=\"title\">\t\t\t\t\t\t\t\t\t\t\t\t\t<a href=\"https:\/\/mikariyer.com\/ru\/diger-hizmetlerimiz\/sosyal-adaptasyon\/\" title=\"\">INTEGRATIONSSERVICE<\/a>\n\t\t\t\t\t\t\t\t\t\t\t<\/h1>\n                \n                \n\t\t\t<\/div>\n\n\t\t\t\t\t\t<\/div>\n\t\t\t\t<\/div>\n\t\t\t\t<div class=\"elementor-element elementor-element-b94d576 elementor-blockquote--skin-boxed elementor-blockquote--align-center elementor-blockquote--button-color-official elementor-widget elementor-widget-blockquote\" data-id=\"b94d576\" data-element_type=\"widget\" data-widget_type=\"blockquote.default\">\n\t\t\t\t<div class=\"elementor-widget-container\">\n\t\t\t\t\t\t\t<blockquote class=\"elementor-blockquote\">\n\t\t\t<p class=\"elementor-blockquote__content\">\n\t\t\t\tMiKariyer Entegrasyon Deste\u011fi K\u00fclt\u00fcrel Uyumunuzda Yan\u0131n\u0131zda..\t\t\t<\/p>\n\t\t\t\t\t<\/blockquote>\n\t\t\t\t\t\t<\/div>\n\t\t\t\t<\/div>\n\t\t\t\t<div class=\"elementor-element elementor-element-5e05440 elementor-widget elementor-widget-text-editor\" data-id=\"5e05440\" data-element_type=\"widget\" data-widget_type=\"text-editor.default\">\n\t\t\t\t<div class=\"elementor-widget-container\">\n\t\t\t\t\t\t\t\t\t<p>Ein Neuanfang in einem anderen Land bedeutet mehr als einen Ortswechsel \u2013 es ist eine kulturelle, soziale und pers\u00f6nliche Umstellung. MiKariyer verwandelt diese Herausforderung in eine bereichernde Erfahrung.<\/p>\t\t\t\t\t\t\t\t<\/div>\n\t\t\t\t<\/div>\n\t\t\t\t<div class=\"elementor-element elementor-element-c973e65 elementor-widget elementor-widget-text-editor\" data-id=\"c973e65\" data-element_type=\"widget\" data-widget_type=\"text-editor.default\">\n\t\t\t\t<div class=\"elementor-widget-container\">\n\t\t\t\t\t\t\t\t\t<h5>Unsere Schwerpunkte im Bereich Integration<\/h5>\t\t\t\t\t\t\t\t<\/div>\n\t\t\t\t<\/div>\n\t\t\t\t<div class=\"elementor-element elementor-element-e62cf45 elementor-widget elementor-widget-text-editor\" data-id=\"e62cf45\" data-element_type=\"widget\" data-widget_type=\"text-editor.default\">\n\t\t\t\t<div class=\"elementor-widget-container\">\n\t\t\t\t\t\t\t\t\t<ul><li>Interaktion &amp; Teilhabe: Teilnahme an lokalen Veranstaltungen, Kontakt zu Communitys, soziale Eingliederung<\/li><li>Sprachliche Unterst\u00fctzung: Praktische Deutschf\u00f6rderung f\u00fcr Alltag und Beruf<\/li><li>Aufbau sozialer Netzwerke: Hilfe beim Aufbau neuer Freundschaften und Teilnahme an kulturellen Aktivit\u00e4ten<\/li><li>Kulturelle Orientierung: Vermittlung deutscher Werte, Gepflogenheiten und Lebensweisen durch qualifizierte Fachkr\u00e4fte<\/li><\/ul>\t\t\t\t\t\t\t\t<\/div>\n\t\t\t\t<\/div>\n\t\t\t\t<div class=\"elementor-element elementor-element-deb2d0f elementor-widget elementor-widget-image\" data-id=\"deb2d0f\" data-element_type=\"widget\" data-widget_type=\"image.default\">\n\t\t\t\t<div class=\"elementor-widget-container\">\n\t\t\t\t\t\t\t\t\t\t\t\t\t\t\t<img fetchpriority=\"high\" decoding=\"async\" width=\"800\" height=\"448\" src=\"https:\/\/mikariyer.com\/wp-content\/uploads\/2024\/09\/handshake-two-professionals-bright-modern-office-with-one-person-offering-confident-smile-other-reciprocating-symbolizing-successful-agreement-1024x574.jpg\" class=\"attachment-large size-large wp-image-18560\" alt=\"\" srcset=\"https:\/\/mikariyer.com\/wp-content\/uploads\/2024\/09\/handshake-two-professionals-bright-modern-office-with-one-person-offering-confident-smile-other-reciprocating-symbolizing-successful-agreement-1024x574.jpg 1024w, https:\/\/mikariyer.com\/wp-content\/uploads\/2024\/09\/handshake-two-professionals-bright-modern-office-with-one-person-offering-confident-smile-other-reciprocating-symbolizing-successful-agreement-300x168.jpg 300w, https:\/\/mikariyer.com\/wp-content\/uploads\/2024\/09\/handshake-two-professionals-bright-modern-office-with-one-person-offering-confident-smile-other-reciprocating-symbolizing-successful-agreement-768x430.jpg 768w, https:\/\/mikariyer.com\/wp-content\/uploads\/2024\/09\/handshake-two-professionals-bright-modern-office-with-one-person-offering-confident-smile-other-reciprocating-symbolizing-successful-agreement-1536x861.jpg 1536w, https:\/\/mikariyer.com\/wp-content\/uploads\/2024\/09\/handshake-two-professionals-bright-modern-office-with-one-person-offering-confident-smile-other-reciprocating-symbolizing-successful-agreement-2048x1148.jpg 2048w\" sizes=\"(max-width: 800px) 100vw, 800px\" \/>\t\t\t\t\t\t\t\t\t\t\t\t\t\t\t<\/div>\n\t\t\t\t<\/div>\n\t\t\t\t<div class=\"elementor-element elementor-element-ffec1c9 elementor-widget elementor-widget-text-editor\" data-id=\"ffec1c9\" data-element_type=\"widget\" data-widget_type=\"text-editor.default\">\n\t\t\t\t<div class=\"elementor-widget-container\">\n\t\t\t\t\t\t\t\t\t<h5>Unsere Angebote<\/h5>\t\t\t\t\t\t\t\t<\/div>\n\t\t\t\t<\/div>\n\t\t\t\t<div class=\"elementor-element elementor-element-7acb096 elementor-widget elementor-widget-text-editor\" data-id=\"7acb096\" data-element_type=\"widget\" data-widget_type=\"text-editor.default\">\n\t\t\t\t<div class=\"elementor-widget-container\">\n\t\t\t\t\t\t\t\t\t<ul><li>Individuelle Integrationspl\u00e4ne<\/li><li>Kulturelle Workshops und Freizeitprogramme<\/li><li>Sozialberatung bei pers\u00f6nlichen oder b\u00fcrokratischen Herausforderungen<\/li><\/ul>\t\t\t\t\t\t\t\t<\/div>\n\t\t\t\t<\/div>\n\t\t\t\t<div class=\"elementor-element elementor-element-9a19a97 elementor-blockquote--skin-boxed elementor-blockquote--align-center elementor-blockquote--button-color-official elementor-widget elementor-widget-blockquote\" data-id=\"9a19a97\" data-element_type=\"widget\" data-widget_type=\"blockquote.default\">\n\t\t\t\t<div class=\"elementor-widget-container\">\n\t\t\t\t\t\t\t<blockquote class=\"elementor-blockquote\">\n\t\t\t<p class=\"elementor-blockquote__content\">\n\t\t\t\tMiKariyer ile k\u00fclt\u00fcrel uyumunuzu g\u00fc\u00e7lendirin ve yeni bir hayata kendinizi haz\u0131r hissedin!\t\t\t<\/p>\n\t\t\t\t\t<\/blockquote>\n\t\t\t\t\t\t<\/div>\n\t\t\t\t<\/div>\n\t\t\t\t<div class=\"elementor-element elementor-element-40ca34c elementor-widget elementor-widget-text-editor\" data-id=\"40ca34c\" data-element_type=\"widget\" data-widget_type=\"text-editor.default\">\n\t\t\t\t<div class=\"elementor-widget-container\">\n\t\t\t\t\t\t\t\t\t<p><strong>Mit MiKariyer gelingt Ihnen der soziale und kulturelle Neustart in Deutschland \u2013 strukturiert, sicher und pers\u00f6nlich.<\/strong><\/p>\t\t\t\t\t\t\t\t<\/div>\n\t\t\t\t<\/div>\n\t\t\t\t<div class=\"elementor-element elementor-element-a573614 elementor-align-center elementor-widget elementor-widget-button\" data-id=\"a573614\" data-element_type=\"widget\" data-widget_type=\"button.default\">\n\t\t\t\t<div class=\"elementor-widget-container\">\n\t\t\t\t\t\t\t\t\t<div class=\"elementor-button-wrapper\">\n\t\t\t\t\t<a class=\"elementor-button elementor-button-link elementor-size-sm\" href=\"https:\/\/mikariyer.com\/ru\/iletisim\/\">\n\t\t\t\t\t\t<span class=\"elementor-button-content-wrapper\">\n\t\t\t\t\t\t\t\t\t<span class=\"elementor-button-text\">\u0421\u0432\u044f\u0436\u0438\u0442\u0435\u0441\u044c \u0441 \u043d\u0430\u043c\u0438<\/span>\n\t\t\t\t\t<\/span>\n\t\t\t\t\t<\/a>\n\t\t\t\t<\/div>\n\t\t\t\t\t\t\t\t<\/div>\n\t\t\t\t<\/div>\n\t\t\t\t<\/div>\n\t\t\t\t<\/div>\n\t\t\t\t<\/div>","protected":false},"excerpt":{"rendered":"<p>D\u0130\u011eER H\u0130ZMETLER\u0130M\u0130Z INTEGRATIONSSERVICE MiKariyer Entegrasyon Deste\u011fi K\u00fclt\u00fcrel Uyumunuzda Yan\u0131n\u0131zda.. Ein Neuanfang in einem anderen Land bedeutet mehr als einen Ortswechsel \u2013 es ist eine kulturelle, soziale und pers\u00f6nliche Umstellung. MiKariyer verwandelt diese Herausforderung in eine bereichernde Erfahrung. Unsere Schwerpunkte im Bereich Integration Interaktion &amp; Teilhabe: Teilnahme an lokalen Veranstaltungen, Kontakt zu Communitys, soziale Eingliederung Sprachliche [&hellip;]<\/p>\n","protected":false},"author":3,"featured_media":0,"parent":19453,"menu_order":5,"comment_status":"closed","ping_status":"closed","template":"","meta":{"footnotes":""},"class_list":["post-19508","page","type-page","status-publish","hentry"],"_links":{"self":[{"href":"https:\/\/mikariyer.com\/ru\/wp-json\/wp\/v2\/pages\/19508","targetHints":{"allow":["GET"]}}],"collection":[{"href":"https:\/\/mikariyer.com\/ru\/wp-json\/wp\/v2\/pages"}],"about":[{"href":"https:\/\/mikariyer.com\/ru\/wp-json\/wp\/v2\/types\/page"}],"author":[{"embeddable":true,"href":"https:\/\/mikariyer.com\/ru\/wp-json\/wp\/v2\/users\/3"}],"replies":[{"embeddable":true,"href":"https:\/\/mikariyer.com\/ru\/wp-json\/wp\/v2\/comments?post=19508"}],"version-history":[{"count":4,"href":"https:\/\/mikariyer.com\/ru\/wp-json\/wp\/v2\/pages\/19508\/revisions"}],"predecessor-version":[{"id":19515,"href":"https:\/\/mikariyer.com\/ru\/wp-json\/wp\/v2\/pages\/19508\/revisions\/19515"}],"up":[{"embeddable":true,"href":"https:\/\/mikariyer.com\/ru\/wp-json\/wp\/v2\/pages\/19453"}],"wp:attachment":[{"href":"https:\/\/mikariyer.com\/ru\/wp-json\/wp\/v2\/media?parent=19508"}],"curies":[{"name":"wp","href":"https:\/\/api.w.org\/{rel}","templated":true}]}}